{"id":957,"date":"2026-01-30T13:05:04","date_gmt":"2026-01-30T13:05:04","guid":{"rendered":"https:\/\/shops-usa.com\/?post_type=product&#038;p=957"},"modified":"2026-01-30T13:42:33","modified_gmt":"2026-01-30T13:42:33","slug":"hairmax-laserband-82-ssha-obruch-s-lazerom-dlya-rosta-volos","status":"publish","type":"product","link":"https:\/\/shops-usa.com\/trkm\/product\/hairmax-laserband-82-ssha-obruch-s-lazerom-dlya-rosta-volos\/","title":{"rendered":"HairMax LaserBand 82 (\u0421\u0428\u0410) \u041e\u0431\u0440\u0443\u0447 \u0441 \u043b\u0430\u0437\u0435\u0440\u043e\u043c \u0434\u043b\u044f \u0440\u043e\u0441\u0442\u0430 \u0432\u043e\u043b\u043e\u0441"},"content":{"rendered":"<p>Sa\u00e7y\u0148 k\u00f6pelmegi: Lazer bejergisi, i\u015fje\u0148le\u015fdirmek we sa\u00e7y\u0148 g\u00fc\u00fd\u00e7li \u00f6smegine k\u00f6mek etmek \u00fc\u00e7in sa\u00e7 follikulalaryna kislorod we \u00fdokumly maddalary iber\u00fd\u00e4n pes derejeli lazer bejergisini (LLLT) berip, fotobiostimul\u00fdasi\u00fda ulan\u00fdar. \u201cHairMax\u201d lazer kellesi 8 FDA \u015fahadatnamasy, 7 kliniki g\u00f6zleg, 14 halkara lukman\u00e7ylyk ygty\u00fdarnamasy we 6 ne\u015fir edilen lukman\u00e7ylyk joururnaly bilen tassyklan\u00fdar. \u201cHairMax\u201d lazer enjamy, alty a\u00fd yzygiderli ulanylandan so\u0148 orta\u00e7a ined\u00f6rd\u00fcl santimetrde 15 go\u015fma\u00e7a sa\u00e7 k\u00f6pelip, sa\u00e7y\u0148 ga\u00fdtadan dikeldilmegi kliniki ta\u00fddan subut edildi. \u00d6r\u00e4n amatly we g\u00f6\u00e7me, \u00f6\u00fdde-de, \u00fdolda-da ulanmak \u00fc\u00e7in ni\u00fdetlenendir. Batterye\u0148il batare\u00fda uzak zar\u00fdad ber\u00fd\u00e4r we g\u00f6termek a\u0148sat. I\u015flemek a\u0148sat. Zar\u00fdad beri\u015f stendini, batare\u00fdany, set \u015fnuruny, ulanyjy gollanmasyny we enjam kepilligini \u00f6z i\u00e7ine al\u00fdar. Lukman tarapyndan maslahat beril\u00fd\u00e4r: kliniki synaglarda ulanyjylar bary-\u00fdogy 3-6 a\u00fdy\u0148 i\u00e7inde g\u00f6r\u00fcn\u00fd\u00e4n netijeleri g\u00f6rd\u00fcler. 2000-nji \u00fdylda esaslandyrylan \u201cHairMax\u201d d\u00fcn\u00fd\u00e4de 1,8 milliondan gowrak enjam satdy we lazer bilen sa\u00e7 \u00f6sd\u00fcrip \u00fdeti\u015fdirmekde d\u00fcn\u00fd\u00e4de \u00f6\u0148debaryjy we \u00f6\u0148debaryjydyr. Lukmanlar nesil kellesini, erkek we a\u00fdal nagy\u015fly, menopauzany\u0148 derisini, \u00fda\u015f bilen baglany\u015fykly sa\u00e7 d\u00f6k\u00fclmegini we in\u00e7elmegini \u00f6z i\u00e7ine al\u00fdan androjenik alopezi\u00fdany bejermek \u00fc\u00e7in HairMax lazer enjamlaryny maslahat ber\u00fd\u00e4rler.<\/p>","protected":false},"excerpt":{"rendered":"<p>Lazerli sa\u00e7y\u0148 \u00f6smegi. Lazer bejergisi, pes derejeli lazer bejergisini \u00fcpj\u00fcn edip, fotobiostimul\u00fdasi\u00fdany \u00f6z i\u00e7ine al\u00fdar.<\/p>","protected":false},"featured_media":958,"comment_status":"open","ping_status":"closed","template":"","meta":[],"product_brand":[],"product_cat":[28],"product_tag":[],"class_list":{"0":"post-957","1":"product","2":"type-product","3":"status-publish","4":"has-post-thumbnail","6":"product_cat-hairmax","8":"first","9":"instock","10":"sale","11":"shipping-taxable","12":"purchasable","13":"product-type-simple"},"yoast_head":"<!-- This site is optimized with the Yoast SEO plugin v26.6 - https:\/\/yoast.com\/wordpress\/plugins\/seo\/ -->\n<title>HairMax LaserBand 82 (\u0421\u0428\u0410) \u041e\u0431\u0440\u0443\u0447 \u0441 \u043b\u0430\u0437\u0435\u0440\u043e\u043c \u0434\u043b\u044f \u0440\u043e\u0441\u0442\u0430 \u0432\u043e\u043b\u043e\u0441 - ShopsUSA<\/title>\n<meta name=\"robots\" content=\"index, follow, max-snippet:-1, max-image-preview:large, max-video-preview:-1\" \/>\n<link rel=\"canonical\" href=\"https:\/\/shops-usa.com\/trkm\/product\/hairmax-laserband-82-ssha-obruch-s-lazerom-dlya-rosta-volos\/?wmc-currency=TMT\" \/>\n<meta property=\"og:locale\" content=\"tr_TR\" \/>\n<meta property=\"og:type\" content=\"article\" \/>\n<meta property=\"og:title\" content=\"HairMax LaserBand 82 (\u0421\u0428\u0410) \u041e\u0431\u0440\u0443\u0447 \u0441 \u043b\u0430\u0437\u0435\u0440\u043e\u043c \u0434\u043b\u044f \u0440\u043e\u0441\u0442\u0430 \u0432\u043e\u043b\u043e\u0441 - ShopsUSA\" \/>\n<meta property=\"og:description\" content=\"\u041e\u0431\u0440\u0443\u0447 \u0441 \u043b\u0430\u0437\u0435\u0440\u043e\u043c \u0434\u043b\u044f \u0440\u043e\u0441\u0442\u0430 \u0432\u043e\u043b\u043e\u0441. \u041b\u0430\u0437\u0435\u0440\u043d\u043e\u0435 \u043b\u0435\u0447\u0435\u043d\u0438\u0435 \u043f\u0440\u043e\u0445\u043e\u0434\u0438\u0442 \u0447\u0435\u0440\u0435\u0437 \u043f\u0440\u043e\u0446\u0435\u0441\u0441 \u0444\u043e\u0442\u043e\u0431\u0438\u043e\u0441\u0442\u0438\u043c\u0443\u043b\u044f\u0446\u0438\u0438, \u043e\u0431\u0435\u0441\u043f\u0435\u0447\u0438\u0432\u0430\u044f \u043d\u0438\u0437\u043a\u043e\u0443\u0440\u043e\u0432\u043d\u0435\u0432\u0443\u044e \u043b\u0430\u0437\u0435\u0440\u043d\u0443\u044e \u0442\u0435\u0440\u0430\u043f\u0438\u044e.\" \/>\n<meta property=\"og:url\" content=\"https:\/\/shops-usa.com\/trkm\/product\/hairmax-laserband-82-ssha-obruch-s-lazerom-dlya-rosta-volos\/?wmc-currency=TMT\" \/>\n<meta property=\"og:site_name\" content=\"ShopsUSA\" \/>\n<meta property=\"article:modified_time\" content=\"2026-01-30T13:42:33+00:00\" \/>\n<meta property=\"og:image\" content=\"https:\/\/shops-usa.com\/wp-content\/uploads\/2026\/01\/51.jpg\" \/>\n\t<meta property=\"og:image:width\" content=\"921\" \/>\n\t<meta property=\"og:image:height\" content=\"1000\" \/>\n\t<meta property=\"og:image:type\" content=\"image\/jpeg\" \/>\n<meta name=\"twitter:card\" content=\"summary_large_image\" \/>\n<meta name=\"twitter:label1\" content=\"Est. reading time\" \/>\n\t<meta name=\"twitter:data1\" content=\"2 minutes\" \/>\n<script type=\"application\/ld+json\" class=\"yoast-schema-graph\">{\"@context\":\"https:\/\/schema.org\",\"@graph\":[{\"@type\":\"WebPage\",\"@id\":\"https:\/\/shops-usa.com\/product\/hairmax-laserband-82-ssha-obruch-s-lazerom-dlya-rosta-volos\/\",\"url\":\"https:\/\/shops-usa.com\/product\/hairmax-laserband-82-ssha-obruch-s-lazerom-dlya-rosta-volos\/\",\"name\":\"HairMax LaserBand 82 (\u0421\u0428\u0410) \u041e\u0431\u0440\u0443\u0447 \u0441 \u043b\u0430\u0437\u0435\u0440\u043e\u043c \u0434\u043b\u044f \u0440\u043e\u0441\u0442\u0430 \u0432\u043e\u043b\u043e\u0441 - ShopsUSA\",\"isPartOf\":{\"@id\":\"https:\/\/shops-usa.com\/#website\"},\"primaryImageOfPage\":{\"@id\":\"https:\/\/shops-usa.com\/product\/hairmax-laserband-82-ssha-obruch-s-lazerom-dlya-rosta-volos\/#primaryimage\"},\"image\":{\"@id\":\"https:\/\/shops-usa.com\/product\/hairmax-laserband-82-ssha-obruch-s-lazerom-dlya-rosta-volos\/#primaryimage\"},\"thumbnailUrl\":\"https:\/\/shops-usa.com\/wp-content\/uploads\/2026\/01\/51.jpg\",\"datePublished\":\"2026-01-30T13:05:04+00:00\",\"dateModified\":\"2026-01-30T13:42:33+00:00\",\"breadcrumb\":{\"@id\":\"https:\/\/shops-usa.com\/product\/hairmax-laserband-82-ssha-obruch-s-lazerom-dlya-rosta-volos\/#breadcrumb\"},\"inLanguage\":\"trkm\",\"potentialAction\":[{\"@type\":\"ReadAction\",\"target\":[\"https:\/\/shops-usa.com\/product\/hairmax-laserband-82-ssha-obruch-s-lazerom-dlya-rosta-volos\/\"]}]},{\"@type\":\"ImageObject\",\"inLanguage\":\"trkm\",\"@id\":\"https:\/\/shops-usa.com\/product\/hairmax-laserband-82-ssha-obruch-s-lazerom-dlya-rosta-volos\/#primaryimage\",\"url\":\"https:\/\/shops-usa.com\/wp-content\/uploads\/2026\/01\/51.jpg\",\"contentUrl\":\"https:\/\/shops-usa.com\/wp-content\/uploads\/2026\/01\/51.jpg\",\"width\":921,\"height\":1000},{\"@type\":\"BreadcrumbList\",\"@id\":\"https:\/\/shops-usa.com\/product\/hairmax-laserband-82-ssha-obruch-s-lazerom-dlya-rosta-volos\/#breadcrumb\",\"itemListElement\":[{\"@type\":\"ListItem\",\"position\":1,\"name\":\"Home\",\"item\":\"https:\/\/shops-usa.com\/\"},{\"@type\":\"ListItem\",\"position\":2,\"name\":\"\u041a\u0430\u0442\u0430\u043b\u043e\u0433\",\"item\":\"https:\/\/shops-usa.com\/catalogue\/\"},{\"@type\":\"ListItem\",\"position\":3,\"name\":\"HairMax LaserBand 82 (\u0421\u0428\u0410) \u041e\u0431\u0440\u0443\u0447 \u0441 \u043b\u0430\u0437\u0435\u0440\u043e\u043c \u0434\u043b\u044f \u0440\u043e\u0441\u0442\u0430 \u0432\u043e\u043b\u043e\u0441\"}]},{\"@type\":\"WebSite\",\"@id\":\"https:\/\/shops-usa.com\/#website\",\"url\":\"https:\/\/shops-usa.com\/\",\"name\":\"ShopsUSA\",\"description\":\"Quality products from USA\",\"publisher\":{\"@id\":\"https:\/\/shops-usa.com\/#organization\"},\"potentialAction\":[{\"@type\":\"SearchAction\",\"target\":{\"@type\":\"EntryPoint\",\"urlTemplate\":\"https:\/\/shops-usa.com\/?s={search_term_string}\"},\"query-input\":{\"@type\":\"PropertyValueSpecification\",\"valueRequired\":true,\"valueName\":\"search_term_string\"}}],\"inLanguage\":\"trkm\"},{\"@type\":\"Organization\",\"@id\":\"https:\/\/shops-usa.com\/#organization\",\"name\":\"SHOPS USA\",\"alternateName\":\"SHOPS\",\"url\":\"https:\/\/shops-usa.com\/\",\"logo\":{\"@type\":\"ImageObject\",\"inLanguage\":\"trkm\",\"@id\":\"https:\/\/shops-usa.com\/#\/schema\/logo\/image\/\",\"url\":\"https:\/\/shops-usa.com\/wp-content\/uploads\/2025\/12\/letter_final_white-1.png\",\"contentUrl\":\"https:\/\/shops-usa.com\/wp-content\/uploads\/2025\/12\/letter_final_white-1.png\",\"width\":1711,\"height\":1949,\"caption\":\"SHOPS USA\"},\"image\":{\"@id\":\"https:\/\/shops-usa.com\/#\/schema\/logo\/image\/\"}}]}<\/script>\n<!-- \/ Yoast SEO plugin. -->","yoast_head_json":{"title":"HairMax LaserBand 82 (\u0421\u0428\u0410) \u041e\u0431\u0440\u0443\u0447 \u0441 \u043b\u0430\u0437\u0435\u0440\u043e\u043c \u0434\u043b\u044f \u0440\u043e\u0441\u0442\u0430 \u0432\u043e\u043b\u043e\u0441 - ShopsUSA","robots":{"index":"index","follow":"follow","max-snippet":"max-snippet:-1","max-image-preview":"max-image-preview:large","max-video-preview":"max-video-preview:-1"},"canonical":"https:\/\/shops-usa.com\/trkm\/product\/hairmax-laserband-82-ssha-obruch-s-lazerom-dlya-rosta-volos\/?wmc-currency=TMT","og_locale":"tr_TR","og_type":"article","og_title":"HairMax LaserBand 82 (\u0421\u0428\u0410) \u041e\u0431\u0440\u0443\u0447 \u0441 \u043b\u0430\u0437\u0435\u0440\u043e\u043c \u0434\u043b\u044f \u0440\u043e\u0441\u0442\u0430 \u0432\u043e\u043b\u043e\u0441 - ShopsUSA","og_description":"\u041e\u0431\u0440\u0443\u0447 \u0441 \u043b\u0430\u0437\u0435\u0440\u043e\u043c \u0434\u043b\u044f \u0440\u043e\u0441\u0442\u0430 \u0432\u043e\u043b\u043e\u0441. \u041b\u0430\u0437\u0435\u0440\u043d\u043e\u0435 \u043b\u0435\u0447\u0435\u043d\u0438\u0435 \u043f\u0440\u043e\u0445\u043e\u0434\u0438\u0442 \u0447\u0435\u0440\u0435\u0437 \u043f\u0440\u043e\u0446\u0435\u0441\u0441 \u0444\u043e\u0442\u043e\u0431\u0438\u043e\u0441\u0442\u0438\u043c\u0443\u043b\u044f\u0446\u0438\u0438, \u043e\u0431\u0435\u0441\u043f\u0435\u0447\u0438\u0432\u0430\u044f \u043d\u0438\u0437\u043a\u043e\u0443\u0440\u043e\u0432\u043d\u0435\u0432\u0443\u044e \u043b\u0430\u0437\u0435\u0440\u043d\u0443\u044e \u0442\u0435\u0440\u0430\u043f\u0438\u044e.","og_url":"https:\/\/shops-usa.com\/trkm\/product\/hairmax-laserband-82-ssha-obruch-s-lazerom-dlya-rosta-volos\/?wmc-currency=TMT","og_site_name":"ShopsUSA","article_modified_time":"2026-01-30T13:42:33+00:00","og_image":[{"width":921,"height":1000,"url":"https:\/\/shops-usa.com\/wp-content\/uploads\/2026\/01\/51.jpg","type":"image\/jpeg"}],"twitter_card":"summary_large_image","twitter_misc":{"Est. reading time":"2 minutes"},"schema":{"@context":"https:\/\/schema.org","@graph":[{"@type":"WebPage","@id":"https:\/\/shops-usa.com\/product\/hairmax-laserband-82-ssha-obruch-s-lazerom-dlya-rosta-volos\/","url":"https:\/\/shops-usa.com\/product\/hairmax-laserband-82-ssha-obruch-s-lazerom-dlya-rosta-volos\/","name":"HairMax LaserBand 82 (\u0421\u0428\u0410) \u041e\u0431\u0440\u0443\u0447 \u0441 \u043b\u0430\u0437\u0435\u0440\u043e\u043c \u0434\u043b\u044f \u0440\u043e\u0441\u0442\u0430 \u0432\u043e\u043b\u043e\u0441 - ShopsUSA","isPartOf":{"@id":"https:\/\/shops-usa.com\/#website"},"primaryImageOfPage":{"@id":"https:\/\/shops-usa.com\/product\/hairmax-laserband-82-ssha-obruch-s-lazerom-dlya-rosta-volos\/#primaryimage"},"image":{"@id":"https:\/\/shops-usa.com\/product\/hairmax-laserband-82-ssha-obruch-s-lazerom-dlya-rosta-volos\/#primaryimage"},"thumbnailUrl":"https:\/\/shops-usa.com\/wp-content\/uploads\/2026\/01\/51.jpg","datePublished":"2026-01-30T13:05:04+00:00","dateModified":"2026-01-30T13:42:33+00:00","breadcrumb":{"@id":"https:\/\/shops-usa.com\/product\/hairmax-laserband-82-ssha-obruch-s-lazerom-dlya-rosta-volos\/#breadcrumb"},"inLanguage":"trkm","potentialAction":[{"@type":"ReadAction","target":["https:\/\/shops-usa.com\/product\/hairmax-laserband-82-ssha-obruch-s-lazerom-dlya-rosta-volos\/"]}]},{"@type":"ImageObject","inLanguage":"trkm","@id":"https:\/\/shops-usa.com\/product\/hairmax-laserband-82-ssha-obruch-s-lazerom-dlya-rosta-volos\/#primaryimage","url":"https:\/\/shops-usa.com\/wp-content\/uploads\/2026\/01\/51.jpg","contentUrl":"https:\/\/shops-usa.com\/wp-content\/uploads\/2026\/01\/51.jpg","width":921,"height":1000},{"@type":"BreadcrumbList","@id":"https:\/\/shops-usa.com\/product\/hairmax-laserband-82-ssha-obruch-s-lazerom-dlya-rosta-volos\/#breadcrumb","itemListElement":[{"@type":"ListItem","position":1,"name":"Home","item":"https:\/\/shops-usa.com\/"},{"@type":"ListItem","position":2,"name":"\u041a\u0430\u0442\u0430\u043b\u043e\u0433","item":"https:\/\/shops-usa.com\/catalogue\/"},{"@type":"ListItem","position":3,"name":"HairMax LaserBand 82 (\u0421\u0428\u0410) \u041e\u0431\u0440\u0443\u0447 \u0441 \u043b\u0430\u0437\u0435\u0440\u043e\u043c \u0434\u043b\u044f \u0440\u043e\u0441\u0442\u0430 \u0432\u043e\u043b\u043e\u0441"}]},{"@type":"WebSite","@id":"https:\/\/shops-usa.com\/#website","url":"https:\/\/shops-usa.com\/","name":"ShopsUSA","description":"Quality products from USA","publisher":{"@id":"https:\/\/shops-usa.com\/#organization"},"potentialAction":[{"@type":"SearchAction","target":{"@type":"EntryPoint","urlTemplate":"https:\/\/shops-usa.com\/?s={search_term_string}"},"query-input":{"@type":"PropertyValueSpecification","valueRequired":true,"valueName":"search_term_string"}}],"inLanguage":"trkm"},{"@type":"Organization","@id":"https:\/\/shops-usa.com\/#organization","name":"SHOPS USA","alternateName":"SHOPS","url":"https:\/\/shops-usa.com\/","logo":{"@type":"ImageObject","inLanguage":"trkm","@id":"https:\/\/shops-usa.com\/#\/schema\/logo\/image\/","url":"https:\/\/shops-usa.com\/wp-content\/uploads\/2025\/12\/letter_final_white-1.png","contentUrl":"https:\/\/shops-usa.com\/wp-content\/uploads\/2025\/12\/letter_final_white-1.png","width":1711,"height":1949,"caption":"SHOPS USA"},"image":{"@id":"https:\/\/shops-usa.com\/#\/schema\/logo\/image\/"}}]}},"_links":{"self":[{"href":"https:\/\/shops-usa.com\/trkm\/wp-json\/wp\/v2\/product\/957","targetHints":{"allow":["GET"]}}],"collection":[{"href":"https:\/\/shops-usa.com\/trkm\/wp-json\/wp\/v2\/product"}],"about":[{"href":"https:\/\/shops-usa.com\/trkm\/wp-json\/wp\/v2\/types\/product"}],"replies":[{"embeddable":true,"href":"https:\/\/shops-usa.com\/trkm\/wp-json\/wp\/v2\/comments?post=957"}],"wp:featuredmedia":[{"embeddable":true,"href":"https:\/\/shops-usa.com\/trkm\/wp-json\/wp\/v2\/media\/958"}],"wp:attachment":[{"href":"https:\/\/shops-usa.com\/trkm\/wp-json\/wp\/v2\/media?parent=957"}],"wp:term":[{"taxonomy":"product_brand","embeddable":true,"href":"https:\/\/shops-usa.com\/trkm\/wp-json\/wp\/v2\/product_brand?post=957"},{"taxonomy":"product_cat","embeddable":true,"href":"https:\/\/shops-usa.com\/trkm\/wp-json\/wp\/v2\/product_cat?post=957"},{"taxonomy":"product_tag","embeddable":true,"href":"https:\/\/shops-usa.com\/trkm\/wp-json\/wp\/v2\/product_tag?post=957"}],"curies":[{"name":"wp","href":"https:\/\/api.w.org\/{rel}","templated":true}]}}