{"id":64,"date":"2024-12-18T14:34:19","date_gmt":"2024-12-18T14:34:19","guid":{"rendered":"https:\/\/shops-usa.com\/?post_type=product&#038;p=64"},"modified":"2025-12-28T11:34:31","modified_gmt":"2025-12-28T11:34:31","slug":"massazher-gel-nuface-krem-i-applikator-dlya-mikrotokovoj-terapii-licza-ssha-nabor-nuface-trinity","status":"publish","type":"product","link":"https:\/\/shops-usa.com\/trkm\/product\/massazher-gel-nuface-krem-i-applikator-dlya-mikrotokovoj-terapii-licza-ssha-nabor-nuface-trinity\/","title":{"rendered":"Kit NuFACE Trinity (SUA): accesoriu pentru masaj ELLE, accesoriu LED, geant\u0103 cosmetic\u0103, gel, crem\u0103, ser \u0219i aplicator pentru terapie facial\u0103 cu microcurent"},"content":{"rendered":"<p>NuFACE Trinity \u00fd\u00fcz\u00fc\u0148 we bo\u00fdnu\u0148 uly \u00fderlerini (mikrokurrent bejergisi) \u00fduwa\u015flyk bilen h\u00f6weslendir\u00fd\u00e4r, \u00fd\u00fcz\u00fc\u0148 we bo\u00fdnu\u0148 konturyny we \u00e4he\u0148ini gowula\u015fdyrmaga k\u00f6mek ed\u00fd\u00e4r we in\u00e7e \u00e7yzyklary\u0148 we tegmilleri\u0148 g\u00f6r\u00fcnmegini azaltmaga k\u00f6mek ed\u00fd\u00e4r. \u201cTrinity -i\u0148 i\u0148 uly g\u00fc\u00fdji, \u00fd\u00f6neke\u00fd we du\u00fdgur diza\u00fdnynda bolup, isl\u00e4n wagty\u0148yz, islendik \u00fderde 5 minutlyk g\u00f6zellik bejergisini synap g\u00f6rm\u00e4ge m\u00fcmkin\u00e7ilik ber\u00fd\u00e4r. NuFACE Trinity a\u0148satlygy we amatlylygy bilen h\u00fcn\u00e4rli derini bejermegi\u0148 netijelerini aly\u0148. Garranymyzda bedenimizi\u0148 tebigy akymy ha\u00fdalla\u015fyp ba\u015fla\u00fdar (metabolizm \u00fdaly), derini\u0148 sarkmagyna we kontury\u0148 \u00fditmegine seb\u00e4p bol\u00fdar. Mikrokurrent, bedeni\u0148 tebigy akymyna me\u0148ze\u00fd\u00e4n we derrew we jemle\u00fdji netijeleri berip bil\u00fd\u00e4n k\u00f6\u015fe\u015fdiriji, pes derejeli tokdyr. NuFACE \u00fd\u00fcz we gyrmyzy azaltmak bejergileri FDA bilen arassalanan enjamlar bolup, \u00fdokary hilli \u00fcl\u0148\u00fclerde \u00f6nd\u00fcrilip, deri\u0148izi gowula\u015fdyrmak \u00fc\u00e7in d\u00f6redilip, g\u00fcn-g\u00fcnden i\u0148 gowy g\u00f6r\u00fcnip we du\u00fdup bilersi\u0148iz. Doly zar\u00fdadlanan enjam g\u00fcndelik ulanyly\u015fy bilen 5-20 minut 1-2 hepde dowam ed\u00fd\u00e4r. NuFACE toplumyna a\u015fakdakylar gir\u00fd\u00e4r:<\/p>\n<p class=\"translation-block\">NuFACE \u00dc\u00e7birlik \u00fd\u00fcz\u00fcni tonlamak enjamy<br>\nNuFace ELLE go\u015fundysy<br>\nNuFace LED go\u015fundy<br>\nNuFace Gel - 90ml<br>\nNuFace Serum - 150ml<br>\nNuFace kremi - 150ml<br>\nNuFace Applicator<br>\nNuFace markaly sumka<br>\nUlanyjy gollanmasy<br>\nZar\u00fdad beri\u015f bazasy<br>\nZar\u00fdad beriji<\/p>","protected":false},"excerpt":{"rendered":"<p>\u041c\u0430\u0441\u0441\u0430\u0436\u0435\u0440\u0438 NuFace Trinity, \u0433\u0435\u043b, \u043a\u0440\u0435\u043c \u0432\u0430 \u0430\u043f\u043f\u043b\u0438\u043a\u0430\u0442\u043e\u0440\u0438 \u043c\u0438\u043a\u0440\u043e\u043a\u0443\u0440\u0435\u043d\u0442. \u0411\u043e \u043e\u0441\u043e\u043d\u04e3 \u0432\u0430 \u0431\u0430\u0440\u043e\u04b3\u0430\u0442\u0438\u0438 NuFACE Trinity \u043d\u0430\u0442\u0438\u04b7\u0430\u04b3\u043e\u0438 \u0442\u0430\u0431\u043e\u0431\u0430\u0442\u04b3\u043e\u0438 \u043a\u0430\u0441\u0431\u0438\u0438 \u043d\u0438\u0433\u043e\u04b3\u0443\u0431\u0438\u043d\u0438 \u043f\u04ef\u0441\u0442\u0440\u043e \u0431\u0430 \u0434\u0430\u0441\u0442 \u043e\u0440\u0435\u0434.<\/p>","protected":false},"featured_media":779,"comment_status":"open","ping_status":"closed","template":"","meta":[],"product_brand":[],"product_cat":[29],"product_tag":[],"class_list":{"0":"post-64","1":"product","2":"type-product","3":"status-publish","4":"has-post-thumbnail","6":"product_cat-nuface","8":"first","9":"instock","10":"sale","11":"shipping-taxable","12":"purchasable","13":"product-type-simple"},"yoast_head":"<!-- This site is optimized with the Yoast SEO plugin v26.6 - https:\/\/yoast.com\/wordpress\/plugins\/seo\/ -->\n<title>\u041d\u0430\u0431\u043e\u0440 NuFACE Trinity (\u0421\u0428\u0410) \u041c\u0430\u0441\u0441\u0430\u0436\u0435\u0440 \u043d\u0430\u0441\u0430\u0434\u043a\u0430 ELLE, \u043d\u0430\u0441\u0430\u0434\u043a\u0430 LED, \u043a\u043e\u0441\u043c\u0435\u0442\u0438\u0447\u043a\u0430, \u0433\u0435\u043b\u044c, \u043a\u0440\u0435\u043c, \u0441\u044b\u0432\u043e\u0440\u043e\u0442\u043a\u0430, \u0430\u043f\u043f\u043b\u0438\u043a\u0430\u0442\u043e\u0440 \u0434\u043b\u044f \u043c\u0438\u043a\u0440\u043e\u0442\u043e\u043a\u043e\u0432\u043e\u0439 \u0442\u0435\u0440\u0430\u043f\u0438\u0438 \u043b\u0438\u0446\u0430 - ShopsUSA<\/title>\n<meta name=\"robots\" content=\"index, follow, max-snippet:-1, max-image-preview:large, max-video-preview:-1\" \/>\n<link rel=\"canonical\" href=\"https:\/\/shops-usa.com\/trkm\/product\/massazher-gel-nuface-krem-i-applikator-dlya-mikrotokovoj-terapii-licza-ssha-nabor-nuface-trinity\/?wmc-currency=TMT\" \/>\n<meta property=\"og:locale\" content=\"tr_TR\" \/>\n<meta property=\"og:type\" content=\"article\" \/>\n<meta property=\"og:title\" content=\"\u041d\u0430\u0431\u043e\u0440 NuFACE Trinity (\u0421\u0428\u0410) \u041c\u0430\u0441\u0441\u0430\u0436\u0435\u0440 \u043d\u0430\u0441\u0430\u0434\u043a\u0430 ELLE, \u043d\u0430\u0441\u0430\u0434\u043a\u0430 LED, \u043a\u043e\u0441\u043c\u0435\u0442\u0438\u0447\u043a\u0430, \u0433\u0435\u043b\u044c, \u043a\u0440\u0435\u043c, \u0441\u044b\u0432\u043e\u0440\u043e\u0442\u043a\u0430, \u0430\u043f\u043f\u043b\u0438\u043a\u0430\u0442\u043e\u0440 \u0434\u043b\u044f \u043c\u0438\u043a\u0440\u043e\u0442\u043e\u043a\u043e\u0432\u043e\u0439 \u0442\u0435\u0440\u0430\u043f\u0438\u0438 \u043b\u0438\u0446\u0430 - ShopsUSA\" \/>\n<meta property=\"og:description\" content=\"\u041c\u0430\u0441\u0441\u0430\u0436\u0435\u0440, \u0433\u0435\u043b\u044c NuFace, \u043a\u0440\u0435\u043c \u0438 \u0430\u043f\u043f\u043b\u0438\u043a\u0430\u0442\u043e\u0440 \u0434\u043b\u044f \u043c\u0438\u043a\u0440\u043e\u0442\u043e\u043a\u043e\u0432\u043e\u0439 \u0442\u0435\u0440\u0430\u043f\u0438\u0438 \u043b\u0438\u0446\u0430. \u041f\u043e\u043b\u0443\u0447\u0438\u0442\u0435 \u0440\u0435\u0437\u0443\u043b\u044c\u0442\u0430\u0442\u044b \u043f\u0440\u043e\u0444\u0435\u0441\u0441\u0438\u043e\u043d\u0430\u043b\u044c\u043d\u044b\u0445 \u043f\u0440\u043e\u0446\u0435\u0434\u0443\u0440 \u043f\u043e \u0443\u0445\u043e\u0434\u0443 \u0437\u0430 \u043a\u043e\u0436\u0435\u0439 \u0441 \u043b\u0435\u0433\u043a\u043e\u0441\u0442\u044c\u044e \u0438 \u0443\u0434\u043e\u0431\u0441\u0442\u0432\u043e\u043c NuFACE Trinity.\" \/>\n<meta property=\"og:url\" content=\"https:\/\/shops-usa.com\/trkm\/product\/massazher-gel-nuface-krem-i-applikator-dlya-mikrotokovoj-terapii-licza-ssha-nabor-nuface-trinity\/?wmc-currency=TMT\" \/>\n<meta property=\"og:site_name\" content=\"ShopsUSA\" \/>\n<meta property=\"article:modified_time\" content=\"2025-12-28T11:34:31+00:00\" \/>\n<meta property=\"og:image\" content=\"https:\/\/shops-usa.com\/wp-content\/uploads\/2024\/12\/71.jpg\" \/>\n\t<meta property=\"og:image:width\" content=\"1263\" \/>\n\t<meta property=\"og:image:height\" content=\"1141\" \/>\n\t<meta property=\"og:image:type\" content=\"image\/jpeg\" \/>\n<meta name=\"twitter:card\" content=\"summary_large_image\" \/>\n<script type=\"application\/ld+json\" class=\"yoast-schema-graph\">{\"@context\":\"https:\/\/schema.org\",\"@graph\":[{\"@type\":\"WebPage\",\"@id\":\"https:\/\/shops-usa.com\/product\/massazher-gel-nuface-krem-i-applikator-dlya-mikrotokovoj-terapii-licza-ssha-nabor-nuface-trinity\/\",\"url\":\"https:\/\/shops-usa.com\/product\/massazher-gel-nuface-krem-i-applikator-dlya-mikrotokovoj-terapii-licza-ssha-nabor-nuface-trinity\/\",\"name\":\"\u041d\u0430\u0431\u043e\u0440 NuFACE Trinity (\u0421\u0428\u0410) \u041c\u0430\u0441\u0441\u0430\u0436\u0435\u0440 \u043d\u0430\u0441\u0430\u0434\u043a\u0430 ELLE, \u043d\u0430\u0441\u0430\u0434\u043a\u0430 LED, \u043a\u043e\u0441\u043c\u0435\u0442\u0438\u0447\u043a\u0430, \u0433\u0435\u043b\u044c, \u043a\u0440\u0435\u043c, \u0441\u044b\u0432\u043e\u0440\u043e\u0442\u043a\u0430, \u0430\u043f\u043f\u043b\u0438\u043a\u0430\u0442\u043e\u0440 \u0434\u043b\u044f \u043c\u0438\u043a\u0440\u043e\u0442\u043e\u043a\u043e\u0432\u043e\u0439 \u0442\u0435\u0440\u0430\u043f\u0438\u0438 \u043b\u0438\u0446\u0430 - ShopsUSA\",\"isPartOf\":{\"@id\":\"https:\/\/shops-usa.com\/#website\"},\"primaryImageOfPage\":{\"@id\":\"https:\/\/shops-usa.com\/product\/massazher-gel-nuface-krem-i-applikator-dlya-mikrotokovoj-terapii-licza-ssha-nabor-nuface-trinity\/#primaryimage\"},\"image\":{\"@id\":\"https:\/\/shops-usa.com\/product\/massazher-gel-nuface-krem-i-applikator-dlya-mikrotokovoj-terapii-licza-ssha-nabor-nuface-trinity\/#primaryimage\"},\"thumbnailUrl\":\"https:\/\/shops-usa.com\/wp-content\/uploads\/2024\/12\/71.jpg\",\"datePublished\":\"2024-12-18T14:34:19+00:00\",\"dateModified\":\"2025-12-28T11:34:31+00:00\",\"breadcrumb\":{\"@id\":\"https:\/\/shops-usa.com\/product\/massazher-gel-nuface-krem-i-applikator-dlya-mikrotokovoj-terapii-licza-ssha-nabor-nuface-trinity\/#breadcrumb\"},\"inLanguage\":\"trkm\",\"potentialAction\":[{\"@type\":\"ReadAction\",\"target\":[\"https:\/\/shops-usa.com\/product\/massazher-gel-nuface-krem-i-applikator-dlya-mikrotokovoj-terapii-licza-ssha-nabor-nuface-trinity\/\"]}]},{\"@type\":\"ImageObject\",\"inLanguage\":\"trkm\",\"@id\":\"https:\/\/shops-usa.com\/product\/massazher-gel-nuface-krem-i-applikator-dlya-mikrotokovoj-terapii-licza-ssha-nabor-nuface-trinity\/#primaryimage\",\"url\":\"https:\/\/shops-usa.com\/wp-content\/uploads\/2024\/12\/71.jpg\",\"contentUrl\":\"https:\/\/shops-usa.com\/wp-content\/uploads\/2024\/12\/71.jpg\",\"width\":1263,\"height\":1141},{\"@type\":\"BreadcrumbList\",\"@id\":\"https:\/\/shops-usa.com\/product\/massazher-gel-nuface-krem-i-applikator-dlya-mikrotokovoj-terapii-licza-ssha-nabor-nuface-trinity\/#breadcrumb\",\"itemListElement\":[{\"@type\":\"ListItem\",\"position\":1,\"name\":\"Home\",\"item\":\"https:\/\/shops-usa.com\/\"},{\"@type\":\"ListItem\",\"position\":2,\"name\":\"\u041a\u0430\u0442\u0430\u043b\u043e\u0433\",\"item\":\"https:\/\/shops-usa.com\/catalogue\/\"},{\"@type\":\"ListItem\",\"position\":3,\"name\":\"\u041d\u0430\u0431\u043e\u0440 NuFACE Trinity (\u0421\u0428\u0410) \u041c\u0430\u0441\u0441\u0430\u0436\u0435\u0440 \u043d\u0430\u0441\u0430\u0434\u043a\u0430 ELLE, \u043d\u0430\u0441\u0430\u0434\u043a\u0430 LED, \u043a\u043e\u0441\u043c\u0435\u0442\u0438\u0447\u043a\u0430, \u0433\u0435\u043b\u044c, \u043a\u0440\u0435\u043c, \u0441\u044b\u0432\u043e\u0440\u043e\u0442\u043a\u0430, \u0430\u043f\u043f\u043b\u0438\u043a\u0430\u0442\u043e\u0440 \u0434\u043b\u044f \u043c\u0438\u043a\u0440\u043e\u0442\u043e\u043a\u043e\u0432\u043e\u0439 \u0442\u0435\u0440\u0430\u043f\u0438\u0438 \u043b\u0438\u0446\u0430\"}]},{\"@type\":\"WebSite\",\"@id\":\"https:\/\/shops-usa.com\/#website\",\"url\":\"https:\/\/shops-usa.com\/\",\"name\":\"ShopsUSA\",\"description\":\"Quality products from USA\",\"publisher\":{\"@id\":\"https:\/\/shops-usa.com\/#organization\"},\"potentialAction\":[{\"@type\":\"SearchAction\",\"target\":{\"@type\":\"EntryPoint\",\"urlTemplate\":\"https:\/\/shops-usa.com\/?s={search_term_string}\"},\"query-input\":{\"@type\":\"PropertyValueSpecification\",\"valueRequired\":true,\"valueName\":\"search_term_string\"}}],\"inLanguage\":\"trkm\"},{\"@type\":\"Organization\",\"@id\":\"https:\/\/shops-usa.com\/#organization\",\"name\":\"SHOPS USA\",\"alternateName\":\"SHOPS\",\"url\":\"https:\/\/shops-usa.com\/\",\"logo\":{\"@type\":\"ImageObject\",\"inLanguage\":\"trkm\",\"@id\":\"https:\/\/shops-usa.com\/#\/schema\/logo\/image\/\",\"url\":\"https:\/\/shops-usa.com\/wp-content\/uploads\/2025\/12\/letter_final_white-1.png\",\"contentUrl\":\"https:\/\/shops-usa.com\/wp-content\/uploads\/2025\/12\/letter_final_white-1.png\",\"width\":1711,\"height\":1949,\"caption\":\"SHOPS USA\"},\"image\":{\"@id\":\"https:\/\/shops-usa.com\/#\/schema\/logo\/image\/\"}}]}<\/script>\n<!-- \/ Yoast SEO plugin. -->","yoast_head_json":{"title":"\u041d\u0430\u0431\u043e\u0440 NuFACE Trinity (\u0421\u0428\u0410) \u041c\u0430\u0441\u0441\u0430\u0436\u0435\u0440 \u043d\u0430\u0441\u0430\u0434\u043a\u0430 ELLE, \u043d\u0430\u0441\u0430\u0434\u043a\u0430 LED, \u043a\u043e\u0441\u043c\u0435\u0442\u0438\u0447\u043a\u0430, \u0433\u0435\u043b\u044c, \u043a\u0440\u0435\u043c, \u0441\u044b\u0432\u043e\u0440\u043e\u0442\u043a\u0430, \u0430\u043f\u043f\u043b\u0438\u043a\u0430\u0442\u043e\u0440 \u0434\u043b\u044f \u043c\u0438\u043a\u0440\u043e\u0442\u043e\u043a\u043e\u0432\u043e\u0439 \u0442\u0435\u0440\u0430\u043f\u0438\u0438 \u043b\u0438\u0446\u0430 - ShopsUSA","robots":{"index":"index","follow":"follow","max-snippet":"max-snippet:-1","max-image-preview":"max-image-preview:large","max-video-preview":"max-video-preview:-1"},"canonical":"https:\/\/shops-usa.com\/trkm\/product\/massazher-gel-nuface-krem-i-applikator-dlya-mikrotokovoj-terapii-licza-ssha-nabor-nuface-trinity\/?wmc-currency=TMT","og_locale":"tr_TR","og_type":"article","og_title":"\u041d\u0430\u0431\u043e\u0440 NuFACE Trinity (\u0421\u0428\u0410) \u041c\u0430\u0441\u0441\u0430\u0436\u0435\u0440 \u043d\u0430\u0441\u0430\u0434\u043a\u0430 ELLE, \u043d\u0430\u0441\u0430\u0434\u043a\u0430 LED, \u043a\u043e\u0441\u043c\u0435\u0442\u0438\u0447\u043a\u0430, \u0433\u0435\u043b\u044c, \u043a\u0440\u0435\u043c, \u0441\u044b\u0432\u043e\u0440\u043e\u0442\u043a\u0430, \u0430\u043f\u043f\u043b\u0438\u043a\u0430\u0442\u043e\u0440 \u0434\u043b\u044f \u043c\u0438\u043a\u0440\u043e\u0442\u043e\u043a\u043e\u0432\u043e\u0439 \u0442\u0435\u0440\u0430\u043f\u0438\u0438 \u043b\u0438\u0446\u0430 - ShopsUSA","og_description":"\u041c\u0430\u0441\u0441\u0430\u0436\u0435\u0440, \u0433\u0435\u043b\u044c NuFace, \u043a\u0440\u0435\u043c \u0438 \u0430\u043f\u043f\u043b\u0438\u043a\u0430\u0442\u043e\u0440 \u0434\u043b\u044f \u043c\u0438\u043a\u0440\u043e\u0442\u043e\u043a\u043e\u0432\u043e\u0439 \u0442\u0435\u0440\u0430\u043f\u0438\u0438 \u043b\u0438\u0446\u0430. \u041f\u043e\u043b\u0443\u0447\u0438\u0442\u0435 \u0440\u0435\u0437\u0443\u043b\u044c\u0442\u0430\u0442\u044b \u043f\u0440\u043e\u0444\u0435\u0441\u0441\u0438\u043e\u043d\u0430\u043b\u044c\u043d\u044b\u0445 \u043f\u0440\u043e\u0446\u0435\u0434\u0443\u0440 \u043f\u043e \u0443\u0445\u043e\u0434\u0443 \u0437\u0430 \u043a\u043e\u0436\u0435\u0439 \u0441 \u043b\u0435\u0433\u043a\u043e\u0441\u0442\u044c\u044e \u0438 \u0443\u0434\u043e\u0431\u0441\u0442\u0432\u043e\u043c NuFACE Trinity.","og_url":"https:\/\/shops-usa.com\/trkm\/product\/massazher-gel-nuface-krem-i-applikator-dlya-mikrotokovoj-terapii-licza-ssha-nabor-nuface-trinity\/?wmc-currency=TMT","og_site_name":"ShopsUSA","article_modified_time":"2025-12-28T11:34:31+00:00","og_image":[{"width":1263,"height":1141,"url":"https:\/\/shops-usa.com\/wp-content\/uploads\/2024\/12\/71.jpg","type":"image\/jpeg"}],"twitter_card":"summary_large_image","schema":{"@context":"https:\/\/schema.org","@graph":[{"@type":"WebPage","@id":"https:\/\/shops-usa.com\/product\/massazher-gel-nuface-krem-i-applikator-dlya-mikrotokovoj-terapii-licza-ssha-nabor-nuface-trinity\/","url":"https:\/\/shops-usa.com\/product\/massazher-gel-nuface-krem-i-applikator-dlya-mikrotokovoj-terapii-licza-ssha-nabor-nuface-trinity\/","name":"\u041d\u0430\u0431\u043e\u0440 NuFACE Trinity (\u0421\u0428\u0410) \u041c\u0430\u0441\u0441\u0430\u0436\u0435\u0440 \u043d\u0430\u0441\u0430\u0434\u043a\u0430 ELLE, \u043d\u0430\u0441\u0430\u0434\u043a\u0430 LED, \u043a\u043e\u0441\u043c\u0435\u0442\u0438\u0447\u043a\u0430, \u0433\u0435\u043b\u044c, \u043a\u0440\u0435\u043c, \u0441\u044b\u0432\u043e\u0440\u043e\u0442\u043a\u0430, \u0430\u043f\u043f\u043b\u0438\u043a\u0430\u0442\u043e\u0440 \u0434\u043b\u044f \u043c\u0438\u043a\u0440\u043e\u0442\u043e\u043a\u043e\u0432\u043e\u0439 \u0442\u0435\u0440\u0430\u043f\u0438\u0438 \u043b\u0438\u0446\u0430 - ShopsUSA","isPartOf":{"@id":"https:\/\/shops-usa.com\/#website"},"primaryImageOfPage":{"@id":"https:\/\/shops-usa.com\/product\/massazher-gel-nuface-krem-i-applikator-dlya-mikrotokovoj-terapii-licza-ssha-nabor-nuface-trinity\/#primaryimage"},"image":{"@id":"https:\/\/shops-usa.com\/product\/massazher-gel-nuface-krem-i-applikator-dlya-mikrotokovoj-terapii-licza-ssha-nabor-nuface-trinity\/#primaryimage"},"thumbnailUrl":"https:\/\/shops-usa.com\/wp-content\/uploads\/2024\/12\/71.jpg","datePublished":"2024-12-18T14:34:19+00:00","dateModified":"2025-12-28T11:34:31+00:00","breadcrumb":{"@id":"https:\/\/shops-usa.com\/product\/massazher-gel-nuface-krem-i-applikator-dlya-mikrotokovoj-terapii-licza-ssha-nabor-nuface-trinity\/#breadcrumb"},"inLanguage":"trkm","potentialAction":[{"@type":"ReadAction","target":["https:\/\/shops-usa.com\/product\/massazher-gel-nuface-krem-i-applikator-dlya-mikrotokovoj-terapii-licza-ssha-nabor-nuface-trinity\/"]}]},{"@type":"ImageObject","inLanguage":"trkm","@id":"https:\/\/shops-usa.com\/product\/massazher-gel-nuface-krem-i-applikator-dlya-mikrotokovoj-terapii-licza-ssha-nabor-nuface-trinity\/#primaryimage","url":"https:\/\/shops-usa.com\/wp-content\/uploads\/2024\/12\/71.jpg","contentUrl":"https:\/\/shops-usa.com\/wp-content\/uploads\/2024\/12\/71.jpg","width":1263,"height":1141},{"@type":"BreadcrumbList","@id":"https:\/\/shops-usa.com\/product\/massazher-gel-nuface-krem-i-applikator-dlya-mikrotokovoj-terapii-licza-ssha-nabor-nuface-trinity\/#breadcrumb","itemListElement":[{"@type":"ListItem","position":1,"name":"Home","item":"https:\/\/shops-usa.com\/"},{"@type":"ListItem","position":2,"name":"\u041a\u0430\u0442\u0430\u043b\u043e\u0433","item":"https:\/\/shops-usa.com\/catalogue\/"},{"@type":"ListItem","position":3,"name":"\u041d\u0430\u0431\u043e\u0440 NuFACE Trinity (\u0421\u0428\u0410) \u041c\u0430\u0441\u0441\u0430\u0436\u0435\u0440 \u043d\u0430\u0441\u0430\u0434\u043a\u0430 ELLE, \u043d\u0430\u0441\u0430\u0434\u043a\u0430 LED, \u043a\u043e\u0441\u043c\u0435\u0442\u0438\u0447\u043a\u0430, \u0433\u0435\u043b\u044c, \u043a\u0440\u0435\u043c, \u0441\u044b\u0432\u043e\u0440\u043e\u0442\u043a\u0430, \u0430\u043f\u043f\u043b\u0438\u043a\u0430\u0442\u043e\u0440 \u0434\u043b\u044f \u043c\u0438\u043a\u0440\u043e\u0442\u043e\u043a\u043e\u0432\u043e\u0439 \u0442\u0435\u0440\u0430\u043f\u0438\u0438 \u043b\u0438\u0446\u0430"}]},{"@type":"WebSite","@id":"https:\/\/shops-usa.com\/#website","url":"https:\/\/shops-usa.com\/","name":"ShopsUSA","description":"Quality products from USA","publisher":{"@id":"https:\/\/shops-usa.com\/#organization"},"potentialAction":[{"@type":"SearchAction","target":{"@type":"EntryPoint","urlTemplate":"https:\/\/shops-usa.com\/?s={search_term_string}"},"query-input":{"@type":"PropertyValueSpecification","valueRequired":true,"valueName":"search_term_string"}}],"inLanguage":"trkm"},{"@type":"Organization","@id":"https:\/\/shops-usa.com\/#organization","name":"SHOPS USA","alternateName":"SHOPS","url":"https:\/\/shops-usa.com\/","logo":{"@type":"ImageObject","inLanguage":"trkm","@id":"https:\/\/shops-usa.com\/#\/schema\/logo\/image\/","url":"https:\/\/shops-usa.com\/wp-content\/uploads\/2025\/12\/letter_final_white-1.png","contentUrl":"https:\/\/shops-usa.com\/wp-content\/uploads\/2025\/12\/letter_final_white-1.png","width":1711,"height":1949,"caption":"SHOPS USA"},"image":{"@id":"https:\/\/shops-usa.com\/#\/schema\/logo\/image\/"}}]}},"_links":{"self":[{"href":"https:\/\/shops-usa.com\/trkm\/wp-json\/wp\/v2\/product\/64","targetHints":{"allow":["GET"]}}],"collection":[{"href":"https:\/\/shops-usa.com\/trkm\/wp-json\/wp\/v2\/product"}],"about":[{"href":"https:\/\/shops-usa.com\/trkm\/wp-json\/wp\/v2\/types\/product"}],"replies":[{"embeddable":true,"href":"https:\/\/shops-usa.com\/trkm\/wp-json\/wp\/v2\/comments?post=64"}],"wp:featuredmedia":[{"embeddable":true,"href":"https:\/\/shops-usa.com\/trkm\/wp-json\/wp\/v2\/media\/779"}],"wp:attachment":[{"href":"https:\/\/shops-usa.com\/trkm\/wp-json\/wp\/v2\/media?parent=64"}],"wp:term":[{"taxonomy":"product_brand","embeddable":true,"href":"https:\/\/shops-usa.com\/trkm\/wp-json\/wp\/v2\/product_brand?post=64"},{"taxonomy":"product_cat","embeddable":true,"href":"https:\/\/shops-usa.com\/trkm\/wp-json\/wp\/v2\/product_cat?post=64"},{"taxonomy":"product_tag","embeddable":true,"href":"https:\/\/shops-usa.com\/trkm\/wp-json\/wp\/v2\/product_tag?post=64"}],"curies":[{"name":"wp","href":"https:\/\/api.w.org\/{rel}","templated":true}]}}