{"id":44,"date":"2024-12-18T14:34:16","date_gmt":"2024-12-18T14:34:16","guid":{"rendered":"https:\/\/shops-usa.com\/?post_type=product&#038;p=44"},"modified":"2025-09-17T12:51:47","modified_gmt":"2025-09-17T12:51:47","slug":"kompressionnyj-massazher-dlya-nog-s-podogrevom-ssha-reathlete","status":"publish","type":"product","link":"https:\/\/shops-usa.com\/trkm\/product\/kompressionnyj-massazher-dlya-nog-s-podogrevom-ssha-reathlete\/","title":{"rendered":"Gyzdyrylan gysy\u015f a\u00fdak massaager\u00e7ysy Reathlete (AB\u015e)"},"content":{"rendered":"<p class=\"translation-block\">- 4 massaj rejesi <br>\n- 3 intensiwlik derejesi <br>\n- gysy\u015f massaager\u00e7ysy <br>\n- \u00fdylylyk bejergisi <br>\n- a\u00fdaklar, a\u00fdaklar, g\u00f6leler, dyzlar we budlar <br>\n- \u00e7i\u015fmegi we \u00e7i\u015fmegi a\u00fdyr\u00fdar <br>\n- a\u00fdaklarda a\u00fdlany\u015fygy gowulandyr\u00fdar <br>\n- artykma\u00e7 s\u00fc\u00fdt kislotasyny akdyr\u00fdar\n- bo\u00fdy 155-188 sm bolan adamlar \u00fc\u00e7in amatly. <br>\n- 70 sm \u00e7enli budlar \u00fc\u00e7in. <br>\n- intensiwligi, temperaturany we massa mode re modeimini sazlamak \u00fc\u00e7in uzakdan dolandyrmak <br>\n- ta\u00fdmer <br>\n- sakla\u00fdan we g\u00f6ter\u00fd\u00e4n sumkany \u00f6z i\u00e7ine al\u00fdar<\/p>","protected":false},"excerpt":{"rendered":"<p>4 massaj reesimi we 3 intensiwlik derejesi bilen gyzdyrylan gysy\u015f a\u00fdak massaager\u00e7ysy<\/p>","protected":false},"featured_media":76,"comment_status":"open","ping_status":"closed","template":"","meta":[],"product_brand":[],"product_cat":[18],"product_tag":[],"class_list":{"0":"post-44","1":"product","2":"type-product","3":"status-publish","4":"has-post-thumbnail","6":"product_cat-reathlete","8":"first","9":"instock","10":"sale","11":"shipping-taxable","12":"purchasable","13":"product-type-simple"},"yoast_head":"<!-- This site is optimized with the Yoast SEO plugin v26.6 - https:\/\/yoast.com\/wordpress\/plugins\/seo\/ -->\n<title>\u041a\u043e\u043c\u043f\u0440\u0435\u0441\u0441\u0438\u043e\u043d\u043d\u044b\u0439 \u043c\u0430\u0441\u0441\u0430\u0436\u0435\u0440 \u0434\u043b\u044f \u043d\u043e\u0433 \u0441 \u043f\u043e\u0434\u043e\u0433\u0440\u0435\u0432\u043e\u043c (\u0421\u0428\u0410) Reathlete - ShopsUSA<\/title>\n<meta name=\"robots\" content=\"index, follow, max-snippet:-1, max-image-preview:large, max-video-preview:-1\" \/>\n<link rel=\"canonical\" href=\"https:\/\/shops-usa.com\/trkm\/product\/kompressionnyj-massazher-dlya-nog-s-podogrevom-ssha-reathlete\/?wmc-currency=TMT\" \/>\n<meta property=\"og:locale\" content=\"tr_TR\" \/>\n<meta property=\"og:type\" content=\"article\" \/>\n<meta property=\"og:title\" content=\"\u041a\u043e\u043c\u043f\u0440\u0435\u0441\u0441\u0438\u043e\u043d\u043d\u044b\u0439 \u043c\u0430\u0441\u0441\u0430\u0436\u0435\u0440 \u0434\u043b\u044f \u043d\u043e\u0433 \u0441 \u043f\u043e\u0434\u043e\u0433\u0440\u0435\u0432\u043e\u043c (\u0421\u0428\u0410) Reathlete - ShopsUSA\" \/>\n<meta property=\"og:description\" content=\"\u041a\u043e\u043c\u043f\u0440\u0435\u0441\u0441\u0438\u043e\u043d\u043d\u044b\u0439 \u043c\u0430\u0441\u0441\u0430\u0436\u0435\u0440 \u0434\u043b\u044f \u043d\u043e\u0433 \u0441 \u043f\u043e\u0434\u043e\u0433\u0440\u0435\u0432\u043e\u043c. 4 \u0440\u0435\u0436\u0438\u043c\u0430 \u043c\u0430\u0441\u0441\u0430\u0436\u0430 \u0438 3 \u0443\u0440\u043e\u0432\u043d\u044f \u0438\u043d\u0442\u0435\u043d\u0441\u0438\u0432\u043d\u043e\u0441\u0442\u0438\" \/>\n<meta property=\"og:url\" content=\"https:\/\/shops-usa.com\/trkm\/product\/kompressionnyj-massazher-dlya-nog-s-podogrevom-ssha-reathlete\/?wmc-currency=TMT\" \/>\n<meta property=\"og:site_name\" content=\"ShopsUSA\" \/>\n<meta property=\"article:modified_time\" content=\"2025-09-17T12:51:47+00:00\" \/>\n<meta property=\"og:image\" content=\"https:\/\/shops-usa.com\/wp-content\/uploads\/2024\/12\/1-2.jpg\" \/>\n\t<meta property=\"og:image:width\" content=\"1500\" \/>\n\t<meta property=\"og:image:height\" content=\"1498\" \/>\n\t<meta property=\"og:image:type\" content=\"image\/jpeg\" \/>\n<meta name=\"twitter:card\" content=\"summary_large_image\" \/>\n<script type=\"application\/ld+json\" class=\"yoast-schema-graph\">{\"@context\":\"https:\/\/schema.org\",\"@graph\":[{\"@type\":\"WebPage\",\"@id\":\"https:\/\/shops-usa.com\/product\/kompressionnyj-massazher-dlya-nog-s-podogrevom-ssha-reathlete\/\",\"url\":\"https:\/\/shops-usa.com\/product\/kompressionnyj-massazher-dlya-nog-s-podogrevom-ssha-reathlete\/\",\"name\":\"\u041a\u043e\u043c\u043f\u0440\u0435\u0441\u0441\u0438\u043e\u043d\u043d\u044b\u0439 \u043c\u0430\u0441\u0441\u0430\u0436\u0435\u0440 \u0434\u043b\u044f \u043d\u043e\u0433 \u0441 \u043f\u043e\u0434\u043e\u0433\u0440\u0435\u0432\u043e\u043c (\u0421\u0428\u0410) Reathlete - ShopsUSA\",\"isPartOf\":{\"@id\":\"https:\/\/shops-usa.com\/#website\"},\"primaryImageOfPage\":{\"@id\":\"https:\/\/shops-usa.com\/product\/kompressionnyj-massazher-dlya-nog-s-podogrevom-ssha-reathlete\/#primaryimage\"},\"image\":{\"@id\":\"https:\/\/shops-usa.com\/product\/kompressionnyj-massazher-dlya-nog-s-podogrevom-ssha-reathlete\/#primaryimage\"},\"thumbnailUrl\":\"https:\/\/shops-usa.com\/wp-content\/uploads\/2024\/12\/1-2.jpg\",\"datePublished\":\"2024-12-18T14:34:16+00:00\",\"dateModified\":\"2025-09-17T12:51:47+00:00\",\"breadcrumb\":{\"@id\":\"https:\/\/shops-usa.com\/product\/kompressionnyj-massazher-dlya-nog-s-podogrevom-ssha-reathlete\/#breadcrumb\"},\"inLanguage\":\"trkm\",\"potentialAction\":[{\"@type\":\"ReadAction\",\"target\":[\"https:\/\/shops-usa.com\/product\/kompressionnyj-massazher-dlya-nog-s-podogrevom-ssha-reathlete\/\"]}]},{\"@type\":\"ImageObject\",\"inLanguage\":\"trkm\",\"@id\":\"https:\/\/shops-usa.com\/product\/kompressionnyj-massazher-dlya-nog-s-podogrevom-ssha-reathlete\/#primaryimage\",\"url\":\"https:\/\/shops-usa.com\/wp-content\/uploads\/2024\/12\/1-2.jpg\",\"contentUrl\":\"https:\/\/shops-usa.com\/wp-content\/uploads\/2024\/12\/1-2.jpg\",\"width\":1500,\"height\":1498},{\"@type\":\"BreadcrumbList\",\"@id\":\"https:\/\/shops-usa.com\/product\/kompressionnyj-massazher-dlya-nog-s-podogrevom-ssha-reathlete\/#breadcrumb\",\"itemListElement\":[{\"@type\":\"ListItem\",\"position\":1,\"name\":\"Home\",\"item\":\"https:\/\/shops-usa.com\/\"},{\"@type\":\"ListItem\",\"position\":2,\"name\":\"\u041a\u0430\u0442\u0430\u043b\u043e\u0433\",\"item\":\"https:\/\/shops-usa.com\/catalogue\/\"},{\"@type\":\"ListItem\",\"position\":3,\"name\":\"\u041a\u043e\u043c\u043f\u0440\u0435\u0441\u0441\u0438\u043e\u043d\u043d\u044b\u0439 \u043c\u0430\u0441\u0441\u0430\u0436\u0435\u0440 \u0434\u043b\u044f \u043d\u043e\u0433 \u0441 \u043f\u043e\u0434\u043e\u0433\u0440\u0435\u0432\u043e\u043c (\u0421\u0428\u0410) Reathlete\"}]},{\"@type\":\"WebSite\",\"@id\":\"https:\/\/shops-usa.com\/#website\",\"url\":\"https:\/\/shops-usa.com\/\",\"name\":\"ShopsUSA\",\"description\":\"Quality products from USA\",\"publisher\":{\"@id\":\"https:\/\/shops-usa.com\/#organization\"},\"potentialAction\":[{\"@type\":\"SearchAction\",\"target\":{\"@type\":\"EntryPoint\",\"urlTemplate\":\"https:\/\/shops-usa.com\/?s={search_term_string}\"},\"query-input\":{\"@type\":\"PropertyValueSpecification\",\"valueRequired\":true,\"valueName\":\"search_term_string\"}}],\"inLanguage\":\"trkm\"},{\"@type\":\"Organization\",\"@id\":\"https:\/\/shops-usa.com\/#organization\",\"name\":\"SHOPS USA\",\"alternateName\":\"SHOPS\",\"url\":\"https:\/\/shops-usa.com\/\",\"logo\":{\"@type\":\"ImageObject\",\"inLanguage\":\"trkm\",\"@id\":\"https:\/\/shops-usa.com\/#\/schema\/logo\/image\/\",\"url\":\"https:\/\/shops-usa.com\/wp-content\/uploads\/2025\/12\/letter_final_white-1.png\",\"contentUrl\":\"https:\/\/shops-usa.com\/wp-content\/uploads\/2025\/12\/letter_final_white-1.png\",\"width\":1711,\"height\":1949,\"caption\":\"SHOPS USA\"},\"image\":{\"@id\":\"https:\/\/shops-usa.com\/#\/schema\/logo\/image\/\"}}]}<\/script>\n<!-- \/ Yoast SEO plugin. -->","yoast_head_json":{"title":"\u041a\u043e\u043c\u043f\u0440\u0435\u0441\u0441\u0438\u043e\u043d\u043d\u044b\u0439 \u043c\u0430\u0441\u0441\u0430\u0436\u0435\u0440 \u0434\u043b\u044f \u043d\u043e\u0433 \u0441 \u043f\u043e\u0434\u043e\u0433\u0440\u0435\u0432\u043e\u043c (\u0421\u0428\u0410) Reathlete - ShopsUSA","robots":{"index":"index","follow":"follow","max-snippet":"max-snippet:-1","max-image-preview":"max-image-preview:large","max-video-preview":"max-video-preview:-1"},"canonical":"https:\/\/shops-usa.com\/trkm\/product\/kompressionnyj-massazher-dlya-nog-s-podogrevom-ssha-reathlete\/?wmc-currency=TMT","og_locale":"tr_TR","og_type":"article","og_title":"\u041a\u043e\u043c\u043f\u0440\u0435\u0441\u0441\u0438\u043e\u043d\u043d\u044b\u0439 \u043c\u0430\u0441\u0441\u0430\u0436\u0435\u0440 \u0434\u043b\u044f \u043d\u043e\u0433 \u0441 \u043f\u043e\u0434\u043e\u0433\u0440\u0435\u0432\u043e\u043c (\u0421\u0428\u0410) Reathlete - ShopsUSA","og_description":"\u041a\u043e\u043c\u043f\u0440\u0435\u0441\u0441\u0438\u043e\u043d\u043d\u044b\u0439 \u043c\u0430\u0441\u0441\u0430\u0436\u0435\u0440 \u0434\u043b\u044f \u043d\u043e\u0433 \u0441 \u043f\u043e\u0434\u043e\u0433\u0440\u0435\u0432\u043e\u043c. 4 \u0440\u0435\u0436\u0438\u043c\u0430 \u043c\u0430\u0441\u0441\u0430\u0436\u0430 \u0438 3 \u0443\u0440\u043e\u0432\u043d\u044f \u0438\u043d\u0442\u0435\u043d\u0441\u0438\u0432\u043d\u043e\u0441\u0442\u0438","og_url":"https:\/\/shops-usa.com\/trkm\/product\/kompressionnyj-massazher-dlya-nog-s-podogrevom-ssha-reathlete\/?wmc-currency=TMT","og_site_name":"ShopsUSA","article_modified_time":"2025-09-17T12:51:47+00:00","og_image":[{"width":1500,"height":1498,"url":"https:\/\/shops-usa.com\/wp-content\/uploads\/2024\/12\/1-2.jpg","type":"image\/jpeg"}],"twitter_card":"summary_large_image","schema":{"@context":"https:\/\/schema.org","@graph":[{"@type":"WebPage","@id":"https:\/\/shops-usa.com\/product\/kompressionnyj-massazher-dlya-nog-s-podogrevom-ssha-reathlete\/","url":"https:\/\/shops-usa.com\/product\/kompressionnyj-massazher-dlya-nog-s-podogrevom-ssha-reathlete\/","name":"\u041a\u043e\u043c\u043f\u0440\u0435\u0441\u0441\u0438\u043e\u043d\u043d\u044b\u0439 \u043c\u0430\u0441\u0441\u0430\u0436\u0435\u0440 \u0434\u043b\u044f \u043d\u043e\u0433 \u0441 \u043f\u043e\u0434\u043e\u0433\u0440\u0435\u0432\u043e\u043c (\u0421\u0428\u0410) Reathlete - ShopsUSA","isPartOf":{"@id":"https:\/\/shops-usa.com\/#website"},"primaryImageOfPage":{"@id":"https:\/\/shops-usa.com\/product\/kompressionnyj-massazher-dlya-nog-s-podogrevom-ssha-reathlete\/#primaryimage"},"image":{"@id":"https:\/\/shops-usa.com\/product\/kompressionnyj-massazher-dlya-nog-s-podogrevom-ssha-reathlete\/#primaryimage"},"thumbnailUrl":"https:\/\/shops-usa.com\/wp-content\/uploads\/2024\/12\/1-2.jpg","datePublished":"2024-12-18T14:34:16+00:00","dateModified":"2025-09-17T12:51:47+00:00","breadcrumb":{"@id":"https:\/\/shops-usa.com\/product\/kompressionnyj-massazher-dlya-nog-s-podogrevom-ssha-reathlete\/#breadcrumb"},"inLanguage":"trkm","potentialAction":[{"@type":"ReadAction","target":["https:\/\/shops-usa.com\/product\/kompressionnyj-massazher-dlya-nog-s-podogrevom-ssha-reathlete\/"]}]},{"@type":"ImageObject","inLanguage":"trkm","@id":"https:\/\/shops-usa.com\/product\/kompressionnyj-massazher-dlya-nog-s-podogrevom-ssha-reathlete\/#primaryimage","url":"https:\/\/shops-usa.com\/wp-content\/uploads\/2024\/12\/1-2.jpg","contentUrl":"https:\/\/shops-usa.com\/wp-content\/uploads\/2024\/12\/1-2.jpg","width":1500,"height":1498},{"@type":"BreadcrumbList","@id":"https:\/\/shops-usa.com\/product\/kompressionnyj-massazher-dlya-nog-s-podogrevom-ssha-reathlete\/#breadcrumb","itemListElement":[{"@type":"ListItem","position":1,"name":"Home","item":"https:\/\/shops-usa.com\/"},{"@type":"ListItem","position":2,"name":"\u041a\u0430\u0442\u0430\u043b\u043e\u0433","item":"https:\/\/shops-usa.com\/catalogue\/"},{"@type":"ListItem","position":3,"name":"\u041a\u043e\u043c\u043f\u0440\u0435\u0441\u0441\u0438\u043e\u043d\u043d\u044b\u0439 \u043c\u0430\u0441\u0441\u0430\u0436\u0435\u0440 \u0434\u043b\u044f \u043d\u043e\u0433 \u0441 \u043f\u043e\u0434\u043e\u0433\u0440\u0435\u0432\u043e\u043c (\u0421\u0428\u0410) Reathlete"}]},{"@type":"WebSite","@id":"https:\/\/shops-usa.com\/#website","url":"https:\/\/shops-usa.com\/","name":"ShopsUSA","description":"Quality products from USA","publisher":{"@id":"https:\/\/shops-usa.com\/#organization"},"potentialAction":[{"@type":"SearchAction","target":{"@type":"EntryPoint","urlTemplate":"https:\/\/shops-usa.com\/?s={search_term_string}"},"query-input":{"@type":"PropertyValueSpecification","valueRequired":true,"valueName":"search_term_string"}}],"inLanguage":"trkm"},{"@type":"Organization","@id":"https:\/\/shops-usa.com\/#organization","name":"SHOPS USA","alternateName":"SHOPS","url":"https:\/\/shops-usa.com\/","logo":{"@type":"ImageObject","inLanguage":"trkm","@id":"https:\/\/shops-usa.com\/#\/schema\/logo\/image\/","url":"https:\/\/shops-usa.com\/wp-content\/uploads\/2025\/12\/letter_final_white-1.png","contentUrl":"https:\/\/shops-usa.com\/wp-content\/uploads\/2025\/12\/letter_final_white-1.png","width":1711,"height":1949,"caption":"SHOPS USA"},"image":{"@id":"https:\/\/shops-usa.com\/#\/schema\/logo\/image\/"}}]}},"_links":{"self":[{"href":"https:\/\/shops-usa.com\/trkm\/wp-json\/wp\/v2\/product\/44","targetHints":{"allow":["GET"]}}],"collection":[{"href":"https:\/\/shops-usa.com\/trkm\/wp-json\/wp\/v2\/product"}],"about":[{"href":"https:\/\/shops-usa.com\/trkm\/wp-json\/wp\/v2\/types\/product"}],"replies":[{"embeddable":true,"href":"https:\/\/shops-usa.com\/trkm\/wp-json\/wp\/v2\/comments?post=44"}],"wp:featuredmedia":[{"embeddable":true,"href":"https:\/\/shops-usa.com\/trkm\/wp-json\/wp\/v2\/media\/76"}],"wp:attachment":[{"href":"https:\/\/shops-usa.com\/trkm\/wp-json\/wp\/v2\/media?parent=44"}],"wp:term":[{"taxonomy":"product_brand","embeddable":true,"href":"https:\/\/shops-usa.com\/trkm\/wp-json\/wp\/v2\/product_brand?post=44"},{"taxonomy":"product_cat","embeddable":true,"href":"https:\/\/shops-usa.com\/trkm\/wp-json\/wp\/v2\/product_cat?post=44"},{"taxonomy":"product_tag","embeddable":true,"href":"https:\/\/shops-usa.com\/trkm\/wp-json\/wp\/v2\/product_tag?post=44"}],"curies":[{"name":"wp","href":"https:\/\/api.w.org\/{rel}","templated":true}]}}