{"id":957,"date":"2026-01-30T13:05:04","date_gmt":"2026-01-30T13:05:04","guid":{"rendered":"https:\/\/shops-usa.com\/?post_type=product&#038;p=957"},"modified":"2026-01-30T13:42:33","modified_gmt":"2026-01-30T13:42:33","slug":"hairmax-laserband-82-ssha-obruch-s-lazerom-dlya-rosta-volos","status":"publish","type":"product","link":"https:\/\/shops-usa.com\/sk\/produkt\/hairmax-laserband-82-ssha-obruch-s-lazerom-dlya-rosta-volos\/","title":{"rendered":"HairMax LaserBand 82 (\u0421\u0428\u0410) \u041e\u0431\u0440\u0443\u0447 \u0441 \u043b\u0430\u0437\u0435\u0440\u043e\u043c \u0434\u043b\u044f \u0440\u043e\u0441\u0442\u0430 \u0432\u043e\u043b\u043e\u0441"},"content":{"rendered":"<p>Obnova rastu vlasov: Laserov\u00e1 lie\u010dba vyu\u017e\u00edva fotobiostimul\u00e1ciu, ktor\u00e1 poskytuje n\u00edzko\u00farov\u0148ov\u00fa laserov\u00fa terapiu (LLLT), ktor\u00e1 dod\u00e1va kysl\u00edk a \u017eiviny do vlasov\u00fdch folikulov, aby ich aktivovala a podporila silnej\u0161\u00ed rast vlasov. Laserov\u00e1 \u010delenka HairMax je schv\u00e1len\u00e1 8 certifik\u00e1tmi FDA, 7 klinick\u00fdmi \u0161t\u00fadiami, 14 medzin\u00e1rodn\u00fdmi lek\u00e1rskymi licenciami a 6 publikovan\u00fdmi lek\u00e1rskymi \u010dasopismi. Klinicky bolo dok\u00e1zan\u00e9, \u017ee laserov\u00e9 zariadenie HairMax obnovuje rast vlasov, s priemern\u00fdm n\u00e1rastom o 15 \u010fal\u0161\u00edch vlasov na \u0161tvorcov\u00fd centimeter po \u0161iestich mesiacoch pravideln\u00e9ho pou\u017e\u00edvania. Je mimoriadne pohodln\u00e9 a prenosn\u00e9, ur\u010den\u00e9 na pou\u017eitie doma aj na cest\u00e1ch. \u013dahk\u00e1 bat\u00e9ria poskytuje dlh\u00e9 nabitie a \u013eahko sa pren\u00e1\u0161a. \u013dahko sa ovl\u00e1da. S\u00fa\u010das\u0165ou balenia je nab\u00edjac\u00ed stojan, bat\u00e9ria, nap\u00e1jac\u00ed k\u00e1bel, pou\u017e\u00edvate\u013esk\u00e1 pr\u00edru\u010dka a z\u00e1ruka na zariadenie. Odpor\u00fa\u010dan\u00e9 lek\u00e1rmi: v klinick\u00fdch sk\u00fa\u0161kach videli pou\u017e\u00edvatelia vidite\u013en\u00e9 v\u00fdsledky u\u017e za 3 \u2013 6 mesiacov. Spolo\u010dnos\u0165 HairMax, zalo\u017een\u00e1 v roku 2000, predala po celom svete viac ako 1,8 mili\u00f3na zariaden\u00ed a je svetov\u00fdm l\u00eddrom a priekopn\u00edkom v laserovej terapii rastu vlasov. Lek\u00e1ri odpor\u00fa\u010daj\u00fa laserov\u00e9 zariadenia HairMax na lie\u010dbu androg\u00e9nnej alop\u00e9cie, ktor\u00e1 zah\u0155\u0148a dedi\u010dn\u00fa ple\u0161atos\u0165, ple\u0161atos\u0165 mu\u017esk\u00e9ho a \u017eensk\u00e9ho typu, ple\u0161atos\u0165 v menopauze a vypad\u00e1vanie a rednutie vlasov s\u00favisiace s vekom.<\/p>","protected":false},"excerpt":{"rendered":"<p>Laserov\u00e1 \u010delenka na rast vlasov. Laserov\u00e1 lie\u010dba zah\u0155\u0148a fotobiostimul\u00e1ciu, ktor\u00e1 poskytuje n\u00edzko\u00farov\u0148ov\u00fa laserov\u00fa terapiu.<\/p>","protected":false},"featured_media":958,"comment_status":"open","ping_status":"closed","template":"","meta":[],"product_brand":[],"product_cat":[28],"product_tag":[],"class_list":{"0":"post-957","1":"product","2":"type-product","3":"status-publish","4":"has-post-thumbnail","6":"product_cat-hairmax","8":"first","9":"instock","10":"sale","11":"shipping-taxable","12":"purchasable","13":"product-type-simple"},"yoast_head":"<!-- This site is optimized with the Yoast SEO plugin v26.6 - https:\/\/yoast.com\/wordpress\/plugins\/seo\/ -->\n<title>HairMax LaserBand 82 (\u0421\u0428\u0410) \u041e\u0431\u0440\u0443\u0447 \u0441 \u043b\u0430\u0437\u0435\u0440\u043e\u043c \u0434\u043b\u044f \u0440\u043e\u0441\u0442\u0430 \u0432\u043e\u043b\u043e\u0441 - ShopsUSA<\/title>\n<meta name=\"robots\" content=\"index, follow, max-snippet:-1, max-image-preview:large, max-video-preview:-1\" \/>\n<link rel=\"canonical\" href=\"https:\/\/shops-usa.com\/sk\/produkt\/hairmax-laserband-82-ssha-obruch-s-lazerom-dlya-rosta-volos\/?wmc-currency=EUR\" \/>\n<meta property=\"og:locale\" content=\"sk_SK\" \/>\n<meta property=\"og:type\" content=\"article\" \/>\n<meta property=\"og:title\" content=\"HairMax LaserBand 82 (\u0421\u0428\u0410) \u041e\u0431\u0440\u0443\u0447 \u0441 \u043b\u0430\u0437\u0435\u0440\u043e\u043c \u0434\u043b\u044f \u0440\u043e\u0441\u0442\u0430 \u0432\u043e\u043b\u043e\u0441 - ShopsUSA\" \/>\n<meta property=\"og:description\" content=\"\u041e\u0431\u0440\u0443\u0447 \u0441 \u043b\u0430\u0437\u0435\u0440\u043e\u043c \u0434\u043b\u044f \u0440\u043e\u0441\u0442\u0430 \u0432\u043e\u043b\u043e\u0441. \u041b\u0430\u0437\u0435\u0440\u043d\u043e\u0435 \u043b\u0435\u0447\u0435\u043d\u0438\u0435 \u043f\u0440\u043e\u0445\u043e\u0434\u0438\u0442 \u0447\u0435\u0440\u0435\u0437 \u043f\u0440\u043e\u0446\u0435\u0441\u0441 \u0444\u043e\u0442\u043e\u0431\u0438\u043e\u0441\u0442\u0438\u043c\u0443\u043b\u044f\u0446\u0438\u0438, \u043e\u0431\u0435\u0441\u043f\u0435\u0447\u0438\u0432\u0430\u044f \u043d\u0438\u0437\u043a\u043e\u0443\u0440\u043e\u0432\u043d\u0435\u0432\u0443\u044e \u043b\u0430\u0437\u0435\u0440\u043d\u0443\u044e \u0442\u0435\u0440\u0430\u043f\u0438\u044e.\" \/>\n<meta property=\"og:url\" content=\"https:\/\/shops-usa.com\/sk\/produkt\/hairmax-laserband-82-ssha-obruch-s-lazerom-dlya-rosta-volos\/?wmc-currency=EUR\" \/>\n<meta property=\"og:site_name\" content=\"ShopsUSA\" \/>\n<meta property=\"article:modified_time\" content=\"2026-01-30T13:42:33+00:00\" \/>\n<meta property=\"og:image\" content=\"https:\/\/shops-usa.com\/wp-content\/uploads\/2026\/01\/51.jpg\" \/>\n\t<meta property=\"og:image:width\" content=\"921\" \/>\n\t<meta property=\"og:image:height\" content=\"1000\" \/>\n\t<meta property=\"og:image:type\" content=\"image\/jpeg\" \/>\n<meta name=\"twitter:card\" content=\"summary_large_image\" \/>\n<meta name=\"twitter:label1\" content=\"Predpokladan\u00fd \u010das \u010d\u00edtania\" \/>\n\t<meta name=\"twitter:data1\" content=\"2 min\u00faty\" \/>\n<script type=\"application\/ld+json\" class=\"yoast-schema-graph\">{\"@context\":\"https:\/\/schema.org\",\"@graph\":[{\"@type\":\"WebPage\",\"@id\":\"https:\/\/shops-usa.com\/product\/hairmax-laserband-82-ssha-obruch-s-lazerom-dlya-rosta-volos\/\",\"url\":\"https:\/\/shops-usa.com\/product\/hairmax-laserband-82-ssha-obruch-s-lazerom-dlya-rosta-volos\/\",\"name\":\"HairMax LaserBand 82 (\u0421\u0428\u0410) \u041e\u0431\u0440\u0443\u0447 \u0441 \u043b\u0430\u0437\u0435\u0440\u043e\u043c \u0434\u043b\u044f \u0440\u043e\u0441\u0442\u0430 \u0432\u043e\u043b\u043e\u0441 - ShopsUSA\",\"isPartOf\":{\"@id\":\"https:\/\/shops-usa.com\/#website\"},\"primaryImageOfPage\":{\"@id\":\"https:\/\/shops-usa.com\/product\/hairmax-laserband-82-ssha-obruch-s-lazerom-dlya-rosta-volos\/#primaryimage\"},\"image\":{\"@id\":\"https:\/\/shops-usa.com\/product\/hairmax-laserband-82-ssha-obruch-s-lazerom-dlya-rosta-volos\/#primaryimage\"},\"thumbnailUrl\":\"https:\/\/shops-usa.com\/wp-content\/uploads\/2026\/01\/51.jpg\",\"datePublished\":\"2026-01-30T13:05:04+00:00\",\"dateModified\":\"2026-01-30T13:42:33+00:00\",\"breadcrumb\":{\"@id\":\"https:\/\/shops-usa.com\/product\/hairmax-laserband-82-ssha-obruch-s-lazerom-dlya-rosta-volos\/#breadcrumb\"},\"inLanguage\":\"sk-SK\",\"potentialAction\":[{\"@type\":\"ReadAction\",\"target\":[\"https:\/\/shops-usa.com\/product\/hairmax-laserband-82-ssha-obruch-s-lazerom-dlya-rosta-volos\/\"]}]},{\"@type\":\"ImageObject\",\"inLanguage\":\"sk-SK\",\"@id\":\"https:\/\/shops-usa.com\/product\/hairmax-laserband-82-ssha-obruch-s-lazerom-dlya-rosta-volos\/#primaryimage\",\"url\":\"https:\/\/shops-usa.com\/wp-content\/uploads\/2026\/01\/51.jpg\",\"contentUrl\":\"https:\/\/shops-usa.com\/wp-content\/uploads\/2026\/01\/51.jpg\",\"width\":921,\"height\":1000},{\"@type\":\"BreadcrumbList\",\"@id\":\"https:\/\/shops-usa.com\/product\/hairmax-laserband-82-ssha-obruch-s-lazerom-dlya-rosta-volos\/#breadcrumb\",\"itemListElement\":[{\"@type\":\"ListItem\",\"position\":1,\"name\":\"Home\",\"item\":\"https:\/\/shops-usa.com\/\"},{\"@type\":\"ListItem\",\"position\":2,\"name\":\"\u041a\u0430\u0442\u0430\u043b\u043e\u0433\",\"item\":\"https:\/\/shops-usa.com\/catalogue\/\"},{\"@type\":\"ListItem\",\"position\":3,\"name\":\"HairMax LaserBand 82 (\u0421\u0428\u0410) \u041e\u0431\u0440\u0443\u0447 \u0441 \u043b\u0430\u0437\u0435\u0440\u043e\u043c \u0434\u043b\u044f \u0440\u043e\u0441\u0442\u0430 \u0432\u043e\u043b\u043e\u0441\"}]},{\"@type\":\"WebSite\",\"@id\":\"https:\/\/shops-usa.com\/#website\",\"url\":\"https:\/\/shops-usa.com\/\",\"name\":\"ShopsUSA\",\"description\":\"Quality products from USA\",\"publisher\":{\"@id\":\"https:\/\/shops-usa.com\/#organization\"},\"potentialAction\":[{\"@type\":\"SearchAction\",\"target\":{\"@type\":\"EntryPoint\",\"urlTemplate\":\"https:\/\/shops-usa.com\/?s={search_term_string}\"},\"query-input\":{\"@type\":\"PropertyValueSpecification\",\"valueRequired\":true,\"valueName\":\"search_term_string\"}}],\"inLanguage\":\"sk-SK\"},{\"@type\":\"Organization\",\"@id\":\"https:\/\/shops-usa.com\/#organization\",\"name\":\"SHOPS USA\",\"alternateName\":\"SHOPS\",\"url\":\"https:\/\/shops-usa.com\/\",\"logo\":{\"@type\":\"ImageObject\",\"inLanguage\":\"sk-SK\",\"@id\":\"https:\/\/shops-usa.com\/#\/schema\/logo\/image\/\",\"url\":\"https:\/\/shops-usa.com\/wp-content\/uploads\/2025\/12\/letter_final_white-1.png\",\"contentUrl\":\"https:\/\/shops-usa.com\/wp-content\/uploads\/2025\/12\/letter_final_white-1.png\",\"width\":1711,\"height\":1949,\"caption\":\"SHOPS USA\"},\"image\":{\"@id\":\"https:\/\/shops-usa.com\/#\/schema\/logo\/image\/\"}}]}<\/script>\n<!-- \/ Yoast SEO plugin. -->","yoast_head_json":{"title":"HairMax LaserBand 82 (\u0421\u0428\u0410) \u041e\u0431\u0440\u0443\u0447 \u0441 \u043b\u0430\u0437\u0435\u0440\u043e\u043c \u0434\u043b\u044f \u0440\u043e\u0441\u0442\u0430 \u0432\u043e\u043b\u043e\u0441 - ShopsUSA","robots":{"index":"index","follow":"follow","max-snippet":"max-snippet:-1","max-image-preview":"max-image-preview:large","max-video-preview":"max-video-preview:-1"},"canonical":"https:\/\/shops-usa.com\/sk\/produkt\/hairmax-laserband-82-ssha-obruch-s-lazerom-dlya-rosta-volos\/?wmc-currency=EUR","og_locale":"sk_SK","og_type":"article","og_title":"HairMax LaserBand 82 (\u0421\u0428\u0410) \u041e\u0431\u0440\u0443\u0447 \u0441 \u043b\u0430\u0437\u0435\u0440\u043e\u043c \u0434\u043b\u044f \u0440\u043e\u0441\u0442\u0430 \u0432\u043e\u043b\u043e\u0441 - ShopsUSA","og_description":"\u041e\u0431\u0440\u0443\u0447 \u0441 \u043b\u0430\u0437\u0435\u0440\u043e\u043c \u0434\u043b\u044f \u0440\u043e\u0441\u0442\u0430 \u0432\u043e\u043b\u043e\u0441. \u041b\u0430\u0437\u0435\u0440\u043d\u043e\u0435 \u043b\u0435\u0447\u0435\u043d\u0438\u0435 \u043f\u0440\u043e\u0445\u043e\u0434\u0438\u0442 \u0447\u0435\u0440\u0435\u0437 \u043f\u0440\u043e\u0446\u0435\u0441\u0441 \u0444\u043e\u0442\u043e\u0431\u0438\u043e\u0441\u0442\u0438\u043c\u0443\u043b\u044f\u0446\u0438\u0438, \u043e\u0431\u0435\u0441\u043f\u0435\u0447\u0438\u0432\u0430\u044f \u043d\u0438\u0437\u043a\u043e\u0443\u0440\u043e\u0432\u043d\u0435\u0432\u0443\u044e \u043b\u0430\u0437\u0435\u0440\u043d\u0443\u044e \u0442\u0435\u0440\u0430\u043f\u0438\u044e.","og_url":"https:\/\/shops-usa.com\/sk\/produkt\/hairmax-laserband-82-ssha-obruch-s-lazerom-dlya-rosta-volos\/?wmc-currency=EUR","og_site_name":"ShopsUSA","article_modified_time":"2026-01-30T13:42:33+00:00","og_image":[{"width":921,"height":1000,"url":"https:\/\/shops-usa.com\/wp-content\/uploads\/2026\/01\/51.jpg","type":"image\/jpeg"}],"twitter_card":"summary_large_image","twitter_misc":{"Predpokladan\u00fd \u010das \u010d\u00edtania":"2 min\u00faty"},"schema":{"@context":"https:\/\/schema.org","@graph":[{"@type":"WebPage","@id":"https:\/\/shops-usa.com\/product\/hairmax-laserband-82-ssha-obruch-s-lazerom-dlya-rosta-volos\/","url":"https:\/\/shops-usa.com\/product\/hairmax-laserband-82-ssha-obruch-s-lazerom-dlya-rosta-volos\/","name":"HairMax LaserBand 82 (\u0421\u0428\u0410) \u041e\u0431\u0440\u0443\u0447 \u0441 \u043b\u0430\u0437\u0435\u0440\u043e\u043c \u0434\u043b\u044f \u0440\u043e\u0441\u0442\u0430 \u0432\u043e\u043b\u043e\u0441 - ShopsUSA","isPartOf":{"@id":"https:\/\/shops-usa.com\/#website"},"primaryImageOfPage":{"@id":"https:\/\/shops-usa.com\/product\/hairmax-laserband-82-ssha-obruch-s-lazerom-dlya-rosta-volos\/#primaryimage"},"image":{"@id":"https:\/\/shops-usa.com\/product\/hairmax-laserband-82-ssha-obruch-s-lazerom-dlya-rosta-volos\/#primaryimage"},"thumbnailUrl":"https:\/\/shops-usa.com\/wp-content\/uploads\/2026\/01\/51.jpg","datePublished":"2026-01-30T13:05:04+00:00","dateModified":"2026-01-30T13:42:33+00:00","breadcrumb":{"@id":"https:\/\/shops-usa.com\/product\/hairmax-laserband-82-ssha-obruch-s-lazerom-dlya-rosta-volos\/#breadcrumb"},"inLanguage":"sk-SK","potentialAction":[{"@type":"ReadAction","target":["https:\/\/shops-usa.com\/product\/hairmax-laserband-82-ssha-obruch-s-lazerom-dlya-rosta-volos\/"]}]},{"@type":"ImageObject","inLanguage":"sk-SK","@id":"https:\/\/shops-usa.com\/product\/hairmax-laserband-82-ssha-obruch-s-lazerom-dlya-rosta-volos\/#primaryimage","url":"https:\/\/shops-usa.com\/wp-content\/uploads\/2026\/01\/51.jpg","contentUrl":"https:\/\/shops-usa.com\/wp-content\/uploads\/2026\/01\/51.jpg","width":921,"height":1000},{"@type":"BreadcrumbList","@id":"https:\/\/shops-usa.com\/product\/hairmax-laserband-82-ssha-obruch-s-lazerom-dlya-rosta-volos\/#breadcrumb","itemListElement":[{"@type":"ListItem","position":1,"name":"Home","item":"https:\/\/shops-usa.com\/"},{"@type":"ListItem","position":2,"name":"\u041a\u0430\u0442\u0430\u043b\u043e\u0433","item":"https:\/\/shops-usa.com\/catalogue\/"},{"@type":"ListItem","position":3,"name":"HairMax LaserBand 82 (\u0421\u0428\u0410) \u041e\u0431\u0440\u0443\u0447 \u0441 \u043b\u0430\u0437\u0435\u0440\u043e\u043c \u0434\u043b\u044f \u0440\u043e\u0441\u0442\u0430 \u0432\u043e\u043b\u043e\u0441"}]},{"@type":"WebSite","@id":"https:\/\/shops-usa.com\/#website","url":"https:\/\/shops-usa.com\/","name":"ShopsUSA","description":"Quality products from USA","publisher":{"@id":"https:\/\/shops-usa.com\/#organization"},"potentialAction":[{"@type":"SearchAction","target":{"@type":"EntryPoint","urlTemplate":"https:\/\/shops-usa.com\/?s={search_term_string}"},"query-input":{"@type":"PropertyValueSpecification","valueRequired":true,"valueName":"search_term_string"}}],"inLanguage":"sk-SK"},{"@type":"Organization","@id":"https:\/\/shops-usa.com\/#organization","name":"SHOPS USA","alternateName":"SHOPS","url":"https:\/\/shops-usa.com\/","logo":{"@type":"ImageObject","inLanguage":"sk-SK","@id":"https:\/\/shops-usa.com\/#\/schema\/logo\/image\/","url":"https:\/\/shops-usa.com\/wp-content\/uploads\/2025\/12\/letter_final_white-1.png","contentUrl":"https:\/\/shops-usa.com\/wp-content\/uploads\/2025\/12\/letter_final_white-1.png","width":1711,"height":1949,"caption":"SHOPS USA"},"image":{"@id":"https:\/\/shops-usa.com\/#\/schema\/logo\/image\/"}}]}},"_links":{"self":[{"href":"https:\/\/shops-usa.com\/sk\/wp-json\/wp\/v2\/product\/957","targetHints":{"allow":["GET"]}}],"collection":[{"href":"https:\/\/shops-usa.com\/sk\/wp-json\/wp\/v2\/product"}],"about":[{"href":"https:\/\/shops-usa.com\/sk\/wp-json\/wp\/v2\/types\/product"}],"replies":[{"embeddable":true,"href":"https:\/\/shops-usa.com\/sk\/wp-json\/wp\/v2\/comments?post=957"}],"wp:featuredmedia":[{"embeddable":true,"href":"https:\/\/shops-usa.com\/sk\/wp-json\/wp\/v2\/media\/958"}],"wp:attachment":[{"href":"https:\/\/shops-usa.com\/sk\/wp-json\/wp\/v2\/media?parent=957"}],"wp:term":[{"taxonomy":"product_brand","embeddable":true,"href":"https:\/\/shops-usa.com\/sk\/wp-json\/wp\/v2\/product_brand?post=957"},{"taxonomy":"product_cat","embeddable":true,"href":"https:\/\/shops-usa.com\/sk\/wp-json\/wp\/v2\/product_cat?post=957"},{"taxonomy":"product_tag","embeddable":true,"href":"https:\/\/shops-usa.com\/sk\/wp-json\/wp\/v2\/product_tag?post=957"}],"curies":[{"name":"wp","href":"https:\/\/api.w.org\/{rel}","templated":true}]}}