{"id":59,"date":"2024-12-18T14:34:18","date_gmt":"2024-12-18T14:34:18","guid":{"rendered":"https:\/\/shops-usa.com\/?post_type=product&#038;p=59"},"modified":"2025-10-12T21:58:01","modified_gmt":"2025-10-12T21:58:01","slug":"sredstvo-dlya-rosta-volos-ssha-hairmax-nabor-acceler8","status":"publish","type":"product","link":"https:\/\/shops-usa.com\/sk\/produkt\/sredstvo-dlya-rosta-volos-ssha-hairmax-nabor-acceler8\/","title":{"rendered":"Sada na rast vlasov HairMax (USA)"},"content":{"rendered":"<p>Ur\u00fdch\u013eova\u010d rastu vlasov HairMax okam\u017eite zahus\u0165uje vlasy pre ich zdvihnutie. Obsahuje trojit\u00e9 blok\u00e1tory DHT, ktor\u00e9 bojuj\u00fa proti rednutiu vlasov, a pom\u00e1haj\u00fa zlep\u0161ova\u0165 krvn\u00fd obeh, dod\u00e1vaj\u00fa \u017eiviny a kysl\u00edk do vlasov\u00fdch folikulov, aby zastavili vypad\u00e1vanie vlasov. Zlo\u017eky aktivovan\u00e9 svetlom dop\u013a\u0148aj\u00fa laserov\u00e9 \u010distenie hrebe\u0148om. N\u00edzke pH pre jemn\u00fa exfoli\u00e1ciu a posilnenie ochrannej bari\u00e9ry poko\u017eky hlavy. Ur\u00fdch\u013eova\u010d ACCELER8: Pom\u00e1ha zni\u017eova\u0165 vypad\u00e1vanie vlasov. Pom\u00e1ha zlep\u0161ova\u0165 vzh\u013ead vlasov. Pom\u00e1ha bojova\u0165 proti rednutiu vlasov v\u010faka trojit\u00fdm blok\u00e1torom DHT. \u0160amp\u00f3n: \u010cist\u00ed a redukuje hromadenie ne\u010dist\u00f4t. Jemne \u010dist\u00ed bez toho, aby odstra\u0148oval esenci\u00e1lne oleje. Posil\u0148uje vlasov\u00fa kutikulu. Bojuje proti oxida\u010dn\u00e9mu stresu a spoma\u013euje starnutie. Kondicion\u00e9r: Dod\u00e1va vlasom vidite\u013en\u00fd tvar a objem. Udr\u017eiava pevnos\u0165 vlasov a chr\u00e1ni pred l\u00e1man\u00edm. Zlep\u0161uje ovl\u00e1date\u013enos\u0165, roz\u010des\u00e1vanie a roz\u010des\u00e1vanie.<\/p>","protected":false},"excerpt":{"rendered":"<p>Sada kozmetiky na rast vlasov Hairmax. Ur\u00fdch\u013eova\u010d rastu vlasov HairMax okam\u017eite zahus\u0165uje vlasy a dod\u00e1va im tvar.<\/p>","protected":false},"featured_media":130,"comment_status":"open","ping_status":"closed","template":"","meta":[],"product_brand":[],"product_cat":[28],"product_tag":[],"class_list":{"0":"post-59","1":"product","2":"type-product","3":"status-publish","4":"has-post-thumbnail","6":"product_cat-hairmax","8":"first","9":"instock","10":"sale","11":"shipping-taxable","12":"purchasable","13":"product-type-simple"},"yoast_head":"<!-- This site is optimized with the Yoast SEO plugin v26.6 - https:\/\/yoast.com\/wordpress\/plugins\/seo\/ -->\n<title>\u041d\u0430\u0431\u043e\u0440 HairMax (\u0421\u0428\u0410) \u0421\u0440\u0435\u0434\u0441\u0442\u0432\u043e \u0434\u043b\u044f \u0440\u043e\u0441\u0442\u0430 \u0432\u043e\u043b\u043e\u0441 - ShopsUSA<\/title>\n<meta name=\"robots\" content=\"index, follow, max-snippet:-1, max-image-preview:large, max-video-preview:-1\" \/>\n<link rel=\"canonical\" href=\"https:\/\/shops-usa.com\/sk\/produkt\/sredstvo-dlya-rosta-volos-ssha-hairmax-nabor-acceler8\/?wmc-currency=EUR\" \/>\n<meta property=\"og:locale\" content=\"sk_SK\" \/>\n<meta property=\"og:type\" content=\"article\" \/>\n<meta property=\"og:title\" content=\"\u041d\u0430\u0431\u043e\u0440 HairMax (\u0421\u0428\u0410) \u0421\u0440\u0435\u0434\u0441\u0442\u0432\u043e \u0434\u043b\u044f \u0440\u043e\u0441\u0442\u0430 \u0432\u043e\u043b\u043e\u0441 - ShopsUSA\" \/>\n<meta property=\"og:description\" content=\"\u0421\u0440\u0435\u0434\u0441\u0442\u0432\u043e \u0434\u043b\u044f \u0440\u043e\u0441\u0442\u0430 \u0432\u043e\u043b\u043e\u0441 Hairmax. \u0410\u043a\u0441\u0435\u043b\u0435\u0440\u0430\u0442\u043e\u0440 \u0440\u043e\u0441\u0442\u0430 \u0432\u043e\u043b\u043e\u0441 HairMax \u043c\u0433\u043d\u043e\u0432\u0435\u043d\u043d\u043e \u0443\u0442\u043e\u043b\u0449\u0430\u0435\u0442 \u0432\u043e\u043b\u043e\u0441\u044b, \u043e\u0431\u0435\u0441\u043f\u0435\u0447\u0438\u0432\u0430\u044f \u043f\u043e\u0434\u044a\u0435\u043c.\" \/>\n<meta property=\"og:url\" content=\"https:\/\/shops-usa.com\/sk\/produkt\/sredstvo-dlya-rosta-volos-ssha-hairmax-nabor-acceler8\/?wmc-currency=EUR\" \/>\n<meta property=\"og:site_name\" content=\"ShopsUSA\" \/>\n<meta property=\"article:modified_time\" content=\"2025-10-12T21:58:01+00:00\" \/>\n<meta property=\"og:image\" content=\"https:\/\/shops-usa.com\/wp-content\/uploads\/2024\/12\/31-2.jpg\" \/>\n\t<meta property=\"og:image:width\" content=\"778\" \/>\n\t<meta property=\"og:image:height\" content=\"713\" \/>\n\t<meta property=\"og:image:type\" content=\"image\/jpeg\" \/>\n<meta name=\"twitter:card\" content=\"summary_large_image\" \/>\n<script type=\"application\/ld+json\" class=\"yoast-schema-graph\">{\"@context\":\"https:\/\/schema.org\",\"@graph\":[{\"@type\":\"WebPage\",\"@id\":\"https:\/\/shops-usa.com\/product\/sredstvo-dlya-rosta-volos-ssha-hairmax-nabor-acceler8\/\",\"url\":\"https:\/\/shops-usa.com\/product\/sredstvo-dlya-rosta-volos-ssha-hairmax-nabor-acceler8\/\",\"name\":\"\u041d\u0430\u0431\u043e\u0440 HairMax (\u0421\u0428\u0410) \u0421\u0440\u0435\u0434\u0441\u0442\u0432\u043e \u0434\u043b\u044f \u0440\u043e\u0441\u0442\u0430 \u0432\u043e\u043b\u043e\u0441 - ShopsUSA\",\"isPartOf\":{\"@id\":\"https:\/\/shops-usa.com\/#website\"},\"primaryImageOfPage\":{\"@id\":\"https:\/\/shops-usa.com\/product\/sredstvo-dlya-rosta-volos-ssha-hairmax-nabor-acceler8\/#primaryimage\"},\"image\":{\"@id\":\"https:\/\/shops-usa.com\/product\/sredstvo-dlya-rosta-volos-ssha-hairmax-nabor-acceler8\/#primaryimage\"},\"thumbnailUrl\":\"https:\/\/shops-usa.com\/wp-content\/uploads\/2024\/12\/31-2.jpg\",\"datePublished\":\"2024-12-18T14:34:18+00:00\",\"dateModified\":\"2025-10-12T21:58:01+00:00\",\"breadcrumb\":{\"@id\":\"https:\/\/shops-usa.com\/product\/sredstvo-dlya-rosta-volos-ssha-hairmax-nabor-acceler8\/#breadcrumb\"},\"inLanguage\":\"sk-SK\",\"potentialAction\":[{\"@type\":\"ReadAction\",\"target\":[\"https:\/\/shops-usa.com\/product\/sredstvo-dlya-rosta-volos-ssha-hairmax-nabor-acceler8\/\"]}]},{\"@type\":\"ImageObject\",\"inLanguage\":\"sk-SK\",\"@id\":\"https:\/\/shops-usa.com\/product\/sredstvo-dlya-rosta-volos-ssha-hairmax-nabor-acceler8\/#primaryimage\",\"url\":\"https:\/\/shops-usa.com\/wp-content\/uploads\/2024\/12\/31-2.jpg\",\"contentUrl\":\"https:\/\/shops-usa.com\/wp-content\/uploads\/2024\/12\/31-2.jpg\",\"width\":778,\"height\":713},{\"@type\":\"BreadcrumbList\",\"@id\":\"https:\/\/shops-usa.com\/product\/sredstvo-dlya-rosta-volos-ssha-hairmax-nabor-acceler8\/#breadcrumb\",\"itemListElement\":[{\"@type\":\"ListItem\",\"position\":1,\"name\":\"Home\",\"item\":\"https:\/\/shops-usa.com\/\"},{\"@type\":\"ListItem\",\"position\":2,\"name\":\"\u041a\u0430\u0442\u0430\u043b\u043e\u0433\",\"item\":\"https:\/\/shops-usa.com\/catalogue\/\"},{\"@type\":\"ListItem\",\"position\":3,\"name\":\"\u041d\u0430\u0431\u043e\u0440 HairMax (\u0421\u0428\u0410) \u0421\u0440\u0435\u0434\u0441\u0442\u0432\u043e \u0434\u043b\u044f \u0440\u043e\u0441\u0442\u0430 \u0432\u043e\u043b\u043e\u0441\"}]},{\"@type\":\"WebSite\",\"@id\":\"https:\/\/shops-usa.com\/#website\",\"url\":\"https:\/\/shops-usa.com\/\",\"name\":\"ShopsUSA\",\"description\":\"Quality products from USA\",\"publisher\":{\"@id\":\"https:\/\/shops-usa.com\/#organization\"},\"potentialAction\":[{\"@type\":\"SearchAction\",\"target\":{\"@type\":\"EntryPoint\",\"urlTemplate\":\"https:\/\/shops-usa.com\/?s={search_term_string}\"},\"query-input\":{\"@type\":\"PropertyValueSpecification\",\"valueRequired\":true,\"valueName\":\"search_term_string\"}}],\"inLanguage\":\"sk-SK\"},{\"@type\":\"Organization\",\"@id\":\"https:\/\/shops-usa.com\/#organization\",\"name\":\"SHOPS USA\",\"alternateName\":\"SHOPS\",\"url\":\"https:\/\/shops-usa.com\/\",\"logo\":{\"@type\":\"ImageObject\",\"inLanguage\":\"sk-SK\",\"@id\":\"https:\/\/shops-usa.com\/#\/schema\/logo\/image\/\",\"url\":\"https:\/\/shops-usa.com\/wp-content\/uploads\/2025\/12\/letter_final_white-1.png\",\"contentUrl\":\"https:\/\/shops-usa.com\/wp-content\/uploads\/2025\/12\/letter_final_white-1.png\",\"width\":1711,\"height\":1949,\"caption\":\"SHOPS USA\"},\"image\":{\"@id\":\"https:\/\/shops-usa.com\/#\/schema\/logo\/image\/\"}}]}<\/script>\n<!-- \/ Yoast SEO plugin. -->","yoast_head_json":{"title":"\u041d\u0430\u0431\u043e\u0440 HairMax (\u0421\u0428\u0410) \u0421\u0440\u0435\u0434\u0441\u0442\u0432\u043e \u0434\u043b\u044f \u0440\u043e\u0441\u0442\u0430 \u0432\u043e\u043b\u043e\u0441 - ShopsUSA","robots":{"index":"index","follow":"follow","max-snippet":"max-snippet:-1","max-image-preview":"max-image-preview:large","max-video-preview":"max-video-preview:-1"},"canonical":"https:\/\/shops-usa.com\/sk\/produkt\/sredstvo-dlya-rosta-volos-ssha-hairmax-nabor-acceler8\/?wmc-currency=EUR","og_locale":"sk_SK","og_type":"article","og_title":"\u041d\u0430\u0431\u043e\u0440 HairMax (\u0421\u0428\u0410) \u0421\u0440\u0435\u0434\u0441\u0442\u0432\u043e \u0434\u043b\u044f \u0440\u043e\u0441\u0442\u0430 \u0432\u043e\u043b\u043e\u0441 - ShopsUSA","og_description":"\u0421\u0440\u0435\u0434\u0441\u0442\u0432\u043e \u0434\u043b\u044f \u0440\u043e\u0441\u0442\u0430 \u0432\u043e\u043b\u043e\u0441 Hairmax. \u0410\u043a\u0441\u0435\u043b\u0435\u0440\u0430\u0442\u043e\u0440 \u0440\u043e\u0441\u0442\u0430 \u0432\u043e\u043b\u043e\u0441 HairMax \u043c\u0433\u043d\u043e\u0432\u0435\u043d\u043d\u043e \u0443\u0442\u043e\u043b\u0449\u0430\u0435\u0442 \u0432\u043e\u043b\u043e\u0441\u044b, \u043e\u0431\u0435\u0441\u043f\u0435\u0447\u0438\u0432\u0430\u044f \u043f\u043e\u0434\u044a\u0435\u043c.","og_url":"https:\/\/shops-usa.com\/sk\/produkt\/sredstvo-dlya-rosta-volos-ssha-hairmax-nabor-acceler8\/?wmc-currency=EUR","og_site_name":"ShopsUSA","article_modified_time":"2025-10-12T21:58:01+00:00","og_image":[{"width":778,"height":713,"url":"https:\/\/shops-usa.com\/wp-content\/uploads\/2024\/12\/31-2.jpg","type":"image\/jpeg"}],"twitter_card":"summary_large_image","schema":{"@context":"https:\/\/schema.org","@graph":[{"@type":"WebPage","@id":"https:\/\/shops-usa.com\/product\/sredstvo-dlya-rosta-volos-ssha-hairmax-nabor-acceler8\/","url":"https:\/\/shops-usa.com\/product\/sredstvo-dlya-rosta-volos-ssha-hairmax-nabor-acceler8\/","name":"\u041d\u0430\u0431\u043e\u0440 HairMax (\u0421\u0428\u0410) \u0421\u0440\u0435\u0434\u0441\u0442\u0432\u043e \u0434\u043b\u044f \u0440\u043e\u0441\u0442\u0430 \u0432\u043e\u043b\u043e\u0441 - ShopsUSA","isPartOf":{"@id":"https:\/\/shops-usa.com\/#website"},"primaryImageOfPage":{"@id":"https:\/\/shops-usa.com\/product\/sredstvo-dlya-rosta-volos-ssha-hairmax-nabor-acceler8\/#primaryimage"},"image":{"@id":"https:\/\/shops-usa.com\/product\/sredstvo-dlya-rosta-volos-ssha-hairmax-nabor-acceler8\/#primaryimage"},"thumbnailUrl":"https:\/\/shops-usa.com\/wp-content\/uploads\/2024\/12\/31-2.jpg","datePublished":"2024-12-18T14:34:18+00:00","dateModified":"2025-10-12T21:58:01+00:00","breadcrumb":{"@id":"https:\/\/shops-usa.com\/product\/sredstvo-dlya-rosta-volos-ssha-hairmax-nabor-acceler8\/#breadcrumb"},"inLanguage":"sk-SK","potentialAction":[{"@type":"ReadAction","target":["https:\/\/shops-usa.com\/product\/sredstvo-dlya-rosta-volos-ssha-hairmax-nabor-acceler8\/"]}]},{"@type":"ImageObject","inLanguage":"sk-SK","@id":"https:\/\/shops-usa.com\/product\/sredstvo-dlya-rosta-volos-ssha-hairmax-nabor-acceler8\/#primaryimage","url":"https:\/\/shops-usa.com\/wp-content\/uploads\/2024\/12\/31-2.jpg","contentUrl":"https:\/\/shops-usa.com\/wp-content\/uploads\/2024\/12\/31-2.jpg","width":778,"height":713},{"@type":"BreadcrumbList","@id":"https:\/\/shops-usa.com\/product\/sredstvo-dlya-rosta-volos-ssha-hairmax-nabor-acceler8\/#breadcrumb","itemListElement":[{"@type":"ListItem","position":1,"name":"Home","item":"https:\/\/shops-usa.com\/"},{"@type":"ListItem","position":2,"name":"\u041a\u0430\u0442\u0430\u043b\u043e\u0433","item":"https:\/\/shops-usa.com\/catalogue\/"},{"@type":"ListItem","position":3,"name":"\u041d\u0430\u0431\u043e\u0440 HairMax (\u0421\u0428\u0410) \u0421\u0440\u0435\u0434\u0441\u0442\u0432\u043e \u0434\u043b\u044f \u0440\u043e\u0441\u0442\u0430 \u0432\u043e\u043b\u043e\u0441"}]},{"@type":"WebSite","@id":"https:\/\/shops-usa.com\/#website","url":"https:\/\/shops-usa.com\/","name":"ShopsUSA","description":"Quality products from USA","publisher":{"@id":"https:\/\/shops-usa.com\/#organization"},"potentialAction":[{"@type":"SearchAction","target":{"@type":"EntryPoint","urlTemplate":"https:\/\/shops-usa.com\/?s={search_term_string}"},"query-input":{"@type":"PropertyValueSpecification","valueRequired":true,"valueName":"search_term_string"}}],"inLanguage":"sk-SK"},{"@type":"Organization","@id":"https:\/\/shops-usa.com\/#organization","name":"SHOPS USA","alternateName":"SHOPS","url":"https:\/\/shops-usa.com\/","logo":{"@type":"ImageObject","inLanguage":"sk-SK","@id":"https:\/\/shops-usa.com\/#\/schema\/logo\/image\/","url":"https:\/\/shops-usa.com\/wp-content\/uploads\/2025\/12\/letter_final_white-1.png","contentUrl":"https:\/\/shops-usa.com\/wp-content\/uploads\/2025\/12\/letter_final_white-1.png","width":1711,"height":1949,"caption":"SHOPS USA"},"image":{"@id":"https:\/\/shops-usa.com\/#\/schema\/logo\/image\/"}}]}},"_links":{"self":[{"href":"https:\/\/shops-usa.com\/sk\/wp-json\/wp\/v2\/product\/59","targetHints":{"allow":["GET"]}}],"collection":[{"href":"https:\/\/shops-usa.com\/sk\/wp-json\/wp\/v2\/product"}],"about":[{"href":"https:\/\/shops-usa.com\/sk\/wp-json\/wp\/v2\/types\/product"}],"replies":[{"embeddable":true,"href":"https:\/\/shops-usa.com\/sk\/wp-json\/wp\/v2\/comments?post=59"}],"wp:featuredmedia":[{"embeddable":true,"href":"https:\/\/shops-usa.com\/sk\/wp-json\/wp\/v2\/media\/130"}],"wp:attachment":[{"href":"https:\/\/shops-usa.com\/sk\/wp-json\/wp\/v2\/media?parent=59"}],"wp:term":[{"taxonomy":"product_brand","embeddable":true,"href":"https:\/\/shops-usa.com\/sk\/wp-json\/wp\/v2\/product_brand?post=59"},{"taxonomy":"product_cat","embeddable":true,"href":"https:\/\/shops-usa.com\/sk\/wp-json\/wp\/v2\/product_cat?post=59"},{"taxonomy":"product_tag","embeddable":true,"href":"https:\/\/shops-usa.com\/sk\/wp-json\/wp\/v2\/product_tag?post=59"}],"curies":[{"name":"wp","href":"https:\/\/api.w.org\/{rel}","templated":true}]}}