{"id":56,"date":"2024-12-18T14:34:18","date_gmt":"2024-12-18T14:34:18","guid":{"rendered":"https:\/\/shops-usa.com\/?post_type=product&#038;p=56"},"modified":"2025-09-23T11:43:59","modified_gmt":"2025-09-23T11:43:59","slug":"lazernaya-kepka-dlya-rosta-volos-ssha-hairmax-regrowmd-272","status":"publish","type":"product","link":"https:\/\/shops-usa.com\/sk\/produkt\/lazernaya-kepka-dlya-rosta-volos-ssha-hairmax-regrowmd-272\/","title":{"rendered":"HairMax Regrow 272 (USA) Laserov\u00e1 \u010diapka na rast vlasov"},"content":{"rendered":"<p>Klinicky overen\u00e1 technol\u00f3gia pre mu\u017eov a \u017eeny. Laserov\u00e1 fototerapia od spolo\u010dnosti RegrowMD je jedinou mo\u017enos\u0165ou lie\u010dby dedi\u010dn\u00e9ho vypad\u00e1vania vlasov, alop\u00e9cie, ple\u0161atosti, rednutia vlasov a ustupuj\u00facich vlasov\u00fdch l\u00edni\u00ed bez liekov. Je dok\u00e1zan\u00e9, \u017ee laserov\u00e9 zariadenia HairMax obnovuj\u00fa vlasy a zvy\u0161uj\u00fa ich rast v priemere o 129 \u010fal\u0161\u00edch vlasov na \u0161tvorcov\u00fd palec. Odpor\u00fa\u010dan\u00e1 doba o\u0161etrenia je iba 30 min\u00fat, 3-kr\u00e1t t\u00fd\u017edenne (ka\u017ed\u00fd druh\u00fd de\u0148). Pozn\u00e1mka: Bat\u00e9ria obsahuje inovat\u00edvnu technol\u00f3giu na monitorovanie \u00farovne nabitia bat\u00e9rie, aby sa zabezpe\u010dilo, \u017ee sa nepreb\u00edja. Je v s\u00falade s normou ISO5536-1:2006, medzin\u00e1rodnou normou pre predpisy o teplotnej bezpe\u010dnosti. Exkluz\u00edvny dizajn Bio-Light Comfort zameriava laserov\u00e9 svetlo cez kalibrovan\u00e9 otvory, aby sa zabezpe\u010dil neru\u0161en\u00fd tok svetelnej energie k vlasov\u00fdm folikulom. Kryt RegrowMD pohodlne sed\u00ed na v\u00e4\u010d\u0161ine ve\u013ekost\u00ed hlavy. Neodpor\u00fa\u010da sa pre obvody poko\u017eky hlavy v\u00e4\u010d\u0161ie ako 57,15 cm. Vidite\u013en\u00e9 v\u00fdsledky s\u00fa vidite\u013en\u00e9 do 3 \u2013 6 mesiacov. Spolo\u010dnos\u0165 Hairmax za 24 rokov pou\u017e\u00edvania nezaznamenala ani jeden pr\u00edpad ne\u017eiaducich ved\u013eaj\u0161\u00edch \u00fa\u010dinkov tejto technol\u00f3gie. S viac ako 1,8 mili\u00f3nmi predan\u00fdch zariaden\u00ed po celom svete je spolo\u010dnos\u0165 Hairmax svetov\u00fdm l\u00eddrom a priekopn\u00edkom v laserovej lie\u010dbe vlasov. Zariadenia Hairmax s\u00fa jedin\u00e9 laserov\u00e9 zariadenia na lie\u010dbu vlasov\u00fdch folikulov, ktor\u00e9 pre\u0161li klinick\u00fdmi sk\u00fa\u0161kami FDA. Lek\u00e1ri odpor\u00fa\u010daj\u00fa laserov\u00e9 zariadenia Hairmax na lie\u010dbu androg\u00e9nnej alop\u00e9cie, ktor\u00e1 zah\u0155\u0148a dedi\u010dn\u00e9 vypad\u00e1vanie vlasov, vypad\u00e1vanie vlasov mu\u017esk\u00e9ho a \u017eensk\u00e9ho typu, vypad\u00e1vanie vlasov s\u00favisiace s menopauzou a vypad\u00e1vanie a rednutie vlasov s\u00favisiace s vekom.<\/p>","protected":false},"excerpt":{"rendered":"<p>Laserov\u00e1 korekcia rastu vlasov je jedinou nelie\u010debnou mo\u017enos\u0165ou na lie\u010dbu dedi\u010dn\u00e9ho vypad\u00e1vania vlasov, alop\u00e9cie, ple\u0161atosti, rednutia vlasov a ustupuj\u00facich vlasov\u00fdch l\u00edni\u00ed. <\/p>","protected":false},"featured_media":783,"comment_status":"open","ping_status":"closed","template":"","meta":[],"product_brand":[],"product_cat":[28],"product_tag":[],"class_list":{"0":"post-56","1":"product","2":"type-product","3":"status-publish","4":"has-post-thumbnail","6":"product_cat-hairmax","8":"first","9":"instock","10":"sale","11":"shipping-taxable","12":"purchasable","13":"product-type-simple"},"yoast_head":"<!-- This site is optimized with the Yoast SEO plugin v26.6 - https:\/\/yoast.com\/wordpress\/plugins\/seo\/ -->\n<title>\u041b\u0430\u0437\u0435\u0440\u043d\u0430\u044f \u043a\u0435\u043f\u043a\u0430 \u0434\u043b\u044f \u0440\u043e\u0441\u0442\u0430 \u0432\u043e\u043b\u043e\u0441 (\u0421\u0428\u0410) HairMax RegrowMD 272 - ShopsUSA<\/title>\n<meta name=\"robots\" content=\"index, follow, max-snippet:-1, max-image-preview:large, max-video-preview:-1\" \/>\n<link rel=\"canonical\" href=\"https:\/\/shops-usa.com\/sk\/produkt\/lazernaya-kepka-dlya-rosta-volos-ssha-hairmax-regrowmd-272\/?wmc-currency=EUR\" \/>\n<meta property=\"og:locale\" content=\"sk_SK\" \/>\n<meta property=\"og:type\" content=\"article\" \/>\n<meta property=\"og:title\" content=\"\u041b\u0430\u0437\u0435\u0440\u043d\u0430\u044f \u043a\u0435\u043f\u043a\u0430 \u0434\u043b\u044f \u0440\u043e\u0441\u0442\u0430 \u0432\u043e\u043b\u043e\u0441 (\u0421\u0428\u0410) HairMax RegrowMD 272 - ShopsUSA\" \/>\n<meta property=\"og:description\" content=\"\u041b\u0430\u0437\u0435\u0440\u043d\u0430\u044f \u043a\u0435\u043f\u043a\u0430 \u0434\u043b\u044f \u0440\u043e\u0441\u0442\u0430 \u0432\u043e\u043b\u043e\u0441\u044f\u0432\u043b\u044f\u0435\u0442\u0441\u044f \u0435\u0434\u0438\u043d\u0441\u0442\u0432\u0435\u043d\u043d\u044b\u043c \u043d\u0435\u043c\u0435\u0434\u0438\u043a\u0430\u043c\u0435\u043d\u0442\u043e\u0437\u043d\u044b\u043c \u0432\u0430\u0440\u0438\u0430\u043d\u0442\u043e\u043c \u043b\u0435\u0447\u0435\u043d\u0438\u044f, \u0434\u043b\u044f \u043b\u0435\u0447\u0435\u043d\u0438\u044f \u043d\u0430\u0441\u043b\u0435\u0434\u0441\u0442\u0432\u0435\u043d\u043d\u043e\u0433\u043e \u0432\u044b\u043f\u0430\u0434\u0435\u043d\u0438\u044f \u0432\u043e\u043b\u043e\u0441, \u0430\u043b\u043e\u043f\u0435\u0446\u0438\u0438, \u043e\u0431\u043b\u044b\u0441\u0435\u043d\u0438\u044f, \u0438\u0441\u0442\u043e\u043d\u0447\u0435\u043d\u0438\u044f \u0432\u043e\u043b\u043e\u0441 \u0438 \u0437\u0430\u043b\u044b\u0441\u0438\u043d.\" \/>\n<meta property=\"og:url\" content=\"https:\/\/shops-usa.com\/sk\/produkt\/lazernaya-kepka-dlya-rosta-volos-ssha-hairmax-regrowmd-272\/?wmc-currency=EUR\" \/>\n<meta property=\"og:site_name\" content=\"ShopsUSA\" \/>\n<meta property=\"article:modified_time\" content=\"2025-09-23T11:43:59+00:00\" \/>\n<meta property=\"og:image\" content=\"https:\/\/shops-usa.com\/wp-content\/uploads\/2024\/12\/23-2.jpg\" \/>\n\t<meta property=\"og:image:width\" content=\"1500\" \/>\n\t<meta property=\"og:image:height\" content=\"1500\" \/>\n\t<meta property=\"og:image:type\" content=\"image\/jpeg\" \/>\n<meta name=\"twitter:card\" content=\"summary_large_image\" \/>\n<script type=\"application\/ld+json\" class=\"yoast-schema-graph\">{\"@context\":\"https:\/\/schema.org\",\"@graph\":[{\"@type\":\"WebPage\",\"@id\":\"https:\/\/shops-usa.com\/product\/lazernaya-kepka-dlya-rosta-volos-ssha-hairmax-regrowmd-272\/\",\"url\":\"https:\/\/shops-usa.com\/product\/lazernaya-kepka-dlya-rosta-volos-ssha-hairmax-regrowmd-272\/\",\"name\":\"\u041b\u0430\u0437\u0435\u0440\u043d\u0430\u044f \u043a\u0435\u043f\u043a\u0430 \u0434\u043b\u044f \u0440\u043e\u0441\u0442\u0430 \u0432\u043e\u043b\u043e\u0441 (\u0421\u0428\u0410) HairMax RegrowMD 272 - ShopsUSA\",\"isPartOf\":{\"@id\":\"https:\/\/shops-usa.com\/#website\"},\"primaryImageOfPage\":{\"@id\":\"https:\/\/shops-usa.com\/product\/lazernaya-kepka-dlya-rosta-volos-ssha-hairmax-regrowmd-272\/#primaryimage\"},\"image\":{\"@id\":\"https:\/\/shops-usa.com\/product\/lazernaya-kepka-dlya-rosta-volos-ssha-hairmax-regrowmd-272\/#primaryimage\"},\"thumbnailUrl\":\"https:\/\/shops-usa.com\/wp-content\/uploads\/2024\/12\/23-2.jpg\",\"datePublished\":\"2024-12-18T14:34:18+00:00\",\"dateModified\":\"2025-09-23T11:43:59+00:00\",\"breadcrumb\":{\"@id\":\"https:\/\/shops-usa.com\/product\/lazernaya-kepka-dlya-rosta-volos-ssha-hairmax-regrowmd-272\/#breadcrumb\"},\"inLanguage\":\"sk-SK\",\"potentialAction\":[{\"@type\":\"ReadAction\",\"target\":[\"https:\/\/shops-usa.com\/product\/lazernaya-kepka-dlya-rosta-volos-ssha-hairmax-regrowmd-272\/\"]}]},{\"@type\":\"ImageObject\",\"inLanguage\":\"sk-SK\",\"@id\":\"https:\/\/shops-usa.com\/product\/lazernaya-kepka-dlya-rosta-volos-ssha-hairmax-regrowmd-272\/#primaryimage\",\"url\":\"https:\/\/shops-usa.com\/wp-content\/uploads\/2024\/12\/23-2.jpg\",\"contentUrl\":\"https:\/\/shops-usa.com\/wp-content\/uploads\/2024\/12\/23-2.jpg\",\"width\":1500,\"height\":1500},{\"@type\":\"BreadcrumbList\",\"@id\":\"https:\/\/shops-usa.com\/product\/lazernaya-kepka-dlya-rosta-volos-ssha-hairmax-regrowmd-272\/#breadcrumb\",\"itemListElement\":[{\"@type\":\"ListItem\",\"position\":1,\"name\":\"Home\",\"item\":\"https:\/\/shops-usa.com\/\"},{\"@type\":\"ListItem\",\"position\":2,\"name\":\"\u041a\u0430\u0442\u0430\u043b\u043e\u0433\",\"item\":\"https:\/\/shops-usa.com\/catalogue\/\"},{\"@type\":\"ListItem\",\"position\":3,\"name\":\"\u041b\u0430\u0437\u0435\u0440\u043d\u0430\u044f \u043a\u0435\u043f\u043a\u0430 \u0434\u043b\u044f \u0440\u043e\u0441\u0442\u0430 \u0432\u043e\u043b\u043e\u0441 (\u0421\u0428\u0410) HairMax RegrowMD 272\"}]},{\"@type\":\"WebSite\",\"@id\":\"https:\/\/shops-usa.com\/#website\",\"url\":\"https:\/\/shops-usa.com\/\",\"name\":\"ShopsUSA\",\"description\":\"Quality products from USA\",\"publisher\":{\"@id\":\"https:\/\/shops-usa.com\/#organization\"},\"potentialAction\":[{\"@type\":\"SearchAction\",\"target\":{\"@type\":\"EntryPoint\",\"urlTemplate\":\"https:\/\/shops-usa.com\/?s={search_term_string}\"},\"query-input\":{\"@type\":\"PropertyValueSpecification\",\"valueRequired\":true,\"valueName\":\"search_term_string\"}}],\"inLanguage\":\"sk-SK\"},{\"@type\":\"Organization\",\"@id\":\"https:\/\/shops-usa.com\/#organization\",\"name\":\"SHOPS USA\",\"alternateName\":\"SHOPS\",\"url\":\"https:\/\/shops-usa.com\/\",\"logo\":{\"@type\":\"ImageObject\",\"inLanguage\":\"sk-SK\",\"@id\":\"https:\/\/shops-usa.com\/#\/schema\/logo\/image\/\",\"url\":\"https:\/\/shops-usa.com\/wp-content\/uploads\/2025\/12\/letter_final_white-1.png\",\"contentUrl\":\"https:\/\/shops-usa.com\/wp-content\/uploads\/2025\/12\/letter_final_white-1.png\",\"width\":1711,\"height\":1949,\"caption\":\"SHOPS USA\"},\"image\":{\"@id\":\"https:\/\/shops-usa.com\/#\/schema\/logo\/image\/\"}}]}<\/script>\n<!-- \/ Yoast SEO plugin. -->","yoast_head_json":{"title":"\u041b\u0430\u0437\u0435\u0440\u043d\u0430\u044f \u043a\u0435\u043f\u043a\u0430 \u0434\u043b\u044f \u0440\u043e\u0441\u0442\u0430 \u0432\u043e\u043b\u043e\u0441 (\u0421\u0428\u0410) HairMax RegrowMD 272 - ShopsUSA","robots":{"index":"index","follow":"follow","max-snippet":"max-snippet:-1","max-image-preview":"max-image-preview:large","max-video-preview":"max-video-preview:-1"},"canonical":"https:\/\/shops-usa.com\/sk\/produkt\/lazernaya-kepka-dlya-rosta-volos-ssha-hairmax-regrowmd-272\/?wmc-currency=EUR","og_locale":"sk_SK","og_type":"article","og_title":"\u041b\u0430\u0437\u0435\u0440\u043d\u0430\u044f \u043a\u0435\u043f\u043a\u0430 \u0434\u043b\u044f \u0440\u043e\u0441\u0442\u0430 \u0432\u043e\u043b\u043e\u0441 (\u0421\u0428\u0410) HairMax RegrowMD 272 - ShopsUSA","og_description":"\u041b\u0430\u0437\u0435\u0440\u043d\u0430\u044f \u043a\u0435\u043f\u043a\u0430 \u0434\u043b\u044f \u0440\u043e\u0441\u0442\u0430 \u0432\u043e\u043b\u043e\u0441\u044f\u0432\u043b\u044f\u0435\u0442\u0441\u044f \u0435\u0434\u0438\u043d\u0441\u0442\u0432\u0435\u043d\u043d\u044b\u043c \u043d\u0435\u043c\u0435\u0434\u0438\u043a\u0430\u043c\u0435\u043d\u0442\u043e\u0437\u043d\u044b\u043c \u0432\u0430\u0440\u0438\u0430\u043d\u0442\u043e\u043c \u043b\u0435\u0447\u0435\u043d\u0438\u044f, \u0434\u043b\u044f \u043b\u0435\u0447\u0435\u043d\u0438\u044f \u043d\u0430\u0441\u043b\u0435\u0434\u0441\u0442\u0432\u0435\u043d\u043d\u043e\u0433\u043e \u0432\u044b\u043f\u0430\u0434\u0435\u043d\u0438\u044f \u0432\u043e\u043b\u043e\u0441, \u0430\u043b\u043e\u043f\u0435\u0446\u0438\u0438, \u043e\u0431\u043b\u044b\u0441\u0435\u043d\u0438\u044f, \u0438\u0441\u0442\u043e\u043d\u0447\u0435\u043d\u0438\u044f \u0432\u043e\u043b\u043e\u0441 \u0438 \u0437\u0430\u043b\u044b\u0441\u0438\u043d.","og_url":"https:\/\/shops-usa.com\/sk\/produkt\/lazernaya-kepka-dlya-rosta-volos-ssha-hairmax-regrowmd-272\/?wmc-currency=EUR","og_site_name":"ShopsUSA","article_modified_time":"2025-09-23T11:43:59+00:00","og_image":[{"width":1500,"height":1500,"url":"https:\/\/shops-usa.com\/wp-content\/uploads\/2024\/12\/23-2.jpg","type":"image\/jpeg"}],"twitter_card":"summary_large_image","schema":{"@context":"https:\/\/schema.org","@graph":[{"@type":"WebPage","@id":"https:\/\/shops-usa.com\/product\/lazernaya-kepka-dlya-rosta-volos-ssha-hairmax-regrowmd-272\/","url":"https:\/\/shops-usa.com\/product\/lazernaya-kepka-dlya-rosta-volos-ssha-hairmax-regrowmd-272\/","name":"\u041b\u0430\u0437\u0435\u0440\u043d\u0430\u044f \u043a\u0435\u043f\u043a\u0430 \u0434\u043b\u044f \u0440\u043e\u0441\u0442\u0430 \u0432\u043e\u043b\u043e\u0441 (\u0421\u0428\u0410) HairMax RegrowMD 272 - ShopsUSA","isPartOf":{"@id":"https:\/\/shops-usa.com\/#website"},"primaryImageOfPage":{"@id":"https:\/\/shops-usa.com\/product\/lazernaya-kepka-dlya-rosta-volos-ssha-hairmax-regrowmd-272\/#primaryimage"},"image":{"@id":"https:\/\/shops-usa.com\/product\/lazernaya-kepka-dlya-rosta-volos-ssha-hairmax-regrowmd-272\/#primaryimage"},"thumbnailUrl":"https:\/\/shops-usa.com\/wp-content\/uploads\/2024\/12\/23-2.jpg","datePublished":"2024-12-18T14:34:18+00:00","dateModified":"2025-09-23T11:43:59+00:00","breadcrumb":{"@id":"https:\/\/shops-usa.com\/product\/lazernaya-kepka-dlya-rosta-volos-ssha-hairmax-regrowmd-272\/#breadcrumb"},"inLanguage":"sk-SK","potentialAction":[{"@type":"ReadAction","target":["https:\/\/shops-usa.com\/product\/lazernaya-kepka-dlya-rosta-volos-ssha-hairmax-regrowmd-272\/"]}]},{"@type":"ImageObject","inLanguage":"sk-SK","@id":"https:\/\/shops-usa.com\/product\/lazernaya-kepka-dlya-rosta-volos-ssha-hairmax-regrowmd-272\/#primaryimage","url":"https:\/\/shops-usa.com\/wp-content\/uploads\/2024\/12\/23-2.jpg","contentUrl":"https:\/\/shops-usa.com\/wp-content\/uploads\/2024\/12\/23-2.jpg","width":1500,"height":1500},{"@type":"BreadcrumbList","@id":"https:\/\/shops-usa.com\/product\/lazernaya-kepka-dlya-rosta-volos-ssha-hairmax-regrowmd-272\/#breadcrumb","itemListElement":[{"@type":"ListItem","position":1,"name":"Home","item":"https:\/\/shops-usa.com\/"},{"@type":"ListItem","position":2,"name":"\u041a\u0430\u0442\u0430\u043b\u043e\u0433","item":"https:\/\/shops-usa.com\/catalogue\/"},{"@type":"ListItem","position":3,"name":"\u041b\u0430\u0437\u0435\u0440\u043d\u0430\u044f \u043a\u0435\u043f\u043a\u0430 \u0434\u043b\u044f \u0440\u043e\u0441\u0442\u0430 \u0432\u043e\u043b\u043e\u0441 (\u0421\u0428\u0410) HairMax RegrowMD 272"}]},{"@type":"WebSite","@id":"https:\/\/shops-usa.com\/#website","url":"https:\/\/shops-usa.com\/","name":"ShopsUSA","description":"Quality products from USA","publisher":{"@id":"https:\/\/shops-usa.com\/#organization"},"potentialAction":[{"@type":"SearchAction","target":{"@type":"EntryPoint","urlTemplate":"https:\/\/shops-usa.com\/?s={search_term_string}"},"query-input":{"@type":"PropertyValueSpecification","valueRequired":true,"valueName":"search_term_string"}}],"inLanguage":"sk-SK"},{"@type":"Organization","@id":"https:\/\/shops-usa.com\/#organization","name":"SHOPS USA","alternateName":"SHOPS","url":"https:\/\/shops-usa.com\/","logo":{"@type":"ImageObject","inLanguage":"sk-SK","@id":"https:\/\/shops-usa.com\/#\/schema\/logo\/image\/","url":"https:\/\/shops-usa.com\/wp-content\/uploads\/2025\/12\/letter_final_white-1.png","contentUrl":"https:\/\/shops-usa.com\/wp-content\/uploads\/2025\/12\/letter_final_white-1.png","width":1711,"height":1949,"caption":"SHOPS USA"},"image":{"@id":"https:\/\/shops-usa.com\/#\/schema\/logo\/image\/"}}]}},"_links":{"self":[{"href":"https:\/\/shops-usa.com\/sk\/wp-json\/wp\/v2\/product\/56","targetHints":{"allow":["GET"]}}],"collection":[{"href":"https:\/\/shops-usa.com\/sk\/wp-json\/wp\/v2\/product"}],"about":[{"href":"https:\/\/shops-usa.com\/sk\/wp-json\/wp\/v2\/types\/product"}],"replies":[{"embeddable":true,"href":"https:\/\/shops-usa.com\/sk\/wp-json\/wp\/v2\/comments?post=56"}],"wp:featuredmedia":[{"embeddable":true,"href":"https:\/\/shops-usa.com\/sk\/wp-json\/wp\/v2\/media\/783"}],"wp:attachment":[{"href":"https:\/\/shops-usa.com\/sk\/wp-json\/wp\/v2\/media?parent=56"}],"wp:term":[{"taxonomy":"product_brand","embeddable":true,"href":"https:\/\/shops-usa.com\/sk\/wp-json\/wp\/v2\/product_brand?post=56"},{"taxonomy":"product_cat","embeddable":true,"href":"https:\/\/shops-usa.com\/sk\/wp-json\/wp\/v2\/product_cat?post=56"},{"taxonomy":"product_tag","embeddable":true,"href":"https:\/\/shops-usa.com\/sk\/wp-json\/wp\/v2\/product_tag?post=56"}],"curies":[{"name":"wp","href":"https:\/\/api.w.org\/{rel}","templated":true}]}}