{"id":53,"date":"2024-12-18T14:34:17","date_gmt":"2024-12-18T14:34:17","guid":{"rendered":"https:\/\/shops-usa.com\/?post_type=product&#038;p=53"},"modified":"2025-09-14T09:24:16","modified_gmt":"2025-09-14T09:24:16","slug":"bystrodejstvuyushhij-lazernyj-kompleks-dlya-lecheniya-gerpesa-i-yazv-ssha-veatu","status":"publish","type":"product","link":"https:\/\/shops-usa.com\/sk\/produkt\/bystrodejstvuyushhij-lazernyj-kompleks-dlya-lecheniya-gerpesa-i-yazv-ssha-veatu\/","title":{"rendered":"R\u00fdchlo p\u00f4sobiaci laserov\u00fd komplex na lie\u010dbu herpesu a vredov (USA) VEATU"},"content":{"rendered":"<p>Obsahuje puzdro, laserov\u00e9 zariadenie, upokojuj\u00faci lie\u010div\u00fd balzam na pery a lie\u010div\u00e9 kapsuly s lyz\u00ednom. Laser pou\u017e\u00edvan\u00fd v zariaden\u00ed Veatu pou\u017e\u00edvaj\u00fa lek\u00e1ri pri r\u00f4znych lek\u00e1rskych z\u00e1krokoch, skracuje \u010das hojenia r\u00f4znych ko\u017en\u00fdch ochoren\u00ed, ako je herpes, vredy, p\u013euzgiere, vyr\u00e1\u017eky at\u010f. Upokojuj\u00faci hojiv\u00fd balzam na pery chr\u00e1ni zdrav\u00e9 bunky pred v\u00edrusovou infekciou a je \u00fa\u010dinn\u00fd proti vzniku herpesu a vredov sk\u00f4r, ako sa roz\u0161\u00edria. Tento balzam na pery, ktor\u00fd zmier\u0148uje boles\u0165 a hoj\u00ed, prid\u00e1va ochrann\u00fa vrstvu, ktor\u00e1 zabra\u0148uje \u0161\u00edreniu herpesu a vredov. Lyz\u00edn je dobr\u00fd na prevenciu herpesu, preto\u017ee zastavuje mno\u017eenie v\u00edrusu herpes simplex. Taktie\u017e skracuje trvanie herpesu, preto\u017ee blokuje aminokyselinu argin\u00edn, ktor\u00e1 je nevyhnutn\u00e1 pre mno\u017eenie v\u00edrusu.<\/p>","protected":false},"excerpt":{"rendered":"<p>R\u00fdchlo p\u00f4sobiaci laserov\u00fd komplex na lie\u010dbu herpesu a vredov.<\/p>","protected":false},"featured_media":108,"comment_status":"open","ping_status":"closed","template":"","meta":[],"product_brand":[],"product_cat":[27],"product_tag":[],"class_list":{"0":"post-53","1":"product","2":"type-product","3":"status-publish","4":"has-post-thumbnail","6":"product_cat-veatu","8":"first","9":"instock","10":"sale","11":"shipping-taxable","12":"purchasable","13":"product-type-simple"},"yoast_head":"<!-- This site is optimized with the Yoast SEO plugin v26.6 - https:\/\/yoast.com\/wordpress\/plugins\/seo\/ -->\n<title>\u0411\u044b\u0441\u0442\u0440\u043e\u0434\u0435\u0439\u0441\u0442\u0432\u0443\u044e\u0449\u0438\u0439 \u043b\u0430\u0437\u0435\u0440\u043d\u044b\u0439 \u043a\u043e\u043c\u043f\u043b\u0435\u043a\u0441 \u0434\u043b\u044f \u043b\u0435\u0447\u0435\u043d\u0438\u044f \u0433\u0435\u0440\u043f\u0435\u0441\u0430 \u0438 \u044f\u0437\u0432 (\u0421\u0428\u0410) VEATU - ShopsUSA<\/title>\n<meta name=\"robots\" content=\"index, follow, max-snippet:-1, max-image-preview:large, max-video-preview:-1\" \/>\n<link rel=\"canonical\" href=\"https:\/\/shops-usa.com\/sk\/produkt\/bystrodejstvuyushhij-lazernyj-kompleks-dlya-lecheniya-gerpesa-i-yazv-ssha-veatu\/?wmc-currency=EUR\" \/>\n<meta property=\"og:locale\" content=\"sk_SK\" \/>\n<meta property=\"og:type\" content=\"article\" \/>\n<meta property=\"og:title\" content=\"\u0411\u044b\u0441\u0442\u0440\u043e\u0434\u0435\u0439\u0441\u0442\u0432\u0443\u044e\u0449\u0438\u0439 \u043b\u0430\u0437\u0435\u0440\u043d\u044b\u0439 \u043a\u043e\u043c\u043f\u043b\u0435\u043a\u0441 \u0434\u043b\u044f \u043b\u0435\u0447\u0435\u043d\u0438\u044f \u0433\u0435\u0440\u043f\u0435\u0441\u0430 \u0438 \u044f\u0437\u0432 (\u0421\u0428\u0410) VEATU - ShopsUSA\" \/>\n<meta property=\"og:description\" content=\"\u0411\u044b\u0441\u0442\u0440\u043e\u0434\u0435\u0439\u0441\u0442\u0432\u0443\u044e\u0449\u0438\u0439 \u043b\u0430\u0437\u0435\u0440\u043d\u044b\u0439 \u043a\u043e\u043c\u043f\u043b\u0435\u043a\u0441 \u0434\u043b\u044f \u043b\u0435\u0447\u0435\u043d\u0438\u044f \u0433\u0435\u0440\u043f\u0435\u0441\u0430 \u0438 \u044f\u0437\u0432.\" \/>\n<meta property=\"og:url\" content=\"https:\/\/shops-usa.com\/sk\/produkt\/bystrodejstvuyushhij-lazernyj-kompleks-dlya-lecheniya-gerpesa-i-yazv-ssha-veatu\/?wmc-currency=EUR\" \/>\n<meta property=\"og:site_name\" content=\"ShopsUSA\" \/>\n<meta property=\"article:modified_time\" content=\"2025-09-14T09:24:16+00:00\" \/>\n<meta property=\"og:image\" content=\"https:\/\/shops-usa.com\/wp-content\/uploads\/2024\/12\/1-7.jpg\" \/>\n\t<meta property=\"og:image:width\" content=\"1500\" \/>\n\t<meta property=\"og:image:height\" content=\"1480\" \/>\n\t<meta property=\"og:image:type\" content=\"image\/jpeg\" \/>\n<meta name=\"twitter:card\" content=\"summary_large_image\" \/>\n<script type=\"application\/ld+json\" class=\"yoast-schema-graph\">{\"@context\":\"https:\/\/schema.org\",\"@graph\":[{\"@type\":\"WebPage\",\"@id\":\"https:\/\/shops-usa.com\/product\/bystrodejstvuyushhij-lazernyj-kompleks-dlya-lecheniya-gerpesa-i-yazv-ssha-veatu\/\",\"url\":\"https:\/\/shops-usa.com\/product\/bystrodejstvuyushhij-lazernyj-kompleks-dlya-lecheniya-gerpesa-i-yazv-ssha-veatu\/\",\"name\":\"\u0411\u044b\u0441\u0442\u0440\u043e\u0434\u0435\u0439\u0441\u0442\u0432\u0443\u044e\u0449\u0438\u0439 \u043b\u0430\u0437\u0435\u0440\u043d\u044b\u0439 \u043a\u043e\u043c\u043f\u043b\u0435\u043a\u0441 \u0434\u043b\u044f \u043b\u0435\u0447\u0435\u043d\u0438\u044f \u0433\u0435\u0440\u043f\u0435\u0441\u0430 \u0438 \u044f\u0437\u0432 (\u0421\u0428\u0410) VEATU - ShopsUSA\",\"isPartOf\":{\"@id\":\"https:\/\/shops-usa.com\/#website\"},\"primaryImageOfPage\":{\"@id\":\"https:\/\/shops-usa.com\/product\/bystrodejstvuyushhij-lazernyj-kompleks-dlya-lecheniya-gerpesa-i-yazv-ssha-veatu\/#primaryimage\"},\"image\":{\"@id\":\"https:\/\/shops-usa.com\/product\/bystrodejstvuyushhij-lazernyj-kompleks-dlya-lecheniya-gerpesa-i-yazv-ssha-veatu\/#primaryimage\"},\"thumbnailUrl\":\"https:\/\/shops-usa.com\/wp-content\/uploads\/2024\/12\/1-7.jpg\",\"datePublished\":\"2024-12-18T14:34:17+00:00\",\"dateModified\":\"2025-09-14T09:24:16+00:00\",\"breadcrumb\":{\"@id\":\"https:\/\/shops-usa.com\/product\/bystrodejstvuyushhij-lazernyj-kompleks-dlya-lecheniya-gerpesa-i-yazv-ssha-veatu\/#breadcrumb\"},\"inLanguage\":\"sk-SK\",\"potentialAction\":[{\"@type\":\"ReadAction\",\"target\":[\"https:\/\/shops-usa.com\/product\/bystrodejstvuyushhij-lazernyj-kompleks-dlya-lecheniya-gerpesa-i-yazv-ssha-veatu\/\"]}]},{\"@type\":\"ImageObject\",\"inLanguage\":\"sk-SK\",\"@id\":\"https:\/\/shops-usa.com\/product\/bystrodejstvuyushhij-lazernyj-kompleks-dlya-lecheniya-gerpesa-i-yazv-ssha-veatu\/#primaryimage\",\"url\":\"https:\/\/shops-usa.com\/wp-content\/uploads\/2024\/12\/1-7.jpg\",\"contentUrl\":\"https:\/\/shops-usa.com\/wp-content\/uploads\/2024\/12\/1-7.jpg\",\"width\":1500,\"height\":1480},{\"@type\":\"BreadcrumbList\",\"@id\":\"https:\/\/shops-usa.com\/product\/bystrodejstvuyushhij-lazernyj-kompleks-dlya-lecheniya-gerpesa-i-yazv-ssha-veatu\/#breadcrumb\",\"itemListElement\":[{\"@type\":\"ListItem\",\"position\":1,\"name\":\"Home\",\"item\":\"https:\/\/shops-usa.com\/\"},{\"@type\":\"ListItem\",\"position\":2,\"name\":\"\u041a\u0430\u0442\u0430\u043b\u043e\u0433\",\"item\":\"https:\/\/shops-usa.com\/catalogue\/\"},{\"@type\":\"ListItem\",\"position\":3,\"name\":\"\u0411\u044b\u0441\u0442\u0440\u043e\u0434\u0435\u0439\u0441\u0442\u0432\u0443\u044e\u0449\u0438\u0439 \u043b\u0430\u0437\u0435\u0440\u043d\u044b\u0439 \u043a\u043e\u043c\u043f\u043b\u0435\u043a\u0441 \u0434\u043b\u044f \u043b\u0435\u0447\u0435\u043d\u0438\u044f \u0433\u0435\u0440\u043f\u0435\u0441\u0430 \u0438 \u044f\u0437\u0432 (\u0421\u0428\u0410) VEATU\"}]},{\"@type\":\"WebSite\",\"@id\":\"https:\/\/shops-usa.com\/#website\",\"url\":\"https:\/\/shops-usa.com\/\",\"name\":\"ShopsUSA\",\"description\":\"Quality products from USA\",\"publisher\":{\"@id\":\"https:\/\/shops-usa.com\/#organization\"},\"potentialAction\":[{\"@type\":\"SearchAction\",\"target\":{\"@type\":\"EntryPoint\",\"urlTemplate\":\"https:\/\/shops-usa.com\/?s={search_term_string}\"},\"query-input\":{\"@type\":\"PropertyValueSpecification\",\"valueRequired\":true,\"valueName\":\"search_term_string\"}}],\"inLanguage\":\"sk-SK\"},{\"@type\":\"Organization\",\"@id\":\"https:\/\/shops-usa.com\/#organization\",\"name\":\"SHOPS USA\",\"alternateName\":\"SHOPS\",\"url\":\"https:\/\/shops-usa.com\/\",\"logo\":{\"@type\":\"ImageObject\",\"inLanguage\":\"sk-SK\",\"@id\":\"https:\/\/shops-usa.com\/#\/schema\/logo\/image\/\",\"url\":\"https:\/\/shops-usa.com\/wp-content\/uploads\/2025\/12\/letter_final_white-1.png\",\"contentUrl\":\"https:\/\/shops-usa.com\/wp-content\/uploads\/2025\/12\/letter_final_white-1.png\",\"width\":1711,\"height\":1949,\"caption\":\"SHOPS USA\"},\"image\":{\"@id\":\"https:\/\/shops-usa.com\/#\/schema\/logo\/image\/\"}}]}<\/script>\n<!-- \/ Yoast SEO plugin. -->","yoast_head_json":{"title":"\u0411\u044b\u0441\u0442\u0440\u043e\u0434\u0435\u0439\u0441\u0442\u0432\u0443\u044e\u0449\u0438\u0439 \u043b\u0430\u0437\u0435\u0440\u043d\u044b\u0439 \u043a\u043e\u043c\u043f\u043b\u0435\u043a\u0441 \u0434\u043b\u044f \u043b\u0435\u0447\u0435\u043d\u0438\u044f \u0433\u0435\u0440\u043f\u0435\u0441\u0430 \u0438 \u044f\u0437\u0432 (\u0421\u0428\u0410) VEATU - ShopsUSA","robots":{"index":"index","follow":"follow","max-snippet":"max-snippet:-1","max-image-preview":"max-image-preview:large","max-video-preview":"max-video-preview:-1"},"canonical":"https:\/\/shops-usa.com\/sk\/produkt\/bystrodejstvuyushhij-lazernyj-kompleks-dlya-lecheniya-gerpesa-i-yazv-ssha-veatu\/?wmc-currency=EUR","og_locale":"sk_SK","og_type":"article","og_title":"\u0411\u044b\u0441\u0442\u0440\u043e\u0434\u0435\u0439\u0441\u0442\u0432\u0443\u044e\u0449\u0438\u0439 \u043b\u0430\u0437\u0435\u0440\u043d\u044b\u0439 \u043a\u043e\u043c\u043f\u043b\u0435\u043a\u0441 \u0434\u043b\u044f \u043b\u0435\u0447\u0435\u043d\u0438\u044f \u0433\u0435\u0440\u043f\u0435\u0441\u0430 \u0438 \u044f\u0437\u0432 (\u0421\u0428\u0410) VEATU - ShopsUSA","og_description":"\u0411\u044b\u0441\u0442\u0440\u043e\u0434\u0435\u0439\u0441\u0442\u0432\u0443\u044e\u0449\u0438\u0439 \u043b\u0430\u0437\u0435\u0440\u043d\u044b\u0439 \u043a\u043e\u043c\u043f\u043b\u0435\u043a\u0441 \u0434\u043b\u044f \u043b\u0435\u0447\u0435\u043d\u0438\u044f \u0433\u0435\u0440\u043f\u0435\u0441\u0430 \u0438 \u044f\u0437\u0432.","og_url":"https:\/\/shops-usa.com\/sk\/produkt\/bystrodejstvuyushhij-lazernyj-kompleks-dlya-lecheniya-gerpesa-i-yazv-ssha-veatu\/?wmc-currency=EUR","og_site_name":"ShopsUSA","article_modified_time":"2025-09-14T09:24:16+00:00","og_image":[{"width":1500,"height":1480,"url":"https:\/\/shops-usa.com\/wp-content\/uploads\/2024\/12\/1-7.jpg","type":"image\/jpeg"}],"twitter_card":"summary_large_image","schema":{"@context":"https:\/\/schema.org","@graph":[{"@type":"WebPage","@id":"https:\/\/shops-usa.com\/product\/bystrodejstvuyushhij-lazernyj-kompleks-dlya-lecheniya-gerpesa-i-yazv-ssha-veatu\/","url":"https:\/\/shops-usa.com\/product\/bystrodejstvuyushhij-lazernyj-kompleks-dlya-lecheniya-gerpesa-i-yazv-ssha-veatu\/","name":"\u0411\u044b\u0441\u0442\u0440\u043e\u0434\u0435\u0439\u0441\u0442\u0432\u0443\u044e\u0449\u0438\u0439 \u043b\u0430\u0437\u0435\u0440\u043d\u044b\u0439 \u043a\u043e\u043c\u043f\u043b\u0435\u043a\u0441 \u0434\u043b\u044f \u043b\u0435\u0447\u0435\u043d\u0438\u044f \u0433\u0435\u0440\u043f\u0435\u0441\u0430 \u0438 \u044f\u0437\u0432 (\u0421\u0428\u0410) VEATU - ShopsUSA","isPartOf":{"@id":"https:\/\/shops-usa.com\/#website"},"primaryImageOfPage":{"@id":"https:\/\/shops-usa.com\/product\/bystrodejstvuyushhij-lazernyj-kompleks-dlya-lecheniya-gerpesa-i-yazv-ssha-veatu\/#primaryimage"},"image":{"@id":"https:\/\/shops-usa.com\/product\/bystrodejstvuyushhij-lazernyj-kompleks-dlya-lecheniya-gerpesa-i-yazv-ssha-veatu\/#primaryimage"},"thumbnailUrl":"https:\/\/shops-usa.com\/wp-content\/uploads\/2024\/12\/1-7.jpg","datePublished":"2024-12-18T14:34:17+00:00","dateModified":"2025-09-14T09:24:16+00:00","breadcrumb":{"@id":"https:\/\/shops-usa.com\/product\/bystrodejstvuyushhij-lazernyj-kompleks-dlya-lecheniya-gerpesa-i-yazv-ssha-veatu\/#breadcrumb"},"inLanguage":"sk-SK","potentialAction":[{"@type":"ReadAction","target":["https:\/\/shops-usa.com\/product\/bystrodejstvuyushhij-lazernyj-kompleks-dlya-lecheniya-gerpesa-i-yazv-ssha-veatu\/"]}]},{"@type":"ImageObject","inLanguage":"sk-SK","@id":"https:\/\/shops-usa.com\/product\/bystrodejstvuyushhij-lazernyj-kompleks-dlya-lecheniya-gerpesa-i-yazv-ssha-veatu\/#primaryimage","url":"https:\/\/shops-usa.com\/wp-content\/uploads\/2024\/12\/1-7.jpg","contentUrl":"https:\/\/shops-usa.com\/wp-content\/uploads\/2024\/12\/1-7.jpg","width":1500,"height":1480},{"@type":"BreadcrumbList","@id":"https:\/\/shops-usa.com\/product\/bystrodejstvuyushhij-lazernyj-kompleks-dlya-lecheniya-gerpesa-i-yazv-ssha-veatu\/#breadcrumb","itemListElement":[{"@type":"ListItem","position":1,"name":"Home","item":"https:\/\/shops-usa.com\/"},{"@type":"ListItem","position":2,"name":"\u041a\u0430\u0442\u0430\u043b\u043e\u0433","item":"https:\/\/shops-usa.com\/catalogue\/"},{"@type":"ListItem","position":3,"name":"\u0411\u044b\u0441\u0442\u0440\u043e\u0434\u0435\u0439\u0441\u0442\u0432\u0443\u044e\u0449\u0438\u0439 \u043b\u0430\u0437\u0435\u0440\u043d\u044b\u0439 \u043a\u043e\u043c\u043f\u043b\u0435\u043a\u0441 \u0434\u043b\u044f \u043b\u0435\u0447\u0435\u043d\u0438\u044f \u0433\u0435\u0440\u043f\u0435\u0441\u0430 \u0438 \u044f\u0437\u0432 (\u0421\u0428\u0410) VEATU"}]},{"@type":"WebSite","@id":"https:\/\/shops-usa.com\/#website","url":"https:\/\/shops-usa.com\/","name":"ShopsUSA","description":"Quality products from USA","publisher":{"@id":"https:\/\/shops-usa.com\/#organization"},"potentialAction":[{"@type":"SearchAction","target":{"@type":"EntryPoint","urlTemplate":"https:\/\/shops-usa.com\/?s={search_term_string}"},"query-input":{"@type":"PropertyValueSpecification","valueRequired":true,"valueName":"search_term_string"}}],"inLanguage":"sk-SK"},{"@type":"Organization","@id":"https:\/\/shops-usa.com\/#organization","name":"SHOPS USA","alternateName":"SHOPS","url":"https:\/\/shops-usa.com\/","logo":{"@type":"ImageObject","inLanguage":"sk-SK","@id":"https:\/\/shops-usa.com\/#\/schema\/logo\/image\/","url":"https:\/\/shops-usa.com\/wp-content\/uploads\/2025\/12\/letter_final_white-1.png","contentUrl":"https:\/\/shops-usa.com\/wp-content\/uploads\/2025\/12\/letter_final_white-1.png","width":1711,"height":1949,"caption":"SHOPS USA"},"image":{"@id":"https:\/\/shops-usa.com\/#\/schema\/logo\/image\/"}}]}},"_links":{"self":[{"href":"https:\/\/shops-usa.com\/sk\/wp-json\/wp\/v2\/product\/53","targetHints":{"allow":["GET"]}}],"collection":[{"href":"https:\/\/shops-usa.com\/sk\/wp-json\/wp\/v2\/product"}],"about":[{"href":"https:\/\/shops-usa.com\/sk\/wp-json\/wp\/v2\/types\/product"}],"replies":[{"embeddable":true,"href":"https:\/\/shops-usa.com\/sk\/wp-json\/wp\/v2\/comments?post=53"}],"wp:featuredmedia":[{"embeddable":true,"href":"https:\/\/shops-usa.com\/sk\/wp-json\/wp\/v2\/media\/108"}],"wp:attachment":[{"href":"https:\/\/shops-usa.com\/sk\/wp-json\/wp\/v2\/media?parent=53"}],"wp:term":[{"taxonomy":"product_brand","embeddable":true,"href":"https:\/\/shops-usa.com\/sk\/wp-json\/wp\/v2\/product_brand?post=53"},{"taxonomy":"product_cat","embeddable":true,"href":"https:\/\/shops-usa.com\/sk\/wp-json\/wp\/v2\/product_cat?post=53"},{"taxonomy":"product_tag","embeddable":true,"href":"https:\/\/shops-usa.com\/sk\/wp-json\/wp\/v2\/product_tag?post=53"}],"curies":[{"name":"wp","href":"https:\/\/api.w.org\/{rel}","templated":true}]}}