{"id":49,"date":"2024-12-18T14:34:17","date_gmt":"2024-12-18T14:34:17","guid":{"rendered":"https:\/\/shops-usa.com\/?post_type=product&#038;p=49"},"modified":"2024-12-18T14:35:18","modified_gmt":"2024-12-18T14:35:18","slug":"nabor-dlya-promyvaniya-slizistoj-ssha-navage","status":"publish","type":"product","link":"https:\/\/shops-usa.com\/sk\/produkt\/nabor-dlya-promyvaniya-slizistoj-ssha-navage\/","title":{"rendered":"S\u00faprava na v\u00fdplach nosa Navage (USA)"},"content":{"rendered":"<p>S\u00faprava obsahuje nosov\u00fd \u010disti\u010d Nav\u00e4ge, 30 kaps\u00fal Saltpod, stojan na st\u00f4l, cestovn\u00e9 puzdro a bat\u00e9rie AA. Nav\u00e4ge je jedin\u00fd nosov\u00fd irig\u00e1tor na svete s jemn\u00fdm san\u00edm. Vyroben\u00fd iba z pr\u00edrodn\u00fdch zlo\u017eiek, poskytuje \u00fa\u013eavu od alergi\u00ed a upchat\u00fdch dut\u00edn. Klinicky dok\u00e1zan\u00e9, \u017ee zmier\u0148uje upchat\u00fd nos sp\u00f4soben\u00fd z\u00e1palom dut\u00edn, alergiami, sennou n\u00e1dchou, chladom, such\u00fdm vzduchom, zne\u010disten\u00edm a \u010fal\u0161\u00edmi probl\u00e9mami. Pom\u00e1ha zmierni\u0165 chr\u00e1panie a zlep\u0161i\u0165 sp\u00e1nok. Rozmery: 33 x 23 x 23 cm. Hmotnos\u0165: 1,6 kg.<\/p>","protected":false},"excerpt":{"rendered":"<p>S\u00faprava na nosov\u00fa v\u00fdplachu. Jedin\u00fd nosov\u00fd irig\u00e1tor na svete s jemn\u00fdm san\u00edm.<\/p>","protected":false},"featured_media":94,"comment_status":"open","ping_status":"closed","template":"","meta":[],"product_brand":[],"product_cat":[23],"product_tag":[],"class_list":{"0":"post-49","1":"product","2":"type-product","3":"status-publish","4":"has-post-thumbnail","6":"product_cat-navage","8":"first","9":"instock","10":"sale","11":"shipping-taxable","12":"purchasable","13":"product-type-simple"},"yoast_head":"<!-- This site is optimized with the Yoast SEO plugin v26.6 - https:\/\/yoast.com\/wordpress\/plugins\/seo\/ -->\n<title>\u041d\u0430\u0431\u043e\u0440 \u0434\u043b\u044f \u043f\u0440\u043e\u043c\u044b\u0432\u0430\u043d\u0438\u044f \u0441\u043b\u0438\u0437\u0438\u0441\u0442\u043e\u0439 (\u0421\u0428\u0410) Navage - ShopsUSA<\/title>\n<meta name=\"robots\" content=\"index, follow, max-snippet:-1, max-image-preview:large, max-video-preview:-1\" \/>\n<link rel=\"canonical\" href=\"https:\/\/shops-usa.com\/sk\/produkt\/nabor-dlya-promyvaniya-slizistoj-ssha-navage\/?wmc-currency=EUR\" \/>\n<meta property=\"og:locale\" content=\"sk_SK\" \/>\n<meta property=\"og:type\" content=\"article\" \/>\n<meta property=\"og:title\" content=\"\u041d\u0430\u0431\u043e\u0440 \u0434\u043b\u044f \u043f\u0440\u043e\u043c\u044b\u0432\u0430\u043d\u0438\u044f \u0441\u043b\u0438\u0437\u0438\u0441\u0442\u043e\u0439 (\u0421\u0428\u0410) Navage - ShopsUSA\" \/>\n<meta property=\"og:description\" content=\"\u041d\u0430\u0431\u043e\u0440 \u0434\u043b\u044f \u043f\u0440\u043e\u043c\u044b\u0432\u0430\u043d\u0438\u044f \u0441\u043b\u0438\u0437\u0438\u0441\u0442\u043e\u0439. \u0415\u0434\u0438\u043d\u0441\u0442\u0432\u0435\u043d\u043d\u044b\u0439 \u0432 \u043c\u0438\u0440\u0435 \u0438\u0440\u0440\u0438\u0433\u0430\u0442\u043e\u0440 \u0434\u043b\u044f \u043d\u043e\u0441\u0430 \u0441 \u043c\u044f\u0433\u043a\u0438\u043c \u0432\u0441\u0430\u0441\u044b\u0432\u0430\u043d\u0438\u0435\u043c.\" \/>\n<meta property=\"og:url\" content=\"https:\/\/shops-usa.com\/sk\/produkt\/nabor-dlya-promyvaniya-slizistoj-ssha-navage\/?wmc-currency=EUR\" \/>\n<meta property=\"og:site_name\" content=\"ShopsUSA\" \/>\n<meta property=\"article:modified_time\" content=\"2024-12-18T14:35:18+00:00\" \/>\n<meta property=\"og:image\" content=\"https:\/\/shops-usa.com\/wp-content\/uploads\/2024\/12\/1-4.jpg\" \/>\n\t<meta property=\"og:image:width\" content=\"1171\" \/>\n\t<meta property=\"og:image:height\" content=\"1185\" \/>\n\t<meta property=\"og:image:type\" content=\"image\/jpeg\" \/>\n<meta name=\"twitter:card\" content=\"summary_large_image\" \/>\n<script type=\"application\/ld+json\" class=\"yoast-schema-graph\">{\"@context\":\"https:\/\/schema.org\",\"@graph\":[{\"@type\":\"WebPage\",\"@id\":\"https:\/\/shops-usa.com\/product\/nabor-dlya-promyvaniya-slizistoj-ssha-navage\/\",\"url\":\"https:\/\/shops-usa.com\/product\/nabor-dlya-promyvaniya-slizistoj-ssha-navage\/\",\"name\":\"\u041d\u0430\u0431\u043e\u0440 \u0434\u043b\u044f \u043f\u0440\u043e\u043c\u044b\u0432\u0430\u043d\u0438\u044f \u0441\u043b\u0438\u0437\u0438\u0441\u0442\u043e\u0439 (\u0421\u0428\u0410) Navage - ShopsUSA\",\"isPartOf\":{\"@id\":\"https:\/\/shops-usa.com\/#website\"},\"primaryImageOfPage\":{\"@id\":\"https:\/\/shops-usa.com\/product\/nabor-dlya-promyvaniya-slizistoj-ssha-navage\/#primaryimage\"},\"image\":{\"@id\":\"https:\/\/shops-usa.com\/product\/nabor-dlya-promyvaniya-slizistoj-ssha-navage\/#primaryimage\"},\"thumbnailUrl\":\"https:\/\/shops-usa.com\/wp-content\/uploads\/2024\/12\/1-4.jpg\",\"datePublished\":\"2024-12-18T14:34:17+00:00\",\"dateModified\":\"2024-12-18T14:35:18+00:00\",\"breadcrumb\":{\"@id\":\"https:\/\/shops-usa.com\/product\/nabor-dlya-promyvaniya-slizistoj-ssha-navage\/#breadcrumb\"},\"inLanguage\":\"sk-SK\",\"potentialAction\":[{\"@type\":\"ReadAction\",\"target\":[\"https:\/\/shops-usa.com\/product\/nabor-dlya-promyvaniya-slizistoj-ssha-navage\/\"]}]},{\"@type\":\"ImageObject\",\"inLanguage\":\"sk-SK\",\"@id\":\"https:\/\/shops-usa.com\/product\/nabor-dlya-promyvaniya-slizistoj-ssha-navage\/#primaryimage\",\"url\":\"https:\/\/shops-usa.com\/wp-content\/uploads\/2024\/12\/1-4.jpg\",\"contentUrl\":\"https:\/\/shops-usa.com\/wp-content\/uploads\/2024\/12\/1-4.jpg\",\"width\":1171,\"height\":1185},{\"@type\":\"BreadcrumbList\",\"@id\":\"https:\/\/shops-usa.com\/product\/nabor-dlya-promyvaniya-slizistoj-ssha-navage\/#breadcrumb\",\"itemListElement\":[{\"@type\":\"ListItem\",\"position\":1,\"name\":\"Home\",\"item\":\"https:\/\/shops-usa.com\/\"},{\"@type\":\"ListItem\",\"position\":2,\"name\":\"\u041a\u0430\u0442\u0430\u043b\u043e\u0433\",\"item\":\"https:\/\/shops-usa.com\/catalogue\/\"},{\"@type\":\"ListItem\",\"position\":3,\"name\":\"\u041d\u0430\u0431\u043e\u0440 \u0434\u043b\u044f \u043f\u0440\u043e\u043c\u044b\u0432\u0430\u043d\u0438\u044f \u0441\u043b\u0438\u0437\u0438\u0441\u0442\u043e\u0439 (\u0421\u0428\u0410) Navage\"}]},{\"@type\":\"WebSite\",\"@id\":\"https:\/\/shops-usa.com\/#website\",\"url\":\"https:\/\/shops-usa.com\/\",\"name\":\"ShopsUSA\",\"description\":\"Quality products from USA\",\"publisher\":{\"@id\":\"https:\/\/shops-usa.com\/#organization\"},\"potentialAction\":[{\"@type\":\"SearchAction\",\"target\":{\"@type\":\"EntryPoint\",\"urlTemplate\":\"https:\/\/shops-usa.com\/?s={search_term_string}\"},\"query-input\":{\"@type\":\"PropertyValueSpecification\",\"valueRequired\":true,\"valueName\":\"search_term_string\"}}],\"inLanguage\":\"sk-SK\"},{\"@type\":\"Organization\",\"@id\":\"https:\/\/shops-usa.com\/#organization\",\"name\":\"SHOPS USA\",\"alternateName\":\"SHOPS\",\"url\":\"https:\/\/shops-usa.com\/\",\"logo\":{\"@type\":\"ImageObject\",\"inLanguage\":\"sk-SK\",\"@id\":\"https:\/\/shops-usa.com\/#\/schema\/logo\/image\/\",\"url\":\"https:\/\/shops-usa.com\/wp-content\/uploads\/2025\/12\/letter_final_white-1.png\",\"contentUrl\":\"https:\/\/shops-usa.com\/wp-content\/uploads\/2025\/12\/letter_final_white-1.png\",\"width\":1711,\"height\":1949,\"caption\":\"SHOPS USA\"},\"image\":{\"@id\":\"https:\/\/shops-usa.com\/#\/schema\/logo\/image\/\"}}]}<\/script>\n<!-- \/ Yoast SEO plugin. -->","yoast_head_json":{"title":"\u041d\u0430\u0431\u043e\u0440 \u0434\u043b\u044f \u043f\u0440\u043e\u043c\u044b\u0432\u0430\u043d\u0438\u044f \u0441\u043b\u0438\u0437\u0438\u0441\u0442\u043e\u0439 (\u0421\u0428\u0410) Navage - ShopsUSA","robots":{"index":"index","follow":"follow","max-snippet":"max-snippet:-1","max-image-preview":"max-image-preview:large","max-video-preview":"max-video-preview:-1"},"canonical":"https:\/\/shops-usa.com\/sk\/produkt\/nabor-dlya-promyvaniya-slizistoj-ssha-navage\/?wmc-currency=EUR","og_locale":"sk_SK","og_type":"article","og_title":"\u041d\u0430\u0431\u043e\u0440 \u0434\u043b\u044f \u043f\u0440\u043e\u043c\u044b\u0432\u0430\u043d\u0438\u044f \u0441\u043b\u0438\u0437\u0438\u0441\u0442\u043e\u0439 (\u0421\u0428\u0410) Navage - ShopsUSA","og_description":"\u041d\u0430\u0431\u043e\u0440 \u0434\u043b\u044f \u043f\u0440\u043e\u043c\u044b\u0432\u0430\u043d\u0438\u044f \u0441\u043b\u0438\u0437\u0438\u0441\u0442\u043e\u0439. \u0415\u0434\u0438\u043d\u0441\u0442\u0432\u0435\u043d\u043d\u044b\u0439 \u0432 \u043c\u0438\u0440\u0435 \u0438\u0440\u0440\u0438\u0433\u0430\u0442\u043e\u0440 \u0434\u043b\u044f \u043d\u043e\u0441\u0430 \u0441 \u043c\u044f\u0433\u043a\u0438\u043c \u0432\u0441\u0430\u0441\u044b\u0432\u0430\u043d\u0438\u0435\u043c.","og_url":"https:\/\/shops-usa.com\/sk\/produkt\/nabor-dlya-promyvaniya-slizistoj-ssha-navage\/?wmc-currency=EUR","og_site_name":"ShopsUSA","article_modified_time":"2024-12-18T14:35:18+00:00","og_image":[{"width":1171,"height":1185,"url":"https:\/\/shops-usa.com\/wp-content\/uploads\/2024\/12\/1-4.jpg","type":"image\/jpeg"}],"twitter_card":"summary_large_image","schema":{"@context":"https:\/\/schema.org","@graph":[{"@type":"WebPage","@id":"https:\/\/shops-usa.com\/product\/nabor-dlya-promyvaniya-slizistoj-ssha-navage\/","url":"https:\/\/shops-usa.com\/product\/nabor-dlya-promyvaniya-slizistoj-ssha-navage\/","name":"\u041d\u0430\u0431\u043e\u0440 \u0434\u043b\u044f \u043f\u0440\u043e\u043c\u044b\u0432\u0430\u043d\u0438\u044f \u0441\u043b\u0438\u0437\u0438\u0441\u0442\u043e\u0439 (\u0421\u0428\u0410) Navage - ShopsUSA","isPartOf":{"@id":"https:\/\/shops-usa.com\/#website"},"primaryImageOfPage":{"@id":"https:\/\/shops-usa.com\/product\/nabor-dlya-promyvaniya-slizistoj-ssha-navage\/#primaryimage"},"image":{"@id":"https:\/\/shops-usa.com\/product\/nabor-dlya-promyvaniya-slizistoj-ssha-navage\/#primaryimage"},"thumbnailUrl":"https:\/\/shops-usa.com\/wp-content\/uploads\/2024\/12\/1-4.jpg","datePublished":"2024-12-18T14:34:17+00:00","dateModified":"2024-12-18T14:35:18+00:00","breadcrumb":{"@id":"https:\/\/shops-usa.com\/product\/nabor-dlya-promyvaniya-slizistoj-ssha-navage\/#breadcrumb"},"inLanguage":"sk-SK","potentialAction":[{"@type":"ReadAction","target":["https:\/\/shops-usa.com\/product\/nabor-dlya-promyvaniya-slizistoj-ssha-navage\/"]}]},{"@type":"ImageObject","inLanguage":"sk-SK","@id":"https:\/\/shops-usa.com\/product\/nabor-dlya-promyvaniya-slizistoj-ssha-navage\/#primaryimage","url":"https:\/\/shops-usa.com\/wp-content\/uploads\/2024\/12\/1-4.jpg","contentUrl":"https:\/\/shops-usa.com\/wp-content\/uploads\/2024\/12\/1-4.jpg","width":1171,"height":1185},{"@type":"BreadcrumbList","@id":"https:\/\/shops-usa.com\/product\/nabor-dlya-promyvaniya-slizistoj-ssha-navage\/#breadcrumb","itemListElement":[{"@type":"ListItem","position":1,"name":"Home","item":"https:\/\/shops-usa.com\/"},{"@type":"ListItem","position":2,"name":"\u041a\u0430\u0442\u0430\u043b\u043e\u0433","item":"https:\/\/shops-usa.com\/catalogue\/"},{"@type":"ListItem","position":3,"name":"\u041d\u0430\u0431\u043e\u0440 \u0434\u043b\u044f \u043f\u0440\u043e\u043c\u044b\u0432\u0430\u043d\u0438\u044f \u0441\u043b\u0438\u0437\u0438\u0441\u0442\u043e\u0439 (\u0421\u0428\u0410) Navage"}]},{"@type":"WebSite","@id":"https:\/\/shops-usa.com\/#website","url":"https:\/\/shops-usa.com\/","name":"ShopsUSA","description":"Quality products from USA","publisher":{"@id":"https:\/\/shops-usa.com\/#organization"},"potentialAction":[{"@type":"SearchAction","target":{"@type":"EntryPoint","urlTemplate":"https:\/\/shops-usa.com\/?s={search_term_string}"},"query-input":{"@type":"PropertyValueSpecification","valueRequired":true,"valueName":"search_term_string"}}],"inLanguage":"sk-SK"},{"@type":"Organization","@id":"https:\/\/shops-usa.com\/#organization","name":"SHOPS USA","alternateName":"SHOPS","url":"https:\/\/shops-usa.com\/","logo":{"@type":"ImageObject","inLanguage":"sk-SK","@id":"https:\/\/shops-usa.com\/#\/schema\/logo\/image\/","url":"https:\/\/shops-usa.com\/wp-content\/uploads\/2025\/12\/letter_final_white-1.png","contentUrl":"https:\/\/shops-usa.com\/wp-content\/uploads\/2025\/12\/letter_final_white-1.png","width":1711,"height":1949,"caption":"SHOPS USA"},"image":{"@id":"https:\/\/shops-usa.com\/#\/schema\/logo\/image\/"}}]}},"_links":{"self":[{"href":"https:\/\/shops-usa.com\/sk\/wp-json\/wp\/v2\/product\/49","targetHints":{"allow":["GET"]}}],"collection":[{"href":"https:\/\/shops-usa.com\/sk\/wp-json\/wp\/v2\/product"}],"about":[{"href":"https:\/\/shops-usa.com\/sk\/wp-json\/wp\/v2\/types\/product"}],"replies":[{"embeddable":true,"href":"https:\/\/shops-usa.com\/sk\/wp-json\/wp\/v2\/comments?post=49"}],"wp:featuredmedia":[{"embeddable":true,"href":"https:\/\/shops-usa.com\/sk\/wp-json\/wp\/v2\/media\/94"}],"wp:attachment":[{"href":"https:\/\/shops-usa.com\/sk\/wp-json\/wp\/v2\/media?parent=49"}],"wp:term":[{"taxonomy":"product_brand","embeddable":true,"href":"https:\/\/shops-usa.com\/sk\/wp-json\/wp\/v2\/product_brand?post=49"},{"taxonomy":"product_cat","embeddable":true,"href":"https:\/\/shops-usa.com\/sk\/wp-json\/wp\/v2\/product_cat?post=49"},{"taxonomy":"product_tag","embeddable":true,"href":"https:\/\/shops-usa.com\/sk\/wp-json\/wp\/v2\/product_tag?post=49"}],"curies":[{"name":"wp","href":"https:\/\/api.w.org\/{rel}","templated":true}]}}