{"id":48,"date":"2024-12-18T14:34:17","date_gmt":"2024-12-18T14:34:17","guid":{"rendered":"https:\/\/shops-usa.com\/?post_type=product&#038;p=48"},"modified":"2026-02-06T16:55:45","modified_gmt":"2026-02-06T16:55:45","slug":"lazernoe-ustrojstvo-i-sredstvo-dlya-udaleniya-gribka-nogtej-ssha-magnetoe","status":"publish","type":"product","link":"https:\/\/shops-usa.com\/sk\/produkt\/lazernoe-ustrojstvo-i-sredstvo-dlya-udaleniya-gribka-nogtej-ssha-magnetoe\/","title":{"rendered":"Magnetoe (USA) Laserov\u00e9 zariadenie a mas\u0165 na odstr\u00e1nenie plesn\u00ed nechtov"},"content":{"rendered":"<p>Bezbolestn\u00e9 a pohodln\u00e9: Lie\u010dba onychomyk\u00f3zy nesp\u00f4sobuje \u017eiadnu ujmu ani boles\u0165. Koniec s nepr\u00edjemn\u00fdmi situ\u00e1ciami, \u017eiadne kr\u00e9my, spreje, \u017eiadne ved\u013eaj\u0161ie \u00fa\u010dinky, \u017eiadne predpisy ani lieky \u2013 bezpe\u010dn\u00e1 fyzioterapia \u2013 plesn\u00ed sa m\u00f4\u017eete zbavi\u0165 raz a nav\u017edy. Bezbolestne eliminuje plese\u0148 nechtov, nechtov\u00e9ho l\u00f4\u017eka a nechtovej ko\u017ei\u010dky. Toto laserov\u00e9 zariadenie na lie\u010dbu plesn\u00ed nechtov v\u00e1m umo\u017en\u00ed vidie\u0165 ohromuj\u00face v\u00fdsledky u\u017e za p\u00e1r t\u00fd\u017ed\u0148ov, len za 7 min\u00fat denne doma a automaticky sa vypne po 7 min\u00fatach. Magnetoe je \u013eahk\u00e9 a kompaktn\u00e9 laserov\u00e9 zariadenie na lie\u010dbu plesn\u00ed, dostato\u010dne mal\u00e9 na to, aby ste ho mohli nosi\u0165 so sebou, \u010do v\u00e1m umo\u017e\u0148uje pou\u017e\u00edva\u0165 lie\u010dbu plesn\u00ed nechtov kedyko\u013evek a kdeko\u013evek. Je cenovo dostupn\u00e9 a \u00fa\u010dinn\u00e9 v boji proti onychomyk\u00f3ze. Pokro\u010dil\u00e1 technol\u00f3gia: Laserov\u00e1 lie\u010dba plesn\u00ed nechtov kombinuje pulzn\u00e9 laserov\u00e9 svetlo a energiu modr\u00e9ho svetla, \u010do vedie k synergick\u00e9mu terapeutick\u00e9mu \u00fa\u010dinku. Terapia studen\u00fdm infra\u010derven\u00fdm laserom s vlnovou d\u013a\u017ekou 905 nm a modr\u00fdm svetlom so 465 nm na dezinfekciu. Klinicky testovan\u00e9, vysok\u00e1 kvalita, certifikovan\u00e9 pod\u013ea CE, RoHS, ISO9001 a IS013485. Studen\u00fd laser neovplyv\u0148uje ani nepo\u0161kodzuje okolit\u00e9 tkanivo.<\/p>","protected":false},"excerpt":{"rendered":"<p>Laserov\u00e9 zariadenie a ple\u0165ov\u00e9 mlieko na odstr\u00e1nenie plesn\u00ed z nechtov. Bezbolestne odstra\u0148uje plesne z nechtov, nechtov\u00fdch l\u00f4\u017eok a nechtovej ko\u017ei\u010dky.<\/p>","protected":false},"featured_media":89,"comment_status":"open","ping_status":"closed","template":"","meta":[],"product_brand":[],"product_cat":[52,22],"product_tag":[],"class_list":{"0":"post-48","1":"product","2":"type-product","3":"status-publish","4":"has-post-thumbnail","6":"product_cat-heureka-export","7":"product_cat-magnetoe","9":"first","10":"instock","11":"sale","12":"shipping-taxable","13":"purchasable","14":"product-type-simple"},"yoast_head":"<!-- This site is optimized with the Yoast SEO plugin v26.6 - https:\/\/yoast.com\/wordpress\/plugins\/seo\/ -->\n<title>\u041b\u0430\u0437\u0435\u0440\u043d\u043e\u0435 \u0443\u0441\u0442\u0440\u043e\u0439\u0441\u0442\u0432\u043e \u0438 \u0441\u0440\u0435\u0434\u0441\u0442\u0432\u043e \u0434\u043b\u044f \u0443\u0434\u0430\u043b\u0435\u043d\u0438\u044f \u0433\u0440\u0438\u0431\u043a\u0430 \u043d\u043e\u0433\u0442\u0435\u0439 (\u0421\u0428\u0410) Magnetoe - ShopsUSA<\/title>\n<meta name=\"robots\" content=\"index, follow, max-snippet:-1, max-image-preview:large, max-video-preview:-1\" \/>\n<link rel=\"canonical\" href=\"https:\/\/shops-usa.com\/sk\/produkt\/lazernoe-ustrojstvo-i-sredstvo-dlya-udaleniya-gribka-nogtej-ssha-magnetoe\/?wmc-currency=EUR\" \/>\n<meta property=\"og:locale\" content=\"sk_SK\" \/>\n<meta property=\"og:type\" content=\"article\" \/>\n<meta property=\"og:title\" content=\"\u041b\u0430\u0437\u0435\u0440\u043d\u043e\u0435 \u0443\u0441\u0442\u0440\u043e\u0439\u0441\u0442\u0432\u043e \u0438 \u0441\u0440\u0435\u0434\u0441\u0442\u0432\u043e \u0434\u043b\u044f \u0443\u0434\u0430\u043b\u0435\u043d\u0438\u044f \u0433\u0440\u0438\u0431\u043a\u0430 \u043d\u043e\u0433\u0442\u0435\u0439 (\u0421\u0428\u0410) Magnetoe - ShopsUSA\" \/>\n<meta property=\"og:description\" content=\"\u041b\u0430\u0437\u0435\u0440\u043d\u043e\u0435 \u0443\u0441\u0442\u0440\u043e\u0439\u0441\u0442\u0432\u043e \u0438 \u0441\u0440\u0435\u0434\u0441\u0442\u0432\u043e \u0434\u043b\u044f \u0443\u0434\u0430\u043b\u0435\u043d\u0438\u044f \u0433\u0440\u0438\u0431\u043a\u0430 \u043d\u043e\u0433\u0442\u0435\u0439. \u0411\u0435\u0437\u0431\u043e\u043b\u0435\u0437\u043d\u0435\u043d\u043d\u043e \u0443\u0441\u0442\u0440\u0430\u043d\u044f\u0435\u0442 \u0433\u0440\u0438\u0431\u043e\u043a \u043d\u043e\u0433\u0442\u0435\u0439, \u043d\u043e\u0433\u0442\u0435\u0432\u043e\u0433\u043e \u043b\u043e\u0436\u0430 \u0438 \u043a\u0443\u0442\u0438\u043a\u0443\u043b\u044b.\" \/>\n<meta property=\"og:url\" content=\"https:\/\/shops-usa.com\/sk\/produkt\/lazernoe-ustrojstvo-i-sredstvo-dlya-udaleniya-gribka-nogtej-ssha-magnetoe\/?wmc-currency=EUR\" \/>\n<meta property=\"og:site_name\" content=\"ShopsUSA\" \/>\n<meta property=\"article:modified_time\" content=\"2026-02-06T16:55:45+00:00\" \/>\n<meta property=\"og:image\" content=\"https:\/\/shops-usa.com\/wp-content\/uploads\/2024\/12\/12.jpg\" \/>\n\t<meta property=\"og:image:width\" content=\"1600\" \/>\n\t<meta property=\"og:image:height\" content=\"1600\" \/>\n\t<meta property=\"og:image:type\" content=\"image\/jpeg\" \/>\n<meta name=\"twitter:card\" content=\"summary_large_image\" \/>\n<meta name=\"twitter:label1\" content=\"Predpokladan\u00fd \u010das \u010d\u00edtania\" \/>\n\t<meta name=\"twitter:data1\" content=\"1 min\u00fata\" \/>\n<script type=\"application\/ld+json\" class=\"yoast-schema-graph\">{\"@context\":\"https:\/\/schema.org\",\"@graph\":[{\"@type\":\"WebPage\",\"@id\":\"https:\/\/shops-usa.com\/product\/lazernoe-ustrojstvo-i-sredstvo-dlya-udaleniya-gribka-nogtej-ssha-magnetoe\/\",\"url\":\"https:\/\/shops-usa.com\/product\/lazernoe-ustrojstvo-i-sredstvo-dlya-udaleniya-gribka-nogtej-ssha-magnetoe\/\",\"name\":\"\u041b\u0430\u0437\u0435\u0440\u043d\u043e\u0435 \u0443\u0441\u0442\u0440\u043e\u0439\u0441\u0442\u0432\u043e \u0438 \u0441\u0440\u0435\u0434\u0441\u0442\u0432\u043e \u0434\u043b\u044f \u0443\u0434\u0430\u043b\u0435\u043d\u0438\u044f \u0433\u0440\u0438\u0431\u043a\u0430 \u043d\u043e\u0433\u0442\u0435\u0439 (\u0421\u0428\u0410) Magnetoe - ShopsUSA\",\"isPartOf\":{\"@id\":\"https:\/\/shops-usa.com\/#website\"},\"primaryImageOfPage\":{\"@id\":\"https:\/\/shops-usa.com\/product\/lazernoe-ustrojstvo-i-sredstvo-dlya-udaleniya-gribka-nogtej-ssha-magnetoe\/#primaryimage\"},\"image\":{\"@id\":\"https:\/\/shops-usa.com\/product\/lazernoe-ustrojstvo-i-sredstvo-dlya-udaleniya-gribka-nogtej-ssha-magnetoe\/#primaryimage\"},\"thumbnailUrl\":\"https:\/\/shops-usa.com\/wp-content\/uploads\/2024\/12\/12.jpg\",\"datePublished\":\"2024-12-18T14:34:17+00:00\",\"dateModified\":\"2026-02-06T16:55:45+00:00\",\"breadcrumb\":{\"@id\":\"https:\/\/shops-usa.com\/product\/lazernoe-ustrojstvo-i-sredstvo-dlya-udaleniya-gribka-nogtej-ssha-magnetoe\/#breadcrumb\"},\"inLanguage\":\"sk-SK\",\"potentialAction\":[{\"@type\":\"ReadAction\",\"target\":[\"https:\/\/shops-usa.com\/product\/lazernoe-ustrojstvo-i-sredstvo-dlya-udaleniya-gribka-nogtej-ssha-magnetoe\/\"]}]},{\"@type\":\"ImageObject\",\"inLanguage\":\"sk-SK\",\"@id\":\"https:\/\/shops-usa.com\/product\/lazernoe-ustrojstvo-i-sredstvo-dlya-udaleniya-gribka-nogtej-ssha-magnetoe\/#primaryimage\",\"url\":\"https:\/\/shops-usa.com\/wp-content\/uploads\/2024\/12\/12.jpg\",\"contentUrl\":\"https:\/\/shops-usa.com\/wp-content\/uploads\/2024\/12\/12.jpg\",\"width\":1600,\"height\":1600},{\"@type\":\"BreadcrumbList\",\"@id\":\"https:\/\/shops-usa.com\/product\/lazernoe-ustrojstvo-i-sredstvo-dlya-udaleniya-gribka-nogtej-ssha-magnetoe\/#breadcrumb\",\"itemListElement\":[{\"@type\":\"ListItem\",\"position\":1,\"name\":\"Home\",\"item\":\"https:\/\/shops-usa.com\/\"},{\"@type\":\"ListItem\",\"position\":2,\"name\":\"\u041a\u0430\u0442\u0430\u043b\u043e\u0433\",\"item\":\"https:\/\/shops-usa.com\/catalogue\/\"},{\"@type\":\"ListItem\",\"position\":3,\"name\":\"\u041b\u0430\u0437\u0435\u0440\u043d\u043e\u0435 \u0443\u0441\u0442\u0440\u043e\u0439\u0441\u0442\u0432\u043e \u0438 \u0441\u0440\u0435\u0434\u0441\u0442\u0432\u043e \u0434\u043b\u044f \u0443\u0434\u0430\u043b\u0435\u043d\u0438\u044f \u0433\u0440\u0438\u0431\u043a\u0430 \u043d\u043e\u0433\u0442\u0435\u0439 (\u0421\u0428\u0410) Magnetoe\"}]},{\"@type\":\"WebSite\",\"@id\":\"https:\/\/shops-usa.com\/#website\",\"url\":\"https:\/\/shops-usa.com\/\",\"name\":\"ShopsUSA\",\"description\":\"Quality products from USA\",\"publisher\":{\"@id\":\"https:\/\/shops-usa.com\/#organization\"},\"potentialAction\":[{\"@type\":\"SearchAction\",\"target\":{\"@type\":\"EntryPoint\",\"urlTemplate\":\"https:\/\/shops-usa.com\/?s={search_term_string}\"},\"query-input\":{\"@type\":\"PropertyValueSpecification\",\"valueRequired\":true,\"valueName\":\"search_term_string\"}}],\"inLanguage\":\"sk-SK\"},{\"@type\":\"Organization\",\"@id\":\"https:\/\/shops-usa.com\/#organization\",\"name\":\"SHOPS USA\",\"alternateName\":\"SHOPS\",\"url\":\"https:\/\/shops-usa.com\/\",\"logo\":{\"@type\":\"ImageObject\",\"inLanguage\":\"sk-SK\",\"@id\":\"https:\/\/shops-usa.com\/#\/schema\/logo\/image\/\",\"url\":\"https:\/\/shops-usa.com\/wp-content\/uploads\/2025\/12\/letter_final_white-1.png\",\"contentUrl\":\"https:\/\/shops-usa.com\/wp-content\/uploads\/2025\/12\/letter_final_white-1.png\",\"width\":1711,\"height\":1949,\"caption\":\"SHOPS USA\"},\"image\":{\"@id\":\"https:\/\/shops-usa.com\/#\/schema\/logo\/image\/\"}}]}<\/script>\n<!-- \/ Yoast SEO plugin. -->","yoast_head_json":{"title":"\u041b\u0430\u0437\u0435\u0440\u043d\u043e\u0435 \u0443\u0441\u0442\u0440\u043e\u0439\u0441\u0442\u0432\u043e \u0438 \u0441\u0440\u0435\u0434\u0441\u0442\u0432\u043e \u0434\u043b\u044f \u0443\u0434\u0430\u043b\u0435\u043d\u0438\u044f \u0433\u0440\u0438\u0431\u043a\u0430 \u043d\u043e\u0433\u0442\u0435\u0439 (\u0421\u0428\u0410) Magnetoe - ShopsUSA","robots":{"index":"index","follow":"follow","max-snippet":"max-snippet:-1","max-image-preview":"max-image-preview:large","max-video-preview":"max-video-preview:-1"},"canonical":"https:\/\/shops-usa.com\/sk\/produkt\/lazernoe-ustrojstvo-i-sredstvo-dlya-udaleniya-gribka-nogtej-ssha-magnetoe\/?wmc-currency=EUR","og_locale":"sk_SK","og_type":"article","og_title":"\u041b\u0430\u0437\u0435\u0440\u043d\u043e\u0435 \u0443\u0441\u0442\u0440\u043e\u0439\u0441\u0442\u0432\u043e \u0438 \u0441\u0440\u0435\u0434\u0441\u0442\u0432\u043e \u0434\u043b\u044f \u0443\u0434\u0430\u043b\u0435\u043d\u0438\u044f \u0433\u0440\u0438\u0431\u043a\u0430 \u043d\u043e\u0433\u0442\u0435\u0439 (\u0421\u0428\u0410) Magnetoe - ShopsUSA","og_description":"\u041b\u0430\u0437\u0435\u0440\u043d\u043e\u0435 \u0443\u0441\u0442\u0440\u043e\u0439\u0441\u0442\u0432\u043e \u0438 \u0441\u0440\u0435\u0434\u0441\u0442\u0432\u043e \u0434\u043b\u044f \u0443\u0434\u0430\u043b\u0435\u043d\u0438\u044f \u0433\u0440\u0438\u0431\u043a\u0430 \u043d\u043e\u0433\u0442\u0435\u0439. \u0411\u0435\u0437\u0431\u043e\u043b\u0435\u0437\u043d\u0435\u043d\u043d\u043e \u0443\u0441\u0442\u0440\u0430\u043d\u044f\u0435\u0442 \u0433\u0440\u0438\u0431\u043e\u043a \u043d\u043e\u0433\u0442\u0435\u0439, \u043d\u043e\u0433\u0442\u0435\u0432\u043e\u0433\u043e \u043b\u043e\u0436\u0430 \u0438 \u043a\u0443\u0442\u0438\u043a\u0443\u043b\u044b.","og_url":"https:\/\/shops-usa.com\/sk\/produkt\/lazernoe-ustrojstvo-i-sredstvo-dlya-udaleniya-gribka-nogtej-ssha-magnetoe\/?wmc-currency=EUR","og_site_name":"ShopsUSA","article_modified_time":"2026-02-06T16:55:45+00:00","og_image":[{"width":1600,"height":1600,"url":"https:\/\/shops-usa.com\/wp-content\/uploads\/2024\/12\/12.jpg","type":"image\/jpeg"}],"twitter_card":"summary_large_image","twitter_misc":{"Predpokladan\u00fd \u010das \u010d\u00edtania":"1 min\u00fata"},"schema":{"@context":"https:\/\/schema.org","@graph":[{"@type":"WebPage","@id":"https:\/\/shops-usa.com\/product\/lazernoe-ustrojstvo-i-sredstvo-dlya-udaleniya-gribka-nogtej-ssha-magnetoe\/","url":"https:\/\/shops-usa.com\/product\/lazernoe-ustrojstvo-i-sredstvo-dlya-udaleniya-gribka-nogtej-ssha-magnetoe\/","name":"\u041b\u0430\u0437\u0435\u0440\u043d\u043e\u0435 \u0443\u0441\u0442\u0440\u043e\u0439\u0441\u0442\u0432\u043e \u0438 \u0441\u0440\u0435\u0434\u0441\u0442\u0432\u043e \u0434\u043b\u044f \u0443\u0434\u0430\u043b\u0435\u043d\u0438\u044f \u0433\u0440\u0438\u0431\u043a\u0430 \u043d\u043e\u0433\u0442\u0435\u0439 (\u0421\u0428\u0410) Magnetoe - ShopsUSA","isPartOf":{"@id":"https:\/\/shops-usa.com\/#website"},"primaryImageOfPage":{"@id":"https:\/\/shops-usa.com\/product\/lazernoe-ustrojstvo-i-sredstvo-dlya-udaleniya-gribka-nogtej-ssha-magnetoe\/#primaryimage"},"image":{"@id":"https:\/\/shops-usa.com\/product\/lazernoe-ustrojstvo-i-sredstvo-dlya-udaleniya-gribka-nogtej-ssha-magnetoe\/#primaryimage"},"thumbnailUrl":"https:\/\/shops-usa.com\/wp-content\/uploads\/2024\/12\/12.jpg","datePublished":"2024-12-18T14:34:17+00:00","dateModified":"2026-02-06T16:55:45+00:00","breadcrumb":{"@id":"https:\/\/shops-usa.com\/product\/lazernoe-ustrojstvo-i-sredstvo-dlya-udaleniya-gribka-nogtej-ssha-magnetoe\/#breadcrumb"},"inLanguage":"sk-SK","potentialAction":[{"@type":"ReadAction","target":["https:\/\/shops-usa.com\/product\/lazernoe-ustrojstvo-i-sredstvo-dlya-udaleniya-gribka-nogtej-ssha-magnetoe\/"]}]},{"@type":"ImageObject","inLanguage":"sk-SK","@id":"https:\/\/shops-usa.com\/product\/lazernoe-ustrojstvo-i-sredstvo-dlya-udaleniya-gribka-nogtej-ssha-magnetoe\/#primaryimage","url":"https:\/\/shops-usa.com\/wp-content\/uploads\/2024\/12\/12.jpg","contentUrl":"https:\/\/shops-usa.com\/wp-content\/uploads\/2024\/12\/12.jpg","width":1600,"height":1600},{"@type":"BreadcrumbList","@id":"https:\/\/shops-usa.com\/product\/lazernoe-ustrojstvo-i-sredstvo-dlya-udaleniya-gribka-nogtej-ssha-magnetoe\/#breadcrumb","itemListElement":[{"@type":"ListItem","position":1,"name":"Home","item":"https:\/\/shops-usa.com\/"},{"@type":"ListItem","position":2,"name":"\u041a\u0430\u0442\u0430\u043b\u043e\u0433","item":"https:\/\/shops-usa.com\/catalogue\/"},{"@type":"ListItem","position":3,"name":"\u041b\u0430\u0437\u0435\u0440\u043d\u043e\u0435 \u0443\u0441\u0442\u0440\u043e\u0439\u0441\u0442\u0432\u043e \u0438 \u0441\u0440\u0435\u0434\u0441\u0442\u0432\u043e \u0434\u043b\u044f \u0443\u0434\u0430\u043b\u0435\u043d\u0438\u044f \u0433\u0440\u0438\u0431\u043a\u0430 \u043d\u043e\u0433\u0442\u0435\u0439 (\u0421\u0428\u0410) Magnetoe"}]},{"@type":"WebSite","@id":"https:\/\/shops-usa.com\/#website","url":"https:\/\/shops-usa.com\/","name":"ShopsUSA","description":"Quality products from USA","publisher":{"@id":"https:\/\/shops-usa.com\/#organization"},"potentialAction":[{"@type":"SearchAction","target":{"@type":"EntryPoint","urlTemplate":"https:\/\/shops-usa.com\/?s={search_term_string}"},"query-input":{"@type":"PropertyValueSpecification","valueRequired":true,"valueName":"search_term_string"}}],"inLanguage":"sk-SK"},{"@type":"Organization","@id":"https:\/\/shops-usa.com\/#organization","name":"SHOPS USA","alternateName":"SHOPS","url":"https:\/\/shops-usa.com\/","logo":{"@type":"ImageObject","inLanguage":"sk-SK","@id":"https:\/\/shops-usa.com\/#\/schema\/logo\/image\/","url":"https:\/\/shops-usa.com\/wp-content\/uploads\/2025\/12\/letter_final_white-1.png","contentUrl":"https:\/\/shops-usa.com\/wp-content\/uploads\/2025\/12\/letter_final_white-1.png","width":1711,"height":1949,"caption":"SHOPS USA"},"image":{"@id":"https:\/\/shops-usa.com\/#\/schema\/logo\/image\/"}}]}},"_links":{"self":[{"href":"https:\/\/shops-usa.com\/sk\/wp-json\/wp\/v2\/product\/48","targetHints":{"allow":["GET"]}}],"collection":[{"href":"https:\/\/shops-usa.com\/sk\/wp-json\/wp\/v2\/product"}],"about":[{"href":"https:\/\/shops-usa.com\/sk\/wp-json\/wp\/v2\/types\/product"}],"replies":[{"embeddable":true,"href":"https:\/\/shops-usa.com\/sk\/wp-json\/wp\/v2\/comments?post=48"}],"wp:featuredmedia":[{"embeddable":true,"href":"https:\/\/shops-usa.com\/sk\/wp-json\/wp\/v2\/media\/89"}],"wp:attachment":[{"href":"https:\/\/shops-usa.com\/sk\/wp-json\/wp\/v2\/media?parent=48"}],"wp:term":[{"taxonomy":"product_brand","embeddable":true,"href":"https:\/\/shops-usa.com\/sk\/wp-json\/wp\/v2\/product_brand?post=48"},{"taxonomy":"product_cat","embeddable":true,"href":"https:\/\/shops-usa.com\/sk\/wp-json\/wp\/v2\/product_cat?post=48"},{"taxonomy":"product_tag","embeddable":true,"href":"https:\/\/shops-usa.com\/sk\/wp-json\/wp\/v2\/product_tag?post=48"}],"curies":[{"name":"wp","href":"https:\/\/api.w.org\/{rel}","templated":true}]}}