{"id":43,"date":"2024-12-18T14:34:16","date_gmt":"2024-12-18T14:34:16","guid":{"rendered":"https:\/\/shops-usa.com\/?post_type=product&#038;p=43"},"modified":"2025-10-06T06:07:41","modified_gmt":"2025-10-06T06:07:41","slug":"pribor-dlya-besprovodnoj-miostimulyaczii-tens-i-nme-ssha-ireliev","status":"publish","type":"product","link":"https:\/\/shops-usa.com\/sk\/produkt\/pribor-dlya-besprovodnoj-miostimulyaczii-tens-i-nme-ssha-ireliev\/","title":{"rendered":"Urz\u0105dzenie do bezprzewodowej miostymulacji TENS i NME iRELIEV (USA)"},"content":{"rendered":"<p class=\"translation-block\">TENS (transkut\u00e1nna elektrick\u00e1 nervov\u00e1 stimul\u00e1cia) dod\u00e1va n\u00edzkonap\u00e4\u0165ov\u00e9 impulzy z elektr\u00f3d do poko\u017eky, \u010d\u00edm stimuluje nervy a blokuje sign\u00e1ly bolesti do mozgu. Zariadenie IReliev zvy\u0161uje hladinu prirodzen\u00fdch endorf\u00ednov, ktor\u00e9 s\u00fa prirodzen\u00fdmi inhib\u00edtormi bolesti.\nNMES (neuromuskul\u00e1rna elektrick\u00e1 stimul\u00e1cia) stimuluje svalov\u00fa kontrakciu pomocou elektrick\u00fdch impulzov. Zariadenie IReliev zvy\u0161uje svalov\u00fa vytrvalos\u0165, ur\u00fdch\u013euje regener\u00e1ciu po silovom tr\u00e9ningu a sl\u00fa\u017ei ako rehabilita\u010dn\u00fd n\u00e1stroj pri zraneniach.<br>\nBezdr\u00f4tov\u00e9 pripojenie medzi elektr\u00f3dami a dia\u013ekov\u00fdm ovl\u00e1da\u010dom<br>\n14 programov: 7 TENS na \u00fa\u013eavu od bolesti, 6 NMES na tr\u00e9ning svalov, 1 \u0161peci\u00e1lny program pre artrit\u00eddu<br>\n25 \u00farovn\u00ed intenzity<br>\n\u010cas rel\u00e1cie je mo\u017en\u00e9 nastavi\u0165 od 5 do 60 min\u00fat.<br>\nElektr\u00f3dy m\u00f4\u017eu fungova\u0165 v r\u00f4znych re\u017eimoch alebo synchr\u00f3nne<br>\n\u010eal\u0161ie elektr\u00f3dy je mo\u017en\u00e9 zak\u00fapi\u0165<br>\nPodsvietenie displeja<br>\nS\u00fa\u010das\u0165ou balenia: jedno ru\u010dn\u00e9 dia\u013ekov\u00e9 ovl\u00e1danie, dve samolepiace bezdr\u00f4tov\u00e9 elektr\u00f3dy (7,5 x 12,5 cm), dve odn\u00edmate\u013en\u00e9 priehradky, l\u00edtium-i\u00f3nov\u00e1 bat\u00e9ria, nab\u00edja\u010dka s USB portom, puzdro na pren\u00e1\u0161anie a \u00falo\u017en\u00fd priestor a n\u00e1vod na pou\u017eitie.<\/p>","protected":false},"excerpt":{"rendered":"<p><strong>Zariadenie IReliev zvy\u0161uje hladinu prirodzen\u00fdch endorf\u00ednov, ktor\u00e9 s\u00fa prirodzen\u00fdmi inhib\u00edtormi bolesti.<\/strong><\/p>","protected":false},"featured_media":72,"comment_status":"open","ping_status":"closed","template":"","meta":[],"product_brand":[],"product_cat":[17],"product_tag":[],"class_list":{"0":"post-43","1":"product","2":"type-product","3":"status-publish","4":"has-post-thumbnail","6":"product_cat-ireliev","8":"first","9":"instock","10":"sale","11":"shipping-taxable","12":"purchasable","13":"product-type-simple"},"yoast_head":"<!-- This site is optimized with the Yoast SEO plugin v26.6 - https:\/\/yoast.com\/wordpress\/plugins\/seo\/ -->\n<title>\u041f\u0440\u0438\u0431\u043e\u0440 \u0434\u043b\u044f \u0431\u0435\u0441\u043f\u0440\u043e\u0432\u043e\u0434\u043d\u043e\u0439 \u043c\u0438\u043e\u0441\u0442\u0438\u043c\u0443\u043b\u044f\u0446\u0438\u0438 \u0422\u042d\u041d\u0421 \u0438 \u041d\u041c\u042d (\u0421\u0428\u0410) iRELIEV - ShopsUSA<\/title>\n<meta name=\"robots\" content=\"index, follow, max-snippet:-1, max-image-preview:large, max-video-preview:-1\" \/>\n<link rel=\"canonical\" href=\"https:\/\/shops-usa.com\/sk\/produkt\/pribor-dlya-besprovodnoj-miostimulyaczii-tens-i-nme-ssha-ireliev\/?wmc-currency=EUR\" \/>\n<meta property=\"og:locale\" content=\"sk_SK\" \/>\n<meta property=\"og:type\" content=\"article\" \/>\n<meta property=\"og:title\" content=\"\u041f\u0440\u0438\u0431\u043e\u0440 \u0434\u043b\u044f \u0431\u0435\u0441\u043f\u0440\u043e\u0432\u043e\u0434\u043d\u043e\u0439 \u043c\u0438\u043e\u0441\u0442\u0438\u043c\u0443\u043b\u044f\u0446\u0438\u0438 \u0422\u042d\u041d\u0421 \u0438 \u041d\u041c\u042d (\u0421\u0428\u0410) iRELIEV - ShopsUSA\" \/>\n<meta property=\"og:description\" content=\"\u041f\u0440\u0438\u0431\u043e\u0440 IReliev \u0443\u0432\u0435\u043b\u0438\u0447\u0438\u0432\u0430\u0435\u0442 \u0435\u0441\u0442\u0435\u0441\u0442\u0432\u0435\u043d\u043d\u044b\u0435 \u044d\u043d\u0434\u043e\u0440\u0444\u0438\u043d\u044b - \u0435\u0441\u0442\u0435\u0441\u0442\u0432\u0435\u043d\u043d\u044b\u0445 \u0438\u043d\u0433\u0438\u0431\u0438\u0442\u043e\u0440\u043e\u0432 \u0431\u043e\u043b\u0438.\" \/>\n<meta property=\"og:url\" content=\"https:\/\/shops-usa.com\/sk\/produkt\/pribor-dlya-besprovodnoj-miostimulyaczii-tens-i-nme-ssha-ireliev\/?wmc-currency=EUR\" \/>\n<meta property=\"og:site_name\" content=\"ShopsUSA\" \/>\n<meta property=\"article:modified_time\" content=\"2025-10-06T06:07:41+00:00\" \/>\n<meta property=\"og:image\" content=\"https:\/\/shops-usa.com\/wp-content\/uploads\/2024\/12\/1-1.jpg\" \/>\n\t<meta property=\"og:image:width\" content=\"1500\" \/>\n\t<meta property=\"og:image:height\" content=\"1076\" \/>\n\t<meta property=\"og:image:type\" content=\"image\/jpeg\" \/>\n<meta name=\"twitter:card\" content=\"summary_large_image\" \/>\n<script type=\"application\/ld+json\" class=\"yoast-schema-graph\">{\"@context\":\"https:\/\/schema.org\",\"@graph\":[{\"@type\":\"WebPage\",\"@id\":\"https:\/\/shops-usa.com\/product\/pribor-dlya-besprovodnoj-miostimulyaczii-tens-i-nme-ssha-ireliev\/\",\"url\":\"https:\/\/shops-usa.com\/product\/pribor-dlya-besprovodnoj-miostimulyaczii-tens-i-nme-ssha-ireliev\/\",\"name\":\"\u041f\u0440\u0438\u0431\u043e\u0440 \u0434\u043b\u044f \u0431\u0435\u0441\u043f\u0440\u043e\u0432\u043e\u0434\u043d\u043e\u0439 \u043c\u0438\u043e\u0441\u0442\u0438\u043c\u0443\u043b\u044f\u0446\u0438\u0438 \u0422\u042d\u041d\u0421 \u0438 \u041d\u041c\u042d (\u0421\u0428\u0410) iRELIEV - ShopsUSA\",\"isPartOf\":{\"@id\":\"https:\/\/shops-usa.com\/#website\"},\"primaryImageOfPage\":{\"@id\":\"https:\/\/shops-usa.com\/product\/pribor-dlya-besprovodnoj-miostimulyaczii-tens-i-nme-ssha-ireliev\/#primaryimage\"},\"image\":{\"@id\":\"https:\/\/shops-usa.com\/product\/pribor-dlya-besprovodnoj-miostimulyaczii-tens-i-nme-ssha-ireliev\/#primaryimage\"},\"thumbnailUrl\":\"https:\/\/shops-usa.com\/wp-content\/uploads\/2024\/12\/1-1.jpg\",\"datePublished\":\"2024-12-18T14:34:16+00:00\",\"dateModified\":\"2025-10-06T06:07:41+00:00\",\"breadcrumb\":{\"@id\":\"https:\/\/shops-usa.com\/product\/pribor-dlya-besprovodnoj-miostimulyaczii-tens-i-nme-ssha-ireliev\/#breadcrumb\"},\"inLanguage\":\"sk-SK\",\"potentialAction\":[{\"@type\":\"ReadAction\",\"target\":[\"https:\/\/shops-usa.com\/product\/pribor-dlya-besprovodnoj-miostimulyaczii-tens-i-nme-ssha-ireliev\/\"]}]},{\"@type\":\"ImageObject\",\"inLanguage\":\"sk-SK\",\"@id\":\"https:\/\/shops-usa.com\/product\/pribor-dlya-besprovodnoj-miostimulyaczii-tens-i-nme-ssha-ireliev\/#primaryimage\",\"url\":\"https:\/\/shops-usa.com\/wp-content\/uploads\/2024\/12\/1-1.jpg\",\"contentUrl\":\"https:\/\/shops-usa.com\/wp-content\/uploads\/2024\/12\/1-1.jpg\",\"width\":1500,\"height\":1076},{\"@type\":\"BreadcrumbList\",\"@id\":\"https:\/\/shops-usa.com\/product\/pribor-dlya-besprovodnoj-miostimulyaczii-tens-i-nme-ssha-ireliev\/#breadcrumb\",\"itemListElement\":[{\"@type\":\"ListItem\",\"position\":1,\"name\":\"Home\",\"item\":\"https:\/\/shops-usa.com\/\"},{\"@type\":\"ListItem\",\"position\":2,\"name\":\"\u041a\u0430\u0442\u0430\u043b\u043e\u0433\",\"item\":\"https:\/\/shops-usa.com\/catalogue\/\"},{\"@type\":\"ListItem\",\"position\":3,\"name\":\"\u041f\u0440\u0438\u0431\u043e\u0440 \u0434\u043b\u044f \u0431\u0435\u0441\u043f\u0440\u043e\u0432\u043e\u0434\u043d\u043e\u0439 \u043c\u0438\u043e\u0441\u0442\u0438\u043c\u0443\u043b\u044f\u0446\u0438\u0438 \u0422\u042d\u041d\u0421 \u0438 \u041d\u041c\u042d (\u0421\u0428\u0410) iRELIEV\"}]},{\"@type\":\"WebSite\",\"@id\":\"https:\/\/shops-usa.com\/#website\",\"url\":\"https:\/\/shops-usa.com\/\",\"name\":\"ShopsUSA\",\"description\":\"Quality products from USA\",\"publisher\":{\"@id\":\"https:\/\/shops-usa.com\/#organization\"},\"potentialAction\":[{\"@type\":\"SearchAction\",\"target\":{\"@type\":\"EntryPoint\",\"urlTemplate\":\"https:\/\/shops-usa.com\/?s={search_term_string}\"},\"query-input\":{\"@type\":\"PropertyValueSpecification\",\"valueRequired\":true,\"valueName\":\"search_term_string\"}}],\"inLanguage\":\"sk-SK\"},{\"@type\":\"Organization\",\"@id\":\"https:\/\/shops-usa.com\/#organization\",\"name\":\"SHOPS USA\",\"alternateName\":\"SHOPS\",\"url\":\"https:\/\/shops-usa.com\/\",\"logo\":{\"@type\":\"ImageObject\",\"inLanguage\":\"sk-SK\",\"@id\":\"https:\/\/shops-usa.com\/#\/schema\/logo\/image\/\",\"url\":\"https:\/\/shops-usa.com\/wp-content\/uploads\/2025\/12\/letter_final_white-1.png\",\"contentUrl\":\"https:\/\/shops-usa.com\/wp-content\/uploads\/2025\/12\/letter_final_white-1.png\",\"width\":1711,\"height\":1949,\"caption\":\"SHOPS USA\"},\"image\":{\"@id\":\"https:\/\/shops-usa.com\/#\/schema\/logo\/image\/\"}}]}<\/script>\n<!-- \/ Yoast SEO plugin. -->","yoast_head_json":{"title":"\u041f\u0440\u0438\u0431\u043e\u0440 \u0434\u043b\u044f \u0431\u0435\u0441\u043f\u0440\u043e\u0432\u043e\u0434\u043d\u043e\u0439 \u043c\u0438\u043e\u0441\u0442\u0438\u043c\u0443\u043b\u044f\u0446\u0438\u0438 \u0422\u042d\u041d\u0421 \u0438 \u041d\u041c\u042d (\u0421\u0428\u0410) iRELIEV - ShopsUSA","robots":{"index":"index","follow":"follow","max-snippet":"max-snippet:-1","max-image-preview":"max-image-preview:large","max-video-preview":"max-video-preview:-1"},"canonical":"https:\/\/shops-usa.com\/sk\/produkt\/pribor-dlya-besprovodnoj-miostimulyaczii-tens-i-nme-ssha-ireliev\/?wmc-currency=EUR","og_locale":"sk_SK","og_type":"article","og_title":"\u041f\u0440\u0438\u0431\u043e\u0440 \u0434\u043b\u044f \u0431\u0435\u0441\u043f\u0440\u043e\u0432\u043e\u0434\u043d\u043e\u0439 \u043c\u0438\u043e\u0441\u0442\u0438\u043c\u0443\u043b\u044f\u0446\u0438\u0438 \u0422\u042d\u041d\u0421 \u0438 \u041d\u041c\u042d (\u0421\u0428\u0410) iRELIEV - ShopsUSA","og_description":"\u041f\u0440\u0438\u0431\u043e\u0440 IReliev \u0443\u0432\u0435\u043b\u0438\u0447\u0438\u0432\u0430\u0435\u0442 \u0435\u0441\u0442\u0435\u0441\u0442\u0432\u0435\u043d\u043d\u044b\u0435 \u044d\u043d\u0434\u043e\u0440\u0444\u0438\u043d\u044b - \u0435\u0441\u0442\u0435\u0441\u0442\u0432\u0435\u043d\u043d\u044b\u0445 \u0438\u043d\u0433\u0438\u0431\u0438\u0442\u043e\u0440\u043e\u0432 \u0431\u043e\u043b\u0438.","og_url":"https:\/\/shops-usa.com\/sk\/produkt\/pribor-dlya-besprovodnoj-miostimulyaczii-tens-i-nme-ssha-ireliev\/?wmc-currency=EUR","og_site_name":"ShopsUSA","article_modified_time":"2025-10-06T06:07:41+00:00","og_image":[{"width":1500,"height":1076,"url":"https:\/\/shops-usa.com\/wp-content\/uploads\/2024\/12\/1-1.jpg","type":"image\/jpeg"}],"twitter_card":"summary_large_image","schema":{"@context":"https:\/\/schema.org","@graph":[{"@type":"WebPage","@id":"https:\/\/shops-usa.com\/product\/pribor-dlya-besprovodnoj-miostimulyaczii-tens-i-nme-ssha-ireliev\/","url":"https:\/\/shops-usa.com\/product\/pribor-dlya-besprovodnoj-miostimulyaczii-tens-i-nme-ssha-ireliev\/","name":"\u041f\u0440\u0438\u0431\u043e\u0440 \u0434\u043b\u044f \u0431\u0435\u0441\u043f\u0440\u043e\u0432\u043e\u0434\u043d\u043e\u0439 \u043c\u0438\u043e\u0441\u0442\u0438\u043c\u0443\u043b\u044f\u0446\u0438\u0438 \u0422\u042d\u041d\u0421 \u0438 \u041d\u041c\u042d (\u0421\u0428\u0410) iRELIEV - ShopsUSA","isPartOf":{"@id":"https:\/\/shops-usa.com\/#website"},"primaryImageOfPage":{"@id":"https:\/\/shops-usa.com\/product\/pribor-dlya-besprovodnoj-miostimulyaczii-tens-i-nme-ssha-ireliev\/#primaryimage"},"image":{"@id":"https:\/\/shops-usa.com\/product\/pribor-dlya-besprovodnoj-miostimulyaczii-tens-i-nme-ssha-ireliev\/#primaryimage"},"thumbnailUrl":"https:\/\/shops-usa.com\/wp-content\/uploads\/2024\/12\/1-1.jpg","datePublished":"2024-12-18T14:34:16+00:00","dateModified":"2025-10-06T06:07:41+00:00","breadcrumb":{"@id":"https:\/\/shops-usa.com\/product\/pribor-dlya-besprovodnoj-miostimulyaczii-tens-i-nme-ssha-ireliev\/#breadcrumb"},"inLanguage":"sk-SK","potentialAction":[{"@type":"ReadAction","target":["https:\/\/shops-usa.com\/product\/pribor-dlya-besprovodnoj-miostimulyaczii-tens-i-nme-ssha-ireliev\/"]}]},{"@type":"ImageObject","inLanguage":"sk-SK","@id":"https:\/\/shops-usa.com\/product\/pribor-dlya-besprovodnoj-miostimulyaczii-tens-i-nme-ssha-ireliev\/#primaryimage","url":"https:\/\/shops-usa.com\/wp-content\/uploads\/2024\/12\/1-1.jpg","contentUrl":"https:\/\/shops-usa.com\/wp-content\/uploads\/2024\/12\/1-1.jpg","width":1500,"height":1076},{"@type":"BreadcrumbList","@id":"https:\/\/shops-usa.com\/product\/pribor-dlya-besprovodnoj-miostimulyaczii-tens-i-nme-ssha-ireliev\/#breadcrumb","itemListElement":[{"@type":"ListItem","position":1,"name":"Home","item":"https:\/\/shops-usa.com\/"},{"@type":"ListItem","position":2,"name":"\u041a\u0430\u0442\u0430\u043b\u043e\u0433","item":"https:\/\/shops-usa.com\/catalogue\/"},{"@type":"ListItem","position":3,"name":"\u041f\u0440\u0438\u0431\u043e\u0440 \u0434\u043b\u044f \u0431\u0435\u0441\u043f\u0440\u043e\u0432\u043e\u0434\u043d\u043e\u0439 \u043c\u0438\u043e\u0441\u0442\u0438\u043c\u0443\u043b\u044f\u0446\u0438\u0438 \u0422\u042d\u041d\u0421 \u0438 \u041d\u041c\u042d (\u0421\u0428\u0410) iRELIEV"}]},{"@type":"WebSite","@id":"https:\/\/shops-usa.com\/#website","url":"https:\/\/shops-usa.com\/","name":"ShopsUSA","description":"Quality products from USA","publisher":{"@id":"https:\/\/shops-usa.com\/#organization"},"potentialAction":[{"@type":"SearchAction","target":{"@type":"EntryPoint","urlTemplate":"https:\/\/shops-usa.com\/?s={search_term_string}"},"query-input":{"@type":"PropertyValueSpecification","valueRequired":true,"valueName":"search_term_string"}}],"inLanguage":"sk-SK"},{"@type":"Organization","@id":"https:\/\/shops-usa.com\/#organization","name":"SHOPS USA","alternateName":"SHOPS","url":"https:\/\/shops-usa.com\/","logo":{"@type":"ImageObject","inLanguage":"sk-SK","@id":"https:\/\/shops-usa.com\/#\/schema\/logo\/image\/","url":"https:\/\/shops-usa.com\/wp-content\/uploads\/2025\/12\/letter_final_white-1.png","contentUrl":"https:\/\/shops-usa.com\/wp-content\/uploads\/2025\/12\/letter_final_white-1.png","width":1711,"height":1949,"caption":"SHOPS USA"},"image":{"@id":"https:\/\/shops-usa.com\/#\/schema\/logo\/image\/"}}]}},"_links":{"self":[{"href":"https:\/\/shops-usa.com\/sk\/wp-json\/wp\/v2\/product\/43","targetHints":{"allow":["GET"]}}],"collection":[{"href":"https:\/\/shops-usa.com\/sk\/wp-json\/wp\/v2\/product"}],"about":[{"href":"https:\/\/shops-usa.com\/sk\/wp-json\/wp\/v2\/types\/product"}],"replies":[{"embeddable":true,"href":"https:\/\/shops-usa.com\/sk\/wp-json\/wp\/v2\/comments?post=43"}],"wp:featuredmedia":[{"embeddable":true,"href":"https:\/\/shops-usa.com\/sk\/wp-json\/wp\/v2\/media\/72"}],"wp:attachment":[{"href":"https:\/\/shops-usa.com\/sk\/wp-json\/wp\/v2\/media?parent=43"}],"wp:term":[{"taxonomy":"product_brand","embeddable":true,"href":"https:\/\/shops-usa.com\/sk\/wp-json\/wp\/v2\/product_brand?post=43"},{"taxonomy":"product_cat","embeddable":true,"href":"https:\/\/shops-usa.com\/sk\/wp-json\/wp\/v2\/product_cat?post=43"},{"taxonomy":"product_tag","embeddable":true,"href":"https:\/\/shops-usa.com\/sk\/wp-json\/wp\/v2\/product_tag?post=43"}],"curies":[{"name":"wp","href":"https:\/\/api.w.org\/{rel}","templated":true}]}}