{"id":58,"date":"2024-12-18T14:34:18","date_gmt":"2024-12-18T14:34:18","guid":{"rendered":"https:\/\/shops-usa.com\/?post_type=product&#038;p=58"},"modified":"2025-09-23T11:38:06","modified_gmt":"2025-09-23T11:38:06","slug":"lazernaya-rascheska-dlya-rosta-volos-ssha-hairmax-ultima-12","status":"publish","type":"product","link":"https:\/\/shops-usa.com\/ro\/produs\/lazernaya-rascheska-dlya-rosta-volos-ssha-hairmax-ultima-12\/","title":{"rendered":"HairMax Ultima 12 (SUA) Pieptene cu laser pentru cre\u0219terea p\u0103rului"},"content":{"rendered":"<p>Restaurarea cre\u0219terii p\u0103rului: tratamentul cu laser trece printr-un proces de fotobiostimulare, oferind terapie cu laser de nivel sc\u0103zut (LLLT) care furnizeaz\u0103 oxigen \u0219i nutrien\u021bi foliculilor de p\u0103r pentru a-i activa \u0219i a induce o cre\u0219tere mai puternic\u0103 a p\u0103rului. Pieptenele laser HairMax este aprobat prin 8 certific\u0103ri FDA, 7 studii clinice, 14 licen\u021be medicale interna\u021bionale \u0219i 6 reviste medicale publicate. Dispozitivul cu laser HairMax este dovedit clinic c\u0103 restabile\u0219te p\u0103rul cu o cre\u0219tere medie a p\u0103rului de 15 fire de p\u0103r suplimentare pe centimetru p\u0103trat dup\u0103 \u0219ase luni de utilizare regulat\u0103. Extrem de convenabil \u0219i portabil, conceput pentru a fi utilizat acas\u0103 sau \u00een deplasare. Bateria re\u00eenc\u0103rcabil\u0103 u\u0219oar\u0103 asigur\u0103 o \u00eenc\u0103rcare lung\u0103 \u0219i portabilitate u\u0219oar\u0103. Operare u\u0219oar\u0103. Include suport de \u00eenc\u0103rcare, baterie, cablu de alimentare, manual de utilizare \u0219i card de garan\u021bie pentru dispozitiv. Recomandarea medicului - \u00een studiile clinice, utilizatorii au observat rezultate vizibile \u00een doar 3-6 luni. HairMax, fondat\u0103 \u00een 2000, a v\u00e2ndut peste 1,8 milioane de dispozitive \u00een \u00eentreaga lume \u0219i este un lider mondial \u0219i pionier \u00een terapia laser pentru cre\u0219terea p\u0103rului. Medicii recomand\u0103 dispozitivele cu laser HairMax pentru tratamentul alopeciei androgenice, care include chelie ereditar\u0103, chelie de model masculin \u0219i feminin, chelie la menopauz\u0103, alopecie areata \u0219i chelie \u0219i sub\u021biere legate de v\u00e2rst\u0103.<\/p>","protected":false},"excerpt":{"rendered":"<p>Pieptene pentru cre\u0219terea p\u0103rului cu laser. Tratamentul cu laser implic\u0103 fotobiostimulare, oferind terapie laser de intensitate sc\u0103zut\u0103.<\/p>","protected":false},"featured_media":767,"comment_status":"open","ping_status":"closed","template":"","meta":[],"product_brand":[],"product_cat":[28],"product_tag":[],"class_list":{"0":"post-58","1":"product","2":"type-product","3":"status-publish","4":"has-post-thumbnail","6":"product_cat-hairmax","8":"first","9":"instock","10":"sale","11":"shipping-taxable","12":"purchasable","13":"product-type-simple"},"yoast_head":"<!-- This site is optimized with the Yoast SEO plugin v26.6 - https:\/\/yoast.com\/wordpress\/plugins\/seo\/ -->\n<title>HairMax Ultima 12 (\u0421\u0428\u0410) \u041b\u0430\u0437\u0435\u0440\u043d\u0430\u044f \u0440\u0430\u0441\u0447\u0435\u0441\u043a\u0430 \u0434\u043b\u044f \u0440\u043e\u0441\u0442\u0430 \u0432\u043e\u043b\u043e\u0441 - ShopsUSA<\/title>\n<meta name=\"robots\" content=\"index, follow, max-snippet:-1, max-image-preview:large, max-video-preview:-1\" \/>\n<link rel=\"canonical\" href=\"https:\/\/shops-usa.com\/ro\/produs\/lazernaya-rascheska-dlya-rosta-volos-ssha-hairmax-ultima-12\/?wmc-currency=RON\" \/>\n<meta property=\"og:locale\" content=\"ro_RO\" \/>\n<meta property=\"og:type\" content=\"article\" \/>\n<meta property=\"og:title\" content=\"HairMax Ultima 12 (\u0421\u0428\u0410) \u041b\u0430\u0437\u0435\u0440\u043d\u0430\u044f \u0440\u0430\u0441\u0447\u0435\u0441\u043a\u0430 \u0434\u043b\u044f \u0440\u043e\u0441\u0442\u0430 \u0432\u043e\u043b\u043e\u0441 - ShopsUSA\" \/>\n<meta property=\"og:description\" content=\"\u041b\u0430\u0437\u0435\u0440\u043d\u0430\u044f \u0440\u0430\u0441\u0447\u0435\u0441\u043a\u0430 \u0434\u043b\u044f \u0440\u043e\u0441\u0442\u0430 \u0432\u043e\u043b\u043e\u0441. \u041b\u0430\u0437\u0435\u0440\u043d\u043e\u0435 \u043b\u0435\u0447\u0435\u043d\u0438\u0435 \u043f\u0440\u043e\u0445\u043e\u0434\u0438\u0442 \u0447\u0435\u0440\u0435\u0437 \u043f\u0440\u043e\u0446\u0435\u0441\u0441 \u0444\u043e\u0442\u043e\u0431\u0438\u043e\u0441\u0442\u0438\u043c\u0443\u043b\u044f\u0446\u0438\u0438, \u043e\u0431\u0435\u0441\u043f\u0435\u0447\u0438\u0432\u0430\u044f \u043d\u0438\u0437\u043a\u043e\u0443\u0440\u043e\u0432\u043d\u0435\u0432\u0443\u044e \u043b\u0430\u0437\u0435\u0440\u043d\u0443\u044e \u0442\u0435\u0440\u0430\u043f\u0438\u044e.\" \/>\n<meta property=\"og:url\" content=\"https:\/\/shops-usa.com\/ro\/produs\/lazernaya-rascheska-dlya-rosta-volos-ssha-hairmax-ultima-12\/?wmc-currency=RON\" \/>\n<meta property=\"og:site_name\" content=\"ShopsUSA\" \/>\n<meta property=\"article:modified_time\" content=\"2025-09-23T11:38:06+00:00\" \/>\n<meta property=\"og:image\" content=\"https:\/\/shops-usa.com\/wp-content\/uploads\/2024\/12\/42.png\" \/>\n\t<meta property=\"og:image:width\" content=\"750\" \/>\n\t<meta property=\"og:image:height\" content=\"750\" \/>\n\t<meta property=\"og:image:type\" content=\"image\/png\" \/>\n<meta name=\"twitter:card\" content=\"summary_large_image\" \/>\n<script type=\"application\/ld+json\" class=\"yoast-schema-graph\">{\"@context\":\"https:\/\/schema.org\",\"@graph\":[{\"@type\":\"WebPage\",\"@id\":\"https:\/\/shops-usa.com\/product\/lazernaya-rascheska-dlya-rosta-volos-ssha-hairmax-ultima-12\/\",\"url\":\"https:\/\/shops-usa.com\/product\/lazernaya-rascheska-dlya-rosta-volos-ssha-hairmax-ultima-12\/\",\"name\":\"HairMax Ultima 12 (\u0421\u0428\u0410) \u041b\u0430\u0437\u0435\u0440\u043d\u0430\u044f \u0440\u0430\u0441\u0447\u0435\u0441\u043a\u0430 \u0434\u043b\u044f \u0440\u043e\u0441\u0442\u0430 \u0432\u043e\u043b\u043e\u0441 - ShopsUSA\",\"isPartOf\":{\"@id\":\"https:\/\/shops-usa.com\/#website\"},\"primaryImageOfPage\":{\"@id\":\"https:\/\/shops-usa.com\/product\/lazernaya-rascheska-dlya-rosta-volos-ssha-hairmax-ultima-12\/#primaryimage\"},\"image\":{\"@id\":\"https:\/\/shops-usa.com\/product\/lazernaya-rascheska-dlya-rosta-volos-ssha-hairmax-ultima-12\/#primaryimage\"},\"thumbnailUrl\":\"https:\/\/shops-usa.com\/wp-content\/uploads\/2024\/12\/42.png\",\"datePublished\":\"2024-12-18T14:34:18+00:00\",\"dateModified\":\"2025-09-23T11:38:06+00:00\",\"breadcrumb\":{\"@id\":\"https:\/\/shops-usa.com\/product\/lazernaya-rascheska-dlya-rosta-volos-ssha-hairmax-ultima-12\/#breadcrumb\"},\"inLanguage\":\"ro-RO\",\"potentialAction\":[{\"@type\":\"ReadAction\",\"target\":[\"https:\/\/shops-usa.com\/product\/lazernaya-rascheska-dlya-rosta-volos-ssha-hairmax-ultima-12\/\"]}]},{\"@type\":\"ImageObject\",\"inLanguage\":\"ro-RO\",\"@id\":\"https:\/\/shops-usa.com\/product\/lazernaya-rascheska-dlya-rosta-volos-ssha-hairmax-ultima-12\/#primaryimage\",\"url\":\"https:\/\/shops-usa.com\/wp-content\/uploads\/2024\/12\/42.png\",\"contentUrl\":\"https:\/\/shops-usa.com\/wp-content\/uploads\/2024\/12\/42.png\",\"width\":750,\"height\":750},{\"@type\":\"BreadcrumbList\",\"@id\":\"https:\/\/shops-usa.com\/product\/lazernaya-rascheska-dlya-rosta-volos-ssha-hairmax-ultima-12\/#breadcrumb\",\"itemListElement\":[{\"@type\":\"ListItem\",\"position\":1,\"name\":\"Home\",\"item\":\"https:\/\/shops-usa.com\/\"},{\"@type\":\"ListItem\",\"position\":2,\"name\":\"\u041a\u0430\u0442\u0430\u043b\u043e\u0433\",\"item\":\"https:\/\/shops-usa.com\/catalogue\/\"},{\"@type\":\"ListItem\",\"position\":3,\"name\":\"HairMax Ultima 12 (\u0421\u0428\u0410) \u041b\u0430\u0437\u0435\u0440\u043d\u0430\u044f \u0440\u0430\u0441\u0447\u0435\u0441\u043a\u0430 \u0434\u043b\u044f \u0440\u043e\u0441\u0442\u0430 \u0432\u043e\u043b\u043e\u0441\"}]},{\"@type\":\"WebSite\",\"@id\":\"https:\/\/shops-usa.com\/#website\",\"url\":\"https:\/\/shops-usa.com\/\",\"name\":\"ShopsUSA\",\"description\":\"Quality products from USA\",\"publisher\":{\"@id\":\"https:\/\/shops-usa.com\/#organization\"},\"potentialAction\":[{\"@type\":\"SearchAction\",\"target\":{\"@type\":\"EntryPoint\",\"urlTemplate\":\"https:\/\/shops-usa.com\/?s={search_term_string}\"},\"query-input\":{\"@type\":\"PropertyValueSpecification\",\"valueRequired\":true,\"valueName\":\"search_term_string\"}}],\"inLanguage\":\"ro-RO\"},{\"@type\":\"Organization\",\"@id\":\"https:\/\/shops-usa.com\/#organization\",\"name\":\"SHOPS USA\",\"alternateName\":\"SHOPS\",\"url\":\"https:\/\/shops-usa.com\/\",\"logo\":{\"@type\":\"ImageObject\",\"inLanguage\":\"ro-RO\",\"@id\":\"https:\/\/shops-usa.com\/#\/schema\/logo\/image\/\",\"url\":\"https:\/\/shops-usa.com\/wp-content\/uploads\/2025\/12\/letter_final_white-1.png\",\"contentUrl\":\"https:\/\/shops-usa.com\/wp-content\/uploads\/2025\/12\/letter_final_white-1.png\",\"width\":1711,\"height\":1949,\"caption\":\"SHOPS USA\"},\"image\":{\"@id\":\"https:\/\/shops-usa.com\/#\/schema\/logo\/image\/\"}}]}<\/script>\n<!-- \/ Yoast SEO plugin. -->","yoast_head_json":{"title":"HairMax Ultima 12 (\u0421\u0428\u0410) \u041b\u0430\u0437\u0435\u0440\u043d\u0430\u044f \u0440\u0430\u0441\u0447\u0435\u0441\u043a\u0430 \u0434\u043b\u044f \u0440\u043e\u0441\u0442\u0430 \u0432\u043e\u043b\u043e\u0441 - ShopsUSA","robots":{"index":"index","follow":"follow","max-snippet":"max-snippet:-1","max-image-preview":"max-image-preview:large","max-video-preview":"max-video-preview:-1"},"canonical":"https:\/\/shops-usa.com\/ro\/produs\/lazernaya-rascheska-dlya-rosta-volos-ssha-hairmax-ultima-12\/?wmc-currency=RON","og_locale":"ro_RO","og_type":"article","og_title":"HairMax Ultima 12 (\u0421\u0428\u0410) \u041b\u0430\u0437\u0435\u0440\u043d\u0430\u044f \u0440\u0430\u0441\u0447\u0435\u0441\u043a\u0430 \u0434\u043b\u044f \u0440\u043e\u0441\u0442\u0430 \u0432\u043e\u043b\u043e\u0441 - ShopsUSA","og_description":"\u041b\u0430\u0437\u0435\u0440\u043d\u0430\u044f \u0440\u0430\u0441\u0447\u0435\u0441\u043a\u0430 \u0434\u043b\u044f \u0440\u043e\u0441\u0442\u0430 \u0432\u043e\u043b\u043e\u0441. \u041b\u0430\u0437\u0435\u0440\u043d\u043e\u0435 \u043b\u0435\u0447\u0435\u043d\u0438\u0435 \u043f\u0440\u043e\u0445\u043e\u0434\u0438\u0442 \u0447\u0435\u0440\u0435\u0437 \u043f\u0440\u043e\u0446\u0435\u0441\u0441 \u0444\u043e\u0442\u043e\u0431\u0438\u043e\u0441\u0442\u0438\u043c\u0443\u043b\u044f\u0446\u0438\u0438, \u043e\u0431\u0435\u0441\u043f\u0435\u0447\u0438\u0432\u0430\u044f \u043d\u0438\u0437\u043a\u043e\u0443\u0440\u043e\u0432\u043d\u0435\u0432\u0443\u044e \u043b\u0430\u0437\u0435\u0440\u043d\u0443\u044e \u0442\u0435\u0440\u0430\u043f\u0438\u044e.","og_url":"https:\/\/shops-usa.com\/ro\/produs\/lazernaya-rascheska-dlya-rosta-volos-ssha-hairmax-ultima-12\/?wmc-currency=RON","og_site_name":"ShopsUSA","article_modified_time":"2025-09-23T11:38:06+00:00","og_image":[{"width":750,"height":750,"url":"https:\/\/shops-usa.com\/wp-content\/uploads\/2024\/12\/42.png","type":"image\/png"}],"twitter_card":"summary_large_image","schema":{"@context":"https:\/\/schema.org","@graph":[{"@type":"WebPage","@id":"https:\/\/shops-usa.com\/product\/lazernaya-rascheska-dlya-rosta-volos-ssha-hairmax-ultima-12\/","url":"https:\/\/shops-usa.com\/product\/lazernaya-rascheska-dlya-rosta-volos-ssha-hairmax-ultima-12\/","name":"HairMax Ultima 12 (\u0421\u0428\u0410) \u041b\u0430\u0437\u0435\u0440\u043d\u0430\u044f \u0440\u0430\u0441\u0447\u0435\u0441\u043a\u0430 \u0434\u043b\u044f \u0440\u043e\u0441\u0442\u0430 \u0432\u043e\u043b\u043e\u0441 - ShopsUSA","isPartOf":{"@id":"https:\/\/shops-usa.com\/#website"},"primaryImageOfPage":{"@id":"https:\/\/shops-usa.com\/product\/lazernaya-rascheska-dlya-rosta-volos-ssha-hairmax-ultima-12\/#primaryimage"},"image":{"@id":"https:\/\/shops-usa.com\/product\/lazernaya-rascheska-dlya-rosta-volos-ssha-hairmax-ultima-12\/#primaryimage"},"thumbnailUrl":"https:\/\/shops-usa.com\/wp-content\/uploads\/2024\/12\/42.png","datePublished":"2024-12-18T14:34:18+00:00","dateModified":"2025-09-23T11:38:06+00:00","breadcrumb":{"@id":"https:\/\/shops-usa.com\/product\/lazernaya-rascheska-dlya-rosta-volos-ssha-hairmax-ultima-12\/#breadcrumb"},"inLanguage":"ro-RO","potentialAction":[{"@type":"ReadAction","target":["https:\/\/shops-usa.com\/product\/lazernaya-rascheska-dlya-rosta-volos-ssha-hairmax-ultima-12\/"]}]},{"@type":"ImageObject","inLanguage":"ro-RO","@id":"https:\/\/shops-usa.com\/product\/lazernaya-rascheska-dlya-rosta-volos-ssha-hairmax-ultima-12\/#primaryimage","url":"https:\/\/shops-usa.com\/wp-content\/uploads\/2024\/12\/42.png","contentUrl":"https:\/\/shops-usa.com\/wp-content\/uploads\/2024\/12\/42.png","width":750,"height":750},{"@type":"BreadcrumbList","@id":"https:\/\/shops-usa.com\/product\/lazernaya-rascheska-dlya-rosta-volos-ssha-hairmax-ultima-12\/#breadcrumb","itemListElement":[{"@type":"ListItem","position":1,"name":"Home","item":"https:\/\/shops-usa.com\/"},{"@type":"ListItem","position":2,"name":"\u041a\u0430\u0442\u0430\u043b\u043e\u0433","item":"https:\/\/shops-usa.com\/catalogue\/"},{"@type":"ListItem","position":3,"name":"HairMax Ultima 12 (\u0421\u0428\u0410) \u041b\u0430\u0437\u0435\u0440\u043d\u0430\u044f \u0440\u0430\u0441\u0447\u0435\u0441\u043a\u0430 \u0434\u043b\u044f \u0440\u043e\u0441\u0442\u0430 \u0432\u043e\u043b\u043e\u0441"}]},{"@type":"WebSite","@id":"https:\/\/shops-usa.com\/#website","url":"https:\/\/shops-usa.com\/","name":"ShopsUSA","description":"Quality products from USA","publisher":{"@id":"https:\/\/shops-usa.com\/#organization"},"potentialAction":[{"@type":"SearchAction","target":{"@type":"EntryPoint","urlTemplate":"https:\/\/shops-usa.com\/?s={search_term_string}"},"query-input":{"@type":"PropertyValueSpecification","valueRequired":true,"valueName":"search_term_string"}}],"inLanguage":"ro-RO"},{"@type":"Organization","@id":"https:\/\/shops-usa.com\/#organization","name":"SHOPS USA","alternateName":"SHOPS","url":"https:\/\/shops-usa.com\/","logo":{"@type":"ImageObject","inLanguage":"ro-RO","@id":"https:\/\/shops-usa.com\/#\/schema\/logo\/image\/","url":"https:\/\/shops-usa.com\/wp-content\/uploads\/2025\/12\/letter_final_white-1.png","contentUrl":"https:\/\/shops-usa.com\/wp-content\/uploads\/2025\/12\/letter_final_white-1.png","width":1711,"height":1949,"caption":"SHOPS USA"},"image":{"@id":"https:\/\/shops-usa.com\/#\/schema\/logo\/image\/"}}]}},"_links":{"self":[{"href":"https:\/\/shops-usa.com\/ro\/wp-json\/wp\/v2\/product\/58","targetHints":{"allow":["GET"]}}],"collection":[{"href":"https:\/\/shops-usa.com\/ro\/wp-json\/wp\/v2\/product"}],"about":[{"href":"https:\/\/shops-usa.com\/ro\/wp-json\/wp\/v2\/types\/product"}],"replies":[{"embeddable":true,"href":"https:\/\/shops-usa.com\/ro\/wp-json\/wp\/v2\/comments?post=58"}],"wp:featuredmedia":[{"embeddable":true,"href":"https:\/\/shops-usa.com\/ro\/wp-json\/wp\/v2\/media\/767"}],"wp:attachment":[{"href":"https:\/\/shops-usa.com\/ro\/wp-json\/wp\/v2\/media?parent=58"}],"wp:term":[{"taxonomy":"product_brand","embeddable":true,"href":"https:\/\/shops-usa.com\/ro\/wp-json\/wp\/v2\/product_brand?post=58"},{"taxonomy":"product_cat","embeddable":true,"href":"https:\/\/shops-usa.com\/ro\/wp-json\/wp\/v2\/product_cat?post=58"},{"taxonomy":"product_tag","embeddable":true,"href":"https:\/\/shops-usa.com\/ro\/wp-json\/wp\/v2\/product_tag?post=58"}],"curies":[{"name":"wp","href":"https:\/\/api.w.org\/{rel}","templated":true}]}}