{"id":43,"date":"2024-12-18T14:34:16","date_gmt":"2024-12-18T14:34:16","guid":{"rendered":"https:\/\/shops-usa.com\/?post_type=product&#038;p=43"},"modified":"2025-10-06T06:07:41","modified_gmt":"2025-10-06T06:07:41","slug":"pribor-dlya-besprovodnoj-miostimulyaczii-tens-i-nme-ssha-ireliev","status":"publish","type":"product","link":"https:\/\/shops-usa.com\/ro\/produs\/pribor-dlya-besprovodnoj-miostimulyaczii-tens-i-nme-ssha-ireliev\/","title":{"rendered":"Dispozitiv pentru miostimularea f\u0103r\u0103 fir a TENS \u0219i NME iRELIEV (SUA)"},"content":{"rendered":"<p class=\"translation-block\">TENS (stimularea electric\u0103 nervoas\u0103 transcutanat\u0103) transmite impulsuri de joas\u0103 tensiune de la electrozi la piele, stimul\u00e2nd nervii s\u0103 blocheze semnalele de durere c\u0103tre creier. Dispozitivul IReliev cre\u0219te nivelul de endorfine naturale, care sunt inhibitori naturali ai durerii.\n\nNMES (stimularea electric\u0103 neuromuscular\u0103) stimuleaz\u0103 contrac\u021bia muscular\u0103 folosind impulsuri electrice. Dispozitivul IReliev cre\u0219te rezisten\u021ba muscular\u0103, accelereaz\u0103 recuperarea dup\u0103 antrenamentul de for\u021b\u0103 \u0219i serve\u0219te ca instrument de reabilitare pentru accident\u0103ri.<br>\nConexiune wireless \u00eentre electrozi \u0219i telecomand\u0103<br>\n14 programe: 7 TENS pentru ameliorarea durerii, 6 NMES pentru antrenamentul muscular, 1 program special pentru artrit\u0103<br>\n25 de niveluri de intensitate<br>\nDurata sesiunii poate fi setat\u0103 de la 5 la 60 de minute.<br>\nElectrozii pot func\u021biona \u00een diferite moduri sau sincron<br>\nElectrozi suplimentari disponibili pentru achizi\u021bionare<br>\nIluminare de fundal a afi\u0219ajului<br>\nInclus: o telecomand\u0103 portabil\u0103, doi electrozi wireless autoadezivi (7,5 x 12,5 cm), dou\u0103 compartimente deta\u0219abile, o baterie litiu-ion, un \u00eenc\u0103rc\u0103tor cu port USB, o geant\u0103 de depozitare \u0219i transport \u0219i un manual de instruc\u021biuni<\/p>","protected":false},"excerpt":{"rendered":"<p><strong>Dispozitivul IReliev cre\u0219te nivelul natural de endorfine, care sunt inhibitori naturali ai durerii.<\/strong><\/p>","protected":false},"featured_media":72,"comment_status":"open","ping_status":"closed","template":"","meta":[],"product_brand":[],"product_cat":[17],"product_tag":[],"class_list":{"0":"post-43","1":"product","2":"type-product","3":"status-publish","4":"has-post-thumbnail","6":"product_cat-ireliev","8":"first","9":"instock","10":"sale","11":"shipping-taxable","12":"purchasable","13":"product-type-simple"},"yoast_head":"<!-- This site is optimized with the Yoast SEO plugin v26.6 - https:\/\/yoast.com\/wordpress\/plugins\/seo\/ -->\n<title>\u041f\u0440\u0438\u0431\u043e\u0440 \u0434\u043b\u044f \u0431\u0435\u0441\u043f\u0440\u043e\u0432\u043e\u0434\u043d\u043e\u0439 \u043c\u0438\u043e\u0441\u0442\u0438\u043c\u0443\u043b\u044f\u0446\u0438\u0438 \u0422\u042d\u041d\u0421 \u0438 \u041d\u041c\u042d (\u0421\u0428\u0410) iRELIEV - ShopsUSA<\/title>\n<meta name=\"robots\" content=\"index, follow, max-snippet:-1, max-image-preview:large, max-video-preview:-1\" \/>\n<link rel=\"canonical\" href=\"https:\/\/shops-usa.com\/ro\/produs\/pribor-dlya-besprovodnoj-miostimulyaczii-tens-i-nme-ssha-ireliev\/?wmc-currency=RON\" \/>\n<meta property=\"og:locale\" content=\"ro_RO\" \/>\n<meta property=\"og:type\" content=\"article\" \/>\n<meta property=\"og:title\" content=\"\u041f\u0440\u0438\u0431\u043e\u0440 \u0434\u043b\u044f \u0431\u0435\u0441\u043f\u0440\u043e\u0432\u043e\u0434\u043d\u043e\u0439 \u043c\u0438\u043e\u0441\u0442\u0438\u043c\u0443\u043b\u044f\u0446\u0438\u0438 \u0422\u042d\u041d\u0421 \u0438 \u041d\u041c\u042d (\u0421\u0428\u0410) iRELIEV - ShopsUSA\" \/>\n<meta property=\"og:description\" content=\"\u041f\u0440\u0438\u0431\u043e\u0440 IReliev \u0443\u0432\u0435\u043b\u0438\u0447\u0438\u0432\u0430\u0435\u0442 \u0435\u0441\u0442\u0435\u0441\u0442\u0432\u0435\u043d\u043d\u044b\u0435 \u044d\u043d\u0434\u043e\u0440\u0444\u0438\u043d\u044b - \u0435\u0441\u0442\u0435\u0441\u0442\u0432\u0435\u043d\u043d\u044b\u0445 \u0438\u043d\u0433\u0438\u0431\u0438\u0442\u043e\u0440\u043e\u0432 \u0431\u043e\u043b\u0438.\" \/>\n<meta property=\"og:url\" content=\"https:\/\/shops-usa.com\/ro\/produs\/pribor-dlya-besprovodnoj-miostimulyaczii-tens-i-nme-ssha-ireliev\/?wmc-currency=RON\" \/>\n<meta property=\"og:site_name\" content=\"ShopsUSA\" \/>\n<meta property=\"article:modified_time\" content=\"2025-10-06T06:07:41+00:00\" \/>\n<meta property=\"og:image\" content=\"https:\/\/shops-usa.com\/wp-content\/uploads\/2024\/12\/1-1.jpg\" \/>\n\t<meta property=\"og:image:width\" content=\"1500\" \/>\n\t<meta property=\"og:image:height\" content=\"1076\" \/>\n\t<meta property=\"og:image:type\" content=\"image\/jpeg\" \/>\n<meta name=\"twitter:card\" content=\"summary_large_image\" \/>\n<script type=\"application\/ld+json\" class=\"yoast-schema-graph\">{\"@context\":\"https:\/\/schema.org\",\"@graph\":[{\"@type\":\"WebPage\",\"@id\":\"https:\/\/shops-usa.com\/product\/pribor-dlya-besprovodnoj-miostimulyaczii-tens-i-nme-ssha-ireliev\/\",\"url\":\"https:\/\/shops-usa.com\/product\/pribor-dlya-besprovodnoj-miostimulyaczii-tens-i-nme-ssha-ireliev\/\",\"name\":\"\u041f\u0440\u0438\u0431\u043e\u0440 \u0434\u043b\u044f \u0431\u0435\u0441\u043f\u0440\u043e\u0432\u043e\u0434\u043d\u043e\u0439 \u043c\u0438\u043e\u0441\u0442\u0438\u043c\u0443\u043b\u044f\u0446\u0438\u0438 \u0422\u042d\u041d\u0421 \u0438 \u041d\u041c\u042d (\u0421\u0428\u0410) iRELIEV - ShopsUSA\",\"isPartOf\":{\"@id\":\"https:\/\/shops-usa.com\/#website\"},\"primaryImageOfPage\":{\"@id\":\"https:\/\/shops-usa.com\/product\/pribor-dlya-besprovodnoj-miostimulyaczii-tens-i-nme-ssha-ireliev\/#primaryimage\"},\"image\":{\"@id\":\"https:\/\/shops-usa.com\/product\/pribor-dlya-besprovodnoj-miostimulyaczii-tens-i-nme-ssha-ireliev\/#primaryimage\"},\"thumbnailUrl\":\"https:\/\/shops-usa.com\/wp-content\/uploads\/2024\/12\/1-1.jpg\",\"datePublished\":\"2024-12-18T14:34:16+00:00\",\"dateModified\":\"2025-10-06T06:07:41+00:00\",\"breadcrumb\":{\"@id\":\"https:\/\/shops-usa.com\/product\/pribor-dlya-besprovodnoj-miostimulyaczii-tens-i-nme-ssha-ireliev\/#breadcrumb\"},\"inLanguage\":\"ro-RO\",\"potentialAction\":[{\"@type\":\"ReadAction\",\"target\":[\"https:\/\/shops-usa.com\/product\/pribor-dlya-besprovodnoj-miostimulyaczii-tens-i-nme-ssha-ireliev\/\"]}]},{\"@type\":\"ImageObject\",\"inLanguage\":\"ro-RO\",\"@id\":\"https:\/\/shops-usa.com\/product\/pribor-dlya-besprovodnoj-miostimulyaczii-tens-i-nme-ssha-ireliev\/#primaryimage\",\"url\":\"https:\/\/shops-usa.com\/wp-content\/uploads\/2024\/12\/1-1.jpg\",\"contentUrl\":\"https:\/\/shops-usa.com\/wp-content\/uploads\/2024\/12\/1-1.jpg\",\"width\":1500,\"height\":1076},{\"@type\":\"BreadcrumbList\",\"@id\":\"https:\/\/shops-usa.com\/product\/pribor-dlya-besprovodnoj-miostimulyaczii-tens-i-nme-ssha-ireliev\/#breadcrumb\",\"itemListElement\":[{\"@type\":\"ListItem\",\"position\":1,\"name\":\"Home\",\"item\":\"https:\/\/shops-usa.com\/\"},{\"@type\":\"ListItem\",\"position\":2,\"name\":\"\u041a\u0430\u0442\u0430\u043b\u043e\u0433\",\"item\":\"https:\/\/shops-usa.com\/catalogue\/\"},{\"@type\":\"ListItem\",\"position\":3,\"name\":\"\u041f\u0440\u0438\u0431\u043e\u0440 \u0434\u043b\u044f \u0431\u0435\u0441\u043f\u0440\u043e\u0432\u043e\u0434\u043d\u043e\u0439 \u043c\u0438\u043e\u0441\u0442\u0438\u043c\u0443\u043b\u044f\u0446\u0438\u0438 \u0422\u042d\u041d\u0421 \u0438 \u041d\u041c\u042d (\u0421\u0428\u0410) iRELIEV\"}]},{\"@type\":\"WebSite\",\"@id\":\"https:\/\/shops-usa.com\/#website\",\"url\":\"https:\/\/shops-usa.com\/\",\"name\":\"ShopsUSA\",\"description\":\"Quality products from USA\",\"publisher\":{\"@id\":\"https:\/\/shops-usa.com\/#organization\"},\"potentialAction\":[{\"@type\":\"SearchAction\",\"target\":{\"@type\":\"EntryPoint\",\"urlTemplate\":\"https:\/\/shops-usa.com\/?s={search_term_string}\"},\"query-input\":{\"@type\":\"PropertyValueSpecification\",\"valueRequired\":true,\"valueName\":\"search_term_string\"}}],\"inLanguage\":\"ro-RO\"},{\"@type\":\"Organization\",\"@id\":\"https:\/\/shops-usa.com\/#organization\",\"name\":\"SHOPS USA\",\"alternateName\":\"SHOPS\",\"url\":\"https:\/\/shops-usa.com\/\",\"logo\":{\"@type\":\"ImageObject\",\"inLanguage\":\"ro-RO\",\"@id\":\"https:\/\/shops-usa.com\/#\/schema\/logo\/image\/\",\"url\":\"https:\/\/shops-usa.com\/wp-content\/uploads\/2025\/12\/letter_final_white-1.png\",\"contentUrl\":\"https:\/\/shops-usa.com\/wp-content\/uploads\/2025\/12\/letter_final_white-1.png\",\"width\":1711,\"height\":1949,\"caption\":\"SHOPS USA\"},\"image\":{\"@id\":\"https:\/\/shops-usa.com\/#\/schema\/logo\/image\/\"}}]}<\/script>\n<!-- \/ Yoast SEO plugin. -->","yoast_head_json":{"title":"\u041f\u0440\u0438\u0431\u043e\u0440 \u0434\u043b\u044f \u0431\u0435\u0441\u043f\u0440\u043e\u0432\u043e\u0434\u043d\u043e\u0439 \u043c\u0438\u043e\u0441\u0442\u0438\u043c\u0443\u043b\u044f\u0446\u0438\u0438 \u0422\u042d\u041d\u0421 \u0438 \u041d\u041c\u042d (\u0421\u0428\u0410) iRELIEV - ShopsUSA","robots":{"index":"index","follow":"follow","max-snippet":"max-snippet:-1","max-image-preview":"max-image-preview:large","max-video-preview":"max-video-preview:-1"},"canonical":"https:\/\/shops-usa.com\/ro\/produs\/pribor-dlya-besprovodnoj-miostimulyaczii-tens-i-nme-ssha-ireliev\/?wmc-currency=RON","og_locale":"ro_RO","og_type":"article","og_title":"\u041f\u0440\u0438\u0431\u043e\u0440 \u0434\u043b\u044f \u0431\u0435\u0441\u043f\u0440\u043e\u0432\u043e\u0434\u043d\u043e\u0439 \u043c\u0438\u043e\u0441\u0442\u0438\u043c\u0443\u043b\u044f\u0446\u0438\u0438 \u0422\u042d\u041d\u0421 \u0438 \u041d\u041c\u042d (\u0421\u0428\u0410) iRELIEV - ShopsUSA","og_description":"\u041f\u0440\u0438\u0431\u043e\u0440 IReliev \u0443\u0432\u0435\u043b\u0438\u0447\u0438\u0432\u0430\u0435\u0442 \u0435\u0441\u0442\u0435\u0441\u0442\u0432\u0435\u043d\u043d\u044b\u0435 \u044d\u043d\u0434\u043e\u0440\u0444\u0438\u043d\u044b - \u0435\u0441\u0442\u0435\u0441\u0442\u0432\u0435\u043d\u043d\u044b\u0445 \u0438\u043d\u0433\u0438\u0431\u0438\u0442\u043e\u0440\u043e\u0432 \u0431\u043e\u043b\u0438.","og_url":"https:\/\/shops-usa.com\/ro\/produs\/pribor-dlya-besprovodnoj-miostimulyaczii-tens-i-nme-ssha-ireliev\/?wmc-currency=RON","og_site_name":"ShopsUSA","article_modified_time":"2025-10-06T06:07:41+00:00","og_image":[{"width":1500,"height":1076,"url":"https:\/\/shops-usa.com\/wp-content\/uploads\/2024\/12\/1-1.jpg","type":"image\/jpeg"}],"twitter_card":"summary_large_image","schema":{"@context":"https:\/\/schema.org","@graph":[{"@type":"WebPage","@id":"https:\/\/shops-usa.com\/product\/pribor-dlya-besprovodnoj-miostimulyaczii-tens-i-nme-ssha-ireliev\/","url":"https:\/\/shops-usa.com\/product\/pribor-dlya-besprovodnoj-miostimulyaczii-tens-i-nme-ssha-ireliev\/","name":"\u041f\u0440\u0438\u0431\u043e\u0440 \u0434\u043b\u044f \u0431\u0435\u0441\u043f\u0440\u043e\u0432\u043e\u0434\u043d\u043e\u0439 \u043c\u0438\u043e\u0441\u0442\u0438\u043c\u0443\u043b\u044f\u0446\u0438\u0438 \u0422\u042d\u041d\u0421 \u0438 \u041d\u041c\u042d (\u0421\u0428\u0410) iRELIEV - ShopsUSA","isPartOf":{"@id":"https:\/\/shops-usa.com\/#website"},"primaryImageOfPage":{"@id":"https:\/\/shops-usa.com\/product\/pribor-dlya-besprovodnoj-miostimulyaczii-tens-i-nme-ssha-ireliev\/#primaryimage"},"image":{"@id":"https:\/\/shops-usa.com\/product\/pribor-dlya-besprovodnoj-miostimulyaczii-tens-i-nme-ssha-ireliev\/#primaryimage"},"thumbnailUrl":"https:\/\/shops-usa.com\/wp-content\/uploads\/2024\/12\/1-1.jpg","datePublished":"2024-12-18T14:34:16+00:00","dateModified":"2025-10-06T06:07:41+00:00","breadcrumb":{"@id":"https:\/\/shops-usa.com\/product\/pribor-dlya-besprovodnoj-miostimulyaczii-tens-i-nme-ssha-ireliev\/#breadcrumb"},"inLanguage":"ro-RO","potentialAction":[{"@type":"ReadAction","target":["https:\/\/shops-usa.com\/product\/pribor-dlya-besprovodnoj-miostimulyaczii-tens-i-nme-ssha-ireliev\/"]}]},{"@type":"ImageObject","inLanguage":"ro-RO","@id":"https:\/\/shops-usa.com\/product\/pribor-dlya-besprovodnoj-miostimulyaczii-tens-i-nme-ssha-ireliev\/#primaryimage","url":"https:\/\/shops-usa.com\/wp-content\/uploads\/2024\/12\/1-1.jpg","contentUrl":"https:\/\/shops-usa.com\/wp-content\/uploads\/2024\/12\/1-1.jpg","width":1500,"height":1076},{"@type":"BreadcrumbList","@id":"https:\/\/shops-usa.com\/product\/pribor-dlya-besprovodnoj-miostimulyaczii-tens-i-nme-ssha-ireliev\/#breadcrumb","itemListElement":[{"@type":"ListItem","position":1,"name":"Home","item":"https:\/\/shops-usa.com\/"},{"@type":"ListItem","position":2,"name":"\u041a\u0430\u0442\u0430\u043b\u043e\u0433","item":"https:\/\/shops-usa.com\/catalogue\/"},{"@type":"ListItem","position":3,"name":"\u041f\u0440\u0438\u0431\u043e\u0440 \u0434\u043b\u044f \u0431\u0435\u0441\u043f\u0440\u043e\u0432\u043e\u0434\u043d\u043e\u0439 \u043c\u0438\u043e\u0441\u0442\u0438\u043c\u0443\u043b\u044f\u0446\u0438\u0438 \u0422\u042d\u041d\u0421 \u0438 \u041d\u041c\u042d (\u0421\u0428\u0410) iRELIEV"}]},{"@type":"WebSite","@id":"https:\/\/shops-usa.com\/#website","url":"https:\/\/shops-usa.com\/","name":"ShopsUSA","description":"Quality products from USA","publisher":{"@id":"https:\/\/shops-usa.com\/#organization"},"potentialAction":[{"@type":"SearchAction","target":{"@type":"EntryPoint","urlTemplate":"https:\/\/shops-usa.com\/?s={search_term_string}"},"query-input":{"@type":"PropertyValueSpecification","valueRequired":true,"valueName":"search_term_string"}}],"inLanguage":"ro-RO"},{"@type":"Organization","@id":"https:\/\/shops-usa.com\/#organization","name":"SHOPS USA","alternateName":"SHOPS","url":"https:\/\/shops-usa.com\/","logo":{"@type":"ImageObject","inLanguage":"ro-RO","@id":"https:\/\/shops-usa.com\/#\/schema\/logo\/image\/","url":"https:\/\/shops-usa.com\/wp-content\/uploads\/2025\/12\/letter_final_white-1.png","contentUrl":"https:\/\/shops-usa.com\/wp-content\/uploads\/2025\/12\/letter_final_white-1.png","width":1711,"height":1949,"caption":"SHOPS USA"},"image":{"@id":"https:\/\/shops-usa.com\/#\/schema\/logo\/image\/"}}]}},"_links":{"self":[{"href":"https:\/\/shops-usa.com\/ro\/wp-json\/wp\/v2\/product\/43","targetHints":{"allow":["GET"]}}],"collection":[{"href":"https:\/\/shops-usa.com\/ro\/wp-json\/wp\/v2\/product"}],"about":[{"href":"https:\/\/shops-usa.com\/ro\/wp-json\/wp\/v2\/types\/product"}],"replies":[{"embeddable":true,"href":"https:\/\/shops-usa.com\/ro\/wp-json\/wp\/v2\/comments?post=43"}],"wp:featuredmedia":[{"embeddable":true,"href":"https:\/\/shops-usa.com\/ro\/wp-json\/wp\/v2\/media\/72"}],"wp:attachment":[{"href":"https:\/\/shops-usa.com\/ro\/wp-json\/wp\/v2\/media?parent=43"}],"wp:term":[{"taxonomy":"product_brand","embeddable":true,"href":"https:\/\/shops-usa.com\/ro\/wp-json\/wp\/v2\/product_brand?post=43"},{"taxonomy":"product_cat","embeddable":true,"href":"https:\/\/shops-usa.com\/ro\/wp-json\/wp\/v2\/product_cat?post=43"},{"taxonomy":"product_tag","embeddable":true,"href":"https:\/\/shops-usa.com\/ro\/wp-json\/wp\/v2\/product_tag?post=43"}],"curies":[{"name":"wp","href":"https:\/\/api.w.org\/{rel}","templated":true}]}}