{"id":57,"date":"2024-12-18T14:34:18","date_gmt":"2024-12-18T14:34:18","guid":{"rendered":"https:\/\/shops-usa.com\/?post_type=product&#038;p=57"},"modified":"2026-02-06T16:57:20","modified_gmt":"2026-02-06T16:57:20","slug":"lazernaya-rascheska-dlya-rosta-volos-ssha-hairmax-ultima-9","status":"publish","type":"product","link":"https:\/\/shops-usa.com\/pl\/produkt\/lazernaya-rascheska-dlya-rosta-volos-ssha-hairmax-ultima-9\/","title":{"rendered":"HairMax Ultima 9 (USA) Laserowy grzebie\u0144 na porost w\u0142os\u00f3w"},"content":{"rendered":"<p>Odrost w\u0142os\u00f3w: Zabieg laserowy wykorzystuje fotobiostymulacj\u0119, dostarczaj\u0105c niskoenergetyczn\u0105 terapi\u0119 laserow\u0105 (LLLT), kt\u00f3ra dostarcza tlen i sk\u0142adniki od\u017cywcze do mieszk\u00f3w w\u0142osowych, aktywuj\u0105c je i stymuluj\u0105c silniejszy wzrost w\u0142os\u00f3w. Grzebie\u0144 laserowy HairMax posiada 8 certyfikat\u00f3w FDA, 7 bada\u0144 klinicznych, 14 mi\u0119dzynarodowych licencji medycznych i 6 opublikowanych czasopism medycznych. Klinicznie udowodniono, \u017ce urz\u0105dzenie laserowe HairMax odrasta w\u0142osy, ze \u015brednim przyrostem 15 dodatkowych w\u0142os\u00f3w na centymetr kwadratowy po sze\u015bciu miesi\u0105cach regularnego stosowania. Niezwykle wygodne i przeno\u015bne, urz\u0105dzenie jest zaprojektowane do u\u017cytku zar\u00f3wno w domu, jak i w podr\u00f3\u017cy. Lekka bateria zapewnia d\u0142ugi czas \u0142adowania i jest \u0142atwa do przenoszenia. Urz\u0105dzenie jest \u0142atwe w obs\u0142udze. W zestawie znajduje si\u0119 stacja \u0142aduj\u0105ca, bateria, przew\u00f3d zasilaj\u0105cy, instrukcja obs\u0142ugi i gwarancja na urz\u0105dzenie. Polecane przez lekarzy: w badaniach klinicznych u\u017cytkownicy zauwa\u017cyli widoczne rezultaty ju\u017c po 3-6 miesi\u0105cach. Za\u0142o\u017cona w 2000 roku firma HairMax sprzeda\u0142a ponad 1,8 miliona urz\u0105dze\u0144 na ca\u0142ym \u015bwiecie i jest \u015bwiatowym liderem i pionierem w laserowej terapii wzrostu w\u0142os\u00f3w. Lekarze zalecaj\u0105 urz\u0105dzenia laserowe HairMax w leczeniu \u0142ysienia androgenowego, do kt\u00f3rego zalicza si\u0119 \u0142ysienie dziedziczne, \u0142ysienie typu m\u0119skiego i \u017ce\u0144skiego, \u0142ysienie menopauzalne, \u0142ysienie plackowate oraz wypadanie i przerzedzanie si\u0119 w\u0142os\u00f3w zwi\u0105zane z wiekiem.<\/p>","protected":false},"excerpt":{"rendered":"<p>Laserowy grzebie\u0144 do wzrostu w\u0142os\u00f3w. Zabieg laserowy polega na fotobiostymulacji, zapewniaj\u0105c niskoenergetyczn\u0105 terapi\u0119 laserow\u0105.<\/p>","protected":false},"featured_media":760,"comment_status":"open","ping_status":"closed","template":"","meta":[],"product_brand":[],"product_cat":[28,52],"product_tag":[],"class_list":{"0":"post-57","1":"product","2":"type-product","3":"status-publish","4":"has-post-thumbnail","6":"product_cat-hairmax","7":"product_cat-heureka-export","9":"first","10":"instock","11":"sale","12":"shipping-taxable","13":"purchasable","14":"product-type-simple"},"yoast_head":"<!-- This site is optimized with the Yoast SEO plugin v26.6 - https:\/\/yoast.com\/wordpress\/plugins\/seo\/ -->\n<title>HairMax Ultima 9 (\u0421\u0428\u0410) \u041b\u0430\u0437\u0435\u0440\u043d\u0430\u044f \u0440\u0430\u0441\u0447\u0435\u0441\u043a\u0430 \u0434\u043b\u044f \u0440\u043e\u0441\u0442\u0430 \u0432\u043e\u043b\u043e\u0441 - ShopsUSA<\/title>\n<meta name=\"robots\" content=\"index, follow, max-snippet:-1, max-image-preview:large, max-video-preview:-1\" \/>\n<link rel=\"canonical\" href=\"https:\/\/shops-usa.com\/pl\/produkt\/lazernaya-rascheska-dlya-rosta-volos-ssha-hairmax-ultima-9\/?wmc-currency=PLN\" \/>\n<meta property=\"og:locale\" content=\"pl_PL\" \/>\n<meta property=\"og:type\" content=\"article\" \/>\n<meta property=\"og:title\" content=\"HairMax Ultima 9 (\u0421\u0428\u0410) \u041b\u0430\u0437\u0435\u0440\u043d\u0430\u044f \u0440\u0430\u0441\u0447\u0435\u0441\u043a\u0430 \u0434\u043b\u044f \u0440\u043e\u0441\u0442\u0430 \u0432\u043e\u043b\u043e\u0441 - ShopsUSA\" \/>\n<meta property=\"og:description\" content=\"\u041b\u0430\u0437\u0435\u0440\u043d\u0430\u044f \u0440\u0430\u0441\u0447\u0435\u0441\u043a\u0430 \u0434\u043b\u044f \u0440\u043e\u0441\u0442\u0430 \u0432\u043e\u043b\u043e\u0441. \u041b\u0430\u0437\u0435\u0440\u043d\u043e\u0435 \u043b\u0435\u0447\u0435\u043d\u0438\u0435 \u043f\u0440\u043e\u0445\u043e\u0434\u0438\u0442 \u0447\u0435\u0440\u0435\u0437 \u043f\u0440\u043e\u0446\u0435\u0441\u0441 \u0444\u043e\u0442\u043e\u0431\u0438\u043e\u0441\u0442\u0438\u043c\u0443\u043b\u044f\u0446\u0438\u0438, \u043e\u0431\u0435\u0441\u043f\u0435\u0447\u0438\u0432\u0430\u044f \u043d\u0438\u0437\u043a\u043e\u0443\u0440\u043e\u0432\u043d\u0435\u0432\u0443\u044e \u043b\u0430\u0437\u0435\u0440\u043d\u0443\u044e \u0442\u0435\u0440\u0430\u043f\u0438\u044e.\" \/>\n<meta property=\"og:url\" content=\"https:\/\/shops-usa.com\/pl\/produkt\/lazernaya-rascheska-dlya-rosta-volos-ssha-hairmax-ultima-9\/?wmc-currency=PLN\" \/>\n<meta property=\"og:site_name\" content=\"ShopsUSA\" \/>\n<meta property=\"article:modified_time\" content=\"2026-02-06T16:57:20+00:00\" \/>\n<meta property=\"og:image\" content=\"https:\/\/shops-usa.com\/wp-content\/uploads\/2024\/12\/4-3.jpg\" \/>\n\t<meta property=\"og:image:width\" content=\"1946\" \/>\n\t<meta property=\"og:image:height\" content=\"1374\" \/>\n\t<meta property=\"og:image:type\" content=\"image\/jpeg\" \/>\n<meta name=\"twitter:card\" content=\"summary_large_image\" \/>\n<meta name=\"twitter:label1\" content=\"Szacowany czas czytania\" \/>\n\t<meta name=\"twitter:data1\" content=\"2 minuty\" \/>\n<script type=\"application\/ld+json\" class=\"yoast-schema-graph\">{\"@context\":\"https:\/\/schema.org\",\"@graph\":[{\"@type\":\"WebPage\",\"@id\":\"https:\/\/shops-usa.com\/product\/lazernaya-rascheska-dlya-rosta-volos-ssha-hairmax-ultima-9\/\",\"url\":\"https:\/\/shops-usa.com\/product\/lazernaya-rascheska-dlya-rosta-volos-ssha-hairmax-ultima-9\/\",\"name\":\"HairMax Ultima 9 (\u0421\u0428\u0410) \u041b\u0430\u0437\u0435\u0440\u043d\u0430\u044f \u0440\u0430\u0441\u0447\u0435\u0441\u043a\u0430 \u0434\u043b\u044f \u0440\u043e\u0441\u0442\u0430 \u0432\u043e\u043b\u043e\u0441 - ShopsUSA\",\"isPartOf\":{\"@id\":\"https:\/\/shops-usa.com\/#website\"},\"primaryImageOfPage\":{\"@id\":\"https:\/\/shops-usa.com\/product\/lazernaya-rascheska-dlya-rosta-volos-ssha-hairmax-ultima-9\/#primaryimage\"},\"image\":{\"@id\":\"https:\/\/shops-usa.com\/product\/lazernaya-rascheska-dlya-rosta-volos-ssha-hairmax-ultima-9\/#primaryimage\"},\"thumbnailUrl\":\"https:\/\/shops-usa.com\/wp-content\/uploads\/2024\/12\/4-3.jpg\",\"datePublished\":\"2024-12-18T14:34:18+00:00\",\"dateModified\":\"2026-02-06T16:57:20+00:00\",\"breadcrumb\":{\"@id\":\"https:\/\/shops-usa.com\/product\/lazernaya-rascheska-dlya-rosta-volos-ssha-hairmax-ultima-9\/#breadcrumb\"},\"inLanguage\":\"pl-PL\",\"potentialAction\":[{\"@type\":\"ReadAction\",\"target\":[\"https:\/\/shops-usa.com\/product\/lazernaya-rascheska-dlya-rosta-volos-ssha-hairmax-ultima-9\/\"]}]},{\"@type\":\"ImageObject\",\"inLanguage\":\"pl-PL\",\"@id\":\"https:\/\/shops-usa.com\/product\/lazernaya-rascheska-dlya-rosta-volos-ssha-hairmax-ultima-9\/#primaryimage\",\"url\":\"https:\/\/shops-usa.com\/wp-content\/uploads\/2024\/12\/4-3.jpg\",\"contentUrl\":\"https:\/\/shops-usa.com\/wp-content\/uploads\/2024\/12\/4-3.jpg\",\"width\":1946,\"height\":1374},{\"@type\":\"BreadcrumbList\",\"@id\":\"https:\/\/shops-usa.com\/product\/lazernaya-rascheska-dlya-rosta-volos-ssha-hairmax-ultima-9\/#breadcrumb\",\"itemListElement\":[{\"@type\":\"ListItem\",\"position\":1,\"name\":\"Home\",\"item\":\"https:\/\/shops-usa.com\/\"},{\"@type\":\"ListItem\",\"position\":2,\"name\":\"\u041a\u0430\u0442\u0430\u043b\u043e\u0433\",\"item\":\"https:\/\/shops-usa.com\/catalogue\/\"},{\"@type\":\"ListItem\",\"position\":3,\"name\":\"HairMax Ultima 9 (\u0421\u0428\u0410) \u041b\u0430\u0437\u0435\u0440\u043d\u0430\u044f \u0440\u0430\u0441\u0447\u0435\u0441\u043a\u0430 \u0434\u043b\u044f \u0440\u043e\u0441\u0442\u0430 \u0432\u043e\u043b\u043e\u0441\"}]},{\"@type\":\"WebSite\",\"@id\":\"https:\/\/shops-usa.com\/#website\",\"url\":\"https:\/\/shops-usa.com\/\",\"name\":\"ShopsUSA\",\"description\":\"Quality products from USA\",\"publisher\":{\"@id\":\"https:\/\/shops-usa.com\/#organization\"},\"potentialAction\":[{\"@type\":\"SearchAction\",\"target\":{\"@type\":\"EntryPoint\",\"urlTemplate\":\"https:\/\/shops-usa.com\/?s={search_term_string}\"},\"query-input\":{\"@type\":\"PropertyValueSpecification\",\"valueRequired\":true,\"valueName\":\"search_term_string\"}}],\"inLanguage\":\"pl-PL\"},{\"@type\":\"Organization\",\"@id\":\"https:\/\/shops-usa.com\/#organization\",\"name\":\"SHOPS USA\",\"alternateName\":\"SHOPS\",\"url\":\"https:\/\/shops-usa.com\/\",\"logo\":{\"@type\":\"ImageObject\",\"inLanguage\":\"pl-PL\",\"@id\":\"https:\/\/shops-usa.com\/#\/schema\/logo\/image\/\",\"url\":\"https:\/\/shops-usa.com\/wp-content\/uploads\/2025\/12\/letter_final_white-1.png\",\"contentUrl\":\"https:\/\/shops-usa.com\/wp-content\/uploads\/2025\/12\/letter_final_white-1.png\",\"width\":1711,\"height\":1949,\"caption\":\"SHOPS USA\"},\"image\":{\"@id\":\"https:\/\/shops-usa.com\/#\/schema\/logo\/image\/\"}}]}<\/script>\n<!-- \/ Yoast SEO plugin. -->","yoast_head_json":{"title":"HairMax Ultima 9 (\u0421\u0428\u0410) \u041b\u0430\u0437\u0435\u0440\u043d\u0430\u044f \u0440\u0430\u0441\u0447\u0435\u0441\u043a\u0430 \u0434\u043b\u044f \u0440\u043e\u0441\u0442\u0430 \u0432\u043e\u043b\u043e\u0441 - ShopsUSA","robots":{"index":"index","follow":"follow","max-snippet":"max-snippet:-1","max-image-preview":"max-image-preview:large","max-video-preview":"max-video-preview:-1"},"canonical":"https:\/\/shops-usa.com\/pl\/produkt\/lazernaya-rascheska-dlya-rosta-volos-ssha-hairmax-ultima-9\/?wmc-currency=PLN","og_locale":"pl_PL","og_type":"article","og_title":"HairMax Ultima 9 (\u0421\u0428\u0410) \u041b\u0430\u0437\u0435\u0440\u043d\u0430\u044f \u0440\u0430\u0441\u0447\u0435\u0441\u043a\u0430 \u0434\u043b\u044f \u0440\u043e\u0441\u0442\u0430 \u0432\u043e\u043b\u043e\u0441 - ShopsUSA","og_description":"\u041b\u0430\u0437\u0435\u0440\u043d\u0430\u044f \u0440\u0430\u0441\u0447\u0435\u0441\u043a\u0430 \u0434\u043b\u044f \u0440\u043e\u0441\u0442\u0430 \u0432\u043e\u043b\u043e\u0441. \u041b\u0430\u0437\u0435\u0440\u043d\u043e\u0435 \u043b\u0435\u0447\u0435\u043d\u0438\u0435 \u043f\u0440\u043e\u0445\u043e\u0434\u0438\u0442 \u0447\u0435\u0440\u0435\u0437 \u043f\u0440\u043e\u0446\u0435\u0441\u0441 \u0444\u043e\u0442\u043e\u0431\u0438\u043e\u0441\u0442\u0438\u043c\u0443\u043b\u044f\u0446\u0438\u0438, \u043e\u0431\u0435\u0441\u043f\u0435\u0447\u0438\u0432\u0430\u044f \u043d\u0438\u0437\u043a\u043e\u0443\u0440\u043e\u0432\u043d\u0435\u0432\u0443\u044e \u043b\u0430\u0437\u0435\u0440\u043d\u0443\u044e \u0442\u0435\u0440\u0430\u043f\u0438\u044e.","og_url":"https:\/\/shops-usa.com\/pl\/produkt\/lazernaya-rascheska-dlya-rosta-volos-ssha-hairmax-ultima-9\/?wmc-currency=PLN","og_site_name":"ShopsUSA","article_modified_time":"2026-02-06T16:57:20+00:00","og_image":[{"width":1946,"height":1374,"url":"https:\/\/shops-usa.com\/wp-content\/uploads\/2024\/12\/4-3.jpg","type":"image\/jpeg"}],"twitter_card":"summary_large_image","twitter_misc":{"Szacowany czas czytania":"2 minuty"},"schema":{"@context":"https:\/\/schema.org","@graph":[{"@type":"WebPage","@id":"https:\/\/shops-usa.com\/product\/lazernaya-rascheska-dlya-rosta-volos-ssha-hairmax-ultima-9\/","url":"https:\/\/shops-usa.com\/product\/lazernaya-rascheska-dlya-rosta-volos-ssha-hairmax-ultima-9\/","name":"HairMax Ultima 9 (\u0421\u0428\u0410) \u041b\u0430\u0437\u0435\u0440\u043d\u0430\u044f \u0440\u0430\u0441\u0447\u0435\u0441\u043a\u0430 \u0434\u043b\u044f \u0440\u043e\u0441\u0442\u0430 \u0432\u043e\u043b\u043e\u0441 - ShopsUSA","isPartOf":{"@id":"https:\/\/shops-usa.com\/#website"},"primaryImageOfPage":{"@id":"https:\/\/shops-usa.com\/product\/lazernaya-rascheska-dlya-rosta-volos-ssha-hairmax-ultima-9\/#primaryimage"},"image":{"@id":"https:\/\/shops-usa.com\/product\/lazernaya-rascheska-dlya-rosta-volos-ssha-hairmax-ultima-9\/#primaryimage"},"thumbnailUrl":"https:\/\/shops-usa.com\/wp-content\/uploads\/2024\/12\/4-3.jpg","datePublished":"2024-12-18T14:34:18+00:00","dateModified":"2026-02-06T16:57:20+00:00","breadcrumb":{"@id":"https:\/\/shops-usa.com\/product\/lazernaya-rascheska-dlya-rosta-volos-ssha-hairmax-ultima-9\/#breadcrumb"},"inLanguage":"pl-PL","potentialAction":[{"@type":"ReadAction","target":["https:\/\/shops-usa.com\/product\/lazernaya-rascheska-dlya-rosta-volos-ssha-hairmax-ultima-9\/"]}]},{"@type":"ImageObject","inLanguage":"pl-PL","@id":"https:\/\/shops-usa.com\/product\/lazernaya-rascheska-dlya-rosta-volos-ssha-hairmax-ultima-9\/#primaryimage","url":"https:\/\/shops-usa.com\/wp-content\/uploads\/2024\/12\/4-3.jpg","contentUrl":"https:\/\/shops-usa.com\/wp-content\/uploads\/2024\/12\/4-3.jpg","width":1946,"height":1374},{"@type":"BreadcrumbList","@id":"https:\/\/shops-usa.com\/product\/lazernaya-rascheska-dlya-rosta-volos-ssha-hairmax-ultima-9\/#breadcrumb","itemListElement":[{"@type":"ListItem","position":1,"name":"Home","item":"https:\/\/shops-usa.com\/"},{"@type":"ListItem","position":2,"name":"\u041a\u0430\u0442\u0430\u043b\u043e\u0433","item":"https:\/\/shops-usa.com\/catalogue\/"},{"@type":"ListItem","position":3,"name":"HairMax Ultima 9 (\u0421\u0428\u0410) \u041b\u0430\u0437\u0435\u0440\u043d\u0430\u044f \u0440\u0430\u0441\u0447\u0435\u0441\u043a\u0430 \u0434\u043b\u044f \u0440\u043e\u0441\u0442\u0430 \u0432\u043e\u043b\u043e\u0441"}]},{"@type":"WebSite","@id":"https:\/\/shops-usa.com\/#website","url":"https:\/\/shops-usa.com\/","name":"ShopsUSA","description":"Quality products from USA","publisher":{"@id":"https:\/\/shops-usa.com\/#organization"},"potentialAction":[{"@type":"SearchAction","target":{"@type":"EntryPoint","urlTemplate":"https:\/\/shops-usa.com\/?s={search_term_string}"},"query-input":{"@type":"PropertyValueSpecification","valueRequired":true,"valueName":"search_term_string"}}],"inLanguage":"pl-PL"},{"@type":"Organization","@id":"https:\/\/shops-usa.com\/#organization","name":"SHOPS USA","alternateName":"SHOPS","url":"https:\/\/shops-usa.com\/","logo":{"@type":"ImageObject","inLanguage":"pl-PL","@id":"https:\/\/shops-usa.com\/#\/schema\/logo\/image\/","url":"https:\/\/shops-usa.com\/wp-content\/uploads\/2025\/12\/letter_final_white-1.png","contentUrl":"https:\/\/shops-usa.com\/wp-content\/uploads\/2025\/12\/letter_final_white-1.png","width":1711,"height":1949,"caption":"SHOPS USA"},"image":{"@id":"https:\/\/shops-usa.com\/#\/schema\/logo\/image\/"}}]}},"_links":{"self":[{"href":"https:\/\/shops-usa.com\/pl\/wp-json\/wp\/v2\/product\/57","targetHints":{"allow":["GET"]}}],"collection":[{"href":"https:\/\/shops-usa.com\/pl\/wp-json\/wp\/v2\/product"}],"about":[{"href":"https:\/\/shops-usa.com\/pl\/wp-json\/wp\/v2\/types\/product"}],"replies":[{"embeddable":true,"href":"https:\/\/shops-usa.com\/pl\/wp-json\/wp\/v2\/comments?post=57"}],"wp:featuredmedia":[{"embeddable":true,"href":"https:\/\/shops-usa.com\/pl\/wp-json\/wp\/v2\/media\/760"}],"wp:attachment":[{"href":"https:\/\/shops-usa.com\/pl\/wp-json\/wp\/v2\/media?parent=57"}],"wp:term":[{"taxonomy":"product_brand","embeddable":true,"href":"https:\/\/shops-usa.com\/pl\/wp-json\/wp\/v2\/product_brand?post=57"},{"taxonomy":"product_cat","embeddable":true,"href":"https:\/\/shops-usa.com\/pl\/wp-json\/wp\/v2\/product_cat?post=57"},{"taxonomy":"product_tag","embeddable":true,"href":"https:\/\/shops-usa.com\/pl\/wp-json\/wp\/v2\/product_tag?post=57"}],"curies":[{"name":"wp","href":"https:\/\/api.w.org\/{rel}","templated":true}]}}