{"id":63,"date":"2024-12-18T14:34:18","date_gmt":"2024-12-18T14:34:18","guid":{"rendered":"https:\/\/shops-usa.com\/?post_type=product&#038;p=63"},"modified":"2025-11-08T08:08:36","modified_gmt":"2025-11-08T08:08:36","slug":"massazher-i-gel-dlya-mikrotokovoj-terapii-licza-ssha-nabor-nuface-fix","status":"publish","type":"product","link":"https:\/\/shops-usa.com\/md_md\/product\/massazher-i-gel-dlya-mikrotokovoj-terapii-licza-ssha-nabor-nuface-fix\/","title":{"rendered":"NuFACE Fix (SUA) Aparat de masaj \u0219i gel pentru terapie facial\u0103 cu microcurent"},"content":{"rendered":"<p>NuFACE Fix stimuleaz\u0103 u\u0219or zone extinse ale fe\u021bei \u0219i g\u00e2tului (terapie cu microcurent), ajut\u00e2nd la \u00eembun\u0103t\u0103\u021birea conturului \u0219i tonusului fe\u021bei \u0219i g\u00e2tului \u0219i ajut\u0103 la reducerea aspectului liniilor fine \u0219i a ridurilor. Cel mai mare punct forte al Fix const\u0103 \u00een designul s\u0103u simplu \u0219i intuitiv, permi\u021b\u00e2ndu-v\u0103 s\u0103 efectua\u021bi f\u0103r\u0103 efort un tratament de \u00eenfrumuse\u021bare de 5 minute oric\u00e2nd, oriunde. Ob\u021bine\u021bi rezultatele tratamentelor profesionale de \u00eengrijire a pielii cu u\u0219urin\u021ba \u0219i confortul oferite de NuFACE Fix. Pe m\u0103sur\u0103 ce \u00eemb\u0103tr\u00e2nim, fluxul natural al corpului nostru \u00eencepe s\u0103 \u00eencetineasc\u0103 (la fel \u0219i metabolismul), duc\u00e2nd la l\u0103sarea pielii \u0219i pierderea conturului. Microcurentul este un curent calmant, de intensitate redus\u0103, care imit\u0103 fluxul natural al corpului \u0219i poate oferi rezultate imediate \u0219i cumulative. Tratamentele faciale \u0219i de reducere a ridurilor NuFACE sunt dispozitive aprobate de FDA, fabricate la cele mai \u00eenalte standarde de calitate \u0219i concepute pentru a v\u0103 \u00eembun\u0103t\u0103\u021bi pielea, astfel \u00eenc\u00e2t s\u0103 pute\u021bi ar\u0103ta \u0219i s\u0103 v\u0103 sim\u021bi\u021bi c\u00e2t mai bine zi de zi. Un dispozitiv complet \u00eenc\u0103rcat dureaz\u0103 1-2 s\u0103pt\u0103m\u00e2ni cu 5-20 de minute de utilizare zilnic\u0103. Kitul NuFACE include: dispozitiv de tonifiere facial\u0103 NuFACE Fix, gel NuFACE - 60 ml, manual de utilizare, \u00eenc\u0103rc\u0103tor.<\/p>","protected":false},"excerpt":{"rendered":"<p>Aparat de masaj facial cu microcurent \u0219i gel. Microcurentul este un curent calmant, de intensitate redus\u0103, care imit\u0103 curentul natural al corpului \u0219i poate oferi rezultate imediate \u0219i cumulative.<\/p>","protected":false},"featured_media":143,"comment_status":"open","ping_status":"closed","template":"","meta":[],"product_brand":[],"product_cat":[29],"product_tag":[],"class_list":{"0":"post-63","1":"product","2":"type-product","3":"status-publish","4":"has-post-thumbnail","6":"product_cat-nuface","8":"first","9":"instock","10":"sale","11":"shipping-taxable","12":"purchasable","13":"product-type-simple"},"yoast_head":"<!-- This site is optimized with the Yoast SEO plugin v26.6 - https:\/\/yoast.com\/wordpress\/plugins\/seo\/ -->\n<title>\u041c\u0430\u0441\u0441\u0430\u0436\u0435\u0440 \u0438 \u0433\u0435\u043b\u044c \u0434\u043b\u044f \u043c\u0438\u043a\u0440\u043e\u0442\u043e\u043a\u043e\u0432\u043e\u0439 \u0442\u0435\u0440\u0430\u043f\u0438\u0438 \u043b\u0438\u0446\u0430 (\u0421\u0428\u0410) \u041d\u0430\u0431\u043e\u0440 NuFACE Fix - ShopsUSA<\/title>\n<meta name=\"robots\" content=\"index, follow, max-snippet:-1, max-image-preview:large, max-video-preview:-1\" \/>\n<link rel=\"canonical\" href=\"https:\/\/shops-usa.com\/md_md\/product\/massazher-i-gel-dlya-mikrotokovoj-terapii-licza-ssha-nabor-nuface-fix\/?wmc-currency=MDL\" \/>\n<meta property=\"og:locale\" content=\"en_US\" \/>\n<meta property=\"og:type\" content=\"article\" \/>\n<meta property=\"og:title\" content=\"\u041c\u0430\u0441\u0441\u0430\u0436\u0435\u0440 \u0438 \u0433\u0435\u043b\u044c \u0434\u043b\u044f \u043c\u0438\u043a\u0440\u043e\u0442\u043e\u043a\u043e\u0432\u043e\u0439 \u0442\u0435\u0440\u0430\u043f\u0438\u0438 \u043b\u0438\u0446\u0430 (\u0421\u0428\u0410) \u041d\u0430\u0431\u043e\u0440 NuFACE Fix - ShopsUSA\" \/>\n<meta property=\"og:description\" content=\"\u041c\u0430\u0441\u0441\u0430\u0436\u0435\u0440 \u0438 \u0433\u0435\u043b\u044c \u0434\u043b\u044f \u043c\u0438\u043a\u0440\u043e\u0442\u043e\u043a\u043e\u0432\u043e\u0439 \u0442\u0435\u0440\u0430\u043f\u0438\u0438 \u043b\u0438\u0446\u0430. \u041c\u0438\u043a\u0440\u043e\u0442\u043e\u043a - \u044d\u0442\u043e \u0443\u0441\u043f\u043e\u043a\u0430\u0438\u0432\u0430\u044e\u0449\u0438\u0439 \u0442\u043e\u043a \u043d\u0438\u0437\u043a\u043e\u0433\u043e \u0443\u0440\u043e\u0432\u043d\u044f, \u043a\u043e\u0442\u043e\u0440\u044b\u0439 \u0438\u043c\u0438\u0442\u0438\u0440\u0443\u0435\u0442 \u0435\u0441\u0442\u0435\u0441\u0442\u0432\u0435\u043d\u043d\u044b\u0439 \u0442\u043e\u043a \u0442\u0435\u043b\u0430 \u0438 \u043c\u043e\u0436\u0435\u0442 \u043e\u0431\u0435\u0441\u043f\u0435\u0447\u0438\u0442\u044c \u043c\u0433\u043d\u043e\u0432\u0435\u043d\u043d\u044b\u0435 \u0438 \u0441\u043e\u0432\u043e\u043a\u0443\u043f\u043d\u044b\u0435 \u0440\u0435\u0437\u0443\u043b\u044c\u0442\u0430\u0442\u044b.\" \/>\n<meta property=\"og:url\" content=\"https:\/\/shops-usa.com\/md_md\/product\/massazher-i-gel-dlya-mikrotokovoj-terapii-licza-ssha-nabor-nuface-fix\/?wmc-currency=MDL\" \/>\n<meta property=\"og:site_name\" content=\"ShopsUSA\" \/>\n<meta property=\"article:modified_time\" content=\"2025-11-08T08:08:36+00:00\" \/>\n<meta property=\"og:image\" content=\"https:\/\/shops-usa.com\/wp-content\/uploads\/2024\/12\/14-1.jpg\" \/>\n\t<meta property=\"og:image:width\" content=\"996\" \/>\n\t<meta property=\"og:image:height\" content=\"1280\" \/>\n\t<meta property=\"og:image:type\" content=\"image\/jpeg\" \/>\n<meta name=\"twitter:card\" content=\"summary_large_image\" \/>\n<script type=\"application\/ld+json\" class=\"yoast-schema-graph\">{\"@context\":\"https:\/\/schema.org\",\"@graph\":[{\"@type\":\"WebPage\",\"@id\":\"https:\/\/shops-usa.com\/product\/massazher-i-gel-dlya-mikrotokovoj-terapii-licza-ssha-nabor-nuface-fix\/\",\"url\":\"https:\/\/shops-usa.com\/product\/massazher-i-gel-dlya-mikrotokovoj-terapii-licza-ssha-nabor-nuface-fix\/\",\"name\":\"\u041c\u0430\u0441\u0441\u0430\u0436\u0435\u0440 \u0438 \u0433\u0435\u043b\u044c \u0434\u043b\u044f \u043c\u0438\u043a\u0440\u043e\u0442\u043e\u043a\u043e\u0432\u043e\u0439 \u0442\u0435\u0440\u0430\u043f\u0438\u0438 \u043b\u0438\u0446\u0430 (\u0421\u0428\u0410) \u041d\u0430\u0431\u043e\u0440 NuFACE Fix - ShopsUSA\",\"isPartOf\":{\"@id\":\"https:\/\/shops-usa.com\/#website\"},\"primaryImageOfPage\":{\"@id\":\"https:\/\/shops-usa.com\/product\/massazher-i-gel-dlya-mikrotokovoj-terapii-licza-ssha-nabor-nuface-fix\/#primaryimage\"},\"image\":{\"@id\":\"https:\/\/shops-usa.com\/product\/massazher-i-gel-dlya-mikrotokovoj-terapii-licza-ssha-nabor-nuface-fix\/#primaryimage\"},\"thumbnailUrl\":\"https:\/\/shops-usa.com\/wp-content\/uploads\/2024\/12\/14-1.jpg\",\"datePublished\":\"2024-12-18T14:34:18+00:00\",\"dateModified\":\"2025-11-08T08:08:36+00:00\",\"breadcrumb\":{\"@id\":\"https:\/\/shops-usa.com\/product\/massazher-i-gel-dlya-mikrotokovoj-terapii-licza-ssha-nabor-nuface-fix\/#breadcrumb\"},\"inLanguage\":\"md-MD\",\"potentialAction\":[{\"@type\":\"ReadAction\",\"target\":[\"https:\/\/shops-usa.com\/product\/massazher-i-gel-dlya-mikrotokovoj-terapii-licza-ssha-nabor-nuface-fix\/\"]}]},{\"@type\":\"ImageObject\",\"inLanguage\":\"md-MD\",\"@id\":\"https:\/\/shops-usa.com\/product\/massazher-i-gel-dlya-mikrotokovoj-terapii-licza-ssha-nabor-nuface-fix\/#primaryimage\",\"url\":\"https:\/\/shops-usa.com\/wp-content\/uploads\/2024\/12\/14-1.jpg\",\"contentUrl\":\"https:\/\/shops-usa.com\/wp-content\/uploads\/2024\/12\/14-1.jpg\",\"width\":996,\"height\":1280},{\"@type\":\"BreadcrumbList\",\"@id\":\"https:\/\/shops-usa.com\/product\/massazher-i-gel-dlya-mikrotokovoj-terapii-licza-ssha-nabor-nuface-fix\/#breadcrumb\",\"itemListElement\":[{\"@type\":\"ListItem\",\"position\":1,\"name\":\"Home\",\"item\":\"https:\/\/shops-usa.com\/\"},{\"@type\":\"ListItem\",\"position\":2,\"name\":\"\u041a\u0430\u0442\u0430\u043b\u043e\u0433\",\"item\":\"https:\/\/shops-usa.com\/catalogue\/\"},{\"@type\":\"ListItem\",\"position\":3,\"name\":\"\u041c\u0430\u0441\u0441\u0430\u0436\u0435\u0440 \u0438 \u0433\u0435\u043b\u044c \u0434\u043b\u044f \u043c\u0438\u043a\u0440\u043e\u0442\u043e\u043a\u043e\u0432\u043e\u0439 \u0442\u0435\u0440\u0430\u043f\u0438\u0438 \u043b\u0438\u0446\u0430 (\u0421\u0428\u0410) \u041d\u0430\u0431\u043e\u0440 NuFACE Fix\"}]},{\"@type\":\"WebSite\",\"@id\":\"https:\/\/shops-usa.com\/#website\",\"url\":\"https:\/\/shops-usa.com\/\",\"name\":\"ShopsUSA\",\"description\":\"Quality products from USA\",\"publisher\":{\"@id\":\"https:\/\/shops-usa.com\/#organization\"},\"potentialAction\":[{\"@type\":\"SearchAction\",\"target\":{\"@type\":\"EntryPoint\",\"urlTemplate\":\"https:\/\/shops-usa.com\/?s={search_term_string}\"},\"query-input\":{\"@type\":\"PropertyValueSpecification\",\"valueRequired\":true,\"valueName\":\"search_term_string\"}}],\"inLanguage\":\"md-MD\"},{\"@type\":\"Organization\",\"@id\":\"https:\/\/shops-usa.com\/#organization\",\"name\":\"SHOPS USA\",\"alternateName\":\"SHOPS\",\"url\":\"https:\/\/shops-usa.com\/\",\"logo\":{\"@type\":\"ImageObject\",\"inLanguage\":\"md-MD\",\"@id\":\"https:\/\/shops-usa.com\/#\/schema\/logo\/image\/\",\"url\":\"https:\/\/shops-usa.com\/wp-content\/uploads\/2025\/12\/letter_final_white-1.png\",\"contentUrl\":\"https:\/\/shops-usa.com\/wp-content\/uploads\/2025\/12\/letter_final_white-1.png\",\"width\":1711,\"height\":1949,\"caption\":\"SHOPS USA\"},\"image\":{\"@id\":\"https:\/\/shops-usa.com\/#\/schema\/logo\/image\/\"}}]}<\/script>\n<!-- \/ Yoast SEO plugin. -->","yoast_head_json":{"title":"\u041c\u0430\u0441\u0441\u0430\u0436\u0435\u0440 \u0438 \u0433\u0435\u043b\u044c \u0434\u043b\u044f \u043c\u0438\u043a\u0440\u043e\u0442\u043e\u043a\u043e\u0432\u043e\u0439 \u0442\u0435\u0440\u0430\u043f\u0438\u0438 \u043b\u0438\u0446\u0430 (\u0421\u0428\u0410) \u041d\u0430\u0431\u043e\u0440 NuFACE Fix - ShopsUSA","robots":{"index":"index","follow":"follow","max-snippet":"max-snippet:-1","max-image-preview":"max-image-preview:large","max-video-preview":"max-video-preview:-1"},"canonical":"https:\/\/shops-usa.com\/md_md\/product\/massazher-i-gel-dlya-mikrotokovoj-terapii-licza-ssha-nabor-nuface-fix\/?wmc-currency=MDL","og_locale":"en_US","og_type":"article","og_title":"\u041c\u0430\u0441\u0441\u0430\u0436\u0435\u0440 \u0438 \u0433\u0435\u043b\u044c \u0434\u043b\u044f \u043c\u0438\u043a\u0440\u043e\u0442\u043e\u043a\u043e\u0432\u043e\u0439 \u0442\u0435\u0440\u0430\u043f\u0438\u0438 \u043b\u0438\u0446\u0430 (\u0421\u0428\u0410) \u041d\u0430\u0431\u043e\u0440 NuFACE Fix - ShopsUSA","og_description":"\u041c\u0430\u0441\u0441\u0430\u0436\u0435\u0440 \u0438 \u0433\u0435\u043b\u044c \u0434\u043b\u044f \u043c\u0438\u043a\u0440\u043e\u0442\u043e\u043a\u043e\u0432\u043e\u0439 \u0442\u0435\u0440\u0430\u043f\u0438\u0438 \u043b\u0438\u0446\u0430. \u041c\u0438\u043a\u0440\u043e\u0442\u043e\u043a - \u044d\u0442\u043e \u0443\u0441\u043f\u043e\u043a\u0430\u0438\u0432\u0430\u044e\u0449\u0438\u0439 \u0442\u043e\u043a \u043d\u0438\u0437\u043a\u043e\u0433\u043e \u0443\u0440\u043e\u0432\u043d\u044f, \u043a\u043e\u0442\u043e\u0440\u044b\u0439 \u0438\u043c\u0438\u0442\u0438\u0440\u0443\u0435\u0442 \u0435\u0441\u0442\u0435\u0441\u0442\u0432\u0435\u043d\u043d\u044b\u0439 \u0442\u043e\u043a \u0442\u0435\u043b\u0430 \u0438 \u043c\u043e\u0436\u0435\u0442 \u043e\u0431\u0435\u0441\u043f\u0435\u0447\u0438\u0442\u044c \u043c\u0433\u043d\u043e\u0432\u0435\u043d\u043d\u044b\u0435 \u0438 \u0441\u043e\u0432\u043e\u043a\u0443\u043f\u043d\u044b\u0435 \u0440\u0435\u0437\u0443\u043b\u044c\u0442\u0430\u0442\u044b.","og_url":"https:\/\/shops-usa.com\/md_md\/product\/massazher-i-gel-dlya-mikrotokovoj-terapii-licza-ssha-nabor-nuface-fix\/?wmc-currency=MDL","og_site_name":"ShopsUSA","article_modified_time":"2025-11-08T08:08:36+00:00","og_image":[{"width":996,"height":1280,"url":"https:\/\/shops-usa.com\/wp-content\/uploads\/2024\/12\/14-1.jpg","type":"image\/jpeg"}],"twitter_card":"summary_large_image","schema":{"@context":"https:\/\/schema.org","@graph":[{"@type":"WebPage","@id":"https:\/\/shops-usa.com\/product\/massazher-i-gel-dlya-mikrotokovoj-terapii-licza-ssha-nabor-nuface-fix\/","url":"https:\/\/shops-usa.com\/product\/massazher-i-gel-dlya-mikrotokovoj-terapii-licza-ssha-nabor-nuface-fix\/","name":"\u041c\u0430\u0441\u0441\u0430\u0436\u0435\u0440 \u0438 \u0433\u0435\u043b\u044c \u0434\u043b\u044f \u043c\u0438\u043a\u0440\u043e\u0442\u043e\u043a\u043e\u0432\u043e\u0439 \u0442\u0435\u0440\u0430\u043f\u0438\u0438 \u043b\u0438\u0446\u0430 (\u0421\u0428\u0410) \u041d\u0430\u0431\u043e\u0440 NuFACE Fix - ShopsUSA","isPartOf":{"@id":"https:\/\/shops-usa.com\/#website"},"primaryImageOfPage":{"@id":"https:\/\/shops-usa.com\/product\/massazher-i-gel-dlya-mikrotokovoj-terapii-licza-ssha-nabor-nuface-fix\/#primaryimage"},"image":{"@id":"https:\/\/shops-usa.com\/product\/massazher-i-gel-dlya-mikrotokovoj-terapii-licza-ssha-nabor-nuface-fix\/#primaryimage"},"thumbnailUrl":"https:\/\/shops-usa.com\/wp-content\/uploads\/2024\/12\/14-1.jpg","datePublished":"2024-12-18T14:34:18+00:00","dateModified":"2025-11-08T08:08:36+00:00","breadcrumb":{"@id":"https:\/\/shops-usa.com\/product\/massazher-i-gel-dlya-mikrotokovoj-terapii-licza-ssha-nabor-nuface-fix\/#breadcrumb"},"inLanguage":"md-MD","potentialAction":[{"@type":"ReadAction","target":["https:\/\/shops-usa.com\/product\/massazher-i-gel-dlya-mikrotokovoj-terapii-licza-ssha-nabor-nuface-fix\/"]}]},{"@type":"ImageObject","inLanguage":"md-MD","@id":"https:\/\/shops-usa.com\/product\/massazher-i-gel-dlya-mikrotokovoj-terapii-licza-ssha-nabor-nuface-fix\/#primaryimage","url":"https:\/\/shops-usa.com\/wp-content\/uploads\/2024\/12\/14-1.jpg","contentUrl":"https:\/\/shops-usa.com\/wp-content\/uploads\/2024\/12\/14-1.jpg","width":996,"height":1280},{"@type":"BreadcrumbList","@id":"https:\/\/shops-usa.com\/product\/massazher-i-gel-dlya-mikrotokovoj-terapii-licza-ssha-nabor-nuface-fix\/#breadcrumb","itemListElement":[{"@type":"ListItem","position":1,"name":"Home","item":"https:\/\/shops-usa.com\/"},{"@type":"ListItem","position":2,"name":"\u041a\u0430\u0442\u0430\u043b\u043e\u0433","item":"https:\/\/shops-usa.com\/catalogue\/"},{"@type":"ListItem","position":3,"name":"\u041c\u0430\u0441\u0441\u0430\u0436\u0435\u0440 \u0438 \u0433\u0435\u043b\u044c \u0434\u043b\u044f \u043c\u0438\u043a\u0440\u043e\u0442\u043e\u043a\u043e\u0432\u043e\u0439 \u0442\u0435\u0440\u0430\u043f\u0438\u0438 \u043b\u0438\u0446\u0430 (\u0421\u0428\u0410) \u041d\u0430\u0431\u043e\u0440 NuFACE Fix"}]},{"@type":"WebSite","@id":"https:\/\/shops-usa.com\/#website","url":"https:\/\/shops-usa.com\/","name":"ShopsUSA","description":"Quality products from USA","publisher":{"@id":"https:\/\/shops-usa.com\/#organization"},"potentialAction":[{"@type":"SearchAction","target":{"@type":"EntryPoint","urlTemplate":"https:\/\/shops-usa.com\/?s={search_term_string}"},"query-input":{"@type":"PropertyValueSpecification","valueRequired":true,"valueName":"search_term_string"}}],"inLanguage":"md-MD"},{"@type":"Organization","@id":"https:\/\/shops-usa.com\/#organization","name":"SHOPS USA","alternateName":"SHOPS","url":"https:\/\/shops-usa.com\/","logo":{"@type":"ImageObject","inLanguage":"md-MD","@id":"https:\/\/shops-usa.com\/#\/schema\/logo\/image\/","url":"https:\/\/shops-usa.com\/wp-content\/uploads\/2025\/12\/letter_final_white-1.png","contentUrl":"https:\/\/shops-usa.com\/wp-content\/uploads\/2025\/12\/letter_final_white-1.png","width":1711,"height":1949,"caption":"SHOPS USA"},"image":{"@id":"https:\/\/shops-usa.com\/#\/schema\/logo\/image\/"}}]}},"_links":{"self":[{"href":"https:\/\/shops-usa.com\/md_md\/wp-json\/wp\/v2\/product\/63","targetHints":{"allow":["GET"]}}],"collection":[{"href":"https:\/\/shops-usa.com\/md_md\/wp-json\/wp\/v2\/product"}],"about":[{"href":"https:\/\/shops-usa.com\/md_md\/wp-json\/wp\/v2\/types\/product"}],"replies":[{"embeddable":true,"href":"https:\/\/shops-usa.com\/md_md\/wp-json\/wp\/v2\/comments?post=63"}],"wp:featuredmedia":[{"embeddable":true,"href":"https:\/\/shops-usa.com\/md_md\/wp-json\/wp\/v2\/media\/143"}],"wp:attachment":[{"href":"https:\/\/shops-usa.com\/md_md\/wp-json\/wp\/v2\/media?parent=63"}],"wp:term":[{"taxonomy":"product_brand","embeddable":true,"href":"https:\/\/shops-usa.com\/md_md\/wp-json\/wp\/v2\/product_brand?post=63"},{"taxonomy":"product_cat","embeddable":true,"href":"https:\/\/shops-usa.com\/md_md\/wp-json\/wp\/v2\/product_cat?post=63"},{"taxonomy":"product_tag","embeddable":true,"href":"https:\/\/shops-usa.com\/md_md\/wp-json\/wp\/v2\/product_tag?post=63"}],"curies":[{"name":"wp","href":"https:\/\/api.w.org\/{rel}","templated":true}]}}