{"id":52,"date":"2024-12-18T14:34:17","date_gmt":"2024-12-18T14:34:17","guid":{"rendered":"https:\/\/shops-usa.com\/?post_type=product&#038;p=52"},"modified":"2024-12-18T14:35:33","modified_gmt":"2024-12-18T14:35:33","slug":"portativnoe-bide-dlya-pelenaniya-ssha-happypo","status":"publish","type":"product","link":"https:\/\/shops-usa.com\/md_md\/product\/portativnoe-bide-dlya-pelenaniya-ssha-happypo\/","title":{"rendered":"Bideu portabil pentru schimbare Happypo (SUA)"},"content":{"rendered":"<p>Ideal pentru \u00eenf\u0103\u0219atul bebelu\u0219ilor \u0219i sp\u0103larea feti\u021belor atunci c\u00e2nd confortul casei nu este disponibil. Simplu, portabil \u0219i compact! Ajut\u0103 la sp\u0103larea bebelu\u0219ului oriunde are loc procedura de \u00eenf\u0103\u0219are. Sp\u0103larea copiilor dup\u0103 scoaterea scutecelor este esen\u021bial\u0103, deoarece acest lucru previne dezvoltarea problemelor dermatologice \u00een zonele intime, \u00een special la fete. Modul de func\u021bionare este manual \u0219i v\u0103 permite s\u0103 regla\u021bi cu u\u0219urin\u021b\u0103 intensitatea \u0219i direc\u021bia jetului. Setul include o hus\u0103 pentru ambalare convenabil\u0103 \u00een timpul c\u0103l\u0103toriei. Dimensiunea produsului: 5x6x28 cm. 1 kg. Produc\u0103tor: Hibbent \u021aara: SUA Volum de ap\u0103: 160 ml. Greutate corp principal: 200 g. Jet: 100 cm. Lungime: 15,5 cm pliat, 35,5 cm desf\u0103\u0219urat. Timp de ciclu: 60 de secunde (pulverizare slab\u0103), 30 de secunde (pulverizare puternic\u0103). Baterie re\u00eenc\u0103rcabil\u0103 litiu: 3,7 V \/ 500 mA. Consum de energie: 4 W Durat\u0103 maxim\u0103 de via\u021b\u0103 a bateriei: Aproximativ 100 de cicluri Timp de a\u0219teptare: Maxim 30 de zile Timp de \u00eenc\u0103rcare a bateriei: Aproximativ 2 ore Func\u021bie de pulverizare de cur\u0103\u021bare cu dou\u0103 viteze.<\/p>","protected":false},"excerpt":{"rendered":"<p>Un bideu portabil cu sta\u021bie de schimbat. Te ajut\u0103 s\u0103-\u021bi cure\u021bi bebelu\u0219ul oriunde \u00eel schimbi.<\/p>","protected":false},"featured_media":105,"comment_status":"open","ping_status":"closed","template":"","meta":[],"product_brand":[],"product_cat":[26],"product_tag":[],"class_list":{"0":"post-52","1":"product","2":"type-product","3":"status-publish","4":"has-post-thumbnail","6":"product_cat-happypo","8":"first","9":"instock","10":"sale","11":"shipping-taxable","12":"purchasable","13":"product-type-simple"},"yoast_head":"<!-- This site is optimized with the Yoast SEO plugin v26.6 - https:\/\/yoast.com\/wordpress\/plugins\/seo\/ -->\n<title>\u041f\u043e\u0440\u0442\u0430\u0442\u0438\u0432\u043d\u043e\u0435 \u0431\u0438\u0434\u0435 \u0434\u043b\u044f \u043f\u0435\u043b\u0435\u043d\u0430\u043d\u0438\u044f (\u0421\u0428\u0410) Happypo - ShopsUSA<\/title>\n<meta name=\"robots\" content=\"index, follow, max-snippet:-1, max-image-preview:large, max-video-preview:-1\" \/>\n<link rel=\"canonical\" href=\"https:\/\/shops-usa.com\/md_md\/product\/portativnoe-bide-dlya-pelenaniya-ssha-happypo\/?wmc-currency=MDL\" \/>\n<meta property=\"og:locale\" content=\"en_US\" \/>\n<meta property=\"og:type\" content=\"article\" \/>\n<meta property=\"og:title\" content=\"\u041f\u043e\u0440\u0442\u0430\u0442\u0438\u0432\u043d\u043e\u0435 \u0431\u0438\u0434\u0435 \u0434\u043b\u044f \u043f\u0435\u043b\u0435\u043d\u0430\u043d\u0438\u044f (\u0421\u0428\u0410) Happypo - ShopsUSA\" \/>\n<meta property=\"og:description\" content=\"\u041f\u043e\u0440\u0442\u0430\u0442\u0438\u0432\u043d\u043e\u0435 \u0431\u0438\u0434\u0435 \u0434\u043b\u044f \u043f\u0435\u043b\u0435\u043d\u0430\u043d\u0438\u044f. \u041f\u043e\u043c\u043e\u0433\u0430\u0435\u0442 \u043f\u043e\u0434\u043c\u044b\u0432\u0430\u0442\u044c \u0440\u0435\u0431\u0435\u043d\u043a\u0430 \u0433\u0434\u0435 \u0431\u044b \u043d\u0438 \u043f\u0440\u043e\u0438\u0441\u0445\u043e\u0434\u0438\u043b\u0430 \u043f\u0440\u043e\u0446\u0435\u0434\u0443\u0440\u0430 \u043f\u0435\u043b\u0435\u043d\u0430\u043d\u0438\u044f\" \/>\n<meta property=\"og:url\" content=\"https:\/\/shops-usa.com\/md_md\/product\/portativnoe-bide-dlya-pelenaniya-ssha-happypo\/?wmc-currency=MDL\" \/>\n<meta property=\"og:site_name\" content=\"ShopsUSA\" \/>\n<meta property=\"article:modified_time\" content=\"2024-12-18T14:35:33+00:00\" \/>\n<meta property=\"og:image\" content=\"https:\/\/shops-usa.com\/wp-content\/uploads\/2024\/12\/1-6.jpg\" \/>\n\t<meta property=\"og:image:width\" content=\"1183\" \/>\n\t<meta property=\"og:image:height\" content=\"1500\" \/>\n\t<meta property=\"og:image:type\" content=\"image\/jpeg\" \/>\n<meta name=\"twitter:card\" content=\"summary_large_image\" \/>\n<script type=\"application\/ld+json\" class=\"yoast-schema-graph\">{\"@context\":\"https:\/\/schema.org\",\"@graph\":[{\"@type\":\"WebPage\",\"@id\":\"https:\/\/shops-usa.com\/product\/portativnoe-bide-dlya-pelenaniya-ssha-happypo\/\",\"url\":\"https:\/\/shops-usa.com\/product\/portativnoe-bide-dlya-pelenaniya-ssha-happypo\/\",\"name\":\"\u041f\u043e\u0440\u0442\u0430\u0442\u0438\u0432\u043d\u043e\u0435 \u0431\u0438\u0434\u0435 \u0434\u043b\u044f \u043f\u0435\u043b\u0435\u043d\u0430\u043d\u0438\u044f (\u0421\u0428\u0410) Happypo - ShopsUSA\",\"isPartOf\":{\"@id\":\"https:\/\/shops-usa.com\/#website\"},\"primaryImageOfPage\":{\"@id\":\"https:\/\/shops-usa.com\/product\/portativnoe-bide-dlya-pelenaniya-ssha-happypo\/#primaryimage\"},\"image\":{\"@id\":\"https:\/\/shops-usa.com\/product\/portativnoe-bide-dlya-pelenaniya-ssha-happypo\/#primaryimage\"},\"thumbnailUrl\":\"https:\/\/shops-usa.com\/wp-content\/uploads\/2024\/12\/1-6.jpg\",\"datePublished\":\"2024-12-18T14:34:17+00:00\",\"dateModified\":\"2024-12-18T14:35:33+00:00\",\"breadcrumb\":{\"@id\":\"https:\/\/shops-usa.com\/product\/portativnoe-bide-dlya-pelenaniya-ssha-happypo\/#breadcrumb\"},\"inLanguage\":\"md-MD\",\"potentialAction\":[{\"@type\":\"ReadAction\",\"target\":[\"https:\/\/shops-usa.com\/product\/portativnoe-bide-dlya-pelenaniya-ssha-happypo\/\"]}]},{\"@type\":\"ImageObject\",\"inLanguage\":\"md-MD\",\"@id\":\"https:\/\/shops-usa.com\/product\/portativnoe-bide-dlya-pelenaniya-ssha-happypo\/#primaryimage\",\"url\":\"https:\/\/shops-usa.com\/wp-content\/uploads\/2024\/12\/1-6.jpg\",\"contentUrl\":\"https:\/\/shops-usa.com\/wp-content\/uploads\/2024\/12\/1-6.jpg\",\"width\":1183,\"height\":1500},{\"@type\":\"BreadcrumbList\",\"@id\":\"https:\/\/shops-usa.com\/product\/portativnoe-bide-dlya-pelenaniya-ssha-happypo\/#breadcrumb\",\"itemListElement\":[{\"@type\":\"ListItem\",\"position\":1,\"name\":\"Home\",\"item\":\"https:\/\/shops-usa.com\/\"},{\"@type\":\"ListItem\",\"position\":2,\"name\":\"\u041a\u0430\u0442\u0430\u043b\u043e\u0433\",\"item\":\"https:\/\/shops-usa.com\/catalogue\/\"},{\"@type\":\"ListItem\",\"position\":3,\"name\":\"\u041f\u043e\u0440\u0442\u0430\u0442\u0438\u0432\u043d\u043e\u0435 \u0431\u0438\u0434\u0435 \u0434\u043b\u044f \u043f\u0435\u043b\u0435\u043d\u0430\u043d\u0438\u044f (\u0421\u0428\u0410) Happypo\"}]},{\"@type\":\"WebSite\",\"@id\":\"https:\/\/shops-usa.com\/#website\",\"url\":\"https:\/\/shops-usa.com\/\",\"name\":\"ShopsUSA\",\"description\":\"Quality products from USA\",\"publisher\":{\"@id\":\"https:\/\/shops-usa.com\/#organization\"},\"potentialAction\":[{\"@type\":\"SearchAction\",\"target\":{\"@type\":\"EntryPoint\",\"urlTemplate\":\"https:\/\/shops-usa.com\/?s={search_term_string}\"},\"query-input\":{\"@type\":\"PropertyValueSpecification\",\"valueRequired\":true,\"valueName\":\"search_term_string\"}}],\"inLanguage\":\"md-MD\"},{\"@type\":\"Organization\",\"@id\":\"https:\/\/shops-usa.com\/#organization\",\"name\":\"SHOPS USA\",\"alternateName\":\"SHOPS\",\"url\":\"https:\/\/shops-usa.com\/\",\"logo\":{\"@type\":\"ImageObject\",\"inLanguage\":\"md-MD\",\"@id\":\"https:\/\/shops-usa.com\/#\/schema\/logo\/image\/\",\"url\":\"https:\/\/shops-usa.com\/wp-content\/uploads\/2025\/12\/letter_final_white-1.png\",\"contentUrl\":\"https:\/\/shops-usa.com\/wp-content\/uploads\/2025\/12\/letter_final_white-1.png\",\"width\":1711,\"height\":1949,\"caption\":\"SHOPS USA\"},\"image\":{\"@id\":\"https:\/\/shops-usa.com\/#\/schema\/logo\/image\/\"}}]}<\/script>\n<!-- \/ Yoast SEO plugin. -->","yoast_head_json":{"title":"\u041f\u043e\u0440\u0442\u0430\u0442\u0438\u0432\u043d\u043e\u0435 \u0431\u0438\u0434\u0435 \u0434\u043b\u044f \u043f\u0435\u043b\u0435\u043d\u0430\u043d\u0438\u044f (\u0421\u0428\u0410) Happypo - ShopsUSA","robots":{"index":"index","follow":"follow","max-snippet":"max-snippet:-1","max-image-preview":"max-image-preview:large","max-video-preview":"max-video-preview:-1"},"canonical":"https:\/\/shops-usa.com\/md_md\/product\/portativnoe-bide-dlya-pelenaniya-ssha-happypo\/?wmc-currency=MDL","og_locale":"en_US","og_type":"article","og_title":"\u041f\u043e\u0440\u0442\u0430\u0442\u0438\u0432\u043d\u043e\u0435 \u0431\u0438\u0434\u0435 \u0434\u043b\u044f \u043f\u0435\u043b\u0435\u043d\u0430\u043d\u0438\u044f (\u0421\u0428\u0410) Happypo - ShopsUSA","og_description":"\u041f\u043e\u0440\u0442\u0430\u0442\u0438\u0432\u043d\u043e\u0435 \u0431\u0438\u0434\u0435 \u0434\u043b\u044f \u043f\u0435\u043b\u0435\u043d\u0430\u043d\u0438\u044f. \u041f\u043e\u043c\u043e\u0433\u0430\u0435\u0442 \u043f\u043e\u0434\u043c\u044b\u0432\u0430\u0442\u044c \u0440\u0435\u0431\u0435\u043d\u043a\u0430 \u0433\u0434\u0435 \u0431\u044b \u043d\u0438 \u043f\u0440\u043e\u0438\u0441\u0445\u043e\u0434\u0438\u043b\u0430 \u043f\u0440\u043e\u0446\u0435\u0434\u0443\u0440\u0430 \u043f\u0435\u043b\u0435\u043d\u0430\u043d\u0438\u044f","og_url":"https:\/\/shops-usa.com\/md_md\/product\/portativnoe-bide-dlya-pelenaniya-ssha-happypo\/?wmc-currency=MDL","og_site_name":"ShopsUSA","article_modified_time":"2024-12-18T14:35:33+00:00","og_image":[{"width":1183,"height":1500,"url":"https:\/\/shops-usa.com\/wp-content\/uploads\/2024\/12\/1-6.jpg","type":"image\/jpeg"}],"twitter_card":"summary_large_image","schema":{"@context":"https:\/\/schema.org","@graph":[{"@type":"WebPage","@id":"https:\/\/shops-usa.com\/product\/portativnoe-bide-dlya-pelenaniya-ssha-happypo\/","url":"https:\/\/shops-usa.com\/product\/portativnoe-bide-dlya-pelenaniya-ssha-happypo\/","name":"\u041f\u043e\u0440\u0442\u0430\u0442\u0438\u0432\u043d\u043e\u0435 \u0431\u0438\u0434\u0435 \u0434\u043b\u044f \u043f\u0435\u043b\u0435\u043d\u0430\u043d\u0438\u044f (\u0421\u0428\u0410) Happypo - ShopsUSA","isPartOf":{"@id":"https:\/\/shops-usa.com\/#website"},"primaryImageOfPage":{"@id":"https:\/\/shops-usa.com\/product\/portativnoe-bide-dlya-pelenaniya-ssha-happypo\/#primaryimage"},"image":{"@id":"https:\/\/shops-usa.com\/product\/portativnoe-bide-dlya-pelenaniya-ssha-happypo\/#primaryimage"},"thumbnailUrl":"https:\/\/shops-usa.com\/wp-content\/uploads\/2024\/12\/1-6.jpg","datePublished":"2024-12-18T14:34:17+00:00","dateModified":"2024-12-18T14:35:33+00:00","breadcrumb":{"@id":"https:\/\/shops-usa.com\/product\/portativnoe-bide-dlya-pelenaniya-ssha-happypo\/#breadcrumb"},"inLanguage":"md-MD","potentialAction":[{"@type":"ReadAction","target":["https:\/\/shops-usa.com\/product\/portativnoe-bide-dlya-pelenaniya-ssha-happypo\/"]}]},{"@type":"ImageObject","inLanguage":"md-MD","@id":"https:\/\/shops-usa.com\/product\/portativnoe-bide-dlya-pelenaniya-ssha-happypo\/#primaryimage","url":"https:\/\/shops-usa.com\/wp-content\/uploads\/2024\/12\/1-6.jpg","contentUrl":"https:\/\/shops-usa.com\/wp-content\/uploads\/2024\/12\/1-6.jpg","width":1183,"height":1500},{"@type":"BreadcrumbList","@id":"https:\/\/shops-usa.com\/product\/portativnoe-bide-dlya-pelenaniya-ssha-happypo\/#breadcrumb","itemListElement":[{"@type":"ListItem","position":1,"name":"Home","item":"https:\/\/shops-usa.com\/"},{"@type":"ListItem","position":2,"name":"\u041a\u0430\u0442\u0430\u043b\u043e\u0433","item":"https:\/\/shops-usa.com\/catalogue\/"},{"@type":"ListItem","position":3,"name":"\u041f\u043e\u0440\u0442\u0430\u0442\u0438\u0432\u043d\u043e\u0435 \u0431\u0438\u0434\u0435 \u0434\u043b\u044f \u043f\u0435\u043b\u0435\u043d\u0430\u043d\u0438\u044f (\u0421\u0428\u0410) Happypo"}]},{"@type":"WebSite","@id":"https:\/\/shops-usa.com\/#website","url":"https:\/\/shops-usa.com\/","name":"ShopsUSA","description":"Quality products from USA","publisher":{"@id":"https:\/\/shops-usa.com\/#organization"},"potentialAction":[{"@type":"SearchAction","target":{"@type":"EntryPoint","urlTemplate":"https:\/\/shops-usa.com\/?s={search_term_string}"},"query-input":{"@type":"PropertyValueSpecification","valueRequired":true,"valueName":"search_term_string"}}],"inLanguage":"md-MD"},{"@type":"Organization","@id":"https:\/\/shops-usa.com\/#organization","name":"SHOPS USA","alternateName":"SHOPS","url":"https:\/\/shops-usa.com\/","logo":{"@type":"ImageObject","inLanguage":"md-MD","@id":"https:\/\/shops-usa.com\/#\/schema\/logo\/image\/","url":"https:\/\/shops-usa.com\/wp-content\/uploads\/2025\/12\/letter_final_white-1.png","contentUrl":"https:\/\/shops-usa.com\/wp-content\/uploads\/2025\/12\/letter_final_white-1.png","width":1711,"height":1949,"caption":"SHOPS USA"},"image":{"@id":"https:\/\/shops-usa.com\/#\/schema\/logo\/image\/"}}]}},"_links":{"self":[{"href":"https:\/\/shops-usa.com\/md_md\/wp-json\/wp\/v2\/product\/52","targetHints":{"allow":["GET"]}}],"collection":[{"href":"https:\/\/shops-usa.com\/md_md\/wp-json\/wp\/v2\/product"}],"about":[{"href":"https:\/\/shops-usa.com\/md_md\/wp-json\/wp\/v2\/types\/product"}],"replies":[{"embeddable":true,"href":"https:\/\/shops-usa.com\/md_md\/wp-json\/wp\/v2\/comments?post=52"}],"wp:featuredmedia":[{"embeddable":true,"href":"https:\/\/shops-usa.com\/md_md\/wp-json\/wp\/v2\/media\/105"}],"wp:attachment":[{"href":"https:\/\/shops-usa.com\/md_md\/wp-json\/wp\/v2\/media?parent=52"}],"wp:term":[{"taxonomy":"product_brand","embeddable":true,"href":"https:\/\/shops-usa.com\/md_md\/wp-json\/wp\/v2\/product_brand?post=52"},{"taxonomy":"product_cat","embeddable":true,"href":"https:\/\/shops-usa.com\/md_md\/wp-json\/wp\/v2\/product_cat?post=52"},{"taxonomy":"product_tag","embeddable":true,"href":"https:\/\/shops-usa.com\/md_md\/wp-json\/wp\/v2\/product_tag?post=52"}],"curies":[{"name":"wp","href":"https:\/\/api.w.org\/{rel}","templated":true}]}}