{"id":42,"date":"2024-12-18T14:34:16","date_gmt":"2024-12-18T14:34:16","guid":{"rendered":"https:\/\/shops-usa.com\/?post_type=product&#038;p=42"},"modified":"2025-11-08T08:10:19","modified_gmt":"2025-11-08T08:10:19","slug":"maska-dlya-uhoda-za-kozhej-licza-ssha-aphrona","status":"publish","type":"product","link":"https:\/\/shops-usa.com\/md_md\/product\/maska-dlya-uhoda-za-kozhej-licza-ssha-aphrona\/","title":{"rendered":"Aphrona (\u0421\u0428\u0410) Masc\u0103 pentru \u00eengrijirea tenului"},"content":{"rendered":"<p>Puterea \u0219i calitatea cipurilor sunt esen\u021biale \u00een tratamentul pielii cu LED. Masca Aphrona con\u021bine cipuri LED cu o rat\u0103 de eficien\u021b\u0103 de 99%. Este ideal\u0103 pentru tratarea ulcerelor, acneei chistice \u0219i a punctelor negre, ucig\u00e2nd bacteriile care cauzeaz\u0103 co\u0219uri \u0219i erup\u021bii cutanate. Minimizeaz\u0103 porii, neteze\u0219te ridurile, reduce pigmentarea \u0219i ro\u0219ea\u021ba pielii, promoveaz\u0103 produc\u021bia de colagen \u0219i elastin\u0103 \u0219i reduce umfl\u0103turile. Acneea apare atunci c\u00e2nd glandele noastre produc sebum (ulei) excesiv, \u00eenfund\u00e2nd porii \u0219i permi\u021b\u00e2nd bacteriilor s\u0103 se dezvolte. Masca Aphrona este o metod\u0103 puternic\u0103, eficient\u0103 \u0219i natural\u0103 pentru a ob\u021bine o piele curat\u0103 \u0219i s\u0103n\u0103toas\u0103. Poate fi utilizat\u0103 pe orice tip de piele. \u00cen doar c\u00e2teva minute pe zi, pute\u021bi trata acneea existent\u0103, pute\u021bi minimiza erup\u021biile cutanate \u0219i pute\u021bi reda pielii un aspect curat \u0219i s\u0103n\u0103tos. Sunt disponibile 10 set\u0103ri de intensitate \u0219i 3 set\u0103ri de culoare pentru diferite probleme ale pielii (albastru, verde \u0219i ro\u0219u). Durata sesiunilor variaz\u0103 de la 5 la 50 de minute. Hus\u0103 de depozitare rezistent\u0103 la zg\u00e2rieturi. Proiectat\u0103 \u0219i fabricat\u0103 \u00een SUA. Dimensiuni \u0219i greutate: 30 x 23 x 15 cm., 1,8 kg.<\/p>","protected":false},"excerpt":{"rendered":"<p>Masca Aphrona este o metod\u0103 puternic\u0103, eficient\u0103 \u0219i natural\u0103 pentru a ob\u021bine o piele curat\u0103 \u0219i s\u0103n\u0103toas\u0103.<\/p>","protected":false},"featured_media":68,"comment_status":"open","ping_status":"closed","template":"","meta":[],"product_brand":[],"product_cat":[16],"product_tag":[],"class_list":{"0":"post-42","1":"product","2":"type-product","3":"status-publish","4":"has-post-thumbnail","6":"product_cat-aphrona","8":"first","9":"instock","10":"sale","11":"shipping-taxable","12":"purchasable","13":"product-type-simple"},"yoast_head":"<!-- This site is optimized with the Yoast SEO plugin v26.6 - https:\/\/yoast.com\/wordpress\/plugins\/seo\/ -->\n<title>\u041c\u0430\u0441\u043a\u0430 \u0434\u043b\u044f \u0443\u0445\u043e\u0434\u0430 \u0437\u0430 \u043a\u043e\u0436\u0435\u0439 \u043b\u0438\u0446\u0430 (\u0421\u0428\u0410) Aphrona - ShopsUSA<\/title>\n<meta name=\"robots\" content=\"index, follow, max-snippet:-1, max-image-preview:large, max-video-preview:-1\" \/>\n<link rel=\"canonical\" href=\"https:\/\/shops-usa.com\/md_md\/product\/maska-dlya-uhoda-za-kozhej-licza-ssha-aphrona\/?wmc-currency=MDL\" \/>\n<meta property=\"og:locale\" content=\"en_US\" \/>\n<meta property=\"og:type\" content=\"article\" \/>\n<meta property=\"og:title\" content=\"\u041c\u0430\u0441\u043a\u0430 \u0434\u043b\u044f \u0443\u0445\u043e\u0434\u0430 \u0437\u0430 \u043a\u043e\u0436\u0435\u0439 \u043b\u0438\u0446\u0430 (\u0421\u0428\u0410) Aphrona - ShopsUSA\" \/>\n<meta property=\"og:description\" content=\"\u041c\u0430\u0441\u043a\u0430 Aphrona - \u044d\u0442\u043e \u043c\u043e\u0449\u043d\u044b\u0439, \u044d\u0444\u0444\u0435\u043a\u0442\u0438\u0432\u043d\u044b\u0439 \u0438 \u043d\u0430\u0442\u0443\u0440\u0430\u043b\u044c\u043d\u044b\u0439 \u043c\u0435\u0442\u043e\u0434, \u043f\u043e\u043c\u043e\u0433\u0430\u044e\u0449\u0438\u0439 \u0434\u043e\u0431\u0438\u0442\u044c\u0441\u044f \u0447\u0438\u0441\u0442\u043e\u0439 \u0438 \u0437\u0434\u043e\u0440\u043e\u0432\u043e\u0439 \u043a\u043e\u0436\u0438.\" \/>\n<meta property=\"og:url\" content=\"https:\/\/shops-usa.com\/md_md\/product\/maska-dlya-uhoda-za-kozhej-licza-ssha-aphrona\/?wmc-currency=MDL\" \/>\n<meta property=\"og:site_name\" content=\"ShopsUSA\" \/>\n<meta property=\"article:modified_time\" content=\"2025-11-08T08:10:19+00:00\" \/>\n<meta property=\"og:image\" content=\"https:\/\/shops-usa.com\/wp-content\/uploads\/2024\/12\/1.jpg\" \/>\n\t<meta property=\"og:image:width\" content=\"1500\" \/>\n\t<meta property=\"og:image:height\" content=\"1500\" \/>\n\t<meta property=\"og:image:type\" content=\"image\/jpeg\" \/>\n<meta name=\"twitter:card\" content=\"summary_large_image\" \/>\n<script type=\"application\/ld+json\" class=\"yoast-schema-graph\">{\"@context\":\"https:\/\/schema.org\",\"@graph\":[{\"@type\":\"WebPage\",\"@id\":\"https:\/\/shops-usa.com\/product\/maska-dlya-uhoda-za-kozhej-licza-ssha-aphrona\/\",\"url\":\"https:\/\/shops-usa.com\/product\/maska-dlya-uhoda-za-kozhej-licza-ssha-aphrona\/\",\"name\":\"\u041c\u0430\u0441\u043a\u0430 \u0434\u043b\u044f \u0443\u0445\u043e\u0434\u0430 \u0437\u0430 \u043a\u043e\u0436\u0435\u0439 \u043b\u0438\u0446\u0430 (\u0421\u0428\u0410) Aphrona - ShopsUSA\",\"isPartOf\":{\"@id\":\"https:\/\/shops-usa.com\/#website\"},\"primaryImageOfPage\":{\"@id\":\"https:\/\/shops-usa.com\/product\/maska-dlya-uhoda-za-kozhej-licza-ssha-aphrona\/#primaryimage\"},\"image\":{\"@id\":\"https:\/\/shops-usa.com\/product\/maska-dlya-uhoda-za-kozhej-licza-ssha-aphrona\/#primaryimage\"},\"thumbnailUrl\":\"https:\/\/shops-usa.com\/wp-content\/uploads\/2024\/12\/1.jpg\",\"datePublished\":\"2024-12-18T14:34:16+00:00\",\"dateModified\":\"2025-11-08T08:10:19+00:00\",\"breadcrumb\":{\"@id\":\"https:\/\/shops-usa.com\/product\/maska-dlya-uhoda-za-kozhej-licza-ssha-aphrona\/#breadcrumb\"},\"inLanguage\":\"md-MD\",\"potentialAction\":[{\"@type\":\"ReadAction\",\"target\":[\"https:\/\/shops-usa.com\/product\/maska-dlya-uhoda-za-kozhej-licza-ssha-aphrona\/\"]}]},{\"@type\":\"ImageObject\",\"inLanguage\":\"md-MD\",\"@id\":\"https:\/\/shops-usa.com\/product\/maska-dlya-uhoda-za-kozhej-licza-ssha-aphrona\/#primaryimage\",\"url\":\"https:\/\/shops-usa.com\/wp-content\/uploads\/2024\/12\/1.jpg\",\"contentUrl\":\"https:\/\/shops-usa.com\/wp-content\/uploads\/2024\/12\/1.jpg\",\"width\":1500,\"height\":1500},{\"@type\":\"BreadcrumbList\",\"@id\":\"https:\/\/shops-usa.com\/product\/maska-dlya-uhoda-za-kozhej-licza-ssha-aphrona\/#breadcrumb\",\"itemListElement\":[{\"@type\":\"ListItem\",\"position\":1,\"name\":\"Home\",\"item\":\"https:\/\/shops-usa.com\/\"},{\"@type\":\"ListItem\",\"position\":2,\"name\":\"\u041a\u0430\u0442\u0430\u043b\u043e\u0433\",\"item\":\"https:\/\/shops-usa.com\/catalogue\/\"},{\"@type\":\"ListItem\",\"position\":3,\"name\":\"\u041c\u0430\u0441\u043a\u0430 \u0434\u043b\u044f \u0443\u0445\u043e\u0434\u0430 \u0437\u0430 \u043a\u043e\u0436\u0435\u0439 \u043b\u0438\u0446\u0430 (\u0421\u0428\u0410) Aphrona\"}]},{\"@type\":\"WebSite\",\"@id\":\"https:\/\/shops-usa.com\/#website\",\"url\":\"https:\/\/shops-usa.com\/\",\"name\":\"ShopsUSA\",\"description\":\"Quality products from USA\",\"publisher\":{\"@id\":\"https:\/\/shops-usa.com\/#organization\"},\"potentialAction\":[{\"@type\":\"SearchAction\",\"target\":{\"@type\":\"EntryPoint\",\"urlTemplate\":\"https:\/\/shops-usa.com\/?s={search_term_string}\"},\"query-input\":{\"@type\":\"PropertyValueSpecification\",\"valueRequired\":true,\"valueName\":\"search_term_string\"}}],\"inLanguage\":\"md-MD\"},{\"@type\":\"Organization\",\"@id\":\"https:\/\/shops-usa.com\/#organization\",\"name\":\"SHOPS USA\",\"alternateName\":\"SHOPS\",\"url\":\"https:\/\/shops-usa.com\/\",\"logo\":{\"@type\":\"ImageObject\",\"inLanguage\":\"md-MD\",\"@id\":\"https:\/\/shops-usa.com\/#\/schema\/logo\/image\/\",\"url\":\"https:\/\/shops-usa.com\/wp-content\/uploads\/2025\/12\/letter_final_white-1.png\",\"contentUrl\":\"https:\/\/shops-usa.com\/wp-content\/uploads\/2025\/12\/letter_final_white-1.png\",\"width\":1711,\"height\":1949,\"caption\":\"SHOPS USA\"},\"image\":{\"@id\":\"https:\/\/shops-usa.com\/#\/schema\/logo\/image\/\"}}]}<\/script>\n<!-- \/ Yoast SEO plugin. -->","yoast_head_json":{"title":"\u041c\u0430\u0441\u043a\u0430 \u0434\u043b\u044f \u0443\u0445\u043e\u0434\u0430 \u0437\u0430 \u043a\u043e\u0436\u0435\u0439 \u043b\u0438\u0446\u0430 (\u0421\u0428\u0410) Aphrona - ShopsUSA","robots":{"index":"index","follow":"follow","max-snippet":"max-snippet:-1","max-image-preview":"max-image-preview:large","max-video-preview":"max-video-preview:-1"},"canonical":"https:\/\/shops-usa.com\/md_md\/product\/maska-dlya-uhoda-za-kozhej-licza-ssha-aphrona\/?wmc-currency=MDL","og_locale":"en_US","og_type":"article","og_title":"\u041c\u0430\u0441\u043a\u0430 \u0434\u043b\u044f \u0443\u0445\u043e\u0434\u0430 \u0437\u0430 \u043a\u043e\u0436\u0435\u0439 \u043b\u0438\u0446\u0430 (\u0421\u0428\u0410) Aphrona - ShopsUSA","og_description":"\u041c\u0430\u0441\u043a\u0430 Aphrona - \u044d\u0442\u043e \u043c\u043e\u0449\u043d\u044b\u0439, \u044d\u0444\u0444\u0435\u043a\u0442\u0438\u0432\u043d\u044b\u0439 \u0438 \u043d\u0430\u0442\u0443\u0440\u0430\u043b\u044c\u043d\u044b\u0439 \u043c\u0435\u0442\u043e\u0434, \u043f\u043e\u043c\u043e\u0433\u0430\u044e\u0449\u0438\u0439 \u0434\u043e\u0431\u0438\u0442\u044c\u0441\u044f \u0447\u0438\u0441\u0442\u043e\u0439 \u0438 \u0437\u0434\u043e\u0440\u043e\u0432\u043e\u0439 \u043a\u043e\u0436\u0438.","og_url":"https:\/\/shops-usa.com\/md_md\/product\/maska-dlya-uhoda-za-kozhej-licza-ssha-aphrona\/?wmc-currency=MDL","og_site_name":"ShopsUSA","article_modified_time":"2025-11-08T08:10:19+00:00","og_image":[{"width":1500,"height":1500,"url":"https:\/\/shops-usa.com\/wp-content\/uploads\/2024\/12\/1.jpg","type":"image\/jpeg"}],"twitter_card":"summary_large_image","schema":{"@context":"https:\/\/schema.org","@graph":[{"@type":"WebPage","@id":"https:\/\/shops-usa.com\/product\/maska-dlya-uhoda-za-kozhej-licza-ssha-aphrona\/","url":"https:\/\/shops-usa.com\/product\/maska-dlya-uhoda-za-kozhej-licza-ssha-aphrona\/","name":"\u041c\u0430\u0441\u043a\u0430 \u0434\u043b\u044f \u0443\u0445\u043e\u0434\u0430 \u0437\u0430 \u043a\u043e\u0436\u0435\u0439 \u043b\u0438\u0446\u0430 (\u0421\u0428\u0410) Aphrona - ShopsUSA","isPartOf":{"@id":"https:\/\/shops-usa.com\/#website"},"primaryImageOfPage":{"@id":"https:\/\/shops-usa.com\/product\/maska-dlya-uhoda-za-kozhej-licza-ssha-aphrona\/#primaryimage"},"image":{"@id":"https:\/\/shops-usa.com\/product\/maska-dlya-uhoda-za-kozhej-licza-ssha-aphrona\/#primaryimage"},"thumbnailUrl":"https:\/\/shops-usa.com\/wp-content\/uploads\/2024\/12\/1.jpg","datePublished":"2024-12-18T14:34:16+00:00","dateModified":"2025-11-08T08:10:19+00:00","breadcrumb":{"@id":"https:\/\/shops-usa.com\/product\/maska-dlya-uhoda-za-kozhej-licza-ssha-aphrona\/#breadcrumb"},"inLanguage":"md-MD","potentialAction":[{"@type":"ReadAction","target":["https:\/\/shops-usa.com\/product\/maska-dlya-uhoda-za-kozhej-licza-ssha-aphrona\/"]}]},{"@type":"ImageObject","inLanguage":"md-MD","@id":"https:\/\/shops-usa.com\/product\/maska-dlya-uhoda-za-kozhej-licza-ssha-aphrona\/#primaryimage","url":"https:\/\/shops-usa.com\/wp-content\/uploads\/2024\/12\/1.jpg","contentUrl":"https:\/\/shops-usa.com\/wp-content\/uploads\/2024\/12\/1.jpg","width":1500,"height":1500},{"@type":"BreadcrumbList","@id":"https:\/\/shops-usa.com\/product\/maska-dlya-uhoda-za-kozhej-licza-ssha-aphrona\/#breadcrumb","itemListElement":[{"@type":"ListItem","position":1,"name":"Home","item":"https:\/\/shops-usa.com\/"},{"@type":"ListItem","position":2,"name":"\u041a\u0430\u0442\u0430\u043b\u043e\u0433","item":"https:\/\/shops-usa.com\/catalogue\/"},{"@type":"ListItem","position":3,"name":"\u041c\u0430\u0441\u043a\u0430 \u0434\u043b\u044f \u0443\u0445\u043e\u0434\u0430 \u0437\u0430 \u043a\u043e\u0436\u0435\u0439 \u043b\u0438\u0446\u0430 (\u0421\u0428\u0410) Aphrona"}]},{"@type":"WebSite","@id":"https:\/\/shops-usa.com\/#website","url":"https:\/\/shops-usa.com\/","name":"ShopsUSA","description":"Quality products from USA","publisher":{"@id":"https:\/\/shops-usa.com\/#organization"},"potentialAction":[{"@type":"SearchAction","target":{"@type":"EntryPoint","urlTemplate":"https:\/\/shops-usa.com\/?s={search_term_string}"},"query-input":{"@type":"PropertyValueSpecification","valueRequired":true,"valueName":"search_term_string"}}],"inLanguage":"md-MD"},{"@type":"Organization","@id":"https:\/\/shops-usa.com\/#organization","name":"SHOPS USA","alternateName":"SHOPS","url":"https:\/\/shops-usa.com\/","logo":{"@type":"ImageObject","inLanguage":"md-MD","@id":"https:\/\/shops-usa.com\/#\/schema\/logo\/image\/","url":"https:\/\/shops-usa.com\/wp-content\/uploads\/2025\/12\/letter_final_white-1.png","contentUrl":"https:\/\/shops-usa.com\/wp-content\/uploads\/2025\/12\/letter_final_white-1.png","width":1711,"height":1949,"caption":"SHOPS USA"},"image":{"@id":"https:\/\/shops-usa.com\/#\/schema\/logo\/image\/"}}]}},"_links":{"self":[{"href":"https:\/\/shops-usa.com\/md_md\/wp-json\/wp\/v2\/product\/42","targetHints":{"allow":["GET"]}}],"collection":[{"href":"https:\/\/shops-usa.com\/md_md\/wp-json\/wp\/v2\/product"}],"about":[{"href":"https:\/\/shops-usa.com\/md_md\/wp-json\/wp\/v2\/types\/product"}],"replies":[{"embeddable":true,"href":"https:\/\/shops-usa.com\/md_md\/wp-json\/wp\/v2\/comments?post=42"}],"wp:featuredmedia":[{"embeddable":true,"href":"https:\/\/shops-usa.com\/md_md\/wp-json\/wp\/v2\/media\/68"}],"wp:attachment":[{"href":"https:\/\/shops-usa.com\/md_md\/wp-json\/wp\/v2\/media?parent=42"}],"wp:term":[{"taxonomy":"product_brand","embeddable":true,"href":"https:\/\/shops-usa.com\/md_md\/wp-json\/wp\/v2\/product_brand?post=42"},{"taxonomy":"product_cat","embeddable":true,"href":"https:\/\/shops-usa.com\/md_md\/wp-json\/wp\/v2\/product_cat?post=42"},{"taxonomy":"product_tag","embeddable":true,"href":"https:\/\/shops-usa.com\/md_md\/wp-json\/wp\/v2\/product_tag?post=42"}],"curies":[{"name":"wp","href":"https:\/\/api.w.org\/{rel}","templated":true}]}}