{"id":64,"date":"2024-12-18T14:34:19","date_gmt":"2024-12-18T14:34:19","guid":{"rendered":"https:\/\/shops-usa.com\/?post_type=product&#038;p=64"},"modified":"2025-12-28T11:34:31","modified_gmt":"2025-12-28T11:34:31","slug":"massazher-gel-nuface-krem-i-applikator-dlya-mikrotokovoj-terapii-licza-ssha-nabor-nuface-trinity","status":"publish","type":"product","link":"https:\/\/shops-usa.com\/lv\/products\/massazher-gel-nuface-krem-i-applikator-dlya-mikrotokovoj-terapii-licza-ssha-nabor-nuface-trinity\/","title":{"rendered":"NuFACE Trinity komplekts (ASV): ELLE masiera uzgalis, LED uzgalis, kosm\u0113tikas somi\u0146a, \u017eeleja, kr\u0113ms, serums un mikrostr\u0101vas sejas terapijas aplikators"},"content":{"rendered":"<p>NuFACE Trinity maigi stimul\u0113 lielas sejas un kakla zonas (mikrostr\u0101vas terapija), pal\u012bdzot uzlabot sejas un kakla kont\u016bru un tonusu, k\u0101 ar\u012b pal\u012bdz samazin\u0101t smalko l\u012bniju un grumbu redzam\u012bbu. Trinity liel\u0101k\u0101 priek\u0161roc\u012bba ir t\u0101 vienk\u0101r\u0161ais un intuit\u012bvais dizains, kas \u013cauj bez piep\u016bles veikt 5 min\u016b\u0161u skaistumkop\u0161anas proced\u016bru jebkur\u0101 laik\u0101 un viet\u0101. Ieg\u016bstiet profesion\u0101lu \u0101das kop\u0161anas proced\u016bru rezult\u0101tus ar NuFACE Trinity  vienk\u0101r\u0161\u012bbu un \u0113rt\u012bb\u0101m. Novecojot, m\u016bsu \u0137erme\u0146a dabisk\u0101 pl\u016bsma s\u0101k pal\u0113nin\u0101ties (t\u0101pat k\u0101 vielmai\u0146a), k\u0101 rezult\u0101t\u0101 \u0101da k\u013c\u016bst \u013cengana un zaud\u0113 savu kont\u016bru. Mikrostr\u0101va ir nomierino\u0161a, zema l\u012bme\u0146a str\u0101va, kas atdarina \u0137erme\u0146a dabisko pl\u016bsmu un var nodro\u0161in\u0101t t\u016bl\u012bt\u0113jus un kumulat\u012bvus rezult\u0101tus. NuFACE sejas un grumbu mazin\u0101\u0161anas proced\u016bras ir FDA apstiprin\u0101tas ier\u012bces, kas ra\u017eotas atbilsto\u0161i augst\u0101kajiem kvalit\u0101tes standartiem un paredz\u0113tas, lai uzlabotu j\u016bsu \u0101du, lai j\u016bs var\u0113tu izskat\u012bties un justies vislab\u0101k dienu no dienas. Piln\u012bb\u0101 uzl\u0101d\u0113ta ier\u012bce darbojas 1-2 ned\u0113\u013cas ar 5-20 min\u016b\u0161u ikdienas lieto\u0161anu. NuFACE komplekt\u0101 ietilpst:<\/p>\n<p class=\"translation-block\">NuFACE Trinity sejas toniz\u0113\u0161anas ier\u012bce<br>\nNuFace ELLE uzgalis<br>\nNuFace LED uzgalis<br>\nNuFace gels - 90 ml<br>\nNuFace serums - 150 ml<br>\nNuFace kr\u0113ms - 150 ml<br>\nNuFace aplikators<br>\nNuFace z\u012bmola soma<br>\nLietot\u0101ja rokasgr\u0101mata<br>\nUzl\u0101des pamatne<br>\nL\u0101d\u0113t\u0101js<\/p>","protected":false},"excerpt":{"rendered":"<p>NuFace Trinity masieris, \u017eeleja, kr\u0113ms un mikrostr\u0101vas sejas aplikators. Ieg\u016bstiet profesion\u0101lu \u0101das kop\u0161anas proced\u016bru rezult\u0101tus ar NuFACE Trinity vienk\u0101r\u0161\u012bbu un \u0113rt\u012bb\u0101m.<\/p>","protected":false},"featured_media":779,"comment_status":"open","ping_status":"closed","template":"","meta":[],"product_brand":[],"product_cat":[29],"product_tag":[],"class_list":{"0":"post-64","1":"product","2":"type-product","3":"status-publish","4":"has-post-thumbnail","6":"product_cat-nuface","8":"first","9":"instock","10":"sale","11":"shipping-taxable","12":"purchasable","13":"product-type-simple"},"yoast_head":"<!-- This site is optimized with the Yoast SEO plugin v26.6 - https:\/\/yoast.com\/wordpress\/plugins\/seo\/ -->\n<title>\u041d\u0430\u0431\u043e\u0440 NuFACE Trinity (\u0421\u0428\u0410) \u041c\u0430\u0441\u0441\u0430\u0436\u0435\u0440 \u043d\u0430\u0441\u0430\u0434\u043a\u0430 ELLE, \u043d\u0430\u0441\u0430\u0434\u043a\u0430 LED, \u043a\u043e\u0441\u043c\u0435\u0442\u0438\u0447\u043a\u0430, \u0433\u0435\u043b\u044c, \u043a\u0440\u0435\u043c, \u0441\u044b\u0432\u043e\u0440\u043e\u0442\u043a\u0430, \u0430\u043f\u043f\u043b\u0438\u043a\u0430\u0442\u043e\u0440 \u0434\u043b\u044f \u043c\u0438\u043a\u0440\u043e\u0442\u043e\u043a\u043e\u0432\u043e\u0439 \u0442\u0435\u0440\u0430\u043f\u0438\u0438 \u043b\u0438\u0446\u0430 - ShopsUSA<\/title>\n<meta name=\"robots\" content=\"index, follow, max-snippet:-1, max-image-preview:large, max-video-preview:-1\" \/>\n<link rel=\"canonical\" href=\"https:\/\/shops-usa.com\/lv\/products\/massazher-gel-nuface-krem-i-applikator-dlya-mikrotokovoj-terapii-licza-ssha-nabor-nuface-trinity\/?wmc-currency=EUR\" \/>\n<meta property=\"og:locale\" content=\"lv_LV\" \/>\n<meta property=\"og:type\" content=\"article\" \/>\n<meta property=\"og:title\" content=\"\u041d\u0430\u0431\u043e\u0440 NuFACE Trinity (\u0421\u0428\u0410) \u041c\u0430\u0441\u0441\u0430\u0436\u0435\u0440 \u043d\u0430\u0441\u0430\u0434\u043a\u0430 ELLE, \u043d\u0430\u0441\u0430\u0434\u043a\u0430 LED, \u043a\u043e\u0441\u043c\u0435\u0442\u0438\u0447\u043a\u0430, \u0433\u0435\u043b\u044c, \u043a\u0440\u0435\u043c, \u0441\u044b\u0432\u043e\u0440\u043e\u0442\u043a\u0430, \u0430\u043f\u043f\u043b\u0438\u043a\u0430\u0442\u043e\u0440 \u0434\u043b\u044f \u043c\u0438\u043a\u0440\u043e\u0442\u043e\u043a\u043e\u0432\u043e\u0439 \u0442\u0435\u0440\u0430\u043f\u0438\u0438 \u043b\u0438\u0446\u0430 - ShopsUSA\" \/>\n<meta property=\"og:description\" content=\"\u041c\u0430\u0441\u0441\u0430\u0436\u0435\u0440, \u0433\u0435\u043b\u044c NuFace, \u043a\u0440\u0435\u043c \u0438 \u0430\u043f\u043f\u043b\u0438\u043a\u0430\u0442\u043e\u0440 \u0434\u043b\u044f \u043c\u0438\u043a\u0440\u043e\u0442\u043e\u043a\u043e\u0432\u043e\u0439 \u0442\u0435\u0440\u0430\u043f\u0438\u0438 \u043b\u0438\u0446\u0430. \u041f\u043e\u043b\u0443\u0447\u0438\u0442\u0435 \u0440\u0435\u0437\u0443\u043b\u044c\u0442\u0430\u0442\u044b \u043f\u0440\u043e\u0444\u0435\u0441\u0441\u0438\u043e\u043d\u0430\u043b\u044c\u043d\u044b\u0445 \u043f\u0440\u043e\u0446\u0435\u0434\u0443\u0440 \u043f\u043e \u0443\u0445\u043e\u0434\u0443 \u0437\u0430 \u043a\u043e\u0436\u0435\u0439 \u0441 \u043b\u0435\u0433\u043a\u043e\u0441\u0442\u044c\u044e \u0438 \u0443\u0434\u043e\u0431\u0441\u0442\u0432\u043e\u043c NuFACE Trinity.\" \/>\n<meta property=\"og:url\" content=\"https:\/\/shops-usa.com\/lv\/products\/massazher-gel-nuface-krem-i-applikator-dlya-mikrotokovoj-terapii-licza-ssha-nabor-nuface-trinity\/?wmc-currency=EUR\" \/>\n<meta property=\"og:site_name\" content=\"ShopsUSA\" \/>\n<meta property=\"article:modified_time\" content=\"2025-12-28T11:34:31+00:00\" \/>\n<meta property=\"og:image\" content=\"https:\/\/shops-usa.com\/wp-content\/uploads\/2024\/12\/71.jpg\" \/>\n\t<meta property=\"og:image:width\" content=\"1263\" \/>\n\t<meta property=\"og:image:height\" content=\"1141\" \/>\n\t<meta property=\"og:image:type\" content=\"image\/jpeg\" \/>\n<meta name=\"twitter:card\" content=\"summary_large_image\" \/>\n<script type=\"application\/ld+json\" class=\"yoast-schema-graph\">{\"@context\":\"https:\/\/schema.org\",\"@graph\":[{\"@type\":\"WebPage\",\"@id\":\"https:\/\/shops-usa.com\/product\/massazher-gel-nuface-krem-i-applikator-dlya-mikrotokovoj-terapii-licza-ssha-nabor-nuface-trinity\/\",\"url\":\"https:\/\/shops-usa.com\/product\/massazher-gel-nuface-krem-i-applikator-dlya-mikrotokovoj-terapii-licza-ssha-nabor-nuface-trinity\/\",\"name\":\"\u041d\u0430\u0431\u043e\u0440 NuFACE Trinity (\u0421\u0428\u0410) \u041c\u0430\u0441\u0441\u0430\u0436\u0435\u0440 \u043d\u0430\u0441\u0430\u0434\u043a\u0430 ELLE, \u043d\u0430\u0441\u0430\u0434\u043a\u0430 LED, \u043a\u043e\u0441\u043c\u0435\u0442\u0438\u0447\u043a\u0430, \u0433\u0435\u043b\u044c, \u043a\u0440\u0435\u043c, \u0441\u044b\u0432\u043e\u0440\u043e\u0442\u043a\u0430, \u0430\u043f\u043f\u043b\u0438\u043a\u0430\u0442\u043e\u0440 \u0434\u043b\u044f \u043c\u0438\u043a\u0440\u043e\u0442\u043e\u043a\u043e\u0432\u043e\u0439 \u0442\u0435\u0440\u0430\u043f\u0438\u0438 \u043b\u0438\u0446\u0430 - ShopsUSA\",\"isPartOf\":{\"@id\":\"https:\/\/shops-usa.com\/#website\"},\"primaryImageOfPage\":{\"@id\":\"https:\/\/shops-usa.com\/product\/massazher-gel-nuface-krem-i-applikator-dlya-mikrotokovoj-terapii-licza-ssha-nabor-nuface-trinity\/#primaryimage\"},\"image\":{\"@id\":\"https:\/\/shops-usa.com\/product\/massazher-gel-nuface-krem-i-applikator-dlya-mikrotokovoj-terapii-licza-ssha-nabor-nuface-trinity\/#primaryimage\"},\"thumbnailUrl\":\"https:\/\/shops-usa.com\/wp-content\/uploads\/2024\/12\/71.jpg\",\"datePublished\":\"2024-12-18T14:34:19+00:00\",\"dateModified\":\"2025-12-28T11:34:31+00:00\",\"breadcrumb\":{\"@id\":\"https:\/\/shops-usa.com\/product\/massazher-gel-nuface-krem-i-applikator-dlya-mikrotokovoj-terapii-licza-ssha-nabor-nuface-trinity\/#breadcrumb\"},\"inLanguage\":\"lv-LV\",\"potentialAction\":[{\"@type\":\"ReadAction\",\"target\":[\"https:\/\/shops-usa.com\/product\/massazher-gel-nuface-krem-i-applikator-dlya-mikrotokovoj-terapii-licza-ssha-nabor-nuface-trinity\/\"]}]},{\"@type\":\"ImageObject\",\"inLanguage\":\"lv-LV\",\"@id\":\"https:\/\/shops-usa.com\/product\/massazher-gel-nuface-krem-i-applikator-dlya-mikrotokovoj-terapii-licza-ssha-nabor-nuface-trinity\/#primaryimage\",\"url\":\"https:\/\/shops-usa.com\/wp-content\/uploads\/2024\/12\/71.jpg\",\"contentUrl\":\"https:\/\/shops-usa.com\/wp-content\/uploads\/2024\/12\/71.jpg\",\"width\":1263,\"height\":1141},{\"@type\":\"BreadcrumbList\",\"@id\":\"https:\/\/shops-usa.com\/product\/massazher-gel-nuface-krem-i-applikator-dlya-mikrotokovoj-terapii-licza-ssha-nabor-nuface-trinity\/#breadcrumb\",\"itemListElement\":[{\"@type\":\"ListItem\",\"position\":1,\"name\":\"Home\",\"item\":\"https:\/\/shops-usa.com\/\"},{\"@type\":\"ListItem\",\"position\":2,\"name\":\"\u041a\u0430\u0442\u0430\u043b\u043e\u0433\",\"item\":\"https:\/\/shops-usa.com\/catalogue\/\"},{\"@type\":\"ListItem\",\"position\":3,\"name\":\"\u041d\u0430\u0431\u043e\u0440 NuFACE Trinity (\u0421\u0428\u0410) \u041c\u0430\u0441\u0441\u0430\u0436\u0435\u0440 \u043d\u0430\u0441\u0430\u0434\u043a\u0430 ELLE, \u043d\u0430\u0441\u0430\u0434\u043a\u0430 LED, \u043a\u043e\u0441\u043c\u0435\u0442\u0438\u0447\u043a\u0430, \u0433\u0435\u043b\u044c, \u043a\u0440\u0435\u043c, \u0441\u044b\u0432\u043e\u0440\u043e\u0442\u043a\u0430, \u0430\u043f\u043f\u043b\u0438\u043a\u0430\u0442\u043e\u0440 \u0434\u043b\u044f \u043c\u0438\u043a\u0440\u043e\u0442\u043e\u043a\u043e\u0432\u043e\u0439 \u0442\u0435\u0440\u0430\u043f\u0438\u0438 \u043b\u0438\u0446\u0430\"}]},{\"@type\":\"WebSite\",\"@id\":\"https:\/\/shops-usa.com\/#website\",\"url\":\"https:\/\/shops-usa.com\/\",\"name\":\"ShopsUSA\",\"description\":\"Quality products from USA\",\"publisher\":{\"@id\":\"https:\/\/shops-usa.com\/#organization\"},\"potentialAction\":[{\"@type\":\"SearchAction\",\"target\":{\"@type\":\"EntryPoint\",\"urlTemplate\":\"https:\/\/shops-usa.com\/?s={search_term_string}\"},\"query-input\":{\"@type\":\"PropertyValueSpecification\",\"valueRequired\":true,\"valueName\":\"search_term_string\"}}],\"inLanguage\":\"lv-LV\"},{\"@type\":\"Organization\",\"@id\":\"https:\/\/shops-usa.com\/#organization\",\"name\":\"SHOPS USA\",\"alternateName\":\"SHOPS\",\"url\":\"https:\/\/shops-usa.com\/\",\"logo\":{\"@type\":\"ImageObject\",\"inLanguage\":\"lv-LV\",\"@id\":\"https:\/\/shops-usa.com\/#\/schema\/logo\/image\/\",\"url\":\"https:\/\/shops-usa.com\/wp-content\/uploads\/2025\/12\/letter_final_white-1.png\",\"contentUrl\":\"https:\/\/shops-usa.com\/wp-content\/uploads\/2025\/12\/letter_final_white-1.png\",\"width\":1711,\"height\":1949,\"caption\":\"SHOPS USA\"},\"image\":{\"@id\":\"https:\/\/shops-usa.com\/#\/schema\/logo\/image\/\"}}]}<\/script>\n<!-- \/ Yoast SEO plugin. -->","yoast_head_json":{"title":"\u041d\u0430\u0431\u043e\u0440 NuFACE Trinity (\u0421\u0428\u0410) \u041c\u0430\u0441\u0441\u0430\u0436\u0435\u0440 \u043d\u0430\u0441\u0430\u0434\u043a\u0430 ELLE, \u043d\u0430\u0441\u0430\u0434\u043a\u0430 LED, \u043a\u043e\u0441\u043c\u0435\u0442\u0438\u0447\u043a\u0430, \u0433\u0435\u043b\u044c, \u043a\u0440\u0435\u043c, \u0441\u044b\u0432\u043e\u0440\u043e\u0442\u043a\u0430, \u0430\u043f\u043f\u043b\u0438\u043a\u0430\u0442\u043e\u0440 \u0434\u043b\u044f \u043c\u0438\u043a\u0440\u043e\u0442\u043e\u043a\u043e\u0432\u043e\u0439 \u0442\u0435\u0440\u0430\u043f\u0438\u0438 \u043b\u0438\u0446\u0430 - ShopsUSA","robots":{"index":"index","follow":"follow","max-snippet":"max-snippet:-1","max-image-preview":"max-image-preview:large","max-video-preview":"max-video-preview:-1"},"canonical":"https:\/\/shops-usa.com\/lv\/products\/massazher-gel-nuface-krem-i-applikator-dlya-mikrotokovoj-terapii-licza-ssha-nabor-nuface-trinity\/?wmc-currency=EUR","og_locale":"lv_LV","og_type":"article","og_title":"\u041d\u0430\u0431\u043e\u0440 NuFACE Trinity (\u0421\u0428\u0410) \u041c\u0430\u0441\u0441\u0430\u0436\u0435\u0440 \u043d\u0430\u0441\u0430\u0434\u043a\u0430 ELLE, \u043d\u0430\u0441\u0430\u0434\u043a\u0430 LED, \u043a\u043e\u0441\u043c\u0435\u0442\u0438\u0447\u043a\u0430, \u0433\u0435\u043b\u044c, \u043a\u0440\u0435\u043c, \u0441\u044b\u0432\u043e\u0440\u043e\u0442\u043a\u0430, \u0430\u043f\u043f\u043b\u0438\u043a\u0430\u0442\u043e\u0440 \u0434\u043b\u044f \u043c\u0438\u043a\u0440\u043e\u0442\u043e\u043a\u043e\u0432\u043e\u0439 \u0442\u0435\u0440\u0430\u043f\u0438\u0438 \u043b\u0438\u0446\u0430 - ShopsUSA","og_description":"\u041c\u0430\u0441\u0441\u0430\u0436\u0435\u0440, \u0433\u0435\u043b\u044c NuFace, \u043a\u0440\u0435\u043c \u0438 \u0430\u043f\u043f\u043b\u0438\u043a\u0430\u0442\u043e\u0440 \u0434\u043b\u044f \u043c\u0438\u043a\u0440\u043e\u0442\u043e\u043a\u043e\u0432\u043e\u0439 \u0442\u0435\u0440\u0430\u043f\u0438\u0438 \u043b\u0438\u0446\u0430. \u041f\u043e\u043b\u0443\u0447\u0438\u0442\u0435 \u0440\u0435\u0437\u0443\u043b\u044c\u0442\u0430\u0442\u044b \u043f\u0440\u043e\u0444\u0435\u0441\u0441\u0438\u043e\u043d\u0430\u043b\u044c\u043d\u044b\u0445 \u043f\u0440\u043e\u0446\u0435\u0434\u0443\u0440 \u043f\u043e \u0443\u0445\u043e\u0434\u0443 \u0437\u0430 \u043a\u043e\u0436\u0435\u0439 \u0441 \u043b\u0435\u0433\u043a\u043e\u0441\u0442\u044c\u044e \u0438 \u0443\u0434\u043e\u0431\u0441\u0442\u0432\u043e\u043c NuFACE Trinity.","og_url":"https:\/\/shops-usa.com\/lv\/products\/massazher-gel-nuface-krem-i-applikator-dlya-mikrotokovoj-terapii-licza-ssha-nabor-nuface-trinity\/?wmc-currency=EUR","og_site_name":"ShopsUSA","article_modified_time":"2025-12-28T11:34:31+00:00","og_image":[{"width":1263,"height":1141,"url":"https:\/\/shops-usa.com\/wp-content\/uploads\/2024\/12\/71.jpg","type":"image\/jpeg"}],"twitter_card":"summary_large_image","schema":{"@context":"https:\/\/schema.org","@graph":[{"@type":"WebPage","@id":"https:\/\/shops-usa.com\/product\/massazher-gel-nuface-krem-i-applikator-dlya-mikrotokovoj-terapii-licza-ssha-nabor-nuface-trinity\/","url":"https:\/\/shops-usa.com\/product\/massazher-gel-nuface-krem-i-applikator-dlya-mikrotokovoj-terapii-licza-ssha-nabor-nuface-trinity\/","name":"\u041d\u0430\u0431\u043e\u0440 NuFACE Trinity (\u0421\u0428\u0410) \u041c\u0430\u0441\u0441\u0430\u0436\u0435\u0440 \u043d\u0430\u0441\u0430\u0434\u043a\u0430 ELLE, \u043d\u0430\u0441\u0430\u0434\u043a\u0430 LED, \u043a\u043e\u0441\u043c\u0435\u0442\u0438\u0447\u043a\u0430, \u0433\u0435\u043b\u044c, \u043a\u0440\u0435\u043c, \u0441\u044b\u0432\u043e\u0440\u043e\u0442\u043a\u0430, \u0430\u043f\u043f\u043b\u0438\u043a\u0430\u0442\u043e\u0440 \u0434\u043b\u044f \u043c\u0438\u043a\u0440\u043e\u0442\u043e\u043a\u043e\u0432\u043e\u0439 \u0442\u0435\u0440\u0430\u043f\u0438\u0438 \u043b\u0438\u0446\u0430 - ShopsUSA","isPartOf":{"@id":"https:\/\/shops-usa.com\/#website"},"primaryImageOfPage":{"@id":"https:\/\/shops-usa.com\/product\/massazher-gel-nuface-krem-i-applikator-dlya-mikrotokovoj-terapii-licza-ssha-nabor-nuface-trinity\/#primaryimage"},"image":{"@id":"https:\/\/shops-usa.com\/product\/massazher-gel-nuface-krem-i-applikator-dlya-mikrotokovoj-terapii-licza-ssha-nabor-nuface-trinity\/#primaryimage"},"thumbnailUrl":"https:\/\/shops-usa.com\/wp-content\/uploads\/2024\/12\/71.jpg","datePublished":"2024-12-18T14:34:19+00:00","dateModified":"2025-12-28T11:34:31+00:00","breadcrumb":{"@id":"https:\/\/shops-usa.com\/product\/massazher-gel-nuface-krem-i-applikator-dlya-mikrotokovoj-terapii-licza-ssha-nabor-nuface-trinity\/#breadcrumb"},"inLanguage":"lv-LV","potentialAction":[{"@type":"ReadAction","target":["https:\/\/shops-usa.com\/product\/massazher-gel-nuface-krem-i-applikator-dlya-mikrotokovoj-terapii-licza-ssha-nabor-nuface-trinity\/"]}]},{"@type":"ImageObject","inLanguage":"lv-LV","@id":"https:\/\/shops-usa.com\/product\/massazher-gel-nuface-krem-i-applikator-dlya-mikrotokovoj-terapii-licza-ssha-nabor-nuface-trinity\/#primaryimage","url":"https:\/\/shops-usa.com\/wp-content\/uploads\/2024\/12\/71.jpg","contentUrl":"https:\/\/shops-usa.com\/wp-content\/uploads\/2024\/12\/71.jpg","width":1263,"height":1141},{"@type":"BreadcrumbList","@id":"https:\/\/shops-usa.com\/product\/massazher-gel-nuface-krem-i-applikator-dlya-mikrotokovoj-terapii-licza-ssha-nabor-nuface-trinity\/#breadcrumb","itemListElement":[{"@type":"ListItem","position":1,"name":"Home","item":"https:\/\/shops-usa.com\/"},{"@type":"ListItem","position":2,"name":"\u041a\u0430\u0442\u0430\u043b\u043e\u0433","item":"https:\/\/shops-usa.com\/catalogue\/"},{"@type":"ListItem","position":3,"name":"\u041d\u0430\u0431\u043e\u0440 NuFACE Trinity (\u0421\u0428\u0410) \u041c\u0430\u0441\u0441\u0430\u0436\u0435\u0440 \u043d\u0430\u0441\u0430\u0434\u043a\u0430 ELLE, \u043d\u0430\u0441\u0430\u0434\u043a\u0430 LED, \u043a\u043e\u0441\u043c\u0435\u0442\u0438\u0447\u043a\u0430, \u0433\u0435\u043b\u044c, \u043a\u0440\u0435\u043c, \u0441\u044b\u0432\u043e\u0440\u043e\u0442\u043a\u0430, \u0430\u043f\u043f\u043b\u0438\u043a\u0430\u0442\u043e\u0440 \u0434\u043b\u044f \u043c\u0438\u043a\u0440\u043e\u0442\u043e\u043a\u043e\u0432\u043e\u0439 \u0442\u0435\u0440\u0430\u043f\u0438\u0438 \u043b\u0438\u0446\u0430"}]},{"@type":"WebSite","@id":"https:\/\/shops-usa.com\/#website","url":"https:\/\/shops-usa.com\/","name":"ShopsUSA","description":"Quality products from USA","publisher":{"@id":"https:\/\/shops-usa.com\/#organization"},"potentialAction":[{"@type":"SearchAction","target":{"@type":"EntryPoint","urlTemplate":"https:\/\/shops-usa.com\/?s={search_term_string}"},"query-input":{"@type":"PropertyValueSpecification","valueRequired":true,"valueName":"search_term_string"}}],"inLanguage":"lv-LV"},{"@type":"Organization","@id":"https:\/\/shops-usa.com\/#organization","name":"SHOPS USA","alternateName":"SHOPS","url":"https:\/\/shops-usa.com\/","logo":{"@type":"ImageObject","inLanguage":"lv-LV","@id":"https:\/\/shops-usa.com\/#\/schema\/logo\/image\/","url":"https:\/\/shops-usa.com\/wp-content\/uploads\/2025\/12\/letter_final_white-1.png","contentUrl":"https:\/\/shops-usa.com\/wp-content\/uploads\/2025\/12\/letter_final_white-1.png","width":1711,"height":1949,"caption":"SHOPS USA"},"image":{"@id":"https:\/\/shops-usa.com\/#\/schema\/logo\/image\/"}}]}},"_links":{"self":[{"href":"https:\/\/shops-usa.com\/lv\/wp-json\/wp\/v2\/product\/64","targetHints":{"allow":["GET"]}}],"collection":[{"href":"https:\/\/shops-usa.com\/lv\/wp-json\/wp\/v2\/product"}],"about":[{"href":"https:\/\/shops-usa.com\/lv\/wp-json\/wp\/v2\/types\/product"}],"replies":[{"embeddable":true,"href":"https:\/\/shops-usa.com\/lv\/wp-json\/wp\/v2\/comments?post=64"}],"wp:featuredmedia":[{"embeddable":true,"href":"https:\/\/shops-usa.com\/lv\/wp-json\/wp\/v2\/media\/779"}],"wp:attachment":[{"href":"https:\/\/shops-usa.com\/lv\/wp-json\/wp\/v2\/media?parent=64"}],"wp:term":[{"taxonomy":"product_brand","embeddable":true,"href":"https:\/\/shops-usa.com\/lv\/wp-json\/wp\/v2\/product_brand?post=64"},{"taxonomy":"product_cat","embeddable":true,"href":"https:\/\/shops-usa.com\/lv\/wp-json\/wp\/v2\/product_cat?post=64"},{"taxonomy":"product_tag","embeddable":true,"href":"https:\/\/shops-usa.com\/lv\/wp-json\/wp\/v2\/product_tag?post=64"}],"curies":[{"name":"wp","href":"https:\/\/api.w.org\/{rel}","templated":true}]}}