{"id":59,"date":"2024-12-18T14:34:18","date_gmt":"2024-12-18T14:34:18","guid":{"rendered":"https:\/\/shops-usa.com\/?post_type=product&#038;p=59"},"modified":"2025-10-12T21:58:01","modified_gmt":"2025-10-12T21:58:01","slug":"sredstvo-dlya-rosta-volos-ssha-hairmax-nabor-acceler8","status":"publish","type":"product","link":"https:\/\/shops-usa.com\/lv\/products\/sredstvo-dlya-rosta-volos-ssha-hairmax-nabor-acceler8\/","title":{"rendered":"HairMax (ASV) matu aug\u0161anas komplekts"},"content":{"rendered":"<p>HairMax matu aug\u0161anas pa\u0101trin\u0101t\u0101js acumirkl\u012b sabiezina matus, lai tie b\u016btu kupl\u0101ki. Satur tr\u012bsk\u0101r\u0161us DHT blokatorus, lai c\u012bn\u012btos pret matu retin\u0101\u0161anu, un pal\u012bdz uzlabot asinsriti, pieg\u0101d\u0101jot matu folikuliem bar\u012bbas vielas un sk\u0101bekli, lai aptur\u0113tu matu izkri\u0161anu. Ar gaismu aktiv\u0113tas sast\u0101vda\u013cas papildina l\u0101zer\u0137emmes proced\u016bru. Zems pH l\u012bmenis maigai p\u012blingam un galvas \u0101das aizsargbarjeras stiprin\u0101\u0161anai. ACCELER8 pa\u0101trin\u0101t\u0101js: Pal\u012bdz samazin\u0101t matu izkri\u0161anu. Pal\u012bdz uzlabot matu izskatu. Pal\u012bdz c\u012bn\u012bties pret matu retin\u0101\u0161anu ar tr\u012bsk\u0101r\u0161as darb\u012bbas DHT blokatoriem. \u0160amp\u016bns: Att\u012bra un samazina uzkr\u0101jumus. Maigi att\u012bra, neno\u0146emot \u0113terisk\u0101s e\u013c\u013cas. Stiprina matu kutikulas. C\u012bn\u0101s ar oksidat\u012bvo stresu un pal\u0113nina noveco\u0161anos. Kondicionieris: Pie\u0161\u0137ir matiem redzamu formu un apjomu. Saglab\u0101 matu stipr\u012bbu un aizsarg\u0101 pret l\u016b\u0161anu. Uzlabo vad\u0101m\u012bbu, \u0137emm\u0113jam\u012bbu un at\u0161\u0137etin\u0101\u0161anu.<\/p>","protected":false},"excerpt":{"rendered":"<p>Hairmax matu aug\u0161anas kosm\u0113tikas komplekts. HairMax matu aug\u0161anas pa\u0101trin\u0101t\u0101js acumirkl\u012b pabiezina matus, pie\u0161\u0137irot tiem liftinga efektu.<\/p>","protected":false},"featured_media":130,"comment_status":"open","ping_status":"closed","template":"","meta":[],"product_brand":[],"product_cat":[28],"product_tag":[],"class_list":{"0":"post-59","1":"product","2":"type-product","3":"status-publish","4":"has-post-thumbnail","6":"product_cat-hairmax","8":"first","9":"instock","10":"sale","11":"shipping-taxable","12":"purchasable","13":"product-type-simple"},"yoast_head":"<!-- This site is optimized with the Yoast SEO plugin v26.6 - https:\/\/yoast.com\/wordpress\/plugins\/seo\/ -->\n<title>\u041d\u0430\u0431\u043e\u0440 HairMax (\u0421\u0428\u0410) \u0421\u0440\u0435\u0434\u0441\u0442\u0432\u043e \u0434\u043b\u044f \u0440\u043e\u0441\u0442\u0430 \u0432\u043e\u043b\u043e\u0441 - ShopsUSA<\/title>\n<meta name=\"robots\" content=\"index, follow, max-snippet:-1, max-image-preview:large, max-video-preview:-1\" \/>\n<link rel=\"canonical\" href=\"https:\/\/shops-usa.com\/lv\/products\/sredstvo-dlya-rosta-volos-ssha-hairmax-nabor-acceler8\/?wmc-currency=EUR\" \/>\n<meta property=\"og:locale\" content=\"lv_LV\" \/>\n<meta property=\"og:type\" content=\"article\" \/>\n<meta property=\"og:title\" content=\"\u041d\u0430\u0431\u043e\u0440 HairMax (\u0421\u0428\u0410) \u0421\u0440\u0435\u0434\u0441\u0442\u0432\u043e \u0434\u043b\u044f \u0440\u043e\u0441\u0442\u0430 \u0432\u043e\u043b\u043e\u0441 - ShopsUSA\" \/>\n<meta property=\"og:description\" content=\"\u0421\u0440\u0435\u0434\u0441\u0442\u0432\u043e \u0434\u043b\u044f \u0440\u043e\u0441\u0442\u0430 \u0432\u043e\u043b\u043e\u0441 Hairmax. \u0410\u043a\u0441\u0435\u043b\u0435\u0440\u0430\u0442\u043e\u0440 \u0440\u043e\u0441\u0442\u0430 \u0432\u043e\u043b\u043e\u0441 HairMax \u043c\u0433\u043d\u043e\u0432\u0435\u043d\u043d\u043e \u0443\u0442\u043e\u043b\u0449\u0430\u0435\u0442 \u0432\u043e\u043b\u043e\u0441\u044b, \u043e\u0431\u0435\u0441\u043f\u0435\u0447\u0438\u0432\u0430\u044f \u043f\u043e\u0434\u044a\u0435\u043c.\" \/>\n<meta property=\"og:url\" content=\"https:\/\/shops-usa.com\/lv\/products\/sredstvo-dlya-rosta-volos-ssha-hairmax-nabor-acceler8\/?wmc-currency=EUR\" \/>\n<meta property=\"og:site_name\" content=\"ShopsUSA\" \/>\n<meta property=\"article:modified_time\" content=\"2025-10-12T21:58:01+00:00\" \/>\n<meta property=\"og:image\" content=\"https:\/\/shops-usa.com\/wp-content\/uploads\/2024\/12\/31-2.jpg\" \/>\n\t<meta property=\"og:image:width\" content=\"778\" \/>\n\t<meta property=\"og:image:height\" content=\"713\" \/>\n\t<meta property=\"og:image:type\" content=\"image\/jpeg\" \/>\n<meta name=\"twitter:card\" content=\"summary_large_image\" \/>\n<script type=\"application\/ld+json\" class=\"yoast-schema-graph\">{\"@context\":\"https:\/\/schema.org\",\"@graph\":[{\"@type\":\"WebPage\",\"@id\":\"https:\/\/shops-usa.com\/product\/sredstvo-dlya-rosta-volos-ssha-hairmax-nabor-acceler8\/\",\"url\":\"https:\/\/shops-usa.com\/product\/sredstvo-dlya-rosta-volos-ssha-hairmax-nabor-acceler8\/\",\"name\":\"\u041d\u0430\u0431\u043e\u0440 HairMax (\u0421\u0428\u0410) \u0421\u0440\u0435\u0434\u0441\u0442\u0432\u043e \u0434\u043b\u044f \u0440\u043e\u0441\u0442\u0430 \u0432\u043e\u043b\u043e\u0441 - ShopsUSA\",\"isPartOf\":{\"@id\":\"https:\/\/shops-usa.com\/#website\"},\"primaryImageOfPage\":{\"@id\":\"https:\/\/shops-usa.com\/product\/sredstvo-dlya-rosta-volos-ssha-hairmax-nabor-acceler8\/#primaryimage\"},\"image\":{\"@id\":\"https:\/\/shops-usa.com\/product\/sredstvo-dlya-rosta-volos-ssha-hairmax-nabor-acceler8\/#primaryimage\"},\"thumbnailUrl\":\"https:\/\/shops-usa.com\/wp-content\/uploads\/2024\/12\/31-2.jpg\",\"datePublished\":\"2024-12-18T14:34:18+00:00\",\"dateModified\":\"2025-10-12T21:58:01+00:00\",\"breadcrumb\":{\"@id\":\"https:\/\/shops-usa.com\/product\/sredstvo-dlya-rosta-volos-ssha-hairmax-nabor-acceler8\/#breadcrumb\"},\"inLanguage\":\"lv-LV\",\"potentialAction\":[{\"@type\":\"ReadAction\",\"target\":[\"https:\/\/shops-usa.com\/product\/sredstvo-dlya-rosta-volos-ssha-hairmax-nabor-acceler8\/\"]}]},{\"@type\":\"ImageObject\",\"inLanguage\":\"lv-LV\",\"@id\":\"https:\/\/shops-usa.com\/product\/sredstvo-dlya-rosta-volos-ssha-hairmax-nabor-acceler8\/#primaryimage\",\"url\":\"https:\/\/shops-usa.com\/wp-content\/uploads\/2024\/12\/31-2.jpg\",\"contentUrl\":\"https:\/\/shops-usa.com\/wp-content\/uploads\/2024\/12\/31-2.jpg\",\"width\":778,\"height\":713},{\"@type\":\"BreadcrumbList\",\"@id\":\"https:\/\/shops-usa.com\/product\/sredstvo-dlya-rosta-volos-ssha-hairmax-nabor-acceler8\/#breadcrumb\",\"itemListElement\":[{\"@type\":\"ListItem\",\"position\":1,\"name\":\"Home\",\"item\":\"https:\/\/shops-usa.com\/\"},{\"@type\":\"ListItem\",\"position\":2,\"name\":\"\u041a\u0430\u0442\u0430\u043b\u043e\u0433\",\"item\":\"https:\/\/shops-usa.com\/catalogue\/\"},{\"@type\":\"ListItem\",\"position\":3,\"name\":\"\u041d\u0430\u0431\u043e\u0440 HairMax (\u0421\u0428\u0410) \u0421\u0440\u0435\u0434\u0441\u0442\u0432\u043e \u0434\u043b\u044f \u0440\u043e\u0441\u0442\u0430 \u0432\u043e\u043b\u043e\u0441\"}]},{\"@type\":\"WebSite\",\"@id\":\"https:\/\/shops-usa.com\/#website\",\"url\":\"https:\/\/shops-usa.com\/\",\"name\":\"ShopsUSA\",\"description\":\"Quality products from USA\",\"publisher\":{\"@id\":\"https:\/\/shops-usa.com\/#organization\"},\"potentialAction\":[{\"@type\":\"SearchAction\",\"target\":{\"@type\":\"EntryPoint\",\"urlTemplate\":\"https:\/\/shops-usa.com\/?s={search_term_string}\"},\"query-input\":{\"@type\":\"PropertyValueSpecification\",\"valueRequired\":true,\"valueName\":\"search_term_string\"}}],\"inLanguage\":\"lv-LV\"},{\"@type\":\"Organization\",\"@id\":\"https:\/\/shops-usa.com\/#organization\",\"name\":\"SHOPS USA\",\"alternateName\":\"SHOPS\",\"url\":\"https:\/\/shops-usa.com\/\",\"logo\":{\"@type\":\"ImageObject\",\"inLanguage\":\"lv-LV\",\"@id\":\"https:\/\/shops-usa.com\/#\/schema\/logo\/image\/\",\"url\":\"https:\/\/shops-usa.com\/wp-content\/uploads\/2025\/12\/letter_final_white-1.png\",\"contentUrl\":\"https:\/\/shops-usa.com\/wp-content\/uploads\/2025\/12\/letter_final_white-1.png\",\"width\":1711,\"height\":1949,\"caption\":\"SHOPS USA\"},\"image\":{\"@id\":\"https:\/\/shops-usa.com\/#\/schema\/logo\/image\/\"}}]}<\/script>\n<!-- \/ Yoast SEO plugin. -->","yoast_head_json":{"title":"\u041d\u0430\u0431\u043e\u0440 HairMax (\u0421\u0428\u0410) \u0421\u0440\u0435\u0434\u0441\u0442\u0432\u043e \u0434\u043b\u044f \u0440\u043e\u0441\u0442\u0430 \u0432\u043e\u043b\u043e\u0441 - ShopsUSA","robots":{"index":"index","follow":"follow","max-snippet":"max-snippet:-1","max-image-preview":"max-image-preview:large","max-video-preview":"max-video-preview:-1"},"canonical":"https:\/\/shops-usa.com\/lv\/products\/sredstvo-dlya-rosta-volos-ssha-hairmax-nabor-acceler8\/?wmc-currency=EUR","og_locale":"lv_LV","og_type":"article","og_title":"\u041d\u0430\u0431\u043e\u0440 HairMax (\u0421\u0428\u0410) \u0421\u0440\u0435\u0434\u0441\u0442\u0432\u043e \u0434\u043b\u044f \u0440\u043e\u0441\u0442\u0430 \u0432\u043e\u043b\u043e\u0441 - ShopsUSA","og_description":"\u0421\u0440\u0435\u0434\u0441\u0442\u0432\u043e \u0434\u043b\u044f \u0440\u043e\u0441\u0442\u0430 \u0432\u043e\u043b\u043e\u0441 Hairmax. \u0410\u043a\u0441\u0435\u043b\u0435\u0440\u0430\u0442\u043e\u0440 \u0440\u043e\u0441\u0442\u0430 \u0432\u043e\u043b\u043e\u0441 HairMax \u043c\u0433\u043d\u043e\u0432\u0435\u043d\u043d\u043e \u0443\u0442\u043e\u043b\u0449\u0430\u0435\u0442 \u0432\u043e\u043b\u043e\u0441\u044b, \u043e\u0431\u0435\u0441\u043f\u0435\u0447\u0438\u0432\u0430\u044f \u043f\u043e\u0434\u044a\u0435\u043c.","og_url":"https:\/\/shops-usa.com\/lv\/products\/sredstvo-dlya-rosta-volos-ssha-hairmax-nabor-acceler8\/?wmc-currency=EUR","og_site_name":"ShopsUSA","article_modified_time":"2025-10-12T21:58:01+00:00","og_image":[{"width":778,"height":713,"url":"https:\/\/shops-usa.com\/wp-content\/uploads\/2024\/12\/31-2.jpg","type":"image\/jpeg"}],"twitter_card":"summary_large_image","schema":{"@context":"https:\/\/schema.org","@graph":[{"@type":"WebPage","@id":"https:\/\/shops-usa.com\/product\/sredstvo-dlya-rosta-volos-ssha-hairmax-nabor-acceler8\/","url":"https:\/\/shops-usa.com\/product\/sredstvo-dlya-rosta-volos-ssha-hairmax-nabor-acceler8\/","name":"\u041d\u0430\u0431\u043e\u0440 HairMax (\u0421\u0428\u0410) \u0421\u0440\u0435\u0434\u0441\u0442\u0432\u043e \u0434\u043b\u044f \u0440\u043e\u0441\u0442\u0430 \u0432\u043e\u043b\u043e\u0441 - ShopsUSA","isPartOf":{"@id":"https:\/\/shops-usa.com\/#website"},"primaryImageOfPage":{"@id":"https:\/\/shops-usa.com\/product\/sredstvo-dlya-rosta-volos-ssha-hairmax-nabor-acceler8\/#primaryimage"},"image":{"@id":"https:\/\/shops-usa.com\/product\/sredstvo-dlya-rosta-volos-ssha-hairmax-nabor-acceler8\/#primaryimage"},"thumbnailUrl":"https:\/\/shops-usa.com\/wp-content\/uploads\/2024\/12\/31-2.jpg","datePublished":"2024-12-18T14:34:18+00:00","dateModified":"2025-10-12T21:58:01+00:00","breadcrumb":{"@id":"https:\/\/shops-usa.com\/product\/sredstvo-dlya-rosta-volos-ssha-hairmax-nabor-acceler8\/#breadcrumb"},"inLanguage":"lv-LV","potentialAction":[{"@type":"ReadAction","target":["https:\/\/shops-usa.com\/product\/sredstvo-dlya-rosta-volos-ssha-hairmax-nabor-acceler8\/"]}]},{"@type":"ImageObject","inLanguage":"lv-LV","@id":"https:\/\/shops-usa.com\/product\/sredstvo-dlya-rosta-volos-ssha-hairmax-nabor-acceler8\/#primaryimage","url":"https:\/\/shops-usa.com\/wp-content\/uploads\/2024\/12\/31-2.jpg","contentUrl":"https:\/\/shops-usa.com\/wp-content\/uploads\/2024\/12\/31-2.jpg","width":778,"height":713},{"@type":"BreadcrumbList","@id":"https:\/\/shops-usa.com\/product\/sredstvo-dlya-rosta-volos-ssha-hairmax-nabor-acceler8\/#breadcrumb","itemListElement":[{"@type":"ListItem","position":1,"name":"Home","item":"https:\/\/shops-usa.com\/"},{"@type":"ListItem","position":2,"name":"\u041a\u0430\u0442\u0430\u043b\u043e\u0433","item":"https:\/\/shops-usa.com\/catalogue\/"},{"@type":"ListItem","position":3,"name":"\u041d\u0430\u0431\u043e\u0440 HairMax (\u0421\u0428\u0410) \u0421\u0440\u0435\u0434\u0441\u0442\u0432\u043e \u0434\u043b\u044f \u0440\u043e\u0441\u0442\u0430 \u0432\u043e\u043b\u043e\u0441"}]},{"@type":"WebSite","@id":"https:\/\/shops-usa.com\/#website","url":"https:\/\/shops-usa.com\/","name":"ShopsUSA","description":"Quality products from USA","publisher":{"@id":"https:\/\/shops-usa.com\/#organization"},"potentialAction":[{"@type":"SearchAction","target":{"@type":"EntryPoint","urlTemplate":"https:\/\/shops-usa.com\/?s={search_term_string}"},"query-input":{"@type":"PropertyValueSpecification","valueRequired":true,"valueName":"search_term_string"}}],"inLanguage":"lv-LV"},{"@type":"Organization","@id":"https:\/\/shops-usa.com\/#organization","name":"SHOPS USA","alternateName":"SHOPS","url":"https:\/\/shops-usa.com\/","logo":{"@type":"ImageObject","inLanguage":"lv-LV","@id":"https:\/\/shops-usa.com\/#\/schema\/logo\/image\/","url":"https:\/\/shops-usa.com\/wp-content\/uploads\/2025\/12\/letter_final_white-1.png","contentUrl":"https:\/\/shops-usa.com\/wp-content\/uploads\/2025\/12\/letter_final_white-1.png","width":1711,"height":1949,"caption":"SHOPS USA"},"image":{"@id":"https:\/\/shops-usa.com\/#\/schema\/logo\/image\/"}}]}},"_links":{"self":[{"href":"https:\/\/shops-usa.com\/lv\/wp-json\/wp\/v2\/product\/59","targetHints":{"allow":["GET"]}}],"collection":[{"href":"https:\/\/shops-usa.com\/lv\/wp-json\/wp\/v2\/product"}],"about":[{"href":"https:\/\/shops-usa.com\/lv\/wp-json\/wp\/v2\/types\/product"}],"replies":[{"embeddable":true,"href":"https:\/\/shops-usa.com\/lv\/wp-json\/wp\/v2\/comments?post=59"}],"wp:featuredmedia":[{"embeddable":true,"href":"https:\/\/shops-usa.com\/lv\/wp-json\/wp\/v2\/media\/130"}],"wp:attachment":[{"href":"https:\/\/shops-usa.com\/lv\/wp-json\/wp\/v2\/media?parent=59"}],"wp:term":[{"taxonomy":"product_brand","embeddable":true,"href":"https:\/\/shops-usa.com\/lv\/wp-json\/wp\/v2\/product_brand?post=59"},{"taxonomy":"product_cat","embeddable":true,"href":"https:\/\/shops-usa.com\/lv\/wp-json\/wp\/v2\/product_cat?post=59"},{"taxonomy":"product_tag","embeddable":true,"href":"https:\/\/shops-usa.com\/lv\/wp-json\/wp\/v2\/product_tag?post=59"}],"curies":[{"name":"wp","href":"https:\/\/api.w.org\/{rel}","templated":true}]}}