{"id":58,"date":"2024-12-18T14:34:18","date_gmt":"2024-12-18T14:34:18","guid":{"rendered":"https:\/\/shops-usa.com\/?post_type=product&#038;p=58"},"modified":"2025-09-23T11:38:06","modified_gmt":"2025-09-23T11:38:06","slug":"lazernaya-rascheska-dlya-rosta-volos-ssha-hairmax-ultima-12","status":"publish","type":"product","link":"https:\/\/shops-usa.com\/lv\/products\/lazernaya-rascheska-dlya-rosta-volos-ssha-hairmax-ultima-12\/","title":{"rendered":"HairMax Ultima 12 (ASV) l\u0101zera matu aug\u0161anas \u0137emme"},"content":{"rendered":"<p>Matu ataug\u0161ana: L\u0101zerterapija izmanto fotobiostimul\u0101ciju, nodro\u0161inot zema l\u012bme\u0146a l\u0101zerterapiju (LLLT), kas pieg\u0101d\u0101 sk\u0101bekli un bar\u012bbas vielas matu folikuliem, lai tos aktiviz\u0113tu un veicin\u0101tu sp\u0113c\u012bg\u0101ku matu aug\u0161anu. HairMax l\u0101zer\u0137emme ir apstiprin\u0101ta ar 8 FDA sertifik\u0101tiem, 7 kl\u012bniskajiem p\u0113t\u012bjumiem, 14 starptautisk\u0101m medic\u012bnas licenc\u0113m un 6 public\u0113tiem medic\u012bnas \u017eurn\u0101liem. Kl\u012bniski ir pier\u0101d\u012bts, ka HairMax l\u0101zerier\u012bce ataug matus, un p\u0113c se\u0161u m\u0113ne\u0161u regul\u0101ras lieto\u0161anas vid\u0113ji palielin\u0101s par 15 papildu matiem uz kvadr\u0101tcentimetru. \u012apa\u0161i \u0113rta un p\u0101rn\u0113s\u0101jama, t\u0101 ir paredz\u0113ta lieto\u0161anai gan m\u0101j\u0101s, gan ce\u013c\u0101. Viegl\u0101 baterija nodro\u0161ina ilgu uzl\u0101di un ir viegli p\u0101rn\u0113s\u0101jama. To ir viegli lietot. Komplekt\u0101 ietilpst uzl\u0101des stat\u012bvs, akumulators, str\u0101vas vads, lietot\u0101ja rokasgr\u0101mata un ier\u012bces garantija. \u0100rstu ieteikts: kl\u012bniskajos p\u0113t\u012bjumos lietot\u0101ji redz\u0113ja redzamus rezult\u0101tus tikai 3\u20136 m\u0113ne\u0161u laik\u0101. HairMax, kas dibin\u0101ts 2000. gad\u0101, vis\u0101 pasaul\u0113 ir p\u0101rdevis vair\u0101k nek\u0101 1,8 miljonus ier\u012b\u010du un ir pasaules l\u012bderis un pionieris l\u0101zermatu aug\u0161anas terapij\u0101. \u0100rsti iesaka HairMax l\u0101zerier\u012bces androg\u0113nas alop\u0113cijas \u0101rst\u0113\u0161anai, kas ietver iedzimtu plikpaur\u012bbu, v\u012brie\u0161u un sievie\u0161u tipa plikpaur\u012bbu, menopauzes plikpaur\u012bbu, alop\u0113ciju are\u0101tu un ar vecumu saist\u012btu matu izkri\u0161anu un retin\u0101\u0161anu.<\/p>","protected":false},"excerpt":{"rendered":"<p>L\u0101zera matu aug\u0161anas \u0137emme. L\u0101zera terapija ietver fotobiostimul\u0101ciju, nodro\u0161inot zema l\u012bme\u0146a l\u0101zerterapiju.<\/p>","protected":false},"featured_media":767,"comment_status":"open","ping_status":"closed","template":"","meta":[],"product_brand":[],"product_cat":[28],"product_tag":[],"class_list":{"0":"post-58","1":"product","2":"type-product","3":"status-publish","4":"has-post-thumbnail","6":"product_cat-hairmax","8":"first","9":"instock","10":"sale","11":"shipping-taxable","12":"purchasable","13":"product-type-simple"},"yoast_head":"<!-- This site is optimized with the Yoast SEO plugin v26.6 - https:\/\/yoast.com\/wordpress\/plugins\/seo\/ -->\n<title>HairMax Ultima 12 (\u0421\u0428\u0410) \u041b\u0430\u0437\u0435\u0440\u043d\u0430\u044f \u0440\u0430\u0441\u0447\u0435\u0441\u043a\u0430 \u0434\u043b\u044f \u0440\u043e\u0441\u0442\u0430 \u0432\u043e\u043b\u043e\u0441 - ShopsUSA<\/title>\n<meta name=\"robots\" content=\"index, follow, max-snippet:-1, max-image-preview:large, max-video-preview:-1\" \/>\n<link rel=\"canonical\" href=\"https:\/\/shops-usa.com\/lv\/products\/lazernaya-rascheska-dlya-rosta-volos-ssha-hairmax-ultima-12\/?wmc-currency=EUR\" \/>\n<meta property=\"og:locale\" content=\"lv_LV\" \/>\n<meta property=\"og:type\" content=\"article\" \/>\n<meta property=\"og:title\" content=\"HairMax Ultima 12 (\u0421\u0428\u0410) \u041b\u0430\u0437\u0435\u0440\u043d\u0430\u044f \u0440\u0430\u0441\u0447\u0435\u0441\u043a\u0430 \u0434\u043b\u044f \u0440\u043e\u0441\u0442\u0430 \u0432\u043e\u043b\u043e\u0441 - ShopsUSA\" \/>\n<meta property=\"og:description\" content=\"\u041b\u0430\u0437\u0435\u0440\u043d\u0430\u044f \u0440\u0430\u0441\u0447\u0435\u0441\u043a\u0430 \u0434\u043b\u044f \u0440\u043e\u0441\u0442\u0430 \u0432\u043e\u043b\u043e\u0441. \u041b\u0430\u0437\u0435\u0440\u043d\u043e\u0435 \u043b\u0435\u0447\u0435\u043d\u0438\u0435 \u043f\u0440\u043e\u0445\u043e\u0434\u0438\u0442 \u0447\u0435\u0440\u0435\u0437 \u043f\u0440\u043e\u0446\u0435\u0441\u0441 \u0444\u043e\u0442\u043e\u0431\u0438\u043e\u0441\u0442\u0438\u043c\u0443\u043b\u044f\u0446\u0438\u0438, \u043e\u0431\u0435\u0441\u043f\u0435\u0447\u0438\u0432\u0430\u044f \u043d\u0438\u0437\u043a\u043e\u0443\u0440\u043e\u0432\u043d\u0435\u0432\u0443\u044e \u043b\u0430\u0437\u0435\u0440\u043d\u0443\u044e \u0442\u0435\u0440\u0430\u043f\u0438\u044e.\" \/>\n<meta property=\"og:url\" content=\"https:\/\/shops-usa.com\/lv\/products\/lazernaya-rascheska-dlya-rosta-volos-ssha-hairmax-ultima-12\/?wmc-currency=EUR\" \/>\n<meta property=\"og:site_name\" content=\"ShopsUSA\" \/>\n<meta property=\"article:modified_time\" content=\"2025-09-23T11:38:06+00:00\" \/>\n<meta property=\"og:image\" content=\"https:\/\/shops-usa.com\/wp-content\/uploads\/2024\/12\/42.png\" \/>\n\t<meta property=\"og:image:width\" content=\"750\" \/>\n\t<meta property=\"og:image:height\" content=\"750\" \/>\n\t<meta property=\"og:image:type\" content=\"image\/png\" \/>\n<meta name=\"twitter:card\" content=\"summary_large_image\" \/>\n<script type=\"application\/ld+json\" class=\"yoast-schema-graph\">{\"@context\":\"https:\/\/schema.org\",\"@graph\":[{\"@type\":\"WebPage\",\"@id\":\"https:\/\/shops-usa.com\/product\/lazernaya-rascheska-dlya-rosta-volos-ssha-hairmax-ultima-12\/\",\"url\":\"https:\/\/shops-usa.com\/product\/lazernaya-rascheska-dlya-rosta-volos-ssha-hairmax-ultima-12\/\",\"name\":\"HairMax Ultima 12 (\u0421\u0428\u0410) \u041b\u0430\u0437\u0435\u0440\u043d\u0430\u044f \u0440\u0430\u0441\u0447\u0435\u0441\u043a\u0430 \u0434\u043b\u044f \u0440\u043e\u0441\u0442\u0430 \u0432\u043e\u043b\u043e\u0441 - ShopsUSA\",\"isPartOf\":{\"@id\":\"https:\/\/shops-usa.com\/#website\"},\"primaryImageOfPage\":{\"@id\":\"https:\/\/shops-usa.com\/product\/lazernaya-rascheska-dlya-rosta-volos-ssha-hairmax-ultima-12\/#primaryimage\"},\"image\":{\"@id\":\"https:\/\/shops-usa.com\/product\/lazernaya-rascheska-dlya-rosta-volos-ssha-hairmax-ultima-12\/#primaryimage\"},\"thumbnailUrl\":\"https:\/\/shops-usa.com\/wp-content\/uploads\/2024\/12\/42.png\",\"datePublished\":\"2024-12-18T14:34:18+00:00\",\"dateModified\":\"2025-09-23T11:38:06+00:00\",\"breadcrumb\":{\"@id\":\"https:\/\/shops-usa.com\/product\/lazernaya-rascheska-dlya-rosta-volos-ssha-hairmax-ultima-12\/#breadcrumb\"},\"inLanguage\":\"lv-LV\",\"potentialAction\":[{\"@type\":\"ReadAction\",\"target\":[\"https:\/\/shops-usa.com\/product\/lazernaya-rascheska-dlya-rosta-volos-ssha-hairmax-ultima-12\/\"]}]},{\"@type\":\"ImageObject\",\"inLanguage\":\"lv-LV\",\"@id\":\"https:\/\/shops-usa.com\/product\/lazernaya-rascheska-dlya-rosta-volos-ssha-hairmax-ultima-12\/#primaryimage\",\"url\":\"https:\/\/shops-usa.com\/wp-content\/uploads\/2024\/12\/42.png\",\"contentUrl\":\"https:\/\/shops-usa.com\/wp-content\/uploads\/2024\/12\/42.png\",\"width\":750,\"height\":750},{\"@type\":\"BreadcrumbList\",\"@id\":\"https:\/\/shops-usa.com\/product\/lazernaya-rascheska-dlya-rosta-volos-ssha-hairmax-ultima-12\/#breadcrumb\",\"itemListElement\":[{\"@type\":\"ListItem\",\"position\":1,\"name\":\"Home\",\"item\":\"https:\/\/shops-usa.com\/\"},{\"@type\":\"ListItem\",\"position\":2,\"name\":\"\u041a\u0430\u0442\u0430\u043b\u043e\u0433\",\"item\":\"https:\/\/shops-usa.com\/catalogue\/\"},{\"@type\":\"ListItem\",\"position\":3,\"name\":\"HairMax Ultima 12 (\u0421\u0428\u0410) \u041b\u0430\u0437\u0435\u0440\u043d\u0430\u044f \u0440\u0430\u0441\u0447\u0435\u0441\u043a\u0430 \u0434\u043b\u044f \u0440\u043e\u0441\u0442\u0430 \u0432\u043e\u043b\u043e\u0441\"}]},{\"@type\":\"WebSite\",\"@id\":\"https:\/\/shops-usa.com\/#website\",\"url\":\"https:\/\/shops-usa.com\/\",\"name\":\"ShopsUSA\",\"description\":\"Quality products from USA\",\"publisher\":{\"@id\":\"https:\/\/shops-usa.com\/#organization\"},\"potentialAction\":[{\"@type\":\"SearchAction\",\"target\":{\"@type\":\"EntryPoint\",\"urlTemplate\":\"https:\/\/shops-usa.com\/?s={search_term_string}\"},\"query-input\":{\"@type\":\"PropertyValueSpecification\",\"valueRequired\":true,\"valueName\":\"search_term_string\"}}],\"inLanguage\":\"lv-LV\"},{\"@type\":\"Organization\",\"@id\":\"https:\/\/shops-usa.com\/#organization\",\"name\":\"SHOPS USA\",\"alternateName\":\"SHOPS\",\"url\":\"https:\/\/shops-usa.com\/\",\"logo\":{\"@type\":\"ImageObject\",\"inLanguage\":\"lv-LV\",\"@id\":\"https:\/\/shops-usa.com\/#\/schema\/logo\/image\/\",\"url\":\"https:\/\/shops-usa.com\/wp-content\/uploads\/2025\/12\/letter_final_white-1.png\",\"contentUrl\":\"https:\/\/shops-usa.com\/wp-content\/uploads\/2025\/12\/letter_final_white-1.png\",\"width\":1711,\"height\":1949,\"caption\":\"SHOPS USA\"},\"image\":{\"@id\":\"https:\/\/shops-usa.com\/#\/schema\/logo\/image\/\"}}]}<\/script>\n<!-- \/ Yoast SEO plugin. -->","yoast_head_json":{"title":"HairMax Ultima 12 (\u0421\u0428\u0410) \u041b\u0430\u0437\u0435\u0440\u043d\u0430\u044f \u0440\u0430\u0441\u0447\u0435\u0441\u043a\u0430 \u0434\u043b\u044f \u0440\u043e\u0441\u0442\u0430 \u0432\u043e\u043b\u043e\u0441 - ShopsUSA","robots":{"index":"index","follow":"follow","max-snippet":"max-snippet:-1","max-image-preview":"max-image-preview:large","max-video-preview":"max-video-preview:-1"},"canonical":"https:\/\/shops-usa.com\/lv\/products\/lazernaya-rascheska-dlya-rosta-volos-ssha-hairmax-ultima-12\/?wmc-currency=EUR","og_locale":"lv_LV","og_type":"article","og_title":"HairMax Ultima 12 (\u0421\u0428\u0410) \u041b\u0430\u0437\u0435\u0440\u043d\u0430\u044f \u0440\u0430\u0441\u0447\u0435\u0441\u043a\u0430 \u0434\u043b\u044f \u0440\u043e\u0441\u0442\u0430 \u0432\u043e\u043b\u043e\u0441 - ShopsUSA","og_description":"\u041b\u0430\u0437\u0435\u0440\u043d\u0430\u044f \u0440\u0430\u0441\u0447\u0435\u0441\u043a\u0430 \u0434\u043b\u044f \u0440\u043e\u0441\u0442\u0430 \u0432\u043e\u043b\u043e\u0441. \u041b\u0430\u0437\u0435\u0440\u043d\u043e\u0435 \u043b\u0435\u0447\u0435\u043d\u0438\u0435 \u043f\u0440\u043e\u0445\u043e\u0434\u0438\u0442 \u0447\u0435\u0440\u0435\u0437 \u043f\u0440\u043e\u0446\u0435\u0441\u0441 \u0444\u043e\u0442\u043e\u0431\u0438\u043e\u0441\u0442\u0438\u043c\u0443\u043b\u044f\u0446\u0438\u0438, \u043e\u0431\u0435\u0441\u043f\u0435\u0447\u0438\u0432\u0430\u044f \u043d\u0438\u0437\u043a\u043e\u0443\u0440\u043e\u0432\u043d\u0435\u0432\u0443\u044e \u043b\u0430\u0437\u0435\u0440\u043d\u0443\u044e \u0442\u0435\u0440\u0430\u043f\u0438\u044e.","og_url":"https:\/\/shops-usa.com\/lv\/products\/lazernaya-rascheska-dlya-rosta-volos-ssha-hairmax-ultima-12\/?wmc-currency=EUR","og_site_name":"ShopsUSA","article_modified_time":"2025-09-23T11:38:06+00:00","og_image":[{"width":750,"height":750,"url":"https:\/\/shops-usa.com\/wp-content\/uploads\/2024\/12\/42.png","type":"image\/png"}],"twitter_card":"summary_large_image","schema":{"@context":"https:\/\/schema.org","@graph":[{"@type":"WebPage","@id":"https:\/\/shops-usa.com\/product\/lazernaya-rascheska-dlya-rosta-volos-ssha-hairmax-ultima-12\/","url":"https:\/\/shops-usa.com\/product\/lazernaya-rascheska-dlya-rosta-volos-ssha-hairmax-ultima-12\/","name":"HairMax Ultima 12 (\u0421\u0428\u0410) \u041b\u0430\u0437\u0435\u0440\u043d\u0430\u044f \u0440\u0430\u0441\u0447\u0435\u0441\u043a\u0430 \u0434\u043b\u044f \u0440\u043e\u0441\u0442\u0430 \u0432\u043e\u043b\u043e\u0441 - ShopsUSA","isPartOf":{"@id":"https:\/\/shops-usa.com\/#website"},"primaryImageOfPage":{"@id":"https:\/\/shops-usa.com\/product\/lazernaya-rascheska-dlya-rosta-volos-ssha-hairmax-ultima-12\/#primaryimage"},"image":{"@id":"https:\/\/shops-usa.com\/product\/lazernaya-rascheska-dlya-rosta-volos-ssha-hairmax-ultima-12\/#primaryimage"},"thumbnailUrl":"https:\/\/shops-usa.com\/wp-content\/uploads\/2024\/12\/42.png","datePublished":"2024-12-18T14:34:18+00:00","dateModified":"2025-09-23T11:38:06+00:00","breadcrumb":{"@id":"https:\/\/shops-usa.com\/product\/lazernaya-rascheska-dlya-rosta-volos-ssha-hairmax-ultima-12\/#breadcrumb"},"inLanguage":"lv-LV","potentialAction":[{"@type":"ReadAction","target":["https:\/\/shops-usa.com\/product\/lazernaya-rascheska-dlya-rosta-volos-ssha-hairmax-ultima-12\/"]}]},{"@type":"ImageObject","inLanguage":"lv-LV","@id":"https:\/\/shops-usa.com\/product\/lazernaya-rascheska-dlya-rosta-volos-ssha-hairmax-ultima-12\/#primaryimage","url":"https:\/\/shops-usa.com\/wp-content\/uploads\/2024\/12\/42.png","contentUrl":"https:\/\/shops-usa.com\/wp-content\/uploads\/2024\/12\/42.png","width":750,"height":750},{"@type":"BreadcrumbList","@id":"https:\/\/shops-usa.com\/product\/lazernaya-rascheska-dlya-rosta-volos-ssha-hairmax-ultima-12\/#breadcrumb","itemListElement":[{"@type":"ListItem","position":1,"name":"Home","item":"https:\/\/shops-usa.com\/"},{"@type":"ListItem","position":2,"name":"\u041a\u0430\u0442\u0430\u043b\u043e\u0433","item":"https:\/\/shops-usa.com\/catalogue\/"},{"@type":"ListItem","position":3,"name":"HairMax Ultima 12 (\u0421\u0428\u0410) \u041b\u0430\u0437\u0435\u0440\u043d\u0430\u044f \u0440\u0430\u0441\u0447\u0435\u0441\u043a\u0430 \u0434\u043b\u044f \u0440\u043e\u0441\u0442\u0430 \u0432\u043e\u043b\u043e\u0441"}]},{"@type":"WebSite","@id":"https:\/\/shops-usa.com\/#website","url":"https:\/\/shops-usa.com\/","name":"ShopsUSA","description":"Quality products from USA","publisher":{"@id":"https:\/\/shops-usa.com\/#organization"},"potentialAction":[{"@type":"SearchAction","target":{"@type":"EntryPoint","urlTemplate":"https:\/\/shops-usa.com\/?s={search_term_string}"},"query-input":{"@type":"PropertyValueSpecification","valueRequired":true,"valueName":"search_term_string"}}],"inLanguage":"lv-LV"},{"@type":"Organization","@id":"https:\/\/shops-usa.com\/#organization","name":"SHOPS USA","alternateName":"SHOPS","url":"https:\/\/shops-usa.com\/","logo":{"@type":"ImageObject","inLanguage":"lv-LV","@id":"https:\/\/shops-usa.com\/#\/schema\/logo\/image\/","url":"https:\/\/shops-usa.com\/wp-content\/uploads\/2025\/12\/letter_final_white-1.png","contentUrl":"https:\/\/shops-usa.com\/wp-content\/uploads\/2025\/12\/letter_final_white-1.png","width":1711,"height":1949,"caption":"SHOPS USA"},"image":{"@id":"https:\/\/shops-usa.com\/#\/schema\/logo\/image\/"}}]}},"_links":{"self":[{"href":"https:\/\/shops-usa.com\/lv\/wp-json\/wp\/v2\/product\/58","targetHints":{"allow":["GET"]}}],"collection":[{"href":"https:\/\/shops-usa.com\/lv\/wp-json\/wp\/v2\/product"}],"about":[{"href":"https:\/\/shops-usa.com\/lv\/wp-json\/wp\/v2\/types\/product"}],"replies":[{"embeddable":true,"href":"https:\/\/shops-usa.com\/lv\/wp-json\/wp\/v2\/comments?post=58"}],"wp:featuredmedia":[{"embeddable":true,"href":"https:\/\/shops-usa.com\/lv\/wp-json\/wp\/v2\/media\/767"}],"wp:attachment":[{"href":"https:\/\/shops-usa.com\/lv\/wp-json\/wp\/v2\/media?parent=58"}],"wp:term":[{"taxonomy":"product_brand","embeddable":true,"href":"https:\/\/shops-usa.com\/lv\/wp-json\/wp\/v2\/product_brand?post=58"},{"taxonomy":"product_cat","embeddable":true,"href":"https:\/\/shops-usa.com\/lv\/wp-json\/wp\/v2\/product_cat?post=58"},{"taxonomy":"product_tag","embeddable":true,"href":"https:\/\/shops-usa.com\/lv\/wp-json\/wp\/v2\/product_tag?post=58"}],"curies":[{"name":"wp","href":"https:\/\/api.w.org\/{rel}","templated":true}]}}