{"id":47,"date":"2024-12-18T14:34:16","date_gmt":"2024-12-18T14:34:16","guid":{"rendered":"https:\/\/shops-usa.com\/?post_type=product&#038;p=47"},"modified":"2024-12-18T14:35:04","modified_gmt":"2024-12-18T14:35:04","slug":"svetodiodnaya-terapiya-myshcz-i-sustavov-ssha-tendlite","status":"publish","type":"product","link":"https:\/\/shops-usa.com\/lv\/products\/svetodiodnaya-terapiya-myshcz-i-sustavov-ssha-tendlite\/","title":{"rendered":"LED terapija musku\u013ciem un loc\u012btav\u0101m TENDLITE (ASV)"},"content":{"rendered":"<p>Pretiekaisuma un s\u0101pes remd\u0113jo\u0161a terapija plecu, ce\u013ca, elko\u0146a, roku, p\u0113du un muguras s\u0101pju, karp\u0101l\u0101 kan\u0101la sindroma, artr\u012bta, burs\u012bta, tendin\u012bta, plant\u0101ra fasc\u012bta, radikul\u012bta, fibromial\u0123ijas un citu slim\u012bbu \u0101rst\u0113\u0161anai. T\u0101 nesatur \u0137\u012bmiskas vielas, neizraisa atkar\u012bbu un tai nav blakuspar\u0101d\u012bbu. T\u0101 stimul\u0113 organisma pa\u0161atvese\u013co\u0161an\u0101s procesu, samazinot atvese\u013co\u0161an\u0101s laiku. T\u0101 dzied\u0113 par 60% \u0101tr\u0101k un efekt\u012bv\u0101k, palielinot lok\u0101l\u0101 kolag\u0113na ra\u017eo\u0161anu loc\u012btav\u0101s, kas atjauno loc\u012btavu audus. \u0160\u012b terapija uzlabo sp\u0113ku, lokan\u012bbu un kust\u012bgumu vienk\u0101r\u0161\u0101, \u0101tr\u0101, dro\u0161\u0101 un nes\u0101p\u012bg\u0101 veid\u0101. Tendlite izmanto jaun\u0101k\u0101s tehnolo\u0123ijas, ko izmanto vado\u0161ie sporta medic\u012bnas \u0101rsti, fizioterapeiti un treneri. Tagad j\u016bs varat veiksm\u012bgi \u0101rst\u0113t savas traumas m\u0101j\u0101s par daudz zem\u0101k\u0101m izmaks\u0101m.<\/p>","protected":false},"excerpt":{"rendered":"<p>LED gaismas terapija musku\u013ciem un loc\u012btav\u0101m. Pretiekaisuma un s\u0101pes remd\u0113jo\u0161a terapija plecu, ce\u013ca, plaukstas loc\u012btavas un muguras s\u0101pju, artr\u012bta, burs\u012bta, tendin\u012bta un radikul\u012bta \u0101rst\u0113\u0161anai.<\/p>","protected":false},"featured_media":86,"comment_status":"open","ping_status":"closed","template":"","meta":[],"product_brand":[],"product_cat":[21],"product_tag":[],"class_list":{"0":"post-47","1":"product","2":"type-product","3":"status-publish","4":"has-post-thumbnail","6":"product_cat-tendlite","8":"first","9":"instock","10":"sale","11":"shipping-taxable","12":"purchasable","13":"product-type-simple"},"yoast_head":"<!-- This site is optimized with the Yoast SEO plugin v26.6 - https:\/\/yoast.com\/wordpress\/plugins\/seo\/ -->\n<title>\u0421\u0432\u0435\u0442\u043e\u0434\u0438\u043e\u0434\u043d\u0430\u044f \u0442\u0435\u0440\u0430\u043f\u0438\u044f \u043c\u044b\u0448\u0446 \u0438 \u0441\u0443\u0441\u0442\u0430\u0432\u043e\u0432 (\u0421\u0428\u0410) TENDLITE - ShopsUSA<\/title>\n<meta name=\"robots\" content=\"index, follow, max-snippet:-1, max-image-preview:large, max-video-preview:-1\" \/>\n<link rel=\"canonical\" href=\"https:\/\/shops-usa.com\/lv\/products\/svetodiodnaya-terapiya-myshcz-i-sustavov-ssha-tendlite\/?wmc-currency=EUR\" \/>\n<meta property=\"og:locale\" content=\"lv_LV\" \/>\n<meta property=\"og:type\" content=\"article\" \/>\n<meta property=\"og:title\" content=\"\u0421\u0432\u0435\u0442\u043e\u0434\u0438\u043e\u0434\u043d\u0430\u044f \u0442\u0435\u0440\u0430\u043f\u0438\u044f \u043c\u044b\u0448\u0446 \u0438 \u0441\u0443\u0441\u0442\u0430\u0432\u043e\u0432 (\u0421\u0428\u0410) TENDLITE - ShopsUSA\" \/>\n<meta property=\"og:description\" content=\"\u0421\u0432\u0435\u0442\u043e\u0434\u0438\u043e\u0434\u043d\u0430\u044f \u0442\u0435\u0440\u0430\u043f\u0438\u044f \u043c\u044b\u0448\u0446 \u0438 \u0441\u0443\u0441\u0442\u0430\u0432\u043e\u0432. \u041f\u0440\u043e\u0442\u0438\u0432\u043e\u0432\u043e\u0441\u043f\u0430\u043b\u0438\u0442\u0435\u043b\u044c\u043d\u0430\u044f \u0438 \u043e\u0431\u0435\u0437\u0431\u043e\u043b\u0438\u0432\u0430\u044e\u0449\u0430\u044f \u0442\u0435\u0440\u0430\u043f\u0438\u044f \u043f\u0440\u0438 \u0431\u043e\u043b\u0438 \u0432 \u043f\u043b\u0435\u0447\u0430\u0445, \u043a\u043e\u043b\u0435\u043d\u044f\u0445, \u043a\u0438\u0441\u0442\u044f\u0445, \u0441\u043f\u0438\u043d\u0435, \u0430\u0440\u0442\u0440\u0438\u0442\u0435, \u0431\u0443\u0440\u0441\u0438\u0442\u0435, \u0442\u0435\u043d\u0434\u0438\u043d\u0438\u0442\u0435 \u0438 \u0440\u0430\u0434\u0438\u043a\u0443\u043b\u0438\u0442\u0435.\" \/>\n<meta property=\"og:url\" content=\"https:\/\/shops-usa.com\/lv\/products\/svetodiodnaya-terapiya-myshcz-i-sustavov-ssha-tendlite\/?wmc-currency=EUR\" \/>\n<meta property=\"og:site_name\" content=\"ShopsUSA\" \/>\n<meta property=\"article:modified_time\" content=\"2024-12-18T14:35:04+00:00\" \/>\n<meta property=\"og:image\" content=\"https:\/\/shops-usa.com\/wp-content\/uploads\/2024\/12\/1-2-1.jpg\" \/>\n\t<meta property=\"og:image:width\" content=\"1500\" \/>\n\t<meta property=\"og:image:height\" content=\"1177\" \/>\n\t<meta property=\"og:image:type\" content=\"image\/jpeg\" \/>\n<meta name=\"twitter:card\" content=\"summary_large_image\" \/>\n<script type=\"application\/ld+json\" class=\"yoast-schema-graph\">{\"@context\":\"https:\/\/schema.org\",\"@graph\":[{\"@type\":\"WebPage\",\"@id\":\"https:\/\/shops-usa.com\/product\/svetodiodnaya-terapiya-myshcz-i-sustavov-ssha-tendlite\/\",\"url\":\"https:\/\/shops-usa.com\/product\/svetodiodnaya-terapiya-myshcz-i-sustavov-ssha-tendlite\/\",\"name\":\"\u0421\u0432\u0435\u0442\u043e\u0434\u0438\u043e\u0434\u043d\u0430\u044f \u0442\u0435\u0440\u0430\u043f\u0438\u044f \u043c\u044b\u0448\u0446 \u0438 \u0441\u0443\u0441\u0442\u0430\u0432\u043e\u0432 (\u0421\u0428\u0410) TENDLITE - ShopsUSA\",\"isPartOf\":{\"@id\":\"https:\/\/shops-usa.com\/#website\"},\"primaryImageOfPage\":{\"@id\":\"https:\/\/shops-usa.com\/product\/svetodiodnaya-terapiya-myshcz-i-sustavov-ssha-tendlite\/#primaryimage\"},\"image\":{\"@id\":\"https:\/\/shops-usa.com\/product\/svetodiodnaya-terapiya-myshcz-i-sustavov-ssha-tendlite\/#primaryimage\"},\"thumbnailUrl\":\"https:\/\/shops-usa.com\/wp-content\/uploads\/2024\/12\/1-2-1.jpg\",\"datePublished\":\"2024-12-18T14:34:16+00:00\",\"dateModified\":\"2024-12-18T14:35:04+00:00\",\"breadcrumb\":{\"@id\":\"https:\/\/shops-usa.com\/product\/svetodiodnaya-terapiya-myshcz-i-sustavov-ssha-tendlite\/#breadcrumb\"},\"inLanguage\":\"lv-LV\",\"potentialAction\":[{\"@type\":\"ReadAction\",\"target\":[\"https:\/\/shops-usa.com\/product\/svetodiodnaya-terapiya-myshcz-i-sustavov-ssha-tendlite\/\"]}]},{\"@type\":\"ImageObject\",\"inLanguage\":\"lv-LV\",\"@id\":\"https:\/\/shops-usa.com\/product\/svetodiodnaya-terapiya-myshcz-i-sustavov-ssha-tendlite\/#primaryimage\",\"url\":\"https:\/\/shops-usa.com\/wp-content\/uploads\/2024\/12\/1-2-1.jpg\",\"contentUrl\":\"https:\/\/shops-usa.com\/wp-content\/uploads\/2024\/12\/1-2-1.jpg\",\"width\":1500,\"height\":1177},{\"@type\":\"BreadcrumbList\",\"@id\":\"https:\/\/shops-usa.com\/product\/svetodiodnaya-terapiya-myshcz-i-sustavov-ssha-tendlite\/#breadcrumb\",\"itemListElement\":[{\"@type\":\"ListItem\",\"position\":1,\"name\":\"Home\",\"item\":\"https:\/\/shops-usa.com\/\"},{\"@type\":\"ListItem\",\"position\":2,\"name\":\"\u041a\u0430\u0442\u0430\u043b\u043e\u0433\",\"item\":\"https:\/\/shops-usa.com\/catalogue\/\"},{\"@type\":\"ListItem\",\"position\":3,\"name\":\"\u0421\u0432\u0435\u0442\u043e\u0434\u0438\u043e\u0434\u043d\u0430\u044f \u0442\u0435\u0440\u0430\u043f\u0438\u044f \u043c\u044b\u0448\u0446 \u0438 \u0441\u0443\u0441\u0442\u0430\u0432\u043e\u0432 (\u0421\u0428\u0410) TENDLITE\"}]},{\"@type\":\"WebSite\",\"@id\":\"https:\/\/shops-usa.com\/#website\",\"url\":\"https:\/\/shops-usa.com\/\",\"name\":\"ShopsUSA\",\"description\":\"Quality products from USA\",\"publisher\":{\"@id\":\"https:\/\/shops-usa.com\/#organization\"},\"potentialAction\":[{\"@type\":\"SearchAction\",\"target\":{\"@type\":\"EntryPoint\",\"urlTemplate\":\"https:\/\/shops-usa.com\/?s={search_term_string}\"},\"query-input\":{\"@type\":\"PropertyValueSpecification\",\"valueRequired\":true,\"valueName\":\"search_term_string\"}}],\"inLanguage\":\"lv-LV\"},{\"@type\":\"Organization\",\"@id\":\"https:\/\/shops-usa.com\/#organization\",\"name\":\"SHOPS USA\",\"alternateName\":\"SHOPS\",\"url\":\"https:\/\/shops-usa.com\/\",\"logo\":{\"@type\":\"ImageObject\",\"inLanguage\":\"lv-LV\",\"@id\":\"https:\/\/shops-usa.com\/#\/schema\/logo\/image\/\",\"url\":\"https:\/\/shops-usa.com\/wp-content\/uploads\/2025\/12\/letter_final_white-1.png\",\"contentUrl\":\"https:\/\/shops-usa.com\/wp-content\/uploads\/2025\/12\/letter_final_white-1.png\",\"width\":1711,\"height\":1949,\"caption\":\"SHOPS USA\"},\"image\":{\"@id\":\"https:\/\/shops-usa.com\/#\/schema\/logo\/image\/\"}}]}<\/script>\n<!-- \/ Yoast SEO plugin. -->","yoast_head_json":{"title":"\u0421\u0432\u0435\u0442\u043e\u0434\u0438\u043e\u0434\u043d\u0430\u044f \u0442\u0435\u0440\u0430\u043f\u0438\u044f \u043c\u044b\u0448\u0446 \u0438 \u0441\u0443\u0441\u0442\u0430\u0432\u043e\u0432 (\u0421\u0428\u0410) TENDLITE - ShopsUSA","robots":{"index":"index","follow":"follow","max-snippet":"max-snippet:-1","max-image-preview":"max-image-preview:large","max-video-preview":"max-video-preview:-1"},"canonical":"https:\/\/shops-usa.com\/lv\/products\/svetodiodnaya-terapiya-myshcz-i-sustavov-ssha-tendlite\/?wmc-currency=EUR","og_locale":"lv_LV","og_type":"article","og_title":"\u0421\u0432\u0435\u0442\u043e\u0434\u0438\u043e\u0434\u043d\u0430\u044f \u0442\u0435\u0440\u0430\u043f\u0438\u044f \u043c\u044b\u0448\u0446 \u0438 \u0441\u0443\u0441\u0442\u0430\u0432\u043e\u0432 (\u0421\u0428\u0410) TENDLITE - ShopsUSA","og_description":"\u0421\u0432\u0435\u0442\u043e\u0434\u0438\u043e\u0434\u043d\u0430\u044f \u0442\u0435\u0440\u0430\u043f\u0438\u044f \u043c\u044b\u0448\u0446 \u0438 \u0441\u0443\u0441\u0442\u0430\u0432\u043e\u0432. \u041f\u0440\u043e\u0442\u0438\u0432\u043e\u0432\u043e\u0441\u043f\u0430\u043b\u0438\u0442\u0435\u043b\u044c\u043d\u0430\u044f \u0438 \u043e\u0431\u0435\u0437\u0431\u043e\u043b\u0438\u0432\u0430\u044e\u0449\u0430\u044f \u0442\u0435\u0440\u0430\u043f\u0438\u044f \u043f\u0440\u0438 \u0431\u043e\u043b\u0438 \u0432 \u043f\u043b\u0435\u0447\u0430\u0445, \u043a\u043e\u043b\u0435\u043d\u044f\u0445, \u043a\u0438\u0441\u0442\u044f\u0445, \u0441\u043f\u0438\u043d\u0435, \u0430\u0440\u0442\u0440\u0438\u0442\u0435, \u0431\u0443\u0440\u0441\u0438\u0442\u0435, \u0442\u0435\u043d\u0434\u0438\u043d\u0438\u0442\u0435 \u0438 \u0440\u0430\u0434\u0438\u043a\u0443\u043b\u0438\u0442\u0435.","og_url":"https:\/\/shops-usa.com\/lv\/products\/svetodiodnaya-terapiya-myshcz-i-sustavov-ssha-tendlite\/?wmc-currency=EUR","og_site_name":"ShopsUSA","article_modified_time":"2024-12-18T14:35:04+00:00","og_image":[{"width":1500,"height":1177,"url":"https:\/\/shops-usa.com\/wp-content\/uploads\/2024\/12\/1-2-1.jpg","type":"image\/jpeg"}],"twitter_card":"summary_large_image","schema":{"@context":"https:\/\/schema.org","@graph":[{"@type":"WebPage","@id":"https:\/\/shops-usa.com\/product\/svetodiodnaya-terapiya-myshcz-i-sustavov-ssha-tendlite\/","url":"https:\/\/shops-usa.com\/product\/svetodiodnaya-terapiya-myshcz-i-sustavov-ssha-tendlite\/","name":"\u0421\u0432\u0435\u0442\u043e\u0434\u0438\u043e\u0434\u043d\u0430\u044f \u0442\u0435\u0440\u0430\u043f\u0438\u044f \u043c\u044b\u0448\u0446 \u0438 \u0441\u0443\u0441\u0442\u0430\u0432\u043e\u0432 (\u0421\u0428\u0410) TENDLITE - ShopsUSA","isPartOf":{"@id":"https:\/\/shops-usa.com\/#website"},"primaryImageOfPage":{"@id":"https:\/\/shops-usa.com\/product\/svetodiodnaya-terapiya-myshcz-i-sustavov-ssha-tendlite\/#primaryimage"},"image":{"@id":"https:\/\/shops-usa.com\/product\/svetodiodnaya-terapiya-myshcz-i-sustavov-ssha-tendlite\/#primaryimage"},"thumbnailUrl":"https:\/\/shops-usa.com\/wp-content\/uploads\/2024\/12\/1-2-1.jpg","datePublished":"2024-12-18T14:34:16+00:00","dateModified":"2024-12-18T14:35:04+00:00","breadcrumb":{"@id":"https:\/\/shops-usa.com\/product\/svetodiodnaya-terapiya-myshcz-i-sustavov-ssha-tendlite\/#breadcrumb"},"inLanguage":"lv-LV","potentialAction":[{"@type":"ReadAction","target":["https:\/\/shops-usa.com\/product\/svetodiodnaya-terapiya-myshcz-i-sustavov-ssha-tendlite\/"]}]},{"@type":"ImageObject","inLanguage":"lv-LV","@id":"https:\/\/shops-usa.com\/product\/svetodiodnaya-terapiya-myshcz-i-sustavov-ssha-tendlite\/#primaryimage","url":"https:\/\/shops-usa.com\/wp-content\/uploads\/2024\/12\/1-2-1.jpg","contentUrl":"https:\/\/shops-usa.com\/wp-content\/uploads\/2024\/12\/1-2-1.jpg","width":1500,"height":1177},{"@type":"BreadcrumbList","@id":"https:\/\/shops-usa.com\/product\/svetodiodnaya-terapiya-myshcz-i-sustavov-ssha-tendlite\/#breadcrumb","itemListElement":[{"@type":"ListItem","position":1,"name":"Home","item":"https:\/\/shops-usa.com\/"},{"@type":"ListItem","position":2,"name":"\u041a\u0430\u0442\u0430\u043b\u043e\u0433","item":"https:\/\/shops-usa.com\/catalogue\/"},{"@type":"ListItem","position":3,"name":"\u0421\u0432\u0435\u0442\u043e\u0434\u0438\u043e\u0434\u043d\u0430\u044f \u0442\u0435\u0440\u0430\u043f\u0438\u044f \u043c\u044b\u0448\u0446 \u0438 \u0441\u0443\u0441\u0442\u0430\u0432\u043e\u0432 (\u0421\u0428\u0410) TENDLITE"}]},{"@type":"WebSite","@id":"https:\/\/shops-usa.com\/#website","url":"https:\/\/shops-usa.com\/","name":"ShopsUSA","description":"Quality products from USA","publisher":{"@id":"https:\/\/shops-usa.com\/#organization"},"potentialAction":[{"@type":"SearchAction","target":{"@type":"EntryPoint","urlTemplate":"https:\/\/shops-usa.com\/?s={search_term_string}"},"query-input":{"@type":"PropertyValueSpecification","valueRequired":true,"valueName":"search_term_string"}}],"inLanguage":"lv-LV"},{"@type":"Organization","@id":"https:\/\/shops-usa.com\/#organization","name":"SHOPS USA","alternateName":"SHOPS","url":"https:\/\/shops-usa.com\/","logo":{"@type":"ImageObject","inLanguage":"lv-LV","@id":"https:\/\/shops-usa.com\/#\/schema\/logo\/image\/","url":"https:\/\/shops-usa.com\/wp-content\/uploads\/2025\/12\/letter_final_white-1.png","contentUrl":"https:\/\/shops-usa.com\/wp-content\/uploads\/2025\/12\/letter_final_white-1.png","width":1711,"height":1949,"caption":"SHOPS USA"},"image":{"@id":"https:\/\/shops-usa.com\/#\/schema\/logo\/image\/"}}]}},"_links":{"self":[{"href":"https:\/\/shops-usa.com\/lv\/wp-json\/wp\/v2\/product\/47","targetHints":{"allow":["GET"]}}],"collection":[{"href":"https:\/\/shops-usa.com\/lv\/wp-json\/wp\/v2\/product"}],"about":[{"href":"https:\/\/shops-usa.com\/lv\/wp-json\/wp\/v2\/types\/product"}],"replies":[{"embeddable":true,"href":"https:\/\/shops-usa.com\/lv\/wp-json\/wp\/v2\/comments?post=47"}],"wp:featuredmedia":[{"embeddable":true,"href":"https:\/\/shops-usa.com\/lv\/wp-json\/wp\/v2\/media\/86"}],"wp:attachment":[{"href":"https:\/\/shops-usa.com\/lv\/wp-json\/wp\/v2\/media?parent=47"}],"wp:term":[{"taxonomy":"product_brand","embeddable":true,"href":"https:\/\/shops-usa.com\/lv\/wp-json\/wp\/v2\/product_brand?post=47"},{"taxonomy":"product_cat","embeddable":true,"href":"https:\/\/shops-usa.com\/lv\/wp-json\/wp\/v2\/product_cat?post=47"},{"taxonomy":"product_tag","embeddable":true,"href":"https:\/\/shops-usa.com\/lv\/wp-json\/wp\/v2\/product_tag?post=47"}],"curies":[{"name":"wp","href":"https:\/\/api.w.org\/{rel}","templated":true}]}}