{"id":64,"date":"2024-12-18T14:34:19","date_gmt":"2024-12-18T14:34:19","guid":{"rendered":"https:\/\/shops-usa.com\/?post_type=product&#038;p=64"},"modified":"2025-12-28T11:34:31","modified_gmt":"2025-12-28T11:34:31","slug":"massazher-gel-nuface-krem-i-applikator-dlya-mikrotokovoj-terapii-licza-ssha-nabor-nuface-trinity","status":"publish","type":"product","link":"https:\/\/shops-usa.com\/lt\/produktas\/massazher-gel-nuface-krem-i-applikator-dlya-mikrotokovoj-terapii-licza-ssha-nabor-nuface-trinity\/","title":{"rendered":"\u201eNuFACE Trinity\u201c rinkinys (JAV): ELLE masa\u017euoklio antgalis, LED antgalis, kosmetikos krep\u0161ys, gelis, kremas, serumas ir mikrosrovi\u0173 veido terapijos aplikatorius"},"content":{"rendered":"<p>\u201eNuFACE Trinity \u201c \u0161velniai stimuliuoja didelius veido ir kaklo plotus (mikrosrovi\u0173 terapija), pad\u0117damas pagerinti veido ir kaklo kont\u016br\u0105 bei tonus\u0105 ir suma\u017einti smulki\u0173 rauk\u0161leli\u0173 bei rauk\u0161li\u0173 atsiradim\u0105. Did\u017eiausias \u201eTrinity \u201c privalumas \u2013 paprastas ir intuityvus dizainas, leid\u017eiantis be vargo atlikti 5 minu\u010di\u0173 gro\u017eio proced\u016br\u0105 bet kada ir bet kur. Gaukite profesionali\u0173 odos prie\u017ei\u016bros proced\u016br\u0173 rezultatus su \u201eNuFACE Trinity \u201c paprastumu ir patogumu. Senstant m\u016bs\u0173 k\u016bno nat\u016brali t\u0117km\u0117 pradeda l\u0117t\u0117ti (taip pat ir med\u017eiag\u0173 apykaita), tod\u0117l oda suglebsta ir praranda kont\u016brus. Mikrosrov\u0117 yra raminanti, \u017eemo lygio srov\u0117, kuri imituoja nat\u016brali\u0105 k\u016bno t\u0117km\u0119 ir gali suteikti greit\u0173 ir kaupiam\u0173j\u0173 rezultat\u0173. \u201eNuFACE\u201c veido ir rauk\u0161li\u0173 ma\u017einimo proced\u016bros yra FDA patvirtinti prietaisai, pagaminti laikantis auk\u0161\u010diausi\u0173 kokyb\u0117s standart\u0173 ir sukurti taip, kad pagerint\u0173 j\u016bs\u0173 od\u0105, kad gal\u0117tum\u0117te atrodyti ir jaustis kuo puikiausiai kiekvien\u0105 dien\u0105. Pilnai \u012fkrauto prietaiso pakanka 1\u20132 savait\u0117ms, naudojant kasdien 5\u201320 minu\u010di\u0173. \u201eNuFACE\u201c rinkin\u012f sudaro:<\/p>\n<p class=\"translation-block\">\u201eNuFACE Trinity\u201c veido tonizavimo prietaisas<br>\n\u201eNuFace ELLE\u201c antgalis<br>\n\u201eNuFace\u201c LED antgalis<br>\n\u201eNuFace\u201c gelis \u2013 90 ml<br>\n\u201eNuFace\u201c serumas \u2013 150 ml<br>\n\u201eNuFace\u201c kremas \u2013 150 ml<br>\n\u201eNuFace\u201c aplikatorius<br>\n\u201eNuFace\u201c firminis krep\u0161ys<br>\nNaudojimo instrukcija<br>\n\u012ekrovimo stotel\u0117<br>\n\u012ekroviklis<\/p>","protected":false},"excerpt":{"rendered":"<p>\u201eNuFace Trinity\u201c masa\u017euoklis, gelis, kremas ir mikrosrovi\u0173 veido aplikatorius. Gaukite profesionali\u0173 odos prie\u017ei\u016bros proced\u016br\u0173 rezultatus su \u201eNuFACE Trinity\u201c paprastumu ir patogumu.<\/p>","protected":false},"featured_media":779,"comment_status":"open","ping_status":"closed","template":"","meta":[],"product_brand":[],"product_cat":[29],"product_tag":[],"class_list":{"0":"post-64","1":"product","2":"type-product","3":"status-publish","4":"has-post-thumbnail","6":"product_cat-nuface","8":"first","9":"instock","10":"sale","11":"shipping-taxable","12":"purchasable","13":"product-type-simple"},"yoast_head":"<!-- This site is optimized with the Yoast SEO plugin v26.6 - https:\/\/yoast.com\/wordpress\/plugins\/seo\/ -->\n<title>\u041d\u0430\u0431\u043e\u0440 NuFACE Trinity (\u0421\u0428\u0410) \u041c\u0430\u0441\u0441\u0430\u0436\u0435\u0440 \u043d\u0430\u0441\u0430\u0434\u043a\u0430 ELLE, \u043d\u0430\u0441\u0430\u0434\u043a\u0430 LED, \u043a\u043e\u0441\u043c\u0435\u0442\u0438\u0447\u043a\u0430, \u0433\u0435\u043b\u044c, \u043a\u0440\u0435\u043c, \u0441\u044b\u0432\u043e\u0440\u043e\u0442\u043a\u0430, \u0430\u043f\u043f\u043b\u0438\u043a\u0430\u0442\u043e\u0440 \u0434\u043b\u044f \u043c\u0438\u043a\u0440\u043e\u0442\u043e\u043a\u043e\u0432\u043e\u0439 \u0442\u0435\u0440\u0430\u043f\u0438\u0438 \u043b\u0438\u0446\u0430 - ShopsUSA<\/title>\n<meta name=\"robots\" content=\"index, follow, max-snippet:-1, max-image-preview:large, max-video-preview:-1\" \/>\n<link rel=\"canonical\" href=\"https:\/\/shops-usa.com\/lt\/produktas\/massazher-gel-nuface-krem-i-applikator-dlya-mikrotokovoj-terapii-licza-ssha-nabor-nuface-trinity\/?wmc-currency=EUR\" \/>\n<meta property=\"og:locale\" content=\"lt_LT\" \/>\n<meta property=\"og:type\" content=\"article\" \/>\n<meta property=\"og:title\" content=\"\u041d\u0430\u0431\u043e\u0440 NuFACE Trinity (\u0421\u0428\u0410) \u041c\u0430\u0441\u0441\u0430\u0436\u0435\u0440 \u043d\u0430\u0441\u0430\u0434\u043a\u0430 ELLE, \u043d\u0430\u0441\u0430\u0434\u043a\u0430 LED, \u043a\u043e\u0441\u043c\u0435\u0442\u0438\u0447\u043a\u0430, \u0433\u0435\u043b\u044c, \u043a\u0440\u0435\u043c, \u0441\u044b\u0432\u043e\u0440\u043e\u0442\u043a\u0430, \u0430\u043f\u043f\u043b\u0438\u043a\u0430\u0442\u043e\u0440 \u0434\u043b\u044f \u043c\u0438\u043a\u0440\u043e\u0442\u043e\u043a\u043e\u0432\u043e\u0439 \u0442\u0435\u0440\u0430\u043f\u0438\u0438 \u043b\u0438\u0446\u0430 - ShopsUSA\" \/>\n<meta property=\"og:description\" content=\"\u041c\u0430\u0441\u0441\u0430\u0436\u0435\u0440, \u0433\u0435\u043b\u044c NuFace, \u043a\u0440\u0435\u043c \u0438 \u0430\u043f\u043f\u043b\u0438\u043a\u0430\u0442\u043e\u0440 \u0434\u043b\u044f \u043c\u0438\u043a\u0440\u043e\u0442\u043e\u043a\u043e\u0432\u043e\u0439 \u0442\u0435\u0440\u0430\u043f\u0438\u0438 \u043b\u0438\u0446\u0430. \u041f\u043e\u043b\u0443\u0447\u0438\u0442\u0435 \u0440\u0435\u0437\u0443\u043b\u044c\u0442\u0430\u0442\u044b \u043f\u0440\u043e\u0444\u0435\u0441\u0441\u0438\u043e\u043d\u0430\u043b\u044c\u043d\u044b\u0445 \u043f\u0440\u043e\u0446\u0435\u0434\u0443\u0440 \u043f\u043e \u0443\u0445\u043e\u0434\u0443 \u0437\u0430 \u043a\u043e\u0436\u0435\u0439 \u0441 \u043b\u0435\u0433\u043a\u043e\u0441\u0442\u044c\u044e \u0438 \u0443\u0434\u043e\u0431\u0441\u0442\u0432\u043e\u043c NuFACE Trinity.\" \/>\n<meta property=\"og:url\" content=\"https:\/\/shops-usa.com\/lt\/produktas\/massazher-gel-nuface-krem-i-applikator-dlya-mikrotokovoj-terapii-licza-ssha-nabor-nuface-trinity\/?wmc-currency=EUR\" \/>\n<meta property=\"og:site_name\" content=\"ShopsUSA\" \/>\n<meta property=\"article:modified_time\" content=\"2025-12-28T11:34:31+00:00\" \/>\n<meta property=\"og:image\" content=\"https:\/\/shops-usa.com\/wp-content\/uploads\/2024\/12\/71.jpg\" \/>\n\t<meta property=\"og:image:width\" content=\"1263\" \/>\n\t<meta property=\"og:image:height\" content=\"1141\" \/>\n\t<meta property=\"og:image:type\" content=\"image\/jpeg\" \/>\n<meta name=\"twitter:card\" content=\"summary_large_image\" \/>\n<script type=\"application\/ld+json\" class=\"yoast-schema-graph\">{\"@context\":\"https:\/\/schema.org\",\"@graph\":[{\"@type\":\"WebPage\",\"@id\":\"https:\/\/shops-usa.com\/product\/massazher-gel-nuface-krem-i-applikator-dlya-mikrotokovoj-terapii-licza-ssha-nabor-nuface-trinity\/\",\"url\":\"https:\/\/shops-usa.com\/product\/massazher-gel-nuface-krem-i-applikator-dlya-mikrotokovoj-terapii-licza-ssha-nabor-nuface-trinity\/\",\"name\":\"\u041d\u0430\u0431\u043e\u0440 NuFACE Trinity (\u0421\u0428\u0410) \u041c\u0430\u0441\u0441\u0430\u0436\u0435\u0440 \u043d\u0430\u0441\u0430\u0434\u043a\u0430 ELLE, \u043d\u0430\u0441\u0430\u0434\u043a\u0430 LED, \u043a\u043e\u0441\u043c\u0435\u0442\u0438\u0447\u043a\u0430, \u0433\u0435\u043b\u044c, \u043a\u0440\u0435\u043c, \u0441\u044b\u0432\u043e\u0440\u043e\u0442\u043a\u0430, \u0430\u043f\u043f\u043b\u0438\u043a\u0430\u0442\u043e\u0440 \u0434\u043b\u044f \u043c\u0438\u043a\u0440\u043e\u0442\u043e\u043a\u043e\u0432\u043e\u0439 \u0442\u0435\u0440\u0430\u043f\u0438\u0438 \u043b\u0438\u0446\u0430 - ShopsUSA\",\"isPartOf\":{\"@id\":\"https:\/\/shops-usa.com\/#website\"},\"primaryImageOfPage\":{\"@id\":\"https:\/\/shops-usa.com\/product\/massazher-gel-nuface-krem-i-applikator-dlya-mikrotokovoj-terapii-licza-ssha-nabor-nuface-trinity\/#primaryimage\"},\"image\":{\"@id\":\"https:\/\/shops-usa.com\/product\/massazher-gel-nuface-krem-i-applikator-dlya-mikrotokovoj-terapii-licza-ssha-nabor-nuface-trinity\/#primaryimage\"},\"thumbnailUrl\":\"https:\/\/shops-usa.com\/wp-content\/uploads\/2024\/12\/71.jpg\",\"datePublished\":\"2024-12-18T14:34:19+00:00\",\"dateModified\":\"2025-12-28T11:34:31+00:00\",\"breadcrumb\":{\"@id\":\"https:\/\/shops-usa.com\/product\/massazher-gel-nuface-krem-i-applikator-dlya-mikrotokovoj-terapii-licza-ssha-nabor-nuface-trinity\/#breadcrumb\"},\"inLanguage\":\"lt-LT\",\"potentialAction\":[{\"@type\":\"ReadAction\",\"target\":[\"https:\/\/shops-usa.com\/product\/massazher-gel-nuface-krem-i-applikator-dlya-mikrotokovoj-terapii-licza-ssha-nabor-nuface-trinity\/\"]}]},{\"@type\":\"ImageObject\",\"inLanguage\":\"lt-LT\",\"@id\":\"https:\/\/shops-usa.com\/product\/massazher-gel-nuface-krem-i-applikator-dlya-mikrotokovoj-terapii-licza-ssha-nabor-nuface-trinity\/#primaryimage\",\"url\":\"https:\/\/shops-usa.com\/wp-content\/uploads\/2024\/12\/71.jpg\",\"contentUrl\":\"https:\/\/shops-usa.com\/wp-content\/uploads\/2024\/12\/71.jpg\",\"width\":1263,\"height\":1141},{\"@type\":\"BreadcrumbList\",\"@id\":\"https:\/\/shops-usa.com\/product\/massazher-gel-nuface-krem-i-applikator-dlya-mikrotokovoj-terapii-licza-ssha-nabor-nuface-trinity\/#breadcrumb\",\"itemListElement\":[{\"@type\":\"ListItem\",\"position\":1,\"name\":\"Home\",\"item\":\"https:\/\/shops-usa.com\/\"},{\"@type\":\"ListItem\",\"position\":2,\"name\":\"\u041a\u0430\u0442\u0430\u043b\u043e\u0433\",\"item\":\"https:\/\/shops-usa.com\/catalogue\/\"},{\"@type\":\"ListItem\",\"position\":3,\"name\":\"\u041d\u0430\u0431\u043e\u0440 NuFACE Trinity (\u0421\u0428\u0410) \u041c\u0430\u0441\u0441\u0430\u0436\u0435\u0440 \u043d\u0430\u0441\u0430\u0434\u043a\u0430 ELLE, \u043d\u0430\u0441\u0430\u0434\u043a\u0430 LED, \u043a\u043e\u0441\u043c\u0435\u0442\u0438\u0447\u043a\u0430, \u0433\u0435\u043b\u044c, \u043a\u0440\u0435\u043c, \u0441\u044b\u0432\u043e\u0440\u043e\u0442\u043a\u0430, \u0430\u043f\u043f\u043b\u0438\u043a\u0430\u0442\u043e\u0440 \u0434\u043b\u044f \u043c\u0438\u043a\u0440\u043e\u0442\u043e\u043a\u043e\u0432\u043e\u0439 \u0442\u0435\u0440\u0430\u043f\u0438\u0438 \u043b\u0438\u0446\u0430\"}]},{\"@type\":\"WebSite\",\"@id\":\"https:\/\/shops-usa.com\/#website\",\"url\":\"https:\/\/shops-usa.com\/\",\"name\":\"ShopsUSA\",\"description\":\"Quality products from USA\",\"publisher\":{\"@id\":\"https:\/\/shops-usa.com\/#organization\"},\"potentialAction\":[{\"@type\":\"SearchAction\",\"target\":{\"@type\":\"EntryPoint\",\"urlTemplate\":\"https:\/\/shops-usa.com\/?s={search_term_string}\"},\"query-input\":{\"@type\":\"PropertyValueSpecification\",\"valueRequired\":true,\"valueName\":\"search_term_string\"}}],\"inLanguage\":\"lt-LT\"},{\"@type\":\"Organization\",\"@id\":\"https:\/\/shops-usa.com\/#organization\",\"name\":\"SHOPS USA\",\"alternateName\":\"SHOPS\",\"url\":\"https:\/\/shops-usa.com\/\",\"logo\":{\"@type\":\"ImageObject\",\"inLanguage\":\"lt-LT\",\"@id\":\"https:\/\/shops-usa.com\/#\/schema\/logo\/image\/\",\"url\":\"https:\/\/shops-usa.com\/wp-content\/uploads\/2025\/12\/letter_final_white-1.png\",\"contentUrl\":\"https:\/\/shops-usa.com\/wp-content\/uploads\/2025\/12\/letter_final_white-1.png\",\"width\":1711,\"height\":1949,\"caption\":\"SHOPS USA\"},\"image\":{\"@id\":\"https:\/\/shops-usa.com\/#\/schema\/logo\/image\/\"}}]}<\/script>\n<!-- \/ Yoast SEO plugin. -->","yoast_head_json":{"title":"\u041d\u0430\u0431\u043e\u0440 NuFACE Trinity (\u0421\u0428\u0410) \u041c\u0430\u0441\u0441\u0430\u0436\u0435\u0440 \u043d\u0430\u0441\u0430\u0434\u043a\u0430 ELLE, \u043d\u0430\u0441\u0430\u0434\u043a\u0430 LED, \u043a\u043e\u0441\u043c\u0435\u0442\u0438\u0447\u043a\u0430, \u0433\u0435\u043b\u044c, \u043a\u0440\u0435\u043c, \u0441\u044b\u0432\u043e\u0440\u043e\u0442\u043a\u0430, \u0430\u043f\u043f\u043b\u0438\u043a\u0430\u0442\u043e\u0440 \u0434\u043b\u044f \u043c\u0438\u043a\u0440\u043e\u0442\u043e\u043a\u043e\u0432\u043e\u0439 \u0442\u0435\u0440\u0430\u043f\u0438\u0438 \u043b\u0438\u0446\u0430 - ShopsUSA","robots":{"index":"index","follow":"follow","max-snippet":"max-snippet:-1","max-image-preview":"max-image-preview:large","max-video-preview":"max-video-preview:-1"},"canonical":"https:\/\/shops-usa.com\/lt\/produktas\/massazher-gel-nuface-krem-i-applikator-dlya-mikrotokovoj-terapii-licza-ssha-nabor-nuface-trinity\/?wmc-currency=EUR","og_locale":"lt_LT","og_type":"article","og_title":"\u041d\u0430\u0431\u043e\u0440 NuFACE Trinity (\u0421\u0428\u0410) \u041c\u0430\u0441\u0441\u0430\u0436\u0435\u0440 \u043d\u0430\u0441\u0430\u0434\u043a\u0430 ELLE, \u043d\u0430\u0441\u0430\u0434\u043a\u0430 LED, \u043a\u043e\u0441\u043c\u0435\u0442\u0438\u0447\u043a\u0430, \u0433\u0435\u043b\u044c, \u043a\u0440\u0435\u043c, \u0441\u044b\u0432\u043e\u0440\u043e\u0442\u043a\u0430, \u0430\u043f\u043f\u043b\u0438\u043a\u0430\u0442\u043e\u0440 \u0434\u043b\u044f \u043c\u0438\u043a\u0440\u043e\u0442\u043e\u043a\u043e\u0432\u043e\u0439 \u0442\u0435\u0440\u0430\u043f\u0438\u0438 \u043b\u0438\u0446\u0430 - ShopsUSA","og_description":"\u041c\u0430\u0441\u0441\u0430\u0436\u0435\u0440, \u0433\u0435\u043b\u044c NuFace, \u043a\u0440\u0435\u043c \u0438 \u0430\u043f\u043f\u043b\u0438\u043a\u0430\u0442\u043e\u0440 \u0434\u043b\u044f \u043c\u0438\u043a\u0440\u043e\u0442\u043e\u043a\u043e\u0432\u043e\u0439 \u0442\u0435\u0440\u0430\u043f\u0438\u0438 \u043b\u0438\u0446\u0430. \u041f\u043e\u043b\u0443\u0447\u0438\u0442\u0435 \u0440\u0435\u0437\u0443\u043b\u044c\u0442\u0430\u0442\u044b \u043f\u0440\u043e\u0444\u0435\u0441\u0441\u0438\u043e\u043d\u0430\u043b\u044c\u043d\u044b\u0445 \u043f\u0440\u043e\u0446\u0435\u0434\u0443\u0440 \u043f\u043e \u0443\u0445\u043e\u0434\u0443 \u0437\u0430 \u043a\u043e\u0436\u0435\u0439 \u0441 \u043b\u0435\u0433\u043a\u043e\u0441\u0442\u044c\u044e \u0438 \u0443\u0434\u043e\u0431\u0441\u0442\u0432\u043e\u043c NuFACE Trinity.","og_url":"https:\/\/shops-usa.com\/lt\/produktas\/massazher-gel-nuface-krem-i-applikator-dlya-mikrotokovoj-terapii-licza-ssha-nabor-nuface-trinity\/?wmc-currency=EUR","og_site_name":"ShopsUSA","article_modified_time":"2025-12-28T11:34:31+00:00","og_image":[{"width":1263,"height":1141,"url":"https:\/\/shops-usa.com\/wp-content\/uploads\/2024\/12\/71.jpg","type":"image\/jpeg"}],"twitter_card":"summary_large_image","schema":{"@context":"https:\/\/schema.org","@graph":[{"@type":"WebPage","@id":"https:\/\/shops-usa.com\/product\/massazher-gel-nuface-krem-i-applikator-dlya-mikrotokovoj-terapii-licza-ssha-nabor-nuface-trinity\/","url":"https:\/\/shops-usa.com\/product\/massazher-gel-nuface-krem-i-applikator-dlya-mikrotokovoj-terapii-licza-ssha-nabor-nuface-trinity\/","name":"\u041d\u0430\u0431\u043e\u0440 NuFACE Trinity (\u0421\u0428\u0410) \u041c\u0430\u0441\u0441\u0430\u0436\u0435\u0440 \u043d\u0430\u0441\u0430\u0434\u043a\u0430 ELLE, \u043d\u0430\u0441\u0430\u0434\u043a\u0430 LED, \u043a\u043e\u0441\u043c\u0435\u0442\u0438\u0447\u043a\u0430, \u0433\u0435\u043b\u044c, \u043a\u0440\u0435\u043c, \u0441\u044b\u0432\u043e\u0440\u043e\u0442\u043a\u0430, \u0430\u043f\u043f\u043b\u0438\u043a\u0430\u0442\u043e\u0440 \u0434\u043b\u044f \u043c\u0438\u043a\u0440\u043e\u0442\u043e\u043a\u043e\u0432\u043e\u0439 \u0442\u0435\u0440\u0430\u043f\u0438\u0438 \u043b\u0438\u0446\u0430 - ShopsUSA","isPartOf":{"@id":"https:\/\/shops-usa.com\/#website"},"primaryImageOfPage":{"@id":"https:\/\/shops-usa.com\/product\/massazher-gel-nuface-krem-i-applikator-dlya-mikrotokovoj-terapii-licza-ssha-nabor-nuface-trinity\/#primaryimage"},"image":{"@id":"https:\/\/shops-usa.com\/product\/massazher-gel-nuface-krem-i-applikator-dlya-mikrotokovoj-terapii-licza-ssha-nabor-nuface-trinity\/#primaryimage"},"thumbnailUrl":"https:\/\/shops-usa.com\/wp-content\/uploads\/2024\/12\/71.jpg","datePublished":"2024-12-18T14:34:19+00:00","dateModified":"2025-12-28T11:34:31+00:00","breadcrumb":{"@id":"https:\/\/shops-usa.com\/product\/massazher-gel-nuface-krem-i-applikator-dlya-mikrotokovoj-terapii-licza-ssha-nabor-nuface-trinity\/#breadcrumb"},"inLanguage":"lt-LT","potentialAction":[{"@type":"ReadAction","target":["https:\/\/shops-usa.com\/product\/massazher-gel-nuface-krem-i-applikator-dlya-mikrotokovoj-terapii-licza-ssha-nabor-nuface-trinity\/"]}]},{"@type":"ImageObject","inLanguage":"lt-LT","@id":"https:\/\/shops-usa.com\/product\/massazher-gel-nuface-krem-i-applikator-dlya-mikrotokovoj-terapii-licza-ssha-nabor-nuface-trinity\/#primaryimage","url":"https:\/\/shops-usa.com\/wp-content\/uploads\/2024\/12\/71.jpg","contentUrl":"https:\/\/shops-usa.com\/wp-content\/uploads\/2024\/12\/71.jpg","width":1263,"height":1141},{"@type":"BreadcrumbList","@id":"https:\/\/shops-usa.com\/product\/massazher-gel-nuface-krem-i-applikator-dlya-mikrotokovoj-terapii-licza-ssha-nabor-nuface-trinity\/#breadcrumb","itemListElement":[{"@type":"ListItem","position":1,"name":"Home","item":"https:\/\/shops-usa.com\/"},{"@type":"ListItem","position":2,"name":"\u041a\u0430\u0442\u0430\u043b\u043e\u0433","item":"https:\/\/shops-usa.com\/catalogue\/"},{"@type":"ListItem","position":3,"name":"\u041d\u0430\u0431\u043e\u0440 NuFACE Trinity (\u0421\u0428\u0410) \u041c\u0430\u0441\u0441\u0430\u0436\u0435\u0440 \u043d\u0430\u0441\u0430\u0434\u043a\u0430 ELLE, \u043d\u0430\u0441\u0430\u0434\u043a\u0430 LED, \u043a\u043e\u0441\u043c\u0435\u0442\u0438\u0447\u043a\u0430, \u0433\u0435\u043b\u044c, \u043a\u0440\u0435\u043c, \u0441\u044b\u0432\u043e\u0440\u043e\u0442\u043a\u0430, \u0430\u043f\u043f\u043b\u0438\u043a\u0430\u0442\u043e\u0440 \u0434\u043b\u044f \u043c\u0438\u043a\u0440\u043e\u0442\u043e\u043a\u043e\u0432\u043e\u0439 \u0442\u0435\u0440\u0430\u043f\u0438\u0438 \u043b\u0438\u0446\u0430"}]},{"@type":"WebSite","@id":"https:\/\/shops-usa.com\/#website","url":"https:\/\/shops-usa.com\/","name":"ShopsUSA","description":"Quality products from USA","publisher":{"@id":"https:\/\/shops-usa.com\/#organization"},"potentialAction":[{"@type":"SearchAction","target":{"@type":"EntryPoint","urlTemplate":"https:\/\/shops-usa.com\/?s={search_term_string}"},"query-input":{"@type":"PropertyValueSpecification","valueRequired":true,"valueName":"search_term_string"}}],"inLanguage":"lt-LT"},{"@type":"Organization","@id":"https:\/\/shops-usa.com\/#organization","name":"SHOPS USA","alternateName":"SHOPS","url":"https:\/\/shops-usa.com\/","logo":{"@type":"ImageObject","inLanguage":"lt-LT","@id":"https:\/\/shops-usa.com\/#\/schema\/logo\/image\/","url":"https:\/\/shops-usa.com\/wp-content\/uploads\/2025\/12\/letter_final_white-1.png","contentUrl":"https:\/\/shops-usa.com\/wp-content\/uploads\/2025\/12\/letter_final_white-1.png","width":1711,"height":1949,"caption":"SHOPS USA"},"image":{"@id":"https:\/\/shops-usa.com\/#\/schema\/logo\/image\/"}}]}},"_links":{"self":[{"href":"https:\/\/shops-usa.com\/lt\/wp-json\/wp\/v2\/product\/64","targetHints":{"allow":["GET"]}}],"collection":[{"href":"https:\/\/shops-usa.com\/lt\/wp-json\/wp\/v2\/product"}],"about":[{"href":"https:\/\/shops-usa.com\/lt\/wp-json\/wp\/v2\/types\/product"}],"replies":[{"embeddable":true,"href":"https:\/\/shops-usa.com\/lt\/wp-json\/wp\/v2\/comments?post=64"}],"wp:featuredmedia":[{"embeddable":true,"href":"https:\/\/shops-usa.com\/lt\/wp-json\/wp\/v2\/media\/779"}],"wp:attachment":[{"href":"https:\/\/shops-usa.com\/lt\/wp-json\/wp\/v2\/media?parent=64"}],"wp:term":[{"taxonomy":"product_brand","embeddable":true,"href":"https:\/\/shops-usa.com\/lt\/wp-json\/wp\/v2\/product_brand?post=64"},{"taxonomy":"product_cat","embeddable":true,"href":"https:\/\/shops-usa.com\/lt\/wp-json\/wp\/v2\/product_cat?post=64"},{"taxonomy":"product_tag","embeddable":true,"href":"https:\/\/shops-usa.com\/lt\/wp-json\/wp\/v2\/product_tag?post=64"}],"curies":[{"name":"wp","href":"https:\/\/api.w.org\/{rel}","templated":true}]}}