{"id":59,"date":"2024-12-18T14:34:18","date_gmt":"2024-12-18T14:34:18","guid":{"rendered":"https:\/\/shops-usa.com\/?post_type=product&#038;p=59"},"modified":"2025-10-12T21:58:01","modified_gmt":"2025-10-12T21:58:01","slug":"sredstvo-dlya-rosta-volos-ssha-hairmax-nabor-acceler8","status":"publish","type":"product","link":"https:\/\/shops-usa.com\/lt\/produktas\/sredstvo-dlya-rosta-volos-ssha-hairmax-nabor-acceler8\/","title":{"rendered":"\u201eHairMax\u201c (JAV) plauk\u0173 augimo rinkinys"},"content":{"rendered":"<p>\u201eHairMax\u201c plauk\u0173 augimo greitintuvas akimirksniu pastorina plaukus ir suteikia jiems pak\u0117limo. Sud\u0117tyje yra trigub\u0173 DHT blokatori\u0173, kurie kovoja su ret\u0117jan\u010diais plaukais ir padeda pagerinti kraujotak\u0105, tiekia maistines med\u017eiagas ir deguon\u012f plauk\u0173 folikulams, kad sustabdyt\u0173 plauk\u0173 slinkim\u0105. \u0160viesa aktyvuojami ingredientai papildo lazerinio \u0161ukavimo proced\u016br\u0105. \u017demas pH u\u017etikrina \u0161veln\u0173 \u0161veitim\u0105 ir galvos odos apsauginio barjero stiprinim\u0105. \u201eACCELER8\u201c greitintuvas: Padeda suma\u017einti plauk\u0173 slinkim\u0105. Padeda pagerinti plauk\u0173 i\u0161vaizd\u0105. Padeda kovoti su ret\u0117jan\u010diais plaukais d\u0117l trigubo veikimo DHT blokatori\u0173. \u0160amp\u016bnas: Valo ir ma\u017eina susikaupusias daleles. \u0160velniai valo, nepa\u0161alindamas eterini\u0173 aliej\u0173. Stiprina plauk\u0173 odeles. Kovoja su oksidaciniu stresu ir l\u0117tina sen\u0117jim\u0105. Kondicionierius: Suteikia plaukams matom\u0105 form\u0105 ir apimt\u012f. Palaiko plauk\u0173 stiprum\u0105 ir apsaugo nuo l\u016b\u017ein\u0117jimo. Pagerina paklusnum\u0105, i\u0161\u0161ukavim\u0105 ir i\u0161\u0161ukavim\u0105.<\/p>","protected":false},"excerpt":{"rendered":"<p>\u201eHairmax\u201c plauk\u0173 augimo kosmetikos rinkinys. \u201eHairMax\u201c plauk\u0173 augimo greitintuvas akimirksniu pastorina plaukus ir suteikia jiems pak\u0117limo.<\/p>","protected":false},"featured_media":130,"comment_status":"open","ping_status":"closed","template":"","meta":[],"product_brand":[],"product_cat":[28],"product_tag":[],"class_list":{"0":"post-59","1":"product","2":"type-product","3":"status-publish","4":"has-post-thumbnail","6":"product_cat-hairmax","8":"first","9":"instock","10":"sale","11":"shipping-taxable","12":"purchasable","13":"product-type-simple"},"yoast_head":"<!-- This site is optimized with the Yoast SEO plugin v26.6 - https:\/\/yoast.com\/wordpress\/plugins\/seo\/ -->\n<title>\u041d\u0430\u0431\u043e\u0440 HairMax (\u0421\u0428\u0410) \u0421\u0440\u0435\u0434\u0441\u0442\u0432\u043e \u0434\u043b\u044f \u0440\u043e\u0441\u0442\u0430 \u0432\u043e\u043b\u043e\u0441 - ShopsUSA<\/title>\n<meta name=\"robots\" content=\"index, follow, max-snippet:-1, max-image-preview:large, max-video-preview:-1\" \/>\n<link rel=\"canonical\" href=\"https:\/\/shops-usa.com\/lt\/produktas\/sredstvo-dlya-rosta-volos-ssha-hairmax-nabor-acceler8\/?wmc-currency=EUR\" \/>\n<meta property=\"og:locale\" content=\"lt_LT\" \/>\n<meta property=\"og:type\" content=\"article\" \/>\n<meta property=\"og:title\" content=\"\u041d\u0430\u0431\u043e\u0440 HairMax (\u0421\u0428\u0410) \u0421\u0440\u0435\u0434\u0441\u0442\u0432\u043e \u0434\u043b\u044f \u0440\u043e\u0441\u0442\u0430 \u0432\u043e\u043b\u043e\u0441 - ShopsUSA\" \/>\n<meta property=\"og:description\" content=\"\u0421\u0440\u0435\u0434\u0441\u0442\u0432\u043e \u0434\u043b\u044f \u0440\u043e\u0441\u0442\u0430 \u0432\u043e\u043b\u043e\u0441 Hairmax. \u0410\u043a\u0441\u0435\u043b\u0435\u0440\u0430\u0442\u043e\u0440 \u0440\u043e\u0441\u0442\u0430 \u0432\u043e\u043b\u043e\u0441 HairMax \u043c\u0433\u043d\u043e\u0432\u0435\u043d\u043d\u043e \u0443\u0442\u043e\u043b\u0449\u0430\u0435\u0442 \u0432\u043e\u043b\u043e\u0441\u044b, \u043e\u0431\u0435\u0441\u043f\u0435\u0447\u0438\u0432\u0430\u044f \u043f\u043e\u0434\u044a\u0435\u043c.\" \/>\n<meta property=\"og:url\" content=\"https:\/\/shops-usa.com\/lt\/produktas\/sredstvo-dlya-rosta-volos-ssha-hairmax-nabor-acceler8\/?wmc-currency=EUR\" \/>\n<meta property=\"og:site_name\" content=\"ShopsUSA\" \/>\n<meta property=\"article:modified_time\" content=\"2025-10-12T21:58:01+00:00\" \/>\n<meta property=\"og:image\" content=\"https:\/\/shops-usa.com\/wp-content\/uploads\/2024\/12\/31-2.jpg\" \/>\n\t<meta property=\"og:image:width\" content=\"778\" \/>\n\t<meta property=\"og:image:height\" content=\"713\" \/>\n\t<meta property=\"og:image:type\" content=\"image\/jpeg\" \/>\n<meta name=\"twitter:card\" content=\"summary_large_image\" \/>\n<script type=\"application\/ld+json\" class=\"yoast-schema-graph\">{\"@context\":\"https:\/\/schema.org\",\"@graph\":[{\"@type\":\"WebPage\",\"@id\":\"https:\/\/shops-usa.com\/product\/sredstvo-dlya-rosta-volos-ssha-hairmax-nabor-acceler8\/\",\"url\":\"https:\/\/shops-usa.com\/product\/sredstvo-dlya-rosta-volos-ssha-hairmax-nabor-acceler8\/\",\"name\":\"\u041d\u0430\u0431\u043e\u0440 HairMax (\u0421\u0428\u0410) \u0421\u0440\u0435\u0434\u0441\u0442\u0432\u043e \u0434\u043b\u044f \u0440\u043e\u0441\u0442\u0430 \u0432\u043e\u043b\u043e\u0441 - ShopsUSA\",\"isPartOf\":{\"@id\":\"https:\/\/shops-usa.com\/#website\"},\"primaryImageOfPage\":{\"@id\":\"https:\/\/shops-usa.com\/product\/sredstvo-dlya-rosta-volos-ssha-hairmax-nabor-acceler8\/#primaryimage\"},\"image\":{\"@id\":\"https:\/\/shops-usa.com\/product\/sredstvo-dlya-rosta-volos-ssha-hairmax-nabor-acceler8\/#primaryimage\"},\"thumbnailUrl\":\"https:\/\/shops-usa.com\/wp-content\/uploads\/2024\/12\/31-2.jpg\",\"datePublished\":\"2024-12-18T14:34:18+00:00\",\"dateModified\":\"2025-10-12T21:58:01+00:00\",\"breadcrumb\":{\"@id\":\"https:\/\/shops-usa.com\/product\/sredstvo-dlya-rosta-volos-ssha-hairmax-nabor-acceler8\/#breadcrumb\"},\"inLanguage\":\"lt-LT\",\"potentialAction\":[{\"@type\":\"ReadAction\",\"target\":[\"https:\/\/shops-usa.com\/product\/sredstvo-dlya-rosta-volos-ssha-hairmax-nabor-acceler8\/\"]}]},{\"@type\":\"ImageObject\",\"inLanguage\":\"lt-LT\",\"@id\":\"https:\/\/shops-usa.com\/product\/sredstvo-dlya-rosta-volos-ssha-hairmax-nabor-acceler8\/#primaryimage\",\"url\":\"https:\/\/shops-usa.com\/wp-content\/uploads\/2024\/12\/31-2.jpg\",\"contentUrl\":\"https:\/\/shops-usa.com\/wp-content\/uploads\/2024\/12\/31-2.jpg\",\"width\":778,\"height\":713},{\"@type\":\"BreadcrumbList\",\"@id\":\"https:\/\/shops-usa.com\/product\/sredstvo-dlya-rosta-volos-ssha-hairmax-nabor-acceler8\/#breadcrumb\",\"itemListElement\":[{\"@type\":\"ListItem\",\"position\":1,\"name\":\"Home\",\"item\":\"https:\/\/shops-usa.com\/\"},{\"@type\":\"ListItem\",\"position\":2,\"name\":\"\u041a\u0430\u0442\u0430\u043b\u043e\u0433\",\"item\":\"https:\/\/shops-usa.com\/catalogue\/\"},{\"@type\":\"ListItem\",\"position\":3,\"name\":\"\u041d\u0430\u0431\u043e\u0440 HairMax (\u0421\u0428\u0410) \u0421\u0440\u0435\u0434\u0441\u0442\u0432\u043e \u0434\u043b\u044f \u0440\u043e\u0441\u0442\u0430 \u0432\u043e\u043b\u043e\u0441\"}]},{\"@type\":\"WebSite\",\"@id\":\"https:\/\/shops-usa.com\/#website\",\"url\":\"https:\/\/shops-usa.com\/\",\"name\":\"ShopsUSA\",\"description\":\"Quality products from USA\",\"publisher\":{\"@id\":\"https:\/\/shops-usa.com\/#organization\"},\"potentialAction\":[{\"@type\":\"SearchAction\",\"target\":{\"@type\":\"EntryPoint\",\"urlTemplate\":\"https:\/\/shops-usa.com\/?s={search_term_string}\"},\"query-input\":{\"@type\":\"PropertyValueSpecification\",\"valueRequired\":true,\"valueName\":\"search_term_string\"}}],\"inLanguage\":\"lt-LT\"},{\"@type\":\"Organization\",\"@id\":\"https:\/\/shops-usa.com\/#organization\",\"name\":\"SHOPS USA\",\"alternateName\":\"SHOPS\",\"url\":\"https:\/\/shops-usa.com\/\",\"logo\":{\"@type\":\"ImageObject\",\"inLanguage\":\"lt-LT\",\"@id\":\"https:\/\/shops-usa.com\/#\/schema\/logo\/image\/\",\"url\":\"https:\/\/shops-usa.com\/wp-content\/uploads\/2025\/12\/letter_final_white-1.png\",\"contentUrl\":\"https:\/\/shops-usa.com\/wp-content\/uploads\/2025\/12\/letter_final_white-1.png\",\"width\":1711,\"height\":1949,\"caption\":\"SHOPS USA\"},\"image\":{\"@id\":\"https:\/\/shops-usa.com\/#\/schema\/logo\/image\/\"}}]}<\/script>\n<!-- \/ Yoast SEO plugin. -->","yoast_head_json":{"title":"\u041d\u0430\u0431\u043e\u0440 HairMax (\u0421\u0428\u0410) \u0421\u0440\u0435\u0434\u0441\u0442\u0432\u043e \u0434\u043b\u044f \u0440\u043e\u0441\u0442\u0430 \u0432\u043e\u043b\u043e\u0441 - ShopsUSA","robots":{"index":"index","follow":"follow","max-snippet":"max-snippet:-1","max-image-preview":"max-image-preview:large","max-video-preview":"max-video-preview:-1"},"canonical":"https:\/\/shops-usa.com\/lt\/produktas\/sredstvo-dlya-rosta-volos-ssha-hairmax-nabor-acceler8\/?wmc-currency=EUR","og_locale":"lt_LT","og_type":"article","og_title":"\u041d\u0430\u0431\u043e\u0440 HairMax (\u0421\u0428\u0410) \u0421\u0440\u0435\u0434\u0441\u0442\u0432\u043e \u0434\u043b\u044f \u0440\u043e\u0441\u0442\u0430 \u0432\u043e\u043b\u043e\u0441 - ShopsUSA","og_description":"\u0421\u0440\u0435\u0434\u0441\u0442\u0432\u043e \u0434\u043b\u044f \u0440\u043e\u0441\u0442\u0430 \u0432\u043e\u043b\u043e\u0441 Hairmax. \u0410\u043a\u0441\u0435\u043b\u0435\u0440\u0430\u0442\u043e\u0440 \u0440\u043e\u0441\u0442\u0430 \u0432\u043e\u043b\u043e\u0441 HairMax \u043c\u0433\u043d\u043e\u0432\u0435\u043d\u043d\u043e \u0443\u0442\u043e\u043b\u0449\u0430\u0435\u0442 \u0432\u043e\u043b\u043e\u0441\u044b, \u043e\u0431\u0435\u0441\u043f\u0435\u0447\u0438\u0432\u0430\u044f \u043f\u043e\u0434\u044a\u0435\u043c.","og_url":"https:\/\/shops-usa.com\/lt\/produktas\/sredstvo-dlya-rosta-volos-ssha-hairmax-nabor-acceler8\/?wmc-currency=EUR","og_site_name":"ShopsUSA","article_modified_time":"2025-10-12T21:58:01+00:00","og_image":[{"width":778,"height":713,"url":"https:\/\/shops-usa.com\/wp-content\/uploads\/2024\/12\/31-2.jpg","type":"image\/jpeg"}],"twitter_card":"summary_large_image","schema":{"@context":"https:\/\/schema.org","@graph":[{"@type":"WebPage","@id":"https:\/\/shops-usa.com\/product\/sredstvo-dlya-rosta-volos-ssha-hairmax-nabor-acceler8\/","url":"https:\/\/shops-usa.com\/product\/sredstvo-dlya-rosta-volos-ssha-hairmax-nabor-acceler8\/","name":"\u041d\u0430\u0431\u043e\u0440 HairMax (\u0421\u0428\u0410) \u0421\u0440\u0435\u0434\u0441\u0442\u0432\u043e \u0434\u043b\u044f \u0440\u043e\u0441\u0442\u0430 \u0432\u043e\u043b\u043e\u0441 - ShopsUSA","isPartOf":{"@id":"https:\/\/shops-usa.com\/#website"},"primaryImageOfPage":{"@id":"https:\/\/shops-usa.com\/product\/sredstvo-dlya-rosta-volos-ssha-hairmax-nabor-acceler8\/#primaryimage"},"image":{"@id":"https:\/\/shops-usa.com\/product\/sredstvo-dlya-rosta-volos-ssha-hairmax-nabor-acceler8\/#primaryimage"},"thumbnailUrl":"https:\/\/shops-usa.com\/wp-content\/uploads\/2024\/12\/31-2.jpg","datePublished":"2024-12-18T14:34:18+00:00","dateModified":"2025-10-12T21:58:01+00:00","breadcrumb":{"@id":"https:\/\/shops-usa.com\/product\/sredstvo-dlya-rosta-volos-ssha-hairmax-nabor-acceler8\/#breadcrumb"},"inLanguage":"lt-LT","potentialAction":[{"@type":"ReadAction","target":["https:\/\/shops-usa.com\/product\/sredstvo-dlya-rosta-volos-ssha-hairmax-nabor-acceler8\/"]}]},{"@type":"ImageObject","inLanguage":"lt-LT","@id":"https:\/\/shops-usa.com\/product\/sredstvo-dlya-rosta-volos-ssha-hairmax-nabor-acceler8\/#primaryimage","url":"https:\/\/shops-usa.com\/wp-content\/uploads\/2024\/12\/31-2.jpg","contentUrl":"https:\/\/shops-usa.com\/wp-content\/uploads\/2024\/12\/31-2.jpg","width":778,"height":713},{"@type":"BreadcrumbList","@id":"https:\/\/shops-usa.com\/product\/sredstvo-dlya-rosta-volos-ssha-hairmax-nabor-acceler8\/#breadcrumb","itemListElement":[{"@type":"ListItem","position":1,"name":"Home","item":"https:\/\/shops-usa.com\/"},{"@type":"ListItem","position":2,"name":"\u041a\u0430\u0442\u0430\u043b\u043e\u0433","item":"https:\/\/shops-usa.com\/catalogue\/"},{"@type":"ListItem","position":3,"name":"\u041d\u0430\u0431\u043e\u0440 HairMax (\u0421\u0428\u0410) \u0421\u0440\u0435\u0434\u0441\u0442\u0432\u043e \u0434\u043b\u044f \u0440\u043e\u0441\u0442\u0430 \u0432\u043e\u043b\u043e\u0441"}]},{"@type":"WebSite","@id":"https:\/\/shops-usa.com\/#website","url":"https:\/\/shops-usa.com\/","name":"ShopsUSA","description":"Quality products from USA","publisher":{"@id":"https:\/\/shops-usa.com\/#organization"},"potentialAction":[{"@type":"SearchAction","target":{"@type":"EntryPoint","urlTemplate":"https:\/\/shops-usa.com\/?s={search_term_string}"},"query-input":{"@type":"PropertyValueSpecification","valueRequired":true,"valueName":"search_term_string"}}],"inLanguage":"lt-LT"},{"@type":"Organization","@id":"https:\/\/shops-usa.com\/#organization","name":"SHOPS USA","alternateName":"SHOPS","url":"https:\/\/shops-usa.com\/","logo":{"@type":"ImageObject","inLanguage":"lt-LT","@id":"https:\/\/shops-usa.com\/#\/schema\/logo\/image\/","url":"https:\/\/shops-usa.com\/wp-content\/uploads\/2025\/12\/letter_final_white-1.png","contentUrl":"https:\/\/shops-usa.com\/wp-content\/uploads\/2025\/12\/letter_final_white-1.png","width":1711,"height":1949,"caption":"SHOPS USA"},"image":{"@id":"https:\/\/shops-usa.com\/#\/schema\/logo\/image\/"}}]}},"_links":{"self":[{"href":"https:\/\/shops-usa.com\/lt\/wp-json\/wp\/v2\/product\/59","targetHints":{"allow":["GET"]}}],"collection":[{"href":"https:\/\/shops-usa.com\/lt\/wp-json\/wp\/v2\/product"}],"about":[{"href":"https:\/\/shops-usa.com\/lt\/wp-json\/wp\/v2\/types\/product"}],"replies":[{"embeddable":true,"href":"https:\/\/shops-usa.com\/lt\/wp-json\/wp\/v2\/comments?post=59"}],"wp:featuredmedia":[{"embeddable":true,"href":"https:\/\/shops-usa.com\/lt\/wp-json\/wp\/v2\/media\/130"}],"wp:attachment":[{"href":"https:\/\/shops-usa.com\/lt\/wp-json\/wp\/v2\/media?parent=59"}],"wp:term":[{"taxonomy":"product_brand","embeddable":true,"href":"https:\/\/shops-usa.com\/lt\/wp-json\/wp\/v2\/product_brand?post=59"},{"taxonomy":"product_cat","embeddable":true,"href":"https:\/\/shops-usa.com\/lt\/wp-json\/wp\/v2\/product_cat?post=59"},{"taxonomy":"product_tag","embeddable":true,"href":"https:\/\/shops-usa.com\/lt\/wp-json\/wp\/v2\/product_tag?post=59"}],"curies":[{"name":"wp","href":"https:\/\/api.w.org\/{rel}","templated":true}]}}