{"id":55,"date":"2024-12-18T14:34:17","date_gmt":"2024-12-18T14:34:17","guid":{"rendered":"https:\/\/shops-usa.com\/?post_type=product&#038;p=55"},"modified":"2025-11-08T08:09:40","modified_gmt":"2025-11-08T08:09:40","slug":"obruch-s-lazerom-dlya-rosta-volos-ssha-hairmax-laserband-41","status":"publish","type":"product","link":"https:\/\/shops-usa.com\/lt\/produktas\/obruch-s-lazerom-dlya-rosta-volos-ssha-hairmax-laserband-41\/","title":{"rendered":"HairMax LaserBand 41 (JAV) Plauk\u0173 augimo lazerinis lankelis"},"content":{"rendered":"<p>Plauk\u0173 atauginimas: lazerin\u0117 terapija naudoja fotobiostimuliacij\u0105, taikant \u017eemo lygio lazerio terapij\u0105 (LLLT), kuri tiekia deguon\u012f ir maistines med\u017eiagas plauk\u0173 folikulams, kad juos suaktyvint\u0173 ir skatint\u0173 stipresn\u012f plauk\u0173 augim\u0105. \u201eHairMax\u201c lazerin\u0117 galvos juosta yra patvirtinta 8 FDA sertifikatais, 7 klinikiniais tyrimais, 14 tarptautini\u0173 medicinos licencij\u0173 ir 6 paskelbtais medicinos \u017eurnalais. Klini\u0161kai \u012frodyta, kad \u201eHairMax\u201c lazerinis prietaisas ataugina plaukus \u2013 po \u0161e\u0161i\u0173 m\u0117nesi\u0173 reguliaraus naudojimo vidutini\u0161kai padid\u0117ja 15 papildom\u0173 plauk\u0173 kvadratiniame centimetre. Itin patogus ir ne\u0161iojamas, jis skirtas naudoti tiek namuose, tiek kelyje. Lengva baterija u\u017etikrina ilg\u0105 \u012fkrov\u0105 ir yra lengvai ne\u0161iojama. J\u012f lengva valdyti. \u012e komplekt\u0105 \u012feina \u012fkrovimo stovas, baterija, maitinimo laidas, naudotojo vadovas ir \u012frenginio garantija. Rekomenduoja gydytojai: klinikini\u0173 tyrim\u0173 metu vartotojai pasteb\u0117jo matomus rezultatus vos per 3\u20136 m\u0117nesius. \u012ekurta 2000 m., \u201eHairMax\u201c visame pasaulyje pardav\u0117 daugiau nei 1,8 mln. prietais\u0173 ir yra pasaulin\u0117 lyder\u0117 bei lazerin\u0117s plauk\u0173 augimo terapijos pradinink\u0117. Gydytojai rekomenduoja \u201eHairMax\u201c lazerinius prietaisus androgenetin\u0117s alopecijos, kuri apima paveldim\u0105 plikim\u0105, vyr\u0173 ir moter\u0173 plikim\u0105, menopauz\u0117s plikim\u0105 ir su am\u017eiumi susijus\u012f plauk\u0173 slinkim\u0105 bei ret\u0117jim\u0105, gydymui.<\/p>","protected":false},"excerpt":{"rendered":"<p>Lazerinis plauk\u0173 augimo galvos juosta. Lazerinis gydymas apima fotobiostimuliacij\u0105, u\u017etikrinant \u017eemo lygio lazerio terapij\u0105.<\/p>","protected":false},"featured_media":784,"comment_status":"open","ping_status":"closed","template":"","meta":[],"product_brand":[],"product_cat":[28],"product_tag":[],"class_list":{"0":"post-55","1":"product","2":"type-product","3":"status-publish","4":"has-post-thumbnail","6":"product_cat-hairmax","8":"first","9":"instock","10":"sale","11":"shipping-taxable","12":"purchasable","13":"product-type-simple"},"yoast_head":"<!-- This site is optimized with the Yoast SEO plugin v26.6 - https:\/\/yoast.com\/wordpress\/plugins\/seo\/ -->\n<title>\u041e\u0431\u0440\u0443\u0447 \u0441 \u043b\u0430\u0437\u0435\u0440\u043e\u043c \u0434\u043b\u044f \u0440\u043e\u0441\u0442\u0430 \u0432\u043e\u043b\u043e\u0441 (\u0421\u0428\u0410) HairMax LaserBand 41 - ShopsUSA<\/title>\n<meta name=\"robots\" content=\"index, follow, max-snippet:-1, max-image-preview:large, max-video-preview:-1\" \/>\n<link rel=\"canonical\" href=\"https:\/\/shops-usa.com\/lt\/produktas\/obruch-s-lazerom-dlya-rosta-volos-ssha-hairmax-laserband-41\/?wmc-currency=EUR\" \/>\n<meta property=\"og:locale\" content=\"lt_LT\" \/>\n<meta property=\"og:type\" content=\"article\" \/>\n<meta property=\"og:title\" content=\"\u041e\u0431\u0440\u0443\u0447 \u0441 \u043b\u0430\u0437\u0435\u0440\u043e\u043c \u0434\u043b\u044f \u0440\u043e\u0441\u0442\u0430 \u0432\u043e\u043b\u043e\u0441 (\u0421\u0428\u0410) HairMax LaserBand 41 - ShopsUSA\" \/>\n<meta property=\"og:description\" content=\"\u041e\u0431\u0440\u0443\u0447 \u0441 \u043b\u0430\u0437\u0435\u0440\u043e\u043c \u0434\u043b\u044f \u0440\u043e\u0441\u0442\u0430 \u0432\u043e\u043b\u043e\u0441. \u041b\u0430\u0437\u0435\u0440\u043d\u043e\u0435 \u043b\u0435\u0447\u0435\u043d\u0438\u0435 \u043f\u0440\u043e\u0445\u043e\u0434\u0438\u0442 \u0447\u0435\u0440\u0435\u0437 \u043f\u0440\u043e\u0446\u0435\u0441\u0441 \u0444\u043e\u0442\u043e\u0431\u0438\u043e\u0441\u0442\u0438\u043c\u0443\u043b\u044f\u0446\u0438\u0438, \u043e\u0431\u0435\u0441\u043f\u0435\u0447\u0438\u0432\u0430\u044f \u043d\u0438\u0437\u043a\u043e\u0443\u0440\u043e\u0432\u043d\u0435\u0432\u0443\u044e \u043b\u0430\u0437\u0435\u0440\u043d\u0443\u044e \u0442\u0435\u0440\u0430\u043f\u0438\u044e.\" \/>\n<meta property=\"og:url\" content=\"https:\/\/shops-usa.com\/lt\/produktas\/obruch-s-lazerom-dlya-rosta-volos-ssha-hairmax-laserband-41\/?wmc-currency=EUR\" \/>\n<meta property=\"og:site_name\" content=\"ShopsUSA\" \/>\n<meta property=\"article:modified_time\" content=\"2025-11-08T08:09:40+00:00\" \/>\n<meta property=\"og:image\" content=\"https:\/\/shops-usa.com\/wp-content\/uploads\/2024\/12\/45.jpg\" \/>\n\t<meta property=\"og:image:width\" content=\"2015\" \/>\n\t<meta property=\"og:image:height\" content=\"1988\" \/>\n\t<meta property=\"og:image:type\" content=\"image\/jpeg\" \/>\n<meta name=\"twitter:card\" content=\"summary_large_image\" \/>\n<script type=\"application\/ld+json\" class=\"yoast-schema-graph\">{\"@context\":\"https:\/\/schema.org\",\"@graph\":[{\"@type\":\"WebPage\",\"@id\":\"https:\/\/shops-usa.com\/product\/obruch-s-lazerom-dlya-rosta-volos-ssha-hairmax-laserband-41\/\",\"url\":\"https:\/\/shops-usa.com\/product\/obruch-s-lazerom-dlya-rosta-volos-ssha-hairmax-laserband-41\/\",\"name\":\"\u041e\u0431\u0440\u0443\u0447 \u0441 \u043b\u0430\u0437\u0435\u0440\u043e\u043c \u0434\u043b\u044f \u0440\u043e\u0441\u0442\u0430 \u0432\u043e\u043b\u043e\u0441 (\u0421\u0428\u0410) HairMax LaserBand 41 - ShopsUSA\",\"isPartOf\":{\"@id\":\"https:\/\/shops-usa.com\/#website\"},\"primaryImageOfPage\":{\"@id\":\"https:\/\/shops-usa.com\/product\/obruch-s-lazerom-dlya-rosta-volos-ssha-hairmax-laserband-41\/#primaryimage\"},\"image\":{\"@id\":\"https:\/\/shops-usa.com\/product\/obruch-s-lazerom-dlya-rosta-volos-ssha-hairmax-laserband-41\/#primaryimage\"},\"thumbnailUrl\":\"https:\/\/shops-usa.com\/wp-content\/uploads\/2024\/12\/45.jpg\",\"datePublished\":\"2024-12-18T14:34:17+00:00\",\"dateModified\":\"2025-11-08T08:09:40+00:00\",\"breadcrumb\":{\"@id\":\"https:\/\/shops-usa.com\/product\/obruch-s-lazerom-dlya-rosta-volos-ssha-hairmax-laserband-41\/#breadcrumb\"},\"inLanguage\":\"lt-LT\",\"potentialAction\":[{\"@type\":\"ReadAction\",\"target\":[\"https:\/\/shops-usa.com\/product\/obruch-s-lazerom-dlya-rosta-volos-ssha-hairmax-laserband-41\/\"]}]},{\"@type\":\"ImageObject\",\"inLanguage\":\"lt-LT\",\"@id\":\"https:\/\/shops-usa.com\/product\/obruch-s-lazerom-dlya-rosta-volos-ssha-hairmax-laserband-41\/#primaryimage\",\"url\":\"https:\/\/shops-usa.com\/wp-content\/uploads\/2024\/12\/45.jpg\",\"contentUrl\":\"https:\/\/shops-usa.com\/wp-content\/uploads\/2024\/12\/45.jpg\",\"width\":2015,\"height\":1988},{\"@type\":\"BreadcrumbList\",\"@id\":\"https:\/\/shops-usa.com\/product\/obruch-s-lazerom-dlya-rosta-volos-ssha-hairmax-laserband-41\/#breadcrumb\",\"itemListElement\":[{\"@type\":\"ListItem\",\"position\":1,\"name\":\"Home\",\"item\":\"https:\/\/shops-usa.com\/\"},{\"@type\":\"ListItem\",\"position\":2,\"name\":\"\u041a\u0430\u0442\u0430\u043b\u043e\u0433\",\"item\":\"https:\/\/shops-usa.com\/catalogue\/\"},{\"@type\":\"ListItem\",\"position\":3,\"name\":\"\u041e\u0431\u0440\u0443\u0447 \u0441 \u043b\u0430\u0437\u0435\u0440\u043e\u043c \u0434\u043b\u044f \u0440\u043e\u0441\u0442\u0430 \u0432\u043e\u043b\u043e\u0441 (\u0421\u0428\u0410) HairMax LaserBand 41\"}]},{\"@type\":\"WebSite\",\"@id\":\"https:\/\/shops-usa.com\/#website\",\"url\":\"https:\/\/shops-usa.com\/\",\"name\":\"ShopsUSA\",\"description\":\"Quality products from USA\",\"publisher\":{\"@id\":\"https:\/\/shops-usa.com\/#organization\"},\"potentialAction\":[{\"@type\":\"SearchAction\",\"target\":{\"@type\":\"EntryPoint\",\"urlTemplate\":\"https:\/\/shops-usa.com\/?s={search_term_string}\"},\"query-input\":{\"@type\":\"PropertyValueSpecification\",\"valueRequired\":true,\"valueName\":\"search_term_string\"}}],\"inLanguage\":\"lt-LT\"},{\"@type\":\"Organization\",\"@id\":\"https:\/\/shops-usa.com\/#organization\",\"name\":\"SHOPS USA\",\"alternateName\":\"SHOPS\",\"url\":\"https:\/\/shops-usa.com\/\",\"logo\":{\"@type\":\"ImageObject\",\"inLanguage\":\"lt-LT\",\"@id\":\"https:\/\/shops-usa.com\/#\/schema\/logo\/image\/\",\"url\":\"https:\/\/shops-usa.com\/wp-content\/uploads\/2025\/12\/letter_final_white-1.png\",\"contentUrl\":\"https:\/\/shops-usa.com\/wp-content\/uploads\/2025\/12\/letter_final_white-1.png\",\"width\":1711,\"height\":1949,\"caption\":\"SHOPS USA\"},\"image\":{\"@id\":\"https:\/\/shops-usa.com\/#\/schema\/logo\/image\/\"}}]}<\/script>\n<!-- \/ Yoast SEO plugin. -->","yoast_head_json":{"title":"\u041e\u0431\u0440\u0443\u0447 \u0441 \u043b\u0430\u0437\u0435\u0440\u043e\u043c \u0434\u043b\u044f \u0440\u043e\u0441\u0442\u0430 \u0432\u043e\u043b\u043e\u0441 (\u0421\u0428\u0410) HairMax LaserBand 41 - ShopsUSA","robots":{"index":"index","follow":"follow","max-snippet":"max-snippet:-1","max-image-preview":"max-image-preview:large","max-video-preview":"max-video-preview:-1"},"canonical":"https:\/\/shops-usa.com\/lt\/produktas\/obruch-s-lazerom-dlya-rosta-volos-ssha-hairmax-laserband-41\/?wmc-currency=EUR","og_locale":"lt_LT","og_type":"article","og_title":"\u041e\u0431\u0440\u0443\u0447 \u0441 \u043b\u0430\u0437\u0435\u0440\u043e\u043c \u0434\u043b\u044f \u0440\u043e\u0441\u0442\u0430 \u0432\u043e\u043b\u043e\u0441 (\u0421\u0428\u0410) HairMax LaserBand 41 - ShopsUSA","og_description":"\u041e\u0431\u0440\u0443\u0447 \u0441 \u043b\u0430\u0437\u0435\u0440\u043e\u043c \u0434\u043b\u044f \u0440\u043e\u0441\u0442\u0430 \u0432\u043e\u043b\u043e\u0441. \u041b\u0430\u0437\u0435\u0440\u043d\u043e\u0435 \u043b\u0435\u0447\u0435\u043d\u0438\u0435 \u043f\u0440\u043e\u0445\u043e\u0434\u0438\u0442 \u0447\u0435\u0440\u0435\u0437 \u043f\u0440\u043e\u0446\u0435\u0441\u0441 \u0444\u043e\u0442\u043e\u0431\u0438\u043e\u0441\u0442\u0438\u043c\u0443\u043b\u044f\u0446\u0438\u0438, \u043e\u0431\u0435\u0441\u043f\u0435\u0447\u0438\u0432\u0430\u044f \u043d\u0438\u0437\u043a\u043e\u0443\u0440\u043e\u0432\u043d\u0435\u0432\u0443\u044e \u043b\u0430\u0437\u0435\u0440\u043d\u0443\u044e \u0442\u0435\u0440\u0430\u043f\u0438\u044e.","og_url":"https:\/\/shops-usa.com\/lt\/produktas\/obruch-s-lazerom-dlya-rosta-volos-ssha-hairmax-laserband-41\/?wmc-currency=EUR","og_site_name":"ShopsUSA","article_modified_time":"2025-11-08T08:09:40+00:00","og_image":[{"width":2015,"height":1988,"url":"https:\/\/shops-usa.com\/wp-content\/uploads\/2024\/12\/45.jpg","type":"image\/jpeg"}],"twitter_card":"summary_large_image","schema":{"@context":"https:\/\/schema.org","@graph":[{"@type":"WebPage","@id":"https:\/\/shops-usa.com\/product\/obruch-s-lazerom-dlya-rosta-volos-ssha-hairmax-laserband-41\/","url":"https:\/\/shops-usa.com\/product\/obruch-s-lazerom-dlya-rosta-volos-ssha-hairmax-laserband-41\/","name":"\u041e\u0431\u0440\u0443\u0447 \u0441 \u043b\u0430\u0437\u0435\u0440\u043e\u043c \u0434\u043b\u044f \u0440\u043e\u0441\u0442\u0430 \u0432\u043e\u043b\u043e\u0441 (\u0421\u0428\u0410) HairMax LaserBand 41 - ShopsUSA","isPartOf":{"@id":"https:\/\/shops-usa.com\/#website"},"primaryImageOfPage":{"@id":"https:\/\/shops-usa.com\/product\/obruch-s-lazerom-dlya-rosta-volos-ssha-hairmax-laserband-41\/#primaryimage"},"image":{"@id":"https:\/\/shops-usa.com\/product\/obruch-s-lazerom-dlya-rosta-volos-ssha-hairmax-laserband-41\/#primaryimage"},"thumbnailUrl":"https:\/\/shops-usa.com\/wp-content\/uploads\/2024\/12\/45.jpg","datePublished":"2024-12-18T14:34:17+00:00","dateModified":"2025-11-08T08:09:40+00:00","breadcrumb":{"@id":"https:\/\/shops-usa.com\/product\/obruch-s-lazerom-dlya-rosta-volos-ssha-hairmax-laserband-41\/#breadcrumb"},"inLanguage":"lt-LT","potentialAction":[{"@type":"ReadAction","target":["https:\/\/shops-usa.com\/product\/obruch-s-lazerom-dlya-rosta-volos-ssha-hairmax-laserband-41\/"]}]},{"@type":"ImageObject","inLanguage":"lt-LT","@id":"https:\/\/shops-usa.com\/product\/obruch-s-lazerom-dlya-rosta-volos-ssha-hairmax-laserband-41\/#primaryimage","url":"https:\/\/shops-usa.com\/wp-content\/uploads\/2024\/12\/45.jpg","contentUrl":"https:\/\/shops-usa.com\/wp-content\/uploads\/2024\/12\/45.jpg","width":2015,"height":1988},{"@type":"BreadcrumbList","@id":"https:\/\/shops-usa.com\/product\/obruch-s-lazerom-dlya-rosta-volos-ssha-hairmax-laserband-41\/#breadcrumb","itemListElement":[{"@type":"ListItem","position":1,"name":"Home","item":"https:\/\/shops-usa.com\/"},{"@type":"ListItem","position":2,"name":"\u041a\u0430\u0442\u0430\u043b\u043e\u0433","item":"https:\/\/shops-usa.com\/catalogue\/"},{"@type":"ListItem","position":3,"name":"\u041e\u0431\u0440\u0443\u0447 \u0441 \u043b\u0430\u0437\u0435\u0440\u043e\u043c \u0434\u043b\u044f \u0440\u043e\u0441\u0442\u0430 \u0432\u043e\u043b\u043e\u0441 (\u0421\u0428\u0410) HairMax LaserBand 41"}]},{"@type":"WebSite","@id":"https:\/\/shops-usa.com\/#website","url":"https:\/\/shops-usa.com\/","name":"ShopsUSA","description":"Quality products from USA","publisher":{"@id":"https:\/\/shops-usa.com\/#organization"},"potentialAction":[{"@type":"SearchAction","target":{"@type":"EntryPoint","urlTemplate":"https:\/\/shops-usa.com\/?s={search_term_string}"},"query-input":{"@type":"PropertyValueSpecification","valueRequired":true,"valueName":"search_term_string"}}],"inLanguage":"lt-LT"},{"@type":"Organization","@id":"https:\/\/shops-usa.com\/#organization","name":"SHOPS USA","alternateName":"SHOPS","url":"https:\/\/shops-usa.com\/","logo":{"@type":"ImageObject","inLanguage":"lt-LT","@id":"https:\/\/shops-usa.com\/#\/schema\/logo\/image\/","url":"https:\/\/shops-usa.com\/wp-content\/uploads\/2025\/12\/letter_final_white-1.png","contentUrl":"https:\/\/shops-usa.com\/wp-content\/uploads\/2025\/12\/letter_final_white-1.png","width":1711,"height":1949,"caption":"SHOPS USA"},"image":{"@id":"https:\/\/shops-usa.com\/#\/schema\/logo\/image\/"}}]}},"_links":{"self":[{"href":"https:\/\/shops-usa.com\/lt\/wp-json\/wp\/v2\/product\/55","targetHints":{"allow":["GET"]}}],"collection":[{"href":"https:\/\/shops-usa.com\/lt\/wp-json\/wp\/v2\/product"}],"about":[{"href":"https:\/\/shops-usa.com\/lt\/wp-json\/wp\/v2\/types\/product"}],"replies":[{"embeddable":true,"href":"https:\/\/shops-usa.com\/lt\/wp-json\/wp\/v2\/comments?post=55"}],"wp:featuredmedia":[{"embeddable":true,"href":"https:\/\/shops-usa.com\/lt\/wp-json\/wp\/v2\/media\/784"}],"wp:attachment":[{"href":"https:\/\/shops-usa.com\/lt\/wp-json\/wp\/v2\/media?parent=55"}],"wp:term":[{"taxonomy":"product_brand","embeddable":true,"href":"https:\/\/shops-usa.com\/lt\/wp-json\/wp\/v2\/product_brand?post=55"},{"taxonomy":"product_cat","embeddable":true,"href":"https:\/\/shops-usa.com\/lt\/wp-json\/wp\/v2\/product_cat?post=55"},{"taxonomy":"product_tag","embeddable":true,"href":"https:\/\/shops-usa.com\/lt\/wp-json\/wp\/v2\/product_tag?post=55"}],"curies":[{"name":"wp","href":"https:\/\/api.w.org\/{rel}","templated":true}]}}