{"id":54,"date":"2024-12-18T14:34:17","date_gmt":"2024-12-18T14:34:17","guid":{"rendered":"https:\/\/shops-usa.com\/?post_type=product&#038;p=54"},"modified":"2025-10-03T08:03:57","modified_gmt":"2025-10-03T08:03:57","slug":"pepidnaya-syvorotka-nuface","status":"publish","type":"product","link":"https:\/\/shops-usa.com\/lt\/produktas\/pepidnaya-syvorotka-nuface\/","title":{"rendered":"NuFACE peptid\u0173 serumas (JAV)"},"content":{"rendered":"<p>Stangrininamasis veido serumas \u2013 trigubo peptido serumas, kuris aktyviai ma\u017eina smulki\u0173 rauk\u0161leli\u0173 ir rauk\u0161li\u0173 atsiradim\u0105, kartu pagerindamas bendr\u0105 odos tekst\u016br\u0105. \u0160is \u0161ilkinis, korekcinis serumas padidina dr\u0117kinim\u0105, tuo pa\u010diu pagerindamas odos stangrum\u0105 ir elastingum\u0105.<br \/>Klini\u0161kai patikrinti ingredientai \u2013 \u0161is veiksmingas, bekvapis veido serumas sukurtas su trigubu peptid\u0173 kompleksu ir bij\u016bn\u0173 \u0161akn\u0173 ekstraktu, kurie i\u0161lygina smulkias rauk\u0161leles ir rauk\u0161les, stangrina od\u0105 ir sustiprina jos dr\u0117kinim\u0105. Nor\u0117dami pagerinti mikrosrovi\u0173 proced\u016br\u0173 rezultatus, tepkite j\u012f prie\u0161 aktyvatori\u0173 arba naudokite kaip kasdien\u0119 odos prie\u017ei\u016bros rutinos dal\u012f. Sukurtas atsi\u017evelgiant \u012f unikalius j\u016bs\u0173 odos poreikius.<\/p>","protected":false},"excerpt":{"rendered":"<p>Stangrininamasis veido serumas \u2013 trigubo peptido serumas, aktyviai ma\u017einantis smulki\u0173 rauk\u0161leli\u0173 ir rauk\u0161li\u0173 matomum\u0105.<\/p>","protected":false},"featured_media":762,"comment_status":"open","ping_status":"closed","template":"","meta":[],"product_brand":[],"product_cat":[29],"product_tag":[],"class_list":{"0":"post-54","1":"product","2":"type-product","3":"status-publish","4":"has-post-thumbnail","6":"product_cat-nuface","8":"first","9":"instock","10":"sale","11":"shipping-taxable","12":"purchasable","13":"product-type-simple"},"yoast_head":"<!-- This site is optimized with the Yoast SEO plugin v26.6 - https:\/\/yoast.com\/wordpress\/plugins\/seo\/ -->\n<title>\u041f\u0435\u043f\u0442\u0438\u0434\u043d\u0430\u044f \u0441\u044b\u0432\u043e\u0440\u043e\u0442\u043a\u0430 NuFACE (\u0421\u0428\u0410) - ShopsUSA<\/title>\n<meta name=\"robots\" content=\"index, follow, max-snippet:-1, max-image-preview:large, max-video-preview:-1\" \/>\n<link rel=\"canonical\" href=\"https:\/\/shops-usa.com\/lt\/produktas\/pepidnaya-syvorotka-nuface\/?wmc-currency=EUR\" \/>\n<meta property=\"og:locale\" content=\"lt_LT\" \/>\n<meta property=\"og:type\" content=\"article\" \/>\n<meta property=\"og:title\" content=\"\u041f\u0435\u043f\u0442\u0438\u0434\u043d\u0430\u044f \u0441\u044b\u0432\u043e\u0440\u043e\u0442\u043a\u0430 NuFACE (\u0421\u0428\u0410) - ShopsUSA\" \/>\n<meta property=\"og:description\" content=\"\u0423\u043a\u0440\u0435\u043f\u043b\u044f\u044e\u0449\u0430\u044f \u0441\u044b\u0432\u043e\u0440\u043e\u0442\u043a\u0430 \u0434\u043b\u044f \u043b\u0438\u0446\u0430 \u2014 \u0441\u044b\u0432\u043e\u0440\u043e\u0442\u043a\u0430 \u0441 \u0442\u0440\u043e\u0439\u043d\u044b\u043c \u043f\u0435\u043f\u0442\u0438\u0434\u043e\u043c, \u043a\u043e\u0442\u043e\u0440\u0430\u044f \u0430\u043a\u0442\u0438\u0432\u043d\u043e \u0443\u043c\u0435\u043d\u044c\u0448\u0430\u0435\u0442 \u0432\u0438\u0434\u0438\u043c\u043e\u0441\u0442\u044c \u0442\u043e\u043d\u043a\u0438\u0445 \u043b\u0438\u043d\u0438\u0439 \u0438 \u043c\u043e\u0440\u0449\u0438\u043d.\" \/>\n<meta property=\"og:url\" content=\"https:\/\/shops-usa.com\/lt\/produktas\/pepidnaya-syvorotka-nuface\/?wmc-currency=EUR\" \/>\n<meta property=\"og:site_name\" content=\"ShopsUSA\" \/>\n<meta property=\"article:modified_time\" content=\"2025-10-03T08:03:57+00:00\" \/>\n<meta property=\"og:image\" content=\"https:\/\/shops-usa.com\/wp-content\/uploads\/2024\/12\/61.jpg\" \/>\n\t<meta property=\"og:image:width\" content=\"1500\" \/>\n\t<meta property=\"og:image:height\" content=\"1500\" \/>\n\t<meta property=\"og:image:type\" content=\"image\/jpeg\" \/>\n<meta name=\"twitter:card\" content=\"summary_large_image\" \/>\n<script type=\"application\/ld+json\" class=\"yoast-schema-graph\">{\"@context\":\"https:\/\/schema.org\",\"@graph\":[{\"@type\":\"WebPage\",\"@id\":\"https:\/\/shops-usa.com\/product\/pepidnaya-syvorotka-nuface\/\",\"url\":\"https:\/\/shops-usa.com\/product\/pepidnaya-syvorotka-nuface\/\",\"name\":\"\u041f\u0435\u043f\u0442\u0438\u0434\u043d\u0430\u044f \u0441\u044b\u0432\u043e\u0440\u043e\u0442\u043a\u0430 NuFACE (\u0421\u0428\u0410) - ShopsUSA\",\"isPartOf\":{\"@id\":\"https:\/\/shops-usa.com\/#website\"},\"primaryImageOfPage\":{\"@id\":\"https:\/\/shops-usa.com\/product\/pepidnaya-syvorotka-nuface\/#primaryimage\"},\"image\":{\"@id\":\"https:\/\/shops-usa.com\/product\/pepidnaya-syvorotka-nuface\/#primaryimage\"},\"thumbnailUrl\":\"https:\/\/shops-usa.com\/wp-content\/uploads\/2024\/12\/61.jpg\",\"datePublished\":\"2024-12-18T14:34:17+00:00\",\"dateModified\":\"2025-10-03T08:03:57+00:00\",\"breadcrumb\":{\"@id\":\"https:\/\/shops-usa.com\/product\/pepidnaya-syvorotka-nuface\/#breadcrumb\"},\"inLanguage\":\"lt-LT\",\"potentialAction\":[{\"@type\":\"ReadAction\",\"target\":[\"https:\/\/shops-usa.com\/product\/pepidnaya-syvorotka-nuface\/\"]}]},{\"@type\":\"ImageObject\",\"inLanguage\":\"lt-LT\",\"@id\":\"https:\/\/shops-usa.com\/product\/pepidnaya-syvorotka-nuface\/#primaryimage\",\"url\":\"https:\/\/shops-usa.com\/wp-content\/uploads\/2024\/12\/61.jpg\",\"contentUrl\":\"https:\/\/shops-usa.com\/wp-content\/uploads\/2024\/12\/61.jpg\",\"width\":1500,\"height\":1500},{\"@type\":\"BreadcrumbList\",\"@id\":\"https:\/\/shops-usa.com\/product\/pepidnaya-syvorotka-nuface\/#breadcrumb\",\"itemListElement\":[{\"@type\":\"ListItem\",\"position\":1,\"name\":\"Home\",\"item\":\"https:\/\/shops-usa.com\/\"},{\"@type\":\"ListItem\",\"position\":2,\"name\":\"\u041a\u0430\u0442\u0430\u043b\u043e\u0433\",\"item\":\"https:\/\/shops-usa.com\/catalogue\/\"},{\"@type\":\"ListItem\",\"position\":3,\"name\":\"\u041f\u0435\u043f\u0442\u0438\u0434\u043d\u0430\u044f \u0441\u044b\u0432\u043e\u0440\u043e\u0442\u043a\u0430 NuFACE (\u0421\u0428\u0410)\"}]},{\"@type\":\"WebSite\",\"@id\":\"https:\/\/shops-usa.com\/#website\",\"url\":\"https:\/\/shops-usa.com\/\",\"name\":\"ShopsUSA\",\"description\":\"Quality products from USA\",\"publisher\":{\"@id\":\"https:\/\/shops-usa.com\/#organization\"},\"potentialAction\":[{\"@type\":\"SearchAction\",\"target\":{\"@type\":\"EntryPoint\",\"urlTemplate\":\"https:\/\/shops-usa.com\/?s={search_term_string}\"},\"query-input\":{\"@type\":\"PropertyValueSpecification\",\"valueRequired\":true,\"valueName\":\"search_term_string\"}}],\"inLanguage\":\"lt-LT\"},{\"@type\":\"Organization\",\"@id\":\"https:\/\/shops-usa.com\/#organization\",\"name\":\"SHOPS USA\",\"alternateName\":\"SHOPS\",\"url\":\"https:\/\/shops-usa.com\/\",\"logo\":{\"@type\":\"ImageObject\",\"inLanguage\":\"lt-LT\",\"@id\":\"https:\/\/shops-usa.com\/#\/schema\/logo\/image\/\",\"url\":\"https:\/\/shops-usa.com\/wp-content\/uploads\/2025\/12\/letter_final_white-1.png\",\"contentUrl\":\"https:\/\/shops-usa.com\/wp-content\/uploads\/2025\/12\/letter_final_white-1.png\",\"width\":1711,\"height\":1949,\"caption\":\"SHOPS USA\"},\"image\":{\"@id\":\"https:\/\/shops-usa.com\/#\/schema\/logo\/image\/\"}}]}<\/script>\n<!-- \/ Yoast SEO plugin. -->","yoast_head_json":{"title":"\u041f\u0435\u043f\u0442\u0438\u0434\u043d\u0430\u044f \u0441\u044b\u0432\u043e\u0440\u043e\u0442\u043a\u0430 NuFACE (\u0421\u0428\u0410) - ShopsUSA","robots":{"index":"index","follow":"follow","max-snippet":"max-snippet:-1","max-image-preview":"max-image-preview:large","max-video-preview":"max-video-preview:-1"},"canonical":"https:\/\/shops-usa.com\/lt\/produktas\/pepidnaya-syvorotka-nuface\/?wmc-currency=EUR","og_locale":"lt_LT","og_type":"article","og_title":"\u041f\u0435\u043f\u0442\u0438\u0434\u043d\u0430\u044f \u0441\u044b\u0432\u043e\u0440\u043e\u0442\u043a\u0430 NuFACE (\u0421\u0428\u0410) - ShopsUSA","og_description":"\u0423\u043a\u0440\u0435\u043f\u043b\u044f\u044e\u0449\u0430\u044f \u0441\u044b\u0432\u043e\u0440\u043e\u0442\u043a\u0430 \u0434\u043b\u044f \u043b\u0438\u0446\u0430 \u2014 \u0441\u044b\u0432\u043e\u0440\u043e\u0442\u043a\u0430 \u0441 \u0442\u0440\u043e\u0439\u043d\u044b\u043c \u043f\u0435\u043f\u0442\u0438\u0434\u043e\u043c, \u043a\u043e\u0442\u043e\u0440\u0430\u044f \u0430\u043a\u0442\u0438\u0432\u043d\u043e \u0443\u043c\u0435\u043d\u044c\u0448\u0430\u0435\u0442 \u0432\u0438\u0434\u0438\u043c\u043e\u0441\u0442\u044c \u0442\u043e\u043d\u043a\u0438\u0445 \u043b\u0438\u043d\u0438\u0439 \u0438 \u043c\u043e\u0440\u0449\u0438\u043d.","og_url":"https:\/\/shops-usa.com\/lt\/produktas\/pepidnaya-syvorotka-nuface\/?wmc-currency=EUR","og_site_name":"ShopsUSA","article_modified_time":"2025-10-03T08:03:57+00:00","og_image":[{"width":1500,"height":1500,"url":"https:\/\/shops-usa.com\/wp-content\/uploads\/2024\/12\/61.jpg","type":"image\/jpeg"}],"twitter_card":"summary_large_image","schema":{"@context":"https:\/\/schema.org","@graph":[{"@type":"WebPage","@id":"https:\/\/shops-usa.com\/product\/pepidnaya-syvorotka-nuface\/","url":"https:\/\/shops-usa.com\/product\/pepidnaya-syvorotka-nuface\/","name":"\u041f\u0435\u043f\u0442\u0438\u0434\u043d\u0430\u044f \u0441\u044b\u0432\u043e\u0440\u043e\u0442\u043a\u0430 NuFACE (\u0421\u0428\u0410) - ShopsUSA","isPartOf":{"@id":"https:\/\/shops-usa.com\/#website"},"primaryImageOfPage":{"@id":"https:\/\/shops-usa.com\/product\/pepidnaya-syvorotka-nuface\/#primaryimage"},"image":{"@id":"https:\/\/shops-usa.com\/product\/pepidnaya-syvorotka-nuface\/#primaryimage"},"thumbnailUrl":"https:\/\/shops-usa.com\/wp-content\/uploads\/2024\/12\/61.jpg","datePublished":"2024-12-18T14:34:17+00:00","dateModified":"2025-10-03T08:03:57+00:00","breadcrumb":{"@id":"https:\/\/shops-usa.com\/product\/pepidnaya-syvorotka-nuface\/#breadcrumb"},"inLanguage":"lt-LT","potentialAction":[{"@type":"ReadAction","target":["https:\/\/shops-usa.com\/product\/pepidnaya-syvorotka-nuface\/"]}]},{"@type":"ImageObject","inLanguage":"lt-LT","@id":"https:\/\/shops-usa.com\/product\/pepidnaya-syvorotka-nuface\/#primaryimage","url":"https:\/\/shops-usa.com\/wp-content\/uploads\/2024\/12\/61.jpg","contentUrl":"https:\/\/shops-usa.com\/wp-content\/uploads\/2024\/12\/61.jpg","width":1500,"height":1500},{"@type":"BreadcrumbList","@id":"https:\/\/shops-usa.com\/product\/pepidnaya-syvorotka-nuface\/#breadcrumb","itemListElement":[{"@type":"ListItem","position":1,"name":"Home","item":"https:\/\/shops-usa.com\/"},{"@type":"ListItem","position":2,"name":"\u041a\u0430\u0442\u0430\u043b\u043e\u0433","item":"https:\/\/shops-usa.com\/catalogue\/"},{"@type":"ListItem","position":3,"name":"\u041f\u0435\u043f\u0442\u0438\u0434\u043d\u0430\u044f \u0441\u044b\u0432\u043e\u0440\u043e\u0442\u043a\u0430 NuFACE (\u0421\u0428\u0410)"}]},{"@type":"WebSite","@id":"https:\/\/shops-usa.com\/#website","url":"https:\/\/shops-usa.com\/","name":"ShopsUSA","description":"Quality products from USA","publisher":{"@id":"https:\/\/shops-usa.com\/#organization"},"potentialAction":[{"@type":"SearchAction","target":{"@type":"EntryPoint","urlTemplate":"https:\/\/shops-usa.com\/?s={search_term_string}"},"query-input":{"@type":"PropertyValueSpecification","valueRequired":true,"valueName":"search_term_string"}}],"inLanguage":"lt-LT"},{"@type":"Organization","@id":"https:\/\/shops-usa.com\/#organization","name":"SHOPS USA","alternateName":"SHOPS","url":"https:\/\/shops-usa.com\/","logo":{"@type":"ImageObject","inLanguage":"lt-LT","@id":"https:\/\/shops-usa.com\/#\/schema\/logo\/image\/","url":"https:\/\/shops-usa.com\/wp-content\/uploads\/2025\/12\/letter_final_white-1.png","contentUrl":"https:\/\/shops-usa.com\/wp-content\/uploads\/2025\/12\/letter_final_white-1.png","width":1711,"height":1949,"caption":"SHOPS USA"},"image":{"@id":"https:\/\/shops-usa.com\/#\/schema\/logo\/image\/"}}]}},"_links":{"self":[{"href":"https:\/\/shops-usa.com\/lt\/wp-json\/wp\/v2\/product\/54","targetHints":{"allow":["GET"]}}],"collection":[{"href":"https:\/\/shops-usa.com\/lt\/wp-json\/wp\/v2\/product"}],"about":[{"href":"https:\/\/shops-usa.com\/lt\/wp-json\/wp\/v2\/types\/product"}],"replies":[{"embeddable":true,"href":"https:\/\/shops-usa.com\/lt\/wp-json\/wp\/v2\/comments?post=54"}],"wp:featuredmedia":[{"embeddable":true,"href":"https:\/\/shops-usa.com\/lt\/wp-json\/wp\/v2\/media\/762"}],"wp:attachment":[{"href":"https:\/\/shops-usa.com\/lt\/wp-json\/wp\/v2\/media?parent=54"}],"wp:term":[{"taxonomy":"product_brand","embeddable":true,"href":"https:\/\/shops-usa.com\/lt\/wp-json\/wp\/v2\/product_brand?post=54"},{"taxonomy":"product_cat","embeddable":true,"href":"https:\/\/shops-usa.com\/lt\/wp-json\/wp\/v2\/product_cat?post=54"},{"taxonomy":"product_tag","embeddable":true,"href":"https:\/\/shops-usa.com\/lt\/wp-json\/wp\/v2\/product_tag?post=54"}],"curies":[{"name":"wp","href":"https:\/\/api.w.org\/{rel}","templated":true}]}}