{"id":51,"date":"2024-12-18T14:34:17","date_gmt":"2024-12-18T14:34:17","guid":{"rendered":"https:\/\/shops-usa.com\/?post_type=product&#038;p=51"},"modified":"2024-12-18T14:35:28","modified_gmt":"2024-12-18T14:35:28","slug":"portativnyj-sterilizator-usb-ssha-grownsy","status":"publish","type":"product","link":"https:\/\/shops-usa.com\/lt\/produktas\/portativnyj-sterilizator-usb-ssha-grownsy\/","title":{"rendered":"Ne\u0161iojamas sterilizatorius GROWNSY (JAV)"},"content":{"rendered":"<p>Per 59 sekundes sunaikina 99,99 % bakterij\u0173 ir virus\u0173 su UV-C LED lempute. Prietais\u0105 galima naudoti \u012fvairiais b\u016bdais: \u012fd\u0117kite sterilizuojam\u0105(-us) daikt\u0105(-us) \u012f sterilizatori\u0173 arba tiesiog i\u0161ardykite prietais\u0105 ir nukreipkite j\u012f \u012f norim\u0105(-us) daikt\u0105(-us). Rinkinyje yra 700 mAh li\u010dio baterija, USB \u012fkrovimo laidas ir dir\u017eelis tvirtinimui. Visi\u0161kai \u012fkraut\u0105 prietais\u0105 galima naudoti 90 minu\u010di\u0173. Tinka vis\u0173 tip\u0173 \u010diulptukams, intymiems drabu\u017eiams, papuo\u0161alams, kosmetiniams instrumentams ir kt., galima sterilizuoti. Pridedamas dir\u017eelis lengvai pritvirtinamas prie ve\u017eim\u0117lio, rankin\u0117s, vystykl\u0173 krep\u0161io ir kt. UV-C LED lemput\u0117 automati\u0161kai i\u0161sijungia atidarius dangtel\u012f.<\/p>","protected":false},"excerpt":{"rendered":"<p>Ne\u0161iojamas sterilizatorius. Naudodamas UV-C LED \u0161vies\u0105, per 59 sekundes sunaikina 99,99 % bakterij\u0173 ir virus\u0173.<\/p>","protected":false},"featured_media":101,"comment_status":"open","ping_status":"closed","template":"","meta":[],"product_brand":[],"product_cat":[25],"product_tag":[],"class_list":{"0":"post-51","1":"product","2":"type-product","3":"status-publish","4":"has-post-thumbnail","6":"product_cat-grownsy","8":"first","9":"instock","10":"sale","11":"shipping-taxable","12":"purchasable","13":"product-type-simple"},"yoast_head":"<!-- This site is optimized with the Yoast SEO plugin v26.6 - https:\/\/yoast.com\/wordpress\/plugins\/seo\/ -->\n<title>\u041f\u043e\u0440\u0442\u0430\u0442\u0438\u0432\u043d\u044b\u0439 \u0441\u0442\u0435\u0440\u0438\u043b\u0438\u0437\u0430\u0442\u043e\u0440 USB (\u0421\u0428\u0410) GROWNSY - ShopsUSA<\/title>\n<meta name=\"robots\" content=\"index, follow, max-snippet:-1, max-image-preview:large, max-video-preview:-1\" \/>\n<link rel=\"canonical\" href=\"https:\/\/shops-usa.com\/lt\/produktas\/portativnyj-sterilizator-usb-ssha-grownsy\/?wmc-currency=EUR\" \/>\n<meta property=\"og:locale\" content=\"lt_LT\" \/>\n<meta property=\"og:type\" content=\"article\" \/>\n<meta property=\"og:title\" content=\"\u041f\u043e\u0440\u0442\u0430\u0442\u0438\u0432\u043d\u044b\u0439 \u0441\u0442\u0435\u0440\u0438\u043b\u0438\u0437\u0430\u0442\u043e\u0440 USB (\u0421\u0428\u0410) GROWNSY - ShopsUSA\" \/>\n<meta property=\"og:description\" content=\"\u041f\u043e\u0440\u0442\u0430\u0442\u0438\u0432\u043d\u044b\u0439 \u0441\u0442\u0435\u0440\u0438\u043b\u0438\u0437\u0430\u0442\u043e\u0440. \u0423\u0431\u0438\u0432\u0430\u0435\u0442 99,99% \u0431\u0430\u043a\u0442\u0435\u0440\u0438\u0439 \u0438 \u0432\u0438\u0440\u0443\u0441\u043e\u0432 \u0437\u0430 59 \u0441\u0435\u043a\u0443\u043d\u0434 \u0441 \u043f\u043e\u043c\u043e\u0449\u044c\u044e \u0441\u0432\u0435\u0442\u043e\u0434\u0438\u043e\u0434\u0430 U-V-C.\" \/>\n<meta property=\"og:url\" content=\"https:\/\/shops-usa.com\/lt\/produktas\/portativnyj-sterilizator-usb-ssha-grownsy\/?wmc-currency=EUR\" \/>\n<meta property=\"og:site_name\" content=\"ShopsUSA\" \/>\n<meta property=\"article:modified_time\" content=\"2024-12-18T14:35:28+00:00\" \/>\n<meta property=\"og:image\" content=\"https:\/\/shops-usa.com\/wp-content\/uploads\/2024\/12\/71vlznwidml._sl1500_.jpg\" \/>\n\t<meta property=\"og:image:width\" content=\"1500\" \/>\n\t<meta property=\"og:image:height\" content=\"1500\" \/>\n\t<meta property=\"og:image:type\" content=\"image\/jpeg\" \/>\n<meta name=\"twitter:card\" content=\"summary_large_image\" \/>\n<script type=\"application\/ld+json\" class=\"yoast-schema-graph\">{\"@context\":\"https:\/\/schema.org\",\"@graph\":[{\"@type\":\"WebPage\",\"@id\":\"https:\/\/shops-usa.com\/product\/portativnyj-sterilizator-usb-ssha-grownsy\/\",\"url\":\"https:\/\/shops-usa.com\/product\/portativnyj-sterilizator-usb-ssha-grownsy\/\",\"name\":\"\u041f\u043e\u0440\u0442\u0430\u0442\u0438\u0432\u043d\u044b\u0439 \u0441\u0442\u0435\u0440\u0438\u043b\u0438\u0437\u0430\u0442\u043e\u0440 USB (\u0421\u0428\u0410) GROWNSY - ShopsUSA\",\"isPartOf\":{\"@id\":\"https:\/\/shops-usa.com\/#website\"},\"primaryImageOfPage\":{\"@id\":\"https:\/\/shops-usa.com\/product\/portativnyj-sterilizator-usb-ssha-grownsy\/#primaryimage\"},\"image\":{\"@id\":\"https:\/\/shops-usa.com\/product\/portativnyj-sterilizator-usb-ssha-grownsy\/#primaryimage\"},\"thumbnailUrl\":\"https:\/\/shops-usa.com\/wp-content\/uploads\/2024\/12\/71vlznwidml._sl1500_.jpg\",\"datePublished\":\"2024-12-18T14:34:17+00:00\",\"dateModified\":\"2024-12-18T14:35:28+00:00\",\"breadcrumb\":{\"@id\":\"https:\/\/shops-usa.com\/product\/portativnyj-sterilizator-usb-ssha-grownsy\/#breadcrumb\"},\"inLanguage\":\"lt-LT\",\"potentialAction\":[{\"@type\":\"ReadAction\",\"target\":[\"https:\/\/shops-usa.com\/product\/portativnyj-sterilizator-usb-ssha-grownsy\/\"]}]},{\"@type\":\"ImageObject\",\"inLanguage\":\"lt-LT\",\"@id\":\"https:\/\/shops-usa.com\/product\/portativnyj-sterilizator-usb-ssha-grownsy\/#primaryimage\",\"url\":\"https:\/\/shops-usa.com\/wp-content\/uploads\/2024\/12\/71vlznwidml._sl1500_.jpg\",\"contentUrl\":\"https:\/\/shops-usa.com\/wp-content\/uploads\/2024\/12\/71vlznwidml._sl1500_.jpg\",\"width\":1500,\"height\":1500},{\"@type\":\"BreadcrumbList\",\"@id\":\"https:\/\/shops-usa.com\/product\/portativnyj-sterilizator-usb-ssha-grownsy\/#breadcrumb\",\"itemListElement\":[{\"@type\":\"ListItem\",\"position\":1,\"name\":\"Home\",\"item\":\"https:\/\/shops-usa.com\/\"},{\"@type\":\"ListItem\",\"position\":2,\"name\":\"\u041a\u0430\u0442\u0430\u043b\u043e\u0433\",\"item\":\"https:\/\/shops-usa.com\/catalogue\/\"},{\"@type\":\"ListItem\",\"position\":3,\"name\":\"\u041f\u043e\u0440\u0442\u0430\u0442\u0438\u0432\u043d\u044b\u0439 \u0441\u0442\u0435\u0440\u0438\u043b\u0438\u0437\u0430\u0442\u043e\u0440 USB (\u0421\u0428\u0410) GROWNSY\"}]},{\"@type\":\"WebSite\",\"@id\":\"https:\/\/shops-usa.com\/#website\",\"url\":\"https:\/\/shops-usa.com\/\",\"name\":\"ShopsUSA\",\"description\":\"Quality products from USA\",\"publisher\":{\"@id\":\"https:\/\/shops-usa.com\/#organization\"},\"potentialAction\":[{\"@type\":\"SearchAction\",\"target\":{\"@type\":\"EntryPoint\",\"urlTemplate\":\"https:\/\/shops-usa.com\/?s={search_term_string}\"},\"query-input\":{\"@type\":\"PropertyValueSpecification\",\"valueRequired\":true,\"valueName\":\"search_term_string\"}}],\"inLanguage\":\"lt-LT\"},{\"@type\":\"Organization\",\"@id\":\"https:\/\/shops-usa.com\/#organization\",\"name\":\"SHOPS USA\",\"alternateName\":\"SHOPS\",\"url\":\"https:\/\/shops-usa.com\/\",\"logo\":{\"@type\":\"ImageObject\",\"inLanguage\":\"lt-LT\",\"@id\":\"https:\/\/shops-usa.com\/#\/schema\/logo\/image\/\",\"url\":\"https:\/\/shops-usa.com\/wp-content\/uploads\/2025\/12\/letter_final_white-1.png\",\"contentUrl\":\"https:\/\/shops-usa.com\/wp-content\/uploads\/2025\/12\/letter_final_white-1.png\",\"width\":1711,\"height\":1949,\"caption\":\"SHOPS USA\"},\"image\":{\"@id\":\"https:\/\/shops-usa.com\/#\/schema\/logo\/image\/\"}}]}<\/script>\n<!-- \/ Yoast SEO plugin. -->","yoast_head_json":{"title":"\u041f\u043e\u0440\u0442\u0430\u0442\u0438\u0432\u043d\u044b\u0439 \u0441\u0442\u0435\u0440\u0438\u043b\u0438\u0437\u0430\u0442\u043e\u0440 USB (\u0421\u0428\u0410) GROWNSY - ShopsUSA","robots":{"index":"index","follow":"follow","max-snippet":"max-snippet:-1","max-image-preview":"max-image-preview:large","max-video-preview":"max-video-preview:-1"},"canonical":"https:\/\/shops-usa.com\/lt\/produktas\/portativnyj-sterilizator-usb-ssha-grownsy\/?wmc-currency=EUR","og_locale":"lt_LT","og_type":"article","og_title":"\u041f\u043e\u0440\u0442\u0430\u0442\u0438\u0432\u043d\u044b\u0439 \u0441\u0442\u0435\u0440\u0438\u043b\u0438\u0437\u0430\u0442\u043e\u0440 USB (\u0421\u0428\u0410) GROWNSY - ShopsUSA","og_description":"\u041f\u043e\u0440\u0442\u0430\u0442\u0438\u0432\u043d\u044b\u0439 \u0441\u0442\u0435\u0440\u0438\u043b\u0438\u0437\u0430\u0442\u043e\u0440. \u0423\u0431\u0438\u0432\u0430\u0435\u0442 99,99% \u0431\u0430\u043a\u0442\u0435\u0440\u0438\u0439 \u0438 \u0432\u0438\u0440\u0443\u0441\u043e\u0432 \u0437\u0430 59 \u0441\u0435\u043a\u0443\u043d\u0434 \u0441 \u043f\u043e\u043c\u043e\u0449\u044c\u044e \u0441\u0432\u0435\u0442\u043e\u0434\u0438\u043e\u0434\u0430 U-V-C.","og_url":"https:\/\/shops-usa.com\/lt\/produktas\/portativnyj-sterilizator-usb-ssha-grownsy\/?wmc-currency=EUR","og_site_name":"ShopsUSA","article_modified_time":"2024-12-18T14:35:28+00:00","og_image":[{"width":1500,"height":1500,"url":"https:\/\/shops-usa.com\/wp-content\/uploads\/2024\/12\/71vlznwidml._sl1500_.jpg","type":"image\/jpeg"}],"twitter_card":"summary_large_image","schema":{"@context":"https:\/\/schema.org","@graph":[{"@type":"WebPage","@id":"https:\/\/shops-usa.com\/product\/portativnyj-sterilizator-usb-ssha-grownsy\/","url":"https:\/\/shops-usa.com\/product\/portativnyj-sterilizator-usb-ssha-grownsy\/","name":"\u041f\u043e\u0440\u0442\u0430\u0442\u0438\u0432\u043d\u044b\u0439 \u0441\u0442\u0435\u0440\u0438\u043b\u0438\u0437\u0430\u0442\u043e\u0440 USB (\u0421\u0428\u0410) GROWNSY - ShopsUSA","isPartOf":{"@id":"https:\/\/shops-usa.com\/#website"},"primaryImageOfPage":{"@id":"https:\/\/shops-usa.com\/product\/portativnyj-sterilizator-usb-ssha-grownsy\/#primaryimage"},"image":{"@id":"https:\/\/shops-usa.com\/product\/portativnyj-sterilizator-usb-ssha-grownsy\/#primaryimage"},"thumbnailUrl":"https:\/\/shops-usa.com\/wp-content\/uploads\/2024\/12\/71vlznwidml._sl1500_.jpg","datePublished":"2024-12-18T14:34:17+00:00","dateModified":"2024-12-18T14:35:28+00:00","breadcrumb":{"@id":"https:\/\/shops-usa.com\/product\/portativnyj-sterilizator-usb-ssha-grownsy\/#breadcrumb"},"inLanguage":"lt-LT","potentialAction":[{"@type":"ReadAction","target":["https:\/\/shops-usa.com\/product\/portativnyj-sterilizator-usb-ssha-grownsy\/"]}]},{"@type":"ImageObject","inLanguage":"lt-LT","@id":"https:\/\/shops-usa.com\/product\/portativnyj-sterilizator-usb-ssha-grownsy\/#primaryimage","url":"https:\/\/shops-usa.com\/wp-content\/uploads\/2024\/12\/71vlznwidml._sl1500_.jpg","contentUrl":"https:\/\/shops-usa.com\/wp-content\/uploads\/2024\/12\/71vlznwidml._sl1500_.jpg","width":1500,"height":1500},{"@type":"BreadcrumbList","@id":"https:\/\/shops-usa.com\/product\/portativnyj-sterilizator-usb-ssha-grownsy\/#breadcrumb","itemListElement":[{"@type":"ListItem","position":1,"name":"Home","item":"https:\/\/shops-usa.com\/"},{"@type":"ListItem","position":2,"name":"\u041a\u0430\u0442\u0430\u043b\u043e\u0433","item":"https:\/\/shops-usa.com\/catalogue\/"},{"@type":"ListItem","position":3,"name":"\u041f\u043e\u0440\u0442\u0430\u0442\u0438\u0432\u043d\u044b\u0439 \u0441\u0442\u0435\u0440\u0438\u043b\u0438\u0437\u0430\u0442\u043e\u0440 USB (\u0421\u0428\u0410) GROWNSY"}]},{"@type":"WebSite","@id":"https:\/\/shops-usa.com\/#website","url":"https:\/\/shops-usa.com\/","name":"ShopsUSA","description":"Quality products from USA","publisher":{"@id":"https:\/\/shops-usa.com\/#organization"},"potentialAction":[{"@type":"SearchAction","target":{"@type":"EntryPoint","urlTemplate":"https:\/\/shops-usa.com\/?s={search_term_string}"},"query-input":{"@type":"PropertyValueSpecification","valueRequired":true,"valueName":"search_term_string"}}],"inLanguage":"lt-LT"},{"@type":"Organization","@id":"https:\/\/shops-usa.com\/#organization","name":"SHOPS USA","alternateName":"SHOPS","url":"https:\/\/shops-usa.com\/","logo":{"@type":"ImageObject","inLanguage":"lt-LT","@id":"https:\/\/shops-usa.com\/#\/schema\/logo\/image\/","url":"https:\/\/shops-usa.com\/wp-content\/uploads\/2025\/12\/letter_final_white-1.png","contentUrl":"https:\/\/shops-usa.com\/wp-content\/uploads\/2025\/12\/letter_final_white-1.png","width":1711,"height":1949,"caption":"SHOPS USA"},"image":{"@id":"https:\/\/shops-usa.com\/#\/schema\/logo\/image\/"}}]}},"_links":{"self":[{"href":"https:\/\/shops-usa.com\/lt\/wp-json\/wp\/v2\/product\/51","targetHints":{"allow":["GET"]}}],"collection":[{"href":"https:\/\/shops-usa.com\/lt\/wp-json\/wp\/v2\/product"}],"about":[{"href":"https:\/\/shops-usa.com\/lt\/wp-json\/wp\/v2\/types\/product"}],"replies":[{"embeddable":true,"href":"https:\/\/shops-usa.com\/lt\/wp-json\/wp\/v2\/comments?post=51"}],"wp:featuredmedia":[{"embeddable":true,"href":"https:\/\/shops-usa.com\/lt\/wp-json\/wp\/v2\/media\/101"}],"wp:attachment":[{"href":"https:\/\/shops-usa.com\/lt\/wp-json\/wp\/v2\/media?parent=51"}],"wp:term":[{"taxonomy":"product_brand","embeddable":true,"href":"https:\/\/shops-usa.com\/lt\/wp-json\/wp\/v2\/product_brand?post=51"},{"taxonomy":"product_cat","embeddable":true,"href":"https:\/\/shops-usa.com\/lt\/wp-json\/wp\/v2\/product_cat?post=51"},{"taxonomy":"product_tag","embeddable":true,"href":"https:\/\/shops-usa.com\/lt\/wp-json\/wp\/v2\/product_tag?post=51"}],"curies":[{"name":"wp","href":"https:\/\/api.w.org\/{rel}","templated":true}]}}