{"id":50,"date":"2024-12-18T14:34:17","date_gmt":"2024-12-18T14:34:17","guid":{"rendered":"https:\/\/shops-usa.com\/?post_type=product&#038;p=50"},"modified":"2024-12-18T14:35:22","modified_gmt":"2024-12-18T14:35:22","slug":"dyhatelnyj-trenazher-ssha-breatherfit","status":"publish","type":"product","link":"https:\/\/shops-usa.com\/lt\/produktas\/dyhatelnyj-trenazher-ssha-breatherfit\/","title":{"rendered":"Kv\u0117pavimo treniruoklis (JAV) BreatherFit"},"content":{"rendered":"<p>\u201eBreathFit\u201c plau\u010di\u0173 treniruoklis yra ne\u0161iojamas ir paprastas naudoti, veikia tiek \u012fkv\u0117pus, tiek i\u0161kv\u0117pus, yra lengvai valomas ir, tinkamai pri\u017ei\u016brimas, tarnaus daugel\u012f met\u0173. D\u0117l modernaus dizaino jis turi daug reguliuojam\u0173 sl\u0117gio nustatym\u0173, kurie padeda lavinti plau\u010dius ir pagerina deguonies tiekim\u0105 \u012f k\u016bn\u0105. Deguonies treniruot\u0117s padeda pagerinti bendr\u0105 \u017emogaus fizin\u012f paj\u0117gum\u0105. Treniruoklis padeda pagerinti sportinius ir kitus \u0161irdies bei kraujagysli\u0173 sistemos veiklos rezultatus, suma\u017einti dusul\u012f, kuris riboja fizin\u012f kr\u016bv\u012f, ir tuo pa\u010diu metu pagreitinti atsigavim\u0105. Idealiai tinka profesionaliems sportininkams, \u017emon\u0117ms, sergantiems kv\u0117pavimo tak\u0173 ir \u0161irdies ligomis. Gaminio dydis ir svoris: 14 x 14 x 5 cm; 82 g.<\/p>","protected":false},"excerpt":{"rendered":"<p>Kv\u0117pavimo simuliatorius, ne\u0161iojamas ir paprastas naudoti, veikia tiek \u012fkv\u0117pus, tiek i\u0161kv\u0117pus, yra lengvai valomas ir su geru prilaikymu tarnaus daugel\u012f met\u0173.<\/p>","protected":false},"featured_media":98,"comment_status":"open","ping_status":"closed","template":"","meta":[],"product_brand":[],"product_cat":[24],"product_tag":[],"class_list":{"0":"post-50","1":"product","2":"type-product","3":"status-publish","4":"has-post-thumbnail","6":"product_cat-beatherfit","8":"first","9":"instock","10":"sale","11":"shipping-taxable","12":"purchasable","13":"product-type-simple"},"yoast_head":"<!-- This site is optimized with the Yoast SEO plugin v26.6 - https:\/\/yoast.com\/wordpress\/plugins\/seo\/ -->\n<title>\u0414\u044b\u0445\u0430\u0442\u0435\u043b\u044c\u043d\u044b\u0439 \u0442\u0440\u0435\u043d\u0430\u0436\u0435\u0440 (\u0421\u0428\u0410) BreatherFit - ShopsUSA<\/title>\n<meta name=\"robots\" content=\"index, follow, max-snippet:-1, max-image-preview:large, max-video-preview:-1\" \/>\n<link rel=\"canonical\" href=\"https:\/\/shops-usa.com\/lt\/produktas\/dyhatelnyj-trenazher-ssha-breatherfit\/?wmc-currency=EUR\" \/>\n<meta property=\"og:locale\" content=\"lt_LT\" \/>\n<meta property=\"og:type\" content=\"article\" \/>\n<meta property=\"og:title\" content=\"\u0414\u044b\u0445\u0430\u0442\u0435\u043b\u044c\u043d\u044b\u0439 \u0442\u0440\u0435\u043d\u0430\u0436\u0435\u0440 (\u0421\u0428\u0410) BreatherFit - ShopsUSA\" \/>\n<meta property=\"og:description\" content=\"\u0414\u044b\u0445\u0430\u0442\u0435\u043b\u044c\u043d\u044b\u0439 \u0442\u0440\u0435\u043d\u0430\u0436\u0435\u0440, \u043f\u043e\u0440\u0442\u0430\u0442\u0438\u0432\u043d\u044b\u0439 \u0438 \u043f\u0440\u043e\u0441\u0442 \u0432 \u043f\u0440\u0438\u043c\u0435\u043d\u0435\u043d\u0438\u0438, \u0440\u0430\u0431\u043e\u0442\u0430\u0435\u0442 \u043a\u0430\u043a \u0438 \u043d\u0430 \u0432\u0434\u043e\u0445 \u0442\u0430\u043a \u043d\u0430 \u0432\u044b\u0434\u043e\u0445, \u043b\u0435\u0433\u043a\u043e \u0447\u0438\u0441\u0442\u0438\u0442\u0441\u044f \u0438 \u043f\u0440\u0438 \u0445\u043e\u0440\u043e\u0448\u0435\u0439 \u043f\u043e\u0434\u0434\u0435\u0440\u0436\u043a\u0435 \u043f\u0440\u043e\u0441\u043b\u0443\u0436\u0438\u0442 \u043c\u043d\u043e\u0433\u043e \u043b\u0435\u0442.\" \/>\n<meta property=\"og:url\" content=\"https:\/\/shops-usa.com\/lt\/produktas\/dyhatelnyj-trenazher-ssha-breatherfit\/?wmc-currency=EUR\" \/>\n<meta property=\"og:site_name\" content=\"ShopsUSA\" \/>\n<meta property=\"article:modified_time\" content=\"2024-12-18T14:35:22+00:00\" \/>\n<meta property=\"og:image\" content=\"https:\/\/shops-usa.com\/wp-content\/uploads\/2024\/12\/1-5.jpg\" \/>\n\t<meta property=\"og:image:width\" content=\"1233\" \/>\n\t<meta property=\"og:image:height\" content=\"838\" \/>\n\t<meta property=\"og:image:type\" content=\"image\/jpeg\" \/>\n<meta name=\"twitter:card\" content=\"summary_large_image\" \/>\n<script type=\"application\/ld+json\" class=\"yoast-schema-graph\">{\"@context\":\"https:\/\/schema.org\",\"@graph\":[{\"@type\":\"WebPage\",\"@id\":\"https:\/\/shops-usa.com\/product\/dyhatelnyj-trenazher-ssha-breatherfit\/\",\"url\":\"https:\/\/shops-usa.com\/product\/dyhatelnyj-trenazher-ssha-breatherfit\/\",\"name\":\"\u0414\u044b\u0445\u0430\u0442\u0435\u043b\u044c\u043d\u044b\u0439 \u0442\u0440\u0435\u043d\u0430\u0436\u0435\u0440 (\u0421\u0428\u0410) BreatherFit - ShopsUSA\",\"isPartOf\":{\"@id\":\"https:\/\/shops-usa.com\/#website\"},\"primaryImageOfPage\":{\"@id\":\"https:\/\/shops-usa.com\/product\/dyhatelnyj-trenazher-ssha-breatherfit\/#primaryimage\"},\"image\":{\"@id\":\"https:\/\/shops-usa.com\/product\/dyhatelnyj-trenazher-ssha-breatherfit\/#primaryimage\"},\"thumbnailUrl\":\"https:\/\/shops-usa.com\/wp-content\/uploads\/2024\/12\/1-5.jpg\",\"datePublished\":\"2024-12-18T14:34:17+00:00\",\"dateModified\":\"2024-12-18T14:35:22+00:00\",\"breadcrumb\":{\"@id\":\"https:\/\/shops-usa.com\/product\/dyhatelnyj-trenazher-ssha-breatherfit\/#breadcrumb\"},\"inLanguage\":\"lt-LT\",\"potentialAction\":[{\"@type\":\"ReadAction\",\"target\":[\"https:\/\/shops-usa.com\/product\/dyhatelnyj-trenazher-ssha-breatherfit\/\"]}]},{\"@type\":\"ImageObject\",\"inLanguage\":\"lt-LT\",\"@id\":\"https:\/\/shops-usa.com\/product\/dyhatelnyj-trenazher-ssha-breatherfit\/#primaryimage\",\"url\":\"https:\/\/shops-usa.com\/wp-content\/uploads\/2024\/12\/1-5.jpg\",\"contentUrl\":\"https:\/\/shops-usa.com\/wp-content\/uploads\/2024\/12\/1-5.jpg\",\"width\":1233,\"height\":838},{\"@type\":\"BreadcrumbList\",\"@id\":\"https:\/\/shops-usa.com\/product\/dyhatelnyj-trenazher-ssha-breatherfit\/#breadcrumb\",\"itemListElement\":[{\"@type\":\"ListItem\",\"position\":1,\"name\":\"Home\",\"item\":\"https:\/\/shops-usa.com\/\"},{\"@type\":\"ListItem\",\"position\":2,\"name\":\"\u041a\u0430\u0442\u0430\u043b\u043e\u0433\",\"item\":\"https:\/\/shops-usa.com\/catalogue\/\"},{\"@type\":\"ListItem\",\"position\":3,\"name\":\"\u0414\u044b\u0445\u0430\u0442\u0435\u043b\u044c\u043d\u044b\u0439 \u0442\u0440\u0435\u043d\u0430\u0436\u0435\u0440 (\u0421\u0428\u0410) BreatherFit\"}]},{\"@type\":\"WebSite\",\"@id\":\"https:\/\/shops-usa.com\/#website\",\"url\":\"https:\/\/shops-usa.com\/\",\"name\":\"ShopsUSA\",\"description\":\"Quality products from USA\",\"publisher\":{\"@id\":\"https:\/\/shops-usa.com\/#organization\"},\"potentialAction\":[{\"@type\":\"SearchAction\",\"target\":{\"@type\":\"EntryPoint\",\"urlTemplate\":\"https:\/\/shops-usa.com\/?s={search_term_string}\"},\"query-input\":{\"@type\":\"PropertyValueSpecification\",\"valueRequired\":true,\"valueName\":\"search_term_string\"}}],\"inLanguage\":\"lt-LT\"},{\"@type\":\"Organization\",\"@id\":\"https:\/\/shops-usa.com\/#organization\",\"name\":\"SHOPS USA\",\"alternateName\":\"SHOPS\",\"url\":\"https:\/\/shops-usa.com\/\",\"logo\":{\"@type\":\"ImageObject\",\"inLanguage\":\"lt-LT\",\"@id\":\"https:\/\/shops-usa.com\/#\/schema\/logo\/image\/\",\"url\":\"https:\/\/shops-usa.com\/wp-content\/uploads\/2025\/12\/letter_final_white-1.png\",\"contentUrl\":\"https:\/\/shops-usa.com\/wp-content\/uploads\/2025\/12\/letter_final_white-1.png\",\"width\":1711,\"height\":1949,\"caption\":\"SHOPS USA\"},\"image\":{\"@id\":\"https:\/\/shops-usa.com\/#\/schema\/logo\/image\/\"}}]}<\/script>\n<!-- \/ Yoast SEO plugin. -->","yoast_head_json":{"title":"\u0414\u044b\u0445\u0430\u0442\u0435\u043b\u044c\u043d\u044b\u0439 \u0442\u0440\u0435\u043d\u0430\u0436\u0435\u0440 (\u0421\u0428\u0410) BreatherFit - ShopsUSA","robots":{"index":"index","follow":"follow","max-snippet":"max-snippet:-1","max-image-preview":"max-image-preview:large","max-video-preview":"max-video-preview:-1"},"canonical":"https:\/\/shops-usa.com\/lt\/produktas\/dyhatelnyj-trenazher-ssha-breatherfit\/?wmc-currency=EUR","og_locale":"lt_LT","og_type":"article","og_title":"\u0414\u044b\u0445\u0430\u0442\u0435\u043b\u044c\u043d\u044b\u0439 \u0442\u0440\u0435\u043d\u0430\u0436\u0435\u0440 (\u0421\u0428\u0410) BreatherFit - ShopsUSA","og_description":"\u0414\u044b\u0445\u0430\u0442\u0435\u043b\u044c\u043d\u044b\u0439 \u0442\u0440\u0435\u043d\u0430\u0436\u0435\u0440, \u043f\u043e\u0440\u0442\u0430\u0442\u0438\u0432\u043d\u044b\u0439 \u0438 \u043f\u0440\u043e\u0441\u0442 \u0432 \u043f\u0440\u0438\u043c\u0435\u043d\u0435\u043d\u0438\u0438, \u0440\u0430\u0431\u043e\u0442\u0430\u0435\u0442 \u043a\u0430\u043a \u0438 \u043d\u0430 \u0432\u0434\u043e\u0445 \u0442\u0430\u043a \u043d\u0430 \u0432\u044b\u0434\u043e\u0445, \u043b\u0435\u0433\u043a\u043e \u0447\u0438\u0441\u0442\u0438\u0442\u0441\u044f \u0438 \u043f\u0440\u0438 \u0445\u043e\u0440\u043e\u0448\u0435\u0439 \u043f\u043e\u0434\u0434\u0435\u0440\u0436\u043a\u0435 \u043f\u0440\u043e\u0441\u043b\u0443\u0436\u0438\u0442 \u043c\u043d\u043e\u0433\u043e \u043b\u0435\u0442.","og_url":"https:\/\/shops-usa.com\/lt\/produktas\/dyhatelnyj-trenazher-ssha-breatherfit\/?wmc-currency=EUR","og_site_name":"ShopsUSA","article_modified_time":"2024-12-18T14:35:22+00:00","og_image":[{"width":1233,"height":838,"url":"https:\/\/shops-usa.com\/wp-content\/uploads\/2024\/12\/1-5.jpg","type":"image\/jpeg"}],"twitter_card":"summary_large_image","schema":{"@context":"https:\/\/schema.org","@graph":[{"@type":"WebPage","@id":"https:\/\/shops-usa.com\/product\/dyhatelnyj-trenazher-ssha-breatherfit\/","url":"https:\/\/shops-usa.com\/product\/dyhatelnyj-trenazher-ssha-breatherfit\/","name":"\u0414\u044b\u0445\u0430\u0442\u0435\u043b\u044c\u043d\u044b\u0439 \u0442\u0440\u0435\u043d\u0430\u0436\u0435\u0440 (\u0421\u0428\u0410) BreatherFit - ShopsUSA","isPartOf":{"@id":"https:\/\/shops-usa.com\/#website"},"primaryImageOfPage":{"@id":"https:\/\/shops-usa.com\/product\/dyhatelnyj-trenazher-ssha-breatherfit\/#primaryimage"},"image":{"@id":"https:\/\/shops-usa.com\/product\/dyhatelnyj-trenazher-ssha-breatherfit\/#primaryimage"},"thumbnailUrl":"https:\/\/shops-usa.com\/wp-content\/uploads\/2024\/12\/1-5.jpg","datePublished":"2024-12-18T14:34:17+00:00","dateModified":"2024-12-18T14:35:22+00:00","breadcrumb":{"@id":"https:\/\/shops-usa.com\/product\/dyhatelnyj-trenazher-ssha-breatherfit\/#breadcrumb"},"inLanguage":"lt-LT","potentialAction":[{"@type":"ReadAction","target":["https:\/\/shops-usa.com\/product\/dyhatelnyj-trenazher-ssha-breatherfit\/"]}]},{"@type":"ImageObject","inLanguage":"lt-LT","@id":"https:\/\/shops-usa.com\/product\/dyhatelnyj-trenazher-ssha-breatherfit\/#primaryimage","url":"https:\/\/shops-usa.com\/wp-content\/uploads\/2024\/12\/1-5.jpg","contentUrl":"https:\/\/shops-usa.com\/wp-content\/uploads\/2024\/12\/1-5.jpg","width":1233,"height":838},{"@type":"BreadcrumbList","@id":"https:\/\/shops-usa.com\/product\/dyhatelnyj-trenazher-ssha-breatherfit\/#breadcrumb","itemListElement":[{"@type":"ListItem","position":1,"name":"Home","item":"https:\/\/shops-usa.com\/"},{"@type":"ListItem","position":2,"name":"\u041a\u0430\u0442\u0430\u043b\u043e\u0433","item":"https:\/\/shops-usa.com\/catalogue\/"},{"@type":"ListItem","position":3,"name":"\u0414\u044b\u0445\u0430\u0442\u0435\u043b\u044c\u043d\u044b\u0439 \u0442\u0440\u0435\u043d\u0430\u0436\u0435\u0440 (\u0421\u0428\u0410) BreatherFit"}]},{"@type":"WebSite","@id":"https:\/\/shops-usa.com\/#website","url":"https:\/\/shops-usa.com\/","name":"ShopsUSA","description":"Quality products from USA","publisher":{"@id":"https:\/\/shops-usa.com\/#organization"},"potentialAction":[{"@type":"SearchAction","target":{"@type":"EntryPoint","urlTemplate":"https:\/\/shops-usa.com\/?s={search_term_string}"},"query-input":{"@type":"PropertyValueSpecification","valueRequired":true,"valueName":"search_term_string"}}],"inLanguage":"lt-LT"},{"@type":"Organization","@id":"https:\/\/shops-usa.com\/#organization","name":"SHOPS USA","alternateName":"SHOPS","url":"https:\/\/shops-usa.com\/","logo":{"@type":"ImageObject","inLanguage":"lt-LT","@id":"https:\/\/shops-usa.com\/#\/schema\/logo\/image\/","url":"https:\/\/shops-usa.com\/wp-content\/uploads\/2025\/12\/letter_final_white-1.png","contentUrl":"https:\/\/shops-usa.com\/wp-content\/uploads\/2025\/12\/letter_final_white-1.png","width":1711,"height":1949,"caption":"SHOPS USA"},"image":{"@id":"https:\/\/shops-usa.com\/#\/schema\/logo\/image\/"}}]}},"_links":{"self":[{"href":"https:\/\/shops-usa.com\/lt\/wp-json\/wp\/v2\/product\/50","targetHints":{"allow":["GET"]}}],"collection":[{"href":"https:\/\/shops-usa.com\/lt\/wp-json\/wp\/v2\/product"}],"about":[{"href":"https:\/\/shops-usa.com\/lt\/wp-json\/wp\/v2\/types\/product"}],"replies":[{"embeddable":true,"href":"https:\/\/shops-usa.com\/lt\/wp-json\/wp\/v2\/comments?post=50"}],"wp:featuredmedia":[{"embeddable":true,"href":"https:\/\/shops-usa.com\/lt\/wp-json\/wp\/v2\/media\/98"}],"wp:attachment":[{"href":"https:\/\/shops-usa.com\/lt\/wp-json\/wp\/v2\/media?parent=50"}],"wp:term":[{"taxonomy":"product_brand","embeddable":true,"href":"https:\/\/shops-usa.com\/lt\/wp-json\/wp\/v2\/product_brand?post=50"},{"taxonomy":"product_cat","embeddable":true,"href":"https:\/\/shops-usa.com\/lt\/wp-json\/wp\/v2\/product_cat?post=50"},{"taxonomy":"product_tag","embeddable":true,"href":"https:\/\/shops-usa.com\/lt\/wp-json\/wp\/v2\/product_tag?post=50"}],"curies":[{"name":"wp","href":"https:\/\/api.w.org\/{rel}","templated":true}]}}