{"id":48,"date":"2024-12-18T14:34:17","date_gmt":"2024-12-18T14:34:17","guid":{"rendered":"https:\/\/shops-usa.com\/?post_type=product&#038;p=48"},"modified":"2026-02-06T16:55:45","modified_gmt":"2026-02-06T16:55:45","slug":"lazernoe-ustrojstvo-i-sredstvo-dlya-udaleniya-gribka-nogtej-ssha-magnetoe","status":"publish","type":"product","link":"https:\/\/shops-usa.com\/lt\/produktas\/lazernoe-ustrojstvo-i-sredstvo-dlya-udaleniya-gribka-nogtej-ssha-magnetoe\/","title":{"rendered":"\u201eMagnetoe\u201c (JAV) lazerinis prietaisas ir tepalas nag\u0173 grybeliui \u0161alinti"},"content":{"rendered":"<p>Neskausmingas ir patogus: gydant onichomikoz\u0119, n\u0117ra jokios \u017ealos ar skausmo. Daugiau joki\u0173 nepatogi\u0173 situacij\u0173, joki\u0173 krem\u0173, pur\u0161kal\u0173, jokio \u0161alutinio poveikio, joki\u0173 recept\u0173 ar vaist\u0173 \u2013 saugi fizin\u0117 terapija \u2013 galite atsikratyti grybelio kart\u0105 ir visiems laikams. Neskausmingai pa\u0161alina nag\u0173, nago guoli\u0173 ir odeli\u0173 grybel\u012f. \u0160is lazerinis nag\u0173 grybelio gydymo prietaisas leid\u017eia pamatyti stulbinamus rezultatus vos per kelias savaites, vos per 7 minutes per dien\u0105 namuose, ir automati\u0161kai i\u0161sijungia po 7 minu\u010di\u0173 seanso. \u201eMagnetoe\u201c yra lengvas ir kompakti\u0161kas lazerinis grybelio gydymo prietaisas, pakankamai ma\u017eas, kad gal\u0117tum\u0117te ne\u0161iotis su savimi, tod\u0117l nag\u0173 grybelio gydym\u0105 galite atlikti bet kada ir bet kur. Jis yra ekonomi\u0161kas ir veiksmingas kovojant su onichomikoze. Pa\u017eangi technologija: lazerinis nag\u0173 grybelio gydymas sujungia impulsin\u0119 lazerio \u0161vies\u0105 ir m\u0117lynosios \u0161viesos energij\u0105, tod\u0117l gaunamas sinerginis terapinis poveikis. \u0160altojo infraraudonojo spinduliavimo lazerio terapija su 905 nm ir m\u0117lyna \u0161viesa su 465 nm dezinfekcijai. Klini\u0161kai patikrinta, auk\u0161tos kokyb\u0117s, sertifikuota CE, RoHS, ISO9001 ir IS013485. \u0160altasis lazeris neveikia ir nepa\u017eeid\u017eia aplinkini\u0173 audini\u0173.<\/p>","protected":false},"excerpt":{"rendered":"<p>Lazerinis prietaisas ir losjonas nag\u0173 grybeliui \u0161alinti. Neskausmingai pa\u0161alina grybel\u012f nuo nag\u0173, nag\u0173 guoli\u0173 ir odeli\u0173.<\/p>","protected":false},"featured_media":89,"comment_status":"open","ping_status":"closed","template":"","meta":[],"product_brand":[],"product_cat":[52,22],"product_tag":[],"class_list":{"0":"post-48","1":"product","2":"type-product","3":"status-publish","4":"has-post-thumbnail","6":"product_cat-heureka-export","7":"product_cat-magnetoe","9":"first","10":"instock","11":"sale","12":"shipping-taxable","13":"purchasable","14":"product-type-simple"},"yoast_head":"<!-- This site is optimized with the Yoast SEO plugin v26.6 - https:\/\/yoast.com\/wordpress\/plugins\/seo\/ -->\n<title>\u041b\u0430\u0437\u0435\u0440\u043d\u043e\u0435 \u0443\u0441\u0442\u0440\u043e\u0439\u0441\u0442\u0432\u043e \u0438 \u0441\u0440\u0435\u0434\u0441\u0442\u0432\u043e \u0434\u043b\u044f \u0443\u0434\u0430\u043b\u0435\u043d\u0438\u044f \u0433\u0440\u0438\u0431\u043a\u0430 \u043d\u043e\u0433\u0442\u0435\u0439 (\u0421\u0428\u0410) Magnetoe - ShopsUSA<\/title>\n<meta name=\"robots\" content=\"index, follow, max-snippet:-1, max-image-preview:large, max-video-preview:-1\" \/>\n<link rel=\"canonical\" href=\"https:\/\/shops-usa.com\/lt\/produktas\/lazernoe-ustrojstvo-i-sredstvo-dlya-udaleniya-gribka-nogtej-ssha-magnetoe\/?wmc-currency=EUR\" \/>\n<meta property=\"og:locale\" content=\"lt_LT\" \/>\n<meta property=\"og:type\" content=\"article\" \/>\n<meta property=\"og:title\" content=\"\u041b\u0430\u0437\u0435\u0440\u043d\u043e\u0435 \u0443\u0441\u0442\u0440\u043e\u0439\u0441\u0442\u0432\u043e \u0438 \u0441\u0440\u0435\u0434\u0441\u0442\u0432\u043e \u0434\u043b\u044f \u0443\u0434\u0430\u043b\u0435\u043d\u0438\u044f \u0433\u0440\u0438\u0431\u043a\u0430 \u043d\u043e\u0433\u0442\u0435\u0439 (\u0421\u0428\u0410) Magnetoe - ShopsUSA\" \/>\n<meta property=\"og:description\" content=\"\u041b\u0430\u0437\u0435\u0440\u043d\u043e\u0435 \u0443\u0441\u0442\u0440\u043e\u0439\u0441\u0442\u0432\u043e \u0438 \u0441\u0440\u0435\u0434\u0441\u0442\u0432\u043e \u0434\u043b\u044f \u0443\u0434\u0430\u043b\u0435\u043d\u0438\u044f \u0433\u0440\u0438\u0431\u043a\u0430 \u043d\u043e\u0433\u0442\u0435\u0439. \u0411\u0435\u0437\u0431\u043e\u043b\u0435\u0437\u043d\u0435\u043d\u043d\u043e \u0443\u0441\u0442\u0440\u0430\u043d\u044f\u0435\u0442 \u0433\u0440\u0438\u0431\u043e\u043a \u043d\u043e\u0433\u0442\u0435\u0439, \u043d\u043e\u0433\u0442\u0435\u0432\u043e\u0433\u043e \u043b\u043e\u0436\u0430 \u0438 \u043a\u0443\u0442\u0438\u043a\u0443\u043b\u044b.\" \/>\n<meta property=\"og:url\" content=\"https:\/\/shops-usa.com\/lt\/produktas\/lazernoe-ustrojstvo-i-sredstvo-dlya-udaleniya-gribka-nogtej-ssha-magnetoe\/?wmc-currency=EUR\" \/>\n<meta property=\"og:site_name\" content=\"ShopsUSA\" \/>\n<meta property=\"article:modified_time\" content=\"2026-02-06T16:55:45+00:00\" \/>\n<meta property=\"og:image\" content=\"https:\/\/shops-usa.com\/wp-content\/uploads\/2024\/12\/12.jpg\" \/>\n\t<meta property=\"og:image:width\" content=\"1600\" \/>\n\t<meta property=\"og:image:height\" content=\"1600\" \/>\n\t<meta property=\"og:image:type\" content=\"image\/jpeg\" \/>\n<meta name=\"twitter:card\" content=\"summary_large_image\" \/>\n<meta name=\"twitter:label1\" content=\"Est. reading time\" \/>\n\t<meta name=\"twitter:data1\" content=\"1 minut\u0117\" \/>\n<script type=\"application\/ld+json\" class=\"yoast-schema-graph\">{\"@context\":\"https:\/\/schema.org\",\"@graph\":[{\"@type\":\"WebPage\",\"@id\":\"https:\/\/shops-usa.com\/product\/lazernoe-ustrojstvo-i-sredstvo-dlya-udaleniya-gribka-nogtej-ssha-magnetoe\/\",\"url\":\"https:\/\/shops-usa.com\/product\/lazernoe-ustrojstvo-i-sredstvo-dlya-udaleniya-gribka-nogtej-ssha-magnetoe\/\",\"name\":\"\u041b\u0430\u0437\u0435\u0440\u043d\u043e\u0435 \u0443\u0441\u0442\u0440\u043e\u0439\u0441\u0442\u0432\u043e \u0438 \u0441\u0440\u0435\u0434\u0441\u0442\u0432\u043e \u0434\u043b\u044f \u0443\u0434\u0430\u043b\u0435\u043d\u0438\u044f \u0433\u0440\u0438\u0431\u043a\u0430 \u043d\u043e\u0433\u0442\u0435\u0439 (\u0421\u0428\u0410) Magnetoe - ShopsUSA\",\"isPartOf\":{\"@id\":\"https:\/\/shops-usa.com\/#website\"},\"primaryImageOfPage\":{\"@id\":\"https:\/\/shops-usa.com\/product\/lazernoe-ustrojstvo-i-sredstvo-dlya-udaleniya-gribka-nogtej-ssha-magnetoe\/#primaryimage\"},\"image\":{\"@id\":\"https:\/\/shops-usa.com\/product\/lazernoe-ustrojstvo-i-sredstvo-dlya-udaleniya-gribka-nogtej-ssha-magnetoe\/#primaryimage\"},\"thumbnailUrl\":\"https:\/\/shops-usa.com\/wp-content\/uploads\/2024\/12\/12.jpg\",\"datePublished\":\"2024-12-18T14:34:17+00:00\",\"dateModified\":\"2026-02-06T16:55:45+00:00\",\"breadcrumb\":{\"@id\":\"https:\/\/shops-usa.com\/product\/lazernoe-ustrojstvo-i-sredstvo-dlya-udaleniya-gribka-nogtej-ssha-magnetoe\/#breadcrumb\"},\"inLanguage\":\"lt-LT\",\"potentialAction\":[{\"@type\":\"ReadAction\",\"target\":[\"https:\/\/shops-usa.com\/product\/lazernoe-ustrojstvo-i-sredstvo-dlya-udaleniya-gribka-nogtej-ssha-magnetoe\/\"]}]},{\"@type\":\"ImageObject\",\"inLanguage\":\"lt-LT\",\"@id\":\"https:\/\/shops-usa.com\/product\/lazernoe-ustrojstvo-i-sredstvo-dlya-udaleniya-gribka-nogtej-ssha-magnetoe\/#primaryimage\",\"url\":\"https:\/\/shops-usa.com\/wp-content\/uploads\/2024\/12\/12.jpg\",\"contentUrl\":\"https:\/\/shops-usa.com\/wp-content\/uploads\/2024\/12\/12.jpg\",\"width\":1600,\"height\":1600},{\"@type\":\"BreadcrumbList\",\"@id\":\"https:\/\/shops-usa.com\/product\/lazernoe-ustrojstvo-i-sredstvo-dlya-udaleniya-gribka-nogtej-ssha-magnetoe\/#breadcrumb\",\"itemListElement\":[{\"@type\":\"ListItem\",\"position\":1,\"name\":\"Home\",\"item\":\"https:\/\/shops-usa.com\/\"},{\"@type\":\"ListItem\",\"position\":2,\"name\":\"\u041a\u0430\u0442\u0430\u043b\u043e\u0433\",\"item\":\"https:\/\/shops-usa.com\/catalogue\/\"},{\"@type\":\"ListItem\",\"position\":3,\"name\":\"\u041b\u0430\u0437\u0435\u0440\u043d\u043e\u0435 \u0443\u0441\u0442\u0440\u043e\u0439\u0441\u0442\u0432\u043e \u0438 \u0441\u0440\u0435\u0434\u0441\u0442\u0432\u043e \u0434\u043b\u044f \u0443\u0434\u0430\u043b\u0435\u043d\u0438\u044f \u0433\u0440\u0438\u0431\u043a\u0430 \u043d\u043e\u0433\u0442\u0435\u0439 (\u0421\u0428\u0410) Magnetoe\"}]},{\"@type\":\"WebSite\",\"@id\":\"https:\/\/shops-usa.com\/#website\",\"url\":\"https:\/\/shops-usa.com\/\",\"name\":\"ShopsUSA\",\"description\":\"Quality products from USA\",\"publisher\":{\"@id\":\"https:\/\/shops-usa.com\/#organization\"},\"potentialAction\":[{\"@type\":\"SearchAction\",\"target\":{\"@type\":\"EntryPoint\",\"urlTemplate\":\"https:\/\/shops-usa.com\/?s={search_term_string}\"},\"query-input\":{\"@type\":\"PropertyValueSpecification\",\"valueRequired\":true,\"valueName\":\"search_term_string\"}}],\"inLanguage\":\"lt-LT\"},{\"@type\":\"Organization\",\"@id\":\"https:\/\/shops-usa.com\/#organization\",\"name\":\"SHOPS USA\",\"alternateName\":\"SHOPS\",\"url\":\"https:\/\/shops-usa.com\/\",\"logo\":{\"@type\":\"ImageObject\",\"inLanguage\":\"lt-LT\",\"@id\":\"https:\/\/shops-usa.com\/#\/schema\/logo\/image\/\",\"url\":\"https:\/\/shops-usa.com\/wp-content\/uploads\/2025\/12\/letter_final_white-1.png\",\"contentUrl\":\"https:\/\/shops-usa.com\/wp-content\/uploads\/2025\/12\/letter_final_white-1.png\",\"width\":1711,\"height\":1949,\"caption\":\"SHOPS USA\"},\"image\":{\"@id\":\"https:\/\/shops-usa.com\/#\/schema\/logo\/image\/\"}}]}<\/script>\n<!-- \/ Yoast SEO plugin. -->","yoast_head_json":{"title":"\u041b\u0430\u0437\u0435\u0440\u043d\u043e\u0435 \u0443\u0441\u0442\u0440\u043e\u0439\u0441\u0442\u0432\u043e \u0438 \u0441\u0440\u0435\u0434\u0441\u0442\u0432\u043e \u0434\u043b\u044f \u0443\u0434\u0430\u043b\u0435\u043d\u0438\u044f \u0433\u0440\u0438\u0431\u043a\u0430 \u043d\u043e\u0433\u0442\u0435\u0439 (\u0421\u0428\u0410) Magnetoe - ShopsUSA","robots":{"index":"index","follow":"follow","max-snippet":"max-snippet:-1","max-image-preview":"max-image-preview:large","max-video-preview":"max-video-preview:-1"},"canonical":"https:\/\/shops-usa.com\/lt\/produktas\/lazernoe-ustrojstvo-i-sredstvo-dlya-udaleniya-gribka-nogtej-ssha-magnetoe\/?wmc-currency=EUR","og_locale":"lt_LT","og_type":"article","og_title":"\u041b\u0430\u0437\u0435\u0440\u043d\u043e\u0435 \u0443\u0441\u0442\u0440\u043e\u0439\u0441\u0442\u0432\u043e \u0438 \u0441\u0440\u0435\u0434\u0441\u0442\u0432\u043e \u0434\u043b\u044f \u0443\u0434\u0430\u043b\u0435\u043d\u0438\u044f \u0433\u0440\u0438\u0431\u043a\u0430 \u043d\u043e\u0433\u0442\u0435\u0439 (\u0421\u0428\u0410) Magnetoe - ShopsUSA","og_description":"\u041b\u0430\u0437\u0435\u0440\u043d\u043e\u0435 \u0443\u0441\u0442\u0440\u043e\u0439\u0441\u0442\u0432\u043e \u0438 \u0441\u0440\u0435\u0434\u0441\u0442\u0432\u043e \u0434\u043b\u044f \u0443\u0434\u0430\u043b\u0435\u043d\u0438\u044f \u0433\u0440\u0438\u0431\u043a\u0430 \u043d\u043e\u0433\u0442\u0435\u0439. \u0411\u0435\u0437\u0431\u043e\u043b\u0435\u0437\u043d\u0435\u043d\u043d\u043e \u0443\u0441\u0442\u0440\u0430\u043d\u044f\u0435\u0442 \u0433\u0440\u0438\u0431\u043e\u043a \u043d\u043e\u0433\u0442\u0435\u0439, \u043d\u043e\u0433\u0442\u0435\u0432\u043e\u0433\u043e \u043b\u043e\u0436\u0430 \u0438 \u043a\u0443\u0442\u0438\u043a\u0443\u043b\u044b.","og_url":"https:\/\/shops-usa.com\/lt\/produktas\/lazernoe-ustrojstvo-i-sredstvo-dlya-udaleniya-gribka-nogtej-ssha-magnetoe\/?wmc-currency=EUR","og_site_name":"ShopsUSA","article_modified_time":"2026-02-06T16:55:45+00:00","og_image":[{"width":1600,"height":1600,"url":"https:\/\/shops-usa.com\/wp-content\/uploads\/2024\/12\/12.jpg","type":"image\/jpeg"}],"twitter_card":"summary_large_image","twitter_misc":{"Est. reading time":"1 minut\u0117"},"schema":{"@context":"https:\/\/schema.org","@graph":[{"@type":"WebPage","@id":"https:\/\/shops-usa.com\/product\/lazernoe-ustrojstvo-i-sredstvo-dlya-udaleniya-gribka-nogtej-ssha-magnetoe\/","url":"https:\/\/shops-usa.com\/product\/lazernoe-ustrojstvo-i-sredstvo-dlya-udaleniya-gribka-nogtej-ssha-magnetoe\/","name":"\u041b\u0430\u0437\u0435\u0440\u043d\u043e\u0435 \u0443\u0441\u0442\u0440\u043e\u0439\u0441\u0442\u0432\u043e \u0438 \u0441\u0440\u0435\u0434\u0441\u0442\u0432\u043e \u0434\u043b\u044f \u0443\u0434\u0430\u043b\u0435\u043d\u0438\u044f \u0433\u0440\u0438\u0431\u043a\u0430 \u043d\u043e\u0433\u0442\u0435\u0439 (\u0421\u0428\u0410) Magnetoe - ShopsUSA","isPartOf":{"@id":"https:\/\/shops-usa.com\/#website"},"primaryImageOfPage":{"@id":"https:\/\/shops-usa.com\/product\/lazernoe-ustrojstvo-i-sredstvo-dlya-udaleniya-gribka-nogtej-ssha-magnetoe\/#primaryimage"},"image":{"@id":"https:\/\/shops-usa.com\/product\/lazernoe-ustrojstvo-i-sredstvo-dlya-udaleniya-gribka-nogtej-ssha-magnetoe\/#primaryimage"},"thumbnailUrl":"https:\/\/shops-usa.com\/wp-content\/uploads\/2024\/12\/12.jpg","datePublished":"2024-12-18T14:34:17+00:00","dateModified":"2026-02-06T16:55:45+00:00","breadcrumb":{"@id":"https:\/\/shops-usa.com\/product\/lazernoe-ustrojstvo-i-sredstvo-dlya-udaleniya-gribka-nogtej-ssha-magnetoe\/#breadcrumb"},"inLanguage":"lt-LT","potentialAction":[{"@type":"ReadAction","target":["https:\/\/shops-usa.com\/product\/lazernoe-ustrojstvo-i-sredstvo-dlya-udaleniya-gribka-nogtej-ssha-magnetoe\/"]}]},{"@type":"ImageObject","inLanguage":"lt-LT","@id":"https:\/\/shops-usa.com\/product\/lazernoe-ustrojstvo-i-sredstvo-dlya-udaleniya-gribka-nogtej-ssha-magnetoe\/#primaryimage","url":"https:\/\/shops-usa.com\/wp-content\/uploads\/2024\/12\/12.jpg","contentUrl":"https:\/\/shops-usa.com\/wp-content\/uploads\/2024\/12\/12.jpg","width":1600,"height":1600},{"@type":"BreadcrumbList","@id":"https:\/\/shops-usa.com\/product\/lazernoe-ustrojstvo-i-sredstvo-dlya-udaleniya-gribka-nogtej-ssha-magnetoe\/#breadcrumb","itemListElement":[{"@type":"ListItem","position":1,"name":"Home","item":"https:\/\/shops-usa.com\/"},{"@type":"ListItem","position":2,"name":"\u041a\u0430\u0442\u0430\u043b\u043e\u0433","item":"https:\/\/shops-usa.com\/catalogue\/"},{"@type":"ListItem","position":3,"name":"\u041b\u0430\u0437\u0435\u0440\u043d\u043e\u0435 \u0443\u0441\u0442\u0440\u043e\u0439\u0441\u0442\u0432\u043e \u0438 \u0441\u0440\u0435\u0434\u0441\u0442\u0432\u043e \u0434\u043b\u044f \u0443\u0434\u0430\u043b\u0435\u043d\u0438\u044f \u0433\u0440\u0438\u0431\u043a\u0430 \u043d\u043e\u0433\u0442\u0435\u0439 (\u0421\u0428\u0410) Magnetoe"}]},{"@type":"WebSite","@id":"https:\/\/shops-usa.com\/#website","url":"https:\/\/shops-usa.com\/","name":"ShopsUSA","description":"Quality products from USA","publisher":{"@id":"https:\/\/shops-usa.com\/#organization"},"potentialAction":[{"@type":"SearchAction","target":{"@type":"EntryPoint","urlTemplate":"https:\/\/shops-usa.com\/?s={search_term_string}"},"query-input":{"@type":"PropertyValueSpecification","valueRequired":true,"valueName":"search_term_string"}}],"inLanguage":"lt-LT"},{"@type":"Organization","@id":"https:\/\/shops-usa.com\/#organization","name":"SHOPS USA","alternateName":"SHOPS","url":"https:\/\/shops-usa.com\/","logo":{"@type":"ImageObject","inLanguage":"lt-LT","@id":"https:\/\/shops-usa.com\/#\/schema\/logo\/image\/","url":"https:\/\/shops-usa.com\/wp-content\/uploads\/2025\/12\/letter_final_white-1.png","contentUrl":"https:\/\/shops-usa.com\/wp-content\/uploads\/2025\/12\/letter_final_white-1.png","width":1711,"height":1949,"caption":"SHOPS USA"},"image":{"@id":"https:\/\/shops-usa.com\/#\/schema\/logo\/image\/"}}]}},"_links":{"self":[{"href":"https:\/\/shops-usa.com\/lt\/wp-json\/wp\/v2\/product\/48","targetHints":{"allow":["GET"]}}],"collection":[{"href":"https:\/\/shops-usa.com\/lt\/wp-json\/wp\/v2\/product"}],"about":[{"href":"https:\/\/shops-usa.com\/lt\/wp-json\/wp\/v2\/types\/product"}],"replies":[{"embeddable":true,"href":"https:\/\/shops-usa.com\/lt\/wp-json\/wp\/v2\/comments?post=48"}],"wp:featuredmedia":[{"embeddable":true,"href":"https:\/\/shops-usa.com\/lt\/wp-json\/wp\/v2\/media\/89"}],"wp:attachment":[{"href":"https:\/\/shops-usa.com\/lt\/wp-json\/wp\/v2\/media?parent=48"}],"wp:term":[{"taxonomy":"product_brand","embeddable":true,"href":"https:\/\/shops-usa.com\/lt\/wp-json\/wp\/v2\/product_brand?post=48"},{"taxonomy":"product_cat","embeddable":true,"href":"https:\/\/shops-usa.com\/lt\/wp-json\/wp\/v2\/product_cat?post=48"},{"taxonomy":"product_tag","embeddable":true,"href":"https:\/\/shops-usa.com\/lt\/wp-json\/wp\/v2\/product_tag?post=48"}],"curies":[{"name":"wp","href":"https:\/\/api.w.org\/{rel}","templated":true}]}}