{"id":42,"date":"2024-12-18T14:34:16","date_gmt":"2024-12-18T14:34:16","guid":{"rendered":"https:\/\/shops-usa.com\/?post_type=product&#038;p=42"},"modified":"2025-11-08T08:10:19","modified_gmt":"2025-11-08T08:10:19","slug":"maska-dlya-uhoda-za-kozhej-licza-ssha-aphrona","status":"publish","type":"product","link":"https:\/\/shops-usa.com\/lt\/produktas\/maska-dlya-uhoda-za-kozhej-licza-ssha-aphrona\/","title":{"rendered":"Aphrona (\u0421\u0428\u0410) Veido odos prie\u017ei\u016bros kauk\u0117"},"content":{"rendered":"<p>Lust\u0173 galia ir kokyb\u0117 yra pagrindiniai LED odos gydymo principai. \u201eAphrona\u201c kauk\u0117je yra LED lustai, kuri\u0173 efektyvumas siekia 99 %. Ji idealiai tinka opoms, cistinei aknei ir ink\u0161tirams gydyti, naikina bakterijas, sukelian\u010dias spuogus ir b\u0117rimus. Ji suma\u017eina poras, i\u0161lygina rauk\u0161les, ma\u017eina odos pigmentacij\u0105 ir paraudim\u0105, skatina kolageno ir elastino gamyb\u0105 bei ma\u017eina patinim\u0105. Spuogai atsiranda, kai m\u016bs\u0173 liaukos gamina per daug riebal\u0173 (riebal\u0173), kurie kem\u0161a poras ir leid\u017eia bakterijoms augti. \u201eAphrona\u201c kauk\u0117 yra galingas, efektyvus ir nat\u016bralus metodas norint pasiekti \u0161vari\u0105 ir sveik\u0105 od\u0105. J\u0105 galima naudoti bet kokio tipo odai. Vos per kelias minutes per dien\u0105 galite gydyti esamus spuogus, suma\u017einti b\u0117rimus ir atkurti \u0161vari\u0105, sveik\u0105 odos i\u0161vaizd\u0105. Galimi 10 intensyvumo nustatym\u0173 ir 3 spalv\u0173 nustatymai skirtingoms odos problemoms (m\u0117lyna, \u017ealia ir raudona). Seanso trukm\u0117 \u2013 nuo \u200b\u200b5 iki 50 minu\u010di\u0173. Atsparus \u012fbr\u0117\u017eimams. Laikymo d\u0117klas. Sukurtas ir pagamintas JAV. Matmenys ir svoris: 30 x 23 x 15 cm, 1,8 kg.<\/p>","protected":false},"excerpt":{"rendered":"<p>\u201eAphrona\u201c kauk\u0117 yra galingas, efektyvus ir nat\u016bralus metodas, padedantis pasiekti \u0161vari\u0105 ir sveik\u0105 od\u0105.<\/p>","protected":false},"featured_media":68,"comment_status":"open","ping_status":"closed","template":"","meta":[],"product_brand":[],"product_cat":[16],"product_tag":[],"class_list":{"0":"post-42","1":"product","2":"type-product","3":"status-publish","4":"has-post-thumbnail","6":"product_cat-aphrona","8":"first","9":"instock","10":"sale","11":"shipping-taxable","12":"purchasable","13":"product-type-simple"},"yoast_head":"<!-- This site is optimized with the Yoast SEO plugin v26.6 - https:\/\/yoast.com\/wordpress\/plugins\/seo\/ -->\n<title>\u041c\u0430\u0441\u043a\u0430 \u0434\u043b\u044f \u0443\u0445\u043e\u0434\u0430 \u0437\u0430 \u043a\u043e\u0436\u0435\u0439 \u043b\u0438\u0446\u0430 (\u0421\u0428\u0410) Aphrona - ShopsUSA<\/title>\n<meta name=\"robots\" content=\"index, follow, max-snippet:-1, max-image-preview:large, max-video-preview:-1\" \/>\n<link rel=\"canonical\" href=\"https:\/\/shops-usa.com\/lt\/produktas\/maska-dlya-uhoda-za-kozhej-licza-ssha-aphrona\/?wmc-currency=EUR\" \/>\n<meta property=\"og:locale\" content=\"lt_LT\" \/>\n<meta property=\"og:type\" content=\"article\" \/>\n<meta property=\"og:title\" content=\"\u041c\u0430\u0441\u043a\u0430 \u0434\u043b\u044f \u0443\u0445\u043e\u0434\u0430 \u0437\u0430 \u043a\u043e\u0436\u0435\u0439 \u043b\u0438\u0446\u0430 (\u0421\u0428\u0410) Aphrona - ShopsUSA\" \/>\n<meta property=\"og:description\" content=\"\u041c\u0430\u0441\u043a\u0430 Aphrona - \u044d\u0442\u043e \u043c\u043e\u0449\u043d\u044b\u0439, \u044d\u0444\u0444\u0435\u043a\u0442\u0438\u0432\u043d\u044b\u0439 \u0438 \u043d\u0430\u0442\u0443\u0440\u0430\u043b\u044c\u043d\u044b\u0439 \u043c\u0435\u0442\u043e\u0434, \u043f\u043e\u043c\u043e\u0433\u0430\u044e\u0449\u0438\u0439 \u0434\u043e\u0431\u0438\u0442\u044c\u0441\u044f \u0447\u0438\u0441\u0442\u043e\u0439 \u0438 \u0437\u0434\u043e\u0440\u043e\u0432\u043e\u0439 \u043a\u043e\u0436\u0438.\" \/>\n<meta property=\"og:url\" content=\"https:\/\/shops-usa.com\/lt\/produktas\/maska-dlya-uhoda-za-kozhej-licza-ssha-aphrona\/?wmc-currency=EUR\" \/>\n<meta property=\"og:site_name\" content=\"ShopsUSA\" \/>\n<meta property=\"article:modified_time\" content=\"2025-11-08T08:10:19+00:00\" \/>\n<meta property=\"og:image\" content=\"https:\/\/shops-usa.com\/wp-content\/uploads\/2024\/12\/1.jpg\" \/>\n\t<meta property=\"og:image:width\" content=\"1500\" \/>\n\t<meta property=\"og:image:height\" content=\"1500\" \/>\n\t<meta property=\"og:image:type\" content=\"image\/jpeg\" \/>\n<meta name=\"twitter:card\" content=\"summary_large_image\" \/>\n<script type=\"application\/ld+json\" class=\"yoast-schema-graph\">{\"@context\":\"https:\/\/schema.org\",\"@graph\":[{\"@type\":\"WebPage\",\"@id\":\"https:\/\/shops-usa.com\/product\/maska-dlya-uhoda-za-kozhej-licza-ssha-aphrona\/\",\"url\":\"https:\/\/shops-usa.com\/product\/maska-dlya-uhoda-za-kozhej-licza-ssha-aphrona\/\",\"name\":\"\u041c\u0430\u0441\u043a\u0430 \u0434\u043b\u044f \u0443\u0445\u043e\u0434\u0430 \u0437\u0430 \u043a\u043e\u0436\u0435\u0439 \u043b\u0438\u0446\u0430 (\u0421\u0428\u0410) Aphrona - ShopsUSA\",\"isPartOf\":{\"@id\":\"https:\/\/shops-usa.com\/#website\"},\"primaryImageOfPage\":{\"@id\":\"https:\/\/shops-usa.com\/product\/maska-dlya-uhoda-za-kozhej-licza-ssha-aphrona\/#primaryimage\"},\"image\":{\"@id\":\"https:\/\/shops-usa.com\/product\/maska-dlya-uhoda-za-kozhej-licza-ssha-aphrona\/#primaryimage\"},\"thumbnailUrl\":\"https:\/\/shops-usa.com\/wp-content\/uploads\/2024\/12\/1.jpg\",\"datePublished\":\"2024-12-18T14:34:16+00:00\",\"dateModified\":\"2025-11-08T08:10:19+00:00\",\"breadcrumb\":{\"@id\":\"https:\/\/shops-usa.com\/product\/maska-dlya-uhoda-za-kozhej-licza-ssha-aphrona\/#breadcrumb\"},\"inLanguage\":\"lt-LT\",\"potentialAction\":[{\"@type\":\"ReadAction\",\"target\":[\"https:\/\/shops-usa.com\/product\/maska-dlya-uhoda-za-kozhej-licza-ssha-aphrona\/\"]}]},{\"@type\":\"ImageObject\",\"inLanguage\":\"lt-LT\",\"@id\":\"https:\/\/shops-usa.com\/product\/maska-dlya-uhoda-za-kozhej-licza-ssha-aphrona\/#primaryimage\",\"url\":\"https:\/\/shops-usa.com\/wp-content\/uploads\/2024\/12\/1.jpg\",\"contentUrl\":\"https:\/\/shops-usa.com\/wp-content\/uploads\/2024\/12\/1.jpg\",\"width\":1500,\"height\":1500},{\"@type\":\"BreadcrumbList\",\"@id\":\"https:\/\/shops-usa.com\/product\/maska-dlya-uhoda-za-kozhej-licza-ssha-aphrona\/#breadcrumb\",\"itemListElement\":[{\"@type\":\"ListItem\",\"position\":1,\"name\":\"Home\",\"item\":\"https:\/\/shops-usa.com\/\"},{\"@type\":\"ListItem\",\"position\":2,\"name\":\"\u041a\u0430\u0442\u0430\u043b\u043e\u0433\",\"item\":\"https:\/\/shops-usa.com\/catalogue\/\"},{\"@type\":\"ListItem\",\"position\":3,\"name\":\"\u041c\u0430\u0441\u043a\u0430 \u0434\u043b\u044f \u0443\u0445\u043e\u0434\u0430 \u0437\u0430 \u043a\u043e\u0436\u0435\u0439 \u043b\u0438\u0446\u0430 (\u0421\u0428\u0410) Aphrona\"}]},{\"@type\":\"WebSite\",\"@id\":\"https:\/\/shops-usa.com\/#website\",\"url\":\"https:\/\/shops-usa.com\/\",\"name\":\"ShopsUSA\",\"description\":\"Quality products from USA\",\"publisher\":{\"@id\":\"https:\/\/shops-usa.com\/#organization\"},\"potentialAction\":[{\"@type\":\"SearchAction\",\"target\":{\"@type\":\"EntryPoint\",\"urlTemplate\":\"https:\/\/shops-usa.com\/?s={search_term_string}\"},\"query-input\":{\"@type\":\"PropertyValueSpecification\",\"valueRequired\":true,\"valueName\":\"search_term_string\"}}],\"inLanguage\":\"lt-LT\"},{\"@type\":\"Organization\",\"@id\":\"https:\/\/shops-usa.com\/#organization\",\"name\":\"SHOPS USA\",\"alternateName\":\"SHOPS\",\"url\":\"https:\/\/shops-usa.com\/\",\"logo\":{\"@type\":\"ImageObject\",\"inLanguage\":\"lt-LT\",\"@id\":\"https:\/\/shops-usa.com\/#\/schema\/logo\/image\/\",\"url\":\"https:\/\/shops-usa.com\/wp-content\/uploads\/2025\/12\/letter_final_white-1.png\",\"contentUrl\":\"https:\/\/shops-usa.com\/wp-content\/uploads\/2025\/12\/letter_final_white-1.png\",\"width\":1711,\"height\":1949,\"caption\":\"SHOPS USA\"},\"image\":{\"@id\":\"https:\/\/shops-usa.com\/#\/schema\/logo\/image\/\"}}]}<\/script>\n<!-- \/ Yoast SEO plugin. -->","yoast_head_json":{"title":"\u041c\u0430\u0441\u043a\u0430 \u0434\u043b\u044f \u0443\u0445\u043e\u0434\u0430 \u0437\u0430 \u043a\u043e\u0436\u0435\u0439 \u043b\u0438\u0446\u0430 (\u0421\u0428\u0410) Aphrona - ShopsUSA","robots":{"index":"index","follow":"follow","max-snippet":"max-snippet:-1","max-image-preview":"max-image-preview:large","max-video-preview":"max-video-preview:-1"},"canonical":"https:\/\/shops-usa.com\/lt\/produktas\/maska-dlya-uhoda-za-kozhej-licza-ssha-aphrona\/?wmc-currency=EUR","og_locale":"lt_LT","og_type":"article","og_title":"\u041c\u0430\u0441\u043a\u0430 \u0434\u043b\u044f \u0443\u0445\u043e\u0434\u0430 \u0437\u0430 \u043a\u043e\u0436\u0435\u0439 \u043b\u0438\u0446\u0430 (\u0421\u0428\u0410) Aphrona - ShopsUSA","og_description":"\u041c\u0430\u0441\u043a\u0430 Aphrona - \u044d\u0442\u043e \u043c\u043e\u0449\u043d\u044b\u0439, \u044d\u0444\u0444\u0435\u043a\u0442\u0438\u0432\u043d\u044b\u0439 \u0438 \u043d\u0430\u0442\u0443\u0440\u0430\u043b\u044c\u043d\u044b\u0439 \u043c\u0435\u0442\u043e\u0434, \u043f\u043e\u043c\u043e\u0433\u0430\u044e\u0449\u0438\u0439 \u0434\u043e\u0431\u0438\u0442\u044c\u0441\u044f \u0447\u0438\u0441\u0442\u043e\u0439 \u0438 \u0437\u0434\u043e\u0440\u043e\u0432\u043e\u0439 \u043a\u043e\u0436\u0438.","og_url":"https:\/\/shops-usa.com\/lt\/produktas\/maska-dlya-uhoda-za-kozhej-licza-ssha-aphrona\/?wmc-currency=EUR","og_site_name":"ShopsUSA","article_modified_time":"2025-11-08T08:10:19+00:00","og_image":[{"width":1500,"height":1500,"url":"https:\/\/shops-usa.com\/wp-content\/uploads\/2024\/12\/1.jpg","type":"image\/jpeg"}],"twitter_card":"summary_large_image","schema":{"@context":"https:\/\/schema.org","@graph":[{"@type":"WebPage","@id":"https:\/\/shops-usa.com\/product\/maska-dlya-uhoda-za-kozhej-licza-ssha-aphrona\/","url":"https:\/\/shops-usa.com\/product\/maska-dlya-uhoda-za-kozhej-licza-ssha-aphrona\/","name":"\u041c\u0430\u0441\u043a\u0430 \u0434\u043b\u044f \u0443\u0445\u043e\u0434\u0430 \u0437\u0430 \u043a\u043e\u0436\u0435\u0439 \u043b\u0438\u0446\u0430 (\u0421\u0428\u0410) Aphrona - ShopsUSA","isPartOf":{"@id":"https:\/\/shops-usa.com\/#website"},"primaryImageOfPage":{"@id":"https:\/\/shops-usa.com\/product\/maska-dlya-uhoda-za-kozhej-licza-ssha-aphrona\/#primaryimage"},"image":{"@id":"https:\/\/shops-usa.com\/product\/maska-dlya-uhoda-za-kozhej-licza-ssha-aphrona\/#primaryimage"},"thumbnailUrl":"https:\/\/shops-usa.com\/wp-content\/uploads\/2024\/12\/1.jpg","datePublished":"2024-12-18T14:34:16+00:00","dateModified":"2025-11-08T08:10:19+00:00","breadcrumb":{"@id":"https:\/\/shops-usa.com\/product\/maska-dlya-uhoda-za-kozhej-licza-ssha-aphrona\/#breadcrumb"},"inLanguage":"lt-LT","potentialAction":[{"@type":"ReadAction","target":["https:\/\/shops-usa.com\/product\/maska-dlya-uhoda-za-kozhej-licza-ssha-aphrona\/"]}]},{"@type":"ImageObject","inLanguage":"lt-LT","@id":"https:\/\/shops-usa.com\/product\/maska-dlya-uhoda-za-kozhej-licza-ssha-aphrona\/#primaryimage","url":"https:\/\/shops-usa.com\/wp-content\/uploads\/2024\/12\/1.jpg","contentUrl":"https:\/\/shops-usa.com\/wp-content\/uploads\/2024\/12\/1.jpg","width":1500,"height":1500},{"@type":"BreadcrumbList","@id":"https:\/\/shops-usa.com\/product\/maska-dlya-uhoda-za-kozhej-licza-ssha-aphrona\/#breadcrumb","itemListElement":[{"@type":"ListItem","position":1,"name":"Home","item":"https:\/\/shops-usa.com\/"},{"@type":"ListItem","position":2,"name":"\u041a\u0430\u0442\u0430\u043b\u043e\u0433","item":"https:\/\/shops-usa.com\/catalogue\/"},{"@type":"ListItem","position":3,"name":"\u041c\u0430\u0441\u043a\u0430 \u0434\u043b\u044f \u0443\u0445\u043e\u0434\u0430 \u0437\u0430 \u043a\u043e\u0436\u0435\u0439 \u043b\u0438\u0446\u0430 (\u0421\u0428\u0410) Aphrona"}]},{"@type":"WebSite","@id":"https:\/\/shops-usa.com\/#website","url":"https:\/\/shops-usa.com\/","name":"ShopsUSA","description":"Quality products from USA","publisher":{"@id":"https:\/\/shops-usa.com\/#organization"},"potentialAction":[{"@type":"SearchAction","target":{"@type":"EntryPoint","urlTemplate":"https:\/\/shops-usa.com\/?s={search_term_string}"},"query-input":{"@type":"PropertyValueSpecification","valueRequired":true,"valueName":"search_term_string"}}],"inLanguage":"lt-LT"},{"@type":"Organization","@id":"https:\/\/shops-usa.com\/#organization","name":"SHOPS USA","alternateName":"SHOPS","url":"https:\/\/shops-usa.com\/","logo":{"@type":"ImageObject","inLanguage":"lt-LT","@id":"https:\/\/shops-usa.com\/#\/schema\/logo\/image\/","url":"https:\/\/shops-usa.com\/wp-content\/uploads\/2025\/12\/letter_final_white-1.png","contentUrl":"https:\/\/shops-usa.com\/wp-content\/uploads\/2025\/12\/letter_final_white-1.png","width":1711,"height":1949,"caption":"SHOPS USA"},"image":{"@id":"https:\/\/shops-usa.com\/#\/schema\/logo\/image\/"}}]}},"_links":{"self":[{"href":"https:\/\/shops-usa.com\/lt\/wp-json\/wp\/v2\/product\/42","targetHints":{"allow":["GET"]}}],"collection":[{"href":"https:\/\/shops-usa.com\/lt\/wp-json\/wp\/v2\/product"}],"about":[{"href":"https:\/\/shops-usa.com\/lt\/wp-json\/wp\/v2\/types\/product"}],"replies":[{"embeddable":true,"href":"https:\/\/shops-usa.com\/lt\/wp-json\/wp\/v2\/comments?post=42"}],"wp:featuredmedia":[{"embeddable":true,"href":"https:\/\/shops-usa.com\/lt\/wp-json\/wp\/v2\/media\/68"}],"wp:attachment":[{"href":"https:\/\/shops-usa.com\/lt\/wp-json\/wp\/v2\/media?parent=42"}],"wp:term":[{"taxonomy":"product_brand","embeddable":true,"href":"https:\/\/shops-usa.com\/lt\/wp-json\/wp\/v2\/product_brand?post=42"},{"taxonomy":"product_cat","embeddable":true,"href":"https:\/\/shops-usa.com\/lt\/wp-json\/wp\/v2\/product_cat?post=42"},{"taxonomy":"product_tag","embeddable":true,"href":"https:\/\/shops-usa.com\/lt\/wp-json\/wp\/v2\/product_tag?post=42"}],"curies":[{"name":"wp","href":"https:\/\/api.w.org\/{rel}","templated":true}]}}