{"id":957,"date":"2026-01-30T13:05:04","date_gmt":"2026-01-30T13:05:04","guid":{"rendered":"https:\/\/shops-usa.com\/?post_type=product&#038;p=957"},"modified":"2026-01-30T13:42:33","modified_gmt":"2026-01-30T13:42:33","slug":"hairmax-laserband-82-ssha-obruch-s-lazerom-dlya-rosta-volos","status":"publish","type":"product","link":"https:\/\/shops-usa.com\/hu\/termek\/hairmax-laserband-82-ssha-obruch-s-lazerom-dlya-rosta-volos\/","title":{"rendered":"HairMax LaserBand 82 (\u0421\u0428\u0410) \u041e\u0431\u0440\u0443\u0447 \u0441 \u043b\u0430\u0437\u0435\u0440\u043e\u043c \u0434\u043b\u044f \u0440\u043e\u0441\u0442\u0430 \u0432\u043e\u043b\u043e\u0441"},"content":{"rendered":"<p>Hajn\u00f6veked\u00e9s: A l\u00e9zeres kezel\u00e9s fotobiostimul\u00e1ci\u00f3t alkalmaz, alacsony szint\u0171 l\u00e9zerter\u00e1pi\u00e1t (LLLT) biztos\u00edt, amely oxig\u00e9nt \u00e9s t\u00e1panyagokat sz\u00e1ll\u00edt a hajhagym\u00e1khoz, aktiv\u00e1lja azokat \u00e9s el\u0151seg\u00edti az er\u0151sebb hajn\u00f6veked\u00e9st. A HairMax l\u00e9zeres fejp\u00e1nt 8 FDA tan\u00fas\u00edtv\u00e1ny, 7 klinikai tanulm\u00e1ny, 14 nemzetk\u00f6zi orvosi enged\u00e9ly \u00e9s 6 publik\u00e1lt orvosi foly\u00f3irat hagyta j\u00f3v\u00e1. A HairMax l\u00e9zerk\u00e9sz\u00fcl\u00e9k klinikailag bizony\u00edtottan regener\u00e1lja a hajat, \u00e1tlagosan 15 tov\u00e1bbi hajsz\u00e1llal n\u00e9gyzetcentim\u00e9terenk\u00e9nt hat h\u00f3napos rendszeres haszn\u00e1lat ut\u00e1n. Rendk\u00edv\u00fcl k\u00e9nyelmes \u00e9s hordozhat\u00f3, otthoni \u00e9s \u00fatk\u00f6zbeni haszn\u00e1latra egyar\u00e1nt alkalmas. A k\u00f6nny\u0171 akkumul\u00e1tor hossz\u00fa t\u00f6lt\u00e9si id\u0151t biztos\u00edt, \u00e9s k\u00f6nnyen hordozhat\u00f3. K\u00f6nnyen kezelhet\u0151. Tartalmaz egy t\u00f6lt\u0151\u00e1llv\u00e1nyt, akkumul\u00e1tort, t\u00e1pk\u00e1belt, felhaszn\u00e1l\u00f3i k\u00e9zik\u00f6nyvet \u00e9s a k\u00e9sz\u00fcl\u00e9k garanci\u00e1j\u00e1t. Orvosok \u00e1ltal aj\u00e1nlott: klinikai vizsg\u00e1latok sor\u00e1n a felhaszn\u00e1l\u00f3k mind\u00f6ssze 3-6 h\u00f3nap alatt l\u00e1that\u00f3 eredm\u00e9nyeket l\u00e1ttak. A 2000-ben alap\u00edtott HairMax t\u00f6bb mint 1,8 milli\u00f3 k\u00e9sz\u00fcl\u00e9ket adott el vil\u00e1gszerte, \u00e9s glob\u00e1lis vezet\u0151 \u00e9s \u00fatt\u00f6r\u0151 a l\u00e9zeres hajn\u00f6veked\u00e9si ter\u00e1pia ter\u00fclet\u00e9n. Az orvosok a HairMax l\u00e9zerk\u00e9sz\u00fcl\u00e9keket aj\u00e1nlj\u00e1k az androg\u00e9n alopecia kezel\u00e9s\u00e9re, amely mag\u00e1ban foglalja az \u00f6r\u00f6kletes kopaszs\u00e1got, a f\u00e9rfi \u00e9s n\u0151i kopaszs\u00e1got, a menopauza sor\u00e1n fell\u00e9p\u0151 kopaszs\u00e1got, valamint az \u00e9letkorral \u00f6sszef\u00fcgg\u0151 hajhull\u00e1st \u00e9s hajritkul\u00e1st.<\/p>","protected":false},"excerpt":{"rendered":"<p>L\u00e9zeres sz\u0151rn\u00f6veszt\u0151 fejp\u00e1nt. A l\u00e9zeres kezel\u00e9s fotobiostimul\u00e1ci\u00f3t foglal mag\u00e1ban, alacsony szint\u0171 l\u00e9zerter\u00e1pi\u00e1t biztos\u00edtva.<\/p>","protected":false},"featured_media":958,"comment_status":"open","ping_status":"closed","template":"","meta":[],"product_brand":[],"product_cat":[28],"product_tag":[],"class_list":{"0":"post-957","1":"product","2":"type-product","3":"status-publish","4":"has-post-thumbnail","6":"product_cat-hairmax","8":"first","9":"instock","10":"sale","11":"shipping-taxable","12":"purchasable","13":"product-type-simple"},"yoast_head":"<!-- This site is optimized with the Yoast SEO plugin v26.6 - https:\/\/yoast.com\/wordpress\/plugins\/seo\/ -->\n<title>HairMax LaserBand 82 (\u0421\u0428\u0410) \u041e\u0431\u0440\u0443\u0447 \u0441 \u043b\u0430\u0437\u0435\u0440\u043e\u043c \u0434\u043b\u044f \u0440\u043e\u0441\u0442\u0430 \u0432\u043e\u043b\u043e\u0441 - ShopsUSA<\/title>\n<meta name=\"robots\" content=\"index, follow, max-snippet:-1, max-image-preview:large, max-video-preview:-1\" \/>\n<link rel=\"canonical\" href=\"https:\/\/shops-usa.com\/hu\/termek\/hairmax-laserband-82-ssha-obruch-s-lazerom-dlya-rosta-volos\/?wmc-currency=HUF\" \/>\n<meta property=\"og:locale\" content=\"hu_HU\" \/>\n<meta property=\"og:type\" content=\"article\" \/>\n<meta property=\"og:title\" content=\"HairMax LaserBand 82 (\u0421\u0428\u0410) \u041e\u0431\u0440\u0443\u0447 \u0441 \u043b\u0430\u0437\u0435\u0440\u043e\u043c \u0434\u043b\u044f \u0440\u043e\u0441\u0442\u0430 \u0432\u043e\u043b\u043e\u0441 - ShopsUSA\" \/>\n<meta property=\"og:description\" content=\"\u041e\u0431\u0440\u0443\u0447 \u0441 \u043b\u0430\u0437\u0435\u0440\u043e\u043c \u0434\u043b\u044f \u0440\u043e\u0441\u0442\u0430 \u0432\u043e\u043b\u043e\u0441. \u041b\u0430\u0437\u0435\u0440\u043d\u043e\u0435 \u043b\u0435\u0447\u0435\u043d\u0438\u0435 \u043f\u0440\u043e\u0445\u043e\u0434\u0438\u0442 \u0447\u0435\u0440\u0435\u0437 \u043f\u0440\u043e\u0446\u0435\u0441\u0441 \u0444\u043e\u0442\u043e\u0431\u0438\u043e\u0441\u0442\u0438\u043c\u0443\u043b\u044f\u0446\u0438\u0438, \u043e\u0431\u0435\u0441\u043f\u0435\u0447\u0438\u0432\u0430\u044f \u043d\u0438\u0437\u043a\u043e\u0443\u0440\u043e\u0432\u043d\u0435\u0432\u0443\u044e \u043b\u0430\u0437\u0435\u0440\u043d\u0443\u044e \u0442\u0435\u0440\u0430\u043f\u0438\u044e.\" \/>\n<meta property=\"og:url\" content=\"https:\/\/shops-usa.com\/hu\/termek\/hairmax-laserband-82-ssha-obruch-s-lazerom-dlya-rosta-volos\/?wmc-currency=HUF\" \/>\n<meta property=\"og:site_name\" content=\"ShopsUSA\" \/>\n<meta property=\"article:modified_time\" content=\"2026-01-30T13:42:33+00:00\" \/>\n<meta property=\"og:image\" content=\"https:\/\/shops-usa.com\/wp-content\/uploads\/2026\/01\/51.jpg\" \/>\n\t<meta property=\"og:image:width\" content=\"921\" \/>\n\t<meta property=\"og:image:height\" content=\"1000\" \/>\n\t<meta property=\"og:image:type\" content=\"image\/jpeg\" \/>\n<meta name=\"twitter:card\" content=\"summary_large_image\" \/>\n<meta name=\"twitter:label1\" content=\"Becs\u00fclt olvas\u00e1si id\u0151\" \/>\n\t<meta name=\"twitter:data1\" content=\"2 perc\" \/>\n<script type=\"application\/ld+json\" class=\"yoast-schema-graph\">{\"@context\":\"https:\/\/schema.org\",\"@graph\":[{\"@type\":\"WebPage\",\"@id\":\"https:\/\/shops-usa.com\/product\/hairmax-laserband-82-ssha-obruch-s-lazerom-dlya-rosta-volos\/\",\"url\":\"https:\/\/shops-usa.com\/product\/hairmax-laserband-82-ssha-obruch-s-lazerom-dlya-rosta-volos\/\",\"name\":\"HairMax LaserBand 82 (\u0421\u0428\u0410) \u041e\u0431\u0440\u0443\u0447 \u0441 \u043b\u0430\u0437\u0435\u0440\u043e\u043c \u0434\u043b\u044f \u0440\u043e\u0441\u0442\u0430 \u0432\u043e\u043b\u043e\u0441 - ShopsUSA\",\"isPartOf\":{\"@id\":\"https:\/\/shops-usa.com\/#website\"},\"primaryImageOfPage\":{\"@id\":\"https:\/\/shops-usa.com\/product\/hairmax-laserband-82-ssha-obruch-s-lazerom-dlya-rosta-volos\/#primaryimage\"},\"image\":{\"@id\":\"https:\/\/shops-usa.com\/product\/hairmax-laserband-82-ssha-obruch-s-lazerom-dlya-rosta-volos\/#primaryimage\"},\"thumbnailUrl\":\"https:\/\/shops-usa.com\/wp-content\/uploads\/2026\/01\/51.jpg\",\"datePublished\":\"2026-01-30T13:05:04+00:00\",\"dateModified\":\"2026-01-30T13:42:33+00:00\",\"breadcrumb\":{\"@id\":\"https:\/\/shops-usa.com\/product\/hairmax-laserband-82-ssha-obruch-s-lazerom-dlya-rosta-volos\/#breadcrumb\"},\"inLanguage\":\"hu\",\"potentialAction\":[{\"@type\":\"ReadAction\",\"target\":[\"https:\/\/shops-usa.com\/product\/hairmax-laserband-82-ssha-obruch-s-lazerom-dlya-rosta-volos\/\"]}]},{\"@type\":\"ImageObject\",\"inLanguage\":\"hu\",\"@id\":\"https:\/\/shops-usa.com\/product\/hairmax-laserband-82-ssha-obruch-s-lazerom-dlya-rosta-volos\/#primaryimage\",\"url\":\"https:\/\/shops-usa.com\/wp-content\/uploads\/2026\/01\/51.jpg\",\"contentUrl\":\"https:\/\/shops-usa.com\/wp-content\/uploads\/2026\/01\/51.jpg\",\"width\":921,\"height\":1000},{\"@type\":\"BreadcrumbList\",\"@id\":\"https:\/\/shops-usa.com\/product\/hairmax-laserband-82-ssha-obruch-s-lazerom-dlya-rosta-volos\/#breadcrumb\",\"itemListElement\":[{\"@type\":\"ListItem\",\"position\":1,\"name\":\"Home\",\"item\":\"https:\/\/shops-usa.com\/\"},{\"@type\":\"ListItem\",\"position\":2,\"name\":\"\u041a\u0430\u0442\u0430\u043b\u043e\u0433\",\"item\":\"https:\/\/shops-usa.com\/catalogue\/\"},{\"@type\":\"ListItem\",\"position\":3,\"name\":\"HairMax LaserBand 82 (\u0421\u0428\u0410) \u041e\u0431\u0440\u0443\u0447 \u0441 \u043b\u0430\u0437\u0435\u0440\u043e\u043c \u0434\u043b\u044f \u0440\u043e\u0441\u0442\u0430 \u0432\u043e\u043b\u043e\u0441\"}]},{\"@type\":\"WebSite\",\"@id\":\"https:\/\/shops-usa.com\/#website\",\"url\":\"https:\/\/shops-usa.com\/\",\"name\":\"ShopsUSA\",\"description\":\"Quality products from USA\",\"publisher\":{\"@id\":\"https:\/\/shops-usa.com\/#organization\"},\"potentialAction\":[{\"@type\":\"SearchAction\",\"target\":{\"@type\":\"EntryPoint\",\"urlTemplate\":\"https:\/\/shops-usa.com\/?s={search_term_string}\"},\"query-input\":{\"@type\":\"PropertyValueSpecification\",\"valueRequired\":true,\"valueName\":\"search_term_string\"}}],\"inLanguage\":\"hu\"},{\"@type\":\"Organization\",\"@id\":\"https:\/\/shops-usa.com\/#organization\",\"name\":\"SHOPS USA\",\"alternateName\":\"SHOPS\",\"url\":\"https:\/\/shops-usa.com\/\",\"logo\":{\"@type\":\"ImageObject\",\"inLanguage\":\"hu\",\"@id\":\"https:\/\/shops-usa.com\/#\/schema\/logo\/image\/\",\"url\":\"https:\/\/shops-usa.com\/wp-content\/uploads\/2025\/12\/letter_final_white-1.png\",\"contentUrl\":\"https:\/\/shops-usa.com\/wp-content\/uploads\/2025\/12\/letter_final_white-1.png\",\"width\":1711,\"height\":1949,\"caption\":\"SHOPS USA\"},\"image\":{\"@id\":\"https:\/\/shops-usa.com\/#\/schema\/logo\/image\/\"}}]}<\/script>\n<!-- \/ Yoast SEO plugin. -->","yoast_head_json":{"title":"HairMax LaserBand 82 (\u0421\u0428\u0410) \u041e\u0431\u0440\u0443\u0447 \u0441 \u043b\u0430\u0437\u0435\u0440\u043e\u043c \u0434\u043b\u044f \u0440\u043e\u0441\u0442\u0430 \u0432\u043e\u043b\u043e\u0441 - ShopsUSA","robots":{"index":"index","follow":"follow","max-snippet":"max-snippet:-1","max-image-preview":"max-image-preview:large","max-video-preview":"max-video-preview:-1"},"canonical":"https:\/\/shops-usa.com\/hu\/termek\/hairmax-laserband-82-ssha-obruch-s-lazerom-dlya-rosta-volos\/?wmc-currency=HUF","og_locale":"hu_HU","og_type":"article","og_title":"HairMax LaserBand 82 (\u0421\u0428\u0410) \u041e\u0431\u0440\u0443\u0447 \u0441 \u043b\u0430\u0437\u0435\u0440\u043e\u043c \u0434\u043b\u044f \u0440\u043e\u0441\u0442\u0430 \u0432\u043e\u043b\u043e\u0441 - ShopsUSA","og_description":"\u041e\u0431\u0440\u0443\u0447 \u0441 \u043b\u0430\u0437\u0435\u0440\u043e\u043c \u0434\u043b\u044f \u0440\u043e\u0441\u0442\u0430 \u0432\u043e\u043b\u043e\u0441. \u041b\u0430\u0437\u0435\u0440\u043d\u043e\u0435 \u043b\u0435\u0447\u0435\u043d\u0438\u0435 \u043f\u0440\u043e\u0445\u043e\u0434\u0438\u0442 \u0447\u0435\u0440\u0435\u0437 \u043f\u0440\u043e\u0446\u0435\u0441\u0441 \u0444\u043e\u0442\u043e\u0431\u0438\u043e\u0441\u0442\u0438\u043c\u0443\u043b\u044f\u0446\u0438\u0438, \u043e\u0431\u0435\u0441\u043f\u0435\u0447\u0438\u0432\u0430\u044f \u043d\u0438\u0437\u043a\u043e\u0443\u0440\u043e\u0432\u043d\u0435\u0432\u0443\u044e \u043b\u0430\u0437\u0435\u0440\u043d\u0443\u044e \u0442\u0435\u0440\u0430\u043f\u0438\u044e.","og_url":"https:\/\/shops-usa.com\/hu\/termek\/hairmax-laserband-82-ssha-obruch-s-lazerom-dlya-rosta-volos\/?wmc-currency=HUF","og_site_name":"ShopsUSA","article_modified_time":"2026-01-30T13:42:33+00:00","og_image":[{"width":921,"height":1000,"url":"https:\/\/shops-usa.com\/wp-content\/uploads\/2026\/01\/51.jpg","type":"image\/jpeg"}],"twitter_card":"summary_large_image","twitter_misc":{"Becs\u00fclt olvas\u00e1si id\u0151":"2 perc"},"schema":{"@context":"https:\/\/schema.org","@graph":[{"@type":"WebPage","@id":"https:\/\/shops-usa.com\/product\/hairmax-laserband-82-ssha-obruch-s-lazerom-dlya-rosta-volos\/","url":"https:\/\/shops-usa.com\/product\/hairmax-laserband-82-ssha-obruch-s-lazerom-dlya-rosta-volos\/","name":"HairMax LaserBand 82 (\u0421\u0428\u0410) \u041e\u0431\u0440\u0443\u0447 \u0441 \u043b\u0430\u0437\u0435\u0440\u043e\u043c \u0434\u043b\u044f \u0440\u043e\u0441\u0442\u0430 \u0432\u043e\u043b\u043e\u0441 - ShopsUSA","isPartOf":{"@id":"https:\/\/shops-usa.com\/#website"},"primaryImageOfPage":{"@id":"https:\/\/shops-usa.com\/product\/hairmax-laserband-82-ssha-obruch-s-lazerom-dlya-rosta-volos\/#primaryimage"},"image":{"@id":"https:\/\/shops-usa.com\/product\/hairmax-laserband-82-ssha-obruch-s-lazerom-dlya-rosta-volos\/#primaryimage"},"thumbnailUrl":"https:\/\/shops-usa.com\/wp-content\/uploads\/2026\/01\/51.jpg","datePublished":"2026-01-30T13:05:04+00:00","dateModified":"2026-01-30T13:42:33+00:00","breadcrumb":{"@id":"https:\/\/shops-usa.com\/product\/hairmax-laserband-82-ssha-obruch-s-lazerom-dlya-rosta-volos\/#breadcrumb"},"inLanguage":"hu","potentialAction":[{"@type":"ReadAction","target":["https:\/\/shops-usa.com\/product\/hairmax-laserband-82-ssha-obruch-s-lazerom-dlya-rosta-volos\/"]}]},{"@type":"ImageObject","inLanguage":"hu","@id":"https:\/\/shops-usa.com\/product\/hairmax-laserband-82-ssha-obruch-s-lazerom-dlya-rosta-volos\/#primaryimage","url":"https:\/\/shops-usa.com\/wp-content\/uploads\/2026\/01\/51.jpg","contentUrl":"https:\/\/shops-usa.com\/wp-content\/uploads\/2026\/01\/51.jpg","width":921,"height":1000},{"@type":"BreadcrumbList","@id":"https:\/\/shops-usa.com\/product\/hairmax-laserband-82-ssha-obruch-s-lazerom-dlya-rosta-volos\/#breadcrumb","itemListElement":[{"@type":"ListItem","position":1,"name":"Home","item":"https:\/\/shops-usa.com\/"},{"@type":"ListItem","position":2,"name":"\u041a\u0430\u0442\u0430\u043b\u043e\u0433","item":"https:\/\/shops-usa.com\/catalogue\/"},{"@type":"ListItem","position":3,"name":"HairMax LaserBand 82 (\u0421\u0428\u0410) \u041e\u0431\u0440\u0443\u0447 \u0441 \u043b\u0430\u0437\u0435\u0440\u043e\u043c \u0434\u043b\u044f \u0440\u043e\u0441\u0442\u0430 \u0432\u043e\u043b\u043e\u0441"}]},{"@type":"WebSite","@id":"https:\/\/shops-usa.com\/#website","url":"https:\/\/shops-usa.com\/","name":"ShopsUSA","description":"Quality products from USA","publisher":{"@id":"https:\/\/shops-usa.com\/#organization"},"potentialAction":[{"@type":"SearchAction","target":{"@type":"EntryPoint","urlTemplate":"https:\/\/shops-usa.com\/?s={search_term_string}"},"query-input":{"@type":"PropertyValueSpecification","valueRequired":true,"valueName":"search_term_string"}}],"inLanguage":"hu"},{"@type":"Organization","@id":"https:\/\/shops-usa.com\/#organization","name":"SHOPS USA","alternateName":"SHOPS","url":"https:\/\/shops-usa.com\/","logo":{"@type":"ImageObject","inLanguage":"hu","@id":"https:\/\/shops-usa.com\/#\/schema\/logo\/image\/","url":"https:\/\/shops-usa.com\/wp-content\/uploads\/2025\/12\/letter_final_white-1.png","contentUrl":"https:\/\/shops-usa.com\/wp-content\/uploads\/2025\/12\/letter_final_white-1.png","width":1711,"height":1949,"caption":"SHOPS USA"},"image":{"@id":"https:\/\/shops-usa.com\/#\/schema\/logo\/image\/"}}]}},"_links":{"self":[{"href":"https:\/\/shops-usa.com\/hu\/wp-json\/wp\/v2\/product\/957","targetHints":{"allow":["GET"]}}],"collection":[{"href":"https:\/\/shops-usa.com\/hu\/wp-json\/wp\/v2\/product"}],"about":[{"href":"https:\/\/shops-usa.com\/hu\/wp-json\/wp\/v2\/types\/product"}],"replies":[{"embeddable":true,"href":"https:\/\/shops-usa.com\/hu\/wp-json\/wp\/v2\/comments?post=957"}],"wp:featuredmedia":[{"embeddable":true,"href":"https:\/\/shops-usa.com\/hu\/wp-json\/wp\/v2\/media\/958"}],"wp:attachment":[{"href":"https:\/\/shops-usa.com\/hu\/wp-json\/wp\/v2\/media?parent=957"}],"wp:term":[{"taxonomy":"product_brand","embeddable":true,"href":"https:\/\/shops-usa.com\/hu\/wp-json\/wp\/v2\/product_brand?post=957"},{"taxonomy":"product_cat","embeddable":true,"href":"https:\/\/shops-usa.com\/hu\/wp-json\/wp\/v2\/product_cat?post=957"},{"taxonomy":"product_tag","embeddable":true,"href":"https:\/\/shops-usa.com\/hu\/wp-json\/wp\/v2\/product_tag?post=957"}],"curies":[{"name":"wp","href":"https:\/\/api.w.org\/{rel}","templated":true}]}}