{"id":63,"date":"2024-12-18T14:34:18","date_gmt":"2024-12-18T14:34:18","guid":{"rendered":"https:\/\/shops-usa.com\/?post_type=product&#038;p=63"},"modified":"2025-11-08T08:08:36","modified_gmt":"2025-11-08T08:08:36","slug":"massazher-i-gel-dlya-mikrotokovoj-terapii-licza-ssha-nabor-nuface-fix","status":"publish","type":"product","link":"https:\/\/shops-usa.com\/hu\/termek\/massazher-i-gel-dlya-mikrotokovoj-terapii-licza-ssha-nabor-nuface-fix\/","title":{"rendered":"NuFACE Fix (USA) Mikro\u00e1ramos arcmassz\u00edroz\u00f3 \u00e9s g\u00e9l"},"content":{"rendered":"<p>A NuFACE Fix gyeng\u00e9den stimul\u00e1lja az arc \u00e9s a nyak nagy ter\u00fcleteit (mikro\u00e1ram ter\u00e1pia), seg\u00edtve az arc \u00e9s a nyak kont\u00farj\u00e1nak \u00e9s t\u00f3nus\u00e1nak jav\u00edt\u00e1s\u00e1t, valamint a finom vonalak \u00e9s r\u00e1ncok megjelen\u00e9s\u00e9nek cs\u00f6kkent\u00e9s\u00e9t. A Fix legnagyobb er\u0151ss\u00e9ge az egyszer\u0171 \u00e9s intuit\u00edv kialak\u00edt\u00e1s\u00e1ban rejlik, amely lehet\u0151v\u00e9 teszi, hogy k\u00f6nnyed\u00e9n elv\u00e9gezhessen egy 5 perces sz\u00e9ps\u00e9g\u00e1pol\u00e1si kezel\u00e9st b\u00e1rmikor, b\u00e1rhol. \u00c9rje el a professzion\u00e1lis b\u0151r\u00e1pol\u00e1si kezel\u00e9sek eredm\u00e9nyeit a NuFACE Fix egyszer\u0171s\u00e9g\u00e9vel \u00e9s k\u00e9nyelm\u00e9vel. Az \u00f6reged\u00e9ssel test\u00fcnk term\u00e9szetes \u00e1raml\u00e1sa lelassul (ahogy az anyagcsere is), ami a b\u0151r megereszked\u00e9s\u00e9hez \u00e9s a kont\u00far elveszt\u00e9s\u00e9hez vezet. A mikro\u00e1ram egy nyugtat\u00f3, alacsony szint\u0171 \u00e1ram, amely ut\u00e1nozza a test term\u00e9szetes \u00e1raml\u00e1s\u00e1t, \u00e9s azonnali \u00e9s kumulat\u00edv eredm\u00e9nyeket biztos\u00edt. A NuFACE arc- \u00e9s r\u00e1nctalan\u00edt\u00f3 kezel\u00e9sek FDA \u00e1ltal j\u00f3v\u00e1hagyott eszk\u00f6z\u00f6k, a legmagasabb min\u0151s\u00e9gi szabv\u00e1nyok szerint gy\u00e1rtva, \u00e9s \u00fagy tervezt\u00e9k, hogy jav\u00edts\u00e1k b\u0151re \u00e1llapot\u00e1t, \u00edgy nap mint nap a lehet\u0151 legjobban n\u00e9zhet ki \u00e9s \u00e9rezheti mag\u00e1t. Egy teljesen felt\u00f6lt\u00f6tt k\u00e9sz\u00fcl\u00e9k 1-2 h\u00e9tig tart napi 5-20 perc haszn\u00e1lattal. A NuFACE k\u00e9szlet tartalma: NuFACE Fix arctoniz\u00e1l\u00f3 k\u00e9sz\u00fcl\u00e9k, NuFACE g\u00e9l - 60ml, felhaszn\u00e1l\u00f3i k\u00e9zik\u00f6nyv, t\u00f6lt\u0151.<\/p>","protected":false},"excerpt":{"rendered":"<p>Mikro\u00e1ramos arcmassz\u00edroz\u00f3 g\u00e9llel. A mikro\u00e1ram egy nyugtat\u00f3, alacsony szint\u0171 \u00e1ram, amely ut\u00e1nozza a test term\u00e9szetes \u00e1ram\u00e1t, \u00e9s azonnali, kumulat\u00edv eredm\u00e9nyeket biztos\u00edt.<\/p>","protected":false},"featured_media":143,"comment_status":"open","ping_status":"closed","template":"","meta":[],"product_brand":[],"product_cat":[29],"product_tag":[],"class_list":{"0":"post-63","1":"product","2":"type-product","3":"status-publish","4":"has-post-thumbnail","6":"product_cat-nuface","8":"first","9":"instock","10":"sale","11":"shipping-taxable","12":"purchasable","13":"product-type-simple"},"yoast_head":"<!-- This site is optimized with the Yoast SEO plugin v26.6 - https:\/\/yoast.com\/wordpress\/plugins\/seo\/ -->\n<title>\u041c\u0430\u0441\u0441\u0430\u0436\u0435\u0440 \u0438 \u0433\u0435\u043b\u044c \u0434\u043b\u044f \u043c\u0438\u043a\u0440\u043e\u0442\u043e\u043a\u043e\u0432\u043e\u0439 \u0442\u0435\u0440\u0430\u043f\u0438\u0438 \u043b\u0438\u0446\u0430 (\u0421\u0428\u0410) \u041d\u0430\u0431\u043e\u0440 NuFACE Fix - ShopsUSA<\/title>\n<meta name=\"robots\" content=\"index, follow, max-snippet:-1, max-image-preview:large, max-video-preview:-1\" \/>\n<link rel=\"canonical\" href=\"https:\/\/shops-usa.com\/hu\/termek\/massazher-i-gel-dlya-mikrotokovoj-terapii-licza-ssha-nabor-nuface-fix\/?wmc-currency=HUF\" \/>\n<meta property=\"og:locale\" content=\"hu_HU\" \/>\n<meta property=\"og:type\" content=\"article\" \/>\n<meta property=\"og:title\" content=\"\u041c\u0430\u0441\u0441\u0430\u0436\u0435\u0440 \u0438 \u0433\u0435\u043b\u044c \u0434\u043b\u044f \u043c\u0438\u043a\u0440\u043e\u0442\u043e\u043a\u043e\u0432\u043e\u0439 \u0442\u0435\u0440\u0430\u043f\u0438\u0438 \u043b\u0438\u0446\u0430 (\u0421\u0428\u0410) \u041d\u0430\u0431\u043e\u0440 NuFACE Fix - ShopsUSA\" \/>\n<meta property=\"og:description\" content=\"\u041c\u0430\u0441\u0441\u0430\u0436\u0435\u0440 \u0438 \u0433\u0435\u043b\u044c \u0434\u043b\u044f \u043c\u0438\u043a\u0440\u043e\u0442\u043e\u043a\u043e\u0432\u043e\u0439 \u0442\u0435\u0440\u0430\u043f\u0438\u0438 \u043b\u0438\u0446\u0430. \u041c\u0438\u043a\u0440\u043e\u0442\u043e\u043a - \u044d\u0442\u043e \u0443\u0441\u043f\u043e\u043a\u0430\u0438\u0432\u0430\u044e\u0449\u0438\u0439 \u0442\u043e\u043a \u043d\u0438\u0437\u043a\u043e\u0433\u043e \u0443\u0440\u043e\u0432\u043d\u044f, \u043a\u043e\u0442\u043e\u0440\u044b\u0439 \u0438\u043c\u0438\u0442\u0438\u0440\u0443\u0435\u0442 \u0435\u0441\u0442\u0435\u0441\u0442\u0432\u0435\u043d\u043d\u044b\u0439 \u0442\u043e\u043a \u0442\u0435\u043b\u0430 \u0438 \u043c\u043e\u0436\u0435\u0442 \u043e\u0431\u0435\u0441\u043f\u0435\u0447\u0438\u0442\u044c \u043c\u0433\u043d\u043e\u0432\u0435\u043d\u043d\u044b\u0435 \u0438 \u0441\u043e\u0432\u043e\u043a\u0443\u043f\u043d\u044b\u0435 \u0440\u0435\u0437\u0443\u043b\u044c\u0442\u0430\u0442\u044b.\" \/>\n<meta property=\"og:url\" content=\"https:\/\/shops-usa.com\/hu\/termek\/massazher-i-gel-dlya-mikrotokovoj-terapii-licza-ssha-nabor-nuface-fix\/?wmc-currency=HUF\" \/>\n<meta property=\"og:site_name\" content=\"ShopsUSA\" \/>\n<meta property=\"article:modified_time\" content=\"2025-11-08T08:08:36+00:00\" \/>\n<meta property=\"og:image\" content=\"https:\/\/shops-usa.com\/wp-content\/uploads\/2024\/12\/14-1.jpg\" \/>\n\t<meta property=\"og:image:width\" content=\"996\" \/>\n\t<meta property=\"og:image:height\" content=\"1280\" \/>\n\t<meta property=\"og:image:type\" content=\"image\/jpeg\" \/>\n<meta name=\"twitter:card\" content=\"summary_large_image\" \/>\n<script type=\"application\/ld+json\" class=\"yoast-schema-graph\">{\"@context\":\"https:\/\/schema.org\",\"@graph\":[{\"@type\":\"WebPage\",\"@id\":\"https:\/\/shops-usa.com\/product\/massazher-i-gel-dlya-mikrotokovoj-terapii-licza-ssha-nabor-nuface-fix\/\",\"url\":\"https:\/\/shops-usa.com\/product\/massazher-i-gel-dlya-mikrotokovoj-terapii-licza-ssha-nabor-nuface-fix\/\",\"name\":\"\u041c\u0430\u0441\u0441\u0430\u0436\u0435\u0440 \u0438 \u0433\u0435\u043b\u044c \u0434\u043b\u044f \u043c\u0438\u043a\u0440\u043e\u0442\u043e\u043a\u043e\u0432\u043e\u0439 \u0442\u0435\u0440\u0430\u043f\u0438\u0438 \u043b\u0438\u0446\u0430 (\u0421\u0428\u0410) \u041d\u0430\u0431\u043e\u0440 NuFACE Fix - ShopsUSA\",\"isPartOf\":{\"@id\":\"https:\/\/shops-usa.com\/#website\"},\"primaryImageOfPage\":{\"@id\":\"https:\/\/shops-usa.com\/product\/massazher-i-gel-dlya-mikrotokovoj-terapii-licza-ssha-nabor-nuface-fix\/#primaryimage\"},\"image\":{\"@id\":\"https:\/\/shops-usa.com\/product\/massazher-i-gel-dlya-mikrotokovoj-terapii-licza-ssha-nabor-nuface-fix\/#primaryimage\"},\"thumbnailUrl\":\"https:\/\/shops-usa.com\/wp-content\/uploads\/2024\/12\/14-1.jpg\",\"datePublished\":\"2024-12-18T14:34:18+00:00\",\"dateModified\":\"2025-11-08T08:08:36+00:00\",\"breadcrumb\":{\"@id\":\"https:\/\/shops-usa.com\/product\/massazher-i-gel-dlya-mikrotokovoj-terapii-licza-ssha-nabor-nuface-fix\/#breadcrumb\"},\"inLanguage\":\"hu\",\"potentialAction\":[{\"@type\":\"ReadAction\",\"target\":[\"https:\/\/shops-usa.com\/product\/massazher-i-gel-dlya-mikrotokovoj-terapii-licza-ssha-nabor-nuface-fix\/\"]}]},{\"@type\":\"ImageObject\",\"inLanguage\":\"hu\",\"@id\":\"https:\/\/shops-usa.com\/product\/massazher-i-gel-dlya-mikrotokovoj-terapii-licza-ssha-nabor-nuface-fix\/#primaryimage\",\"url\":\"https:\/\/shops-usa.com\/wp-content\/uploads\/2024\/12\/14-1.jpg\",\"contentUrl\":\"https:\/\/shops-usa.com\/wp-content\/uploads\/2024\/12\/14-1.jpg\",\"width\":996,\"height\":1280},{\"@type\":\"BreadcrumbList\",\"@id\":\"https:\/\/shops-usa.com\/product\/massazher-i-gel-dlya-mikrotokovoj-terapii-licza-ssha-nabor-nuface-fix\/#breadcrumb\",\"itemListElement\":[{\"@type\":\"ListItem\",\"position\":1,\"name\":\"Home\",\"item\":\"https:\/\/shops-usa.com\/\"},{\"@type\":\"ListItem\",\"position\":2,\"name\":\"\u041a\u0430\u0442\u0430\u043b\u043e\u0433\",\"item\":\"https:\/\/shops-usa.com\/catalogue\/\"},{\"@type\":\"ListItem\",\"position\":3,\"name\":\"\u041c\u0430\u0441\u0441\u0430\u0436\u0435\u0440 \u0438 \u0433\u0435\u043b\u044c \u0434\u043b\u044f \u043c\u0438\u043a\u0440\u043e\u0442\u043e\u043a\u043e\u0432\u043e\u0439 \u0442\u0435\u0440\u0430\u043f\u0438\u0438 \u043b\u0438\u0446\u0430 (\u0421\u0428\u0410) \u041d\u0430\u0431\u043e\u0440 NuFACE Fix\"}]},{\"@type\":\"WebSite\",\"@id\":\"https:\/\/shops-usa.com\/#website\",\"url\":\"https:\/\/shops-usa.com\/\",\"name\":\"ShopsUSA\",\"description\":\"Quality products from USA\",\"publisher\":{\"@id\":\"https:\/\/shops-usa.com\/#organization\"},\"potentialAction\":[{\"@type\":\"SearchAction\",\"target\":{\"@type\":\"EntryPoint\",\"urlTemplate\":\"https:\/\/shops-usa.com\/?s={search_term_string}\"},\"query-input\":{\"@type\":\"PropertyValueSpecification\",\"valueRequired\":true,\"valueName\":\"search_term_string\"}}],\"inLanguage\":\"hu\"},{\"@type\":\"Organization\",\"@id\":\"https:\/\/shops-usa.com\/#organization\",\"name\":\"SHOPS USA\",\"alternateName\":\"SHOPS\",\"url\":\"https:\/\/shops-usa.com\/\",\"logo\":{\"@type\":\"ImageObject\",\"inLanguage\":\"hu\",\"@id\":\"https:\/\/shops-usa.com\/#\/schema\/logo\/image\/\",\"url\":\"https:\/\/shops-usa.com\/wp-content\/uploads\/2025\/12\/letter_final_white-1.png\",\"contentUrl\":\"https:\/\/shops-usa.com\/wp-content\/uploads\/2025\/12\/letter_final_white-1.png\",\"width\":1711,\"height\":1949,\"caption\":\"SHOPS USA\"},\"image\":{\"@id\":\"https:\/\/shops-usa.com\/#\/schema\/logo\/image\/\"}}]}<\/script>\n<!-- \/ Yoast SEO plugin. -->","yoast_head_json":{"title":"\u041c\u0430\u0441\u0441\u0430\u0436\u0435\u0440 \u0438 \u0433\u0435\u043b\u044c \u0434\u043b\u044f \u043c\u0438\u043a\u0440\u043e\u0442\u043e\u043a\u043e\u0432\u043e\u0439 \u0442\u0435\u0440\u0430\u043f\u0438\u0438 \u043b\u0438\u0446\u0430 (\u0421\u0428\u0410) \u041d\u0430\u0431\u043e\u0440 NuFACE Fix - ShopsUSA","robots":{"index":"index","follow":"follow","max-snippet":"max-snippet:-1","max-image-preview":"max-image-preview:large","max-video-preview":"max-video-preview:-1"},"canonical":"https:\/\/shops-usa.com\/hu\/termek\/massazher-i-gel-dlya-mikrotokovoj-terapii-licza-ssha-nabor-nuface-fix\/?wmc-currency=HUF","og_locale":"hu_HU","og_type":"article","og_title":"\u041c\u0430\u0441\u0441\u0430\u0436\u0435\u0440 \u0438 \u0433\u0435\u043b\u044c \u0434\u043b\u044f \u043c\u0438\u043a\u0440\u043e\u0442\u043e\u043a\u043e\u0432\u043e\u0439 \u0442\u0435\u0440\u0430\u043f\u0438\u0438 \u043b\u0438\u0446\u0430 (\u0421\u0428\u0410) \u041d\u0430\u0431\u043e\u0440 NuFACE Fix - ShopsUSA","og_description":"\u041c\u0430\u0441\u0441\u0430\u0436\u0435\u0440 \u0438 \u0433\u0435\u043b\u044c \u0434\u043b\u044f \u043c\u0438\u043a\u0440\u043e\u0442\u043e\u043a\u043e\u0432\u043e\u0439 \u0442\u0435\u0440\u0430\u043f\u0438\u0438 \u043b\u0438\u0446\u0430. \u041c\u0438\u043a\u0440\u043e\u0442\u043e\u043a - \u044d\u0442\u043e \u0443\u0441\u043f\u043e\u043a\u0430\u0438\u0432\u0430\u044e\u0449\u0438\u0439 \u0442\u043e\u043a \u043d\u0438\u0437\u043a\u043e\u0433\u043e \u0443\u0440\u043e\u0432\u043d\u044f, \u043a\u043e\u0442\u043e\u0440\u044b\u0439 \u0438\u043c\u0438\u0442\u0438\u0440\u0443\u0435\u0442 \u0435\u0441\u0442\u0435\u0441\u0442\u0432\u0435\u043d\u043d\u044b\u0439 \u0442\u043e\u043a \u0442\u0435\u043b\u0430 \u0438 \u043c\u043e\u0436\u0435\u0442 \u043e\u0431\u0435\u0441\u043f\u0435\u0447\u0438\u0442\u044c \u043c\u0433\u043d\u043e\u0432\u0435\u043d\u043d\u044b\u0435 \u0438 \u0441\u043e\u0432\u043e\u043a\u0443\u043f\u043d\u044b\u0435 \u0440\u0435\u0437\u0443\u043b\u044c\u0442\u0430\u0442\u044b.","og_url":"https:\/\/shops-usa.com\/hu\/termek\/massazher-i-gel-dlya-mikrotokovoj-terapii-licza-ssha-nabor-nuface-fix\/?wmc-currency=HUF","og_site_name":"ShopsUSA","article_modified_time":"2025-11-08T08:08:36+00:00","og_image":[{"width":996,"height":1280,"url":"https:\/\/shops-usa.com\/wp-content\/uploads\/2024\/12\/14-1.jpg","type":"image\/jpeg"}],"twitter_card":"summary_large_image","schema":{"@context":"https:\/\/schema.org","@graph":[{"@type":"WebPage","@id":"https:\/\/shops-usa.com\/product\/massazher-i-gel-dlya-mikrotokovoj-terapii-licza-ssha-nabor-nuface-fix\/","url":"https:\/\/shops-usa.com\/product\/massazher-i-gel-dlya-mikrotokovoj-terapii-licza-ssha-nabor-nuface-fix\/","name":"\u041c\u0430\u0441\u0441\u0430\u0436\u0435\u0440 \u0438 \u0433\u0435\u043b\u044c \u0434\u043b\u044f \u043c\u0438\u043a\u0440\u043e\u0442\u043e\u043a\u043e\u0432\u043e\u0439 \u0442\u0435\u0440\u0430\u043f\u0438\u0438 \u043b\u0438\u0446\u0430 (\u0421\u0428\u0410) \u041d\u0430\u0431\u043e\u0440 NuFACE Fix - ShopsUSA","isPartOf":{"@id":"https:\/\/shops-usa.com\/#website"},"primaryImageOfPage":{"@id":"https:\/\/shops-usa.com\/product\/massazher-i-gel-dlya-mikrotokovoj-terapii-licza-ssha-nabor-nuface-fix\/#primaryimage"},"image":{"@id":"https:\/\/shops-usa.com\/product\/massazher-i-gel-dlya-mikrotokovoj-terapii-licza-ssha-nabor-nuface-fix\/#primaryimage"},"thumbnailUrl":"https:\/\/shops-usa.com\/wp-content\/uploads\/2024\/12\/14-1.jpg","datePublished":"2024-12-18T14:34:18+00:00","dateModified":"2025-11-08T08:08:36+00:00","breadcrumb":{"@id":"https:\/\/shops-usa.com\/product\/massazher-i-gel-dlya-mikrotokovoj-terapii-licza-ssha-nabor-nuface-fix\/#breadcrumb"},"inLanguage":"hu","potentialAction":[{"@type":"ReadAction","target":["https:\/\/shops-usa.com\/product\/massazher-i-gel-dlya-mikrotokovoj-terapii-licza-ssha-nabor-nuface-fix\/"]}]},{"@type":"ImageObject","inLanguage":"hu","@id":"https:\/\/shops-usa.com\/product\/massazher-i-gel-dlya-mikrotokovoj-terapii-licza-ssha-nabor-nuface-fix\/#primaryimage","url":"https:\/\/shops-usa.com\/wp-content\/uploads\/2024\/12\/14-1.jpg","contentUrl":"https:\/\/shops-usa.com\/wp-content\/uploads\/2024\/12\/14-1.jpg","width":996,"height":1280},{"@type":"BreadcrumbList","@id":"https:\/\/shops-usa.com\/product\/massazher-i-gel-dlya-mikrotokovoj-terapii-licza-ssha-nabor-nuface-fix\/#breadcrumb","itemListElement":[{"@type":"ListItem","position":1,"name":"Home","item":"https:\/\/shops-usa.com\/"},{"@type":"ListItem","position":2,"name":"\u041a\u0430\u0442\u0430\u043b\u043e\u0433","item":"https:\/\/shops-usa.com\/catalogue\/"},{"@type":"ListItem","position":3,"name":"\u041c\u0430\u0441\u0441\u0430\u0436\u0435\u0440 \u0438 \u0433\u0435\u043b\u044c \u0434\u043b\u044f \u043c\u0438\u043a\u0440\u043e\u0442\u043e\u043a\u043e\u0432\u043e\u0439 \u0442\u0435\u0440\u0430\u043f\u0438\u0438 \u043b\u0438\u0446\u0430 (\u0421\u0428\u0410) \u041d\u0430\u0431\u043e\u0440 NuFACE Fix"}]},{"@type":"WebSite","@id":"https:\/\/shops-usa.com\/#website","url":"https:\/\/shops-usa.com\/","name":"ShopsUSA","description":"Quality products from USA","publisher":{"@id":"https:\/\/shops-usa.com\/#organization"},"potentialAction":[{"@type":"SearchAction","target":{"@type":"EntryPoint","urlTemplate":"https:\/\/shops-usa.com\/?s={search_term_string}"},"query-input":{"@type":"PropertyValueSpecification","valueRequired":true,"valueName":"search_term_string"}}],"inLanguage":"hu"},{"@type":"Organization","@id":"https:\/\/shops-usa.com\/#organization","name":"SHOPS USA","alternateName":"SHOPS","url":"https:\/\/shops-usa.com\/","logo":{"@type":"ImageObject","inLanguage":"hu","@id":"https:\/\/shops-usa.com\/#\/schema\/logo\/image\/","url":"https:\/\/shops-usa.com\/wp-content\/uploads\/2025\/12\/letter_final_white-1.png","contentUrl":"https:\/\/shops-usa.com\/wp-content\/uploads\/2025\/12\/letter_final_white-1.png","width":1711,"height":1949,"caption":"SHOPS USA"},"image":{"@id":"https:\/\/shops-usa.com\/#\/schema\/logo\/image\/"}}]}},"_links":{"self":[{"href":"https:\/\/shops-usa.com\/hu\/wp-json\/wp\/v2\/product\/63","targetHints":{"allow":["GET"]}}],"collection":[{"href":"https:\/\/shops-usa.com\/hu\/wp-json\/wp\/v2\/product"}],"about":[{"href":"https:\/\/shops-usa.com\/hu\/wp-json\/wp\/v2\/types\/product"}],"replies":[{"embeddable":true,"href":"https:\/\/shops-usa.com\/hu\/wp-json\/wp\/v2\/comments?post=63"}],"wp:featuredmedia":[{"embeddable":true,"href":"https:\/\/shops-usa.com\/hu\/wp-json\/wp\/v2\/media\/143"}],"wp:attachment":[{"href":"https:\/\/shops-usa.com\/hu\/wp-json\/wp\/v2\/media?parent=63"}],"wp:term":[{"taxonomy":"product_brand","embeddable":true,"href":"https:\/\/shops-usa.com\/hu\/wp-json\/wp\/v2\/product_brand?post=63"},{"taxonomy":"product_cat","embeddable":true,"href":"https:\/\/shops-usa.com\/hu\/wp-json\/wp\/v2\/product_cat?post=63"},{"taxonomy":"product_tag","embeddable":true,"href":"https:\/\/shops-usa.com\/hu\/wp-json\/wp\/v2\/product_tag?post=63"}],"curies":[{"name":"wp","href":"https:\/\/api.w.org\/{rel}","templated":true}]}}