{"id":56,"date":"2024-12-18T14:34:18","date_gmt":"2024-12-18T14:34:18","guid":{"rendered":"https:\/\/shops-usa.com\/?post_type=product&#038;p=56"},"modified":"2025-09-23T11:43:59","modified_gmt":"2025-09-23T11:43:59","slug":"lazernaya-kepka-dlya-rosta-volos-ssha-hairmax-regrowmd-272","status":"publish","type":"product","link":"https:\/\/shops-usa.com\/hu\/termek\/lazernaya-kepka-dlya-rosta-volos-ssha-hairmax-regrowmd-272\/","title":{"rendered":"HairMax Regrow 272 (USA) L\u00e9zeres hajn\u00f6veszt\u0151 sapka"},"content":{"rendered":"<p>Klinikailag bizony\u00edtott technol\u00f3gia f\u00e9rfiak \u00e9s n\u0151k sz\u00e1m\u00e1ra. A RegrowMD l\u00e9zeres fototer\u00e1pi\u00e1ja az egyetlen gy\u00f3gyszermentes kezel\u00e9si lehet\u0151s\u00e9g \u00f6r\u00f6kletes hajhull\u00e1s, alopecia, kopaszs\u00e1g, hajhull\u00e1s \u00e9s visszah\u00faz\u00f3d\u00f3 hajvonalak eset\u00e9n. A HairMax l\u00e9zerk\u00e9sz\u00fcl\u00e9kek bizony\u00edtottan helyre\u00e1ll\u00edtj\u00e1k a hajat, \u00e1tlagosan 129 tov\u00e1bbi hajsz\u00e1llal n\u00f6velve a haj n\u00f6veked\u00e9s\u00e9t n\u00e9gyzeth\u00fcvelykenk\u00e9nt. Az aj\u00e1nlott kezel\u00e9si id\u0151 mind\u00f6ssze 30 perc, hetente 3 alkalommal (m\u00e1sodnaponta). Megjegyz\u00e9s: Az akkumul\u00e1tor innovat\u00edv technol\u00f3gi\u00e1t tartalmaz az akkumul\u00e1tor t\u00f6lt\u00f6tts\u00e9gi szintj\u00e9nek figyel\u00e9s\u00e9re, hogy ne t\u00f6ltse t\u00fal. Megfelel az ISO5536-1:2006 szabv\u00e1nynak, a h\u0151m\u00e9rs\u00e9klet-biztons\u00e1gi el\u0151\u00edr\u00e1sokra vonatkoz\u00f3 nemzetk\u00f6zi szabv\u00e1nynak. Az exkluz\u00edv Bio-Light Comfort kialak\u00edt\u00e1s a l\u00e9zerf\u00e9nyt kalibr\u00e1lt ny\u00edl\u00e1sokon kereszt\u00fcl f\u00f3kusz\u00e1lja, hogy biztos\u00edtsa a f\u00e9nyenergia akad\u00e1lytalan \u00e1raml\u00e1s\u00e1t a hajhagym\u00e1khoz. A RegrowMD sapka k\u00e9nyelmesen illeszkedik a legt\u00f6bb fejm\u00e9rethez. Nem aj\u00e1nlott 57,15 cm-n\u00e9l nagyobb fejb\u0151r ker\u00fclet eset\u00e9n. L\u00e1that\u00f3 eredm\u00e9nyek 3-6 h\u00f3napon bel\u00fcl l\u00e1that\u00f3k. A Hairmax 24 \u00e9ves m\u0171k\u00f6d\u00e9se sor\u00e1n egyetlen esetben sem tapasztalt k\u00e1ros mell\u00e9khat\u00e1st ezzel a technol\u00f3gi\u00e1val kapcsolatban. A vil\u00e1gszerte t\u00f6bb mint 1,8 milli\u00f3 eladott k\u00e9sz\u00fcl\u00e9kkel a Hairmax glob\u00e1lis vezet\u0151 \u00e9s \u00fatt\u00f6r\u0151 a l\u00e9zeres sz\u0151rtelen\u00edt\u00e9s ter\u00fclet\u00e9n. A Hairmax k\u00e9sz\u00fcl\u00e9kek az egyetlen olyan l\u00e9zeres hajhagym\u00e1s kezel\u00e9si eszk\u00f6z\u00f6k, amelyek FDA klinikai vizsg\u00e1latokon estek \u00e1t. Az orvosok a Hairmax l\u00e9zerk\u00e9sz\u00fcl\u00e9keket az androg\u00e9n alopecia kezel\u00e9s\u00e9re aj\u00e1nlj\u00e1k, amely mag\u00e1ban foglalja az \u00f6r\u00f6kletes hajhull\u00e1st, a f\u00e9rfi \u00e9s n\u0151i t\u00edpus\u00fa hajhull\u00e1st, a menopauz\u00e1val \u00f6sszef\u00fcgg\u0151 hajhull\u00e1st, valamint az \u00e9letkorral \u00f6sszef\u00fcgg\u0151 hajhull\u00e1st \u00e9s hajritkul\u00e1st.<\/p>","protected":false},"excerpt":{"rendered":"<p>A l\u00e9zeres sz\u0151rn\u00f6veszt\u0151 sapka az egyetlen gy\u00f3gyszermentes kezel\u00e9si lehet\u0151s\u00e9g az \u00f6r\u00f6kletes hajhull\u00e1s, alopecia, kopaszs\u00e1g, hajhull\u00e1s \u00e9s a haj visszah\u00faz\u00f3d\u00e1s\u00e1nak kezel\u00e9s\u00e9re. <\/p>","protected":false},"featured_media":783,"comment_status":"open","ping_status":"closed","template":"","meta":[],"product_brand":[],"product_cat":[28],"product_tag":[],"class_list":{"0":"post-56","1":"product","2":"type-product","3":"status-publish","4":"has-post-thumbnail","6":"product_cat-hairmax","8":"first","9":"instock","10":"sale","11":"shipping-taxable","12":"purchasable","13":"product-type-simple"},"yoast_head":"<!-- This site is optimized with the Yoast SEO plugin v26.6 - https:\/\/yoast.com\/wordpress\/plugins\/seo\/ -->\n<title>\u041b\u0430\u0437\u0435\u0440\u043d\u0430\u044f \u043a\u0435\u043f\u043a\u0430 \u0434\u043b\u044f \u0440\u043e\u0441\u0442\u0430 \u0432\u043e\u043b\u043e\u0441 (\u0421\u0428\u0410) HairMax RegrowMD 272 - ShopsUSA<\/title>\n<meta name=\"robots\" content=\"index, follow, max-snippet:-1, max-image-preview:large, max-video-preview:-1\" \/>\n<link rel=\"canonical\" href=\"https:\/\/shops-usa.com\/hu\/termek\/lazernaya-kepka-dlya-rosta-volos-ssha-hairmax-regrowmd-272\/?wmc-currency=HUF\" \/>\n<meta property=\"og:locale\" content=\"hu_HU\" \/>\n<meta property=\"og:type\" content=\"article\" \/>\n<meta property=\"og:title\" content=\"\u041b\u0430\u0437\u0435\u0440\u043d\u0430\u044f \u043a\u0435\u043f\u043a\u0430 \u0434\u043b\u044f \u0440\u043e\u0441\u0442\u0430 \u0432\u043e\u043b\u043e\u0441 (\u0421\u0428\u0410) HairMax RegrowMD 272 - ShopsUSA\" \/>\n<meta property=\"og:description\" content=\"\u041b\u0430\u0437\u0435\u0440\u043d\u0430\u044f \u043a\u0435\u043f\u043a\u0430 \u0434\u043b\u044f \u0440\u043e\u0441\u0442\u0430 \u0432\u043e\u043b\u043e\u0441\u044f\u0432\u043b\u044f\u0435\u0442\u0441\u044f \u0435\u0434\u0438\u043d\u0441\u0442\u0432\u0435\u043d\u043d\u044b\u043c \u043d\u0435\u043c\u0435\u0434\u0438\u043a\u0430\u043c\u0435\u043d\u0442\u043e\u0437\u043d\u044b\u043c \u0432\u0430\u0440\u0438\u0430\u043d\u0442\u043e\u043c \u043b\u0435\u0447\u0435\u043d\u0438\u044f, \u0434\u043b\u044f \u043b\u0435\u0447\u0435\u043d\u0438\u044f \u043d\u0430\u0441\u043b\u0435\u0434\u0441\u0442\u0432\u0435\u043d\u043d\u043e\u0433\u043e \u0432\u044b\u043f\u0430\u0434\u0435\u043d\u0438\u044f \u0432\u043e\u043b\u043e\u0441, \u0430\u043b\u043e\u043f\u0435\u0446\u0438\u0438, \u043e\u0431\u043b\u044b\u0441\u0435\u043d\u0438\u044f, \u0438\u0441\u0442\u043e\u043d\u0447\u0435\u043d\u0438\u044f \u0432\u043e\u043b\u043e\u0441 \u0438 \u0437\u0430\u043b\u044b\u0441\u0438\u043d.\" \/>\n<meta property=\"og:url\" content=\"https:\/\/shops-usa.com\/hu\/termek\/lazernaya-kepka-dlya-rosta-volos-ssha-hairmax-regrowmd-272\/?wmc-currency=HUF\" \/>\n<meta property=\"og:site_name\" content=\"ShopsUSA\" \/>\n<meta property=\"article:modified_time\" content=\"2025-09-23T11:43:59+00:00\" \/>\n<meta property=\"og:image\" content=\"https:\/\/shops-usa.com\/wp-content\/uploads\/2024\/12\/23-2.jpg\" \/>\n\t<meta property=\"og:image:width\" content=\"1500\" \/>\n\t<meta property=\"og:image:height\" content=\"1500\" \/>\n\t<meta property=\"og:image:type\" content=\"image\/jpeg\" \/>\n<meta name=\"twitter:card\" content=\"summary_large_image\" \/>\n<script type=\"application\/ld+json\" class=\"yoast-schema-graph\">{\"@context\":\"https:\/\/schema.org\",\"@graph\":[{\"@type\":\"WebPage\",\"@id\":\"https:\/\/shops-usa.com\/product\/lazernaya-kepka-dlya-rosta-volos-ssha-hairmax-regrowmd-272\/\",\"url\":\"https:\/\/shops-usa.com\/product\/lazernaya-kepka-dlya-rosta-volos-ssha-hairmax-regrowmd-272\/\",\"name\":\"\u041b\u0430\u0437\u0435\u0440\u043d\u0430\u044f \u043a\u0435\u043f\u043a\u0430 \u0434\u043b\u044f \u0440\u043e\u0441\u0442\u0430 \u0432\u043e\u043b\u043e\u0441 (\u0421\u0428\u0410) HairMax RegrowMD 272 - ShopsUSA\",\"isPartOf\":{\"@id\":\"https:\/\/shops-usa.com\/#website\"},\"primaryImageOfPage\":{\"@id\":\"https:\/\/shops-usa.com\/product\/lazernaya-kepka-dlya-rosta-volos-ssha-hairmax-regrowmd-272\/#primaryimage\"},\"image\":{\"@id\":\"https:\/\/shops-usa.com\/product\/lazernaya-kepka-dlya-rosta-volos-ssha-hairmax-regrowmd-272\/#primaryimage\"},\"thumbnailUrl\":\"https:\/\/shops-usa.com\/wp-content\/uploads\/2024\/12\/23-2.jpg\",\"datePublished\":\"2024-12-18T14:34:18+00:00\",\"dateModified\":\"2025-09-23T11:43:59+00:00\",\"breadcrumb\":{\"@id\":\"https:\/\/shops-usa.com\/product\/lazernaya-kepka-dlya-rosta-volos-ssha-hairmax-regrowmd-272\/#breadcrumb\"},\"inLanguage\":\"hu\",\"potentialAction\":[{\"@type\":\"ReadAction\",\"target\":[\"https:\/\/shops-usa.com\/product\/lazernaya-kepka-dlya-rosta-volos-ssha-hairmax-regrowmd-272\/\"]}]},{\"@type\":\"ImageObject\",\"inLanguage\":\"hu\",\"@id\":\"https:\/\/shops-usa.com\/product\/lazernaya-kepka-dlya-rosta-volos-ssha-hairmax-regrowmd-272\/#primaryimage\",\"url\":\"https:\/\/shops-usa.com\/wp-content\/uploads\/2024\/12\/23-2.jpg\",\"contentUrl\":\"https:\/\/shops-usa.com\/wp-content\/uploads\/2024\/12\/23-2.jpg\",\"width\":1500,\"height\":1500},{\"@type\":\"BreadcrumbList\",\"@id\":\"https:\/\/shops-usa.com\/product\/lazernaya-kepka-dlya-rosta-volos-ssha-hairmax-regrowmd-272\/#breadcrumb\",\"itemListElement\":[{\"@type\":\"ListItem\",\"position\":1,\"name\":\"Home\",\"item\":\"https:\/\/shops-usa.com\/\"},{\"@type\":\"ListItem\",\"position\":2,\"name\":\"\u041a\u0430\u0442\u0430\u043b\u043e\u0433\",\"item\":\"https:\/\/shops-usa.com\/catalogue\/\"},{\"@type\":\"ListItem\",\"position\":3,\"name\":\"\u041b\u0430\u0437\u0435\u0440\u043d\u0430\u044f \u043a\u0435\u043f\u043a\u0430 \u0434\u043b\u044f \u0440\u043e\u0441\u0442\u0430 \u0432\u043e\u043b\u043e\u0441 (\u0421\u0428\u0410) HairMax RegrowMD 272\"}]},{\"@type\":\"WebSite\",\"@id\":\"https:\/\/shops-usa.com\/#website\",\"url\":\"https:\/\/shops-usa.com\/\",\"name\":\"ShopsUSA\",\"description\":\"Quality products from USA\",\"publisher\":{\"@id\":\"https:\/\/shops-usa.com\/#organization\"},\"potentialAction\":[{\"@type\":\"SearchAction\",\"target\":{\"@type\":\"EntryPoint\",\"urlTemplate\":\"https:\/\/shops-usa.com\/?s={search_term_string}\"},\"query-input\":{\"@type\":\"PropertyValueSpecification\",\"valueRequired\":true,\"valueName\":\"search_term_string\"}}],\"inLanguage\":\"hu\"},{\"@type\":\"Organization\",\"@id\":\"https:\/\/shops-usa.com\/#organization\",\"name\":\"SHOPS USA\",\"alternateName\":\"SHOPS\",\"url\":\"https:\/\/shops-usa.com\/\",\"logo\":{\"@type\":\"ImageObject\",\"inLanguage\":\"hu\",\"@id\":\"https:\/\/shops-usa.com\/#\/schema\/logo\/image\/\",\"url\":\"https:\/\/shops-usa.com\/wp-content\/uploads\/2025\/12\/letter_final_white-1.png\",\"contentUrl\":\"https:\/\/shops-usa.com\/wp-content\/uploads\/2025\/12\/letter_final_white-1.png\",\"width\":1711,\"height\":1949,\"caption\":\"SHOPS USA\"},\"image\":{\"@id\":\"https:\/\/shops-usa.com\/#\/schema\/logo\/image\/\"}}]}<\/script>\n<!-- \/ Yoast SEO plugin. -->","yoast_head_json":{"title":"\u041b\u0430\u0437\u0435\u0440\u043d\u0430\u044f \u043a\u0435\u043f\u043a\u0430 \u0434\u043b\u044f \u0440\u043e\u0441\u0442\u0430 \u0432\u043e\u043b\u043e\u0441 (\u0421\u0428\u0410) HairMax RegrowMD 272 - ShopsUSA","robots":{"index":"index","follow":"follow","max-snippet":"max-snippet:-1","max-image-preview":"max-image-preview:large","max-video-preview":"max-video-preview:-1"},"canonical":"https:\/\/shops-usa.com\/hu\/termek\/lazernaya-kepka-dlya-rosta-volos-ssha-hairmax-regrowmd-272\/?wmc-currency=HUF","og_locale":"hu_HU","og_type":"article","og_title":"\u041b\u0430\u0437\u0435\u0440\u043d\u0430\u044f \u043a\u0435\u043f\u043a\u0430 \u0434\u043b\u044f \u0440\u043e\u0441\u0442\u0430 \u0432\u043e\u043b\u043e\u0441 (\u0421\u0428\u0410) HairMax RegrowMD 272 - ShopsUSA","og_description":"\u041b\u0430\u0437\u0435\u0440\u043d\u0430\u044f \u043a\u0435\u043f\u043a\u0430 \u0434\u043b\u044f \u0440\u043e\u0441\u0442\u0430 \u0432\u043e\u043b\u043e\u0441\u044f\u0432\u043b\u044f\u0435\u0442\u0441\u044f \u0435\u0434\u0438\u043d\u0441\u0442\u0432\u0435\u043d\u043d\u044b\u043c \u043d\u0435\u043c\u0435\u0434\u0438\u043a\u0430\u043c\u0435\u043d\u0442\u043e\u0437\u043d\u044b\u043c \u0432\u0430\u0440\u0438\u0430\u043d\u0442\u043e\u043c \u043b\u0435\u0447\u0435\u043d\u0438\u044f, \u0434\u043b\u044f \u043b\u0435\u0447\u0435\u043d\u0438\u044f \u043d\u0430\u0441\u043b\u0435\u0434\u0441\u0442\u0432\u0435\u043d\u043d\u043e\u0433\u043e \u0432\u044b\u043f\u0430\u0434\u0435\u043d\u0438\u044f \u0432\u043e\u043b\u043e\u0441, \u0430\u043b\u043e\u043f\u0435\u0446\u0438\u0438, \u043e\u0431\u043b\u044b\u0441\u0435\u043d\u0438\u044f, \u0438\u0441\u0442\u043e\u043d\u0447\u0435\u043d\u0438\u044f \u0432\u043e\u043b\u043e\u0441 \u0438 \u0437\u0430\u043b\u044b\u0441\u0438\u043d.","og_url":"https:\/\/shops-usa.com\/hu\/termek\/lazernaya-kepka-dlya-rosta-volos-ssha-hairmax-regrowmd-272\/?wmc-currency=HUF","og_site_name":"ShopsUSA","article_modified_time":"2025-09-23T11:43:59+00:00","og_image":[{"width":1500,"height":1500,"url":"https:\/\/shops-usa.com\/wp-content\/uploads\/2024\/12\/23-2.jpg","type":"image\/jpeg"}],"twitter_card":"summary_large_image","schema":{"@context":"https:\/\/schema.org","@graph":[{"@type":"WebPage","@id":"https:\/\/shops-usa.com\/product\/lazernaya-kepka-dlya-rosta-volos-ssha-hairmax-regrowmd-272\/","url":"https:\/\/shops-usa.com\/product\/lazernaya-kepka-dlya-rosta-volos-ssha-hairmax-regrowmd-272\/","name":"\u041b\u0430\u0437\u0435\u0440\u043d\u0430\u044f \u043a\u0435\u043f\u043a\u0430 \u0434\u043b\u044f \u0440\u043e\u0441\u0442\u0430 \u0432\u043e\u043b\u043e\u0441 (\u0421\u0428\u0410) HairMax RegrowMD 272 - ShopsUSA","isPartOf":{"@id":"https:\/\/shops-usa.com\/#website"},"primaryImageOfPage":{"@id":"https:\/\/shops-usa.com\/product\/lazernaya-kepka-dlya-rosta-volos-ssha-hairmax-regrowmd-272\/#primaryimage"},"image":{"@id":"https:\/\/shops-usa.com\/product\/lazernaya-kepka-dlya-rosta-volos-ssha-hairmax-regrowmd-272\/#primaryimage"},"thumbnailUrl":"https:\/\/shops-usa.com\/wp-content\/uploads\/2024\/12\/23-2.jpg","datePublished":"2024-12-18T14:34:18+00:00","dateModified":"2025-09-23T11:43:59+00:00","breadcrumb":{"@id":"https:\/\/shops-usa.com\/product\/lazernaya-kepka-dlya-rosta-volos-ssha-hairmax-regrowmd-272\/#breadcrumb"},"inLanguage":"hu","potentialAction":[{"@type":"ReadAction","target":["https:\/\/shops-usa.com\/product\/lazernaya-kepka-dlya-rosta-volos-ssha-hairmax-regrowmd-272\/"]}]},{"@type":"ImageObject","inLanguage":"hu","@id":"https:\/\/shops-usa.com\/product\/lazernaya-kepka-dlya-rosta-volos-ssha-hairmax-regrowmd-272\/#primaryimage","url":"https:\/\/shops-usa.com\/wp-content\/uploads\/2024\/12\/23-2.jpg","contentUrl":"https:\/\/shops-usa.com\/wp-content\/uploads\/2024\/12\/23-2.jpg","width":1500,"height":1500},{"@type":"BreadcrumbList","@id":"https:\/\/shops-usa.com\/product\/lazernaya-kepka-dlya-rosta-volos-ssha-hairmax-regrowmd-272\/#breadcrumb","itemListElement":[{"@type":"ListItem","position":1,"name":"Home","item":"https:\/\/shops-usa.com\/"},{"@type":"ListItem","position":2,"name":"\u041a\u0430\u0442\u0430\u043b\u043e\u0433","item":"https:\/\/shops-usa.com\/catalogue\/"},{"@type":"ListItem","position":3,"name":"\u041b\u0430\u0437\u0435\u0440\u043d\u0430\u044f \u043a\u0435\u043f\u043a\u0430 \u0434\u043b\u044f \u0440\u043e\u0441\u0442\u0430 \u0432\u043e\u043b\u043e\u0441 (\u0421\u0428\u0410) HairMax RegrowMD 272"}]},{"@type":"WebSite","@id":"https:\/\/shops-usa.com\/#website","url":"https:\/\/shops-usa.com\/","name":"ShopsUSA","description":"Quality products from USA","publisher":{"@id":"https:\/\/shops-usa.com\/#organization"},"potentialAction":[{"@type":"SearchAction","target":{"@type":"EntryPoint","urlTemplate":"https:\/\/shops-usa.com\/?s={search_term_string}"},"query-input":{"@type":"PropertyValueSpecification","valueRequired":true,"valueName":"search_term_string"}}],"inLanguage":"hu"},{"@type":"Organization","@id":"https:\/\/shops-usa.com\/#organization","name":"SHOPS USA","alternateName":"SHOPS","url":"https:\/\/shops-usa.com\/","logo":{"@type":"ImageObject","inLanguage":"hu","@id":"https:\/\/shops-usa.com\/#\/schema\/logo\/image\/","url":"https:\/\/shops-usa.com\/wp-content\/uploads\/2025\/12\/letter_final_white-1.png","contentUrl":"https:\/\/shops-usa.com\/wp-content\/uploads\/2025\/12\/letter_final_white-1.png","width":1711,"height":1949,"caption":"SHOPS USA"},"image":{"@id":"https:\/\/shops-usa.com\/#\/schema\/logo\/image\/"}}]}},"_links":{"self":[{"href":"https:\/\/shops-usa.com\/hu\/wp-json\/wp\/v2\/product\/56","targetHints":{"allow":["GET"]}}],"collection":[{"href":"https:\/\/shops-usa.com\/hu\/wp-json\/wp\/v2\/product"}],"about":[{"href":"https:\/\/shops-usa.com\/hu\/wp-json\/wp\/v2\/types\/product"}],"replies":[{"embeddable":true,"href":"https:\/\/shops-usa.com\/hu\/wp-json\/wp\/v2\/comments?post=56"}],"wp:featuredmedia":[{"embeddable":true,"href":"https:\/\/shops-usa.com\/hu\/wp-json\/wp\/v2\/media\/783"}],"wp:attachment":[{"href":"https:\/\/shops-usa.com\/hu\/wp-json\/wp\/v2\/media?parent=56"}],"wp:term":[{"taxonomy":"product_brand","embeddable":true,"href":"https:\/\/shops-usa.com\/hu\/wp-json\/wp\/v2\/product_brand?post=56"},{"taxonomy":"product_cat","embeddable":true,"href":"https:\/\/shops-usa.com\/hu\/wp-json\/wp\/v2\/product_cat?post=56"},{"taxonomy":"product_tag","embeddable":true,"href":"https:\/\/shops-usa.com\/hu\/wp-json\/wp\/v2\/product_tag?post=56"}],"curies":[{"name":"wp","href":"https:\/\/api.w.org\/{rel}","templated":true}]}}