{"id":51,"date":"2024-12-18T14:34:17","date_gmt":"2024-12-18T14:34:17","guid":{"rendered":"https:\/\/shops-usa.com\/?post_type=product&#038;p=51"},"modified":"2024-12-18T14:35:28","modified_gmt":"2024-12-18T14:35:28","slug":"portativnyj-sterilizator-usb-ssha-grownsy","status":"publish","type":"product","link":"https:\/\/shops-usa.com\/hu\/termek\/portativnyj-sterilizator-usb-ssha-grownsy\/","title":{"rendered":"Hordozhat\u00f3 steriliz\u00e1l\u00f3 GROWNSY (USA)"},"content":{"rendered":"<p>UV-C LED seg\u00edts\u00e9g\u00e9vel 59 m\u00e1sodperc alatt elpuszt\u00edtja a bakt\u00e9riumok \u00e9s v\u00edrusok 99,99%-\u00e1t. A k\u00e9sz\u00fcl\u00e9k t\u00f6bbf\u00e9lek\u00e9ppen haszn\u00e1lhat\u00f3: helyezze a steriliz\u00e1land\u00f3 t\u00e1rgyat\/t\u00e1rgyakat a steriliz\u00e1l\u00f3ba, vagy egyszer\u0171en szedje sz\u00e9t a k\u00e9sz\u00fcl\u00e9ket, \u00e9s ir\u00e1ny\u00edtsa a steriliz\u00e1l\u00f3t a k\u00edv\u00e1nt t\u00e1rgy\/t\u00e1rgyak fel\u00e9. A k\u00e9szlet tartalmaz egy 700 mAh-s l\u00edtium akkumul\u00e1tort, egy USB t\u00f6lt\u0151k\u00e1belt \u00e9s egy r\u00f6gz\u00edt\u0151p\u00e1ntot. Teljes felt\u00f6lt\u00e9s ut\u00e1n a k\u00e9sz\u00fcl\u00e9k 90 percig haszn\u00e1lhat\u00f3. Minden t\u00edpus\u00fa cumihoz, intim ruh\u00e1zathoz, \u00e9kszerekhez, kozmetikai eszk\u00f6z\u00f6kh\u00f6z stb. alkalmas, steriliz\u00e1lhat\u00f3. A mell\u00e9kelt p\u00e1nt k\u00f6nnyen r\u00f6gz\u00edthet\u0151 babakocsira, t\u00e1sk\u00e1ra, pelenk\u00e1z\u00f3t\u00e1sk\u00e1ra stb. Az UV-C LED automatikusan kikapcsol, amikor a fedelet kinyitj\u00e1k.<\/p>","protected":false},"excerpt":{"rendered":"<p>Hordozhat\u00f3 steriliz\u00e1l\u00f3. UV-C LED f\u00e9ny seg\u00edts\u00e9g\u00e9vel 59 m\u00e1sodperc alatt elpuszt\u00edtja a bakt\u00e9riumok \u00e9s v\u00edrusok 99,99%-\u00e1t.<\/p>","protected":false},"featured_media":101,"comment_status":"open","ping_status":"closed","template":"","meta":[],"product_brand":[],"product_cat":[25],"product_tag":[],"class_list":{"0":"post-51","1":"product","2":"type-product","3":"status-publish","4":"has-post-thumbnail","6":"product_cat-grownsy","8":"first","9":"instock","10":"sale","11":"shipping-taxable","12":"purchasable","13":"product-type-simple"},"yoast_head":"<!-- This site is optimized with the Yoast SEO plugin v26.6 - https:\/\/yoast.com\/wordpress\/plugins\/seo\/ -->\n<title>\u041f\u043e\u0440\u0442\u0430\u0442\u0438\u0432\u043d\u044b\u0439 \u0441\u0442\u0435\u0440\u0438\u043b\u0438\u0437\u0430\u0442\u043e\u0440 USB (\u0421\u0428\u0410) GROWNSY - ShopsUSA<\/title>\n<meta name=\"robots\" content=\"index, follow, max-snippet:-1, max-image-preview:large, max-video-preview:-1\" \/>\n<link rel=\"canonical\" href=\"https:\/\/shops-usa.com\/hu\/termek\/portativnyj-sterilizator-usb-ssha-grownsy\/?wmc-currency=HUF\" \/>\n<meta property=\"og:locale\" content=\"hu_HU\" \/>\n<meta property=\"og:type\" content=\"article\" \/>\n<meta property=\"og:title\" content=\"\u041f\u043e\u0440\u0442\u0430\u0442\u0438\u0432\u043d\u044b\u0439 \u0441\u0442\u0435\u0440\u0438\u043b\u0438\u0437\u0430\u0442\u043e\u0440 USB (\u0421\u0428\u0410) GROWNSY - ShopsUSA\" \/>\n<meta property=\"og:description\" content=\"\u041f\u043e\u0440\u0442\u0430\u0442\u0438\u0432\u043d\u044b\u0439 \u0441\u0442\u0435\u0440\u0438\u043b\u0438\u0437\u0430\u0442\u043e\u0440. \u0423\u0431\u0438\u0432\u0430\u0435\u0442 99,99% \u0431\u0430\u043a\u0442\u0435\u0440\u0438\u0439 \u0438 \u0432\u0438\u0440\u0443\u0441\u043e\u0432 \u0437\u0430 59 \u0441\u0435\u043a\u0443\u043d\u0434 \u0441 \u043f\u043e\u043c\u043e\u0449\u044c\u044e \u0441\u0432\u0435\u0442\u043e\u0434\u0438\u043e\u0434\u0430 U-V-C.\" \/>\n<meta property=\"og:url\" content=\"https:\/\/shops-usa.com\/hu\/termek\/portativnyj-sterilizator-usb-ssha-grownsy\/?wmc-currency=HUF\" \/>\n<meta property=\"og:site_name\" content=\"ShopsUSA\" \/>\n<meta property=\"article:modified_time\" content=\"2024-12-18T14:35:28+00:00\" \/>\n<meta property=\"og:image\" content=\"https:\/\/shops-usa.com\/wp-content\/uploads\/2024\/12\/71vlznwidml._sl1500_.jpg\" \/>\n\t<meta property=\"og:image:width\" content=\"1500\" \/>\n\t<meta property=\"og:image:height\" content=\"1500\" \/>\n\t<meta property=\"og:image:type\" content=\"image\/jpeg\" \/>\n<meta name=\"twitter:card\" content=\"summary_large_image\" \/>\n<script type=\"application\/ld+json\" class=\"yoast-schema-graph\">{\"@context\":\"https:\/\/schema.org\",\"@graph\":[{\"@type\":\"WebPage\",\"@id\":\"https:\/\/shops-usa.com\/product\/portativnyj-sterilizator-usb-ssha-grownsy\/\",\"url\":\"https:\/\/shops-usa.com\/product\/portativnyj-sterilizator-usb-ssha-grownsy\/\",\"name\":\"\u041f\u043e\u0440\u0442\u0430\u0442\u0438\u0432\u043d\u044b\u0439 \u0441\u0442\u0435\u0440\u0438\u043b\u0438\u0437\u0430\u0442\u043e\u0440 USB (\u0421\u0428\u0410) GROWNSY - ShopsUSA\",\"isPartOf\":{\"@id\":\"https:\/\/shops-usa.com\/#website\"},\"primaryImageOfPage\":{\"@id\":\"https:\/\/shops-usa.com\/product\/portativnyj-sterilizator-usb-ssha-grownsy\/#primaryimage\"},\"image\":{\"@id\":\"https:\/\/shops-usa.com\/product\/portativnyj-sterilizator-usb-ssha-grownsy\/#primaryimage\"},\"thumbnailUrl\":\"https:\/\/shops-usa.com\/wp-content\/uploads\/2024\/12\/71vlznwidml._sl1500_.jpg\",\"datePublished\":\"2024-12-18T14:34:17+00:00\",\"dateModified\":\"2024-12-18T14:35:28+00:00\",\"breadcrumb\":{\"@id\":\"https:\/\/shops-usa.com\/product\/portativnyj-sterilizator-usb-ssha-grownsy\/#breadcrumb\"},\"inLanguage\":\"hu\",\"potentialAction\":[{\"@type\":\"ReadAction\",\"target\":[\"https:\/\/shops-usa.com\/product\/portativnyj-sterilizator-usb-ssha-grownsy\/\"]}]},{\"@type\":\"ImageObject\",\"inLanguage\":\"hu\",\"@id\":\"https:\/\/shops-usa.com\/product\/portativnyj-sterilizator-usb-ssha-grownsy\/#primaryimage\",\"url\":\"https:\/\/shops-usa.com\/wp-content\/uploads\/2024\/12\/71vlznwidml._sl1500_.jpg\",\"contentUrl\":\"https:\/\/shops-usa.com\/wp-content\/uploads\/2024\/12\/71vlznwidml._sl1500_.jpg\",\"width\":1500,\"height\":1500},{\"@type\":\"BreadcrumbList\",\"@id\":\"https:\/\/shops-usa.com\/product\/portativnyj-sterilizator-usb-ssha-grownsy\/#breadcrumb\",\"itemListElement\":[{\"@type\":\"ListItem\",\"position\":1,\"name\":\"Home\",\"item\":\"https:\/\/shops-usa.com\/\"},{\"@type\":\"ListItem\",\"position\":2,\"name\":\"\u041a\u0430\u0442\u0430\u043b\u043e\u0433\",\"item\":\"https:\/\/shops-usa.com\/catalogue\/\"},{\"@type\":\"ListItem\",\"position\":3,\"name\":\"\u041f\u043e\u0440\u0442\u0430\u0442\u0438\u0432\u043d\u044b\u0439 \u0441\u0442\u0435\u0440\u0438\u043b\u0438\u0437\u0430\u0442\u043e\u0440 USB (\u0421\u0428\u0410) GROWNSY\"}]},{\"@type\":\"WebSite\",\"@id\":\"https:\/\/shops-usa.com\/#website\",\"url\":\"https:\/\/shops-usa.com\/\",\"name\":\"ShopsUSA\",\"description\":\"Quality products from USA\",\"publisher\":{\"@id\":\"https:\/\/shops-usa.com\/#organization\"},\"potentialAction\":[{\"@type\":\"SearchAction\",\"target\":{\"@type\":\"EntryPoint\",\"urlTemplate\":\"https:\/\/shops-usa.com\/?s={search_term_string}\"},\"query-input\":{\"@type\":\"PropertyValueSpecification\",\"valueRequired\":true,\"valueName\":\"search_term_string\"}}],\"inLanguage\":\"hu\"},{\"@type\":\"Organization\",\"@id\":\"https:\/\/shops-usa.com\/#organization\",\"name\":\"SHOPS USA\",\"alternateName\":\"SHOPS\",\"url\":\"https:\/\/shops-usa.com\/\",\"logo\":{\"@type\":\"ImageObject\",\"inLanguage\":\"hu\",\"@id\":\"https:\/\/shops-usa.com\/#\/schema\/logo\/image\/\",\"url\":\"https:\/\/shops-usa.com\/wp-content\/uploads\/2025\/12\/letter_final_white-1.png\",\"contentUrl\":\"https:\/\/shops-usa.com\/wp-content\/uploads\/2025\/12\/letter_final_white-1.png\",\"width\":1711,\"height\":1949,\"caption\":\"SHOPS USA\"},\"image\":{\"@id\":\"https:\/\/shops-usa.com\/#\/schema\/logo\/image\/\"}}]}<\/script>\n<!-- \/ Yoast SEO plugin. -->","yoast_head_json":{"title":"\u041f\u043e\u0440\u0442\u0430\u0442\u0438\u0432\u043d\u044b\u0439 \u0441\u0442\u0435\u0440\u0438\u043b\u0438\u0437\u0430\u0442\u043e\u0440 USB (\u0421\u0428\u0410) GROWNSY - ShopsUSA","robots":{"index":"index","follow":"follow","max-snippet":"max-snippet:-1","max-image-preview":"max-image-preview:large","max-video-preview":"max-video-preview:-1"},"canonical":"https:\/\/shops-usa.com\/hu\/termek\/portativnyj-sterilizator-usb-ssha-grownsy\/?wmc-currency=HUF","og_locale":"hu_HU","og_type":"article","og_title":"\u041f\u043e\u0440\u0442\u0430\u0442\u0438\u0432\u043d\u044b\u0439 \u0441\u0442\u0435\u0440\u0438\u043b\u0438\u0437\u0430\u0442\u043e\u0440 USB (\u0421\u0428\u0410) GROWNSY - ShopsUSA","og_description":"\u041f\u043e\u0440\u0442\u0430\u0442\u0438\u0432\u043d\u044b\u0439 \u0441\u0442\u0435\u0440\u0438\u043b\u0438\u0437\u0430\u0442\u043e\u0440. \u0423\u0431\u0438\u0432\u0430\u0435\u0442 99,99% \u0431\u0430\u043a\u0442\u0435\u0440\u0438\u0439 \u0438 \u0432\u0438\u0440\u0443\u0441\u043e\u0432 \u0437\u0430 59 \u0441\u0435\u043a\u0443\u043d\u0434 \u0441 \u043f\u043e\u043c\u043e\u0449\u044c\u044e \u0441\u0432\u0435\u0442\u043e\u0434\u0438\u043e\u0434\u0430 U-V-C.","og_url":"https:\/\/shops-usa.com\/hu\/termek\/portativnyj-sterilizator-usb-ssha-grownsy\/?wmc-currency=HUF","og_site_name":"ShopsUSA","article_modified_time":"2024-12-18T14:35:28+00:00","og_image":[{"width":1500,"height":1500,"url":"https:\/\/shops-usa.com\/wp-content\/uploads\/2024\/12\/71vlznwidml._sl1500_.jpg","type":"image\/jpeg"}],"twitter_card":"summary_large_image","schema":{"@context":"https:\/\/schema.org","@graph":[{"@type":"WebPage","@id":"https:\/\/shops-usa.com\/product\/portativnyj-sterilizator-usb-ssha-grownsy\/","url":"https:\/\/shops-usa.com\/product\/portativnyj-sterilizator-usb-ssha-grownsy\/","name":"\u041f\u043e\u0440\u0442\u0430\u0442\u0438\u0432\u043d\u044b\u0439 \u0441\u0442\u0435\u0440\u0438\u043b\u0438\u0437\u0430\u0442\u043e\u0440 USB (\u0421\u0428\u0410) GROWNSY - ShopsUSA","isPartOf":{"@id":"https:\/\/shops-usa.com\/#website"},"primaryImageOfPage":{"@id":"https:\/\/shops-usa.com\/product\/portativnyj-sterilizator-usb-ssha-grownsy\/#primaryimage"},"image":{"@id":"https:\/\/shops-usa.com\/product\/portativnyj-sterilizator-usb-ssha-grownsy\/#primaryimage"},"thumbnailUrl":"https:\/\/shops-usa.com\/wp-content\/uploads\/2024\/12\/71vlznwidml._sl1500_.jpg","datePublished":"2024-12-18T14:34:17+00:00","dateModified":"2024-12-18T14:35:28+00:00","breadcrumb":{"@id":"https:\/\/shops-usa.com\/product\/portativnyj-sterilizator-usb-ssha-grownsy\/#breadcrumb"},"inLanguage":"hu","potentialAction":[{"@type":"ReadAction","target":["https:\/\/shops-usa.com\/product\/portativnyj-sterilizator-usb-ssha-grownsy\/"]}]},{"@type":"ImageObject","inLanguage":"hu","@id":"https:\/\/shops-usa.com\/product\/portativnyj-sterilizator-usb-ssha-grownsy\/#primaryimage","url":"https:\/\/shops-usa.com\/wp-content\/uploads\/2024\/12\/71vlznwidml._sl1500_.jpg","contentUrl":"https:\/\/shops-usa.com\/wp-content\/uploads\/2024\/12\/71vlznwidml._sl1500_.jpg","width":1500,"height":1500},{"@type":"BreadcrumbList","@id":"https:\/\/shops-usa.com\/product\/portativnyj-sterilizator-usb-ssha-grownsy\/#breadcrumb","itemListElement":[{"@type":"ListItem","position":1,"name":"Home","item":"https:\/\/shops-usa.com\/"},{"@type":"ListItem","position":2,"name":"\u041a\u0430\u0442\u0430\u043b\u043e\u0433","item":"https:\/\/shops-usa.com\/catalogue\/"},{"@type":"ListItem","position":3,"name":"\u041f\u043e\u0440\u0442\u0430\u0442\u0438\u0432\u043d\u044b\u0439 \u0441\u0442\u0435\u0440\u0438\u043b\u0438\u0437\u0430\u0442\u043e\u0440 USB (\u0421\u0428\u0410) GROWNSY"}]},{"@type":"WebSite","@id":"https:\/\/shops-usa.com\/#website","url":"https:\/\/shops-usa.com\/","name":"ShopsUSA","description":"Quality products from USA","publisher":{"@id":"https:\/\/shops-usa.com\/#organization"},"potentialAction":[{"@type":"SearchAction","target":{"@type":"EntryPoint","urlTemplate":"https:\/\/shops-usa.com\/?s={search_term_string}"},"query-input":{"@type":"PropertyValueSpecification","valueRequired":true,"valueName":"search_term_string"}}],"inLanguage":"hu"},{"@type":"Organization","@id":"https:\/\/shops-usa.com\/#organization","name":"SHOPS USA","alternateName":"SHOPS","url":"https:\/\/shops-usa.com\/","logo":{"@type":"ImageObject","inLanguage":"hu","@id":"https:\/\/shops-usa.com\/#\/schema\/logo\/image\/","url":"https:\/\/shops-usa.com\/wp-content\/uploads\/2025\/12\/letter_final_white-1.png","contentUrl":"https:\/\/shops-usa.com\/wp-content\/uploads\/2025\/12\/letter_final_white-1.png","width":1711,"height":1949,"caption":"SHOPS USA"},"image":{"@id":"https:\/\/shops-usa.com\/#\/schema\/logo\/image\/"}}]}},"_links":{"self":[{"href":"https:\/\/shops-usa.com\/hu\/wp-json\/wp\/v2\/product\/51","targetHints":{"allow":["GET"]}}],"collection":[{"href":"https:\/\/shops-usa.com\/hu\/wp-json\/wp\/v2\/product"}],"about":[{"href":"https:\/\/shops-usa.com\/hu\/wp-json\/wp\/v2\/types\/product"}],"replies":[{"embeddable":true,"href":"https:\/\/shops-usa.com\/hu\/wp-json\/wp\/v2\/comments?post=51"}],"wp:featuredmedia":[{"embeddable":true,"href":"https:\/\/shops-usa.com\/hu\/wp-json\/wp\/v2\/media\/101"}],"wp:attachment":[{"href":"https:\/\/shops-usa.com\/hu\/wp-json\/wp\/v2\/media?parent=51"}],"wp:term":[{"taxonomy":"product_brand","embeddable":true,"href":"https:\/\/shops-usa.com\/hu\/wp-json\/wp\/v2\/product_brand?post=51"},{"taxonomy":"product_cat","embeddable":true,"href":"https:\/\/shops-usa.com\/hu\/wp-json\/wp\/v2\/product_cat?post=51"},{"taxonomy":"product_tag","embeddable":true,"href":"https:\/\/shops-usa.com\/hu\/wp-json\/wp\/v2\/product_tag?post=51"}],"curies":[{"name":"wp","href":"https:\/\/api.w.org\/{rel}","templated":true}]}}