{"id":67,"date":"2024-12-18T14:34:19","date_gmt":"2024-12-18T14:34:19","guid":{"rendered":"https:\/\/shops-usa.com\/?post_type=product&#038;p=67"},"modified":"2024-12-18T14:36:59","modified_gmt":"2024-12-18T14:36:59","slug":"podogrevatel-salfetok-s-podsvetkoj-ssha-munchkin","status":"publish","type":"product","link":"https:\/\/shops-usa.com\/hr\/proizvod\/podogrevatel-salfetok-s-podsvetkoj-ssha-munchkin\/","title":{"rendered":"Munchkin (SAD) osvijetljeni grija\u010d za salvete"},"content":{"rendered":"<p>Koriste\u0107i niski napon, ovaj grija\u010d maramica pru\u017ea udobnost bebama i prakti\u010dnost roditeljima. Energetski u\u010dinkovit i kompaktan, ima meko no\u0107no svjetlo. Poklopac na \u0161arkama omogu\u0107uje jednostavan pristup maramicama. No\u0107no svjetlo se automatski isklju\u010duje nakon 10 minuta. Prima do 100 standardnih dje\u010djih maramica (maramice nisu uklju\u010dene).<\/p>","protected":false},"excerpt":{"rendered":"<p>Koriste\u0107i niski napon, ovaj grija\u010d maramica pru\u017ea udobnost bebama i prakti\u010dnost roditeljima. Energetski u\u010dinkovit i kompaktan, ima meko no\u0107no svjetlo. Poklopac na \u0161arkama omogu\u0107uje jednostavan pristup maramicama. No\u0107no svjetlo se automatski isklju\u010duje nakon 10 minuta. Prima do 100 standardnih dje\u010djih maramica (maramice nisu uklju\u010dene).<\/p>","protected":false},"featured_media":155,"comment_status":"open","ping_status":"closed","template":"","meta":[],"product_brand":[],"product_cat":[30],"product_tag":[],"class_list":{"0":"post-67","1":"product","2":"type-product","3":"status-publish","4":"has-post-thumbnail","6":"product_cat-munchkin","8":"first","9":"instock","10":"sale","11":"shipping-taxable","12":"purchasable","13":"product-type-simple"},"yoast_head":"<!-- This site is optimized with the Yoast SEO plugin v26.6 - https:\/\/yoast.com\/wordpress\/plugins\/seo\/ -->\n<title>\u041f\u043e\u0434\u043e\u0433\u0440\u0435\u0432\u0430\u0442\u0435\u043b\u044c \u0441\u0430\u043b\u0444\u0435\u0442\u043e\u043a \u0441 \u043f\u043e\u0434\u0441\u0432\u0435\u0442\u043a\u043e\u0439 (\u0421\u0428\u0410) Munchkin - ShopsUSA<\/title>\n<meta name=\"robots\" content=\"index, follow, max-snippet:-1, max-image-preview:large, max-video-preview:-1\" \/>\n<link rel=\"canonical\" href=\"https:\/\/shops-usa.com\/hr\/proizvod\/podogrevatel-salfetok-s-podsvetkoj-ssha-munchkin\/?wmc-currency=HRK\" \/>\n<meta property=\"og:locale\" content=\"hr_HR\" \/>\n<meta property=\"og:type\" content=\"article\" \/>\n<meta property=\"og:title\" content=\"\u041f\u043e\u0434\u043e\u0433\u0440\u0435\u0432\u0430\u0442\u0435\u043b\u044c \u0441\u0430\u043b\u0444\u0435\u0442\u043e\u043a \u0441 \u043f\u043e\u0434\u0441\u0432\u0435\u0442\u043a\u043e\u0439 (\u0421\u0428\u0410) Munchkin - ShopsUSA\" \/>\n<meta property=\"og:description\" content=\"\u0421 \u043f\u043e\u043c\u043e\u0449\u044c\u044e \u043d\u0438\u0437\u043a\u043e\u043e\u0433\u043e \u043d\u0430\u043f\u0440\u044f\u0436\u0435\u043d\u0438\u044f, \u0434\u0430\u043d\u043d\u044b\u0439 \u043e\u0431\u043e\u0433\u0440\u0435\u0432\u0430\u0442\u0435\u043b\u044c \u0434\u043b\u044f \u0441\u0430\u043b\u0444\u0435\u0442\u043e\u043a \u041f\u043e\u043c\u043e\u0433\u0430\u0435\u0442 \u0441\u043e\u0437\u0434\u0430\u0442\u044c \u043a\u043e\u043c\u0444\u043e\u0440\u0442 \u043c\u0430\u043b\u044b\u0448\u0430\u043c \u0438 \u0443\u0434\u043e\u0431\u0441\u0442\u0432\u043e \u0440\u043e\u0434\u0438\u0442\u0435\u043b\u044f\u043c. \u042d\u043d\u0435\u0440\u0433\u043e\u044d\u0444\u0444\u0435\u043a\u0442\u0438\u0432\u043d\u044b\u0439 \u0438 \u043a\u043e\u043c\u043f\u0430\u043a\u0442\u043d\u044b\u0439 \u0441 \u043c\u044f\u0433\u043a\u0438\u043c \u043d\u043e\u0447\u043d\u044b\u043c \u043e\u0441\u0432\u0435\u0449\u0435\u043d\u0438\u0435\u043c. \u041e\u0442\u043a\u0438\u0434\u043d\u0430\u044f \u043a\u0440\u044b\u0448\u043a\u0430 \u043e\u0431\u0435\u0441\u043f\u0435\u0447\u0438\u0432\u0430\u0435\u0442 \u043b\u0435\u0433\u043a\u0438\u0439 \u0434\u043e\u0441\u0442\u0443\u043f \u043a \u0441\u0430\u043b\u0444\u0435\u0442\u043a\u0430\u043c. \u041d\u043e\u0447\u043d\u0438\u043a \u0430\u0432\u0442\u043e\u043c\u0430\u0442\u0438\u0447\u0435\u0441\u043a\u0438 \u043e\u0442\u043a\u043b\u044e\u0447\u0430\u0435\u0442\u0441\u044f \u043f\u043e\u0441\u043b\u0435 10 \u043c\u0438\u043d\u0443\u0442 \u0440\u0430\u0431\u043e\u0442\u044b. \u0412\u043c\u0435\u0449\u0430\u0435\u0442 \u0434\u043e 100 \u0434\u0435\u0442\u0441\u043a\u0438\u0445 \u0441\u0430\u043b\u0444\u0435\u0442\u043e\u043a \u0441\u0442\u0430\u043d\u0434\u0430\u0440\u0442\u043d\u043e\u0433\u043e \u0440\u0430\u0437\u043c\u0435\u0440\u0430 (\u0441\u0430\u043b\u0444\u0435\u0442\u043a\u0438 \u0432 \u043a\u043e\u043c\u043f\u043b\u0435\u043a\u0442 \u043d\u0435 \u0432\u0445\u043e\u0434\u044f\u0442)\" \/>\n<meta property=\"og:url\" content=\"https:\/\/shops-usa.com\/hr\/proizvod\/podogrevatel-salfetok-s-podsvetkoj-ssha-munchkin\/?wmc-currency=HRK\" \/>\n<meta property=\"og:site_name\" content=\"ShopsUSA\" \/>\n<meta property=\"article:modified_time\" content=\"2024-12-18T14:36:59+00:00\" \/>\n<meta property=\"og:image\" content=\"https:\/\/shops-usa.com\/wp-content\/uploads\/2024\/12\/81nk7u4mgal._sl1500_.jpg\" \/>\n\t<meta property=\"og:image:width\" content=\"1500\" \/>\n\t<meta property=\"og:image:height\" content=\"1195\" \/>\n\t<meta property=\"og:image:type\" content=\"image\/jpeg\" \/>\n<meta name=\"twitter:card\" content=\"summary_large_image\" \/>\n<script type=\"application\/ld+json\" class=\"yoast-schema-graph\">{\"@context\":\"https:\/\/schema.org\",\"@graph\":[{\"@type\":\"WebPage\",\"@id\":\"https:\/\/shops-usa.com\/product\/podogrevatel-salfetok-s-podsvetkoj-ssha-munchkin\/\",\"url\":\"https:\/\/shops-usa.com\/product\/podogrevatel-salfetok-s-podsvetkoj-ssha-munchkin\/\",\"name\":\"\u041f\u043e\u0434\u043e\u0433\u0440\u0435\u0432\u0430\u0442\u0435\u043b\u044c \u0441\u0430\u043b\u0444\u0435\u0442\u043e\u043a \u0441 \u043f\u043e\u0434\u0441\u0432\u0435\u0442\u043a\u043e\u0439 (\u0421\u0428\u0410) Munchkin - ShopsUSA\",\"isPartOf\":{\"@id\":\"https:\/\/shops-usa.com\/#website\"},\"primaryImageOfPage\":{\"@id\":\"https:\/\/shops-usa.com\/product\/podogrevatel-salfetok-s-podsvetkoj-ssha-munchkin\/#primaryimage\"},\"image\":{\"@id\":\"https:\/\/shops-usa.com\/product\/podogrevatel-salfetok-s-podsvetkoj-ssha-munchkin\/#primaryimage\"},\"thumbnailUrl\":\"https:\/\/shops-usa.com\/wp-content\/uploads\/2024\/12\/81nk7u4mgal._sl1500_.jpg\",\"datePublished\":\"2024-12-18T14:34:19+00:00\",\"dateModified\":\"2024-12-18T14:36:59+00:00\",\"breadcrumb\":{\"@id\":\"https:\/\/shops-usa.com\/product\/podogrevatel-salfetok-s-podsvetkoj-ssha-munchkin\/#breadcrumb\"},\"inLanguage\":\"hr\",\"potentialAction\":[{\"@type\":\"ReadAction\",\"target\":[\"https:\/\/shops-usa.com\/product\/podogrevatel-salfetok-s-podsvetkoj-ssha-munchkin\/\"]}]},{\"@type\":\"ImageObject\",\"inLanguage\":\"hr\",\"@id\":\"https:\/\/shops-usa.com\/product\/podogrevatel-salfetok-s-podsvetkoj-ssha-munchkin\/#primaryimage\",\"url\":\"https:\/\/shops-usa.com\/wp-content\/uploads\/2024\/12\/81nk7u4mgal._sl1500_.jpg\",\"contentUrl\":\"https:\/\/shops-usa.com\/wp-content\/uploads\/2024\/12\/81nk7u4mgal._sl1500_.jpg\",\"width\":1500,\"height\":1195},{\"@type\":\"BreadcrumbList\",\"@id\":\"https:\/\/shops-usa.com\/product\/podogrevatel-salfetok-s-podsvetkoj-ssha-munchkin\/#breadcrumb\",\"itemListElement\":[{\"@type\":\"ListItem\",\"position\":1,\"name\":\"Home\",\"item\":\"https:\/\/shops-usa.com\/\"},{\"@type\":\"ListItem\",\"position\":2,\"name\":\"\u041a\u0430\u0442\u0430\u043b\u043e\u0433\",\"item\":\"https:\/\/shops-usa.com\/catalogue\/\"},{\"@type\":\"ListItem\",\"position\":3,\"name\":\"\u041f\u043e\u0434\u043e\u0433\u0440\u0435\u0432\u0430\u0442\u0435\u043b\u044c \u0441\u0430\u043b\u0444\u0435\u0442\u043e\u043a \u0441 \u043f\u043e\u0434\u0441\u0432\u0435\u0442\u043a\u043e\u0439 (\u0421\u0428\u0410) Munchkin\"}]},{\"@type\":\"WebSite\",\"@id\":\"https:\/\/shops-usa.com\/#website\",\"url\":\"https:\/\/shops-usa.com\/\",\"name\":\"ShopsUSA\",\"description\":\"Quality products from USA\",\"publisher\":{\"@id\":\"https:\/\/shops-usa.com\/#organization\"},\"potentialAction\":[{\"@type\":\"SearchAction\",\"target\":{\"@type\":\"EntryPoint\",\"urlTemplate\":\"https:\/\/shops-usa.com\/?s={search_term_string}\"},\"query-input\":{\"@type\":\"PropertyValueSpecification\",\"valueRequired\":true,\"valueName\":\"search_term_string\"}}],\"inLanguage\":\"hr\"},{\"@type\":\"Organization\",\"@id\":\"https:\/\/shops-usa.com\/#organization\",\"name\":\"SHOPS USA\",\"alternateName\":\"SHOPS\",\"url\":\"https:\/\/shops-usa.com\/\",\"logo\":{\"@type\":\"ImageObject\",\"inLanguage\":\"hr\",\"@id\":\"https:\/\/shops-usa.com\/#\/schema\/logo\/image\/\",\"url\":\"https:\/\/shops-usa.com\/wp-content\/uploads\/2025\/12\/letter_final_white-1.png\",\"contentUrl\":\"https:\/\/shops-usa.com\/wp-content\/uploads\/2025\/12\/letter_final_white-1.png\",\"width\":1711,\"height\":1949,\"caption\":\"SHOPS USA\"},\"image\":{\"@id\":\"https:\/\/shops-usa.com\/#\/schema\/logo\/image\/\"}}]}<\/script>\n<!-- \/ Yoast SEO plugin. -->","yoast_head_json":{"title":"\u041f\u043e\u0434\u043e\u0433\u0440\u0435\u0432\u0430\u0442\u0435\u043b\u044c \u0441\u0430\u043b\u0444\u0435\u0442\u043e\u043a \u0441 \u043f\u043e\u0434\u0441\u0432\u0435\u0442\u043a\u043e\u0439 (\u0421\u0428\u0410) Munchkin - ShopsUSA","robots":{"index":"index","follow":"follow","max-snippet":"max-snippet:-1","max-image-preview":"max-image-preview:large","max-video-preview":"max-video-preview:-1"},"canonical":"https:\/\/shops-usa.com\/hr\/proizvod\/podogrevatel-salfetok-s-podsvetkoj-ssha-munchkin\/?wmc-currency=HRK","og_locale":"hr_HR","og_type":"article","og_title":"\u041f\u043e\u0434\u043e\u0433\u0440\u0435\u0432\u0430\u0442\u0435\u043b\u044c \u0441\u0430\u043b\u0444\u0435\u0442\u043e\u043a \u0441 \u043f\u043e\u0434\u0441\u0432\u0435\u0442\u043a\u043e\u0439 (\u0421\u0428\u0410) Munchkin - ShopsUSA","og_description":"\u0421 \u043f\u043e\u043c\u043e\u0449\u044c\u044e \u043d\u0438\u0437\u043a\u043e\u043e\u0433\u043e \u043d\u0430\u043f\u0440\u044f\u0436\u0435\u043d\u0438\u044f, \u0434\u0430\u043d\u043d\u044b\u0439 \u043e\u0431\u043e\u0433\u0440\u0435\u0432\u0430\u0442\u0435\u043b\u044c \u0434\u043b\u044f \u0441\u0430\u043b\u0444\u0435\u0442\u043e\u043a \u041f\u043e\u043c\u043e\u0433\u0430\u0435\u0442 \u0441\u043e\u0437\u0434\u0430\u0442\u044c \u043a\u043e\u043c\u0444\u043e\u0440\u0442 \u043c\u0430\u043b\u044b\u0448\u0430\u043c \u0438 \u0443\u0434\u043e\u0431\u0441\u0442\u0432\u043e \u0440\u043e\u0434\u0438\u0442\u0435\u043b\u044f\u043c. \u042d\u043d\u0435\u0440\u0433\u043e\u044d\u0444\u0444\u0435\u043a\u0442\u0438\u0432\u043d\u044b\u0439 \u0438 \u043a\u043e\u043c\u043f\u0430\u043a\u0442\u043d\u044b\u0439 \u0441 \u043c\u044f\u0433\u043a\u0438\u043c \u043d\u043e\u0447\u043d\u044b\u043c \u043e\u0441\u0432\u0435\u0449\u0435\u043d\u0438\u0435\u043c. \u041e\u0442\u043a\u0438\u0434\u043d\u0430\u044f \u043a\u0440\u044b\u0448\u043a\u0430 \u043e\u0431\u0435\u0441\u043f\u0435\u0447\u0438\u0432\u0430\u0435\u0442 \u043b\u0435\u0433\u043a\u0438\u0439 \u0434\u043e\u0441\u0442\u0443\u043f \u043a \u0441\u0430\u043b\u0444\u0435\u0442\u043a\u0430\u043c. \u041d\u043e\u0447\u043d\u0438\u043a \u0430\u0432\u0442\u043e\u043c\u0430\u0442\u0438\u0447\u0435\u0441\u043a\u0438 \u043e\u0442\u043a\u043b\u044e\u0447\u0430\u0435\u0442\u0441\u044f \u043f\u043e\u0441\u043b\u0435 10 \u043c\u0438\u043d\u0443\u0442 \u0440\u0430\u0431\u043e\u0442\u044b. \u0412\u043c\u0435\u0449\u0430\u0435\u0442 \u0434\u043e 100 \u0434\u0435\u0442\u0441\u043a\u0438\u0445 \u0441\u0430\u043b\u0444\u0435\u0442\u043e\u043a \u0441\u0442\u0430\u043d\u0434\u0430\u0440\u0442\u043d\u043e\u0433\u043e \u0440\u0430\u0437\u043c\u0435\u0440\u0430 (\u0441\u0430\u043b\u0444\u0435\u0442\u043a\u0438 \u0432 \u043a\u043e\u043c\u043f\u043b\u0435\u043a\u0442 \u043d\u0435 \u0432\u0445\u043e\u0434\u044f\u0442)","og_url":"https:\/\/shops-usa.com\/hr\/proizvod\/podogrevatel-salfetok-s-podsvetkoj-ssha-munchkin\/?wmc-currency=HRK","og_site_name":"ShopsUSA","article_modified_time":"2024-12-18T14:36:59+00:00","og_image":[{"width":1500,"height":1195,"url":"https:\/\/shops-usa.com\/wp-content\/uploads\/2024\/12\/81nk7u4mgal._sl1500_.jpg","type":"image\/jpeg"}],"twitter_card":"summary_large_image","schema":{"@context":"https:\/\/schema.org","@graph":[{"@type":"WebPage","@id":"https:\/\/shops-usa.com\/product\/podogrevatel-salfetok-s-podsvetkoj-ssha-munchkin\/","url":"https:\/\/shops-usa.com\/product\/podogrevatel-salfetok-s-podsvetkoj-ssha-munchkin\/","name":"\u041f\u043e\u0434\u043e\u0433\u0440\u0435\u0432\u0430\u0442\u0435\u043b\u044c \u0441\u0430\u043b\u0444\u0435\u0442\u043e\u043a \u0441 \u043f\u043e\u0434\u0441\u0432\u0435\u0442\u043a\u043e\u0439 (\u0421\u0428\u0410) Munchkin - ShopsUSA","isPartOf":{"@id":"https:\/\/shops-usa.com\/#website"},"primaryImageOfPage":{"@id":"https:\/\/shops-usa.com\/product\/podogrevatel-salfetok-s-podsvetkoj-ssha-munchkin\/#primaryimage"},"image":{"@id":"https:\/\/shops-usa.com\/product\/podogrevatel-salfetok-s-podsvetkoj-ssha-munchkin\/#primaryimage"},"thumbnailUrl":"https:\/\/shops-usa.com\/wp-content\/uploads\/2024\/12\/81nk7u4mgal._sl1500_.jpg","datePublished":"2024-12-18T14:34:19+00:00","dateModified":"2024-12-18T14:36:59+00:00","breadcrumb":{"@id":"https:\/\/shops-usa.com\/product\/podogrevatel-salfetok-s-podsvetkoj-ssha-munchkin\/#breadcrumb"},"inLanguage":"hr","potentialAction":[{"@type":"ReadAction","target":["https:\/\/shops-usa.com\/product\/podogrevatel-salfetok-s-podsvetkoj-ssha-munchkin\/"]}]},{"@type":"ImageObject","inLanguage":"hr","@id":"https:\/\/shops-usa.com\/product\/podogrevatel-salfetok-s-podsvetkoj-ssha-munchkin\/#primaryimage","url":"https:\/\/shops-usa.com\/wp-content\/uploads\/2024\/12\/81nk7u4mgal._sl1500_.jpg","contentUrl":"https:\/\/shops-usa.com\/wp-content\/uploads\/2024\/12\/81nk7u4mgal._sl1500_.jpg","width":1500,"height":1195},{"@type":"BreadcrumbList","@id":"https:\/\/shops-usa.com\/product\/podogrevatel-salfetok-s-podsvetkoj-ssha-munchkin\/#breadcrumb","itemListElement":[{"@type":"ListItem","position":1,"name":"Home","item":"https:\/\/shops-usa.com\/"},{"@type":"ListItem","position":2,"name":"\u041a\u0430\u0442\u0430\u043b\u043e\u0433","item":"https:\/\/shops-usa.com\/catalogue\/"},{"@type":"ListItem","position":3,"name":"\u041f\u043e\u0434\u043e\u0433\u0440\u0435\u0432\u0430\u0442\u0435\u043b\u044c \u0441\u0430\u043b\u0444\u0435\u0442\u043e\u043a \u0441 \u043f\u043e\u0434\u0441\u0432\u0435\u0442\u043a\u043e\u0439 (\u0421\u0428\u0410) Munchkin"}]},{"@type":"WebSite","@id":"https:\/\/shops-usa.com\/#website","url":"https:\/\/shops-usa.com\/","name":"ShopsUSA","description":"Quality products from USA","publisher":{"@id":"https:\/\/shops-usa.com\/#organization"},"potentialAction":[{"@type":"SearchAction","target":{"@type":"EntryPoint","urlTemplate":"https:\/\/shops-usa.com\/?s={search_term_string}"},"query-input":{"@type":"PropertyValueSpecification","valueRequired":true,"valueName":"search_term_string"}}],"inLanguage":"hr"},{"@type":"Organization","@id":"https:\/\/shops-usa.com\/#organization","name":"SHOPS USA","alternateName":"SHOPS","url":"https:\/\/shops-usa.com\/","logo":{"@type":"ImageObject","inLanguage":"hr","@id":"https:\/\/shops-usa.com\/#\/schema\/logo\/image\/","url":"https:\/\/shops-usa.com\/wp-content\/uploads\/2025\/12\/letter_final_white-1.png","contentUrl":"https:\/\/shops-usa.com\/wp-content\/uploads\/2025\/12\/letter_final_white-1.png","width":1711,"height":1949,"caption":"SHOPS USA"},"image":{"@id":"https:\/\/shops-usa.com\/#\/schema\/logo\/image\/"}}]}},"_links":{"self":[{"href":"https:\/\/shops-usa.com\/hr\/wp-json\/wp\/v2\/product\/67","targetHints":{"allow":["GET"]}}],"collection":[{"href":"https:\/\/shops-usa.com\/hr\/wp-json\/wp\/v2\/product"}],"about":[{"href":"https:\/\/shops-usa.com\/hr\/wp-json\/wp\/v2\/types\/product"}],"replies":[{"embeddable":true,"href":"https:\/\/shops-usa.com\/hr\/wp-json\/wp\/v2\/comments?post=67"}],"wp:featuredmedia":[{"embeddable":true,"href":"https:\/\/shops-usa.com\/hr\/wp-json\/wp\/v2\/media\/155"}],"wp:attachment":[{"href":"https:\/\/shops-usa.com\/hr\/wp-json\/wp\/v2\/media?parent=67"}],"wp:term":[{"taxonomy":"product_brand","embeddable":true,"href":"https:\/\/shops-usa.com\/hr\/wp-json\/wp\/v2\/product_brand?post=67"},{"taxonomy":"product_cat","embeddable":true,"href":"https:\/\/shops-usa.com\/hr\/wp-json\/wp\/v2\/product_cat?post=67"},{"taxonomy":"product_tag","embeddable":true,"href":"https:\/\/shops-usa.com\/hr\/wp-json\/wp\/v2\/product_tag?post=67"}],"curies":[{"name":"wp","href":"https:\/\/api.w.org\/{rel}","templated":true}]}}