{"id":57,"date":"2024-12-18T14:34:18","date_gmt":"2024-12-18T14:34:18","guid":{"rendered":"https:\/\/shops-usa.com\/?post_type=product&#038;p=57"},"modified":"2026-02-06T16:57:20","modified_gmt":"2026-02-06T16:57:20","slug":"lazernaya-rascheska-dlya-rosta-volos-ssha-hairmax-ultima-9","status":"publish","type":"product","link":"https:\/\/shops-usa.com\/hr\/proizvod\/lazernaya-rascheska-dlya-rosta-volos-ssha-hairmax-ultima-9\/","title":{"rendered":"HairMax Ultima 9 (SAD) laserski \u010de\u0161alj za rast kose"},"content":{"rendered":"<p>Ponovni rast kose: Laserski tretman koristi fotobiostimulaciju, pru\u017eaju\u0107i terapiju niskim laserom (LLLT), koja dostavlja kisik i hranjive tvari folikulima dlake kako bi ih aktivirala i potaknula ja\u010di rast kose. HairMax laserski \u010de\u0161alj odobren je s 8 FDA certifikata, 7 klini\u010dkih studija, 14 me\u0111unarodnih medicinskih licenci i 6 objavljenih medicinskih \u010dasopisa. Klini\u010dki je dokazano da HairMax laserski ure\u0111aj ponovni rast kose, s prosje\u010dnim pove\u0107anjem od 15 dodatnih dlaka po kvadratnom centimetru nakon \u0161est mjeseci redovite upotrebe. Iznimno prakti\u010dan i prenosiv, dizajniran je za upotrebu kod ku\u0107e i u pokretu. Lagana baterija omogu\u0107uje dugo punjenje i jednostavan je za no\u0161enje. Jednostavan je za rukovanje. Uklju\u010duje postolje za punjenje, bateriju, kabel za napajanje, korisni\u010dki priru\u010dnik i jamstvo za ure\u0111aj. Preporu\u010deno od strane lije\u010dnika: u klini\u010dkim ispitivanjima, korisnici su vidjeli vidljive rezultate za samo 3-6 mjeseci. Osnovan 2000. godine, HairMax je prodao preko 1,8 milijuna ure\u0111aja diljem svijeta i globalni je lider i pionir u laserskoj terapiji rasta kose. Lije\u010dnici preporu\u010duju HairMax laserske ure\u0111aje za lije\u010denje androgenetske alopecije, koja uklju\u010duje nasljednu \u0107elavost, \u0107elavost mu\u0161kog i \u017eenskog tipa, \u0107elavost u menopauzi, alopecia areata te gubitak i prorje\u0111ivanje kose povezane sa starenjem.<\/p>","protected":false},"excerpt":{"rendered":"<p>Laserski \u010de\u0161alj za rast kose. Laserski tretman uklju\u010duje fotobiostimulaciju, pru\u017eaju\u0107i lasersku terapiju niske razine.<\/p>","protected":false},"featured_media":760,"comment_status":"open","ping_status":"closed","template":"","meta":[],"product_brand":[],"product_cat":[28,52],"product_tag":[],"class_list":{"0":"post-57","1":"product","2":"type-product","3":"status-publish","4":"has-post-thumbnail","6":"product_cat-hairmax","7":"product_cat-heureka-export","9":"first","10":"instock","11":"sale","12":"shipping-taxable","13":"purchasable","14":"product-type-simple"},"yoast_head":"<!-- This site is optimized with the Yoast SEO plugin v26.6 - https:\/\/yoast.com\/wordpress\/plugins\/seo\/ -->\n<title>HairMax Ultima 9 (\u0421\u0428\u0410) \u041b\u0430\u0437\u0435\u0440\u043d\u0430\u044f \u0440\u0430\u0441\u0447\u0435\u0441\u043a\u0430 \u0434\u043b\u044f \u0440\u043e\u0441\u0442\u0430 \u0432\u043e\u043b\u043e\u0441 - ShopsUSA<\/title>\n<meta name=\"robots\" content=\"index, follow, max-snippet:-1, max-image-preview:large, max-video-preview:-1\" \/>\n<link rel=\"canonical\" href=\"https:\/\/shops-usa.com\/hr\/proizvod\/lazernaya-rascheska-dlya-rosta-volos-ssha-hairmax-ultima-9\/?wmc-currency=HRK\" \/>\n<meta property=\"og:locale\" content=\"hr_HR\" \/>\n<meta property=\"og:type\" content=\"article\" \/>\n<meta property=\"og:title\" content=\"HairMax Ultima 9 (\u0421\u0428\u0410) \u041b\u0430\u0437\u0435\u0440\u043d\u0430\u044f \u0440\u0430\u0441\u0447\u0435\u0441\u043a\u0430 \u0434\u043b\u044f \u0440\u043e\u0441\u0442\u0430 \u0432\u043e\u043b\u043e\u0441 - ShopsUSA\" \/>\n<meta property=\"og:description\" content=\"\u041b\u0430\u0437\u0435\u0440\u043d\u0430\u044f \u0440\u0430\u0441\u0447\u0435\u0441\u043a\u0430 \u0434\u043b\u044f \u0440\u043e\u0441\u0442\u0430 \u0432\u043e\u043b\u043e\u0441. \u041b\u0430\u0437\u0435\u0440\u043d\u043e\u0435 \u043b\u0435\u0447\u0435\u043d\u0438\u0435 \u043f\u0440\u043e\u0445\u043e\u0434\u0438\u0442 \u0447\u0435\u0440\u0435\u0437 \u043f\u0440\u043e\u0446\u0435\u0441\u0441 \u0444\u043e\u0442\u043e\u0431\u0438\u043e\u0441\u0442\u0438\u043c\u0443\u043b\u044f\u0446\u0438\u0438, \u043e\u0431\u0435\u0441\u043f\u0435\u0447\u0438\u0432\u0430\u044f \u043d\u0438\u0437\u043a\u043e\u0443\u0440\u043e\u0432\u043d\u0435\u0432\u0443\u044e \u043b\u0430\u0437\u0435\u0440\u043d\u0443\u044e \u0442\u0435\u0440\u0430\u043f\u0438\u044e.\" \/>\n<meta property=\"og:url\" content=\"https:\/\/shops-usa.com\/hr\/proizvod\/lazernaya-rascheska-dlya-rosta-volos-ssha-hairmax-ultima-9\/?wmc-currency=HRK\" \/>\n<meta property=\"og:site_name\" content=\"ShopsUSA\" \/>\n<meta property=\"article:modified_time\" content=\"2026-02-06T16:57:20+00:00\" \/>\n<meta property=\"og:image\" content=\"https:\/\/shops-usa.com\/wp-content\/uploads\/2024\/12\/4-3.jpg\" \/>\n\t<meta property=\"og:image:width\" content=\"1946\" \/>\n\t<meta property=\"og:image:height\" content=\"1374\" \/>\n\t<meta property=\"og:image:type\" content=\"image\/jpeg\" \/>\n<meta name=\"twitter:card\" content=\"summary_large_image\" \/>\n<meta name=\"twitter:label1\" content=\"Procijenjeno vrijeme \u010ditanja\" \/>\n\t<meta name=\"twitter:data1\" content=\"2 minute\" \/>\n<script type=\"application\/ld+json\" class=\"yoast-schema-graph\">{\"@context\":\"https:\/\/schema.org\",\"@graph\":[{\"@type\":\"WebPage\",\"@id\":\"https:\/\/shops-usa.com\/product\/lazernaya-rascheska-dlya-rosta-volos-ssha-hairmax-ultima-9\/\",\"url\":\"https:\/\/shops-usa.com\/product\/lazernaya-rascheska-dlya-rosta-volos-ssha-hairmax-ultima-9\/\",\"name\":\"HairMax Ultima 9 (\u0421\u0428\u0410) \u041b\u0430\u0437\u0435\u0440\u043d\u0430\u044f \u0440\u0430\u0441\u0447\u0435\u0441\u043a\u0430 \u0434\u043b\u044f \u0440\u043e\u0441\u0442\u0430 \u0432\u043e\u043b\u043e\u0441 - ShopsUSA\",\"isPartOf\":{\"@id\":\"https:\/\/shops-usa.com\/#website\"},\"primaryImageOfPage\":{\"@id\":\"https:\/\/shops-usa.com\/product\/lazernaya-rascheska-dlya-rosta-volos-ssha-hairmax-ultima-9\/#primaryimage\"},\"image\":{\"@id\":\"https:\/\/shops-usa.com\/product\/lazernaya-rascheska-dlya-rosta-volos-ssha-hairmax-ultima-9\/#primaryimage\"},\"thumbnailUrl\":\"https:\/\/shops-usa.com\/wp-content\/uploads\/2024\/12\/4-3.jpg\",\"datePublished\":\"2024-12-18T14:34:18+00:00\",\"dateModified\":\"2026-02-06T16:57:20+00:00\",\"breadcrumb\":{\"@id\":\"https:\/\/shops-usa.com\/product\/lazernaya-rascheska-dlya-rosta-volos-ssha-hairmax-ultima-9\/#breadcrumb\"},\"inLanguage\":\"hr\",\"potentialAction\":[{\"@type\":\"ReadAction\",\"target\":[\"https:\/\/shops-usa.com\/product\/lazernaya-rascheska-dlya-rosta-volos-ssha-hairmax-ultima-9\/\"]}]},{\"@type\":\"ImageObject\",\"inLanguage\":\"hr\",\"@id\":\"https:\/\/shops-usa.com\/product\/lazernaya-rascheska-dlya-rosta-volos-ssha-hairmax-ultima-9\/#primaryimage\",\"url\":\"https:\/\/shops-usa.com\/wp-content\/uploads\/2024\/12\/4-3.jpg\",\"contentUrl\":\"https:\/\/shops-usa.com\/wp-content\/uploads\/2024\/12\/4-3.jpg\",\"width\":1946,\"height\":1374},{\"@type\":\"BreadcrumbList\",\"@id\":\"https:\/\/shops-usa.com\/product\/lazernaya-rascheska-dlya-rosta-volos-ssha-hairmax-ultima-9\/#breadcrumb\",\"itemListElement\":[{\"@type\":\"ListItem\",\"position\":1,\"name\":\"Home\",\"item\":\"https:\/\/shops-usa.com\/\"},{\"@type\":\"ListItem\",\"position\":2,\"name\":\"\u041a\u0430\u0442\u0430\u043b\u043e\u0433\",\"item\":\"https:\/\/shops-usa.com\/catalogue\/\"},{\"@type\":\"ListItem\",\"position\":3,\"name\":\"HairMax Ultima 9 (\u0421\u0428\u0410) \u041b\u0430\u0437\u0435\u0440\u043d\u0430\u044f \u0440\u0430\u0441\u0447\u0435\u0441\u043a\u0430 \u0434\u043b\u044f \u0440\u043e\u0441\u0442\u0430 \u0432\u043e\u043b\u043e\u0441\"}]},{\"@type\":\"WebSite\",\"@id\":\"https:\/\/shops-usa.com\/#website\",\"url\":\"https:\/\/shops-usa.com\/\",\"name\":\"ShopsUSA\",\"description\":\"Quality products from USA\",\"publisher\":{\"@id\":\"https:\/\/shops-usa.com\/#organization\"},\"potentialAction\":[{\"@type\":\"SearchAction\",\"target\":{\"@type\":\"EntryPoint\",\"urlTemplate\":\"https:\/\/shops-usa.com\/?s={search_term_string}\"},\"query-input\":{\"@type\":\"PropertyValueSpecification\",\"valueRequired\":true,\"valueName\":\"search_term_string\"}}],\"inLanguage\":\"hr\"},{\"@type\":\"Organization\",\"@id\":\"https:\/\/shops-usa.com\/#organization\",\"name\":\"SHOPS USA\",\"alternateName\":\"SHOPS\",\"url\":\"https:\/\/shops-usa.com\/\",\"logo\":{\"@type\":\"ImageObject\",\"inLanguage\":\"hr\",\"@id\":\"https:\/\/shops-usa.com\/#\/schema\/logo\/image\/\",\"url\":\"https:\/\/shops-usa.com\/wp-content\/uploads\/2025\/12\/letter_final_white-1.png\",\"contentUrl\":\"https:\/\/shops-usa.com\/wp-content\/uploads\/2025\/12\/letter_final_white-1.png\",\"width\":1711,\"height\":1949,\"caption\":\"SHOPS USA\"},\"image\":{\"@id\":\"https:\/\/shops-usa.com\/#\/schema\/logo\/image\/\"}}]}<\/script>\n<!-- \/ Yoast SEO plugin. -->","yoast_head_json":{"title":"HairMax Ultima 9 (\u0421\u0428\u0410) \u041b\u0430\u0437\u0435\u0440\u043d\u0430\u044f \u0440\u0430\u0441\u0447\u0435\u0441\u043a\u0430 \u0434\u043b\u044f \u0440\u043e\u0441\u0442\u0430 \u0432\u043e\u043b\u043e\u0441 - ShopsUSA","robots":{"index":"index","follow":"follow","max-snippet":"max-snippet:-1","max-image-preview":"max-image-preview:large","max-video-preview":"max-video-preview:-1"},"canonical":"https:\/\/shops-usa.com\/hr\/proizvod\/lazernaya-rascheska-dlya-rosta-volos-ssha-hairmax-ultima-9\/?wmc-currency=HRK","og_locale":"hr_HR","og_type":"article","og_title":"HairMax Ultima 9 (\u0421\u0428\u0410) \u041b\u0430\u0437\u0435\u0440\u043d\u0430\u044f \u0440\u0430\u0441\u0447\u0435\u0441\u043a\u0430 \u0434\u043b\u044f \u0440\u043e\u0441\u0442\u0430 \u0432\u043e\u043b\u043e\u0441 - ShopsUSA","og_description":"\u041b\u0430\u0437\u0435\u0440\u043d\u0430\u044f \u0440\u0430\u0441\u0447\u0435\u0441\u043a\u0430 \u0434\u043b\u044f \u0440\u043e\u0441\u0442\u0430 \u0432\u043e\u043b\u043e\u0441. \u041b\u0430\u0437\u0435\u0440\u043d\u043e\u0435 \u043b\u0435\u0447\u0435\u043d\u0438\u0435 \u043f\u0440\u043e\u0445\u043e\u0434\u0438\u0442 \u0447\u0435\u0440\u0435\u0437 \u043f\u0440\u043e\u0446\u0435\u0441\u0441 \u0444\u043e\u0442\u043e\u0431\u0438\u043e\u0441\u0442\u0438\u043c\u0443\u043b\u044f\u0446\u0438\u0438, \u043e\u0431\u0435\u0441\u043f\u0435\u0447\u0438\u0432\u0430\u044f \u043d\u0438\u0437\u043a\u043e\u0443\u0440\u043e\u0432\u043d\u0435\u0432\u0443\u044e \u043b\u0430\u0437\u0435\u0440\u043d\u0443\u044e \u0442\u0435\u0440\u0430\u043f\u0438\u044e.","og_url":"https:\/\/shops-usa.com\/hr\/proizvod\/lazernaya-rascheska-dlya-rosta-volos-ssha-hairmax-ultima-9\/?wmc-currency=HRK","og_site_name":"ShopsUSA","article_modified_time":"2026-02-06T16:57:20+00:00","og_image":[{"width":1946,"height":1374,"url":"https:\/\/shops-usa.com\/wp-content\/uploads\/2024\/12\/4-3.jpg","type":"image\/jpeg"}],"twitter_card":"summary_large_image","twitter_misc":{"Procijenjeno vrijeme \u010ditanja":"2 minute"},"schema":{"@context":"https:\/\/schema.org","@graph":[{"@type":"WebPage","@id":"https:\/\/shops-usa.com\/product\/lazernaya-rascheska-dlya-rosta-volos-ssha-hairmax-ultima-9\/","url":"https:\/\/shops-usa.com\/product\/lazernaya-rascheska-dlya-rosta-volos-ssha-hairmax-ultima-9\/","name":"HairMax Ultima 9 (\u0421\u0428\u0410) \u041b\u0430\u0437\u0435\u0440\u043d\u0430\u044f \u0440\u0430\u0441\u0447\u0435\u0441\u043a\u0430 \u0434\u043b\u044f \u0440\u043e\u0441\u0442\u0430 \u0432\u043e\u043b\u043e\u0441 - ShopsUSA","isPartOf":{"@id":"https:\/\/shops-usa.com\/#website"},"primaryImageOfPage":{"@id":"https:\/\/shops-usa.com\/product\/lazernaya-rascheska-dlya-rosta-volos-ssha-hairmax-ultima-9\/#primaryimage"},"image":{"@id":"https:\/\/shops-usa.com\/product\/lazernaya-rascheska-dlya-rosta-volos-ssha-hairmax-ultima-9\/#primaryimage"},"thumbnailUrl":"https:\/\/shops-usa.com\/wp-content\/uploads\/2024\/12\/4-3.jpg","datePublished":"2024-12-18T14:34:18+00:00","dateModified":"2026-02-06T16:57:20+00:00","breadcrumb":{"@id":"https:\/\/shops-usa.com\/product\/lazernaya-rascheska-dlya-rosta-volos-ssha-hairmax-ultima-9\/#breadcrumb"},"inLanguage":"hr","potentialAction":[{"@type":"ReadAction","target":["https:\/\/shops-usa.com\/product\/lazernaya-rascheska-dlya-rosta-volos-ssha-hairmax-ultima-9\/"]}]},{"@type":"ImageObject","inLanguage":"hr","@id":"https:\/\/shops-usa.com\/product\/lazernaya-rascheska-dlya-rosta-volos-ssha-hairmax-ultima-9\/#primaryimage","url":"https:\/\/shops-usa.com\/wp-content\/uploads\/2024\/12\/4-3.jpg","contentUrl":"https:\/\/shops-usa.com\/wp-content\/uploads\/2024\/12\/4-3.jpg","width":1946,"height":1374},{"@type":"BreadcrumbList","@id":"https:\/\/shops-usa.com\/product\/lazernaya-rascheska-dlya-rosta-volos-ssha-hairmax-ultima-9\/#breadcrumb","itemListElement":[{"@type":"ListItem","position":1,"name":"Home","item":"https:\/\/shops-usa.com\/"},{"@type":"ListItem","position":2,"name":"\u041a\u0430\u0442\u0430\u043b\u043e\u0433","item":"https:\/\/shops-usa.com\/catalogue\/"},{"@type":"ListItem","position":3,"name":"HairMax Ultima 9 (\u0421\u0428\u0410) \u041b\u0430\u0437\u0435\u0440\u043d\u0430\u044f \u0440\u0430\u0441\u0447\u0435\u0441\u043a\u0430 \u0434\u043b\u044f \u0440\u043e\u0441\u0442\u0430 \u0432\u043e\u043b\u043e\u0441"}]},{"@type":"WebSite","@id":"https:\/\/shops-usa.com\/#website","url":"https:\/\/shops-usa.com\/","name":"ShopsUSA","description":"Quality products from USA","publisher":{"@id":"https:\/\/shops-usa.com\/#organization"},"potentialAction":[{"@type":"SearchAction","target":{"@type":"EntryPoint","urlTemplate":"https:\/\/shops-usa.com\/?s={search_term_string}"},"query-input":{"@type":"PropertyValueSpecification","valueRequired":true,"valueName":"search_term_string"}}],"inLanguage":"hr"},{"@type":"Organization","@id":"https:\/\/shops-usa.com\/#organization","name":"SHOPS USA","alternateName":"SHOPS","url":"https:\/\/shops-usa.com\/","logo":{"@type":"ImageObject","inLanguage":"hr","@id":"https:\/\/shops-usa.com\/#\/schema\/logo\/image\/","url":"https:\/\/shops-usa.com\/wp-content\/uploads\/2025\/12\/letter_final_white-1.png","contentUrl":"https:\/\/shops-usa.com\/wp-content\/uploads\/2025\/12\/letter_final_white-1.png","width":1711,"height":1949,"caption":"SHOPS USA"},"image":{"@id":"https:\/\/shops-usa.com\/#\/schema\/logo\/image\/"}}]}},"_links":{"self":[{"href":"https:\/\/shops-usa.com\/hr\/wp-json\/wp\/v2\/product\/57","targetHints":{"allow":["GET"]}}],"collection":[{"href":"https:\/\/shops-usa.com\/hr\/wp-json\/wp\/v2\/product"}],"about":[{"href":"https:\/\/shops-usa.com\/hr\/wp-json\/wp\/v2\/types\/product"}],"replies":[{"embeddable":true,"href":"https:\/\/shops-usa.com\/hr\/wp-json\/wp\/v2\/comments?post=57"}],"wp:featuredmedia":[{"embeddable":true,"href":"https:\/\/shops-usa.com\/hr\/wp-json\/wp\/v2\/media\/760"}],"wp:attachment":[{"href":"https:\/\/shops-usa.com\/hr\/wp-json\/wp\/v2\/media?parent=57"}],"wp:term":[{"taxonomy":"product_brand","embeddable":true,"href":"https:\/\/shops-usa.com\/hr\/wp-json\/wp\/v2\/product_brand?post=57"},{"taxonomy":"product_cat","embeddable":true,"href":"https:\/\/shops-usa.com\/hr\/wp-json\/wp\/v2\/product_cat?post=57"},{"taxonomy":"product_tag","embeddable":true,"href":"https:\/\/shops-usa.com\/hr\/wp-json\/wp\/v2\/product_tag?post=57"}],"curies":[{"name":"wp","href":"https:\/\/api.w.org\/{rel}","templated":true}]}}