{"id":56,"date":"2024-12-18T14:34:18","date_gmt":"2024-12-18T14:34:18","guid":{"rendered":"https:\/\/shops-usa.com\/?post_type=product&#038;p=56"},"modified":"2025-09-23T11:43:59","modified_gmt":"2025-09-23T11:43:59","slug":"lazernaya-kepka-dlya-rosta-volos-ssha-hairmax-regrowmd-272","status":"publish","type":"product","link":"https:\/\/shops-usa.com\/hr\/proizvod\/lazernaya-kepka-dlya-rosta-volos-ssha-hairmax-regrowmd-272\/","title":{"rendered":"HairMax Regrow 272 (SAD) laserska kapa za rast kose"},"content":{"rendered":"<p>Klini\u010dki dokazana tehnologija za mu\u0161karce i \u017eene. RegrowMD-ova laserska fototerapija jedina je opcija lije\u010denja bez lijekova za nasljedni gubitak kose, alopeciju, \u0107elavost, prorje\u0111ivanje kose i povla\u010denje linija kose. Dokazano je da HairMax laserski ure\u0111aji obnavljaju kosu, pove\u0107avaju\u0107i rast kose u prosjeku za 129 dodatnih dlaka po kvadratnom in\u010du. Preporu\u010deno vrijeme tretmana je samo 30 minuta, 3 puta tjedno (svaki drugi dan). Napomena: Baterija sadr\u017ei inovativnu tehnologiju za pra\u0107enje razine baterije kako bi se osiguralo da se ne prepuni. U skladu je s ISO5536-1:2006, me\u0111unarodnim standardom za propise o sigurnosti temperature. Ekskluzivni dizajn Bio-Light Comfort usmjerava lasersku svjetlost kroz kalibrirane otvore kako bi se osigurao nesmetan protok svjetlosne energije do folikula dlake. RegrowMD kapa udobno pristaje ve\u0107ini veli\u010dina glave. Ne preporu\u010duje se za opseg vlasi\u0161ta ve\u0107i od 57,15 cm. Vidljivi rezultati vide se za 3-6 mjeseci. Hairmax nije iskusio niti jedan slu\u010daj \u0161tetnih nuspojava ove tehnologije u svojih 24 godine rada. S vi\u0161e od 1,8 milijuna prodanih ure\u0111aja diljem svijeta, Hairmax je globalni lider i pionir u laserskom tretmanu kose. Hairmax ure\u0111aji su jedini laserski ure\u0111aji za tretman folikula dlake koji su pro\u0161li klini\u010dka ispitivanja FDA. Lije\u010dnici preporu\u010duju Hairmax laserske ure\u0111aje za lije\u010denje androgenetske alopecije, koja uklju\u010duje nasljedni gubitak kose, gubitak kose po mu\u0161kom i \u017eenskom obrascu, gubitak kose povezan s menopauzom te gubitak i prorje\u0111ivanje kose povezano sa starenjem.<\/p>","protected":false},"excerpt":{"rendered":"<p>Laserska kapa za rast kose jedina je dostupna opcija lije\u010denja bez lijekova za lije\u010denje nasljednog gubitka kose, alopecije, \u0107elavosti, prorje\u0111ivanja kose i povla\u010denja linija kose. <\/p>","protected":false},"featured_media":783,"comment_status":"open","ping_status":"closed","template":"","meta":[],"product_brand":[],"product_cat":[28],"product_tag":[],"class_list":{"0":"post-56","1":"product","2":"type-product","3":"status-publish","4":"has-post-thumbnail","6":"product_cat-hairmax","8":"first","9":"instock","10":"sale","11":"shipping-taxable","12":"purchasable","13":"product-type-simple"},"yoast_head":"<!-- This site is optimized with the Yoast SEO plugin v26.6 - https:\/\/yoast.com\/wordpress\/plugins\/seo\/ -->\n<title>\u041b\u0430\u0437\u0435\u0440\u043d\u0430\u044f \u043a\u0435\u043f\u043a\u0430 \u0434\u043b\u044f \u0440\u043e\u0441\u0442\u0430 \u0432\u043e\u043b\u043e\u0441 (\u0421\u0428\u0410) HairMax RegrowMD 272 - ShopsUSA<\/title>\n<meta name=\"robots\" content=\"index, follow, max-snippet:-1, max-image-preview:large, max-video-preview:-1\" \/>\n<link rel=\"canonical\" href=\"https:\/\/shops-usa.com\/hr\/proizvod\/lazernaya-kepka-dlya-rosta-volos-ssha-hairmax-regrowmd-272\/?wmc-currency=HRK\" \/>\n<meta property=\"og:locale\" content=\"hr_HR\" \/>\n<meta property=\"og:type\" content=\"article\" \/>\n<meta property=\"og:title\" content=\"\u041b\u0430\u0437\u0435\u0440\u043d\u0430\u044f \u043a\u0435\u043f\u043a\u0430 \u0434\u043b\u044f \u0440\u043e\u0441\u0442\u0430 \u0432\u043e\u043b\u043e\u0441 (\u0421\u0428\u0410) HairMax RegrowMD 272 - ShopsUSA\" \/>\n<meta property=\"og:description\" content=\"\u041b\u0430\u0437\u0435\u0440\u043d\u0430\u044f \u043a\u0435\u043f\u043a\u0430 \u0434\u043b\u044f \u0440\u043e\u0441\u0442\u0430 \u0432\u043e\u043b\u043e\u0441\u044f\u0432\u043b\u044f\u0435\u0442\u0441\u044f \u0435\u0434\u0438\u043d\u0441\u0442\u0432\u0435\u043d\u043d\u044b\u043c \u043d\u0435\u043c\u0435\u0434\u0438\u043a\u0430\u043c\u0435\u043d\u0442\u043e\u0437\u043d\u044b\u043c \u0432\u0430\u0440\u0438\u0430\u043d\u0442\u043e\u043c \u043b\u0435\u0447\u0435\u043d\u0438\u044f, \u0434\u043b\u044f \u043b\u0435\u0447\u0435\u043d\u0438\u044f \u043d\u0430\u0441\u043b\u0435\u0434\u0441\u0442\u0432\u0435\u043d\u043d\u043e\u0433\u043e \u0432\u044b\u043f\u0430\u0434\u0435\u043d\u0438\u044f \u0432\u043e\u043b\u043e\u0441, \u0430\u043b\u043e\u043f\u0435\u0446\u0438\u0438, \u043e\u0431\u043b\u044b\u0441\u0435\u043d\u0438\u044f, \u0438\u0441\u0442\u043e\u043d\u0447\u0435\u043d\u0438\u044f \u0432\u043e\u043b\u043e\u0441 \u0438 \u0437\u0430\u043b\u044b\u0441\u0438\u043d.\" \/>\n<meta property=\"og:url\" content=\"https:\/\/shops-usa.com\/hr\/proizvod\/lazernaya-kepka-dlya-rosta-volos-ssha-hairmax-regrowmd-272\/?wmc-currency=HRK\" \/>\n<meta property=\"og:site_name\" content=\"ShopsUSA\" \/>\n<meta property=\"article:modified_time\" content=\"2025-09-23T11:43:59+00:00\" \/>\n<meta property=\"og:image\" content=\"https:\/\/shops-usa.com\/wp-content\/uploads\/2024\/12\/23-2.jpg\" \/>\n\t<meta property=\"og:image:width\" content=\"1500\" \/>\n\t<meta property=\"og:image:height\" content=\"1500\" \/>\n\t<meta property=\"og:image:type\" content=\"image\/jpeg\" \/>\n<meta name=\"twitter:card\" content=\"summary_large_image\" \/>\n<script type=\"application\/ld+json\" class=\"yoast-schema-graph\">{\"@context\":\"https:\/\/schema.org\",\"@graph\":[{\"@type\":\"WebPage\",\"@id\":\"https:\/\/shops-usa.com\/product\/lazernaya-kepka-dlya-rosta-volos-ssha-hairmax-regrowmd-272\/\",\"url\":\"https:\/\/shops-usa.com\/product\/lazernaya-kepka-dlya-rosta-volos-ssha-hairmax-regrowmd-272\/\",\"name\":\"\u041b\u0430\u0437\u0435\u0440\u043d\u0430\u044f \u043a\u0435\u043f\u043a\u0430 \u0434\u043b\u044f \u0440\u043e\u0441\u0442\u0430 \u0432\u043e\u043b\u043e\u0441 (\u0421\u0428\u0410) HairMax RegrowMD 272 - ShopsUSA\",\"isPartOf\":{\"@id\":\"https:\/\/shops-usa.com\/#website\"},\"primaryImageOfPage\":{\"@id\":\"https:\/\/shops-usa.com\/product\/lazernaya-kepka-dlya-rosta-volos-ssha-hairmax-regrowmd-272\/#primaryimage\"},\"image\":{\"@id\":\"https:\/\/shops-usa.com\/product\/lazernaya-kepka-dlya-rosta-volos-ssha-hairmax-regrowmd-272\/#primaryimage\"},\"thumbnailUrl\":\"https:\/\/shops-usa.com\/wp-content\/uploads\/2024\/12\/23-2.jpg\",\"datePublished\":\"2024-12-18T14:34:18+00:00\",\"dateModified\":\"2025-09-23T11:43:59+00:00\",\"breadcrumb\":{\"@id\":\"https:\/\/shops-usa.com\/product\/lazernaya-kepka-dlya-rosta-volos-ssha-hairmax-regrowmd-272\/#breadcrumb\"},\"inLanguage\":\"hr\",\"potentialAction\":[{\"@type\":\"ReadAction\",\"target\":[\"https:\/\/shops-usa.com\/product\/lazernaya-kepka-dlya-rosta-volos-ssha-hairmax-regrowmd-272\/\"]}]},{\"@type\":\"ImageObject\",\"inLanguage\":\"hr\",\"@id\":\"https:\/\/shops-usa.com\/product\/lazernaya-kepka-dlya-rosta-volos-ssha-hairmax-regrowmd-272\/#primaryimage\",\"url\":\"https:\/\/shops-usa.com\/wp-content\/uploads\/2024\/12\/23-2.jpg\",\"contentUrl\":\"https:\/\/shops-usa.com\/wp-content\/uploads\/2024\/12\/23-2.jpg\",\"width\":1500,\"height\":1500},{\"@type\":\"BreadcrumbList\",\"@id\":\"https:\/\/shops-usa.com\/product\/lazernaya-kepka-dlya-rosta-volos-ssha-hairmax-regrowmd-272\/#breadcrumb\",\"itemListElement\":[{\"@type\":\"ListItem\",\"position\":1,\"name\":\"Home\",\"item\":\"https:\/\/shops-usa.com\/\"},{\"@type\":\"ListItem\",\"position\":2,\"name\":\"\u041a\u0430\u0442\u0430\u043b\u043e\u0433\",\"item\":\"https:\/\/shops-usa.com\/catalogue\/\"},{\"@type\":\"ListItem\",\"position\":3,\"name\":\"\u041b\u0430\u0437\u0435\u0440\u043d\u0430\u044f \u043a\u0435\u043f\u043a\u0430 \u0434\u043b\u044f \u0440\u043e\u0441\u0442\u0430 \u0432\u043e\u043b\u043e\u0441 (\u0421\u0428\u0410) HairMax RegrowMD 272\"}]},{\"@type\":\"WebSite\",\"@id\":\"https:\/\/shops-usa.com\/#website\",\"url\":\"https:\/\/shops-usa.com\/\",\"name\":\"ShopsUSA\",\"description\":\"Quality products from USA\",\"publisher\":{\"@id\":\"https:\/\/shops-usa.com\/#organization\"},\"potentialAction\":[{\"@type\":\"SearchAction\",\"target\":{\"@type\":\"EntryPoint\",\"urlTemplate\":\"https:\/\/shops-usa.com\/?s={search_term_string}\"},\"query-input\":{\"@type\":\"PropertyValueSpecification\",\"valueRequired\":true,\"valueName\":\"search_term_string\"}}],\"inLanguage\":\"hr\"},{\"@type\":\"Organization\",\"@id\":\"https:\/\/shops-usa.com\/#organization\",\"name\":\"SHOPS USA\",\"alternateName\":\"SHOPS\",\"url\":\"https:\/\/shops-usa.com\/\",\"logo\":{\"@type\":\"ImageObject\",\"inLanguage\":\"hr\",\"@id\":\"https:\/\/shops-usa.com\/#\/schema\/logo\/image\/\",\"url\":\"https:\/\/shops-usa.com\/wp-content\/uploads\/2025\/12\/letter_final_white-1.png\",\"contentUrl\":\"https:\/\/shops-usa.com\/wp-content\/uploads\/2025\/12\/letter_final_white-1.png\",\"width\":1711,\"height\":1949,\"caption\":\"SHOPS USA\"},\"image\":{\"@id\":\"https:\/\/shops-usa.com\/#\/schema\/logo\/image\/\"}}]}<\/script>\n<!-- \/ Yoast SEO plugin. -->","yoast_head_json":{"title":"\u041b\u0430\u0437\u0435\u0440\u043d\u0430\u044f \u043a\u0435\u043f\u043a\u0430 \u0434\u043b\u044f \u0440\u043e\u0441\u0442\u0430 \u0432\u043e\u043b\u043e\u0441 (\u0421\u0428\u0410) HairMax RegrowMD 272 - ShopsUSA","robots":{"index":"index","follow":"follow","max-snippet":"max-snippet:-1","max-image-preview":"max-image-preview:large","max-video-preview":"max-video-preview:-1"},"canonical":"https:\/\/shops-usa.com\/hr\/proizvod\/lazernaya-kepka-dlya-rosta-volos-ssha-hairmax-regrowmd-272\/?wmc-currency=HRK","og_locale":"hr_HR","og_type":"article","og_title":"\u041b\u0430\u0437\u0435\u0440\u043d\u0430\u044f \u043a\u0435\u043f\u043a\u0430 \u0434\u043b\u044f \u0440\u043e\u0441\u0442\u0430 \u0432\u043e\u043b\u043e\u0441 (\u0421\u0428\u0410) HairMax RegrowMD 272 - ShopsUSA","og_description":"\u041b\u0430\u0437\u0435\u0440\u043d\u0430\u044f \u043a\u0435\u043f\u043a\u0430 \u0434\u043b\u044f \u0440\u043e\u0441\u0442\u0430 \u0432\u043e\u043b\u043e\u0441\u044f\u0432\u043b\u044f\u0435\u0442\u0441\u044f \u0435\u0434\u0438\u043d\u0441\u0442\u0432\u0435\u043d\u043d\u044b\u043c \u043d\u0435\u043c\u0435\u0434\u0438\u043a\u0430\u043c\u0435\u043d\u0442\u043e\u0437\u043d\u044b\u043c \u0432\u0430\u0440\u0438\u0430\u043d\u0442\u043e\u043c \u043b\u0435\u0447\u0435\u043d\u0438\u044f, \u0434\u043b\u044f \u043b\u0435\u0447\u0435\u043d\u0438\u044f \u043d\u0430\u0441\u043b\u0435\u0434\u0441\u0442\u0432\u0435\u043d\u043d\u043e\u0433\u043e \u0432\u044b\u043f\u0430\u0434\u0435\u043d\u0438\u044f \u0432\u043e\u043b\u043e\u0441, \u0430\u043b\u043e\u043f\u0435\u0446\u0438\u0438, \u043e\u0431\u043b\u044b\u0441\u0435\u043d\u0438\u044f, \u0438\u0441\u0442\u043e\u043d\u0447\u0435\u043d\u0438\u044f \u0432\u043e\u043b\u043e\u0441 \u0438 \u0437\u0430\u043b\u044b\u0441\u0438\u043d.","og_url":"https:\/\/shops-usa.com\/hr\/proizvod\/lazernaya-kepka-dlya-rosta-volos-ssha-hairmax-regrowmd-272\/?wmc-currency=HRK","og_site_name":"ShopsUSA","article_modified_time":"2025-09-23T11:43:59+00:00","og_image":[{"width":1500,"height":1500,"url":"https:\/\/shops-usa.com\/wp-content\/uploads\/2024\/12\/23-2.jpg","type":"image\/jpeg"}],"twitter_card":"summary_large_image","schema":{"@context":"https:\/\/schema.org","@graph":[{"@type":"WebPage","@id":"https:\/\/shops-usa.com\/product\/lazernaya-kepka-dlya-rosta-volos-ssha-hairmax-regrowmd-272\/","url":"https:\/\/shops-usa.com\/product\/lazernaya-kepka-dlya-rosta-volos-ssha-hairmax-regrowmd-272\/","name":"\u041b\u0430\u0437\u0435\u0440\u043d\u0430\u044f \u043a\u0435\u043f\u043a\u0430 \u0434\u043b\u044f \u0440\u043e\u0441\u0442\u0430 \u0432\u043e\u043b\u043e\u0441 (\u0421\u0428\u0410) HairMax RegrowMD 272 - ShopsUSA","isPartOf":{"@id":"https:\/\/shops-usa.com\/#website"},"primaryImageOfPage":{"@id":"https:\/\/shops-usa.com\/product\/lazernaya-kepka-dlya-rosta-volos-ssha-hairmax-regrowmd-272\/#primaryimage"},"image":{"@id":"https:\/\/shops-usa.com\/product\/lazernaya-kepka-dlya-rosta-volos-ssha-hairmax-regrowmd-272\/#primaryimage"},"thumbnailUrl":"https:\/\/shops-usa.com\/wp-content\/uploads\/2024\/12\/23-2.jpg","datePublished":"2024-12-18T14:34:18+00:00","dateModified":"2025-09-23T11:43:59+00:00","breadcrumb":{"@id":"https:\/\/shops-usa.com\/product\/lazernaya-kepka-dlya-rosta-volos-ssha-hairmax-regrowmd-272\/#breadcrumb"},"inLanguage":"hr","potentialAction":[{"@type":"ReadAction","target":["https:\/\/shops-usa.com\/product\/lazernaya-kepka-dlya-rosta-volos-ssha-hairmax-regrowmd-272\/"]}]},{"@type":"ImageObject","inLanguage":"hr","@id":"https:\/\/shops-usa.com\/product\/lazernaya-kepka-dlya-rosta-volos-ssha-hairmax-regrowmd-272\/#primaryimage","url":"https:\/\/shops-usa.com\/wp-content\/uploads\/2024\/12\/23-2.jpg","contentUrl":"https:\/\/shops-usa.com\/wp-content\/uploads\/2024\/12\/23-2.jpg","width":1500,"height":1500},{"@type":"BreadcrumbList","@id":"https:\/\/shops-usa.com\/product\/lazernaya-kepka-dlya-rosta-volos-ssha-hairmax-regrowmd-272\/#breadcrumb","itemListElement":[{"@type":"ListItem","position":1,"name":"Home","item":"https:\/\/shops-usa.com\/"},{"@type":"ListItem","position":2,"name":"\u041a\u0430\u0442\u0430\u043b\u043e\u0433","item":"https:\/\/shops-usa.com\/catalogue\/"},{"@type":"ListItem","position":3,"name":"\u041b\u0430\u0437\u0435\u0440\u043d\u0430\u044f \u043a\u0435\u043f\u043a\u0430 \u0434\u043b\u044f \u0440\u043e\u0441\u0442\u0430 \u0432\u043e\u043b\u043e\u0441 (\u0421\u0428\u0410) HairMax RegrowMD 272"}]},{"@type":"WebSite","@id":"https:\/\/shops-usa.com\/#website","url":"https:\/\/shops-usa.com\/","name":"ShopsUSA","description":"Quality products from USA","publisher":{"@id":"https:\/\/shops-usa.com\/#organization"},"potentialAction":[{"@type":"SearchAction","target":{"@type":"EntryPoint","urlTemplate":"https:\/\/shops-usa.com\/?s={search_term_string}"},"query-input":{"@type":"PropertyValueSpecification","valueRequired":true,"valueName":"search_term_string"}}],"inLanguage":"hr"},{"@type":"Organization","@id":"https:\/\/shops-usa.com\/#organization","name":"SHOPS USA","alternateName":"SHOPS","url":"https:\/\/shops-usa.com\/","logo":{"@type":"ImageObject","inLanguage":"hr","@id":"https:\/\/shops-usa.com\/#\/schema\/logo\/image\/","url":"https:\/\/shops-usa.com\/wp-content\/uploads\/2025\/12\/letter_final_white-1.png","contentUrl":"https:\/\/shops-usa.com\/wp-content\/uploads\/2025\/12\/letter_final_white-1.png","width":1711,"height":1949,"caption":"SHOPS USA"},"image":{"@id":"https:\/\/shops-usa.com\/#\/schema\/logo\/image\/"}}]}},"_links":{"self":[{"href":"https:\/\/shops-usa.com\/hr\/wp-json\/wp\/v2\/product\/56","targetHints":{"allow":["GET"]}}],"collection":[{"href":"https:\/\/shops-usa.com\/hr\/wp-json\/wp\/v2\/product"}],"about":[{"href":"https:\/\/shops-usa.com\/hr\/wp-json\/wp\/v2\/types\/product"}],"replies":[{"embeddable":true,"href":"https:\/\/shops-usa.com\/hr\/wp-json\/wp\/v2\/comments?post=56"}],"wp:featuredmedia":[{"embeddable":true,"href":"https:\/\/shops-usa.com\/hr\/wp-json\/wp\/v2\/media\/783"}],"wp:attachment":[{"href":"https:\/\/shops-usa.com\/hr\/wp-json\/wp\/v2\/media?parent=56"}],"wp:term":[{"taxonomy":"product_brand","embeddable":true,"href":"https:\/\/shops-usa.com\/hr\/wp-json\/wp\/v2\/product_brand?post=56"},{"taxonomy":"product_cat","embeddable":true,"href":"https:\/\/shops-usa.com\/hr\/wp-json\/wp\/v2\/product_cat?post=56"},{"taxonomy":"product_tag","embeddable":true,"href":"https:\/\/shops-usa.com\/hr\/wp-json\/wp\/v2\/product_tag?post=56"}],"curies":[{"name":"wp","href":"https:\/\/api.w.org\/{rel}","templated":true}]}}