{"id":48,"date":"2024-12-18T14:34:17","date_gmt":"2024-12-18T14:34:17","guid":{"rendered":"https:\/\/shops-usa.com\/?post_type=product&#038;p=48"},"modified":"2026-02-06T16:55:45","modified_gmt":"2026-02-06T16:55:45","slug":"lazernoe-ustrojstvo-i-sredstvo-dlya-udaleniya-gribka-nogtej-ssha-magnetoe","status":"publish","type":"product","link":"https:\/\/shops-usa.com\/hr\/proizvod\/lazernoe-ustrojstvo-i-sredstvo-dlya-udaleniya-gribka-nogtej-ssha-magnetoe\/","title":{"rendered":"Magnetoe (SAD) Laserski ure\u0111aj i mast za uklanjanje gljivica na noktima"},"content":{"rendered":"<p>Bezbolno i prakti\u010dno: Lije\u010denje onihomikoze ne uzrokuje nikakvu \u0161tetu ni bol. Nema vi\u0161e neugodnih situacija, nema krema, sprejeva, nema nuspojava, nema recepata ili lijekova - sigurna fizikalna terapija - mo\u017eete se rije\u0161iti gljivica jednom zauvijek. Bezbolno uklanja gljivice na noktima, nokatnom le\u017ei\u0161tu i zanoktici. Ovaj laserski ure\u0111aj za lije\u010denje gljivica na noktima omogu\u0107uje vam da vidite zapanjuju\u0107e rezultate za samo nekoliko tjedana, za samo 7 minuta dnevno kod ku\u0107e, i automatski se isklju\u010duje nakon 7-minutne sesije. Magnetoe je lagan i kompaktan laserski ure\u0111aj za lije\u010denje gljivica, dovoljno malen da ga mo\u017eete nositi sa sobom, \u0161to vam omogu\u0107uje kori\u0161tenje tretmana gljivica na noktima bilo kada i bilo gdje. Isplativ je i u\u010dinkovit u borbi protiv onihomikoze. Napredna tehnologija: Laserski tretman gljivica na noktima kombinira pulsiraju\u0107u lasersku svjetlost i energiju plavog svjetla, \u0161to rezultira sinergijskim terapijskim u\u010dinkom. Terapija hladnim infracrvenim laserom s 905 nm i plavim svjetlom s 465 nm za dezinfekciju. Klini\u010dki testirano, visoke kvalitete, certificirano prema CE, RoHS, ISO9001 i IS013485 standardima. Hladni laser ne utje\u010de niti o\u0161te\u0107uje okolno tkivo.<\/p>","protected":false},"excerpt":{"rendered":"<p>Laserski ure\u0111aj i losion za uklanjanje gljivica na noktima. Bezbolno uklanja gljivice s noktiju, noktnog le\u017ei\u0161ta i zanoktica.<\/p>","protected":false},"featured_media":89,"comment_status":"open","ping_status":"closed","template":"","meta":[],"product_brand":[],"product_cat":[52,22],"product_tag":[],"class_list":{"0":"post-48","1":"product","2":"type-product","3":"status-publish","4":"has-post-thumbnail","6":"product_cat-heureka-export","7":"product_cat-magnetoe","9":"first","10":"instock","11":"sale","12":"shipping-taxable","13":"purchasable","14":"product-type-simple"},"yoast_head":"<!-- This site is optimized with the Yoast SEO plugin v26.6 - https:\/\/yoast.com\/wordpress\/plugins\/seo\/ -->\n<title>\u041b\u0430\u0437\u0435\u0440\u043d\u043e\u0435 \u0443\u0441\u0442\u0440\u043e\u0439\u0441\u0442\u0432\u043e \u0438 \u0441\u0440\u0435\u0434\u0441\u0442\u0432\u043e \u0434\u043b\u044f \u0443\u0434\u0430\u043b\u0435\u043d\u0438\u044f \u0433\u0440\u0438\u0431\u043a\u0430 \u043d\u043e\u0433\u0442\u0435\u0439 (\u0421\u0428\u0410) Magnetoe - ShopsUSA<\/title>\n<meta name=\"robots\" content=\"index, follow, max-snippet:-1, max-image-preview:large, max-video-preview:-1\" \/>\n<link rel=\"canonical\" href=\"https:\/\/shops-usa.com\/hr\/proizvod\/lazernoe-ustrojstvo-i-sredstvo-dlya-udaleniya-gribka-nogtej-ssha-magnetoe\/?wmc-currency=HRK\" \/>\n<meta property=\"og:locale\" content=\"hr_HR\" \/>\n<meta property=\"og:type\" content=\"article\" \/>\n<meta property=\"og:title\" content=\"\u041b\u0430\u0437\u0435\u0440\u043d\u043e\u0435 \u0443\u0441\u0442\u0440\u043e\u0439\u0441\u0442\u0432\u043e \u0438 \u0441\u0440\u0435\u0434\u0441\u0442\u0432\u043e \u0434\u043b\u044f \u0443\u0434\u0430\u043b\u0435\u043d\u0438\u044f \u0433\u0440\u0438\u0431\u043a\u0430 \u043d\u043e\u0433\u0442\u0435\u0439 (\u0421\u0428\u0410) Magnetoe - ShopsUSA\" \/>\n<meta property=\"og:description\" content=\"\u041b\u0430\u0437\u0435\u0440\u043d\u043e\u0435 \u0443\u0441\u0442\u0440\u043e\u0439\u0441\u0442\u0432\u043e \u0438 \u0441\u0440\u0435\u0434\u0441\u0442\u0432\u043e \u0434\u043b\u044f \u0443\u0434\u0430\u043b\u0435\u043d\u0438\u044f \u0433\u0440\u0438\u0431\u043a\u0430 \u043d\u043e\u0433\u0442\u0435\u0439. \u0411\u0435\u0437\u0431\u043e\u043b\u0435\u0437\u043d\u0435\u043d\u043d\u043e \u0443\u0441\u0442\u0440\u0430\u043d\u044f\u0435\u0442 \u0433\u0440\u0438\u0431\u043e\u043a \u043d\u043e\u0433\u0442\u0435\u0439, \u043d\u043e\u0433\u0442\u0435\u0432\u043e\u0433\u043e \u043b\u043e\u0436\u0430 \u0438 \u043a\u0443\u0442\u0438\u043a\u0443\u043b\u044b.\" \/>\n<meta property=\"og:url\" content=\"https:\/\/shops-usa.com\/hr\/proizvod\/lazernoe-ustrojstvo-i-sredstvo-dlya-udaleniya-gribka-nogtej-ssha-magnetoe\/?wmc-currency=HRK\" \/>\n<meta property=\"og:site_name\" content=\"ShopsUSA\" \/>\n<meta property=\"article:modified_time\" content=\"2026-02-06T16:55:45+00:00\" \/>\n<meta property=\"og:image\" content=\"https:\/\/shops-usa.com\/wp-content\/uploads\/2024\/12\/12.jpg\" \/>\n\t<meta property=\"og:image:width\" content=\"1600\" \/>\n\t<meta property=\"og:image:height\" content=\"1600\" \/>\n\t<meta property=\"og:image:type\" content=\"image\/jpeg\" \/>\n<meta name=\"twitter:card\" content=\"summary_large_image\" \/>\n<meta name=\"twitter:label1\" content=\"Procijenjeno vrijeme \u010ditanja\" \/>\n\t<meta name=\"twitter:data1\" content=\"1 minuta\" \/>\n<script type=\"application\/ld+json\" class=\"yoast-schema-graph\">{\"@context\":\"https:\/\/schema.org\",\"@graph\":[{\"@type\":\"WebPage\",\"@id\":\"https:\/\/shops-usa.com\/product\/lazernoe-ustrojstvo-i-sredstvo-dlya-udaleniya-gribka-nogtej-ssha-magnetoe\/\",\"url\":\"https:\/\/shops-usa.com\/product\/lazernoe-ustrojstvo-i-sredstvo-dlya-udaleniya-gribka-nogtej-ssha-magnetoe\/\",\"name\":\"\u041b\u0430\u0437\u0435\u0440\u043d\u043e\u0435 \u0443\u0441\u0442\u0440\u043e\u0439\u0441\u0442\u0432\u043e \u0438 \u0441\u0440\u0435\u0434\u0441\u0442\u0432\u043e \u0434\u043b\u044f \u0443\u0434\u0430\u043b\u0435\u043d\u0438\u044f \u0433\u0440\u0438\u0431\u043a\u0430 \u043d\u043e\u0433\u0442\u0435\u0439 (\u0421\u0428\u0410) Magnetoe - ShopsUSA\",\"isPartOf\":{\"@id\":\"https:\/\/shops-usa.com\/#website\"},\"primaryImageOfPage\":{\"@id\":\"https:\/\/shops-usa.com\/product\/lazernoe-ustrojstvo-i-sredstvo-dlya-udaleniya-gribka-nogtej-ssha-magnetoe\/#primaryimage\"},\"image\":{\"@id\":\"https:\/\/shops-usa.com\/product\/lazernoe-ustrojstvo-i-sredstvo-dlya-udaleniya-gribka-nogtej-ssha-magnetoe\/#primaryimage\"},\"thumbnailUrl\":\"https:\/\/shops-usa.com\/wp-content\/uploads\/2024\/12\/12.jpg\",\"datePublished\":\"2024-12-18T14:34:17+00:00\",\"dateModified\":\"2026-02-06T16:55:45+00:00\",\"breadcrumb\":{\"@id\":\"https:\/\/shops-usa.com\/product\/lazernoe-ustrojstvo-i-sredstvo-dlya-udaleniya-gribka-nogtej-ssha-magnetoe\/#breadcrumb\"},\"inLanguage\":\"hr\",\"potentialAction\":[{\"@type\":\"ReadAction\",\"target\":[\"https:\/\/shops-usa.com\/product\/lazernoe-ustrojstvo-i-sredstvo-dlya-udaleniya-gribka-nogtej-ssha-magnetoe\/\"]}]},{\"@type\":\"ImageObject\",\"inLanguage\":\"hr\",\"@id\":\"https:\/\/shops-usa.com\/product\/lazernoe-ustrojstvo-i-sredstvo-dlya-udaleniya-gribka-nogtej-ssha-magnetoe\/#primaryimage\",\"url\":\"https:\/\/shops-usa.com\/wp-content\/uploads\/2024\/12\/12.jpg\",\"contentUrl\":\"https:\/\/shops-usa.com\/wp-content\/uploads\/2024\/12\/12.jpg\",\"width\":1600,\"height\":1600},{\"@type\":\"BreadcrumbList\",\"@id\":\"https:\/\/shops-usa.com\/product\/lazernoe-ustrojstvo-i-sredstvo-dlya-udaleniya-gribka-nogtej-ssha-magnetoe\/#breadcrumb\",\"itemListElement\":[{\"@type\":\"ListItem\",\"position\":1,\"name\":\"Home\",\"item\":\"https:\/\/shops-usa.com\/\"},{\"@type\":\"ListItem\",\"position\":2,\"name\":\"\u041a\u0430\u0442\u0430\u043b\u043e\u0433\",\"item\":\"https:\/\/shops-usa.com\/catalogue\/\"},{\"@type\":\"ListItem\",\"position\":3,\"name\":\"\u041b\u0430\u0437\u0435\u0440\u043d\u043e\u0435 \u0443\u0441\u0442\u0440\u043e\u0439\u0441\u0442\u0432\u043e \u0438 \u0441\u0440\u0435\u0434\u0441\u0442\u0432\u043e \u0434\u043b\u044f \u0443\u0434\u0430\u043b\u0435\u043d\u0438\u044f \u0433\u0440\u0438\u0431\u043a\u0430 \u043d\u043e\u0433\u0442\u0435\u0439 (\u0421\u0428\u0410) Magnetoe\"}]},{\"@type\":\"WebSite\",\"@id\":\"https:\/\/shops-usa.com\/#website\",\"url\":\"https:\/\/shops-usa.com\/\",\"name\":\"ShopsUSA\",\"description\":\"Quality products from USA\",\"publisher\":{\"@id\":\"https:\/\/shops-usa.com\/#organization\"},\"potentialAction\":[{\"@type\":\"SearchAction\",\"target\":{\"@type\":\"EntryPoint\",\"urlTemplate\":\"https:\/\/shops-usa.com\/?s={search_term_string}\"},\"query-input\":{\"@type\":\"PropertyValueSpecification\",\"valueRequired\":true,\"valueName\":\"search_term_string\"}}],\"inLanguage\":\"hr\"},{\"@type\":\"Organization\",\"@id\":\"https:\/\/shops-usa.com\/#organization\",\"name\":\"SHOPS USA\",\"alternateName\":\"SHOPS\",\"url\":\"https:\/\/shops-usa.com\/\",\"logo\":{\"@type\":\"ImageObject\",\"inLanguage\":\"hr\",\"@id\":\"https:\/\/shops-usa.com\/#\/schema\/logo\/image\/\",\"url\":\"https:\/\/shops-usa.com\/wp-content\/uploads\/2025\/12\/letter_final_white-1.png\",\"contentUrl\":\"https:\/\/shops-usa.com\/wp-content\/uploads\/2025\/12\/letter_final_white-1.png\",\"width\":1711,\"height\":1949,\"caption\":\"SHOPS USA\"},\"image\":{\"@id\":\"https:\/\/shops-usa.com\/#\/schema\/logo\/image\/\"}}]}<\/script>\n<!-- \/ Yoast SEO plugin. -->","yoast_head_json":{"title":"\u041b\u0430\u0437\u0435\u0440\u043d\u043e\u0435 \u0443\u0441\u0442\u0440\u043e\u0439\u0441\u0442\u0432\u043e \u0438 \u0441\u0440\u0435\u0434\u0441\u0442\u0432\u043e \u0434\u043b\u044f \u0443\u0434\u0430\u043b\u0435\u043d\u0438\u044f \u0433\u0440\u0438\u0431\u043a\u0430 \u043d\u043e\u0433\u0442\u0435\u0439 (\u0421\u0428\u0410) Magnetoe - ShopsUSA","robots":{"index":"index","follow":"follow","max-snippet":"max-snippet:-1","max-image-preview":"max-image-preview:large","max-video-preview":"max-video-preview:-1"},"canonical":"https:\/\/shops-usa.com\/hr\/proizvod\/lazernoe-ustrojstvo-i-sredstvo-dlya-udaleniya-gribka-nogtej-ssha-magnetoe\/?wmc-currency=HRK","og_locale":"hr_HR","og_type":"article","og_title":"\u041b\u0430\u0437\u0435\u0440\u043d\u043e\u0435 \u0443\u0441\u0442\u0440\u043e\u0439\u0441\u0442\u0432\u043e \u0438 \u0441\u0440\u0435\u0434\u0441\u0442\u0432\u043e \u0434\u043b\u044f \u0443\u0434\u0430\u043b\u0435\u043d\u0438\u044f \u0433\u0440\u0438\u0431\u043a\u0430 \u043d\u043e\u0433\u0442\u0435\u0439 (\u0421\u0428\u0410) Magnetoe - ShopsUSA","og_description":"\u041b\u0430\u0437\u0435\u0440\u043d\u043e\u0435 \u0443\u0441\u0442\u0440\u043e\u0439\u0441\u0442\u0432\u043e \u0438 \u0441\u0440\u0435\u0434\u0441\u0442\u0432\u043e \u0434\u043b\u044f \u0443\u0434\u0430\u043b\u0435\u043d\u0438\u044f \u0433\u0440\u0438\u0431\u043a\u0430 \u043d\u043e\u0433\u0442\u0435\u0439. \u0411\u0435\u0437\u0431\u043e\u043b\u0435\u0437\u043d\u0435\u043d\u043d\u043e \u0443\u0441\u0442\u0440\u0430\u043d\u044f\u0435\u0442 \u0433\u0440\u0438\u0431\u043e\u043a \u043d\u043e\u0433\u0442\u0435\u0439, \u043d\u043e\u0433\u0442\u0435\u0432\u043e\u0433\u043e \u043b\u043e\u0436\u0430 \u0438 \u043a\u0443\u0442\u0438\u043a\u0443\u043b\u044b.","og_url":"https:\/\/shops-usa.com\/hr\/proizvod\/lazernoe-ustrojstvo-i-sredstvo-dlya-udaleniya-gribka-nogtej-ssha-magnetoe\/?wmc-currency=HRK","og_site_name":"ShopsUSA","article_modified_time":"2026-02-06T16:55:45+00:00","og_image":[{"width":1600,"height":1600,"url":"https:\/\/shops-usa.com\/wp-content\/uploads\/2024\/12\/12.jpg","type":"image\/jpeg"}],"twitter_card":"summary_large_image","twitter_misc":{"Procijenjeno vrijeme \u010ditanja":"1 minuta"},"schema":{"@context":"https:\/\/schema.org","@graph":[{"@type":"WebPage","@id":"https:\/\/shops-usa.com\/product\/lazernoe-ustrojstvo-i-sredstvo-dlya-udaleniya-gribka-nogtej-ssha-magnetoe\/","url":"https:\/\/shops-usa.com\/product\/lazernoe-ustrojstvo-i-sredstvo-dlya-udaleniya-gribka-nogtej-ssha-magnetoe\/","name":"\u041b\u0430\u0437\u0435\u0440\u043d\u043e\u0435 \u0443\u0441\u0442\u0440\u043e\u0439\u0441\u0442\u0432\u043e \u0438 \u0441\u0440\u0435\u0434\u0441\u0442\u0432\u043e \u0434\u043b\u044f \u0443\u0434\u0430\u043b\u0435\u043d\u0438\u044f \u0433\u0440\u0438\u0431\u043a\u0430 \u043d\u043e\u0433\u0442\u0435\u0439 (\u0421\u0428\u0410) Magnetoe - ShopsUSA","isPartOf":{"@id":"https:\/\/shops-usa.com\/#website"},"primaryImageOfPage":{"@id":"https:\/\/shops-usa.com\/product\/lazernoe-ustrojstvo-i-sredstvo-dlya-udaleniya-gribka-nogtej-ssha-magnetoe\/#primaryimage"},"image":{"@id":"https:\/\/shops-usa.com\/product\/lazernoe-ustrojstvo-i-sredstvo-dlya-udaleniya-gribka-nogtej-ssha-magnetoe\/#primaryimage"},"thumbnailUrl":"https:\/\/shops-usa.com\/wp-content\/uploads\/2024\/12\/12.jpg","datePublished":"2024-12-18T14:34:17+00:00","dateModified":"2026-02-06T16:55:45+00:00","breadcrumb":{"@id":"https:\/\/shops-usa.com\/product\/lazernoe-ustrojstvo-i-sredstvo-dlya-udaleniya-gribka-nogtej-ssha-magnetoe\/#breadcrumb"},"inLanguage":"hr","potentialAction":[{"@type":"ReadAction","target":["https:\/\/shops-usa.com\/product\/lazernoe-ustrojstvo-i-sredstvo-dlya-udaleniya-gribka-nogtej-ssha-magnetoe\/"]}]},{"@type":"ImageObject","inLanguage":"hr","@id":"https:\/\/shops-usa.com\/product\/lazernoe-ustrojstvo-i-sredstvo-dlya-udaleniya-gribka-nogtej-ssha-magnetoe\/#primaryimage","url":"https:\/\/shops-usa.com\/wp-content\/uploads\/2024\/12\/12.jpg","contentUrl":"https:\/\/shops-usa.com\/wp-content\/uploads\/2024\/12\/12.jpg","width":1600,"height":1600},{"@type":"BreadcrumbList","@id":"https:\/\/shops-usa.com\/product\/lazernoe-ustrojstvo-i-sredstvo-dlya-udaleniya-gribka-nogtej-ssha-magnetoe\/#breadcrumb","itemListElement":[{"@type":"ListItem","position":1,"name":"Home","item":"https:\/\/shops-usa.com\/"},{"@type":"ListItem","position":2,"name":"\u041a\u0430\u0442\u0430\u043b\u043e\u0433","item":"https:\/\/shops-usa.com\/catalogue\/"},{"@type":"ListItem","position":3,"name":"\u041b\u0430\u0437\u0435\u0440\u043d\u043e\u0435 \u0443\u0441\u0442\u0440\u043e\u0439\u0441\u0442\u0432\u043e \u0438 \u0441\u0440\u0435\u0434\u0441\u0442\u0432\u043e \u0434\u043b\u044f \u0443\u0434\u0430\u043b\u0435\u043d\u0438\u044f \u0433\u0440\u0438\u0431\u043a\u0430 \u043d\u043e\u0433\u0442\u0435\u0439 (\u0421\u0428\u0410) Magnetoe"}]},{"@type":"WebSite","@id":"https:\/\/shops-usa.com\/#website","url":"https:\/\/shops-usa.com\/","name":"ShopsUSA","description":"Quality products from USA","publisher":{"@id":"https:\/\/shops-usa.com\/#organization"},"potentialAction":[{"@type":"SearchAction","target":{"@type":"EntryPoint","urlTemplate":"https:\/\/shops-usa.com\/?s={search_term_string}"},"query-input":{"@type":"PropertyValueSpecification","valueRequired":true,"valueName":"search_term_string"}}],"inLanguage":"hr"},{"@type":"Organization","@id":"https:\/\/shops-usa.com\/#organization","name":"SHOPS USA","alternateName":"SHOPS","url":"https:\/\/shops-usa.com\/","logo":{"@type":"ImageObject","inLanguage":"hr","@id":"https:\/\/shops-usa.com\/#\/schema\/logo\/image\/","url":"https:\/\/shops-usa.com\/wp-content\/uploads\/2025\/12\/letter_final_white-1.png","contentUrl":"https:\/\/shops-usa.com\/wp-content\/uploads\/2025\/12\/letter_final_white-1.png","width":1711,"height":1949,"caption":"SHOPS USA"},"image":{"@id":"https:\/\/shops-usa.com\/#\/schema\/logo\/image\/"}}]}},"_links":{"self":[{"href":"https:\/\/shops-usa.com\/hr\/wp-json\/wp\/v2\/product\/48","targetHints":{"allow":["GET"]}}],"collection":[{"href":"https:\/\/shops-usa.com\/hr\/wp-json\/wp\/v2\/product"}],"about":[{"href":"https:\/\/shops-usa.com\/hr\/wp-json\/wp\/v2\/types\/product"}],"replies":[{"embeddable":true,"href":"https:\/\/shops-usa.com\/hr\/wp-json\/wp\/v2\/comments?post=48"}],"wp:featuredmedia":[{"embeddable":true,"href":"https:\/\/shops-usa.com\/hr\/wp-json\/wp\/v2\/media\/89"}],"wp:attachment":[{"href":"https:\/\/shops-usa.com\/hr\/wp-json\/wp\/v2\/media?parent=48"}],"wp:term":[{"taxonomy":"product_brand","embeddable":true,"href":"https:\/\/shops-usa.com\/hr\/wp-json\/wp\/v2\/product_brand?post=48"},{"taxonomy":"product_cat","embeddable":true,"href":"https:\/\/shops-usa.com\/hr\/wp-json\/wp\/v2\/product_cat?post=48"},{"taxonomy":"product_tag","embeddable":true,"href":"https:\/\/shops-usa.com\/hr\/wp-json\/wp\/v2\/product_tag?post=48"}],"curies":[{"name":"wp","href":"https:\/\/api.w.org\/{rel}","templated":true}]}}