{"id":64,"date":"2024-12-18T14:34:19","date_gmt":"2024-12-18T14:34:19","guid":{"rendered":"https:\/\/shops-usa.com\/?post_type=product&#038;p=64"},"modified":"2025-12-28T11:34:31","modified_gmt":"2025-12-28T11:34:31","slug":"massazher-gel-nuface-krem-i-applikator-dlya-mikrotokovoj-terapii-licza-ssha-nabor-nuface-trinity","status":"publish","type":"product","link":"https:\/\/shops-usa.com\/et\/toode\/massazher-gel-nuface-krem-i-applikator-dlya-mikrotokovoj-terapii-licza-ssha-nabor-nuface-trinity\/","title":{"rendered":"NuFACE Trinity komplekt (USA): ELLE massaa\u017eiotsak, LED-otsak, kosmeetikakott, geel, kreem, seerum ja mikrovoolu n\u00e4oteraapia aplikaator"},"content":{"rendered":"<p>NuFACE Trinity stimuleerib \u00f5rnalt suuri n\u00e4o- ja kaelapiirkondi (mikrovooluteraapia), aidates parandada n\u00e4o ja kaela kontuuri ja toonust ning v\u00e4hendades peente joonte ja kortsude n\u00e4htavust. Trinity suurim tugevus seisneb lihtsas ja intuitiivses disainis, mis v\u00f5imaldab teil vaevata l\u00e4bi viia 5-minutilist iluhooldust igal ajal ja igal pool. Saavutage professionaalsete nahahooldusprotseduuride tulemused NuFACE Trinity lihtsuse ja mugavusega. Vananedes hakkab meie keha loomulik vool aeglustuma (nagu ka ainevahetus), mis viib naha l\u00f5tvumiseni ja kontuuride kadumiseni. Mikrovool on rahustav, madala tasemega vool, mis j\u00e4ljendab keha loomulikku voogu ja v\u00f5ib anda koheseid ja kumulatiivseid tulemusi. NuFACE n\u00e4o- ja kortsude v\u00e4hendamise protseduurid on FDA poolt heaks kiidetud seadmed, mis on toodetud k\u00f5rgeimate kvaliteedistandardite kohaselt ja loodud teie naha parandamiseks, et saaksite iga p\u00e4ev parima v\u00e4lja n\u00e4ha ja end tunda. T\u00e4islaetud seade kestab 5\u201320-minutilise igap\u00e4evase kasutamise korral 1\u20132 n\u00e4dalat. NuFACE komplekt sisaldab:<\/p>\n<p class=\"translation-block\">NuFACE Trinity n\u00e4otoonimise seade<br>\nNuFace ELLE otsik<br>\nNuFace LED otsik<br>\nNuFace geel - 90ml<br>\nNuFace seerum - 150ml<br>\nNuFace kreem - 150ml<br>\nNuFace aplikaator<br>\nNuFace kaubam\u00e4rgiga kott<br>\nKasutusjuhend<br>\nLaadimisalus<br>\nLaadija<\/p>","protected":false},"excerpt":{"rendered":"<p>NuFace Trinity massaa\u017eiseade, geel, kreem ja mikrovoolu n\u00e4oaplikaator. Saavuta professionaalsete nahahooldusprotseduuride tulemused NuFACE Trinity lihtsuse ja mugavusega.<\/p>","protected":false},"featured_media":779,"comment_status":"open","ping_status":"closed","template":"","meta":[],"product_brand":[],"product_cat":[29],"product_tag":[],"class_list":{"0":"post-64","1":"product","2":"type-product","3":"status-publish","4":"has-post-thumbnail","6":"product_cat-nuface","8":"first","9":"instock","10":"sale","11":"shipping-taxable","12":"purchasable","13":"product-type-simple"},"yoast_head":"<!-- This site is optimized with the Yoast SEO plugin v26.6 - https:\/\/yoast.com\/wordpress\/plugins\/seo\/ -->\n<title>\u041d\u0430\u0431\u043e\u0440 NuFACE Trinity (\u0421\u0428\u0410) \u041c\u0430\u0441\u0441\u0430\u0436\u0435\u0440 \u043d\u0430\u0441\u0430\u0434\u043a\u0430 ELLE, \u043d\u0430\u0441\u0430\u0434\u043a\u0430 LED, \u043a\u043e\u0441\u043c\u0435\u0442\u0438\u0447\u043a\u0430, \u0433\u0435\u043b\u044c, \u043a\u0440\u0435\u043c, \u0441\u044b\u0432\u043e\u0440\u043e\u0442\u043a\u0430, \u0430\u043f\u043f\u043b\u0438\u043a\u0430\u0442\u043e\u0440 \u0434\u043b\u044f \u043c\u0438\u043a\u0440\u043e\u0442\u043e\u043a\u043e\u0432\u043e\u0439 \u0442\u0435\u0440\u0430\u043f\u0438\u0438 \u043b\u0438\u0446\u0430 - ShopsUSA<\/title>\n<meta name=\"robots\" content=\"index, follow, max-snippet:-1, max-image-preview:large, max-video-preview:-1\" \/>\n<link rel=\"canonical\" href=\"https:\/\/shops-usa.com\/et\/toode\/massazher-gel-nuface-krem-i-applikator-dlya-mikrotokovoj-terapii-licza-ssha-nabor-nuface-trinity\/?wmc-currency=EUR\" \/>\n<meta property=\"og:locale\" content=\"et_EE\" \/>\n<meta property=\"og:type\" content=\"article\" \/>\n<meta property=\"og:title\" content=\"\u041d\u0430\u0431\u043e\u0440 NuFACE Trinity (\u0421\u0428\u0410) \u041c\u0430\u0441\u0441\u0430\u0436\u0435\u0440 \u043d\u0430\u0441\u0430\u0434\u043a\u0430 ELLE, \u043d\u0430\u0441\u0430\u0434\u043a\u0430 LED, \u043a\u043e\u0441\u043c\u0435\u0442\u0438\u0447\u043a\u0430, \u0433\u0435\u043b\u044c, \u043a\u0440\u0435\u043c, \u0441\u044b\u0432\u043e\u0440\u043e\u0442\u043a\u0430, \u0430\u043f\u043f\u043b\u0438\u043a\u0430\u0442\u043e\u0440 \u0434\u043b\u044f \u043c\u0438\u043a\u0440\u043e\u0442\u043e\u043a\u043e\u0432\u043e\u0439 \u0442\u0435\u0440\u0430\u043f\u0438\u0438 \u043b\u0438\u0446\u0430 - ShopsUSA\" \/>\n<meta property=\"og:description\" content=\"\u041c\u0430\u0441\u0441\u0430\u0436\u0435\u0440, \u0433\u0435\u043b\u044c NuFace, \u043a\u0440\u0435\u043c \u0438 \u0430\u043f\u043f\u043b\u0438\u043a\u0430\u0442\u043e\u0440 \u0434\u043b\u044f \u043c\u0438\u043a\u0440\u043e\u0442\u043e\u043a\u043e\u0432\u043e\u0439 \u0442\u0435\u0440\u0430\u043f\u0438\u0438 \u043b\u0438\u0446\u0430. \u041f\u043e\u043b\u0443\u0447\u0438\u0442\u0435 \u0440\u0435\u0437\u0443\u043b\u044c\u0442\u0430\u0442\u044b \u043f\u0440\u043e\u0444\u0435\u0441\u0441\u0438\u043e\u043d\u0430\u043b\u044c\u043d\u044b\u0445 \u043f\u0440\u043e\u0446\u0435\u0434\u0443\u0440 \u043f\u043e \u0443\u0445\u043e\u0434\u0443 \u0437\u0430 \u043a\u043e\u0436\u0435\u0439 \u0441 \u043b\u0435\u0433\u043a\u043e\u0441\u0442\u044c\u044e \u0438 \u0443\u0434\u043e\u0431\u0441\u0442\u0432\u043e\u043c NuFACE Trinity.\" \/>\n<meta property=\"og:url\" content=\"https:\/\/shops-usa.com\/et\/toode\/massazher-gel-nuface-krem-i-applikator-dlya-mikrotokovoj-terapii-licza-ssha-nabor-nuface-trinity\/?wmc-currency=EUR\" \/>\n<meta property=\"og:site_name\" content=\"ShopsUSA\" \/>\n<meta property=\"article:modified_time\" content=\"2025-12-28T11:34:31+00:00\" \/>\n<meta property=\"og:image\" content=\"https:\/\/shops-usa.com\/wp-content\/uploads\/2024\/12\/71.jpg\" \/>\n\t<meta property=\"og:image:width\" content=\"1263\" \/>\n\t<meta property=\"og:image:height\" content=\"1141\" \/>\n\t<meta property=\"og:image:type\" content=\"image\/jpeg\" \/>\n<meta name=\"twitter:card\" content=\"summary_large_image\" \/>\n<script type=\"application\/ld+json\" class=\"yoast-schema-graph\">{\"@context\":\"https:\/\/schema.org\",\"@graph\":[{\"@type\":\"WebPage\",\"@id\":\"https:\/\/shops-usa.com\/product\/massazher-gel-nuface-krem-i-applikator-dlya-mikrotokovoj-terapii-licza-ssha-nabor-nuface-trinity\/\",\"url\":\"https:\/\/shops-usa.com\/product\/massazher-gel-nuface-krem-i-applikator-dlya-mikrotokovoj-terapii-licza-ssha-nabor-nuface-trinity\/\",\"name\":\"\u041d\u0430\u0431\u043e\u0440 NuFACE Trinity (\u0421\u0428\u0410) \u041c\u0430\u0441\u0441\u0430\u0436\u0435\u0440 \u043d\u0430\u0441\u0430\u0434\u043a\u0430 ELLE, \u043d\u0430\u0441\u0430\u0434\u043a\u0430 LED, \u043a\u043e\u0441\u043c\u0435\u0442\u0438\u0447\u043a\u0430, \u0433\u0435\u043b\u044c, \u043a\u0440\u0435\u043c, \u0441\u044b\u0432\u043e\u0440\u043e\u0442\u043a\u0430, \u0430\u043f\u043f\u043b\u0438\u043a\u0430\u0442\u043e\u0440 \u0434\u043b\u044f \u043c\u0438\u043a\u0440\u043e\u0442\u043e\u043a\u043e\u0432\u043e\u0439 \u0442\u0435\u0440\u0430\u043f\u0438\u0438 \u043b\u0438\u0446\u0430 - ShopsUSA\",\"isPartOf\":{\"@id\":\"https:\/\/shops-usa.com\/#website\"},\"primaryImageOfPage\":{\"@id\":\"https:\/\/shops-usa.com\/product\/massazher-gel-nuface-krem-i-applikator-dlya-mikrotokovoj-terapii-licza-ssha-nabor-nuface-trinity\/#primaryimage\"},\"image\":{\"@id\":\"https:\/\/shops-usa.com\/product\/massazher-gel-nuface-krem-i-applikator-dlya-mikrotokovoj-terapii-licza-ssha-nabor-nuface-trinity\/#primaryimage\"},\"thumbnailUrl\":\"https:\/\/shops-usa.com\/wp-content\/uploads\/2024\/12\/71.jpg\",\"datePublished\":\"2024-12-18T14:34:19+00:00\",\"dateModified\":\"2025-12-28T11:34:31+00:00\",\"breadcrumb\":{\"@id\":\"https:\/\/shops-usa.com\/product\/massazher-gel-nuface-krem-i-applikator-dlya-mikrotokovoj-terapii-licza-ssha-nabor-nuface-trinity\/#breadcrumb\"},\"inLanguage\":\"et\",\"potentialAction\":[{\"@type\":\"ReadAction\",\"target\":[\"https:\/\/shops-usa.com\/product\/massazher-gel-nuface-krem-i-applikator-dlya-mikrotokovoj-terapii-licza-ssha-nabor-nuface-trinity\/\"]}]},{\"@type\":\"ImageObject\",\"inLanguage\":\"et\",\"@id\":\"https:\/\/shops-usa.com\/product\/massazher-gel-nuface-krem-i-applikator-dlya-mikrotokovoj-terapii-licza-ssha-nabor-nuface-trinity\/#primaryimage\",\"url\":\"https:\/\/shops-usa.com\/wp-content\/uploads\/2024\/12\/71.jpg\",\"contentUrl\":\"https:\/\/shops-usa.com\/wp-content\/uploads\/2024\/12\/71.jpg\",\"width\":1263,\"height\":1141},{\"@type\":\"BreadcrumbList\",\"@id\":\"https:\/\/shops-usa.com\/product\/massazher-gel-nuface-krem-i-applikator-dlya-mikrotokovoj-terapii-licza-ssha-nabor-nuface-trinity\/#breadcrumb\",\"itemListElement\":[{\"@type\":\"ListItem\",\"position\":1,\"name\":\"Home\",\"item\":\"https:\/\/shops-usa.com\/\"},{\"@type\":\"ListItem\",\"position\":2,\"name\":\"\u041a\u0430\u0442\u0430\u043b\u043e\u0433\",\"item\":\"https:\/\/shops-usa.com\/catalogue\/\"},{\"@type\":\"ListItem\",\"position\":3,\"name\":\"\u041d\u0430\u0431\u043e\u0440 NuFACE Trinity (\u0421\u0428\u0410) \u041c\u0430\u0441\u0441\u0430\u0436\u0435\u0440 \u043d\u0430\u0441\u0430\u0434\u043a\u0430 ELLE, \u043d\u0430\u0441\u0430\u0434\u043a\u0430 LED, \u043a\u043e\u0441\u043c\u0435\u0442\u0438\u0447\u043a\u0430, \u0433\u0435\u043b\u044c, \u043a\u0440\u0435\u043c, \u0441\u044b\u0432\u043e\u0440\u043e\u0442\u043a\u0430, \u0430\u043f\u043f\u043b\u0438\u043a\u0430\u0442\u043e\u0440 \u0434\u043b\u044f \u043c\u0438\u043a\u0440\u043e\u0442\u043e\u043a\u043e\u0432\u043e\u0439 \u0442\u0435\u0440\u0430\u043f\u0438\u0438 \u043b\u0438\u0446\u0430\"}]},{\"@type\":\"WebSite\",\"@id\":\"https:\/\/shops-usa.com\/#website\",\"url\":\"https:\/\/shops-usa.com\/\",\"name\":\"ShopsUSA\",\"description\":\"Quality products from USA\",\"publisher\":{\"@id\":\"https:\/\/shops-usa.com\/#organization\"},\"potentialAction\":[{\"@type\":\"SearchAction\",\"target\":{\"@type\":\"EntryPoint\",\"urlTemplate\":\"https:\/\/shops-usa.com\/?s={search_term_string}\"},\"query-input\":{\"@type\":\"PropertyValueSpecification\",\"valueRequired\":true,\"valueName\":\"search_term_string\"}}],\"inLanguage\":\"et\"},{\"@type\":\"Organization\",\"@id\":\"https:\/\/shops-usa.com\/#organization\",\"name\":\"SHOPS USA\",\"alternateName\":\"SHOPS\",\"url\":\"https:\/\/shops-usa.com\/\",\"logo\":{\"@type\":\"ImageObject\",\"inLanguage\":\"et\",\"@id\":\"https:\/\/shops-usa.com\/#\/schema\/logo\/image\/\",\"url\":\"https:\/\/shops-usa.com\/wp-content\/uploads\/2025\/12\/letter_final_white-1.png\",\"contentUrl\":\"https:\/\/shops-usa.com\/wp-content\/uploads\/2025\/12\/letter_final_white-1.png\",\"width\":1711,\"height\":1949,\"caption\":\"SHOPS USA\"},\"image\":{\"@id\":\"https:\/\/shops-usa.com\/#\/schema\/logo\/image\/\"}}]}<\/script>\n<!-- \/ Yoast SEO plugin. -->","yoast_head_json":{"title":"\u041d\u0430\u0431\u043e\u0440 NuFACE Trinity (\u0421\u0428\u0410) \u041c\u0430\u0441\u0441\u0430\u0436\u0435\u0440 \u043d\u0430\u0441\u0430\u0434\u043a\u0430 ELLE, \u043d\u0430\u0441\u0430\u0434\u043a\u0430 LED, \u043a\u043e\u0441\u043c\u0435\u0442\u0438\u0447\u043a\u0430, \u0433\u0435\u043b\u044c, \u043a\u0440\u0435\u043c, \u0441\u044b\u0432\u043e\u0440\u043e\u0442\u043a\u0430, \u0430\u043f\u043f\u043b\u0438\u043a\u0430\u0442\u043e\u0440 \u0434\u043b\u044f \u043c\u0438\u043a\u0440\u043e\u0442\u043e\u043a\u043e\u0432\u043e\u0439 \u0442\u0435\u0440\u0430\u043f\u0438\u0438 \u043b\u0438\u0446\u0430 - ShopsUSA","robots":{"index":"index","follow":"follow","max-snippet":"max-snippet:-1","max-image-preview":"max-image-preview:large","max-video-preview":"max-video-preview:-1"},"canonical":"https:\/\/shops-usa.com\/et\/toode\/massazher-gel-nuface-krem-i-applikator-dlya-mikrotokovoj-terapii-licza-ssha-nabor-nuface-trinity\/?wmc-currency=EUR","og_locale":"et_EE","og_type":"article","og_title":"\u041d\u0430\u0431\u043e\u0440 NuFACE Trinity (\u0421\u0428\u0410) \u041c\u0430\u0441\u0441\u0430\u0436\u0435\u0440 \u043d\u0430\u0441\u0430\u0434\u043a\u0430 ELLE, \u043d\u0430\u0441\u0430\u0434\u043a\u0430 LED, \u043a\u043e\u0441\u043c\u0435\u0442\u0438\u0447\u043a\u0430, \u0433\u0435\u043b\u044c, \u043a\u0440\u0435\u043c, \u0441\u044b\u0432\u043e\u0440\u043e\u0442\u043a\u0430, \u0430\u043f\u043f\u043b\u0438\u043a\u0430\u0442\u043e\u0440 \u0434\u043b\u044f \u043c\u0438\u043a\u0440\u043e\u0442\u043e\u043a\u043e\u0432\u043e\u0439 \u0442\u0435\u0440\u0430\u043f\u0438\u0438 \u043b\u0438\u0446\u0430 - ShopsUSA","og_description":"\u041c\u0430\u0441\u0441\u0430\u0436\u0435\u0440, \u0433\u0435\u043b\u044c NuFace, \u043a\u0440\u0435\u043c \u0438 \u0430\u043f\u043f\u043b\u0438\u043a\u0430\u0442\u043e\u0440 \u0434\u043b\u044f \u043c\u0438\u043a\u0440\u043e\u0442\u043e\u043a\u043e\u0432\u043e\u0439 \u0442\u0435\u0440\u0430\u043f\u0438\u0438 \u043b\u0438\u0446\u0430. \u041f\u043e\u043b\u0443\u0447\u0438\u0442\u0435 \u0440\u0435\u0437\u0443\u043b\u044c\u0442\u0430\u0442\u044b \u043f\u0440\u043e\u0444\u0435\u0441\u0441\u0438\u043e\u043d\u0430\u043b\u044c\u043d\u044b\u0445 \u043f\u0440\u043e\u0446\u0435\u0434\u0443\u0440 \u043f\u043e \u0443\u0445\u043e\u0434\u0443 \u0437\u0430 \u043a\u043e\u0436\u0435\u0439 \u0441 \u043b\u0435\u0433\u043a\u043e\u0441\u0442\u044c\u044e \u0438 \u0443\u0434\u043e\u0431\u0441\u0442\u0432\u043e\u043c NuFACE Trinity.","og_url":"https:\/\/shops-usa.com\/et\/toode\/massazher-gel-nuface-krem-i-applikator-dlya-mikrotokovoj-terapii-licza-ssha-nabor-nuface-trinity\/?wmc-currency=EUR","og_site_name":"ShopsUSA","article_modified_time":"2025-12-28T11:34:31+00:00","og_image":[{"width":1263,"height":1141,"url":"https:\/\/shops-usa.com\/wp-content\/uploads\/2024\/12\/71.jpg","type":"image\/jpeg"}],"twitter_card":"summary_large_image","schema":{"@context":"https:\/\/schema.org","@graph":[{"@type":"WebPage","@id":"https:\/\/shops-usa.com\/product\/massazher-gel-nuface-krem-i-applikator-dlya-mikrotokovoj-terapii-licza-ssha-nabor-nuface-trinity\/","url":"https:\/\/shops-usa.com\/product\/massazher-gel-nuface-krem-i-applikator-dlya-mikrotokovoj-terapii-licza-ssha-nabor-nuface-trinity\/","name":"\u041d\u0430\u0431\u043e\u0440 NuFACE Trinity (\u0421\u0428\u0410) \u041c\u0430\u0441\u0441\u0430\u0436\u0435\u0440 \u043d\u0430\u0441\u0430\u0434\u043a\u0430 ELLE, \u043d\u0430\u0441\u0430\u0434\u043a\u0430 LED, \u043a\u043e\u0441\u043c\u0435\u0442\u0438\u0447\u043a\u0430, \u0433\u0435\u043b\u044c, \u043a\u0440\u0435\u043c, \u0441\u044b\u0432\u043e\u0440\u043e\u0442\u043a\u0430, \u0430\u043f\u043f\u043b\u0438\u043a\u0430\u0442\u043e\u0440 \u0434\u043b\u044f \u043c\u0438\u043a\u0440\u043e\u0442\u043e\u043a\u043e\u0432\u043e\u0439 \u0442\u0435\u0440\u0430\u043f\u0438\u0438 \u043b\u0438\u0446\u0430 - ShopsUSA","isPartOf":{"@id":"https:\/\/shops-usa.com\/#website"},"primaryImageOfPage":{"@id":"https:\/\/shops-usa.com\/product\/massazher-gel-nuface-krem-i-applikator-dlya-mikrotokovoj-terapii-licza-ssha-nabor-nuface-trinity\/#primaryimage"},"image":{"@id":"https:\/\/shops-usa.com\/product\/massazher-gel-nuface-krem-i-applikator-dlya-mikrotokovoj-terapii-licza-ssha-nabor-nuface-trinity\/#primaryimage"},"thumbnailUrl":"https:\/\/shops-usa.com\/wp-content\/uploads\/2024\/12\/71.jpg","datePublished":"2024-12-18T14:34:19+00:00","dateModified":"2025-12-28T11:34:31+00:00","breadcrumb":{"@id":"https:\/\/shops-usa.com\/product\/massazher-gel-nuface-krem-i-applikator-dlya-mikrotokovoj-terapii-licza-ssha-nabor-nuface-trinity\/#breadcrumb"},"inLanguage":"et","potentialAction":[{"@type":"ReadAction","target":["https:\/\/shops-usa.com\/product\/massazher-gel-nuface-krem-i-applikator-dlya-mikrotokovoj-terapii-licza-ssha-nabor-nuface-trinity\/"]}]},{"@type":"ImageObject","inLanguage":"et","@id":"https:\/\/shops-usa.com\/product\/massazher-gel-nuface-krem-i-applikator-dlya-mikrotokovoj-terapii-licza-ssha-nabor-nuface-trinity\/#primaryimage","url":"https:\/\/shops-usa.com\/wp-content\/uploads\/2024\/12\/71.jpg","contentUrl":"https:\/\/shops-usa.com\/wp-content\/uploads\/2024\/12\/71.jpg","width":1263,"height":1141},{"@type":"BreadcrumbList","@id":"https:\/\/shops-usa.com\/product\/massazher-gel-nuface-krem-i-applikator-dlya-mikrotokovoj-terapii-licza-ssha-nabor-nuface-trinity\/#breadcrumb","itemListElement":[{"@type":"ListItem","position":1,"name":"Home","item":"https:\/\/shops-usa.com\/"},{"@type":"ListItem","position":2,"name":"\u041a\u0430\u0442\u0430\u043b\u043e\u0433","item":"https:\/\/shops-usa.com\/catalogue\/"},{"@type":"ListItem","position":3,"name":"\u041d\u0430\u0431\u043e\u0440 NuFACE Trinity (\u0421\u0428\u0410) \u041c\u0430\u0441\u0441\u0430\u0436\u0435\u0440 \u043d\u0430\u0441\u0430\u0434\u043a\u0430 ELLE, \u043d\u0430\u0441\u0430\u0434\u043a\u0430 LED, \u043a\u043e\u0441\u043c\u0435\u0442\u0438\u0447\u043a\u0430, \u0433\u0435\u043b\u044c, \u043a\u0440\u0435\u043c, \u0441\u044b\u0432\u043e\u0440\u043e\u0442\u043a\u0430, \u0430\u043f\u043f\u043b\u0438\u043a\u0430\u0442\u043e\u0440 \u0434\u043b\u044f \u043c\u0438\u043a\u0440\u043e\u0442\u043e\u043a\u043e\u0432\u043e\u0439 \u0442\u0435\u0440\u0430\u043f\u0438\u0438 \u043b\u0438\u0446\u0430"}]},{"@type":"WebSite","@id":"https:\/\/shops-usa.com\/#website","url":"https:\/\/shops-usa.com\/","name":"ShopsUSA","description":"Quality products from USA","publisher":{"@id":"https:\/\/shops-usa.com\/#organization"},"potentialAction":[{"@type":"SearchAction","target":{"@type":"EntryPoint","urlTemplate":"https:\/\/shops-usa.com\/?s={search_term_string}"},"query-input":{"@type":"PropertyValueSpecification","valueRequired":true,"valueName":"search_term_string"}}],"inLanguage":"et"},{"@type":"Organization","@id":"https:\/\/shops-usa.com\/#organization","name":"SHOPS USA","alternateName":"SHOPS","url":"https:\/\/shops-usa.com\/","logo":{"@type":"ImageObject","inLanguage":"et","@id":"https:\/\/shops-usa.com\/#\/schema\/logo\/image\/","url":"https:\/\/shops-usa.com\/wp-content\/uploads\/2025\/12\/letter_final_white-1.png","contentUrl":"https:\/\/shops-usa.com\/wp-content\/uploads\/2025\/12\/letter_final_white-1.png","width":1711,"height":1949,"caption":"SHOPS USA"},"image":{"@id":"https:\/\/shops-usa.com\/#\/schema\/logo\/image\/"}}]}},"_links":{"self":[{"href":"https:\/\/shops-usa.com\/et\/wp-json\/wp\/v2\/product\/64","targetHints":{"allow":["GET"]}}],"collection":[{"href":"https:\/\/shops-usa.com\/et\/wp-json\/wp\/v2\/product"}],"about":[{"href":"https:\/\/shops-usa.com\/et\/wp-json\/wp\/v2\/types\/product"}],"replies":[{"embeddable":true,"href":"https:\/\/shops-usa.com\/et\/wp-json\/wp\/v2\/comments?post=64"}],"wp:featuredmedia":[{"embeddable":true,"href":"https:\/\/shops-usa.com\/et\/wp-json\/wp\/v2\/media\/779"}],"wp:attachment":[{"href":"https:\/\/shops-usa.com\/et\/wp-json\/wp\/v2\/media?parent=64"}],"wp:term":[{"taxonomy":"product_brand","embeddable":true,"href":"https:\/\/shops-usa.com\/et\/wp-json\/wp\/v2\/product_brand?post=64"},{"taxonomy":"product_cat","embeddable":true,"href":"https:\/\/shops-usa.com\/et\/wp-json\/wp\/v2\/product_cat?post=64"},{"taxonomy":"product_tag","embeddable":true,"href":"https:\/\/shops-usa.com\/et\/wp-json\/wp\/v2\/product_tag?post=64"}],"curies":[{"name":"wp","href":"https:\/\/api.w.org\/{rel}","templated":true}]}}