{"id":62,"date":"2024-12-18T14:34:18","date_gmt":"2024-12-18T14:34:18","guid":{"rendered":"https:\/\/shops-usa.com\/?post_type=product&#038;p=62"},"modified":"2026-02-06T16:55:35","modified_gmt":"2026-02-06T16:55:35","slug":"massazher-gel-krem-i-applikator-dlya-mikrotokovoj-terapii-licza-ssha-nabor-nuface-mini-2","status":"publish","type":"product","link":"https:\/\/shops-usa.com\/et\/toode\/massazher-gel-krem-i-applikator-dlya-mikrotokovoj-terapii-licza-ssha-nabor-nuface-mini-2\/","title":{"rendered":"NuFACE mini (USA) Massaaator, geel ja aplikaator mikrovoolu n\u00e4ohoolduseks"},"content":{"rendered":"<p>NuFACE Mini stimuleerib \u00f5rnalt suuri n\u00e4o- ja kaelapiirkondi (mikrovooluteraapia), aidates parandada n\u00e4o ja kaela kontuuri ja toonust ning v\u00e4hendades peente joonte ja kortsude n\u00e4htavust. Mini suurim tugevus seisneb lihtsas ja intuitiivses disainis, mis v\u00f5imaldab teil vaevata teha 5-minutilist iluhooldust igal ajal ja igal pool. Saavutage professionaalsete nahahooldusprotseduuride tulemused NuFACE Mini lihtsuse ja mugavusega. Vananedes hakkab meie keha loomulik vool aeglustuma (nagu ka ainevahetus), mis viib naha l\u00f5tvumiseni ja kontuuride kadumiseni. Mikrovool on rahustav, madala tasemega vool, mis j\u00e4ljendab keha loomulikku voogu ja v\u00f5ib anda koheseid ja kumulatiivseid tulemusi. NuFACE n\u00e4o- ja kortsude v\u00e4hendamise protseduurid on FDA poolt heaks kiidetud seadmed, mis on toodetud k\u00f5rgeimate kvaliteedistandardite kohaselt ja loodud teie naha parandamiseks, et saaksite iga p\u00e4ev parima v\u00e4lja n\u00e4ha ja end tunda. T\u00e4islaetud seade kestab 5\u201320-minutilise igap\u00e4evase kasutamise korral 1\u20132 n\u00e4dalat. NuFACE komplekt sisaldab: NuFACE Mini n\u00e4otoonimisseadet, NuFACE geeli \u2013 60 ml, kasutusjuhendit, laadijat.<\/p>","protected":false},"excerpt":{"rendered":"<p>NuFace Minimassaa\u017eiseade, geel, kreem ja mikrovoolu n\u00e4oaplikaator. Saavuta professionaalsete nahahooldusprotseduuride tulemused NuFACE Mini lihtsuse ja mugavusega.<\/p>","protected":false},"featured_media":770,"comment_status":"open","ping_status":"closed","template":"","meta":[],"product_brand":[],"product_cat":[52,29],"product_tag":[],"class_list":{"0":"post-62","1":"product","2":"type-product","3":"status-publish","4":"has-post-thumbnail","6":"product_cat-heureka-export","7":"product_cat-nuface","9":"first","10":"instock","11":"sale","12":"shipping-taxable","13":"purchasable","14":"product-type-simple"},"yoast_head":"<!-- This site is optimized with the Yoast SEO plugin v26.6 - https:\/\/yoast.com\/wordpress\/plugins\/seo\/ -->\n<title>NuFACE mini (\u0421\u0428\u0410) \u041c\u0430\u0441\u0441\u0430\u0436\u0435\u0440, \u0433\u0435\u043b\u044c \u0438 \u0430\u043f\u043f\u043b\u0438\u043a\u0430\u0442\u043e\u0440 \u0434\u043b\u044f \u043c\u0438\u043a\u0440\u043e\u0442\u043e\u043a\u043e\u0432\u043e\u0439 \u0442\u0435\u0440\u0430\u043f\u0438\u0438 \u043b\u0438\u0446\u0430 - ShopsUSA<\/title>\n<meta name=\"robots\" content=\"index, follow, max-snippet:-1, max-image-preview:large, max-video-preview:-1\" \/>\n<link rel=\"canonical\" href=\"https:\/\/shops-usa.com\/et\/toode\/massazher-gel-krem-i-applikator-dlya-mikrotokovoj-terapii-licza-ssha-nabor-nuface-mini-2\/?wmc-currency=EUR\" \/>\n<meta property=\"og:locale\" content=\"et_EE\" \/>\n<meta property=\"og:type\" content=\"article\" \/>\n<meta property=\"og:title\" content=\"NuFACE mini (\u0421\u0428\u0410) \u041c\u0430\u0441\u0441\u0430\u0436\u0435\u0440, \u0433\u0435\u043b\u044c \u0438 \u0430\u043f\u043f\u043b\u0438\u043a\u0430\u0442\u043e\u0440 \u0434\u043b\u044f \u043c\u0438\u043a\u0440\u043e\u0442\u043e\u043a\u043e\u0432\u043e\u0439 \u0442\u0435\u0440\u0430\u043f\u0438\u0438 \u043b\u0438\u0446\u0430 - ShopsUSA\" \/>\n<meta property=\"og:description\" content=\"\u041c\u0430\u0441\u0441\u0430\u0436\u0435\u0440, \u0433\u0435\u043b\u044c, \u043a\u0440\u0435\u043c \u0438 \u0430\u043f\u043f\u043b\u0438\u043a\u0430\u0442\u043e\u0440 \u0434\u043b\u044f \u043c\u0438\u043a\u0440\u043e\u0442\u043e\u043a\u043e\u0432\u043e\u0439 \u0442\u0435\u0440\u0430\u043f\u0438\u0438 \u043b\u0438\u0446\u0430. \u041f\u043e\u043b\u0443\u0447\u0438\u0442\u0435 \u0440\u0435\u0437\u0443\u043b\u044c\u0442\u0430\u0442\u044b \u043f\u0440\u043e\u0444\u0435\u0441\u0441\u0438\u043e\u043d\u0430\u043b\u044c\u043d\u044b\u0445 \u043f\u0440\u043e\u0446\u0435\u0434\u0443\u0440 \u043f\u043e \u0443\u0445\u043e\u0434\u0443 \u0437\u0430 \u043a\u043e\u0436\u0435\u0439 \u0441 \u043b\u0435\u0433\u043a\u043e\u0441\u0442\u044c\u044e \u0438 \u0443\u0434\u043e\u0431\u0441\u0442\u0432\u043e\u043c NuFACE Mini.\" \/>\n<meta property=\"og:url\" content=\"https:\/\/shops-usa.com\/et\/toode\/massazher-gel-krem-i-applikator-dlya-mikrotokovoj-terapii-licza-ssha-nabor-nuface-mini-2\/?wmc-currency=EUR\" \/>\n<meta property=\"og:site_name\" content=\"ShopsUSA\" \/>\n<meta property=\"article:modified_time\" content=\"2026-02-06T16:55:35+00:00\" \/>\n<meta property=\"og:image\" content=\"https:\/\/shops-usa.com\/wp-content\/uploads\/2024\/12\/5.jpg\" \/>\n\t<meta property=\"og:image:width\" content=\"1000\" \/>\n\t<meta property=\"og:image:height\" content=\"1000\" \/>\n\t<meta property=\"og:image:type\" content=\"image\/jpeg\" \/>\n<meta name=\"twitter:card\" content=\"summary_large_image\" \/>\n<meta name=\"twitter:label1\" content=\"Est. reading time\" \/>\n\t<meta name=\"twitter:data1\" content=\"1 minut\" \/>\n<script type=\"application\/ld+json\" class=\"yoast-schema-graph\">{\"@context\":\"https:\/\/schema.org\",\"@graph\":[{\"@type\":\"WebPage\",\"@id\":\"https:\/\/shops-usa.com\/product\/massazher-gel-krem-i-applikator-dlya-mikrotokovoj-terapii-licza-ssha-nabor-nuface-mini-2\/\",\"url\":\"https:\/\/shops-usa.com\/product\/massazher-gel-krem-i-applikator-dlya-mikrotokovoj-terapii-licza-ssha-nabor-nuface-mini-2\/\",\"name\":\"NuFACE mini (\u0421\u0428\u0410) \u041c\u0430\u0441\u0441\u0430\u0436\u0435\u0440, \u0433\u0435\u043b\u044c \u0438 \u0430\u043f\u043f\u043b\u0438\u043a\u0430\u0442\u043e\u0440 \u0434\u043b\u044f \u043c\u0438\u043a\u0440\u043e\u0442\u043e\u043a\u043e\u0432\u043e\u0439 \u0442\u0435\u0440\u0430\u043f\u0438\u0438 \u043b\u0438\u0446\u0430 - ShopsUSA\",\"isPartOf\":{\"@id\":\"https:\/\/shops-usa.com\/#website\"},\"primaryImageOfPage\":{\"@id\":\"https:\/\/shops-usa.com\/product\/massazher-gel-krem-i-applikator-dlya-mikrotokovoj-terapii-licza-ssha-nabor-nuface-mini-2\/#primaryimage\"},\"image\":{\"@id\":\"https:\/\/shops-usa.com\/product\/massazher-gel-krem-i-applikator-dlya-mikrotokovoj-terapii-licza-ssha-nabor-nuface-mini-2\/#primaryimage\"},\"thumbnailUrl\":\"https:\/\/shops-usa.com\/wp-content\/uploads\/2024\/12\/5.jpg\",\"datePublished\":\"2024-12-18T14:34:18+00:00\",\"dateModified\":\"2026-02-06T16:55:35+00:00\",\"breadcrumb\":{\"@id\":\"https:\/\/shops-usa.com\/product\/massazher-gel-krem-i-applikator-dlya-mikrotokovoj-terapii-licza-ssha-nabor-nuface-mini-2\/#breadcrumb\"},\"inLanguage\":\"et\",\"potentialAction\":[{\"@type\":\"ReadAction\",\"target\":[\"https:\/\/shops-usa.com\/product\/massazher-gel-krem-i-applikator-dlya-mikrotokovoj-terapii-licza-ssha-nabor-nuface-mini-2\/\"]}]},{\"@type\":\"ImageObject\",\"inLanguage\":\"et\",\"@id\":\"https:\/\/shops-usa.com\/product\/massazher-gel-krem-i-applikator-dlya-mikrotokovoj-terapii-licza-ssha-nabor-nuface-mini-2\/#primaryimage\",\"url\":\"https:\/\/shops-usa.com\/wp-content\/uploads\/2024\/12\/5.jpg\",\"contentUrl\":\"https:\/\/shops-usa.com\/wp-content\/uploads\/2024\/12\/5.jpg\",\"width\":1000,\"height\":1000},{\"@type\":\"BreadcrumbList\",\"@id\":\"https:\/\/shops-usa.com\/product\/massazher-gel-krem-i-applikator-dlya-mikrotokovoj-terapii-licza-ssha-nabor-nuface-mini-2\/#breadcrumb\",\"itemListElement\":[{\"@type\":\"ListItem\",\"position\":1,\"name\":\"Home\",\"item\":\"https:\/\/shops-usa.com\/\"},{\"@type\":\"ListItem\",\"position\":2,\"name\":\"\u041a\u0430\u0442\u0430\u043b\u043e\u0433\",\"item\":\"https:\/\/shops-usa.com\/catalogue\/\"},{\"@type\":\"ListItem\",\"position\":3,\"name\":\"NuFACE mini (\u0421\u0428\u0410) \u041c\u0430\u0441\u0441\u0430\u0436\u0435\u0440, \u0433\u0435\u043b\u044c \u0438 \u0430\u043f\u043f\u043b\u0438\u043a\u0430\u0442\u043e\u0440 \u0434\u043b\u044f \u043c\u0438\u043a\u0440\u043e\u0442\u043e\u043a\u043e\u0432\u043e\u0439 \u0442\u0435\u0440\u0430\u043f\u0438\u0438 \u043b\u0438\u0446\u0430\"}]},{\"@type\":\"WebSite\",\"@id\":\"https:\/\/shops-usa.com\/#website\",\"url\":\"https:\/\/shops-usa.com\/\",\"name\":\"ShopsUSA\",\"description\":\"Quality products from USA\",\"publisher\":{\"@id\":\"https:\/\/shops-usa.com\/#organization\"},\"potentialAction\":[{\"@type\":\"SearchAction\",\"target\":{\"@type\":\"EntryPoint\",\"urlTemplate\":\"https:\/\/shops-usa.com\/?s={search_term_string}\"},\"query-input\":{\"@type\":\"PropertyValueSpecification\",\"valueRequired\":true,\"valueName\":\"search_term_string\"}}],\"inLanguage\":\"et\"},{\"@type\":\"Organization\",\"@id\":\"https:\/\/shops-usa.com\/#organization\",\"name\":\"SHOPS USA\",\"alternateName\":\"SHOPS\",\"url\":\"https:\/\/shops-usa.com\/\",\"logo\":{\"@type\":\"ImageObject\",\"inLanguage\":\"et\",\"@id\":\"https:\/\/shops-usa.com\/#\/schema\/logo\/image\/\",\"url\":\"https:\/\/shops-usa.com\/wp-content\/uploads\/2025\/12\/letter_final_white-1.png\",\"contentUrl\":\"https:\/\/shops-usa.com\/wp-content\/uploads\/2025\/12\/letter_final_white-1.png\",\"width\":1711,\"height\":1949,\"caption\":\"SHOPS USA\"},\"image\":{\"@id\":\"https:\/\/shops-usa.com\/#\/schema\/logo\/image\/\"}}]}<\/script>\n<!-- \/ Yoast SEO plugin. -->","yoast_head_json":{"title":"NuFACE mini (\u0421\u0428\u0410) \u041c\u0430\u0441\u0441\u0430\u0436\u0435\u0440, \u0433\u0435\u043b\u044c \u0438 \u0430\u043f\u043f\u043b\u0438\u043a\u0430\u0442\u043e\u0440 \u0434\u043b\u044f \u043c\u0438\u043a\u0440\u043e\u0442\u043e\u043a\u043e\u0432\u043e\u0439 \u0442\u0435\u0440\u0430\u043f\u0438\u0438 \u043b\u0438\u0446\u0430 - ShopsUSA","robots":{"index":"index","follow":"follow","max-snippet":"max-snippet:-1","max-image-preview":"max-image-preview:large","max-video-preview":"max-video-preview:-1"},"canonical":"https:\/\/shops-usa.com\/et\/toode\/massazher-gel-krem-i-applikator-dlya-mikrotokovoj-terapii-licza-ssha-nabor-nuface-mini-2\/?wmc-currency=EUR","og_locale":"et_EE","og_type":"article","og_title":"NuFACE mini (\u0421\u0428\u0410) \u041c\u0430\u0441\u0441\u0430\u0436\u0435\u0440, \u0433\u0435\u043b\u044c \u0438 \u0430\u043f\u043f\u043b\u0438\u043a\u0430\u0442\u043e\u0440 \u0434\u043b\u044f \u043c\u0438\u043a\u0440\u043e\u0442\u043e\u043a\u043e\u0432\u043e\u0439 \u0442\u0435\u0440\u0430\u043f\u0438\u0438 \u043b\u0438\u0446\u0430 - ShopsUSA","og_description":"\u041c\u0430\u0441\u0441\u0430\u0436\u0435\u0440, \u0433\u0435\u043b\u044c, \u043a\u0440\u0435\u043c \u0438 \u0430\u043f\u043f\u043b\u0438\u043a\u0430\u0442\u043e\u0440 \u0434\u043b\u044f \u043c\u0438\u043a\u0440\u043e\u0442\u043e\u043a\u043e\u0432\u043e\u0439 \u0442\u0435\u0440\u0430\u043f\u0438\u0438 \u043b\u0438\u0446\u0430. \u041f\u043e\u043b\u0443\u0447\u0438\u0442\u0435 \u0440\u0435\u0437\u0443\u043b\u044c\u0442\u0430\u0442\u044b \u043f\u0440\u043e\u0444\u0435\u0441\u0441\u0438\u043e\u043d\u0430\u043b\u044c\u043d\u044b\u0445 \u043f\u0440\u043e\u0446\u0435\u0434\u0443\u0440 \u043f\u043e \u0443\u0445\u043e\u0434\u0443 \u0437\u0430 \u043a\u043e\u0436\u0435\u0439 \u0441 \u043b\u0435\u0433\u043a\u043e\u0441\u0442\u044c\u044e \u0438 \u0443\u0434\u043e\u0431\u0441\u0442\u0432\u043e\u043c NuFACE Mini.","og_url":"https:\/\/shops-usa.com\/et\/toode\/massazher-gel-krem-i-applikator-dlya-mikrotokovoj-terapii-licza-ssha-nabor-nuface-mini-2\/?wmc-currency=EUR","og_site_name":"ShopsUSA","article_modified_time":"2026-02-06T16:55:35+00:00","og_image":[{"width":1000,"height":1000,"url":"https:\/\/shops-usa.com\/wp-content\/uploads\/2024\/12\/5.jpg","type":"image\/jpeg"}],"twitter_card":"summary_large_image","twitter_misc":{"Est. reading time":"1 minut"},"schema":{"@context":"https:\/\/schema.org","@graph":[{"@type":"WebPage","@id":"https:\/\/shops-usa.com\/product\/massazher-gel-krem-i-applikator-dlya-mikrotokovoj-terapii-licza-ssha-nabor-nuface-mini-2\/","url":"https:\/\/shops-usa.com\/product\/massazher-gel-krem-i-applikator-dlya-mikrotokovoj-terapii-licza-ssha-nabor-nuface-mini-2\/","name":"NuFACE mini (\u0421\u0428\u0410) \u041c\u0430\u0441\u0441\u0430\u0436\u0435\u0440, \u0433\u0435\u043b\u044c \u0438 \u0430\u043f\u043f\u043b\u0438\u043a\u0430\u0442\u043e\u0440 \u0434\u043b\u044f \u043c\u0438\u043a\u0440\u043e\u0442\u043e\u043a\u043e\u0432\u043e\u0439 \u0442\u0435\u0440\u0430\u043f\u0438\u0438 \u043b\u0438\u0446\u0430 - ShopsUSA","isPartOf":{"@id":"https:\/\/shops-usa.com\/#website"},"primaryImageOfPage":{"@id":"https:\/\/shops-usa.com\/product\/massazher-gel-krem-i-applikator-dlya-mikrotokovoj-terapii-licza-ssha-nabor-nuface-mini-2\/#primaryimage"},"image":{"@id":"https:\/\/shops-usa.com\/product\/massazher-gel-krem-i-applikator-dlya-mikrotokovoj-terapii-licza-ssha-nabor-nuface-mini-2\/#primaryimage"},"thumbnailUrl":"https:\/\/shops-usa.com\/wp-content\/uploads\/2024\/12\/5.jpg","datePublished":"2024-12-18T14:34:18+00:00","dateModified":"2026-02-06T16:55:35+00:00","breadcrumb":{"@id":"https:\/\/shops-usa.com\/product\/massazher-gel-krem-i-applikator-dlya-mikrotokovoj-terapii-licza-ssha-nabor-nuface-mini-2\/#breadcrumb"},"inLanguage":"et","potentialAction":[{"@type":"ReadAction","target":["https:\/\/shops-usa.com\/product\/massazher-gel-krem-i-applikator-dlya-mikrotokovoj-terapii-licza-ssha-nabor-nuface-mini-2\/"]}]},{"@type":"ImageObject","inLanguage":"et","@id":"https:\/\/shops-usa.com\/product\/massazher-gel-krem-i-applikator-dlya-mikrotokovoj-terapii-licza-ssha-nabor-nuface-mini-2\/#primaryimage","url":"https:\/\/shops-usa.com\/wp-content\/uploads\/2024\/12\/5.jpg","contentUrl":"https:\/\/shops-usa.com\/wp-content\/uploads\/2024\/12\/5.jpg","width":1000,"height":1000},{"@type":"BreadcrumbList","@id":"https:\/\/shops-usa.com\/product\/massazher-gel-krem-i-applikator-dlya-mikrotokovoj-terapii-licza-ssha-nabor-nuface-mini-2\/#breadcrumb","itemListElement":[{"@type":"ListItem","position":1,"name":"Home","item":"https:\/\/shops-usa.com\/"},{"@type":"ListItem","position":2,"name":"\u041a\u0430\u0442\u0430\u043b\u043e\u0433","item":"https:\/\/shops-usa.com\/catalogue\/"},{"@type":"ListItem","position":3,"name":"NuFACE mini (\u0421\u0428\u0410) \u041c\u0430\u0441\u0441\u0430\u0436\u0435\u0440, \u0433\u0435\u043b\u044c \u0438 \u0430\u043f\u043f\u043b\u0438\u043a\u0430\u0442\u043e\u0440 \u0434\u043b\u044f \u043c\u0438\u043a\u0440\u043e\u0442\u043e\u043a\u043e\u0432\u043e\u0439 \u0442\u0435\u0440\u0430\u043f\u0438\u0438 \u043b\u0438\u0446\u0430"}]},{"@type":"WebSite","@id":"https:\/\/shops-usa.com\/#website","url":"https:\/\/shops-usa.com\/","name":"ShopsUSA","description":"Quality products from USA","publisher":{"@id":"https:\/\/shops-usa.com\/#organization"},"potentialAction":[{"@type":"SearchAction","target":{"@type":"EntryPoint","urlTemplate":"https:\/\/shops-usa.com\/?s={search_term_string}"},"query-input":{"@type":"PropertyValueSpecification","valueRequired":true,"valueName":"search_term_string"}}],"inLanguage":"et"},{"@type":"Organization","@id":"https:\/\/shops-usa.com\/#organization","name":"SHOPS USA","alternateName":"SHOPS","url":"https:\/\/shops-usa.com\/","logo":{"@type":"ImageObject","inLanguage":"et","@id":"https:\/\/shops-usa.com\/#\/schema\/logo\/image\/","url":"https:\/\/shops-usa.com\/wp-content\/uploads\/2025\/12\/letter_final_white-1.png","contentUrl":"https:\/\/shops-usa.com\/wp-content\/uploads\/2025\/12\/letter_final_white-1.png","width":1711,"height":1949,"caption":"SHOPS USA"},"image":{"@id":"https:\/\/shops-usa.com\/#\/schema\/logo\/image\/"}}]}},"_links":{"self":[{"href":"https:\/\/shops-usa.com\/et\/wp-json\/wp\/v2\/product\/62","targetHints":{"allow":["GET"]}}],"collection":[{"href":"https:\/\/shops-usa.com\/et\/wp-json\/wp\/v2\/product"}],"about":[{"href":"https:\/\/shops-usa.com\/et\/wp-json\/wp\/v2\/types\/product"}],"replies":[{"embeddable":true,"href":"https:\/\/shops-usa.com\/et\/wp-json\/wp\/v2\/comments?post=62"}],"wp:featuredmedia":[{"embeddable":true,"href":"https:\/\/shops-usa.com\/et\/wp-json\/wp\/v2\/media\/770"}],"wp:attachment":[{"href":"https:\/\/shops-usa.com\/et\/wp-json\/wp\/v2\/media?parent=62"}],"wp:term":[{"taxonomy":"product_brand","embeddable":true,"href":"https:\/\/shops-usa.com\/et\/wp-json\/wp\/v2\/product_brand?post=62"},{"taxonomy":"product_cat","embeddable":true,"href":"https:\/\/shops-usa.com\/et\/wp-json\/wp\/v2\/product_cat?post=62"},{"taxonomy":"product_tag","embeddable":true,"href":"https:\/\/shops-usa.com\/et\/wp-json\/wp\/v2\/product_tag?post=62"}],"curies":[{"name":"wp","href":"https:\/\/api.w.org\/{rel}","templated":true}]}}