{"id":55,"date":"2024-12-18T14:34:17","date_gmt":"2024-12-18T14:34:17","guid":{"rendered":"https:\/\/shops-usa.com\/?post_type=product&#038;p=55"},"modified":"2025-11-08T08:09:40","modified_gmt":"2025-11-08T08:09:40","slug":"obruch-s-lazerom-dlya-rosta-volos-ssha-hairmax-laserband-41","status":"publish","type":"product","link":"https:\/\/shops-usa.com\/et\/toode\/obruch-s-lazerom-dlya-rosta-volos-ssha-hairmax-laserband-41\/","title":{"rendered":"HairMax LaserBand 41 (USA) Juuste kasvatamise laserkorv"},"content":{"rendered":"<p>Juuste taaskasv: Laserravi kasutab fotobiostimulatsiooni, pakkudes madala intensiivsusega laserteraapiat (LLLT), mis toimetab juuksefolliikulisse hapnikku ja toitaineid, et neid aktiveerida ja soodustada tugevamat juuste kasvu. HairMaxi laserpeav\u00f5ru on heaks kiidetud 8 FDA sertifikaadi, 7 kliinilise uuringu, 14 rahvusvahelise meditsiinilitsentsi ja 6 avaldatud meditsiiniajakirja poolt. HairMaxi laserseade on kliiniliselt t\u00f5estanud juuste taaskasvu, kusjuures p\u00e4rast kuuekuulist regulaarset kasutamist on keskmiselt 15 lisakarva ruutsentimeetri kohta juurde tulnud. \u00c4\u00e4rmiselt mugav ja kaasaskantav, see on m\u00f5eldud kasutamiseks nii kodus kui ka liikvel olles. Kerge aku tagab pika laadimise ja on h\u00f5lpsasti kaasaskantav. Seda on lihtne kasutada. Komplektis on laadimisalus, aku, toitejuhe, kasutusjuhend ja seadme garantii. Arstide soovitatud: kliinilistes uuringutes n\u00e4gid kasutajad n\u00e4htavaid tulemusi vaid 3-6 kuuga. 2000. aastal asutatud HairMax on m\u00fc\u00fcnud \u200b\u200b\u00fcle maailma \u00fcle 1,8 miljoni seadme ning on laserkarvakasvu ravi globaalne liider ja teerajaja. Arstid soovitavad HairMaxi laserseadmeid androgeense alopeetsia raviks, mis h\u00f5lmab p\u00e4rilikku kiilasp\u00e4isust, meeste ja naiste kiilasp\u00e4isust, menopausij\u00e4rgset kiilasp\u00e4isust ning vanusega seotud juuste v\u00e4ljalangemist ja h\u00f5renemist.<\/p>","protected":false},"excerpt":{"rendered":"<p>Laserkarvakasvu peapael. Laserravi h\u00f5lmab fotobiostimulatsiooni, pakkudes madala intensiivsusega laserteraapiat.<\/p>","protected":false},"featured_media":784,"comment_status":"open","ping_status":"closed","template":"","meta":[],"product_brand":[],"product_cat":[28],"product_tag":[],"class_list":{"0":"post-55","1":"product","2":"type-product","3":"status-publish","4":"has-post-thumbnail","6":"product_cat-hairmax","8":"first","9":"instock","10":"sale","11":"shipping-taxable","12":"purchasable","13":"product-type-simple"},"yoast_head":"<!-- This site is optimized with the Yoast SEO plugin v26.6 - https:\/\/yoast.com\/wordpress\/plugins\/seo\/ -->\n<title>\u041e\u0431\u0440\u0443\u0447 \u0441 \u043b\u0430\u0437\u0435\u0440\u043e\u043c \u0434\u043b\u044f \u0440\u043e\u0441\u0442\u0430 \u0432\u043e\u043b\u043e\u0441 (\u0421\u0428\u0410) HairMax LaserBand 41 - ShopsUSA<\/title>\n<meta name=\"robots\" content=\"index, follow, max-snippet:-1, max-image-preview:large, max-video-preview:-1\" \/>\n<link rel=\"canonical\" href=\"https:\/\/shops-usa.com\/et\/toode\/obruch-s-lazerom-dlya-rosta-volos-ssha-hairmax-laserband-41\/?wmc-currency=EUR\" \/>\n<meta property=\"og:locale\" content=\"et_EE\" \/>\n<meta property=\"og:type\" content=\"article\" \/>\n<meta property=\"og:title\" content=\"\u041e\u0431\u0440\u0443\u0447 \u0441 \u043b\u0430\u0437\u0435\u0440\u043e\u043c \u0434\u043b\u044f \u0440\u043e\u0441\u0442\u0430 \u0432\u043e\u043b\u043e\u0441 (\u0421\u0428\u0410) HairMax LaserBand 41 - ShopsUSA\" \/>\n<meta property=\"og:description\" content=\"\u041e\u0431\u0440\u0443\u0447 \u0441 \u043b\u0430\u0437\u0435\u0440\u043e\u043c \u0434\u043b\u044f \u0440\u043e\u0441\u0442\u0430 \u0432\u043e\u043b\u043e\u0441. \u041b\u0430\u0437\u0435\u0440\u043d\u043e\u0435 \u043b\u0435\u0447\u0435\u043d\u0438\u0435 \u043f\u0440\u043e\u0445\u043e\u0434\u0438\u0442 \u0447\u0435\u0440\u0435\u0437 \u043f\u0440\u043e\u0446\u0435\u0441\u0441 \u0444\u043e\u0442\u043e\u0431\u0438\u043e\u0441\u0442\u0438\u043c\u0443\u043b\u044f\u0446\u0438\u0438, \u043e\u0431\u0435\u0441\u043f\u0435\u0447\u0438\u0432\u0430\u044f \u043d\u0438\u0437\u043a\u043e\u0443\u0440\u043e\u0432\u043d\u0435\u0432\u0443\u044e \u043b\u0430\u0437\u0435\u0440\u043d\u0443\u044e \u0442\u0435\u0440\u0430\u043f\u0438\u044e.\" \/>\n<meta property=\"og:url\" content=\"https:\/\/shops-usa.com\/et\/toode\/obruch-s-lazerom-dlya-rosta-volos-ssha-hairmax-laserband-41\/?wmc-currency=EUR\" \/>\n<meta property=\"og:site_name\" content=\"ShopsUSA\" \/>\n<meta property=\"article:modified_time\" content=\"2025-11-08T08:09:40+00:00\" \/>\n<meta property=\"og:image\" content=\"https:\/\/shops-usa.com\/wp-content\/uploads\/2024\/12\/45.jpg\" \/>\n\t<meta property=\"og:image:width\" content=\"2015\" \/>\n\t<meta property=\"og:image:height\" content=\"1988\" \/>\n\t<meta property=\"og:image:type\" content=\"image\/jpeg\" \/>\n<meta name=\"twitter:card\" content=\"summary_large_image\" \/>\n<script type=\"application\/ld+json\" class=\"yoast-schema-graph\">{\"@context\":\"https:\/\/schema.org\",\"@graph\":[{\"@type\":\"WebPage\",\"@id\":\"https:\/\/shops-usa.com\/product\/obruch-s-lazerom-dlya-rosta-volos-ssha-hairmax-laserband-41\/\",\"url\":\"https:\/\/shops-usa.com\/product\/obruch-s-lazerom-dlya-rosta-volos-ssha-hairmax-laserband-41\/\",\"name\":\"\u041e\u0431\u0440\u0443\u0447 \u0441 \u043b\u0430\u0437\u0435\u0440\u043e\u043c \u0434\u043b\u044f \u0440\u043e\u0441\u0442\u0430 \u0432\u043e\u043b\u043e\u0441 (\u0421\u0428\u0410) HairMax LaserBand 41 - ShopsUSA\",\"isPartOf\":{\"@id\":\"https:\/\/shops-usa.com\/#website\"},\"primaryImageOfPage\":{\"@id\":\"https:\/\/shops-usa.com\/product\/obruch-s-lazerom-dlya-rosta-volos-ssha-hairmax-laserband-41\/#primaryimage\"},\"image\":{\"@id\":\"https:\/\/shops-usa.com\/product\/obruch-s-lazerom-dlya-rosta-volos-ssha-hairmax-laserband-41\/#primaryimage\"},\"thumbnailUrl\":\"https:\/\/shops-usa.com\/wp-content\/uploads\/2024\/12\/45.jpg\",\"datePublished\":\"2024-12-18T14:34:17+00:00\",\"dateModified\":\"2025-11-08T08:09:40+00:00\",\"breadcrumb\":{\"@id\":\"https:\/\/shops-usa.com\/product\/obruch-s-lazerom-dlya-rosta-volos-ssha-hairmax-laserband-41\/#breadcrumb\"},\"inLanguage\":\"et\",\"potentialAction\":[{\"@type\":\"ReadAction\",\"target\":[\"https:\/\/shops-usa.com\/product\/obruch-s-lazerom-dlya-rosta-volos-ssha-hairmax-laserband-41\/\"]}]},{\"@type\":\"ImageObject\",\"inLanguage\":\"et\",\"@id\":\"https:\/\/shops-usa.com\/product\/obruch-s-lazerom-dlya-rosta-volos-ssha-hairmax-laserband-41\/#primaryimage\",\"url\":\"https:\/\/shops-usa.com\/wp-content\/uploads\/2024\/12\/45.jpg\",\"contentUrl\":\"https:\/\/shops-usa.com\/wp-content\/uploads\/2024\/12\/45.jpg\",\"width\":2015,\"height\":1988},{\"@type\":\"BreadcrumbList\",\"@id\":\"https:\/\/shops-usa.com\/product\/obruch-s-lazerom-dlya-rosta-volos-ssha-hairmax-laserband-41\/#breadcrumb\",\"itemListElement\":[{\"@type\":\"ListItem\",\"position\":1,\"name\":\"Home\",\"item\":\"https:\/\/shops-usa.com\/\"},{\"@type\":\"ListItem\",\"position\":2,\"name\":\"\u041a\u0430\u0442\u0430\u043b\u043e\u0433\",\"item\":\"https:\/\/shops-usa.com\/catalogue\/\"},{\"@type\":\"ListItem\",\"position\":3,\"name\":\"\u041e\u0431\u0440\u0443\u0447 \u0441 \u043b\u0430\u0437\u0435\u0440\u043e\u043c \u0434\u043b\u044f \u0440\u043e\u0441\u0442\u0430 \u0432\u043e\u043b\u043e\u0441 (\u0421\u0428\u0410) HairMax LaserBand 41\"}]},{\"@type\":\"WebSite\",\"@id\":\"https:\/\/shops-usa.com\/#website\",\"url\":\"https:\/\/shops-usa.com\/\",\"name\":\"ShopsUSA\",\"description\":\"Quality products from USA\",\"publisher\":{\"@id\":\"https:\/\/shops-usa.com\/#organization\"},\"potentialAction\":[{\"@type\":\"SearchAction\",\"target\":{\"@type\":\"EntryPoint\",\"urlTemplate\":\"https:\/\/shops-usa.com\/?s={search_term_string}\"},\"query-input\":{\"@type\":\"PropertyValueSpecification\",\"valueRequired\":true,\"valueName\":\"search_term_string\"}}],\"inLanguage\":\"et\"},{\"@type\":\"Organization\",\"@id\":\"https:\/\/shops-usa.com\/#organization\",\"name\":\"SHOPS USA\",\"alternateName\":\"SHOPS\",\"url\":\"https:\/\/shops-usa.com\/\",\"logo\":{\"@type\":\"ImageObject\",\"inLanguage\":\"et\",\"@id\":\"https:\/\/shops-usa.com\/#\/schema\/logo\/image\/\",\"url\":\"https:\/\/shops-usa.com\/wp-content\/uploads\/2025\/12\/letter_final_white-1.png\",\"contentUrl\":\"https:\/\/shops-usa.com\/wp-content\/uploads\/2025\/12\/letter_final_white-1.png\",\"width\":1711,\"height\":1949,\"caption\":\"SHOPS USA\"},\"image\":{\"@id\":\"https:\/\/shops-usa.com\/#\/schema\/logo\/image\/\"}}]}<\/script>\n<!-- \/ Yoast SEO plugin. -->","yoast_head_json":{"title":"\u041e\u0431\u0440\u0443\u0447 \u0441 \u043b\u0430\u0437\u0435\u0440\u043e\u043c \u0434\u043b\u044f \u0440\u043e\u0441\u0442\u0430 \u0432\u043e\u043b\u043e\u0441 (\u0421\u0428\u0410) HairMax LaserBand 41 - ShopsUSA","robots":{"index":"index","follow":"follow","max-snippet":"max-snippet:-1","max-image-preview":"max-image-preview:large","max-video-preview":"max-video-preview:-1"},"canonical":"https:\/\/shops-usa.com\/et\/toode\/obruch-s-lazerom-dlya-rosta-volos-ssha-hairmax-laserband-41\/?wmc-currency=EUR","og_locale":"et_EE","og_type":"article","og_title":"\u041e\u0431\u0440\u0443\u0447 \u0441 \u043b\u0430\u0437\u0435\u0440\u043e\u043c \u0434\u043b\u044f \u0440\u043e\u0441\u0442\u0430 \u0432\u043e\u043b\u043e\u0441 (\u0421\u0428\u0410) HairMax LaserBand 41 - ShopsUSA","og_description":"\u041e\u0431\u0440\u0443\u0447 \u0441 \u043b\u0430\u0437\u0435\u0440\u043e\u043c \u0434\u043b\u044f \u0440\u043e\u0441\u0442\u0430 \u0432\u043e\u043b\u043e\u0441. \u041b\u0430\u0437\u0435\u0440\u043d\u043e\u0435 \u043b\u0435\u0447\u0435\u043d\u0438\u0435 \u043f\u0440\u043e\u0445\u043e\u0434\u0438\u0442 \u0447\u0435\u0440\u0435\u0437 \u043f\u0440\u043e\u0446\u0435\u0441\u0441 \u0444\u043e\u0442\u043e\u0431\u0438\u043e\u0441\u0442\u0438\u043c\u0443\u043b\u044f\u0446\u0438\u0438, \u043e\u0431\u0435\u0441\u043f\u0435\u0447\u0438\u0432\u0430\u044f \u043d\u0438\u0437\u043a\u043e\u0443\u0440\u043e\u0432\u043d\u0435\u0432\u0443\u044e \u043b\u0430\u0437\u0435\u0440\u043d\u0443\u044e \u0442\u0435\u0440\u0430\u043f\u0438\u044e.","og_url":"https:\/\/shops-usa.com\/et\/toode\/obruch-s-lazerom-dlya-rosta-volos-ssha-hairmax-laserband-41\/?wmc-currency=EUR","og_site_name":"ShopsUSA","article_modified_time":"2025-11-08T08:09:40+00:00","og_image":[{"width":2015,"height":1988,"url":"https:\/\/shops-usa.com\/wp-content\/uploads\/2024\/12\/45.jpg","type":"image\/jpeg"}],"twitter_card":"summary_large_image","schema":{"@context":"https:\/\/schema.org","@graph":[{"@type":"WebPage","@id":"https:\/\/shops-usa.com\/product\/obruch-s-lazerom-dlya-rosta-volos-ssha-hairmax-laserband-41\/","url":"https:\/\/shops-usa.com\/product\/obruch-s-lazerom-dlya-rosta-volos-ssha-hairmax-laserband-41\/","name":"\u041e\u0431\u0440\u0443\u0447 \u0441 \u043b\u0430\u0437\u0435\u0440\u043e\u043c \u0434\u043b\u044f \u0440\u043e\u0441\u0442\u0430 \u0432\u043e\u043b\u043e\u0441 (\u0421\u0428\u0410) HairMax LaserBand 41 - ShopsUSA","isPartOf":{"@id":"https:\/\/shops-usa.com\/#website"},"primaryImageOfPage":{"@id":"https:\/\/shops-usa.com\/product\/obruch-s-lazerom-dlya-rosta-volos-ssha-hairmax-laserband-41\/#primaryimage"},"image":{"@id":"https:\/\/shops-usa.com\/product\/obruch-s-lazerom-dlya-rosta-volos-ssha-hairmax-laserband-41\/#primaryimage"},"thumbnailUrl":"https:\/\/shops-usa.com\/wp-content\/uploads\/2024\/12\/45.jpg","datePublished":"2024-12-18T14:34:17+00:00","dateModified":"2025-11-08T08:09:40+00:00","breadcrumb":{"@id":"https:\/\/shops-usa.com\/product\/obruch-s-lazerom-dlya-rosta-volos-ssha-hairmax-laserband-41\/#breadcrumb"},"inLanguage":"et","potentialAction":[{"@type":"ReadAction","target":["https:\/\/shops-usa.com\/product\/obruch-s-lazerom-dlya-rosta-volos-ssha-hairmax-laserband-41\/"]}]},{"@type":"ImageObject","inLanguage":"et","@id":"https:\/\/shops-usa.com\/product\/obruch-s-lazerom-dlya-rosta-volos-ssha-hairmax-laserband-41\/#primaryimage","url":"https:\/\/shops-usa.com\/wp-content\/uploads\/2024\/12\/45.jpg","contentUrl":"https:\/\/shops-usa.com\/wp-content\/uploads\/2024\/12\/45.jpg","width":2015,"height":1988},{"@type":"BreadcrumbList","@id":"https:\/\/shops-usa.com\/product\/obruch-s-lazerom-dlya-rosta-volos-ssha-hairmax-laserband-41\/#breadcrumb","itemListElement":[{"@type":"ListItem","position":1,"name":"Home","item":"https:\/\/shops-usa.com\/"},{"@type":"ListItem","position":2,"name":"\u041a\u0430\u0442\u0430\u043b\u043e\u0433","item":"https:\/\/shops-usa.com\/catalogue\/"},{"@type":"ListItem","position":3,"name":"\u041e\u0431\u0440\u0443\u0447 \u0441 \u043b\u0430\u0437\u0435\u0440\u043e\u043c \u0434\u043b\u044f \u0440\u043e\u0441\u0442\u0430 \u0432\u043e\u043b\u043e\u0441 (\u0421\u0428\u0410) HairMax LaserBand 41"}]},{"@type":"WebSite","@id":"https:\/\/shops-usa.com\/#website","url":"https:\/\/shops-usa.com\/","name":"ShopsUSA","description":"Quality products from USA","publisher":{"@id":"https:\/\/shops-usa.com\/#organization"},"potentialAction":[{"@type":"SearchAction","target":{"@type":"EntryPoint","urlTemplate":"https:\/\/shops-usa.com\/?s={search_term_string}"},"query-input":{"@type":"PropertyValueSpecification","valueRequired":true,"valueName":"search_term_string"}}],"inLanguage":"et"},{"@type":"Organization","@id":"https:\/\/shops-usa.com\/#organization","name":"SHOPS USA","alternateName":"SHOPS","url":"https:\/\/shops-usa.com\/","logo":{"@type":"ImageObject","inLanguage":"et","@id":"https:\/\/shops-usa.com\/#\/schema\/logo\/image\/","url":"https:\/\/shops-usa.com\/wp-content\/uploads\/2025\/12\/letter_final_white-1.png","contentUrl":"https:\/\/shops-usa.com\/wp-content\/uploads\/2025\/12\/letter_final_white-1.png","width":1711,"height":1949,"caption":"SHOPS USA"},"image":{"@id":"https:\/\/shops-usa.com\/#\/schema\/logo\/image\/"}}]}},"_links":{"self":[{"href":"https:\/\/shops-usa.com\/et\/wp-json\/wp\/v2\/product\/55","targetHints":{"allow":["GET"]}}],"collection":[{"href":"https:\/\/shops-usa.com\/et\/wp-json\/wp\/v2\/product"}],"about":[{"href":"https:\/\/shops-usa.com\/et\/wp-json\/wp\/v2\/types\/product"}],"replies":[{"embeddable":true,"href":"https:\/\/shops-usa.com\/et\/wp-json\/wp\/v2\/comments?post=55"}],"wp:featuredmedia":[{"embeddable":true,"href":"https:\/\/shops-usa.com\/et\/wp-json\/wp\/v2\/media\/784"}],"wp:attachment":[{"href":"https:\/\/shops-usa.com\/et\/wp-json\/wp\/v2\/media?parent=55"}],"wp:term":[{"taxonomy":"product_brand","embeddable":true,"href":"https:\/\/shops-usa.com\/et\/wp-json\/wp\/v2\/product_brand?post=55"},{"taxonomy":"product_cat","embeddable":true,"href":"https:\/\/shops-usa.com\/et\/wp-json\/wp\/v2\/product_cat?post=55"},{"taxonomy":"product_tag","embeddable":true,"href":"https:\/\/shops-usa.com\/et\/wp-json\/wp\/v2\/product_tag?post=55"}],"curies":[{"name":"wp","href":"https:\/\/api.w.org\/{rel}","templated":true}]}}