{"id":48,"date":"2024-12-18T14:34:17","date_gmt":"2024-12-18T14:34:17","guid":{"rendered":"https:\/\/shops-usa.com\/?post_type=product&#038;p=48"},"modified":"2026-02-06T16:55:45","modified_gmt":"2026-02-06T16:55:45","slug":"lazernoe-ustrojstvo-i-sredstvo-dlya-udaleniya-gribka-nogtej-ssha-magnetoe","status":"publish","type":"product","link":"https:\/\/shops-usa.com\/et\/toode\/lazernoe-ustrojstvo-i-sredstvo-dlya-udaleniya-gribka-nogtej-ssha-magnetoe\/","title":{"rendered":"Magnetoe (USA) laserseade ja salv k\u00fc\u00fcneseene eemaldamiseks"},"content":{"rendered":"<p>Valutu ja mugav: On\u00fchhom\u00fckoosi ravis pole mingit kahju ega valu. Enam pole ebamugavaid olukordi, kreeme, spreid, k\u00f5rvalm\u00f5jusid, retsepte ega ravimeid \u2013 ohutu f\u00fcsioteraapia \u2013 saate seenest l\u00f5plikult lahti. Eemaldab valutult k\u00fc\u00fcne-, k\u00fc\u00fcnevalli- ja k\u00fc\u00fcnenaha seenhaiguse. See laserk\u00fc\u00fcne seenhaiguse raviseade v\u00f5imaldab teil n\u00e4ha vapustavaid tulemusi vaid m\u00f5ne n\u00e4dalaga, k\u00f5igest 7 minutiga p\u00e4evas kodus, ja l\u00fclitub automaatselt v\u00e4lja p\u00e4rast 7-minutilist seanssi. Magnetoe on kerge ja kompaktne laserk\u00fc\u00fcne seenhaiguse raviseade, mis on piisavalt v\u00e4ike, et seda kaasas kanda, v\u00f5imaldades teil k\u00fc\u00fcne seenhaiguse ravi kasutada igal ajal ja igal pool. See on kulut\u00f5hus ja t\u00f5hus v\u00f5itluses on\u00fchhom\u00fckoosi vastu. T\u00e4iustatud tehnoloogia: Laserk\u00fc\u00fcne seenhaiguse ravi \u00fchendab impulsslaservalguse ja sinise valguse energia, mille tulemuseks on s\u00fcnergiline terapeutiline efekt. K\u00fclm infrapunalaserteraapia lainepikkusega 905 nm ja sinine valgus lainepikkusega 465 nm desinfitseerimiseks. Kliiniliselt testitud, k\u00f5rge kvaliteet, CE, RoHS, ISO9001 ja IS013485 sertifikaadiga. K\u00fclmlaser ei m\u00f5juta ega kahjusta \u00fcmbritsevat kude.<\/p>","protected":false},"excerpt":{"rendered":"<p>Laserseade ja kreem k\u00fc\u00fcneseene eemaldamiseks. Eemaldab valutult seene k\u00fc\u00fcntelt, k\u00fc\u00fcnevallidelt ja k\u00fc\u00fcnenahkadelt.<\/p>","protected":false},"featured_media":89,"comment_status":"open","ping_status":"closed","template":"","meta":[],"product_brand":[],"product_cat":[52,22],"product_tag":[],"class_list":{"0":"post-48","1":"product","2":"type-product","3":"status-publish","4":"has-post-thumbnail","6":"product_cat-heureka-export","7":"product_cat-magnetoe","9":"first","10":"instock","11":"sale","12":"shipping-taxable","13":"purchasable","14":"product-type-simple"},"yoast_head":"<!-- This site is optimized with the Yoast SEO plugin v26.6 - https:\/\/yoast.com\/wordpress\/plugins\/seo\/ -->\n<title>\u041b\u0430\u0437\u0435\u0440\u043d\u043e\u0435 \u0443\u0441\u0442\u0440\u043e\u0439\u0441\u0442\u0432\u043e \u0438 \u0441\u0440\u0435\u0434\u0441\u0442\u0432\u043e \u0434\u043b\u044f \u0443\u0434\u0430\u043b\u0435\u043d\u0438\u044f \u0433\u0440\u0438\u0431\u043a\u0430 \u043d\u043e\u0433\u0442\u0435\u0439 (\u0421\u0428\u0410) Magnetoe - ShopsUSA<\/title>\n<meta name=\"robots\" content=\"index, follow, max-snippet:-1, max-image-preview:large, max-video-preview:-1\" \/>\n<link rel=\"canonical\" href=\"https:\/\/shops-usa.com\/et\/toode\/lazernoe-ustrojstvo-i-sredstvo-dlya-udaleniya-gribka-nogtej-ssha-magnetoe\/?wmc-currency=EUR\" \/>\n<meta property=\"og:locale\" content=\"et_EE\" \/>\n<meta property=\"og:type\" content=\"article\" \/>\n<meta property=\"og:title\" content=\"\u041b\u0430\u0437\u0435\u0440\u043d\u043e\u0435 \u0443\u0441\u0442\u0440\u043e\u0439\u0441\u0442\u0432\u043e \u0438 \u0441\u0440\u0435\u0434\u0441\u0442\u0432\u043e \u0434\u043b\u044f \u0443\u0434\u0430\u043b\u0435\u043d\u0438\u044f \u0433\u0440\u0438\u0431\u043a\u0430 \u043d\u043e\u0433\u0442\u0435\u0439 (\u0421\u0428\u0410) Magnetoe - ShopsUSA\" \/>\n<meta property=\"og:description\" content=\"\u041b\u0430\u0437\u0435\u0440\u043d\u043e\u0435 \u0443\u0441\u0442\u0440\u043e\u0439\u0441\u0442\u0432\u043e \u0438 \u0441\u0440\u0435\u0434\u0441\u0442\u0432\u043e \u0434\u043b\u044f \u0443\u0434\u0430\u043b\u0435\u043d\u0438\u044f \u0433\u0440\u0438\u0431\u043a\u0430 \u043d\u043e\u0433\u0442\u0435\u0439. \u0411\u0435\u0437\u0431\u043e\u043b\u0435\u0437\u043d\u0435\u043d\u043d\u043e \u0443\u0441\u0442\u0440\u0430\u043d\u044f\u0435\u0442 \u0433\u0440\u0438\u0431\u043e\u043a \u043d\u043e\u0433\u0442\u0435\u0439, \u043d\u043e\u0433\u0442\u0435\u0432\u043e\u0433\u043e \u043b\u043e\u0436\u0430 \u0438 \u043a\u0443\u0442\u0438\u043a\u0443\u043b\u044b.\" \/>\n<meta property=\"og:url\" content=\"https:\/\/shops-usa.com\/et\/toode\/lazernoe-ustrojstvo-i-sredstvo-dlya-udaleniya-gribka-nogtej-ssha-magnetoe\/?wmc-currency=EUR\" \/>\n<meta property=\"og:site_name\" content=\"ShopsUSA\" \/>\n<meta property=\"article:modified_time\" content=\"2026-02-06T16:55:45+00:00\" \/>\n<meta property=\"og:image\" content=\"https:\/\/shops-usa.com\/wp-content\/uploads\/2024\/12\/12.jpg\" \/>\n\t<meta property=\"og:image:width\" content=\"1600\" \/>\n\t<meta property=\"og:image:height\" content=\"1600\" \/>\n\t<meta property=\"og:image:type\" content=\"image\/jpeg\" \/>\n<meta name=\"twitter:card\" content=\"summary_large_image\" \/>\n<meta name=\"twitter:label1\" content=\"Est. reading time\" \/>\n\t<meta name=\"twitter:data1\" content=\"1 minut\" \/>\n<script type=\"application\/ld+json\" class=\"yoast-schema-graph\">{\"@context\":\"https:\/\/schema.org\",\"@graph\":[{\"@type\":\"WebPage\",\"@id\":\"https:\/\/shops-usa.com\/product\/lazernoe-ustrojstvo-i-sredstvo-dlya-udaleniya-gribka-nogtej-ssha-magnetoe\/\",\"url\":\"https:\/\/shops-usa.com\/product\/lazernoe-ustrojstvo-i-sredstvo-dlya-udaleniya-gribka-nogtej-ssha-magnetoe\/\",\"name\":\"\u041b\u0430\u0437\u0435\u0440\u043d\u043e\u0435 \u0443\u0441\u0442\u0440\u043e\u0439\u0441\u0442\u0432\u043e \u0438 \u0441\u0440\u0435\u0434\u0441\u0442\u0432\u043e \u0434\u043b\u044f \u0443\u0434\u0430\u043b\u0435\u043d\u0438\u044f \u0433\u0440\u0438\u0431\u043a\u0430 \u043d\u043e\u0433\u0442\u0435\u0439 (\u0421\u0428\u0410) Magnetoe - ShopsUSA\",\"isPartOf\":{\"@id\":\"https:\/\/shops-usa.com\/#website\"},\"primaryImageOfPage\":{\"@id\":\"https:\/\/shops-usa.com\/product\/lazernoe-ustrojstvo-i-sredstvo-dlya-udaleniya-gribka-nogtej-ssha-magnetoe\/#primaryimage\"},\"image\":{\"@id\":\"https:\/\/shops-usa.com\/product\/lazernoe-ustrojstvo-i-sredstvo-dlya-udaleniya-gribka-nogtej-ssha-magnetoe\/#primaryimage\"},\"thumbnailUrl\":\"https:\/\/shops-usa.com\/wp-content\/uploads\/2024\/12\/12.jpg\",\"datePublished\":\"2024-12-18T14:34:17+00:00\",\"dateModified\":\"2026-02-06T16:55:45+00:00\",\"breadcrumb\":{\"@id\":\"https:\/\/shops-usa.com\/product\/lazernoe-ustrojstvo-i-sredstvo-dlya-udaleniya-gribka-nogtej-ssha-magnetoe\/#breadcrumb\"},\"inLanguage\":\"et\",\"potentialAction\":[{\"@type\":\"ReadAction\",\"target\":[\"https:\/\/shops-usa.com\/product\/lazernoe-ustrojstvo-i-sredstvo-dlya-udaleniya-gribka-nogtej-ssha-magnetoe\/\"]}]},{\"@type\":\"ImageObject\",\"inLanguage\":\"et\",\"@id\":\"https:\/\/shops-usa.com\/product\/lazernoe-ustrojstvo-i-sredstvo-dlya-udaleniya-gribka-nogtej-ssha-magnetoe\/#primaryimage\",\"url\":\"https:\/\/shops-usa.com\/wp-content\/uploads\/2024\/12\/12.jpg\",\"contentUrl\":\"https:\/\/shops-usa.com\/wp-content\/uploads\/2024\/12\/12.jpg\",\"width\":1600,\"height\":1600},{\"@type\":\"BreadcrumbList\",\"@id\":\"https:\/\/shops-usa.com\/product\/lazernoe-ustrojstvo-i-sredstvo-dlya-udaleniya-gribka-nogtej-ssha-magnetoe\/#breadcrumb\",\"itemListElement\":[{\"@type\":\"ListItem\",\"position\":1,\"name\":\"Home\",\"item\":\"https:\/\/shops-usa.com\/\"},{\"@type\":\"ListItem\",\"position\":2,\"name\":\"\u041a\u0430\u0442\u0430\u043b\u043e\u0433\",\"item\":\"https:\/\/shops-usa.com\/catalogue\/\"},{\"@type\":\"ListItem\",\"position\":3,\"name\":\"\u041b\u0430\u0437\u0435\u0440\u043d\u043e\u0435 \u0443\u0441\u0442\u0440\u043e\u0439\u0441\u0442\u0432\u043e \u0438 \u0441\u0440\u0435\u0434\u0441\u0442\u0432\u043e \u0434\u043b\u044f \u0443\u0434\u0430\u043b\u0435\u043d\u0438\u044f \u0433\u0440\u0438\u0431\u043a\u0430 \u043d\u043e\u0433\u0442\u0435\u0439 (\u0421\u0428\u0410) Magnetoe\"}]},{\"@type\":\"WebSite\",\"@id\":\"https:\/\/shops-usa.com\/#website\",\"url\":\"https:\/\/shops-usa.com\/\",\"name\":\"ShopsUSA\",\"description\":\"Quality products from USA\",\"publisher\":{\"@id\":\"https:\/\/shops-usa.com\/#organization\"},\"potentialAction\":[{\"@type\":\"SearchAction\",\"target\":{\"@type\":\"EntryPoint\",\"urlTemplate\":\"https:\/\/shops-usa.com\/?s={search_term_string}\"},\"query-input\":{\"@type\":\"PropertyValueSpecification\",\"valueRequired\":true,\"valueName\":\"search_term_string\"}}],\"inLanguage\":\"et\"},{\"@type\":\"Organization\",\"@id\":\"https:\/\/shops-usa.com\/#organization\",\"name\":\"SHOPS USA\",\"alternateName\":\"SHOPS\",\"url\":\"https:\/\/shops-usa.com\/\",\"logo\":{\"@type\":\"ImageObject\",\"inLanguage\":\"et\",\"@id\":\"https:\/\/shops-usa.com\/#\/schema\/logo\/image\/\",\"url\":\"https:\/\/shops-usa.com\/wp-content\/uploads\/2025\/12\/letter_final_white-1.png\",\"contentUrl\":\"https:\/\/shops-usa.com\/wp-content\/uploads\/2025\/12\/letter_final_white-1.png\",\"width\":1711,\"height\":1949,\"caption\":\"SHOPS USA\"},\"image\":{\"@id\":\"https:\/\/shops-usa.com\/#\/schema\/logo\/image\/\"}}]}<\/script>\n<!-- \/ Yoast SEO plugin. -->","yoast_head_json":{"title":"\u041b\u0430\u0437\u0435\u0440\u043d\u043e\u0435 \u0443\u0441\u0442\u0440\u043e\u0439\u0441\u0442\u0432\u043e \u0438 \u0441\u0440\u0435\u0434\u0441\u0442\u0432\u043e \u0434\u043b\u044f \u0443\u0434\u0430\u043b\u0435\u043d\u0438\u044f \u0433\u0440\u0438\u0431\u043a\u0430 \u043d\u043e\u0433\u0442\u0435\u0439 (\u0421\u0428\u0410) Magnetoe - ShopsUSA","robots":{"index":"index","follow":"follow","max-snippet":"max-snippet:-1","max-image-preview":"max-image-preview:large","max-video-preview":"max-video-preview:-1"},"canonical":"https:\/\/shops-usa.com\/et\/toode\/lazernoe-ustrojstvo-i-sredstvo-dlya-udaleniya-gribka-nogtej-ssha-magnetoe\/?wmc-currency=EUR","og_locale":"et_EE","og_type":"article","og_title":"\u041b\u0430\u0437\u0435\u0440\u043d\u043e\u0435 \u0443\u0441\u0442\u0440\u043e\u0439\u0441\u0442\u0432\u043e \u0438 \u0441\u0440\u0435\u0434\u0441\u0442\u0432\u043e \u0434\u043b\u044f \u0443\u0434\u0430\u043b\u0435\u043d\u0438\u044f \u0433\u0440\u0438\u0431\u043a\u0430 \u043d\u043e\u0433\u0442\u0435\u0439 (\u0421\u0428\u0410) Magnetoe - ShopsUSA","og_description":"\u041b\u0430\u0437\u0435\u0440\u043d\u043e\u0435 \u0443\u0441\u0442\u0440\u043e\u0439\u0441\u0442\u0432\u043e \u0438 \u0441\u0440\u0435\u0434\u0441\u0442\u0432\u043e \u0434\u043b\u044f \u0443\u0434\u0430\u043b\u0435\u043d\u0438\u044f \u0433\u0440\u0438\u0431\u043a\u0430 \u043d\u043e\u0433\u0442\u0435\u0439. \u0411\u0435\u0437\u0431\u043e\u043b\u0435\u0437\u043d\u0435\u043d\u043d\u043e \u0443\u0441\u0442\u0440\u0430\u043d\u044f\u0435\u0442 \u0433\u0440\u0438\u0431\u043e\u043a \u043d\u043e\u0433\u0442\u0435\u0439, \u043d\u043e\u0433\u0442\u0435\u0432\u043e\u0433\u043e \u043b\u043e\u0436\u0430 \u0438 \u043a\u0443\u0442\u0438\u043a\u0443\u043b\u044b.","og_url":"https:\/\/shops-usa.com\/et\/toode\/lazernoe-ustrojstvo-i-sredstvo-dlya-udaleniya-gribka-nogtej-ssha-magnetoe\/?wmc-currency=EUR","og_site_name":"ShopsUSA","article_modified_time":"2026-02-06T16:55:45+00:00","og_image":[{"width":1600,"height":1600,"url":"https:\/\/shops-usa.com\/wp-content\/uploads\/2024\/12\/12.jpg","type":"image\/jpeg"}],"twitter_card":"summary_large_image","twitter_misc":{"Est. reading time":"1 minut"},"schema":{"@context":"https:\/\/schema.org","@graph":[{"@type":"WebPage","@id":"https:\/\/shops-usa.com\/product\/lazernoe-ustrojstvo-i-sredstvo-dlya-udaleniya-gribka-nogtej-ssha-magnetoe\/","url":"https:\/\/shops-usa.com\/product\/lazernoe-ustrojstvo-i-sredstvo-dlya-udaleniya-gribka-nogtej-ssha-magnetoe\/","name":"\u041b\u0430\u0437\u0435\u0440\u043d\u043e\u0435 \u0443\u0441\u0442\u0440\u043e\u0439\u0441\u0442\u0432\u043e \u0438 \u0441\u0440\u0435\u0434\u0441\u0442\u0432\u043e \u0434\u043b\u044f \u0443\u0434\u0430\u043b\u0435\u043d\u0438\u044f \u0433\u0440\u0438\u0431\u043a\u0430 \u043d\u043e\u0433\u0442\u0435\u0439 (\u0421\u0428\u0410) Magnetoe - ShopsUSA","isPartOf":{"@id":"https:\/\/shops-usa.com\/#website"},"primaryImageOfPage":{"@id":"https:\/\/shops-usa.com\/product\/lazernoe-ustrojstvo-i-sredstvo-dlya-udaleniya-gribka-nogtej-ssha-magnetoe\/#primaryimage"},"image":{"@id":"https:\/\/shops-usa.com\/product\/lazernoe-ustrojstvo-i-sredstvo-dlya-udaleniya-gribka-nogtej-ssha-magnetoe\/#primaryimage"},"thumbnailUrl":"https:\/\/shops-usa.com\/wp-content\/uploads\/2024\/12\/12.jpg","datePublished":"2024-12-18T14:34:17+00:00","dateModified":"2026-02-06T16:55:45+00:00","breadcrumb":{"@id":"https:\/\/shops-usa.com\/product\/lazernoe-ustrojstvo-i-sredstvo-dlya-udaleniya-gribka-nogtej-ssha-magnetoe\/#breadcrumb"},"inLanguage":"et","potentialAction":[{"@type":"ReadAction","target":["https:\/\/shops-usa.com\/product\/lazernoe-ustrojstvo-i-sredstvo-dlya-udaleniya-gribka-nogtej-ssha-magnetoe\/"]}]},{"@type":"ImageObject","inLanguage":"et","@id":"https:\/\/shops-usa.com\/product\/lazernoe-ustrojstvo-i-sredstvo-dlya-udaleniya-gribka-nogtej-ssha-magnetoe\/#primaryimage","url":"https:\/\/shops-usa.com\/wp-content\/uploads\/2024\/12\/12.jpg","contentUrl":"https:\/\/shops-usa.com\/wp-content\/uploads\/2024\/12\/12.jpg","width":1600,"height":1600},{"@type":"BreadcrumbList","@id":"https:\/\/shops-usa.com\/product\/lazernoe-ustrojstvo-i-sredstvo-dlya-udaleniya-gribka-nogtej-ssha-magnetoe\/#breadcrumb","itemListElement":[{"@type":"ListItem","position":1,"name":"Home","item":"https:\/\/shops-usa.com\/"},{"@type":"ListItem","position":2,"name":"\u041a\u0430\u0442\u0430\u043b\u043e\u0433","item":"https:\/\/shops-usa.com\/catalogue\/"},{"@type":"ListItem","position":3,"name":"\u041b\u0430\u0437\u0435\u0440\u043d\u043e\u0435 \u0443\u0441\u0442\u0440\u043e\u0439\u0441\u0442\u0432\u043e \u0438 \u0441\u0440\u0435\u0434\u0441\u0442\u0432\u043e \u0434\u043b\u044f \u0443\u0434\u0430\u043b\u0435\u043d\u0438\u044f \u0433\u0440\u0438\u0431\u043a\u0430 \u043d\u043e\u0433\u0442\u0435\u0439 (\u0421\u0428\u0410) Magnetoe"}]},{"@type":"WebSite","@id":"https:\/\/shops-usa.com\/#website","url":"https:\/\/shops-usa.com\/","name":"ShopsUSA","description":"Quality products from USA","publisher":{"@id":"https:\/\/shops-usa.com\/#organization"},"potentialAction":[{"@type":"SearchAction","target":{"@type":"EntryPoint","urlTemplate":"https:\/\/shops-usa.com\/?s={search_term_string}"},"query-input":{"@type":"PropertyValueSpecification","valueRequired":true,"valueName":"search_term_string"}}],"inLanguage":"et"},{"@type":"Organization","@id":"https:\/\/shops-usa.com\/#organization","name":"SHOPS USA","alternateName":"SHOPS","url":"https:\/\/shops-usa.com\/","logo":{"@type":"ImageObject","inLanguage":"et","@id":"https:\/\/shops-usa.com\/#\/schema\/logo\/image\/","url":"https:\/\/shops-usa.com\/wp-content\/uploads\/2025\/12\/letter_final_white-1.png","contentUrl":"https:\/\/shops-usa.com\/wp-content\/uploads\/2025\/12\/letter_final_white-1.png","width":1711,"height":1949,"caption":"SHOPS USA"},"image":{"@id":"https:\/\/shops-usa.com\/#\/schema\/logo\/image\/"}}]}},"_links":{"self":[{"href":"https:\/\/shops-usa.com\/et\/wp-json\/wp\/v2\/product\/48","targetHints":{"allow":["GET"]}}],"collection":[{"href":"https:\/\/shops-usa.com\/et\/wp-json\/wp\/v2\/product"}],"about":[{"href":"https:\/\/shops-usa.com\/et\/wp-json\/wp\/v2\/types\/product"}],"replies":[{"embeddable":true,"href":"https:\/\/shops-usa.com\/et\/wp-json\/wp\/v2\/comments?post=48"}],"wp:featuredmedia":[{"embeddable":true,"href":"https:\/\/shops-usa.com\/et\/wp-json\/wp\/v2\/media\/89"}],"wp:attachment":[{"href":"https:\/\/shops-usa.com\/et\/wp-json\/wp\/v2\/media?parent=48"}],"wp:term":[{"taxonomy":"product_brand","embeddable":true,"href":"https:\/\/shops-usa.com\/et\/wp-json\/wp\/v2\/product_brand?post=48"},{"taxonomy":"product_cat","embeddable":true,"href":"https:\/\/shops-usa.com\/et\/wp-json\/wp\/v2\/product_cat?post=48"},{"taxonomy":"product_tag","embeddable":true,"href":"https:\/\/shops-usa.com\/et\/wp-json\/wp\/v2\/product_tag?post=48"}],"curies":[{"name":"wp","href":"https:\/\/api.w.org\/{rel}","templated":true}]}}