{"id":65,"date":"2024-12-18T14:34:19","date_gmt":"2024-12-18T14:34:19","guid":{"rendered":"https:\/\/shops-usa.com\/?post_type=product&#038;p=65"},"modified":"2024-12-18T14:36:47","modified_gmt":"2024-12-18T14:36:47","slug":"nasadka-dlya-nuface-trinity-effective-lip-eye-ele","status":"publish","type":"product","link":"https:\/\/shops-usa.com\/cs\/produkt\/nasadka-dlya-nuface-trinity-effective-lip-eye-ele\/","title":{"rendered":"N\u00e1stavec pro NuFace TRINITY Effective Lip &amp; Eye (ELE)"},"content":{"rendered":"<p>N\u00e1stavec NuFace ELE na rty a o\u010dn\u00ed okol\u00ed je n\u00e1stavec pro mikroproudov\u00e9 za\u0159\u00edzen\u00ed NuFACE Trinity, kter\u00e9 pom\u00e1h\u00e1 zpevnit, tonizovat a zlep\u0161it vzhled pleti. Poskytuje c\u00edlenou mikroproudovou terapii pro jemn\u00e9 linky a vr\u00e1sky kolem o\u010d\u00ed a \u00fast. N\u00e1stavec dod\u00e1v\u00e1 mikroproud do t\u011b\u017eko dostupn\u00fdch oblast\u00ed obli\u010deje. Zlep\u0161uje kontury obli\u010deje, vyhlazuje mimick\u00e9 vr\u00e1sky, vr\u00e1sky kolem o\u010d\u00ed a nasolabi\u00e1ln\u00ed r\u00fdhy. P\u0159\u00edstroj Trinity se prod\u00e1v\u00e1 samostatn\u011b.<\/p>","protected":false},"excerpt":{"rendered":"<p>NuFace ELE \u043d\u0430\u0441\u0430\u0434\u043a\u0430 \u0434\u043b\u044f \u0433\u0443\u0431 \u0438 \u0433\u043b\u0430\u0437 \u044d\u0442\u043e \u043d\u0430\u0441\u0430\u0434\u043a\u0430 \u0434\u043b\u044f \u043c\u0438\u043a\u0440\u043e\u0442\u043e\u043a\u043e\u0432\u043e\u0433\u043e \u043f\u0440\u0438\u0431\u043e\u0440\u0430 NuFACE Trinity, \u043a\u043e\u0442\u043e\u0440\u0430\u044f \u043f\u043e\u043c\u043e\u0433\u0430\u0435\u0442 \u043f\u043e\u0434\u0442\u044f\u0433\u0438\u0432\u0430\u0442\u044c, \u0442\u043e\u043d\u0438\u0437\u0438\u0440\u043e\u0432\u0430\u0442\u044c \u0438 \u0443\u043b\u0443\u0447\u0448\u0430\u0442\u044c \u0432\u0438\u0434 \u043a\u043e\u0436\u0438. \u0422\u043e\u0447\u0435\u0447\u043d\u0430\u044f \u043c\u0438\u043a\u0440\u043e\u0442\u043e\u043a\u043e\u0432\u0430\u044f \u0442\u0435\u0440\u0430\u043f\u0438\u044f \u0434\u043b\u044f \u0442\u043e\u043d\u043a\u0438\u0445 \u0441\u043a\u043b\u0430\u0434\u043e\u043a \u0438 \u043c\u043e\u0440\u0449\u0438\u043d \u0432\u043e\u043a\u0440\u0443\u0433 \u0433\u043b\u0430\u0437 \u0438 \u0440\u0442\u0430. \u041d\u0430\u0441\u0430\u0434\u043a\u0430 \u043f\u043e\u0434\u0430\u0435\u0442 \u043c\u0438\u043a\u0440\u043e\u0442\u043e\u043a \u0432 \u0442\u0440\u0443\u0434\u043d\u043e\u0434\u043e\u0441\u0442\u0443\u043f\u043d\u044b\u0435 \u0443\u0447\u0430\u0441\u0442\u043a\u0438 \u043b\u0438\u0446\u0430. \u0423\u043b\u0443\u0447\u0448\u0430\u0435\u0442 \u043a\u043e\u043d\u0442\u0443\u0440 \u043b\u0438\u0446\u0430, \u0441\u0433\u043b\u0430\u0436\u0438\u0432\u0430\u044f \u043c\u0438\u043c\u0438\u0447\u0435\u0441\u043a\u0438\u0435 \u043c\u043e\u0440\u0449\u0438\u043d\u043a\u0438, \u043a\u0438\u0441\u0435\u0442\u043d\u044b\u0435 \u043c\u043e\u0440\u0449\u0438\u043d\u043a\u0438, \u0433\u0443\u0441\u0438\u043d\u044b\u0435 \u043a\u0430\u0432\u044b\u0447\u043a\u0438 \u0438 \u043d\u043e\u0441\u043e\u0433\u0443\u0431\u043d\u044b\u0435 \u0441\u043a\u043b\u0430\u0434\u043a\u0438 \u0443\u043b\u044b\u0431\u043a\u0438. [&hellip;]<\/p>","protected":false},"featured_media":148,"comment_status":"open","ping_status":"closed","template":"","meta":[],"product_brand":[],"product_cat":[29],"product_tag":[],"class_list":{"0":"post-65","1":"product","2":"type-product","3":"status-publish","4":"has-post-thumbnail","6":"product_cat-nuface","8":"first","9":"instock","10":"sale","11":"shipping-taxable","12":"purchasable","13":"product-type-simple"},"yoast_head":"<!-- This site is optimized with the Yoast SEO plugin v26.6 - https:\/\/yoast.com\/wordpress\/plugins\/seo\/ -->\n<title>\u041d\u0430\u0441\u0430\u0434\u043a\u0430 \u0434\u043b\u044f NuFace TRINITY Effective Lip &amp; Eye (ELE) - ShopsUSA<\/title>\n<meta name=\"robots\" content=\"index, follow, max-snippet:-1, max-image-preview:large, max-video-preview:-1\" \/>\n<link rel=\"canonical\" href=\"https:\/\/shops-usa.com\/cs\/produkt\/nasadka-dlya-nuface-trinity-effective-lip-eye-ele\/?wmc-currency=CZK\" \/>\n<meta property=\"og:locale\" content=\"cs_CZ\" \/>\n<meta property=\"og:type\" content=\"article\" \/>\n<meta property=\"og:title\" content=\"\u041d\u0430\u0441\u0430\u0434\u043a\u0430 \u0434\u043b\u044f NuFace TRINITY Effective Lip &amp; Eye (ELE) - ShopsUSA\" \/>\n<meta property=\"og:description\" content=\"NuFace ELE \u043d\u0430\u0441\u0430\u0434\u043a\u0430 \u0434\u043b\u044f \u0433\u0443\u0431 \u0438 \u0433\u043b\u0430\u0437 \u044d\u0442\u043e \u043d\u0430\u0441\u0430\u0434\u043a\u0430 \u0434\u043b\u044f \u043c\u0438\u043a\u0440\u043e\u0442\u043e\u043a\u043e\u0432\u043e\u0433\u043e \u043f\u0440\u0438\u0431\u043e\u0440\u0430 NuFACE Trinity, \u043a\u043e\u0442\u043e\u0440\u0430\u044f \u043f\u043e\u043c\u043e\u0433\u0430\u0435\u0442 \u043f\u043e\u0434\u0442\u044f\u0433\u0438\u0432\u0430\u0442\u044c, \u0442\u043e\u043d\u0438\u0437\u0438\u0440\u043e\u0432\u0430\u0442\u044c \u0438 \u0443\u043b\u0443\u0447\u0448\u0430\u0442\u044c \u0432\u0438\u0434 \u043a\u043e\u0436\u0438. \u0422\u043e\u0447\u0435\u0447\u043d\u0430\u044f \u043c\u0438\u043a\u0440\u043e\u0442\u043e\u043a\u043e\u0432\u0430\u044f \u0442\u0435\u0440\u0430\u043f\u0438\u044f \u0434\u043b\u044f \u0442\u043e\u043d\u043a\u0438\u0445 \u0441\u043a\u043b\u0430\u0434\u043e\u043a \u0438 \u043c\u043e\u0440\u0449\u0438\u043d \u0432\u043e\u043a\u0440\u0443\u0433 \u0433\u043b\u0430\u0437 \u0438 \u0440\u0442\u0430. \u041d\u0430\u0441\u0430\u0434\u043a\u0430 \u043f\u043e\u0434\u0430\u0435\u0442 \u043c\u0438\u043a\u0440\u043e\u0442\u043e\u043a \u0432 \u0442\u0440\u0443\u0434\u043d\u043e\u0434\u043e\u0441\u0442\u0443\u043f\u043d\u044b\u0435 \u0443\u0447\u0430\u0441\u0442\u043a\u0438 \u043b\u0438\u0446\u0430. \u0423\u043b\u0443\u0447\u0448\u0430\u0435\u0442 \u043a\u043e\u043d\u0442\u0443\u0440 \u043b\u0438\u0446\u0430, \u0441\u0433\u043b\u0430\u0436\u0438\u0432\u0430\u044f \u043c\u0438\u043c\u0438\u0447\u0435\u0441\u043a\u0438\u0435 \u043c\u043e\u0440\u0449\u0438\u043d\u043a\u0438, \u043a\u0438\u0441\u0435\u0442\u043d\u044b\u0435 \u043c\u043e\u0440\u0449\u0438\u043d\u043a\u0438, \u0433\u0443\u0441\u0438\u043d\u044b\u0435 \u043a\u0430\u0432\u044b\u0447\u043a\u0438 \u0438 \u043d\u043e\u0441\u043e\u0433\u0443\u0431\u043d\u044b\u0435 \u0441\u043a\u043b\u0430\u0434\u043a\u0438 \u0443\u043b\u044b\u0431\u043a\u0438. [&hellip;]\" \/>\n<meta property=\"og:url\" content=\"https:\/\/shops-usa.com\/cs\/produkt\/nasadka-dlya-nuface-trinity-effective-lip-eye-ele\/?wmc-currency=CZK\" \/>\n<meta property=\"og:site_name\" content=\"ShopsUSA\" \/>\n<meta property=\"article:modified_time\" content=\"2024-12-18T14:36:47+00:00\" \/>\n<meta property=\"og:image\" content=\"https:\/\/shops-usa.com\/wp-content\/uploads\/2024\/12\/26.jpg\" \/>\n\t<meta property=\"og:image:width\" content=\"1024\" \/>\n\t<meta property=\"og:image:height\" content=\"1024\" \/>\n\t<meta property=\"og:image:type\" content=\"image\/jpeg\" \/>\n<meta name=\"twitter:card\" content=\"summary_large_image\" \/>\n<script type=\"application\/ld+json\" class=\"yoast-schema-graph\">{\"@context\":\"https:\/\/schema.org\",\"@graph\":[{\"@type\":\"WebPage\",\"@id\":\"https:\/\/shops-usa.com\/product\/nasadka-dlya-nuface-trinity-effective-lip-eye-ele\/\",\"url\":\"https:\/\/shops-usa.com\/product\/nasadka-dlya-nuface-trinity-effective-lip-eye-ele\/\",\"name\":\"\u041d\u0430\u0441\u0430\u0434\u043a\u0430 \u0434\u043b\u044f NuFace TRINITY Effective Lip & Eye (ELE) - ShopsUSA\",\"isPartOf\":{\"@id\":\"https:\/\/shops-usa.com\/#website\"},\"primaryImageOfPage\":{\"@id\":\"https:\/\/shops-usa.com\/product\/nasadka-dlya-nuface-trinity-effective-lip-eye-ele\/#primaryimage\"},\"image\":{\"@id\":\"https:\/\/shops-usa.com\/product\/nasadka-dlya-nuface-trinity-effective-lip-eye-ele\/#primaryimage\"},\"thumbnailUrl\":\"https:\/\/shops-usa.com\/wp-content\/uploads\/2024\/12\/26.jpg\",\"datePublished\":\"2024-12-18T14:34:19+00:00\",\"dateModified\":\"2024-12-18T14:36:47+00:00\",\"breadcrumb\":{\"@id\":\"https:\/\/shops-usa.com\/product\/nasadka-dlya-nuface-trinity-effective-lip-eye-ele\/#breadcrumb\"},\"inLanguage\":\"cs\",\"potentialAction\":[{\"@type\":\"ReadAction\",\"target\":[\"https:\/\/shops-usa.com\/product\/nasadka-dlya-nuface-trinity-effective-lip-eye-ele\/\"]}]},{\"@type\":\"ImageObject\",\"inLanguage\":\"cs\",\"@id\":\"https:\/\/shops-usa.com\/product\/nasadka-dlya-nuface-trinity-effective-lip-eye-ele\/#primaryimage\",\"url\":\"https:\/\/shops-usa.com\/wp-content\/uploads\/2024\/12\/26.jpg\",\"contentUrl\":\"https:\/\/shops-usa.com\/wp-content\/uploads\/2024\/12\/26.jpg\",\"width\":1024,\"height\":1024},{\"@type\":\"BreadcrumbList\",\"@id\":\"https:\/\/shops-usa.com\/product\/nasadka-dlya-nuface-trinity-effective-lip-eye-ele\/#breadcrumb\",\"itemListElement\":[{\"@type\":\"ListItem\",\"position\":1,\"name\":\"Home\",\"item\":\"https:\/\/shops-usa.com\/\"},{\"@type\":\"ListItem\",\"position\":2,\"name\":\"\u041a\u0430\u0442\u0430\u043b\u043e\u0433\",\"item\":\"https:\/\/shops-usa.com\/catalogue\/\"},{\"@type\":\"ListItem\",\"position\":3,\"name\":\"\u041d\u0430\u0441\u0430\u0434\u043a\u0430 \u0434\u043b\u044f NuFace TRINITY Effective Lip &#038; Eye (ELE)\"}]},{\"@type\":\"WebSite\",\"@id\":\"https:\/\/shops-usa.com\/#website\",\"url\":\"https:\/\/shops-usa.com\/\",\"name\":\"ShopsUSA\",\"description\":\"Quality products from USA\",\"publisher\":{\"@id\":\"https:\/\/shops-usa.com\/#organization\"},\"potentialAction\":[{\"@type\":\"SearchAction\",\"target\":{\"@type\":\"EntryPoint\",\"urlTemplate\":\"https:\/\/shops-usa.com\/?s={search_term_string}\"},\"query-input\":{\"@type\":\"PropertyValueSpecification\",\"valueRequired\":true,\"valueName\":\"search_term_string\"}}],\"inLanguage\":\"cs\"},{\"@type\":\"Organization\",\"@id\":\"https:\/\/shops-usa.com\/#organization\",\"name\":\"SHOPS USA\",\"alternateName\":\"SHOPS\",\"url\":\"https:\/\/shops-usa.com\/\",\"logo\":{\"@type\":\"ImageObject\",\"inLanguage\":\"cs\",\"@id\":\"https:\/\/shops-usa.com\/#\/schema\/logo\/image\/\",\"url\":\"https:\/\/shops-usa.com\/wp-content\/uploads\/2025\/12\/letter_final_white-1.png\",\"contentUrl\":\"https:\/\/shops-usa.com\/wp-content\/uploads\/2025\/12\/letter_final_white-1.png\",\"width\":1711,\"height\":1949,\"caption\":\"SHOPS USA\"},\"image\":{\"@id\":\"https:\/\/shops-usa.com\/#\/schema\/logo\/image\/\"}}]}<\/script>\n<!-- \/ Yoast SEO plugin. -->","yoast_head_json":{"title":"\u041d\u0430\u0441\u0430\u0434\u043a\u0430 \u0434\u043b\u044f NuFace TRINITY Effective Lip & Eye (ELE) - ShopsUSA","robots":{"index":"index","follow":"follow","max-snippet":"max-snippet:-1","max-image-preview":"max-image-preview:large","max-video-preview":"max-video-preview:-1"},"canonical":"https:\/\/shops-usa.com\/cs\/produkt\/nasadka-dlya-nuface-trinity-effective-lip-eye-ele\/?wmc-currency=CZK","og_locale":"cs_CZ","og_type":"article","og_title":"\u041d\u0430\u0441\u0430\u0434\u043a\u0430 \u0434\u043b\u044f NuFace TRINITY Effective Lip & Eye (ELE) - ShopsUSA","og_description":"NuFace ELE \u043d\u0430\u0441\u0430\u0434\u043a\u0430 \u0434\u043b\u044f \u0433\u0443\u0431 \u0438 \u0433\u043b\u0430\u0437 \u044d\u0442\u043e \u043d\u0430\u0441\u0430\u0434\u043a\u0430 \u0434\u043b\u044f \u043c\u0438\u043a\u0440\u043e\u0442\u043e\u043a\u043e\u0432\u043e\u0433\u043e \u043f\u0440\u0438\u0431\u043e\u0440\u0430 NuFACE Trinity, \u043a\u043e\u0442\u043e\u0440\u0430\u044f \u043f\u043e\u043c\u043e\u0433\u0430\u0435\u0442 \u043f\u043e\u0434\u0442\u044f\u0433\u0438\u0432\u0430\u0442\u044c, \u0442\u043e\u043d\u0438\u0437\u0438\u0440\u043e\u0432\u0430\u0442\u044c \u0438 \u0443\u043b\u0443\u0447\u0448\u0430\u0442\u044c \u0432\u0438\u0434 \u043a\u043e\u0436\u0438. \u0422\u043e\u0447\u0435\u0447\u043d\u0430\u044f \u043c\u0438\u043a\u0440\u043e\u0442\u043e\u043a\u043e\u0432\u0430\u044f \u0442\u0435\u0440\u0430\u043f\u0438\u044f \u0434\u043b\u044f \u0442\u043e\u043d\u043a\u0438\u0445 \u0441\u043a\u043b\u0430\u0434\u043e\u043a \u0438 \u043c\u043e\u0440\u0449\u0438\u043d \u0432\u043e\u043a\u0440\u0443\u0433 \u0433\u043b\u0430\u0437 \u0438 \u0440\u0442\u0430. \u041d\u0430\u0441\u0430\u0434\u043a\u0430 \u043f\u043e\u0434\u0430\u0435\u0442 \u043c\u0438\u043a\u0440\u043e\u0442\u043e\u043a \u0432 \u0442\u0440\u0443\u0434\u043d\u043e\u0434\u043e\u0441\u0442\u0443\u043f\u043d\u044b\u0435 \u0443\u0447\u0430\u0441\u0442\u043a\u0438 \u043b\u0438\u0446\u0430. \u0423\u043b\u0443\u0447\u0448\u0430\u0435\u0442 \u043a\u043e\u043d\u0442\u0443\u0440 \u043b\u0438\u0446\u0430, \u0441\u0433\u043b\u0430\u0436\u0438\u0432\u0430\u044f \u043c\u0438\u043c\u0438\u0447\u0435\u0441\u043a\u0438\u0435 \u043c\u043e\u0440\u0449\u0438\u043d\u043a\u0438, \u043a\u0438\u0441\u0435\u0442\u043d\u044b\u0435 \u043c\u043e\u0440\u0449\u0438\u043d\u043a\u0438, \u0433\u0443\u0441\u0438\u043d\u044b\u0435 \u043a\u0430\u0432\u044b\u0447\u043a\u0438 \u0438 \u043d\u043e\u0441\u043e\u0433\u0443\u0431\u043d\u044b\u0435 \u0441\u043a\u043b\u0430\u0434\u043a\u0438 \u0443\u043b\u044b\u0431\u043a\u0438. [&hellip;]","og_url":"https:\/\/shops-usa.com\/cs\/produkt\/nasadka-dlya-nuface-trinity-effective-lip-eye-ele\/?wmc-currency=CZK","og_site_name":"ShopsUSA","article_modified_time":"2024-12-18T14:36:47+00:00","og_image":[{"width":1024,"height":1024,"url":"https:\/\/shops-usa.com\/wp-content\/uploads\/2024\/12\/26.jpg","type":"image\/jpeg"}],"twitter_card":"summary_large_image","schema":{"@context":"https:\/\/schema.org","@graph":[{"@type":"WebPage","@id":"https:\/\/shops-usa.com\/product\/nasadka-dlya-nuface-trinity-effective-lip-eye-ele\/","url":"https:\/\/shops-usa.com\/product\/nasadka-dlya-nuface-trinity-effective-lip-eye-ele\/","name":"\u041d\u0430\u0441\u0430\u0434\u043a\u0430 \u0434\u043b\u044f NuFace TRINITY Effective Lip & Eye (ELE) - ShopsUSA","isPartOf":{"@id":"https:\/\/shops-usa.com\/#website"},"primaryImageOfPage":{"@id":"https:\/\/shops-usa.com\/product\/nasadka-dlya-nuface-trinity-effective-lip-eye-ele\/#primaryimage"},"image":{"@id":"https:\/\/shops-usa.com\/product\/nasadka-dlya-nuface-trinity-effective-lip-eye-ele\/#primaryimage"},"thumbnailUrl":"https:\/\/shops-usa.com\/wp-content\/uploads\/2024\/12\/26.jpg","datePublished":"2024-12-18T14:34:19+00:00","dateModified":"2024-12-18T14:36:47+00:00","breadcrumb":{"@id":"https:\/\/shops-usa.com\/product\/nasadka-dlya-nuface-trinity-effective-lip-eye-ele\/#breadcrumb"},"inLanguage":"cs","potentialAction":[{"@type":"ReadAction","target":["https:\/\/shops-usa.com\/product\/nasadka-dlya-nuface-trinity-effective-lip-eye-ele\/"]}]},{"@type":"ImageObject","inLanguage":"cs","@id":"https:\/\/shops-usa.com\/product\/nasadka-dlya-nuface-trinity-effective-lip-eye-ele\/#primaryimage","url":"https:\/\/shops-usa.com\/wp-content\/uploads\/2024\/12\/26.jpg","contentUrl":"https:\/\/shops-usa.com\/wp-content\/uploads\/2024\/12\/26.jpg","width":1024,"height":1024},{"@type":"BreadcrumbList","@id":"https:\/\/shops-usa.com\/product\/nasadka-dlya-nuface-trinity-effective-lip-eye-ele\/#breadcrumb","itemListElement":[{"@type":"ListItem","position":1,"name":"Home","item":"https:\/\/shops-usa.com\/"},{"@type":"ListItem","position":2,"name":"\u041a\u0430\u0442\u0430\u043b\u043e\u0433","item":"https:\/\/shops-usa.com\/catalogue\/"},{"@type":"ListItem","position":3,"name":"\u041d\u0430\u0441\u0430\u0434\u043a\u0430 \u0434\u043b\u044f NuFace TRINITY Effective Lip &#038; Eye (ELE)"}]},{"@type":"WebSite","@id":"https:\/\/shops-usa.com\/#website","url":"https:\/\/shops-usa.com\/","name":"ShopsUSA","description":"Quality products from USA","publisher":{"@id":"https:\/\/shops-usa.com\/#organization"},"potentialAction":[{"@type":"SearchAction","target":{"@type":"EntryPoint","urlTemplate":"https:\/\/shops-usa.com\/?s={search_term_string}"},"query-input":{"@type":"PropertyValueSpecification","valueRequired":true,"valueName":"search_term_string"}}],"inLanguage":"cs"},{"@type":"Organization","@id":"https:\/\/shops-usa.com\/#organization","name":"SHOPS USA","alternateName":"SHOPS","url":"https:\/\/shops-usa.com\/","logo":{"@type":"ImageObject","inLanguage":"cs","@id":"https:\/\/shops-usa.com\/#\/schema\/logo\/image\/","url":"https:\/\/shops-usa.com\/wp-content\/uploads\/2025\/12\/letter_final_white-1.png","contentUrl":"https:\/\/shops-usa.com\/wp-content\/uploads\/2025\/12\/letter_final_white-1.png","width":1711,"height":1949,"caption":"SHOPS USA"},"image":{"@id":"https:\/\/shops-usa.com\/#\/schema\/logo\/image\/"}}]}},"_links":{"self":[{"href":"https:\/\/shops-usa.com\/cs\/wp-json\/wp\/v2\/product\/65","targetHints":{"allow":["GET"]}}],"collection":[{"href":"https:\/\/shops-usa.com\/cs\/wp-json\/wp\/v2\/product"}],"about":[{"href":"https:\/\/shops-usa.com\/cs\/wp-json\/wp\/v2\/types\/product"}],"replies":[{"embeddable":true,"href":"https:\/\/shops-usa.com\/cs\/wp-json\/wp\/v2\/comments?post=65"}],"wp:featuredmedia":[{"embeddable":true,"href":"https:\/\/shops-usa.com\/cs\/wp-json\/wp\/v2\/media\/148"}],"wp:attachment":[{"href":"https:\/\/shops-usa.com\/cs\/wp-json\/wp\/v2\/media?parent=65"}],"wp:term":[{"taxonomy":"product_brand","embeddable":true,"href":"https:\/\/shops-usa.com\/cs\/wp-json\/wp\/v2\/product_brand?post=65"},{"taxonomy":"product_cat","embeddable":true,"href":"https:\/\/shops-usa.com\/cs\/wp-json\/wp\/v2\/product_cat?post=65"},{"taxonomy":"product_tag","embeddable":true,"href":"https:\/\/shops-usa.com\/cs\/wp-json\/wp\/v2\/product_tag?post=65"}],"curies":[{"name":"wp","href":"https:\/\/api.w.org\/{rel}","templated":true}]}}