{"id":58,"date":"2024-12-18T14:34:18","date_gmt":"2024-12-18T14:34:18","guid":{"rendered":"https:\/\/shops-usa.com\/?post_type=product&#038;p=58"},"modified":"2025-09-23T11:38:06","modified_gmt":"2025-09-23T11:38:06","slug":"lazernaya-rascheska-dlya-rosta-volos-ssha-hairmax-ultima-12","status":"publish","type":"product","link":"https:\/\/shops-usa.com\/cs\/produkt\/lazernaya-rascheska-dlya-rosta-volos-ssha-hairmax-ultima-12\/","title":{"rendered":"HairMax Ultima 12 (USA) Laserov\u00fd h\u0159eben pro r\u016fst chloupk\u016f"},"content":{"rendered":"<p>Obnova vlas\u016f: Laserov\u00e1 l\u00e9\u010dba vyu\u017e\u00edv\u00e1 fotobiostimulaci, co\u017e je n\u00edzko\u00farov\u0148ov\u00e1 laserov\u00e1 terapie (LLLT), kter\u00e1 dod\u00e1v\u00e1 kysl\u00edk a \u017eiviny do vlasov\u00fdch folikul\u016f, aktivuje je a podporuje siln\u011bj\u0161\u00ed r\u016fst vlas\u016f. Laserov\u00fd h\u0159eben HairMax je schv\u00e1len 8 certifik\u00e1ty FDA, 7 klinick\u00fdmi studiemi, 14 mezin\u00e1rodn\u00edmi l\u00e9ka\u0159sk\u00fdmi licencemi a 6 publikovan\u00fdmi l\u00e9ka\u0159sk\u00fdmi \u010dasopisy. Klinicky bylo prok\u00e1z\u00e1no, \u017ee laserov\u00e9 za\u0159\u00edzen\u00ed HairMax obnovuje r\u016fst vlas\u016f, s pr\u016fm\u011brn\u00fdm n\u00e1r\u016fstem o 15 dal\u0161\u00edch vlas\u016f na centimetr \u010dtvere\u010dn\u00ed po \u0161esti m\u011bs\u00edc\u00edch pravideln\u00e9ho pou\u017e\u00edv\u00e1n\u00ed. Je extr\u00e9mn\u011b pohodln\u00e9 a p\u0159enosn\u00e9, je ur\u010deno pro pou\u017eit\u00ed doma i na cest\u00e1ch. Lehk\u00e1 baterie poskytuje dlouhou v\u00fddr\u017e a snadno se p\u0159en\u00e1\u0161\u00ed. Snadno se ovl\u00e1d\u00e1. Sou\u010d\u00e1st\u00ed balen\u00ed je nab\u00edjec\u00ed stojan, baterie, nap\u00e1jec\u00ed kabel, u\u017eivatelsk\u00e1 p\u0159\u00edru\u010dka a z\u00e1ruka na za\u0159\u00edzen\u00ed. Doporu\u010deno l\u00e9ka\u0159i: v klinick\u00fdch studi\u00edch u\u017eivatel\u00e9 zaznamenali viditeln\u00e9 v\u00fdsledky ji\u017e za 3\u20136 m\u011bs\u00edc\u016f. Spole\u010dnost HairMax, zalo\u017een\u00e1 v roce 2000, prodala po cel\u00e9m sv\u011bt\u011b p\u0159es 1,8 milionu za\u0159\u00edzen\u00ed a je sv\u011btov\u00fdm l\u00eddrem a pr\u016fkopn\u00edkem v laserov\u00e9 terapii r\u016fstu vlas\u016f. L\u00e9ka\u0159i doporu\u010duj\u00ed laserov\u00e9 p\u0159\u00edstroje HairMax k l\u00e9\u010db\u011b androgenetick\u00e9 alopecie, kter\u00e1 zahrnuje d\u011bdi\u010dnou ple\u0161atost, ple\u0161atost mu\u017esk\u00e9ho a \u017eensk\u00e9ho typu, menopauz\u00e1ln\u00ed ple\u0161atost, alopecii areata a v\u011bkem podm\u00edn\u011bn\u00e9 vypad\u00e1v\u00e1n\u00ed a \u0159\u00eddnut\u00ed vlas\u016f.<\/p>","protected":false},"excerpt":{"rendered":"<p>Laserov\u00fd h\u0159eben na r\u016fst vlas\u016f. Laserov\u00e1 l\u00e9\u010dba zahrnuje fotobiostimulaci, co\u017e je n\u00edzko\u00farov\u0148ov\u00e1 laserov\u00e1 terapie.<\/p>","protected":false},"featured_media":767,"comment_status":"open","ping_status":"closed","template":"","meta":[],"product_brand":[],"product_cat":[28],"product_tag":[],"class_list":{"0":"post-58","1":"product","2":"type-product","3":"status-publish","4":"has-post-thumbnail","6":"product_cat-hairmax","8":"first","9":"instock","10":"sale","11":"shipping-taxable","12":"purchasable","13":"product-type-simple"},"yoast_head":"<!-- This site is optimized with the Yoast SEO plugin v26.6 - https:\/\/yoast.com\/wordpress\/plugins\/seo\/ -->\n<title>HairMax Ultima 12 (\u0421\u0428\u0410) \u041b\u0430\u0437\u0435\u0440\u043d\u0430\u044f \u0440\u0430\u0441\u0447\u0435\u0441\u043a\u0430 \u0434\u043b\u044f \u0440\u043e\u0441\u0442\u0430 \u0432\u043e\u043b\u043e\u0441 - ShopsUSA<\/title>\n<meta name=\"robots\" content=\"index, follow, max-snippet:-1, max-image-preview:large, max-video-preview:-1\" \/>\n<link rel=\"canonical\" href=\"https:\/\/shops-usa.com\/cs\/produkt\/lazernaya-rascheska-dlya-rosta-volos-ssha-hairmax-ultima-12\/?wmc-currency=CZK\" \/>\n<meta property=\"og:locale\" content=\"cs_CZ\" \/>\n<meta property=\"og:type\" content=\"article\" \/>\n<meta property=\"og:title\" content=\"HairMax Ultima 12 (\u0421\u0428\u0410) \u041b\u0430\u0437\u0435\u0440\u043d\u0430\u044f \u0440\u0430\u0441\u0447\u0435\u0441\u043a\u0430 \u0434\u043b\u044f \u0440\u043e\u0441\u0442\u0430 \u0432\u043e\u043b\u043e\u0441 - ShopsUSA\" \/>\n<meta property=\"og:description\" content=\"\u041b\u0430\u0437\u0435\u0440\u043d\u0430\u044f \u0440\u0430\u0441\u0447\u0435\u0441\u043a\u0430 \u0434\u043b\u044f \u0440\u043e\u0441\u0442\u0430 \u0432\u043e\u043b\u043e\u0441. \u041b\u0430\u0437\u0435\u0440\u043d\u043e\u0435 \u043b\u0435\u0447\u0435\u043d\u0438\u0435 \u043f\u0440\u043e\u0445\u043e\u0434\u0438\u0442 \u0447\u0435\u0440\u0435\u0437 \u043f\u0440\u043e\u0446\u0435\u0441\u0441 \u0444\u043e\u0442\u043e\u0431\u0438\u043e\u0441\u0442\u0438\u043c\u0443\u043b\u044f\u0446\u0438\u0438, \u043e\u0431\u0435\u0441\u043f\u0435\u0447\u0438\u0432\u0430\u044f \u043d\u0438\u0437\u043a\u043e\u0443\u0440\u043e\u0432\u043d\u0435\u0432\u0443\u044e \u043b\u0430\u0437\u0435\u0440\u043d\u0443\u044e \u0442\u0435\u0440\u0430\u043f\u0438\u044e.\" \/>\n<meta property=\"og:url\" content=\"https:\/\/shops-usa.com\/cs\/produkt\/lazernaya-rascheska-dlya-rosta-volos-ssha-hairmax-ultima-12\/?wmc-currency=CZK\" \/>\n<meta property=\"og:site_name\" content=\"ShopsUSA\" \/>\n<meta property=\"article:modified_time\" content=\"2025-09-23T11:38:06+00:00\" \/>\n<meta property=\"og:image\" content=\"https:\/\/shops-usa.com\/wp-content\/uploads\/2024\/12\/42.png\" \/>\n\t<meta property=\"og:image:width\" content=\"750\" \/>\n\t<meta property=\"og:image:height\" content=\"750\" \/>\n\t<meta property=\"og:image:type\" content=\"image\/png\" \/>\n<meta name=\"twitter:card\" content=\"summary_large_image\" \/>\n<script type=\"application\/ld+json\" class=\"yoast-schema-graph\">{\"@context\":\"https:\/\/schema.org\",\"@graph\":[{\"@type\":\"WebPage\",\"@id\":\"https:\/\/shops-usa.com\/product\/lazernaya-rascheska-dlya-rosta-volos-ssha-hairmax-ultima-12\/\",\"url\":\"https:\/\/shops-usa.com\/product\/lazernaya-rascheska-dlya-rosta-volos-ssha-hairmax-ultima-12\/\",\"name\":\"HairMax Ultima 12 (\u0421\u0428\u0410) \u041b\u0430\u0437\u0435\u0440\u043d\u0430\u044f \u0440\u0430\u0441\u0447\u0435\u0441\u043a\u0430 \u0434\u043b\u044f \u0440\u043e\u0441\u0442\u0430 \u0432\u043e\u043b\u043e\u0441 - ShopsUSA\",\"isPartOf\":{\"@id\":\"https:\/\/shops-usa.com\/#website\"},\"primaryImageOfPage\":{\"@id\":\"https:\/\/shops-usa.com\/product\/lazernaya-rascheska-dlya-rosta-volos-ssha-hairmax-ultima-12\/#primaryimage\"},\"image\":{\"@id\":\"https:\/\/shops-usa.com\/product\/lazernaya-rascheska-dlya-rosta-volos-ssha-hairmax-ultima-12\/#primaryimage\"},\"thumbnailUrl\":\"https:\/\/shops-usa.com\/wp-content\/uploads\/2024\/12\/42.png\",\"datePublished\":\"2024-12-18T14:34:18+00:00\",\"dateModified\":\"2025-09-23T11:38:06+00:00\",\"breadcrumb\":{\"@id\":\"https:\/\/shops-usa.com\/product\/lazernaya-rascheska-dlya-rosta-volos-ssha-hairmax-ultima-12\/#breadcrumb\"},\"inLanguage\":\"cs\",\"potentialAction\":[{\"@type\":\"ReadAction\",\"target\":[\"https:\/\/shops-usa.com\/product\/lazernaya-rascheska-dlya-rosta-volos-ssha-hairmax-ultima-12\/\"]}]},{\"@type\":\"ImageObject\",\"inLanguage\":\"cs\",\"@id\":\"https:\/\/shops-usa.com\/product\/lazernaya-rascheska-dlya-rosta-volos-ssha-hairmax-ultima-12\/#primaryimage\",\"url\":\"https:\/\/shops-usa.com\/wp-content\/uploads\/2024\/12\/42.png\",\"contentUrl\":\"https:\/\/shops-usa.com\/wp-content\/uploads\/2024\/12\/42.png\",\"width\":750,\"height\":750},{\"@type\":\"BreadcrumbList\",\"@id\":\"https:\/\/shops-usa.com\/product\/lazernaya-rascheska-dlya-rosta-volos-ssha-hairmax-ultima-12\/#breadcrumb\",\"itemListElement\":[{\"@type\":\"ListItem\",\"position\":1,\"name\":\"Home\",\"item\":\"https:\/\/shops-usa.com\/\"},{\"@type\":\"ListItem\",\"position\":2,\"name\":\"\u041a\u0430\u0442\u0430\u043b\u043e\u0433\",\"item\":\"https:\/\/shops-usa.com\/catalogue\/\"},{\"@type\":\"ListItem\",\"position\":3,\"name\":\"HairMax Ultima 12 (\u0421\u0428\u0410) \u041b\u0430\u0437\u0435\u0440\u043d\u0430\u044f \u0440\u0430\u0441\u0447\u0435\u0441\u043a\u0430 \u0434\u043b\u044f \u0440\u043e\u0441\u0442\u0430 \u0432\u043e\u043b\u043e\u0441\"}]},{\"@type\":\"WebSite\",\"@id\":\"https:\/\/shops-usa.com\/#website\",\"url\":\"https:\/\/shops-usa.com\/\",\"name\":\"ShopsUSA\",\"description\":\"Quality products from USA\",\"publisher\":{\"@id\":\"https:\/\/shops-usa.com\/#organization\"},\"potentialAction\":[{\"@type\":\"SearchAction\",\"target\":{\"@type\":\"EntryPoint\",\"urlTemplate\":\"https:\/\/shops-usa.com\/?s={search_term_string}\"},\"query-input\":{\"@type\":\"PropertyValueSpecification\",\"valueRequired\":true,\"valueName\":\"search_term_string\"}}],\"inLanguage\":\"cs\"},{\"@type\":\"Organization\",\"@id\":\"https:\/\/shops-usa.com\/#organization\",\"name\":\"SHOPS USA\",\"alternateName\":\"SHOPS\",\"url\":\"https:\/\/shops-usa.com\/\",\"logo\":{\"@type\":\"ImageObject\",\"inLanguage\":\"cs\",\"@id\":\"https:\/\/shops-usa.com\/#\/schema\/logo\/image\/\",\"url\":\"https:\/\/shops-usa.com\/wp-content\/uploads\/2025\/12\/letter_final_white-1.png\",\"contentUrl\":\"https:\/\/shops-usa.com\/wp-content\/uploads\/2025\/12\/letter_final_white-1.png\",\"width\":1711,\"height\":1949,\"caption\":\"SHOPS USA\"},\"image\":{\"@id\":\"https:\/\/shops-usa.com\/#\/schema\/logo\/image\/\"}}]}<\/script>\n<!-- \/ Yoast SEO plugin. -->","yoast_head_json":{"title":"HairMax Ultima 12 (\u0421\u0428\u0410) \u041b\u0430\u0437\u0435\u0440\u043d\u0430\u044f \u0440\u0430\u0441\u0447\u0435\u0441\u043a\u0430 \u0434\u043b\u044f \u0440\u043e\u0441\u0442\u0430 \u0432\u043e\u043b\u043e\u0441 - ShopsUSA","robots":{"index":"index","follow":"follow","max-snippet":"max-snippet:-1","max-image-preview":"max-image-preview:large","max-video-preview":"max-video-preview:-1"},"canonical":"https:\/\/shops-usa.com\/cs\/produkt\/lazernaya-rascheska-dlya-rosta-volos-ssha-hairmax-ultima-12\/?wmc-currency=CZK","og_locale":"cs_CZ","og_type":"article","og_title":"HairMax Ultima 12 (\u0421\u0428\u0410) \u041b\u0430\u0437\u0435\u0440\u043d\u0430\u044f \u0440\u0430\u0441\u0447\u0435\u0441\u043a\u0430 \u0434\u043b\u044f \u0440\u043e\u0441\u0442\u0430 \u0432\u043e\u043b\u043e\u0441 - ShopsUSA","og_description":"\u041b\u0430\u0437\u0435\u0440\u043d\u0430\u044f \u0440\u0430\u0441\u0447\u0435\u0441\u043a\u0430 \u0434\u043b\u044f \u0440\u043e\u0441\u0442\u0430 \u0432\u043e\u043b\u043e\u0441. \u041b\u0430\u0437\u0435\u0440\u043d\u043e\u0435 \u043b\u0435\u0447\u0435\u043d\u0438\u0435 \u043f\u0440\u043e\u0445\u043e\u0434\u0438\u0442 \u0447\u0435\u0440\u0435\u0437 \u043f\u0440\u043e\u0446\u0435\u0441\u0441 \u0444\u043e\u0442\u043e\u0431\u0438\u043e\u0441\u0442\u0438\u043c\u0443\u043b\u044f\u0446\u0438\u0438, \u043e\u0431\u0435\u0441\u043f\u0435\u0447\u0438\u0432\u0430\u044f \u043d\u0438\u0437\u043a\u043e\u0443\u0440\u043e\u0432\u043d\u0435\u0432\u0443\u044e \u043b\u0430\u0437\u0435\u0440\u043d\u0443\u044e \u0442\u0435\u0440\u0430\u043f\u0438\u044e.","og_url":"https:\/\/shops-usa.com\/cs\/produkt\/lazernaya-rascheska-dlya-rosta-volos-ssha-hairmax-ultima-12\/?wmc-currency=CZK","og_site_name":"ShopsUSA","article_modified_time":"2025-09-23T11:38:06+00:00","og_image":[{"width":750,"height":750,"url":"https:\/\/shops-usa.com\/wp-content\/uploads\/2024\/12\/42.png","type":"image\/png"}],"twitter_card":"summary_large_image","schema":{"@context":"https:\/\/schema.org","@graph":[{"@type":"WebPage","@id":"https:\/\/shops-usa.com\/product\/lazernaya-rascheska-dlya-rosta-volos-ssha-hairmax-ultima-12\/","url":"https:\/\/shops-usa.com\/product\/lazernaya-rascheska-dlya-rosta-volos-ssha-hairmax-ultima-12\/","name":"HairMax Ultima 12 (\u0421\u0428\u0410) \u041b\u0430\u0437\u0435\u0440\u043d\u0430\u044f \u0440\u0430\u0441\u0447\u0435\u0441\u043a\u0430 \u0434\u043b\u044f \u0440\u043e\u0441\u0442\u0430 \u0432\u043e\u043b\u043e\u0441 - ShopsUSA","isPartOf":{"@id":"https:\/\/shops-usa.com\/#website"},"primaryImageOfPage":{"@id":"https:\/\/shops-usa.com\/product\/lazernaya-rascheska-dlya-rosta-volos-ssha-hairmax-ultima-12\/#primaryimage"},"image":{"@id":"https:\/\/shops-usa.com\/product\/lazernaya-rascheska-dlya-rosta-volos-ssha-hairmax-ultima-12\/#primaryimage"},"thumbnailUrl":"https:\/\/shops-usa.com\/wp-content\/uploads\/2024\/12\/42.png","datePublished":"2024-12-18T14:34:18+00:00","dateModified":"2025-09-23T11:38:06+00:00","breadcrumb":{"@id":"https:\/\/shops-usa.com\/product\/lazernaya-rascheska-dlya-rosta-volos-ssha-hairmax-ultima-12\/#breadcrumb"},"inLanguage":"cs","potentialAction":[{"@type":"ReadAction","target":["https:\/\/shops-usa.com\/product\/lazernaya-rascheska-dlya-rosta-volos-ssha-hairmax-ultima-12\/"]}]},{"@type":"ImageObject","inLanguage":"cs","@id":"https:\/\/shops-usa.com\/product\/lazernaya-rascheska-dlya-rosta-volos-ssha-hairmax-ultima-12\/#primaryimage","url":"https:\/\/shops-usa.com\/wp-content\/uploads\/2024\/12\/42.png","contentUrl":"https:\/\/shops-usa.com\/wp-content\/uploads\/2024\/12\/42.png","width":750,"height":750},{"@type":"BreadcrumbList","@id":"https:\/\/shops-usa.com\/product\/lazernaya-rascheska-dlya-rosta-volos-ssha-hairmax-ultima-12\/#breadcrumb","itemListElement":[{"@type":"ListItem","position":1,"name":"Home","item":"https:\/\/shops-usa.com\/"},{"@type":"ListItem","position":2,"name":"\u041a\u0430\u0442\u0430\u043b\u043e\u0433","item":"https:\/\/shops-usa.com\/catalogue\/"},{"@type":"ListItem","position":3,"name":"HairMax Ultima 12 (\u0421\u0428\u0410) \u041b\u0430\u0437\u0435\u0440\u043d\u0430\u044f \u0440\u0430\u0441\u0447\u0435\u0441\u043a\u0430 \u0434\u043b\u044f \u0440\u043e\u0441\u0442\u0430 \u0432\u043e\u043b\u043e\u0441"}]},{"@type":"WebSite","@id":"https:\/\/shops-usa.com\/#website","url":"https:\/\/shops-usa.com\/","name":"ShopsUSA","description":"Quality products from USA","publisher":{"@id":"https:\/\/shops-usa.com\/#organization"},"potentialAction":[{"@type":"SearchAction","target":{"@type":"EntryPoint","urlTemplate":"https:\/\/shops-usa.com\/?s={search_term_string}"},"query-input":{"@type":"PropertyValueSpecification","valueRequired":true,"valueName":"search_term_string"}}],"inLanguage":"cs"},{"@type":"Organization","@id":"https:\/\/shops-usa.com\/#organization","name":"SHOPS USA","alternateName":"SHOPS","url":"https:\/\/shops-usa.com\/","logo":{"@type":"ImageObject","inLanguage":"cs","@id":"https:\/\/shops-usa.com\/#\/schema\/logo\/image\/","url":"https:\/\/shops-usa.com\/wp-content\/uploads\/2025\/12\/letter_final_white-1.png","contentUrl":"https:\/\/shops-usa.com\/wp-content\/uploads\/2025\/12\/letter_final_white-1.png","width":1711,"height":1949,"caption":"SHOPS USA"},"image":{"@id":"https:\/\/shops-usa.com\/#\/schema\/logo\/image\/"}}]}},"_links":{"self":[{"href":"https:\/\/shops-usa.com\/cs\/wp-json\/wp\/v2\/product\/58","targetHints":{"allow":["GET"]}}],"collection":[{"href":"https:\/\/shops-usa.com\/cs\/wp-json\/wp\/v2\/product"}],"about":[{"href":"https:\/\/shops-usa.com\/cs\/wp-json\/wp\/v2\/types\/product"}],"replies":[{"embeddable":true,"href":"https:\/\/shops-usa.com\/cs\/wp-json\/wp\/v2\/comments?post=58"}],"wp:featuredmedia":[{"embeddable":true,"href":"https:\/\/shops-usa.com\/cs\/wp-json\/wp\/v2\/media\/767"}],"wp:attachment":[{"href":"https:\/\/shops-usa.com\/cs\/wp-json\/wp\/v2\/media?parent=58"}],"wp:term":[{"taxonomy":"product_brand","embeddable":true,"href":"https:\/\/shops-usa.com\/cs\/wp-json\/wp\/v2\/product_brand?post=58"},{"taxonomy":"product_cat","embeddable":true,"href":"https:\/\/shops-usa.com\/cs\/wp-json\/wp\/v2\/product_cat?post=58"},{"taxonomy":"product_tag","embeddable":true,"href":"https:\/\/shops-usa.com\/cs\/wp-json\/wp\/v2\/product_tag?post=58"}],"curies":[{"name":"wp","href":"https:\/\/api.w.org\/{rel}","templated":true}]}}