{"id":56,"date":"2024-12-18T14:34:18","date_gmt":"2024-12-18T14:34:18","guid":{"rendered":"https:\/\/shops-usa.com\/?post_type=product&#038;p=56"},"modified":"2025-09-23T11:43:59","modified_gmt":"2025-09-23T11:43:59","slug":"lazernaya-kepka-dlya-rosta-volos-ssha-hairmax-regrowmd-272","status":"publish","type":"product","link":"https:\/\/shops-usa.com\/cs\/produkt\/lazernaya-kepka-dlya-rosta-volos-ssha-hairmax-regrowmd-272\/","title":{"rendered":"HairMax Regrow 272 (USA) Laserov\u00e1 \u010depice pro r\u016fst vlas\u016f"},"content":{"rendered":"<p>Klinicky ov\u011b\u0159en\u00e1 technologie pro mu\u017ee i \u017eeny. Laserov\u00e1 fototerapie RegrowMD je jedinou mo\u017enost\u00ed l\u00e9\u010dby bez l\u00e9k\u016f pro d\u011bdi\u010dn\u00e9 vypad\u00e1v\u00e1n\u00ed vlas\u016f, alopecii, ple\u0161atost, \u0159\u00eddnut\u00ed vlas\u016f a ustupuj\u00edc\u00ed vlasov\u00e9 linie. Laserov\u00e1 za\u0159\u00edzen\u00ed HairMax prokazateln\u011b obnovuj\u00ed vlasy a zvy\u0161uj\u00ed jejich r\u016fst v pr\u016fm\u011bru o 129 dal\u0161\u00edch vlas\u016f na \u010dtvere\u010dn\u00ed palec. Doporu\u010den\u00e1 doba o\u0161et\u0159en\u00ed je pouh\u00fdch 30 minut, 3kr\u00e1t t\u00fddn\u011b (obden). Pozn\u00e1mka: Baterie obsahuje inovativn\u00ed technologii pro sledov\u00e1n\u00ed \u00farovn\u011b nabit\u00ed, aby se zajistilo, \u017ee se nep\u0159eb\u00edj\u00ed. Spl\u0148uje normu ISO5536-1:2006, mezin\u00e1rodn\u00ed normu pro p\u0159edpisy o teplotn\u00ed bezpe\u010dnosti. Exkluzivn\u00ed design Bio-Light Comfort zam\u011b\u0159uje laserov\u00e9 sv\u011btlo kalibrovan\u00fdmi otvory, aby byl zaji\u0161t\u011bn neru\u0161en\u00fd tok sv\u011bteln\u00e9 energie k vlasov\u00fdm folikul\u016fm. Krytka RegrowMD pohodln\u011b padne na v\u011bt\u0161inu velikost\u00ed hlavy. Nedoporu\u010duje se pro obvody poko\u017eky hlavy v\u011bt\u0161\u00ed ne\u017e 57,15 cm. Viditeln\u00e9 v\u00fdsledky jsou viditeln\u00e9 za 3\u20136 m\u011bs\u00edc\u016f. Hairmax za 24 let provozu nezaznamenal jedin\u00fd p\u0159\u00edpad ne\u017e\u00e1douc\u00edch vedlej\u0161\u00edch \u00fa\u010dink\u016f t\u00e9to technologie. S v\u00edce ne\u017e 1,8 miliony prodan\u00fdch za\u0159\u00edzen\u00ed po cel\u00e9m sv\u011bt\u011b je Hairmax sv\u011btov\u00fdm l\u00eddrem a pr\u016fkopn\u00edkem v laserov\u00e9 l\u00e9\u010db\u011b vlas\u016f. P\u0159\u00edstroje Hairmax jsou jedin\u00e9 laserov\u00e9 p\u0159\u00edstroje pro o\u0161et\u0159en\u00ed vlasov\u00fdch folikul\u016f, kter\u00e9 pro\u0161ly klinick\u00fdmi testy FDA. L\u00e9ka\u0159i doporu\u010duj\u00ed laserov\u00e9 p\u0159\u00edstroje Hairmax k l\u00e9\u010db\u011b androgenetick\u00e9 alopecie, kter\u00e1 zahrnuje d\u011bdi\u010dnou alopecii, mu\u017esk\u00fd a \u017eensk\u00fd typ vypad\u00e1v\u00e1n\u00ed vlas\u016f, vypad\u00e1v\u00e1n\u00ed vlas\u016f souvisej\u00edc\u00ed s menopauzou a vypad\u00e1v\u00e1n\u00ed a \u0159\u00eddnut\u00ed vlas\u016f souvisej\u00edc\u00ed s v\u011bkem.<\/p>","protected":false},"excerpt":{"rendered":"<p>Laserov\u00e1 korekce r\u016fstu vlas\u016f je jedinou nel\u00e9kovou mo\u017enost\u00ed l\u00e9\u010dby, kter\u00e1 je k dispozici pro l\u00e9\u010dbu d\u011bdi\u010dn\u00e9ho vypad\u00e1v\u00e1n\u00ed vlas\u016f, alopecie, ple\u0161atosti, \u0159\u00eddnut\u00ed vlas\u016f a ustupuj\u00edc\u00edch vlasov\u00fdch lini\u00ed. <\/p>","protected":false},"featured_media":783,"comment_status":"open","ping_status":"closed","template":"","meta":[],"product_brand":[],"product_cat":[28],"product_tag":[],"class_list":{"0":"post-56","1":"product","2":"type-product","3":"status-publish","4":"has-post-thumbnail","6":"product_cat-hairmax","8":"first","9":"instock","10":"sale","11":"shipping-taxable","12":"purchasable","13":"product-type-simple"},"yoast_head":"<!-- This site is optimized with the Yoast SEO plugin v26.6 - https:\/\/yoast.com\/wordpress\/plugins\/seo\/ -->\n<title>\u041b\u0430\u0437\u0435\u0440\u043d\u0430\u044f \u043a\u0435\u043f\u043a\u0430 \u0434\u043b\u044f \u0440\u043e\u0441\u0442\u0430 \u0432\u043e\u043b\u043e\u0441 (\u0421\u0428\u0410) HairMax RegrowMD 272 - ShopsUSA<\/title>\n<meta name=\"robots\" content=\"index, follow, max-snippet:-1, max-image-preview:large, max-video-preview:-1\" \/>\n<link rel=\"canonical\" href=\"https:\/\/shops-usa.com\/cs\/produkt\/lazernaya-kepka-dlya-rosta-volos-ssha-hairmax-regrowmd-272\/?wmc-currency=CZK\" \/>\n<meta property=\"og:locale\" content=\"cs_CZ\" \/>\n<meta property=\"og:type\" content=\"article\" \/>\n<meta property=\"og:title\" content=\"\u041b\u0430\u0437\u0435\u0440\u043d\u0430\u044f \u043a\u0435\u043f\u043a\u0430 \u0434\u043b\u044f \u0440\u043e\u0441\u0442\u0430 \u0432\u043e\u043b\u043e\u0441 (\u0421\u0428\u0410) HairMax RegrowMD 272 - ShopsUSA\" \/>\n<meta property=\"og:description\" content=\"\u041b\u0430\u0437\u0435\u0440\u043d\u0430\u044f \u043a\u0435\u043f\u043a\u0430 \u0434\u043b\u044f \u0440\u043e\u0441\u0442\u0430 \u0432\u043e\u043b\u043e\u0441\u044f\u0432\u043b\u044f\u0435\u0442\u0441\u044f \u0435\u0434\u0438\u043d\u0441\u0442\u0432\u0435\u043d\u043d\u044b\u043c \u043d\u0435\u043c\u0435\u0434\u0438\u043a\u0430\u043c\u0435\u043d\u0442\u043e\u0437\u043d\u044b\u043c \u0432\u0430\u0440\u0438\u0430\u043d\u0442\u043e\u043c \u043b\u0435\u0447\u0435\u043d\u0438\u044f, \u0434\u043b\u044f \u043b\u0435\u0447\u0435\u043d\u0438\u044f \u043d\u0430\u0441\u043b\u0435\u0434\u0441\u0442\u0432\u0435\u043d\u043d\u043e\u0433\u043e \u0432\u044b\u043f\u0430\u0434\u0435\u043d\u0438\u044f \u0432\u043e\u043b\u043e\u0441, \u0430\u043b\u043e\u043f\u0435\u0446\u0438\u0438, \u043e\u0431\u043b\u044b\u0441\u0435\u043d\u0438\u044f, \u0438\u0441\u0442\u043e\u043d\u0447\u0435\u043d\u0438\u044f \u0432\u043e\u043b\u043e\u0441 \u0438 \u0437\u0430\u043b\u044b\u0441\u0438\u043d.\" \/>\n<meta property=\"og:url\" content=\"https:\/\/shops-usa.com\/cs\/produkt\/lazernaya-kepka-dlya-rosta-volos-ssha-hairmax-regrowmd-272\/?wmc-currency=CZK\" \/>\n<meta property=\"og:site_name\" content=\"ShopsUSA\" \/>\n<meta property=\"article:modified_time\" content=\"2025-09-23T11:43:59+00:00\" \/>\n<meta property=\"og:image\" content=\"https:\/\/shops-usa.com\/wp-content\/uploads\/2024\/12\/23-2.jpg\" \/>\n\t<meta property=\"og:image:width\" content=\"1500\" \/>\n\t<meta property=\"og:image:height\" content=\"1500\" \/>\n\t<meta property=\"og:image:type\" content=\"image\/jpeg\" \/>\n<meta name=\"twitter:card\" content=\"summary_large_image\" \/>\n<script type=\"application\/ld+json\" class=\"yoast-schema-graph\">{\"@context\":\"https:\/\/schema.org\",\"@graph\":[{\"@type\":\"WebPage\",\"@id\":\"https:\/\/shops-usa.com\/product\/lazernaya-kepka-dlya-rosta-volos-ssha-hairmax-regrowmd-272\/\",\"url\":\"https:\/\/shops-usa.com\/product\/lazernaya-kepka-dlya-rosta-volos-ssha-hairmax-regrowmd-272\/\",\"name\":\"\u041b\u0430\u0437\u0435\u0440\u043d\u0430\u044f \u043a\u0435\u043f\u043a\u0430 \u0434\u043b\u044f \u0440\u043e\u0441\u0442\u0430 \u0432\u043e\u043b\u043e\u0441 (\u0421\u0428\u0410) HairMax RegrowMD 272 - ShopsUSA\",\"isPartOf\":{\"@id\":\"https:\/\/shops-usa.com\/#website\"},\"primaryImageOfPage\":{\"@id\":\"https:\/\/shops-usa.com\/product\/lazernaya-kepka-dlya-rosta-volos-ssha-hairmax-regrowmd-272\/#primaryimage\"},\"image\":{\"@id\":\"https:\/\/shops-usa.com\/product\/lazernaya-kepka-dlya-rosta-volos-ssha-hairmax-regrowmd-272\/#primaryimage\"},\"thumbnailUrl\":\"https:\/\/shops-usa.com\/wp-content\/uploads\/2024\/12\/23-2.jpg\",\"datePublished\":\"2024-12-18T14:34:18+00:00\",\"dateModified\":\"2025-09-23T11:43:59+00:00\",\"breadcrumb\":{\"@id\":\"https:\/\/shops-usa.com\/product\/lazernaya-kepka-dlya-rosta-volos-ssha-hairmax-regrowmd-272\/#breadcrumb\"},\"inLanguage\":\"cs\",\"potentialAction\":[{\"@type\":\"ReadAction\",\"target\":[\"https:\/\/shops-usa.com\/product\/lazernaya-kepka-dlya-rosta-volos-ssha-hairmax-regrowmd-272\/\"]}]},{\"@type\":\"ImageObject\",\"inLanguage\":\"cs\",\"@id\":\"https:\/\/shops-usa.com\/product\/lazernaya-kepka-dlya-rosta-volos-ssha-hairmax-regrowmd-272\/#primaryimage\",\"url\":\"https:\/\/shops-usa.com\/wp-content\/uploads\/2024\/12\/23-2.jpg\",\"contentUrl\":\"https:\/\/shops-usa.com\/wp-content\/uploads\/2024\/12\/23-2.jpg\",\"width\":1500,\"height\":1500},{\"@type\":\"BreadcrumbList\",\"@id\":\"https:\/\/shops-usa.com\/product\/lazernaya-kepka-dlya-rosta-volos-ssha-hairmax-regrowmd-272\/#breadcrumb\",\"itemListElement\":[{\"@type\":\"ListItem\",\"position\":1,\"name\":\"Home\",\"item\":\"https:\/\/shops-usa.com\/\"},{\"@type\":\"ListItem\",\"position\":2,\"name\":\"\u041a\u0430\u0442\u0430\u043b\u043e\u0433\",\"item\":\"https:\/\/shops-usa.com\/catalogue\/\"},{\"@type\":\"ListItem\",\"position\":3,\"name\":\"\u041b\u0430\u0437\u0435\u0440\u043d\u0430\u044f \u043a\u0435\u043f\u043a\u0430 \u0434\u043b\u044f \u0440\u043e\u0441\u0442\u0430 \u0432\u043e\u043b\u043e\u0441 (\u0421\u0428\u0410) HairMax RegrowMD 272\"}]},{\"@type\":\"WebSite\",\"@id\":\"https:\/\/shops-usa.com\/#website\",\"url\":\"https:\/\/shops-usa.com\/\",\"name\":\"ShopsUSA\",\"description\":\"Quality products from USA\",\"publisher\":{\"@id\":\"https:\/\/shops-usa.com\/#organization\"},\"potentialAction\":[{\"@type\":\"SearchAction\",\"target\":{\"@type\":\"EntryPoint\",\"urlTemplate\":\"https:\/\/shops-usa.com\/?s={search_term_string}\"},\"query-input\":{\"@type\":\"PropertyValueSpecification\",\"valueRequired\":true,\"valueName\":\"search_term_string\"}}],\"inLanguage\":\"cs\"},{\"@type\":\"Organization\",\"@id\":\"https:\/\/shops-usa.com\/#organization\",\"name\":\"SHOPS USA\",\"alternateName\":\"SHOPS\",\"url\":\"https:\/\/shops-usa.com\/\",\"logo\":{\"@type\":\"ImageObject\",\"inLanguage\":\"cs\",\"@id\":\"https:\/\/shops-usa.com\/#\/schema\/logo\/image\/\",\"url\":\"https:\/\/shops-usa.com\/wp-content\/uploads\/2025\/12\/letter_final_white-1.png\",\"contentUrl\":\"https:\/\/shops-usa.com\/wp-content\/uploads\/2025\/12\/letter_final_white-1.png\",\"width\":1711,\"height\":1949,\"caption\":\"SHOPS USA\"},\"image\":{\"@id\":\"https:\/\/shops-usa.com\/#\/schema\/logo\/image\/\"}}]}<\/script>\n<!-- \/ Yoast SEO plugin. -->","yoast_head_json":{"title":"\u041b\u0430\u0437\u0435\u0440\u043d\u0430\u044f \u043a\u0435\u043f\u043a\u0430 \u0434\u043b\u044f \u0440\u043e\u0441\u0442\u0430 \u0432\u043e\u043b\u043e\u0441 (\u0421\u0428\u0410) HairMax RegrowMD 272 - ShopsUSA","robots":{"index":"index","follow":"follow","max-snippet":"max-snippet:-1","max-image-preview":"max-image-preview:large","max-video-preview":"max-video-preview:-1"},"canonical":"https:\/\/shops-usa.com\/cs\/produkt\/lazernaya-kepka-dlya-rosta-volos-ssha-hairmax-regrowmd-272\/?wmc-currency=CZK","og_locale":"cs_CZ","og_type":"article","og_title":"\u041b\u0430\u0437\u0435\u0440\u043d\u0430\u044f \u043a\u0435\u043f\u043a\u0430 \u0434\u043b\u044f \u0440\u043e\u0441\u0442\u0430 \u0432\u043e\u043b\u043e\u0441 (\u0421\u0428\u0410) HairMax RegrowMD 272 - ShopsUSA","og_description":"\u041b\u0430\u0437\u0435\u0440\u043d\u0430\u044f \u043a\u0435\u043f\u043a\u0430 \u0434\u043b\u044f \u0440\u043e\u0441\u0442\u0430 \u0432\u043e\u043b\u043e\u0441\u044f\u0432\u043b\u044f\u0435\u0442\u0441\u044f \u0435\u0434\u0438\u043d\u0441\u0442\u0432\u0435\u043d\u043d\u044b\u043c \u043d\u0435\u043c\u0435\u0434\u0438\u043a\u0430\u043c\u0435\u043d\u0442\u043e\u0437\u043d\u044b\u043c \u0432\u0430\u0440\u0438\u0430\u043d\u0442\u043e\u043c \u043b\u0435\u0447\u0435\u043d\u0438\u044f, \u0434\u043b\u044f \u043b\u0435\u0447\u0435\u043d\u0438\u044f \u043d\u0430\u0441\u043b\u0435\u0434\u0441\u0442\u0432\u0435\u043d\u043d\u043e\u0433\u043e \u0432\u044b\u043f\u0430\u0434\u0435\u043d\u0438\u044f \u0432\u043e\u043b\u043e\u0441, \u0430\u043b\u043e\u043f\u0435\u0446\u0438\u0438, \u043e\u0431\u043b\u044b\u0441\u0435\u043d\u0438\u044f, \u0438\u0441\u0442\u043e\u043d\u0447\u0435\u043d\u0438\u044f \u0432\u043e\u043b\u043e\u0441 \u0438 \u0437\u0430\u043b\u044b\u0441\u0438\u043d.","og_url":"https:\/\/shops-usa.com\/cs\/produkt\/lazernaya-kepka-dlya-rosta-volos-ssha-hairmax-regrowmd-272\/?wmc-currency=CZK","og_site_name":"ShopsUSA","article_modified_time":"2025-09-23T11:43:59+00:00","og_image":[{"width":1500,"height":1500,"url":"https:\/\/shops-usa.com\/wp-content\/uploads\/2024\/12\/23-2.jpg","type":"image\/jpeg"}],"twitter_card":"summary_large_image","schema":{"@context":"https:\/\/schema.org","@graph":[{"@type":"WebPage","@id":"https:\/\/shops-usa.com\/product\/lazernaya-kepka-dlya-rosta-volos-ssha-hairmax-regrowmd-272\/","url":"https:\/\/shops-usa.com\/product\/lazernaya-kepka-dlya-rosta-volos-ssha-hairmax-regrowmd-272\/","name":"\u041b\u0430\u0437\u0435\u0440\u043d\u0430\u044f \u043a\u0435\u043f\u043a\u0430 \u0434\u043b\u044f \u0440\u043e\u0441\u0442\u0430 \u0432\u043e\u043b\u043e\u0441 (\u0421\u0428\u0410) HairMax RegrowMD 272 - ShopsUSA","isPartOf":{"@id":"https:\/\/shops-usa.com\/#website"},"primaryImageOfPage":{"@id":"https:\/\/shops-usa.com\/product\/lazernaya-kepka-dlya-rosta-volos-ssha-hairmax-regrowmd-272\/#primaryimage"},"image":{"@id":"https:\/\/shops-usa.com\/product\/lazernaya-kepka-dlya-rosta-volos-ssha-hairmax-regrowmd-272\/#primaryimage"},"thumbnailUrl":"https:\/\/shops-usa.com\/wp-content\/uploads\/2024\/12\/23-2.jpg","datePublished":"2024-12-18T14:34:18+00:00","dateModified":"2025-09-23T11:43:59+00:00","breadcrumb":{"@id":"https:\/\/shops-usa.com\/product\/lazernaya-kepka-dlya-rosta-volos-ssha-hairmax-regrowmd-272\/#breadcrumb"},"inLanguage":"cs","potentialAction":[{"@type":"ReadAction","target":["https:\/\/shops-usa.com\/product\/lazernaya-kepka-dlya-rosta-volos-ssha-hairmax-regrowmd-272\/"]}]},{"@type":"ImageObject","inLanguage":"cs","@id":"https:\/\/shops-usa.com\/product\/lazernaya-kepka-dlya-rosta-volos-ssha-hairmax-regrowmd-272\/#primaryimage","url":"https:\/\/shops-usa.com\/wp-content\/uploads\/2024\/12\/23-2.jpg","contentUrl":"https:\/\/shops-usa.com\/wp-content\/uploads\/2024\/12\/23-2.jpg","width":1500,"height":1500},{"@type":"BreadcrumbList","@id":"https:\/\/shops-usa.com\/product\/lazernaya-kepka-dlya-rosta-volos-ssha-hairmax-regrowmd-272\/#breadcrumb","itemListElement":[{"@type":"ListItem","position":1,"name":"Home","item":"https:\/\/shops-usa.com\/"},{"@type":"ListItem","position":2,"name":"\u041a\u0430\u0442\u0430\u043b\u043e\u0433","item":"https:\/\/shops-usa.com\/catalogue\/"},{"@type":"ListItem","position":3,"name":"\u041b\u0430\u0437\u0435\u0440\u043d\u0430\u044f \u043a\u0435\u043f\u043a\u0430 \u0434\u043b\u044f \u0440\u043e\u0441\u0442\u0430 \u0432\u043e\u043b\u043e\u0441 (\u0421\u0428\u0410) HairMax RegrowMD 272"}]},{"@type":"WebSite","@id":"https:\/\/shops-usa.com\/#website","url":"https:\/\/shops-usa.com\/","name":"ShopsUSA","description":"Quality products from USA","publisher":{"@id":"https:\/\/shops-usa.com\/#organization"},"potentialAction":[{"@type":"SearchAction","target":{"@type":"EntryPoint","urlTemplate":"https:\/\/shops-usa.com\/?s={search_term_string}"},"query-input":{"@type":"PropertyValueSpecification","valueRequired":true,"valueName":"search_term_string"}}],"inLanguage":"cs"},{"@type":"Organization","@id":"https:\/\/shops-usa.com\/#organization","name":"SHOPS USA","alternateName":"SHOPS","url":"https:\/\/shops-usa.com\/","logo":{"@type":"ImageObject","inLanguage":"cs","@id":"https:\/\/shops-usa.com\/#\/schema\/logo\/image\/","url":"https:\/\/shops-usa.com\/wp-content\/uploads\/2025\/12\/letter_final_white-1.png","contentUrl":"https:\/\/shops-usa.com\/wp-content\/uploads\/2025\/12\/letter_final_white-1.png","width":1711,"height":1949,"caption":"SHOPS USA"},"image":{"@id":"https:\/\/shops-usa.com\/#\/schema\/logo\/image\/"}}]}},"_links":{"self":[{"href":"https:\/\/shops-usa.com\/cs\/wp-json\/wp\/v2\/product\/56","targetHints":{"allow":["GET"]}}],"collection":[{"href":"https:\/\/shops-usa.com\/cs\/wp-json\/wp\/v2\/product"}],"about":[{"href":"https:\/\/shops-usa.com\/cs\/wp-json\/wp\/v2\/types\/product"}],"replies":[{"embeddable":true,"href":"https:\/\/shops-usa.com\/cs\/wp-json\/wp\/v2\/comments?post=56"}],"wp:featuredmedia":[{"embeddable":true,"href":"https:\/\/shops-usa.com\/cs\/wp-json\/wp\/v2\/media\/783"}],"wp:attachment":[{"href":"https:\/\/shops-usa.com\/cs\/wp-json\/wp\/v2\/media?parent=56"}],"wp:term":[{"taxonomy":"product_brand","embeddable":true,"href":"https:\/\/shops-usa.com\/cs\/wp-json\/wp\/v2\/product_brand?post=56"},{"taxonomy":"product_cat","embeddable":true,"href":"https:\/\/shops-usa.com\/cs\/wp-json\/wp\/v2\/product_cat?post=56"},{"taxonomy":"product_tag","embeddable":true,"href":"https:\/\/shops-usa.com\/cs\/wp-json\/wp\/v2\/product_tag?post=56"}],"curies":[{"name":"wp","href":"https:\/\/api.w.org\/{rel}","templated":true}]}}