{"id":52,"date":"2024-12-18T14:34:17","date_gmt":"2024-12-18T14:34:17","guid":{"rendered":"https:\/\/shops-usa.com\/?post_type=product&#038;p=52"},"modified":"2024-12-18T14:35:33","modified_gmt":"2024-12-18T14:35:33","slug":"portativnoe-bide-dlya-pelenaniya-ssha-happypo","status":"publish","type":"product","link":"https:\/\/shops-usa.com\/cs\/produkt\/portativnoe-bide-dlya-pelenaniya-ssha-happypo\/","title":{"rendered":"P\u0159enosn\u00fd p\u0159ebalovac\u00ed bidet Happypo (USA)"},"content":{"rendered":"<p>Ide\u00e1ln\u00ed pro zavinov\u00e1n\u00ed miminek a myt\u00ed d\u00edvek, kdy\u017e nen\u00ed k dispozici pohodl\u00ed domova. Jednoduch\u00e9, p\u0159enosn\u00e9 a kompaktn\u00ed! Pom\u00e1h\u00e1 um\u00fdt d\u00edt\u011b a\u0165 u\u017e prob\u00edh\u00e1 kdekoli. Myt\u00ed d\u011bt\u00ed po vyjmut\u00ed plenek je nezbytn\u00e9, proto\u017ee to zabra\u0148uje vzniku dermatologick\u00fdch probl\u00e9m\u016f v intimn\u00edch parti\u00edch, zejm\u00e9na u d\u00edvek. Provozn\u00ed re\u017eim je manu\u00e1ln\u00ed a umo\u017e\u0148uje snadno nastavit intenzitu a sm\u011br proudu. Sada obsahuje pouzdro pro pohodln\u00e9 balen\u00ed b\u011bhem cestov\u00e1n\u00ed. Rozm\u011bry produktu: 5x6x28 cm. 1 kg. V\u00fdrobce: Hibbent Zem\u011b: USA Objem vody: 160 ml. Hmotnost hlavn\u00ed \u010d\u00e1sti: 200 g. Proud: 100 cm. D\u00e9lka: 15,5 cm ve slo\u017een\u00e9m stavu, 35,5 cm v rozlo\u017een\u00e9m stavu. Doba cyklu: 60 sekund (slab\u00fd sprej), 30 sekund (siln\u00fd sprej). Dob\u00edjec\u00ed lithiov\u00e1 baterie: 3,7 V \/ 500 mA. Spot\u0159eba energie: 4 W Maxim\u00e1ln\u00ed v\u00fddr\u017e baterie: P\u0159ibli\u017en\u011b 100 cykl\u016f Pohotovostn\u00ed re\u017eim: Maxim\u00e1ln\u011b 30 dn\u00ed Doba nab\u00edjen\u00ed baterie: P\u0159ibli\u017en\u011b 2 hodiny Dvourychlostn\u00ed funkce \u010distic\u00edho spreje.<\/p>","protected":false},"excerpt":{"rendered":"<p>P\u0159enosn\u00fd bidet na p\u0159ebalovac\u00ed stanici. Pom\u016f\u017ee v\u00e1m um\u00fdt d\u00edt\u011b, a\u0165 u\u017e ho p\u0159ebalujete kdekoli.<\/p>","protected":false},"featured_media":105,"comment_status":"open","ping_status":"closed","template":"","meta":[],"product_brand":[],"product_cat":[26],"product_tag":[],"class_list":{"0":"post-52","1":"product","2":"type-product","3":"status-publish","4":"has-post-thumbnail","6":"product_cat-happypo","8":"first","9":"instock","10":"sale","11":"shipping-taxable","12":"purchasable","13":"product-type-simple"},"yoast_head":"<!-- This site is optimized with the Yoast SEO plugin v26.6 - https:\/\/yoast.com\/wordpress\/plugins\/seo\/ -->\n<title>\u041f\u043e\u0440\u0442\u0430\u0442\u0438\u0432\u043d\u043e\u0435 \u0431\u0438\u0434\u0435 \u0434\u043b\u044f \u043f\u0435\u043b\u0435\u043d\u0430\u043d\u0438\u044f (\u0421\u0428\u0410) Happypo - ShopsUSA<\/title>\n<meta name=\"robots\" content=\"index, follow, max-snippet:-1, max-image-preview:large, max-video-preview:-1\" \/>\n<link rel=\"canonical\" href=\"https:\/\/shops-usa.com\/cs\/produkt\/portativnoe-bide-dlya-pelenaniya-ssha-happypo\/?wmc-currency=CZK\" \/>\n<meta property=\"og:locale\" content=\"cs_CZ\" \/>\n<meta property=\"og:type\" content=\"article\" \/>\n<meta property=\"og:title\" content=\"\u041f\u043e\u0440\u0442\u0430\u0442\u0438\u0432\u043d\u043e\u0435 \u0431\u0438\u0434\u0435 \u0434\u043b\u044f \u043f\u0435\u043b\u0435\u043d\u0430\u043d\u0438\u044f (\u0421\u0428\u0410) Happypo - ShopsUSA\" \/>\n<meta property=\"og:description\" content=\"\u041f\u043e\u0440\u0442\u0430\u0442\u0438\u0432\u043d\u043e\u0435 \u0431\u0438\u0434\u0435 \u0434\u043b\u044f \u043f\u0435\u043b\u0435\u043d\u0430\u043d\u0438\u044f. \u041f\u043e\u043c\u043e\u0433\u0430\u0435\u0442 \u043f\u043e\u0434\u043c\u044b\u0432\u0430\u0442\u044c \u0440\u0435\u0431\u0435\u043d\u043a\u0430 \u0433\u0434\u0435 \u0431\u044b \u043d\u0438 \u043f\u0440\u043e\u0438\u0441\u0445\u043e\u0434\u0438\u043b\u0430 \u043f\u0440\u043e\u0446\u0435\u0434\u0443\u0440\u0430 \u043f\u0435\u043b\u0435\u043d\u0430\u043d\u0438\u044f\" \/>\n<meta property=\"og:url\" content=\"https:\/\/shops-usa.com\/cs\/produkt\/portativnoe-bide-dlya-pelenaniya-ssha-happypo\/?wmc-currency=CZK\" \/>\n<meta property=\"og:site_name\" content=\"ShopsUSA\" \/>\n<meta property=\"article:modified_time\" content=\"2024-12-18T14:35:33+00:00\" \/>\n<meta property=\"og:image\" content=\"https:\/\/shops-usa.com\/wp-content\/uploads\/2024\/12\/1-6.jpg\" \/>\n\t<meta property=\"og:image:width\" content=\"1183\" \/>\n\t<meta property=\"og:image:height\" content=\"1500\" \/>\n\t<meta property=\"og:image:type\" content=\"image\/jpeg\" \/>\n<meta name=\"twitter:card\" content=\"summary_large_image\" \/>\n<script type=\"application\/ld+json\" class=\"yoast-schema-graph\">{\"@context\":\"https:\/\/schema.org\",\"@graph\":[{\"@type\":\"WebPage\",\"@id\":\"https:\/\/shops-usa.com\/product\/portativnoe-bide-dlya-pelenaniya-ssha-happypo\/\",\"url\":\"https:\/\/shops-usa.com\/product\/portativnoe-bide-dlya-pelenaniya-ssha-happypo\/\",\"name\":\"\u041f\u043e\u0440\u0442\u0430\u0442\u0438\u0432\u043d\u043e\u0435 \u0431\u0438\u0434\u0435 \u0434\u043b\u044f \u043f\u0435\u043b\u0435\u043d\u0430\u043d\u0438\u044f (\u0421\u0428\u0410) Happypo - ShopsUSA\",\"isPartOf\":{\"@id\":\"https:\/\/shops-usa.com\/#website\"},\"primaryImageOfPage\":{\"@id\":\"https:\/\/shops-usa.com\/product\/portativnoe-bide-dlya-pelenaniya-ssha-happypo\/#primaryimage\"},\"image\":{\"@id\":\"https:\/\/shops-usa.com\/product\/portativnoe-bide-dlya-pelenaniya-ssha-happypo\/#primaryimage\"},\"thumbnailUrl\":\"https:\/\/shops-usa.com\/wp-content\/uploads\/2024\/12\/1-6.jpg\",\"datePublished\":\"2024-12-18T14:34:17+00:00\",\"dateModified\":\"2024-12-18T14:35:33+00:00\",\"breadcrumb\":{\"@id\":\"https:\/\/shops-usa.com\/product\/portativnoe-bide-dlya-pelenaniya-ssha-happypo\/#breadcrumb\"},\"inLanguage\":\"cs\",\"potentialAction\":[{\"@type\":\"ReadAction\",\"target\":[\"https:\/\/shops-usa.com\/product\/portativnoe-bide-dlya-pelenaniya-ssha-happypo\/\"]}]},{\"@type\":\"ImageObject\",\"inLanguage\":\"cs\",\"@id\":\"https:\/\/shops-usa.com\/product\/portativnoe-bide-dlya-pelenaniya-ssha-happypo\/#primaryimage\",\"url\":\"https:\/\/shops-usa.com\/wp-content\/uploads\/2024\/12\/1-6.jpg\",\"contentUrl\":\"https:\/\/shops-usa.com\/wp-content\/uploads\/2024\/12\/1-6.jpg\",\"width\":1183,\"height\":1500},{\"@type\":\"BreadcrumbList\",\"@id\":\"https:\/\/shops-usa.com\/product\/portativnoe-bide-dlya-pelenaniya-ssha-happypo\/#breadcrumb\",\"itemListElement\":[{\"@type\":\"ListItem\",\"position\":1,\"name\":\"Home\",\"item\":\"https:\/\/shops-usa.com\/\"},{\"@type\":\"ListItem\",\"position\":2,\"name\":\"\u041a\u0430\u0442\u0430\u043b\u043e\u0433\",\"item\":\"https:\/\/shops-usa.com\/catalogue\/\"},{\"@type\":\"ListItem\",\"position\":3,\"name\":\"\u041f\u043e\u0440\u0442\u0430\u0442\u0438\u0432\u043d\u043e\u0435 \u0431\u0438\u0434\u0435 \u0434\u043b\u044f \u043f\u0435\u043b\u0435\u043d\u0430\u043d\u0438\u044f (\u0421\u0428\u0410) Happypo\"}]},{\"@type\":\"WebSite\",\"@id\":\"https:\/\/shops-usa.com\/#website\",\"url\":\"https:\/\/shops-usa.com\/\",\"name\":\"ShopsUSA\",\"description\":\"Quality products from USA\",\"publisher\":{\"@id\":\"https:\/\/shops-usa.com\/#organization\"},\"potentialAction\":[{\"@type\":\"SearchAction\",\"target\":{\"@type\":\"EntryPoint\",\"urlTemplate\":\"https:\/\/shops-usa.com\/?s={search_term_string}\"},\"query-input\":{\"@type\":\"PropertyValueSpecification\",\"valueRequired\":true,\"valueName\":\"search_term_string\"}}],\"inLanguage\":\"cs\"},{\"@type\":\"Organization\",\"@id\":\"https:\/\/shops-usa.com\/#organization\",\"name\":\"SHOPS USA\",\"alternateName\":\"SHOPS\",\"url\":\"https:\/\/shops-usa.com\/\",\"logo\":{\"@type\":\"ImageObject\",\"inLanguage\":\"cs\",\"@id\":\"https:\/\/shops-usa.com\/#\/schema\/logo\/image\/\",\"url\":\"https:\/\/shops-usa.com\/wp-content\/uploads\/2025\/12\/letter_final_white-1.png\",\"contentUrl\":\"https:\/\/shops-usa.com\/wp-content\/uploads\/2025\/12\/letter_final_white-1.png\",\"width\":1711,\"height\":1949,\"caption\":\"SHOPS USA\"},\"image\":{\"@id\":\"https:\/\/shops-usa.com\/#\/schema\/logo\/image\/\"}}]}<\/script>\n<!-- \/ Yoast SEO plugin. -->","yoast_head_json":{"title":"\u041f\u043e\u0440\u0442\u0430\u0442\u0438\u0432\u043d\u043e\u0435 \u0431\u0438\u0434\u0435 \u0434\u043b\u044f \u043f\u0435\u043b\u0435\u043d\u0430\u043d\u0438\u044f (\u0421\u0428\u0410) Happypo - ShopsUSA","robots":{"index":"index","follow":"follow","max-snippet":"max-snippet:-1","max-image-preview":"max-image-preview:large","max-video-preview":"max-video-preview:-1"},"canonical":"https:\/\/shops-usa.com\/cs\/produkt\/portativnoe-bide-dlya-pelenaniya-ssha-happypo\/?wmc-currency=CZK","og_locale":"cs_CZ","og_type":"article","og_title":"\u041f\u043e\u0440\u0442\u0430\u0442\u0438\u0432\u043d\u043e\u0435 \u0431\u0438\u0434\u0435 \u0434\u043b\u044f \u043f\u0435\u043b\u0435\u043d\u0430\u043d\u0438\u044f (\u0421\u0428\u0410) Happypo - ShopsUSA","og_description":"\u041f\u043e\u0440\u0442\u0430\u0442\u0438\u0432\u043d\u043e\u0435 \u0431\u0438\u0434\u0435 \u0434\u043b\u044f \u043f\u0435\u043b\u0435\u043d\u0430\u043d\u0438\u044f. \u041f\u043e\u043c\u043e\u0433\u0430\u0435\u0442 \u043f\u043e\u0434\u043c\u044b\u0432\u0430\u0442\u044c \u0440\u0435\u0431\u0435\u043d\u043a\u0430 \u0433\u0434\u0435 \u0431\u044b \u043d\u0438 \u043f\u0440\u043e\u0438\u0441\u0445\u043e\u0434\u0438\u043b\u0430 \u043f\u0440\u043e\u0446\u0435\u0434\u0443\u0440\u0430 \u043f\u0435\u043b\u0435\u043d\u0430\u043d\u0438\u044f","og_url":"https:\/\/shops-usa.com\/cs\/produkt\/portativnoe-bide-dlya-pelenaniya-ssha-happypo\/?wmc-currency=CZK","og_site_name":"ShopsUSA","article_modified_time":"2024-12-18T14:35:33+00:00","og_image":[{"width":1183,"height":1500,"url":"https:\/\/shops-usa.com\/wp-content\/uploads\/2024\/12\/1-6.jpg","type":"image\/jpeg"}],"twitter_card":"summary_large_image","schema":{"@context":"https:\/\/schema.org","@graph":[{"@type":"WebPage","@id":"https:\/\/shops-usa.com\/product\/portativnoe-bide-dlya-pelenaniya-ssha-happypo\/","url":"https:\/\/shops-usa.com\/product\/portativnoe-bide-dlya-pelenaniya-ssha-happypo\/","name":"\u041f\u043e\u0440\u0442\u0430\u0442\u0438\u0432\u043d\u043e\u0435 \u0431\u0438\u0434\u0435 \u0434\u043b\u044f \u043f\u0435\u043b\u0435\u043d\u0430\u043d\u0438\u044f (\u0421\u0428\u0410) Happypo - ShopsUSA","isPartOf":{"@id":"https:\/\/shops-usa.com\/#website"},"primaryImageOfPage":{"@id":"https:\/\/shops-usa.com\/product\/portativnoe-bide-dlya-pelenaniya-ssha-happypo\/#primaryimage"},"image":{"@id":"https:\/\/shops-usa.com\/product\/portativnoe-bide-dlya-pelenaniya-ssha-happypo\/#primaryimage"},"thumbnailUrl":"https:\/\/shops-usa.com\/wp-content\/uploads\/2024\/12\/1-6.jpg","datePublished":"2024-12-18T14:34:17+00:00","dateModified":"2024-12-18T14:35:33+00:00","breadcrumb":{"@id":"https:\/\/shops-usa.com\/product\/portativnoe-bide-dlya-pelenaniya-ssha-happypo\/#breadcrumb"},"inLanguage":"cs","potentialAction":[{"@type":"ReadAction","target":["https:\/\/shops-usa.com\/product\/portativnoe-bide-dlya-pelenaniya-ssha-happypo\/"]}]},{"@type":"ImageObject","inLanguage":"cs","@id":"https:\/\/shops-usa.com\/product\/portativnoe-bide-dlya-pelenaniya-ssha-happypo\/#primaryimage","url":"https:\/\/shops-usa.com\/wp-content\/uploads\/2024\/12\/1-6.jpg","contentUrl":"https:\/\/shops-usa.com\/wp-content\/uploads\/2024\/12\/1-6.jpg","width":1183,"height":1500},{"@type":"BreadcrumbList","@id":"https:\/\/shops-usa.com\/product\/portativnoe-bide-dlya-pelenaniya-ssha-happypo\/#breadcrumb","itemListElement":[{"@type":"ListItem","position":1,"name":"Home","item":"https:\/\/shops-usa.com\/"},{"@type":"ListItem","position":2,"name":"\u041a\u0430\u0442\u0430\u043b\u043e\u0433","item":"https:\/\/shops-usa.com\/catalogue\/"},{"@type":"ListItem","position":3,"name":"\u041f\u043e\u0440\u0442\u0430\u0442\u0438\u0432\u043d\u043e\u0435 \u0431\u0438\u0434\u0435 \u0434\u043b\u044f \u043f\u0435\u043b\u0435\u043d\u0430\u043d\u0438\u044f (\u0421\u0428\u0410) Happypo"}]},{"@type":"WebSite","@id":"https:\/\/shops-usa.com\/#website","url":"https:\/\/shops-usa.com\/","name":"ShopsUSA","description":"Quality products from USA","publisher":{"@id":"https:\/\/shops-usa.com\/#organization"},"potentialAction":[{"@type":"SearchAction","target":{"@type":"EntryPoint","urlTemplate":"https:\/\/shops-usa.com\/?s={search_term_string}"},"query-input":{"@type":"PropertyValueSpecification","valueRequired":true,"valueName":"search_term_string"}}],"inLanguage":"cs"},{"@type":"Organization","@id":"https:\/\/shops-usa.com\/#organization","name":"SHOPS USA","alternateName":"SHOPS","url":"https:\/\/shops-usa.com\/","logo":{"@type":"ImageObject","inLanguage":"cs","@id":"https:\/\/shops-usa.com\/#\/schema\/logo\/image\/","url":"https:\/\/shops-usa.com\/wp-content\/uploads\/2025\/12\/letter_final_white-1.png","contentUrl":"https:\/\/shops-usa.com\/wp-content\/uploads\/2025\/12\/letter_final_white-1.png","width":1711,"height":1949,"caption":"SHOPS USA"},"image":{"@id":"https:\/\/shops-usa.com\/#\/schema\/logo\/image\/"}}]}},"_links":{"self":[{"href":"https:\/\/shops-usa.com\/cs\/wp-json\/wp\/v2\/product\/52","targetHints":{"allow":["GET"]}}],"collection":[{"href":"https:\/\/shops-usa.com\/cs\/wp-json\/wp\/v2\/product"}],"about":[{"href":"https:\/\/shops-usa.com\/cs\/wp-json\/wp\/v2\/types\/product"}],"replies":[{"embeddable":true,"href":"https:\/\/shops-usa.com\/cs\/wp-json\/wp\/v2\/comments?post=52"}],"wp:featuredmedia":[{"embeddable":true,"href":"https:\/\/shops-usa.com\/cs\/wp-json\/wp\/v2\/media\/105"}],"wp:attachment":[{"href":"https:\/\/shops-usa.com\/cs\/wp-json\/wp\/v2\/media?parent=52"}],"wp:term":[{"taxonomy":"product_brand","embeddable":true,"href":"https:\/\/shops-usa.com\/cs\/wp-json\/wp\/v2\/product_brand?post=52"},{"taxonomy":"product_cat","embeddable":true,"href":"https:\/\/shops-usa.com\/cs\/wp-json\/wp\/v2\/product_cat?post=52"},{"taxonomy":"product_tag","embeddable":true,"href":"https:\/\/shops-usa.com\/cs\/wp-json\/wp\/v2\/product_tag?post=52"}],"curies":[{"name":"wp","href":"https:\/\/api.w.org\/{rel}","templated":true}]}}