{"id":44,"date":"2024-12-18T14:34:16","date_gmt":"2024-12-18T14:34:16","guid":{"rendered":"https:\/\/shops-usa.com\/?post_type=product&#038;p=44"},"modified":"2025-09-17T12:51:47","modified_gmt":"2025-09-17T12:51:47","slug":"kompressionnyj-massazher-dlya-nog-s-podogrevom-ssha-reathlete","status":"publish","type":"product","link":"https:\/\/shops-usa.com\/cs\/produkt\/kompressionnyj-massazher-dlya-nog-s-podogrevom-ssha-reathlete\/","title":{"rendered":"Vyh\u0159\u00edvan\u00fd kompresn\u00ed mas\u00e1\u017en\u00ed p\u0159\u00edstroj na nohy (USA) Reathlete"},"content":{"rendered":"<p class=\"translation-block\">- 4 mas\u00e1\u017en\u00ed re\u017eimy<br>\n- 3 \u00farovn\u011b intenzity<br>\n- kompresn\u00ed mas\u00e1\u017en\u00ed p\u0159\u00edstroj<br>\n- tepeln\u00e1 terapie<br>\n- nohy, chodidla, l\u00fdtka, kolena a stehna<br>\n- zm\u00edr\u0148uje otoky a otoky<br>\n- zlep\u0161uje krevn\u00ed ob\u011bh v nohou<br>\n- odv\u00e1d\u00ed p\u0159ebyte\u010dnou kyselinu ml\u00e9\u010dnou<br>\n- vhodn\u00e9 pro osoby s v\u00fd\u0161kou 155\u2013188 cm.<br>\n- pro stehna do 70 cm.<br>\n- d\u00e1lkov\u00e9 ovl\u00e1d\u00e1n\u00ed pro nastaven\u00ed intenzity, teploty a mas\u00e1\u017en\u00edho re\u017eimu<br>\n- \u010dasova\u010d<br>\n- obsahuje \u00falo\u017en\u00fd a p\u0159epravn\u00ed obal<\/p>","protected":false},"excerpt":{"rendered":"<p>Vyh\u0159\u00edvan\u00fd kompresn\u00ed mas\u00e1\u017en\u00ed p\u0159\u00edstroj na nohy se 4 mas\u00e1\u017en\u00edmi re\u017eimy a 3 \u00farovn\u011bmi intenzity<\/p>","protected":false},"featured_media":76,"comment_status":"open","ping_status":"closed","template":"","meta":[],"product_brand":[],"product_cat":[18],"product_tag":[],"class_list":{"0":"post-44","1":"product","2":"type-product","3":"status-publish","4":"has-post-thumbnail","6":"product_cat-reathlete","8":"first","9":"instock","10":"sale","11":"shipping-taxable","12":"purchasable","13":"product-type-simple"},"yoast_head":"<!-- This site is optimized with the Yoast SEO plugin v26.6 - https:\/\/yoast.com\/wordpress\/plugins\/seo\/ -->\n<title>\u041a\u043e\u043c\u043f\u0440\u0435\u0441\u0441\u0438\u043e\u043d\u043d\u044b\u0439 \u043c\u0430\u0441\u0441\u0430\u0436\u0435\u0440 \u0434\u043b\u044f \u043d\u043e\u0433 \u0441 \u043f\u043e\u0434\u043e\u0433\u0440\u0435\u0432\u043e\u043c (\u0421\u0428\u0410) Reathlete - ShopsUSA<\/title>\n<meta name=\"robots\" content=\"index, follow, max-snippet:-1, max-image-preview:large, max-video-preview:-1\" \/>\n<link rel=\"canonical\" href=\"https:\/\/shops-usa.com\/cs\/produkt\/kompressionnyj-massazher-dlya-nog-s-podogrevom-ssha-reathlete\/?wmc-currency=CZK\" \/>\n<meta property=\"og:locale\" content=\"cs_CZ\" \/>\n<meta property=\"og:type\" content=\"article\" \/>\n<meta property=\"og:title\" content=\"\u041a\u043e\u043c\u043f\u0440\u0435\u0441\u0441\u0438\u043e\u043d\u043d\u044b\u0439 \u043c\u0430\u0441\u0441\u0430\u0436\u0435\u0440 \u0434\u043b\u044f \u043d\u043e\u0433 \u0441 \u043f\u043e\u0434\u043e\u0433\u0440\u0435\u0432\u043e\u043c (\u0421\u0428\u0410) Reathlete - ShopsUSA\" \/>\n<meta property=\"og:description\" content=\"\u041a\u043e\u043c\u043f\u0440\u0435\u0441\u0441\u0438\u043e\u043d\u043d\u044b\u0439 \u043c\u0430\u0441\u0441\u0430\u0436\u0435\u0440 \u0434\u043b\u044f \u043d\u043e\u0433 \u0441 \u043f\u043e\u0434\u043e\u0433\u0440\u0435\u0432\u043e\u043c. 4 \u0440\u0435\u0436\u0438\u043c\u0430 \u043c\u0430\u0441\u0441\u0430\u0436\u0430 \u0438 3 \u0443\u0440\u043e\u0432\u043d\u044f \u0438\u043d\u0442\u0435\u043d\u0441\u0438\u0432\u043d\u043e\u0441\u0442\u0438\" \/>\n<meta property=\"og:url\" content=\"https:\/\/shops-usa.com\/cs\/produkt\/kompressionnyj-massazher-dlya-nog-s-podogrevom-ssha-reathlete\/?wmc-currency=CZK\" \/>\n<meta property=\"og:site_name\" content=\"ShopsUSA\" \/>\n<meta property=\"article:modified_time\" content=\"2025-09-17T12:51:47+00:00\" \/>\n<meta property=\"og:image\" content=\"https:\/\/shops-usa.com\/wp-content\/uploads\/2024\/12\/1-2.jpg\" \/>\n\t<meta property=\"og:image:width\" content=\"1500\" \/>\n\t<meta property=\"og:image:height\" content=\"1498\" \/>\n\t<meta property=\"og:image:type\" content=\"image\/jpeg\" \/>\n<meta name=\"twitter:card\" content=\"summary_large_image\" \/>\n<script type=\"application\/ld+json\" class=\"yoast-schema-graph\">{\"@context\":\"https:\/\/schema.org\",\"@graph\":[{\"@type\":\"WebPage\",\"@id\":\"https:\/\/shops-usa.com\/product\/kompressionnyj-massazher-dlya-nog-s-podogrevom-ssha-reathlete\/\",\"url\":\"https:\/\/shops-usa.com\/product\/kompressionnyj-massazher-dlya-nog-s-podogrevom-ssha-reathlete\/\",\"name\":\"\u041a\u043e\u043c\u043f\u0440\u0435\u0441\u0441\u0438\u043e\u043d\u043d\u044b\u0439 \u043c\u0430\u0441\u0441\u0430\u0436\u0435\u0440 \u0434\u043b\u044f \u043d\u043e\u0433 \u0441 \u043f\u043e\u0434\u043e\u0433\u0440\u0435\u0432\u043e\u043c (\u0421\u0428\u0410) Reathlete - ShopsUSA\",\"isPartOf\":{\"@id\":\"https:\/\/shops-usa.com\/#website\"},\"primaryImageOfPage\":{\"@id\":\"https:\/\/shops-usa.com\/product\/kompressionnyj-massazher-dlya-nog-s-podogrevom-ssha-reathlete\/#primaryimage\"},\"image\":{\"@id\":\"https:\/\/shops-usa.com\/product\/kompressionnyj-massazher-dlya-nog-s-podogrevom-ssha-reathlete\/#primaryimage\"},\"thumbnailUrl\":\"https:\/\/shops-usa.com\/wp-content\/uploads\/2024\/12\/1-2.jpg\",\"datePublished\":\"2024-12-18T14:34:16+00:00\",\"dateModified\":\"2025-09-17T12:51:47+00:00\",\"breadcrumb\":{\"@id\":\"https:\/\/shops-usa.com\/product\/kompressionnyj-massazher-dlya-nog-s-podogrevom-ssha-reathlete\/#breadcrumb\"},\"inLanguage\":\"cs\",\"potentialAction\":[{\"@type\":\"ReadAction\",\"target\":[\"https:\/\/shops-usa.com\/product\/kompressionnyj-massazher-dlya-nog-s-podogrevom-ssha-reathlete\/\"]}]},{\"@type\":\"ImageObject\",\"inLanguage\":\"cs\",\"@id\":\"https:\/\/shops-usa.com\/product\/kompressionnyj-massazher-dlya-nog-s-podogrevom-ssha-reathlete\/#primaryimage\",\"url\":\"https:\/\/shops-usa.com\/wp-content\/uploads\/2024\/12\/1-2.jpg\",\"contentUrl\":\"https:\/\/shops-usa.com\/wp-content\/uploads\/2024\/12\/1-2.jpg\",\"width\":1500,\"height\":1498},{\"@type\":\"BreadcrumbList\",\"@id\":\"https:\/\/shops-usa.com\/product\/kompressionnyj-massazher-dlya-nog-s-podogrevom-ssha-reathlete\/#breadcrumb\",\"itemListElement\":[{\"@type\":\"ListItem\",\"position\":1,\"name\":\"Home\",\"item\":\"https:\/\/shops-usa.com\/\"},{\"@type\":\"ListItem\",\"position\":2,\"name\":\"\u041a\u0430\u0442\u0430\u043b\u043e\u0433\",\"item\":\"https:\/\/shops-usa.com\/catalogue\/\"},{\"@type\":\"ListItem\",\"position\":3,\"name\":\"\u041a\u043e\u043c\u043f\u0440\u0435\u0441\u0441\u0438\u043e\u043d\u043d\u044b\u0439 \u043c\u0430\u0441\u0441\u0430\u0436\u0435\u0440 \u0434\u043b\u044f \u043d\u043e\u0433 \u0441 \u043f\u043e\u0434\u043e\u0433\u0440\u0435\u0432\u043e\u043c (\u0421\u0428\u0410) Reathlete\"}]},{\"@type\":\"WebSite\",\"@id\":\"https:\/\/shops-usa.com\/#website\",\"url\":\"https:\/\/shops-usa.com\/\",\"name\":\"ShopsUSA\",\"description\":\"Quality products from USA\",\"publisher\":{\"@id\":\"https:\/\/shops-usa.com\/#organization\"},\"potentialAction\":[{\"@type\":\"SearchAction\",\"target\":{\"@type\":\"EntryPoint\",\"urlTemplate\":\"https:\/\/shops-usa.com\/?s={search_term_string}\"},\"query-input\":{\"@type\":\"PropertyValueSpecification\",\"valueRequired\":true,\"valueName\":\"search_term_string\"}}],\"inLanguage\":\"cs\"},{\"@type\":\"Organization\",\"@id\":\"https:\/\/shops-usa.com\/#organization\",\"name\":\"SHOPS USA\",\"alternateName\":\"SHOPS\",\"url\":\"https:\/\/shops-usa.com\/\",\"logo\":{\"@type\":\"ImageObject\",\"inLanguage\":\"cs\",\"@id\":\"https:\/\/shops-usa.com\/#\/schema\/logo\/image\/\",\"url\":\"https:\/\/shops-usa.com\/wp-content\/uploads\/2025\/12\/letter_final_white-1.png\",\"contentUrl\":\"https:\/\/shops-usa.com\/wp-content\/uploads\/2025\/12\/letter_final_white-1.png\",\"width\":1711,\"height\":1949,\"caption\":\"SHOPS USA\"},\"image\":{\"@id\":\"https:\/\/shops-usa.com\/#\/schema\/logo\/image\/\"}}]}<\/script>\n<!-- \/ Yoast SEO plugin. -->","yoast_head_json":{"title":"\u041a\u043e\u043c\u043f\u0440\u0435\u0441\u0441\u0438\u043e\u043d\u043d\u044b\u0439 \u043c\u0430\u0441\u0441\u0430\u0436\u0435\u0440 \u0434\u043b\u044f \u043d\u043e\u0433 \u0441 \u043f\u043e\u0434\u043e\u0433\u0440\u0435\u0432\u043e\u043c (\u0421\u0428\u0410) Reathlete - ShopsUSA","robots":{"index":"index","follow":"follow","max-snippet":"max-snippet:-1","max-image-preview":"max-image-preview:large","max-video-preview":"max-video-preview:-1"},"canonical":"https:\/\/shops-usa.com\/cs\/produkt\/kompressionnyj-massazher-dlya-nog-s-podogrevom-ssha-reathlete\/?wmc-currency=CZK","og_locale":"cs_CZ","og_type":"article","og_title":"\u041a\u043e\u043c\u043f\u0440\u0435\u0441\u0441\u0438\u043e\u043d\u043d\u044b\u0439 \u043c\u0430\u0441\u0441\u0430\u0436\u0435\u0440 \u0434\u043b\u044f \u043d\u043e\u0433 \u0441 \u043f\u043e\u0434\u043e\u0433\u0440\u0435\u0432\u043e\u043c (\u0421\u0428\u0410) Reathlete - ShopsUSA","og_description":"\u041a\u043e\u043c\u043f\u0440\u0435\u0441\u0441\u0438\u043e\u043d\u043d\u044b\u0439 \u043c\u0430\u0441\u0441\u0430\u0436\u0435\u0440 \u0434\u043b\u044f \u043d\u043e\u0433 \u0441 \u043f\u043e\u0434\u043e\u0433\u0440\u0435\u0432\u043e\u043c. 4 \u0440\u0435\u0436\u0438\u043c\u0430 \u043c\u0430\u0441\u0441\u0430\u0436\u0430 \u0438 3 \u0443\u0440\u043e\u0432\u043d\u044f \u0438\u043d\u0442\u0435\u043d\u0441\u0438\u0432\u043d\u043e\u0441\u0442\u0438","og_url":"https:\/\/shops-usa.com\/cs\/produkt\/kompressionnyj-massazher-dlya-nog-s-podogrevom-ssha-reathlete\/?wmc-currency=CZK","og_site_name":"ShopsUSA","article_modified_time":"2025-09-17T12:51:47+00:00","og_image":[{"width":1500,"height":1498,"url":"https:\/\/shops-usa.com\/wp-content\/uploads\/2024\/12\/1-2.jpg","type":"image\/jpeg"}],"twitter_card":"summary_large_image","schema":{"@context":"https:\/\/schema.org","@graph":[{"@type":"WebPage","@id":"https:\/\/shops-usa.com\/product\/kompressionnyj-massazher-dlya-nog-s-podogrevom-ssha-reathlete\/","url":"https:\/\/shops-usa.com\/product\/kompressionnyj-massazher-dlya-nog-s-podogrevom-ssha-reathlete\/","name":"\u041a\u043e\u043c\u043f\u0440\u0435\u0441\u0441\u0438\u043e\u043d\u043d\u044b\u0439 \u043c\u0430\u0441\u0441\u0430\u0436\u0435\u0440 \u0434\u043b\u044f \u043d\u043e\u0433 \u0441 \u043f\u043e\u0434\u043e\u0433\u0440\u0435\u0432\u043e\u043c (\u0421\u0428\u0410) Reathlete - ShopsUSA","isPartOf":{"@id":"https:\/\/shops-usa.com\/#website"},"primaryImageOfPage":{"@id":"https:\/\/shops-usa.com\/product\/kompressionnyj-massazher-dlya-nog-s-podogrevom-ssha-reathlete\/#primaryimage"},"image":{"@id":"https:\/\/shops-usa.com\/product\/kompressionnyj-massazher-dlya-nog-s-podogrevom-ssha-reathlete\/#primaryimage"},"thumbnailUrl":"https:\/\/shops-usa.com\/wp-content\/uploads\/2024\/12\/1-2.jpg","datePublished":"2024-12-18T14:34:16+00:00","dateModified":"2025-09-17T12:51:47+00:00","breadcrumb":{"@id":"https:\/\/shops-usa.com\/product\/kompressionnyj-massazher-dlya-nog-s-podogrevom-ssha-reathlete\/#breadcrumb"},"inLanguage":"cs","potentialAction":[{"@type":"ReadAction","target":["https:\/\/shops-usa.com\/product\/kompressionnyj-massazher-dlya-nog-s-podogrevom-ssha-reathlete\/"]}]},{"@type":"ImageObject","inLanguage":"cs","@id":"https:\/\/shops-usa.com\/product\/kompressionnyj-massazher-dlya-nog-s-podogrevom-ssha-reathlete\/#primaryimage","url":"https:\/\/shops-usa.com\/wp-content\/uploads\/2024\/12\/1-2.jpg","contentUrl":"https:\/\/shops-usa.com\/wp-content\/uploads\/2024\/12\/1-2.jpg","width":1500,"height":1498},{"@type":"BreadcrumbList","@id":"https:\/\/shops-usa.com\/product\/kompressionnyj-massazher-dlya-nog-s-podogrevom-ssha-reathlete\/#breadcrumb","itemListElement":[{"@type":"ListItem","position":1,"name":"Home","item":"https:\/\/shops-usa.com\/"},{"@type":"ListItem","position":2,"name":"\u041a\u0430\u0442\u0430\u043b\u043e\u0433","item":"https:\/\/shops-usa.com\/catalogue\/"},{"@type":"ListItem","position":3,"name":"\u041a\u043e\u043c\u043f\u0440\u0435\u0441\u0441\u0438\u043e\u043d\u043d\u044b\u0439 \u043c\u0430\u0441\u0441\u0430\u0436\u0435\u0440 \u0434\u043b\u044f \u043d\u043e\u0433 \u0441 \u043f\u043e\u0434\u043e\u0433\u0440\u0435\u0432\u043e\u043c (\u0421\u0428\u0410) Reathlete"}]},{"@type":"WebSite","@id":"https:\/\/shops-usa.com\/#website","url":"https:\/\/shops-usa.com\/","name":"ShopsUSA","description":"Quality products from USA","publisher":{"@id":"https:\/\/shops-usa.com\/#organization"},"potentialAction":[{"@type":"SearchAction","target":{"@type":"EntryPoint","urlTemplate":"https:\/\/shops-usa.com\/?s={search_term_string}"},"query-input":{"@type":"PropertyValueSpecification","valueRequired":true,"valueName":"search_term_string"}}],"inLanguage":"cs"},{"@type":"Organization","@id":"https:\/\/shops-usa.com\/#organization","name":"SHOPS USA","alternateName":"SHOPS","url":"https:\/\/shops-usa.com\/","logo":{"@type":"ImageObject","inLanguage":"cs","@id":"https:\/\/shops-usa.com\/#\/schema\/logo\/image\/","url":"https:\/\/shops-usa.com\/wp-content\/uploads\/2025\/12\/letter_final_white-1.png","contentUrl":"https:\/\/shops-usa.com\/wp-content\/uploads\/2025\/12\/letter_final_white-1.png","width":1711,"height":1949,"caption":"SHOPS USA"},"image":{"@id":"https:\/\/shops-usa.com\/#\/schema\/logo\/image\/"}}]}},"_links":{"self":[{"href":"https:\/\/shops-usa.com\/cs\/wp-json\/wp\/v2\/product\/44","targetHints":{"allow":["GET"]}}],"collection":[{"href":"https:\/\/shops-usa.com\/cs\/wp-json\/wp\/v2\/product"}],"about":[{"href":"https:\/\/shops-usa.com\/cs\/wp-json\/wp\/v2\/types\/product"}],"replies":[{"embeddable":true,"href":"https:\/\/shops-usa.com\/cs\/wp-json\/wp\/v2\/comments?post=44"}],"wp:featuredmedia":[{"embeddable":true,"href":"https:\/\/shops-usa.com\/cs\/wp-json\/wp\/v2\/media\/76"}],"wp:attachment":[{"href":"https:\/\/shops-usa.com\/cs\/wp-json\/wp\/v2\/media?parent=44"}],"wp:term":[{"taxonomy":"product_brand","embeddable":true,"href":"https:\/\/shops-usa.com\/cs\/wp-json\/wp\/v2\/product_brand?post=44"},{"taxonomy":"product_cat","embeddable":true,"href":"https:\/\/shops-usa.com\/cs\/wp-json\/wp\/v2\/product_cat?post=44"},{"taxonomy":"product_tag","embeddable":true,"href":"https:\/\/shops-usa.com\/cs\/wp-json\/wp\/v2\/product_tag?post=44"}],"curies":[{"name":"wp","href":"https:\/\/api.w.org\/{rel}","templated":true}]}}