{"id":42,"date":"2024-12-18T14:34:16","date_gmt":"2024-12-18T14:34:16","guid":{"rendered":"https:\/\/shops-usa.com\/?post_type=product&#038;p=42"},"modified":"2025-11-08T08:10:19","modified_gmt":"2025-11-08T08:10:19","slug":"maska-dlya-uhoda-za-kozhej-licza-ssha-aphrona","status":"publish","type":"product","link":"https:\/\/shops-usa.com\/cs\/produkt\/maska-dlya-uhoda-za-kozhej-licza-ssha-aphrona\/","title":{"rendered":"Aphrona (\u0421\u0428\u0410) Maska pro p\u00e9\u010di o ple\u0165 obli\u010deje"},"content":{"rendered":"<p>V\u00fdkon a kvalita \u010dip\u016f jsou kl\u00ed\u010dov\u00e9 v o\u0161et\u0159en\u00ed pleti LED. Maska Afrona obsahuje LED \u010dipy s 99% \u00fa\u010dinnost\u00ed. Je ide\u00e1ln\u00ed pro l\u00e9\u010dbu v\u0159ed\u016f, cystick\u00e9ho akn\u00e9 a \u010dern\u00fdch te\u010dek, ni\u010d\u00ed bakterie zp\u016fsobuj\u00edc\u00ed pup\u00ednky a vyr\u00e1\u017eky. Minimalizuje p\u00f3ry, vyhlazuje vr\u00e1sky, redukuje pigmentaci a zarudnut\u00ed pleti, podporuje tvorbu kolagenu a elastinu a sni\u017euje otoky. Akn\u00e9 vznik\u00e1, kdy\u017e na\u0161e \u017el\u00e1zy produkuj\u00ed nadm\u011brn\u00e9 mno\u017estv\u00ed ko\u017en\u00edho mazu (oleje), kter\u00fd ucp\u00e1v\u00e1 p\u00f3ry a umo\u017e\u0148uje r\u016fst bakteri\u00ed. Maska Afrona je \u00fa\u010dinn\u00e1, \u00fa\u010dinn\u00e1 a p\u0159\u00edrodn\u00ed metoda pro dosa\u017een\u00ed \u010dist\u00e9 a zdrav\u00e9 pleti. Lze ji pou\u017e\u00edt na jak\u00fdkoli typ pleti. B\u011bhem n\u011bkolika minut denn\u011b m\u016f\u017eete l\u00e9\u010dit st\u00e1vaj\u00edc\u00ed akn\u00e9, minimalizovat vyr\u00e1\u017eky a obnovit \u010dist\u00fd a zdrav\u00fd vzhled pleti. K dispozici je 10 nastaven\u00ed intenzity a 3 nastaven\u00ed barev pro r\u016fzn\u00e9 ko\u017en\u00ed probl\u00e9my (modr\u00e1, zelen\u00e1 a \u010derven\u00e1). Doba o\u0161et\u0159en\u00ed se pohybuje od 5 do 50 minut. Odoln\u00e9 proti po\u0161kr\u00e1b\u00e1n\u00ed. \u00dalo\u017en\u00e9 pouzdro. Navr\u017eeno a vyrobeno v USA. Rozm\u011bry a hmotnost: 30 x 23 x 15 cm, 1,8 kg.<\/p>","protected":false},"excerpt":{"rendered":"<p>Maska Afrona je siln\u00e1, \u00fa\u010dinn\u00e1 a p\u0159\u00edrodn\u00ed metoda pro dosa\u017een\u00ed \u010dist\u00e9 a zdrav\u00e9 pleti.<\/p>","protected":false},"featured_media":68,"comment_status":"open","ping_status":"closed","template":"","meta":[],"product_brand":[],"product_cat":[16],"product_tag":[],"class_list":{"0":"post-42","1":"product","2":"type-product","3":"status-publish","4":"has-post-thumbnail","6":"product_cat-aphrona","8":"first","9":"instock","10":"sale","11":"shipping-taxable","12":"purchasable","13":"product-type-simple"},"yoast_head":"<!-- This site is optimized with the Yoast SEO plugin v26.6 - https:\/\/yoast.com\/wordpress\/plugins\/seo\/ -->\n<title>\u041c\u0430\u0441\u043a\u0430 \u0434\u043b\u044f \u0443\u0445\u043e\u0434\u0430 \u0437\u0430 \u043a\u043e\u0436\u0435\u0439 \u043b\u0438\u0446\u0430 (\u0421\u0428\u0410) Aphrona - ShopsUSA<\/title>\n<meta name=\"robots\" content=\"index, follow, max-snippet:-1, max-image-preview:large, max-video-preview:-1\" \/>\n<link rel=\"canonical\" href=\"https:\/\/shops-usa.com\/cs\/produkt\/maska-dlya-uhoda-za-kozhej-licza-ssha-aphrona\/?wmc-currency=CZK\" \/>\n<meta property=\"og:locale\" content=\"cs_CZ\" \/>\n<meta property=\"og:type\" content=\"article\" \/>\n<meta property=\"og:title\" content=\"\u041c\u0430\u0441\u043a\u0430 \u0434\u043b\u044f \u0443\u0445\u043e\u0434\u0430 \u0437\u0430 \u043a\u043e\u0436\u0435\u0439 \u043b\u0438\u0446\u0430 (\u0421\u0428\u0410) Aphrona - ShopsUSA\" \/>\n<meta property=\"og:description\" content=\"\u041c\u0430\u0441\u043a\u0430 Aphrona - \u044d\u0442\u043e \u043c\u043e\u0449\u043d\u044b\u0439, \u044d\u0444\u0444\u0435\u043a\u0442\u0438\u0432\u043d\u044b\u0439 \u0438 \u043d\u0430\u0442\u0443\u0440\u0430\u043b\u044c\u043d\u044b\u0439 \u043c\u0435\u0442\u043e\u0434, \u043f\u043e\u043c\u043e\u0433\u0430\u044e\u0449\u0438\u0439 \u0434\u043e\u0431\u0438\u0442\u044c\u0441\u044f \u0447\u0438\u0441\u0442\u043e\u0439 \u0438 \u0437\u0434\u043e\u0440\u043e\u0432\u043e\u0439 \u043a\u043e\u0436\u0438.\" \/>\n<meta property=\"og:url\" content=\"https:\/\/shops-usa.com\/cs\/produkt\/maska-dlya-uhoda-za-kozhej-licza-ssha-aphrona\/?wmc-currency=CZK\" \/>\n<meta property=\"og:site_name\" content=\"ShopsUSA\" \/>\n<meta property=\"article:modified_time\" content=\"2025-11-08T08:10:19+00:00\" \/>\n<meta property=\"og:image\" content=\"https:\/\/shops-usa.com\/wp-content\/uploads\/2024\/12\/1.jpg\" \/>\n\t<meta property=\"og:image:width\" content=\"1500\" \/>\n\t<meta property=\"og:image:height\" content=\"1500\" \/>\n\t<meta property=\"og:image:type\" content=\"image\/jpeg\" \/>\n<meta name=\"twitter:card\" content=\"summary_large_image\" \/>\n<script type=\"application\/ld+json\" class=\"yoast-schema-graph\">{\"@context\":\"https:\/\/schema.org\",\"@graph\":[{\"@type\":\"WebPage\",\"@id\":\"https:\/\/shops-usa.com\/product\/maska-dlya-uhoda-za-kozhej-licza-ssha-aphrona\/\",\"url\":\"https:\/\/shops-usa.com\/product\/maska-dlya-uhoda-za-kozhej-licza-ssha-aphrona\/\",\"name\":\"\u041c\u0430\u0441\u043a\u0430 \u0434\u043b\u044f \u0443\u0445\u043e\u0434\u0430 \u0437\u0430 \u043a\u043e\u0436\u0435\u0439 \u043b\u0438\u0446\u0430 (\u0421\u0428\u0410) Aphrona - ShopsUSA\",\"isPartOf\":{\"@id\":\"https:\/\/shops-usa.com\/#website\"},\"primaryImageOfPage\":{\"@id\":\"https:\/\/shops-usa.com\/product\/maska-dlya-uhoda-za-kozhej-licza-ssha-aphrona\/#primaryimage\"},\"image\":{\"@id\":\"https:\/\/shops-usa.com\/product\/maska-dlya-uhoda-za-kozhej-licza-ssha-aphrona\/#primaryimage\"},\"thumbnailUrl\":\"https:\/\/shops-usa.com\/wp-content\/uploads\/2024\/12\/1.jpg\",\"datePublished\":\"2024-12-18T14:34:16+00:00\",\"dateModified\":\"2025-11-08T08:10:19+00:00\",\"breadcrumb\":{\"@id\":\"https:\/\/shops-usa.com\/product\/maska-dlya-uhoda-za-kozhej-licza-ssha-aphrona\/#breadcrumb\"},\"inLanguage\":\"cs\",\"potentialAction\":[{\"@type\":\"ReadAction\",\"target\":[\"https:\/\/shops-usa.com\/product\/maska-dlya-uhoda-za-kozhej-licza-ssha-aphrona\/\"]}]},{\"@type\":\"ImageObject\",\"inLanguage\":\"cs\",\"@id\":\"https:\/\/shops-usa.com\/product\/maska-dlya-uhoda-za-kozhej-licza-ssha-aphrona\/#primaryimage\",\"url\":\"https:\/\/shops-usa.com\/wp-content\/uploads\/2024\/12\/1.jpg\",\"contentUrl\":\"https:\/\/shops-usa.com\/wp-content\/uploads\/2024\/12\/1.jpg\",\"width\":1500,\"height\":1500},{\"@type\":\"BreadcrumbList\",\"@id\":\"https:\/\/shops-usa.com\/product\/maska-dlya-uhoda-za-kozhej-licza-ssha-aphrona\/#breadcrumb\",\"itemListElement\":[{\"@type\":\"ListItem\",\"position\":1,\"name\":\"Home\",\"item\":\"https:\/\/shops-usa.com\/\"},{\"@type\":\"ListItem\",\"position\":2,\"name\":\"\u041a\u0430\u0442\u0430\u043b\u043e\u0433\",\"item\":\"https:\/\/shops-usa.com\/catalogue\/\"},{\"@type\":\"ListItem\",\"position\":3,\"name\":\"\u041c\u0430\u0441\u043a\u0430 \u0434\u043b\u044f \u0443\u0445\u043e\u0434\u0430 \u0437\u0430 \u043a\u043e\u0436\u0435\u0439 \u043b\u0438\u0446\u0430 (\u0421\u0428\u0410) Aphrona\"}]},{\"@type\":\"WebSite\",\"@id\":\"https:\/\/shops-usa.com\/#website\",\"url\":\"https:\/\/shops-usa.com\/\",\"name\":\"ShopsUSA\",\"description\":\"Quality products from USA\",\"publisher\":{\"@id\":\"https:\/\/shops-usa.com\/#organization\"},\"potentialAction\":[{\"@type\":\"SearchAction\",\"target\":{\"@type\":\"EntryPoint\",\"urlTemplate\":\"https:\/\/shops-usa.com\/?s={search_term_string}\"},\"query-input\":{\"@type\":\"PropertyValueSpecification\",\"valueRequired\":true,\"valueName\":\"search_term_string\"}}],\"inLanguage\":\"cs\"},{\"@type\":\"Organization\",\"@id\":\"https:\/\/shops-usa.com\/#organization\",\"name\":\"SHOPS USA\",\"alternateName\":\"SHOPS\",\"url\":\"https:\/\/shops-usa.com\/\",\"logo\":{\"@type\":\"ImageObject\",\"inLanguage\":\"cs\",\"@id\":\"https:\/\/shops-usa.com\/#\/schema\/logo\/image\/\",\"url\":\"https:\/\/shops-usa.com\/wp-content\/uploads\/2025\/12\/letter_final_white-1.png\",\"contentUrl\":\"https:\/\/shops-usa.com\/wp-content\/uploads\/2025\/12\/letter_final_white-1.png\",\"width\":1711,\"height\":1949,\"caption\":\"SHOPS USA\"},\"image\":{\"@id\":\"https:\/\/shops-usa.com\/#\/schema\/logo\/image\/\"}}]}<\/script>\n<!-- \/ Yoast SEO plugin. -->","yoast_head_json":{"title":"\u041c\u0430\u0441\u043a\u0430 \u0434\u043b\u044f \u0443\u0445\u043e\u0434\u0430 \u0437\u0430 \u043a\u043e\u0436\u0435\u0439 \u043b\u0438\u0446\u0430 (\u0421\u0428\u0410) Aphrona - ShopsUSA","robots":{"index":"index","follow":"follow","max-snippet":"max-snippet:-1","max-image-preview":"max-image-preview:large","max-video-preview":"max-video-preview:-1"},"canonical":"https:\/\/shops-usa.com\/cs\/produkt\/maska-dlya-uhoda-za-kozhej-licza-ssha-aphrona\/?wmc-currency=CZK","og_locale":"cs_CZ","og_type":"article","og_title":"\u041c\u0430\u0441\u043a\u0430 \u0434\u043b\u044f \u0443\u0445\u043e\u0434\u0430 \u0437\u0430 \u043a\u043e\u0436\u0435\u0439 \u043b\u0438\u0446\u0430 (\u0421\u0428\u0410) Aphrona - ShopsUSA","og_description":"\u041c\u0430\u0441\u043a\u0430 Aphrona - \u044d\u0442\u043e \u043c\u043e\u0449\u043d\u044b\u0439, \u044d\u0444\u0444\u0435\u043a\u0442\u0438\u0432\u043d\u044b\u0439 \u0438 \u043d\u0430\u0442\u0443\u0440\u0430\u043b\u044c\u043d\u044b\u0439 \u043c\u0435\u0442\u043e\u0434, \u043f\u043e\u043c\u043e\u0433\u0430\u044e\u0449\u0438\u0439 \u0434\u043e\u0431\u0438\u0442\u044c\u0441\u044f \u0447\u0438\u0441\u0442\u043e\u0439 \u0438 \u0437\u0434\u043e\u0440\u043e\u0432\u043e\u0439 \u043a\u043e\u0436\u0438.","og_url":"https:\/\/shops-usa.com\/cs\/produkt\/maska-dlya-uhoda-za-kozhej-licza-ssha-aphrona\/?wmc-currency=CZK","og_site_name":"ShopsUSA","article_modified_time":"2025-11-08T08:10:19+00:00","og_image":[{"width":1500,"height":1500,"url":"https:\/\/shops-usa.com\/wp-content\/uploads\/2024\/12\/1.jpg","type":"image\/jpeg"}],"twitter_card":"summary_large_image","schema":{"@context":"https:\/\/schema.org","@graph":[{"@type":"WebPage","@id":"https:\/\/shops-usa.com\/product\/maska-dlya-uhoda-za-kozhej-licza-ssha-aphrona\/","url":"https:\/\/shops-usa.com\/product\/maska-dlya-uhoda-za-kozhej-licza-ssha-aphrona\/","name":"\u041c\u0430\u0441\u043a\u0430 \u0434\u043b\u044f \u0443\u0445\u043e\u0434\u0430 \u0437\u0430 \u043a\u043e\u0436\u0435\u0439 \u043b\u0438\u0446\u0430 (\u0421\u0428\u0410) Aphrona - ShopsUSA","isPartOf":{"@id":"https:\/\/shops-usa.com\/#website"},"primaryImageOfPage":{"@id":"https:\/\/shops-usa.com\/product\/maska-dlya-uhoda-za-kozhej-licza-ssha-aphrona\/#primaryimage"},"image":{"@id":"https:\/\/shops-usa.com\/product\/maska-dlya-uhoda-za-kozhej-licza-ssha-aphrona\/#primaryimage"},"thumbnailUrl":"https:\/\/shops-usa.com\/wp-content\/uploads\/2024\/12\/1.jpg","datePublished":"2024-12-18T14:34:16+00:00","dateModified":"2025-11-08T08:10:19+00:00","breadcrumb":{"@id":"https:\/\/shops-usa.com\/product\/maska-dlya-uhoda-za-kozhej-licza-ssha-aphrona\/#breadcrumb"},"inLanguage":"cs","potentialAction":[{"@type":"ReadAction","target":["https:\/\/shops-usa.com\/product\/maska-dlya-uhoda-za-kozhej-licza-ssha-aphrona\/"]}]},{"@type":"ImageObject","inLanguage":"cs","@id":"https:\/\/shops-usa.com\/product\/maska-dlya-uhoda-za-kozhej-licza-ssha-aphrona\/#primaryimage","url":"https:\/\/shops-usa.com\/wp-content\/uploads\/2024\/12\/1.jpg","contentUrl":"https:\/\/shops-usa.com\/wp-content\/uploads\/2024\/12\/1.jpg","width":1500,"height":1500},{"@type":"BreadcrumbList","@id":"https:\/\/shops-usa.com\/product\/maska-dlya-uhoda-za-kozhej-licza-ssha-aphrona\/#breadcrumb","itemListElement":[{"@type":"ListItem","position":1,"name":"Home","item":"https:\/\/shops-usa.com\/"},{"@type":"ListItem","position":2,"name":"\u041a\u0430\u0442\u0430\u043b\u043e\u0433","item":"https:\/\/shops-usa.com\/catalogue\/"},{"@type":"ListItem","position":3,"name":"\u041c\u0430\u0441\u043a\u0430 \u0434\u043b\u044f \u0443\u0445\u043e\u0434\u0430 \u0437\u0430 \u043a\u043e\u0436\u0435\u0439 \u043b\u0438\u0446\u0430 (\u0421\u0428\u0410) Aphrona"}]},{"@type":"WebSite","@id":"https:\/\/shops-usa.com\/#website","url":"https:\/\/shops-usa.com\/","name":"ShopsUSA","description":"Quality products from USA","publisher":{"@id":"https:\/\/shops-usa.com\/#organization"},"potentialAction":[{"@type":"SearchAction","target":{"@type":"EntryPoint","urlTemplate":"https:\/\/shops-usa.com\/?s={search_term_string}"},"query-input":{"@type":"PropertyValueSpecification","valueRequired":true,"valueName":"search_term_string"}}],"inLanguage":"cs"},{"@type":"Organization","@id":"https:\/\/shops-usa.com\/#organization","name":"SHOPS USA","alternateName":"SHOPS","url":"https:\/\/shops-usa.com\/","logo":{"@type":"ImageObject","inLanguage":"cs","@id":"https:\/\/shops-usa.com\/#\/schema\/logo\/image\/","url":"https:\/\/shops-usa.com\/wp-content\/uploads\/2025\/12\/letter_final_white-1.png","contentUrl":"https:\/\/shops-usa.com\/wp-content\/uploads\/2025\/12\/letter_final_white-1.png","width":1711,"height":1949,"caption":"SHOPS USA"},"image":{"@id":"https:\/\/shops-usa.com\/#\/schema\/logo\/image\/"}}]}},"_links":{"self":[{"href":"https:\/\/shops-usa.com\/cs\/wp-json\/wp\/v2\/product\/42","targetHints":{"allow":["GET"]}}],"collection":[{"href":"https:\/\/shops-usa.com\/cs\/wp-json\/wp\/v2\/product"}],"about":[{"href":"https:\/\/shops-usa.com\/cs\/wp-json\/wp\/v2\/types\/product"}],"replies":[{"embeddable":true,"href":"https:\/\/shops-usa.com\/cs\/wp-json\/wp\/v2\/comments?post=42"}],"wp:featuredmedia":[{"embeddable":true,"href":"https:\/\/shops-usa.com\/cs\/wp-json\/wp\/v2\/media\/68"}],"wp:attachment":[{"href":"https:\/\/shops-usa.com\/cs\/wp-json\/wp\/v2\/media?parent=42"}],"wp:term":[{"taxonomy":"product_brand","embeddable":true,"href":"https:\/\/shops-usa.com\/cs\/wp-json\/wp\/v2\/product_brand?post=42"},{"taxonomy":"product_cat","embeddable":true,"href":"https:\/\/shops-usa.com\/cs\/wp-json\/wp\/v2\/product_cat?post=42"},{"taxonomy":"product_tag","embeddable":true,"href":"https:\/\/shops-usa.com\/cs\/wp-json\/wp\/v2\/product_tag?post=42"}],"curies":[{"name":"wp","href":"https:\/\/api.w.org\/{rel}","templated":true}]}}