{"id":50,"date":"2024-12-18T14:34:17","date_gmt":"2024-12-18T14:34:17","guid":{"rendered":"https:\/\/shops-usa.com\/?post_type=product&#038;p=50"},"modified":"2024-12-18T14:35:22","modified_gmt":"2024-12-18T14:35:22","slug":"dyhatelnyj-trenazher-ssha-breatherfit","status":"publish","type":"product","link":"https:\/\/shops-usa.com\/bs\/proizvod\/dyhatelnyj-trenazher-ssha-breatherfit\/","title":{"rendered":"Trener disanja (SAD) BreatherFit"},"content":{"rendered":"<p>BreathFit trena\u017eer za plu\u0107a je prenosiv i jednostavan za kori\u0161tenje, radi i na udisaj i na izdisaj, lako se \u010disti i trajat \u0107e dugi niz godina uz dobro odr\u017eavanje. Zahvaljuju\u0107i modernom dizajnu, ima mnogo podesivih postavki pritiska koje poma\u017eu u treniranju plu\u0107a i pobolj\u0161avaju protok kisika u va\u0161e tijelo. Trening s kisikom poma\u017ee u pobolj\u0161anju ukupnih ljudskih fizi\u010dkih performansi. Trena\u017eer poma\u017ee u pobolj\u0161anju performansi u sportu i drugim kardiovaskularnim aktivnostima, smanjuje kratko\u0107u daha koja ograni\u010dava vje\u017ebanje, a istovremeno ubrzava oporavak. Idealan je za profesionalne sporta\u0161e, osobe koje pate od respiratornih i sr\u010danih bolesti. Veli\u010dina i te\u017eina proizvoda: 14 x 14 x 5 cm; 82 g.<\/p>","protected":false},"excerpt":{"rendered":"<p>Simulator disanja, prenosiv i jednostavan za kori\u0161tenje, radi i na udisaj i na izdisaj, lako se \u010disti i uz dobru podr\u0161ku trajat \u0107e dugi niz godina.<\/p>","protected":false},"featured_media":98,"comment_status":"open","ping_status":"closed","template":"","meta":[],"product_brand":[],"product_cat":[24],"product_tag":[],"class_list":{"0":"post-50","1":"product","2":"type-product","3":"status-publish","4":"has-post-thumbnail","6":"product_cat-beatherfit","8":"first","9":"instock","10":"sale","11":"shipping-taxable","12":"purchasable","13":"product-type-simple"},"yoast_head":"<!-- This site is optimized with the Yoast SEO plugin v26.6 - https:\/\/yoast.com\/wordpress\/plugins\/seo\/ -->\n<title>\u0414\u044b\u0445\u0430\u0442\u0435\u043b\u044c\u043d\u044b\u0439 \u0442\u0440\u0435\u043d\u0430\u0436\u0435\u0440 (\u0421\u0428\u0410) BreatherFit - ShopsUSA<\/title>\n<meta name=\"robots\" content=\"index, follow, max-snippet:-1, max-image-preview:large, max-video-preview:-1\" \/>\n<link rel=\"canonical\" href=\"https:\/\/shops-usa.com\/bs\/proizvod\/dyhatelnyj-trenazher-ssha-breatherfit\/?wmc-currency=BAM\" \/>\n<meta property=\"og:locale\" content=\"bs_BA\" \/>\n<meta property=\"og:type\" content=\"article\" \/>\n<meta property=\"og:title\" content=\"\u0414\u044b\u0445\u0430\u0442\u0435\u043b\u044c\u043d\u044b\u0439 \u0442\u0440\u0435\u043d\u0430\u0436\u0435\u0440 (\u0421\u0428\u0410) BreatherFit - ShopsUSA\" \/>\n<meta property=\"og:description\" content=\"\u0414\u044b\u0445\u0430\u0442\u0435\u043b\u044c\u043d\u044b\u0439 \u0442\u0440\u0435\u043d\u0430\u0436\u0435\u0440, \u043f\u043e\u0440\u0442\u0430\u0442\u0438\u0432\u043d\u044b\u0439 \u0438 \u043f\u0440\u043e\u0441\u0442 \u0432 \u043f\u0440\u0438\u043c\u0435\u043d\u0435\u043d\u0438\u0438, \u0440\u0430\u0431\u043e\u0442\u0430\u0435\u0442 \u043a\u0430\u043a \u0438 \u043d\u0430 \u0432\u0434\u043e\u0445 \u0442\u0430\u043a \u043d\u0430 \u0432\u044b\u0434\u043e\u0445, \u043b\u0435\u0433\u043a\u043e \u0447\u0438\u0441\u0442\u0438\u0442\u0441\u044f \u0438 \u043f\u0440\u0438 \u0445\u043e\u0440\u043e\u0448\u0435\u0439 \u043f\u043e\u0434\u0434\u0435\u0440\u0436\u043a\u0435 \u043f\u0440\u043e\u0441\u043b\u0443\u0436\u0438\u0442 \u043c\u043d\u043e\u0433\u043e \u043b\u0435\u0442.\" \/>\n<meta property=\"og:url\" content=\"https:\/\/shops-usa.com\/bs\/proizvod\/dyhatelnyj-trenazher-ssha-breatherfit\/?wmc-currency=BAM\" \/>\n<meta property=\"og:site_name\" content=\"ShopsUSA\" \/>\n<meta property=\"article:modified_time\" content=\"2024-12-18T14:35:22+00:00\" \/>\n<meta property=\"og:image\" content=\"https:\/\/shops-usa.com\/wp-content\/uploads\/2024\/12\/1-5.jpg\" \/>\n\t<meta property=\"og:image:width\" content=\"1233\" \/>\n\t<meta property=\"og:image:height\" content=\"838\" \/>\n\t<meta property=\"og:image:type\" content=\"image\/jpeg\" \/>\n<meta name=\"twitter:card\" content=\"summary_large_image\" \/>\n<script type=\"application\/ld+json\" class=\"yoast-schema-graph\">{\"@context\":\"https:\/\/schema.org\",\"@graph\":[{\"@type\":\"WebPage\",\"@id\":\"https:\/\/shops-usa.com\/product\/dyhatelnyj-trenazher-ssha-breatherfit\/\",\"url\":\"https:\/\/shops-usa.com\/product\/dyhatelnyj-trenazher-ssha-breatherfit\/\",\"name\":\"\u0414\u044b\u0445\u0430\u0442\u0435\u043b\u044c\u043d\u044b\u0439 \u0442\u0440\u0435\u043d\u0430\u0436\u0435\u0440 (\u0421\u0428\u0410) BreatherFit - ShopsUSA\",\"isPartOf\":{\"@id\":\"https:\/\/shops-usa.com\/#website\"},\"primaryImageOfPage\":{\"@id\":\"https:\/\/shops-usa.com\/product\/dyhatelnyj-trenazher-ssha-breatherfit\/#primaryimage\"},\"image\":{\"@id\":\"https:\/\/shops-usa.com\/product\/dyhatelnyj-trenazher-ssha-breatherfit\/#primaryimage\"},\"thumbnailUrl\":\"https:\/\/shops-usa.com\/wp-content\/uploads\/2024\/12\/1-5.jpg\",\"datePublished\":\"2024-12-18T14:34:17+00:00\",\"dateModified\":\"2024-12-18T14:35:22+00:00\",\"breadcrumb\":{\"@id\":\"https:\/\/shops-usa.com\/product\/dyhatelnyj-trenazher-ssha-breatherfit\/#breadcrumb\"},\"inLanguage\":\"bs-BA\",\"potentialAction\":[{\"@type\":\"ReadAction\",\"target\":[\"https:\/\/shops-usa.com\/product\/dyhatelnyj-trenazher-ssha-breatherfit\/\"]}]},{\"@type\":\"ImageObject\",\"inLanguage\":\"bs-BA\",\"@id\":\"https:\/\/shops-usa.com\/product\/dyhatelnyj-trenazher-ssha-breatherfit\/#primaryimage\",\"url\":\"https:\/\/shops-usa.com\/wp-content\/uploads\/2024\/12\/1-5.jpg\",\"contentUrl\":\"https:\/\/shops-usa.com\/wp-content\/uploads\/2024\/12\/1-5.jpg\",\"width\":1233,\"height\":838},{\"@type\":\"BreadcrumbList\",\"@id\":\"https:\/\/shops-usa.com\/product\/dyhatelnyj-trenazher-ssha-breatherfit\/#breadcrumb\",\"itemListElement\":[{\"@type\":\"ListItem\",\"position\":1,\"name\":\"Home\",\"item\":\"https:\/\/shops-usa.com\/\"},{\"@type\":\"ListItem\",\"position\":2,\"name\":\"\u041a\u0430\u0442\u0430\u043b\u043e\u0433\",\"item\":\"https:\/\/shops-usa.com\/catalogue\/\"},{\"@type\":\"ListItem\",\"position\":3,\"name\":\"\u0414\u044b\u0445\u0430\u0442\u0435\u043b\u044c\u043d\u044b\u0439 \u0442\u0440\u0435\u043d\u0430\u0436\u0435\u0440 (\u0421\u0428\u0410) BreatherFit\"}]},{\"@type\":\"WebSite\",\"@id\":\"https:\/\/shops-usa.com\/#website\",\"url\":\"https:\/\/shops-usa.com\/\",\"name\":\"ShopsUSA\",\"description\":\"Quality products from USA\",\"publisher\":{\"@id\":\"https:\/\/shops-usa.com\/#organization\"},\"potentialAction\":[{\"@type\":\"SearchAction\",\"target\":{\"@type\":\"EntryPoint\",\"urlTemplate\":\"https:\/\/shops-usa.com\/?s={search_term_string}\"},\"query-input\":{\"@type\":\"PropertyValueSpecification\",\"valueRequired\":true,\"valueName\":\"search_term_string\"}}],\"inLanguage\":\"bs-BA\"},{\"@type\":\"Organization\",\"@id\":\"https:\/\/shops-usa.com\/#organization\",\"name\":\"SHOPS USA\",\"alternateName\":\"SHOPS\",\"url\":\"https:\/\/shops-usa.com\/\",\"logo\":{\"@type\":\"ImageObject\",\"inLanguage\":\"bs-BA\",\"@id\":\"https:\/\/shops-usa.com\/#\/schema\/logo\/image\/\",\"url\":\"https:\/\/shops-usa.com\/wp-content\/uploads\/2025\/12\/letter_final_white-1.png\",\"contentUrl\":\"https:\/\/shops-usa.com\/wp-content\/uploads\/2025\/12\/letter_final_white-1.png\",\"width\":1711,\"height\":1949,\"caption\":\"SHOPS USA\"},\"image\":{\"@id\":\"https:\/\/shops-usa.com\/#\/schema\/logo\/image\/\"}}]}<\/script>\n<!-- \/ Yoast SEO plugin. -->","yoast_head_json":{"title":"\u0414\u044b\u0445\u0430\u0442\u0435\u043b\u044c\u043d\u044b\u0439 \u0442\u0440\u0435\u043d\u0430\u0436\u0435\u0440 (\u0421\u0428\u0410) BreatherFit - ShopsUSA","robots":{"index":"index","follow":"follow","max-snippet":"max-snippet:-1","max-image-preview":"max-image-preview:large","max-video-preview":"max-video-preview:-1"},"canonical":"https:\/\/shops-usa.com\/bs\/proizvod\/dyhatelnyj-trenazher-ssha-breatherfit\/?wmc-currency=BAM","og_locale":"bs_BA","og_type":"article","og_title":"\u0414\u044b\u0445\u0430\u0442\u0435\u043b\u044c\u043d\u044b\u0439 \u0442\u0440\u0435\u043d\u0430\u0436\u0435\u0440 (\u0421\u0428\u0410) BreatherFit - ShopsUSA","og_description":"\u0414\u044b\u0445\u0430\u0442\u0435\u043b\u044c\u043d\u044b\u0439 \u0442\u0440\u0435\u043d\u0430\u0436\u0435\u0440, \u043f\u043e\u0440\u0442\u0430\u0442\u0438\u0432\u043d\u044b\u0439 \u0438 \u043f\u0440\u043e\u0441\u0442 \u0432 \u043f\u0440\u0438\u043c\u0435\u043d\u0435\u043d\u0438\u0438, \u0440\u0430\u0431\u043e\u0442\u0430\u0435\u0442 \u043a\u0430\u043a \u0438 \u043d\u0430 \u0432\u0434\u043e\u0445 \u0442\u0430\u043a \u043d\u0430 \u0432\u044b\u0434\u043e\u0445, \u043b\u0435\u0433\u043a\u043e \u0447\u0438\u0441\u0442\u0438\u0442\u0441\u044f \u0438 \u043f\u0440\u0438 \u0445\u043e\u0440\u043e\u0448\u0435\u0439 \u043f\u043e\u0434\u0434\u0435\u0440\u0436\u043a\u0435 \u043f\u0440\u043e\u0441\u043b\u0443\u0436\u0438\u0442 \u043c\u043d\u043e\u0433\u043e \u043b\u0435\u0442.","og_url":"https:\/\/shops-usa.com\/bs\/proizvod\/dyhatelnyj-trenazher-ssha-breatherfit\/?wmc-currency=BAM","og_site_name":"ShopsUSA","article_modified_time":"2024-12-18T14:35:22+00:00","og_image":[{"width":1233,"height":838,"url":"https:\/\/shops-usa.com\/wp-content\/uploads\/2024\/12\/1-5.jpg","type":"image\/jpeg"}],"twitter_card":"summary_large_image","schema":{"@context":"https:\/\/schema.org","@graph":[{"@type":"WebPage","@id":"https:\/\/shops-usa.com\/product\/dyhatelnyj-trenazher-ssha-breatherfit\/","url":"https:\/\/shops-usa.com\/product\/dyhatelnyj-trenazher-ssha-breatherfit\/","name":"\u0414\u044b\u0445\u0430\u0442\u0435\u043b\u044c\u043d\u044b\u0439 \u0442\u0440\u0435\u043d\u0430\u0436\u0435\u0440 (\u0421\u0428\u0410) BreatherFit - ShopsUSA","isPartOf":{"@id":"https:\/\/shops-usa.com\/#website"},"primaryImageOfPage":{"@id":"https:\/\/shops-usa.com\/product\/dyhatelnyj-trenazher-ssha-breatherfit\/#primaryimage"},"image":{"@id":"https:\/\/shops-usa.com\/product\/dyhatelnyj-trenazher-ssha-breatherfit\/#primaryimage"},"thumbnailUrl":"https:\/\/shops-usa.com\/wp-content\/uploads\/2024\/12\/1-5.jpg","datePublished":"2024-12-18T14:34:17+00:00","dateModified":"2024-12-18T14:35:22+00:00","breadcrumb":{"@id":"https:\/\/shops-usa.com\/product\/dyhatelnyj-trenazher-ssha-breatherfit\/#breadcrumb"},"inLanguage":"bs-BA","potentialAction":[{"@type":"ReadAction","target":["https:\/\/shops-usa.com\/product\/dyhatelnyj-trenazher-ssha-breatherfit\/"]}]},{"@type":"ImageObject","inLanguage":"bs-BA","@id":"https:\/\/shops-usa.com\/product\/dyhatelnyj-trenazher-ssha-breatherfit\/#primaryimage","url":"https:\/\/shops-usa.com\/wp-content\/uploads\/2024\/12\/1-5.jpg","contentUrl":"https:\/\/shops-usa.com\/wp-content\/uploads\/2024\/12\/1-5.jpg","width":1233,"height":838},{"@type":"BreadcrumbList","@id":"https:\/\/shops-usa.com\/product\/dyhatelnyj-trenazher-ssha-breatherfit\/#breadcrumb","itemListElement":[{"@type":"ListItem","position":1,"name":"Home","item":"https:\/\/shops-usa.com\/"},{"@type":"ListItem","position":2,"name":"\u041a\u0430\u0442\u0430\u043b\u043e\u0433","item":"https:\/\/shops-usa.com\/catalogue\/"},{"@type":"ListItem","position":3,"name":"\u0414\u044b\u0445\u0430\u0442\u0435\u043b\u044c\u043d\u044b\u0439 \u0442\u0440\u0435\u043d\u0430\u0436\u0435\u0440 (\u0421\u0428\u0410) BreatherFit"}]},{"@type":"WebSite","@id":"https:\/\/shops-usa.com\/#website","url":"https:\/\/shops-usa.com\/","name":"ShopsUSA","description":"Quality products from USA","publisher":{"@id":"https:\/\/shops-usa.com\/#organization"},"potentialAction":[{"@type":"SearchAction","target":{"@type":"EntryPoint","urlTemplate":"https:\/\/shops-usa.com\/?s={search_term_string}"},"query-input":{"@type":"PropertyValueSpecification","valueRequired":true,"valueName":"search_term_string"}}],"inLanguage":"bs-BA"},{"@type":"Organization","@id":"https:\/\/shops-usa.com\/#organization","name":"SHOPS USA","alternateName":"SHOPS","url":"https:\/\/shops-usa.com\/","logo":{"@type":"ImageObject","inLanguage":"bs-BA","@id":"https:\/\/shops-usa.com\/#\/schema\/logo\/image\/","url":"https:\/\/shops-usa.com\/wp-content\/uploads\/2025\/12\/letter_final_white-1.png","contentUrl":"https:\/\/shops-usa.com\/wp-content\/uploads\/2025\/12\/letter_final_white-1.png","width":1711,"height":1949,"caption":"SHOPS USA"},"image":{"@id":"https:\/\/shops-usa.com\/#\/schema\/logo\/image\/"}}]}},"_links":{"self":[{"href":"https:\/\/shops-usa.com\/bs\/wp-json\/wp\/v2\/product\/50","targetHints":{"allow":["GET"]}}],"collection":[{"href":"https:\/\/shops-usa.com\/bs\/wp-json\/wp\/v2\/product"}],"about":[{"href":"https:\/\/shops-usa.com\/bs\/wp-json\/wp\/v2\/types\/product"}],"replies":[{"embeddable":true,"href":"https:\/\/shops-usa.com\/bs\/wp-json\/wp\/v2\/comments?post=50"}],"wp:featuredmedia":[{"embeddable":true,"href":"https:\/\/shops-usa.com\/bs\/wp-json\/wp\/v2\/media\/98"}],"wp:attachment":[{"href":"https:\/\/shops-usa.com\/bs\/wp-json\/wp\/v2\/media?parent=50"}],"wp:term":[{"taxonomy":"product_brand","embeddable":true,"href":"https:\/\/shops-usa.com\/bs\/wp-json\/wp\/v2\/product_brand?post=50"},{"taxonomy":"product_cat","embeddable":true,"href":"https:\/\/shops-usa.com\/bs\/wp-json\/wp\/v2\/product_cat?post=50"},{"taxonomy":"product_tag","embeddable":true,"href":"https:\/\/shops-usa.com\/bs\/wp-json\/wp\/v2\/product_tag?post=50"}],"curies":[{"name":"wp","href":"https:\/\/api.w.org\/{rel}","templated":true}]}}