{"id":64,"date":"2024-12-18T14:34:19","date_gmt":"2024-12-18T14:34:19","guid":{"rendered":"https:\/\/shops-usa.com\/?post_type=product&#038;p=64"},"modified":"2025-12-28T11:34:31","modified_gmt":"2025-12-28T11:34:31","slug":"massazher-gel-nuface-krem-i-applikator-dlya-mikrotokovoj-terapii-licza-ssha-nabor-nuface-trinity","status":"publish","type":"product","link":"https:\/\/shops-usa.com\/az\/product\/massazher-gel-nuface-krem-i-applikator-dlya-mikrotokovoj-terapii-licza-ssha-nabor-nuface-trinity\/","title":{"rendered":"NuFACE Trinity Kit (AB\u015e): ELLE masaj aparat\u0131, LED qo\u015fqu, kosmetik \u00e7anta, gel, krem, serum v\u0259 mikro c\u0259r\u0259yan \u00fcz terapiyas\u0131 aplikatoru"},"content":{"rendered":"<p>NuFACE Trinity \u00fcz\u00fcn v\u0259 boyunun geni\u015f sah\u0259l\u0259rini yum\u015faq bir \u015f\u0259kild\u0259 stimulla\u015fd\u0131r\u0131r (mikro c\u0259r\u0259yan terapiyas\u0131), \u00fcz v\u0259 boyun konturunu v\u0259 tonunu yax\u015f\u0131la\u015fd\u0131rma\u011fa k\u00f6m\u0259k edir, inc\u0259 x\u0259tt v\u0259 q\u0131r\u0131\u015flar\u0131n g\u00f6r\u00fcn\u00fc\u015f\u00fcn\u00fc azaltma\u011fa k\u00f6m\u0259k edir. Trinity-n\u0131n \u0259n b\u00f6y\u00fck g\u00fcc\u00fc onun sad\u0259 v\u0259 intuitiv dizayn\u0131ndad\u0131r ki, bu da siz\u0259 ist\u0259nil\u0259n vaxt, ist\u0259nil\u0259n yerd\u0259 5 d\u0259qiq\u0259lik g\u00f6z\u0259llik prosedurunu s\u0259yl\u0259 yerin\u0259 yetirm\u0259y\u0259 imkan verir. NuFACE Trinity-n\u0131n rahatl\u0131\u011f\u0131 v\u0259 rahatl\u0131\u011f\u0131 il\u0259 pe\u015f\u0259kar d\u0259riy\u0259 qulluq prosedurlar\u0131n\u0131n n\u0259tic\u0259l\u0259rini \u0259ld\u0259 edin. Ya\u015fland\u0131qca b\u0259d\u0259nimizin t\u0259bii ax\u0131n\u0131 yava\u015flama\u011fa ba\u015flay\u0131r (madd\u0259l\u0259r m\u00fcbadil\u0259si kimi), d\u0259rinin sallanmas\u0131na v\u0259 konturun itirilm\u0259sin\u0259 s\u0259b\u0259b olur. Mikro c\u0259r\u0259yan b\u0259d\u0259nin t\u0259bii ax\u0131n\u0131 t\u0259qlid ed\u0259n v\u0259 d\u0259rhal v\u0259 k\u00fcm\u00fclatif n\u0259tic\u0259l\u0259r ver\u0259 bil\u0259n sakitl\u0259\u015fdirici, a\u015fa\u011f\u0131 s\u0259viyy\u0259li c\u0259r\u0259yand\u0131r. NuFACE \u00fcz v\u0259 q\u0131r\u0131\u015flar\u0131n azald\u0131lmas\u0131 prosedurlar\u0131 FDA t\u0259r\u0259find\u0259n t\u0259sdiql\u0259nmi\u015f cihazlard\u0131r, \u0259n y\u00fcks\u0259k keyfiyy\u0259t standartlar\u0131na uy\u011fun istehsal olunur v\u0259 d\u0259rinizi yax\u015f\u0131la\u015fd\u0131rmaq \u00fc\u00e7\u00fcn n\u0259z\u0259rd\u0259 tutulmu\u015fdur ki, g\u00fcnd\u0259n-g\u00fcn\u0259 \u0259n yax\u015f\u0131 g\u00f6r\u00fcn\u0259 v\u0259 hiss ed\u0259siniz. Tam doldurulmu\u015f cihaz g\u00fcnd\u0259lik 5-20 d\u0259qiq\u0259 istifad\u0259 etm\u0259kl\u0259 1-2 h\u0259ft\u0259 davam edir. NuFACE d\u0259stin\u0259 a\u015fa\u011f\u0131dak\u0131lar daxildir:<\/p>\n<p class=\"translation-block\">NuFACE Trinity \u00dcz Tonlay\u0131c\u0131 Cihaz<br>\nNuFace ELLE \u018flav\u0259si<br>\nNuFace LED \u018flav\u0259si<br>\nNuFace Gel - 90ml<br>\nNuFace Serum - 150ml<br>\nNuFace kremi - 150ml<br>\nNuFace Aplikatoru<br>\nNuFace Brendli \u00c7anta<br>\n\u0130stifad\u0259\u00e7i t\u0259limat\u0131<br>\nDoldurma bazas\u0131<br>\n\u015earj cihaz\u0131<\/p>","protected":false},"excerpt":{"rendered":"<p>NuFace Trinity masaj\u00e7\u0131s\u0131, gel, krem \u200b\u200bv\u0259 mikro c\u0259r\u0259yan \u00fcz aplikatoru. NuFACE Trinity-nin rahatl\u0131\u011f\u0131 v\u0259 rahatl\u0131\u011f\u0131 il\u0259 pe\u015f\u0259kar d\u0259riy\u0259 qulluq prosedurlar\u0131n\u0131n n\u0259tic\u0259l\u0259rini \u0259ld\u0259 edin.<\/p>","protected":false},"featured_media":779,"comment_status":"open","ping_status":"closed","template":"","meta":[],"product_brand":[],"product_cat":[29],"product_tag":[],"class_list":{"0":"post-64","1":"product","2":"type-product","3":"status-publish","4":"has-post-thumbnail","6":"product_cat-nuface","8":"first","9":"instock","10":"sale","11":"shipping-taxable","12":"purchasable","13":"product-type-simple"},"yoast_head":"<!-- This site is optimized with the Yoast SEO plugin v26.6 - https:\/\/yoast.com\/wordpress\/plugins\/seo\/ -->\n<title>\u041d\u0430\u0431\u043e\u0440 NuFACE Trinity (\u0421\u0428\u0410) \u041c\u0430\u0441\u0441\u0430\u0436\u0435\u0440 \u043d\u0430\u0441\u0430\u0434\u043a\u0430 ELLE, \u043d\u0430\u0441\u0430\u0434\u043a\u0430 LED, \u043a\u043e\u0441\u043c\u0435\u0442\u0438\u0447\u043a\u0430, \u0433\u0435\u043b\u044c, \u043a\u0440\u0435\u043c, \u0441\u044b\u0432\u043e\u0440\u043e\u0442\u043a\u0430, \u0430\u043f\u043f\u043b\u0438\u043a\u0430\u0442\u043e\u0440 \u0434\u043b\u044f \u043c\u0438\u043a\u0440\u043e\u0442\u043e\u043a\u043e\u0432\u043e\u0439 \u0442\u0435\u0440\u0430\u043f\u0438\u0438 \u043b\u0438\u0446\u0430 - ShopsUSA<\/title>\n<meta name=\"robots\" content=\"index, follow, max-snippet:-1, max-image-preview:large, max-video-preview:-1\" \/>\n<link rel=\"canonical\" href=\"https:\/\/shops-usa.com\/az\/product\/massazher-gel-nuface-krem-i-applikator-dlya-mikrotokovoj-terapii-licza-ssha-nabor-nuface-trinity\/?wmc-currency=AZN\" \/>\n<meta property=\"og:locale\" content=\"az_AZ\" \/>\n<meta property=\"og:type\" content=\"article\" \/>\n<meta property=\"og:title\" content=\"\u041d\u0430\u0431\u043e\u0440 NuFACE Trinity (\u0421\u0428\u0410) \u041c\u0430\u0441\u0441\u0430\u0436\u0435\u0440 \u043d\u0430\u0441\u0430\u0434\u043a\u0430 ELLE, \u043d\u0430\u0441\u0430\u0434\u043a\u0430 LED, \u043a\u043e\u0441\u043c\u0435\u0442\u0438\u0447\u043a\u0430, \u0433\u0435\u043b\u044c, \u043a\u0440\u0435\u043c, \u0441\u044b\u0432\u043e\u0440\u043e\u0442\u043a\u0430, \u0430\u043f\u043f\u043b\u0438\u043a\u0430\u0442\u043e\u0440 \u0434\u043b\u044f \u043c\u0438\u043a\u0440\u043e\u0442\u043e\u043a\u043e\u0432\u043e\u0439 \u0442\u0435\u0440\u0430\u043f\u0438\u0438 \u043b\u0438\u0446\u0430 - ShopsUSA\" \/>\n<meta property=\"og:description\" content=\"\u041c\u0430\u0441\u0441\u0430\u0436\u0435\u0440, \u0433\u0435\u043b\u044c NuFace, \u043a\u0440\u0435\u043c \u0438 \u0430\u043f\u043f\u043b\u0438\u043a\u0430\u0442\u043e\u0440 \u0434\u043b\u044f \u043c\u0438\u043a\u0440\u043e\u0442\u043e\u043a\u043e\u0432\u043e\u0439 \u0442\u0435\u0440\u0430\u043f\u0438\u0438 \u043b\u0438\u0446\u0430. \u041f\u043e\u043b\u0443\u0447\u0438\u0442\u0435 \u0440\u0435\u0437\u0443\u043b\u044c\u0442\u0430\u0442\u044b \u043f\u0440\u043e\u0444\u0435\u0441\u0441\u0438\u043e\u043d\u0430\u043b\u044c\u043d\u044b\u0445 \u043f\u0440\u043e\u0446\u0435\u0434\u0443\u0440 \u043f\u043e \u0443\u0445\u043e\u0434\u0443 \u0437\u0430 \u043a\u043e\u0436\u0435\u0439 \u0441 \u043b\u0435\u0433\u043a\u043e\u0441\u0442\u044c\u044e \u0438 \u0443\u0434\u043e\u0431\u0441\u0442\u0432\u043e\u043c NuFACE Trinity.\" \/>\n<meta property=\"og:url\" content=\"https:\/\/shops-usa.com\/az\/product\/massazher-gel-nuface-krem-i-applikator-dlya-mikrotokovoj-terapii-licza-ssha-nabor-nuface-trinity\/?wmc-currency=AZN\" \/>\n<meta property=\"og:site_name\" content=\"ShopsUSA\" \/>\n<meta property=\"article:modified_time\" content=\"2025-12-28T11:34:31+00:00\" \/>\n<meta property=\"og:image\" content=\"https:\/\/shops-usa.com\/wp-content\/uploads\/2024\/12\/71.jpg\" \/>\n\t<meta property=\"og:image:width\" content=\"1263\" \/>\n\t<meta property=\"og:image:height\" content=\"1141\" \/>\n\t<meta property=\"og:image:type\" content=\"image\/jpeg\" \/>\n<meta name=\"twitter:card\" content=\"summary_large_image\" \/>\n<script type=\"application\/ld+json\" class=\"yoast-schema-graph\">{\"@context\":\"https:\/\/schema.org\",\"@graph\":[{\"@type\":\"WebPage\",\"@id\":\"https:\/\/shops-usa.com\/product\/massazher-gel-nuface-krem-i-applikator-dlya-mikrotokovoj-terapii-licza-ssha-nabor-nuface-trinity\/\",\"url\":\"https:\/\/shops-usa.com\/product\/massazher-gel-nuface-krem-i-applikator-dlya-mikrotokovoj-terapii-licza-ssha-nabor-nuface-trinity\/\",\"name\":\"\u041d\u0430\u0431\u043e\u0440 NuFACE Trinity (\u0421\u0428\u0410) \u041c\u0430\u0441\u0441\u0430\u0436\u0435\u0440 \u043d\u0430\u0441\u0430\u0434\u043a\u0430 ELLE, \u043d\u0430\u0441\u0430\u0434\u043a\u0430 LED, \u043a\u043e\u0441\u043c\u0435\u0442\u0438\u0447\u043a\u0430, \u0433\u0435\u043b\u044c, \u043a\u0440\u0435\u043c, \u0441\u044b\u0432\u043e\u0440\u043e\u0442\u043a\u0430, \u0430\u043f\u043f\u043b\u0438\u043a\u0430\u0442\u043e\u0440 \u0434\u043b\u044f \u043c\u0438\u043a\u0440\u043e\u0442\u043e\u043a\u043e\u0432\u043e\u0439 \u0442\u0435\u0440\u0430\u043f\u0438\u0438 \u043b\u0438\u0446\u0430 - ShopsUSA\",\"isPartOf\":{\"@id\":\"https:\/\/shops-usa.com\/#website\"},\"primaryImageOfPage\":{\"@id\":\"https:\/\/shops-usa.com\/product\/massazher-gel-nuface-krem-i-applikator-dlya-mikrotokovoj-terapii-licza-ssha-nabor-nuface-trinity\/#primaryimage\"},\"image\":{\"@id\":\"https:\/\/shops-usa.com\/product\/massazher-gel-nuface-krem-i-applikator-dlya-mikrotokovoj-terapii-licza-ssha-nabor-nuface-trinity\/#primaryimage\"},\"thumbnailUrl\":\"https:\/\/shops-usa.com\/wp-content\/uploads\/2024\/12\/71.jpg\",\"datePublished\":\"2024-12-18T14:34:19+00:00\",\"dateModified\":\"2025-12-28T11:34:31+00:00\",\"breadcrumb\":{\"@id\":\"https:\/\/shops-usa.com\/product\/massazher-gel-nuface-krem-i-applikator-dlya-mikrotokovoj-terapii-licza-ssha-nabor-nuface-trinity\/#breadcrumb\"},\"inLanguage\":\"az\",\"potentialAction\":[{\"@type\":\"ReadAction\",\"target\":[\"https:\/\/shops-usa.com\/product\/massazher-gel-nuface-krem-i-applikator-dlya-mikrotokovoj-terapii-licza-ssha-nabor-nuface-trinity\/\"]}]},{\"@type\":\"ImageObject\",\"inLanguage\":\"az\",\"@id\":\"https:\/\/shops-usa.com\/product\/massazher-gel-nuface-krem-i-applikator-dlya-mikrotokovoj-terapii-licza-ssha-nabor-nuface-trinity\/#primaryimage\",\"url\":\"https:\/\/shops-usa.com\/wp-content\/uploads\/2024\/12\/71.jpg\",\"contentUrl\":\"https:\/\/shops-usa.com\/wp-content\/uploads\/2024\/12\/71.jpg\",\"width\":1263,\"height\":1141},{\"@type\":\"BreadcrumbList\",\"@id\":\"https:\/\/shops-usa.com\/product\/massazher-gel-nuface-krem-i-applikator-dlya-mikrotokovoj-terapii-licza-ssha-nabor-nuface-trinity\/#breadcrumb\",\"itemListElement\":[{\"@type\":\"ListItem\",\"position\":1,\"name\":\"Home\",\"item\":\"https:\/\/shops-usa.com\/\"},{\"@type\":\"ListItem\",\"position\":2,\"name\":\"\u041a\u0430\u0442\u0430\u043b\u043e\u0433\",\"item\":\"https:\/\/shops-usa.com\/catalogue\/\"},{\"@type\":\"ListItem\",\"position\":3,\"name\":\"\u041d\u0430\u0431\u043e\u0440 NuFACE Trinity (\u0421\u0428\u0410) \u041c\u0430\u0441\u0441\u0430\u0436\u0435\u0440 \u043d\u0430\u0441\u0430\u0434\u043a\u0430 ELLE, \u043d\u0430\u0441\u0430\u0434\u043a\u0430 LED, \u043a\u043e\u0441\u043c\u0435\u0442\u0438\u0447\u043a\u0430, \u0433\u0435\u043b\u044c, \u043a\u0440\u0435\u043c, \u0441\u044b\u0432\u043e\u0440\u043e\u0442\u043a\u0430, \u0430\u043f\u043f\u043b\u0438\u043a\u0430\u0442\u043e\u0440 \u0434\u043b\u044f \u043c\u0438\u043a\u0440\u043e\u0442\u043e\u043a\u043e\u0432\u043e\u0439 \u0442\u0435\u0440\u0430\u043f\u0438\u0438 \u043b\u0438\u0446\u0430\"}]},{\"@type\":\"WebSite\",\"@id\":\"https:\/\/shops-usa.com\/#website\",\"url\":\"https:\/\/shops-usa.com\/\",\"name\":\"ShopsUSA\",\"description\":\"Quality products from USA\",\"publisher\":{\"@id\":\"https:\/\/shops-usa.com\/#organization\"},\"potentialAction\":[{\"@type\":\"SearchAction\",\"target\":{\"@type\":\"EntryPoint\",\"urlTemplate\":\"https:\/\/shops-usa.com\/?s={search_term_string}\"},\"query-input\":{\"@type\":\"PropertyValueSpecification\",\"valueRequired\":true,\"valueName\":\"search_term_string\"}}],\"inLanguage\":\"az\"},{\"@type\":\"Organization\",\"@id\":\"https:\/\/shops-usa.com\/#organization\",\"name\":\"SHOPS USA\",\"alternateName\":\"SHOPS\",\"url\":\"https:\/\/shops-usa.com\/\",\"logo\":{\"@type\":\"ImageObject\",\"inLanguage\":\"az\",\"@id\":\"https:\/\/shops-usa.com\/#\/schema\/logo\/image\/\",\"url\":\"https:\/\/shops-usa.com\/wp-content\/uploads\/2025\/12\/letter_final_white-1.png\",\"contentUrl\":\"https:\/\/shops-usa.com\/wp-content\/uploads\/2025\/12\/letter_final_white-1.png\",\"width\":1711,\"height\":1949,\"caption\":\"SHOPS USA\"},\"image\":{\"@id\":\"https:\/\/shops-usa.com\/#\/schema\/logo\/image\/\"}}]}<\/script>\n<!-- \/ Yoast SEO plugin. -->","yoast_head_json":{"title":"\u041d\u0430\u0431\u043e\u0440 NuFACE Trinity (\u0421\u0428\u0410) \u041c\u0430\u0441\u0441\u0430\u0436\u0435\u0440 \u043d\u0430\u0441\u0430\u0434\u043a\u0430 ELLE, \u043d\u0430\u0441\u0430\u0434\u043a\u0430 LED, \u043a\u043e\u0441\u043c\u0435\u0442\u0438\u0447\u043a\u0430, \u0433\u0435\u043b\u044c, \u043a\u0440\u0435\u043c, \u0441\u044b\u0432\u043e\u0440\u043e\u0442\u043a\u0430, \u0430\u043f\u043f\u043b\u0438\u043a\u0430\u0442\u043e\u0440 \u0434\u043b\u044f \u043c\u0438\u043a\u0440\u043e\u0442\u043e\u043a\u043e\u0432\u043e\u0439 \u0442\u0435\u0440\u0430\u043f\u0438\u0438 \u043b\u0438\u0446\u0430 - ShopsUSA","robots":{"index":"index","follow":"follow","max-snippet":"max-snippet:-1","max-image-preview":"max-image-preview:large","max-video-preview":"max-video-preview:-1"},"canonical":"https:\/\/shops-usa.com\/az\/product\/massazher-gel-nuface-krem-i-applikator-dlya-mikrotokovoj-terapii-licza-ssha-nabor-nuface-trinity\/?wmc-currency=AZN","og_locale":"az_AZ","og_type":"article","og_title":"\u041d\u0430\u0431\u043e\u0440 NuFACE Trinity (\u0421\u0428\u0410) \u041c\u0430\u0441\u0441\u0430\u0436\u0435\u0440 \u043d\u0430\u0441\u0430\u0434\u043a\u0430 ELLE, \u043d\u0430\u0441\u0430\u0434\u043a\u0430 LED, \u043a\u043e\u0441\u043c\u0435\u0442\u0438\u0447\u043a\u0430, \u0433\u0435\u043b\u044c, \u043a\u0440\u0435\u043c, \u0441\u044b\u0432\u043e\u0440\u043e\u0442\u043a\u0430, \u0430\u043f\u043f\u043b\u0438\u043a\u0430\u0442\u043e\u0440 \u0434\u043b\u044f \u043c\u0438\u043a\u0440\u043e\u0442\u043e\u043a\u043e\u0432\u043e\u0439 \u0442\u0435\u0440\u0430\u043f\u0438\u0438 \u043b\u0438\u0446\u0430 - ShopsUSA","og_description":"\u041c\u0430\u0441\u0441\u0430\u0436\u0435\u0440, \u0433\u0435\u043b\u044c NuFace, \u043a\u0440\u0435\u043c \u0438 \u0430\u043f\u043f\u043b\u0438\u043a\u0430\u0442\u043e\u0440 \u0434\u043b\u044f \u043c\u0438\u043a\u0440\u043e\u0442\u043e\u043a\u043e\u0432\u043e\u0439 \u0442\u0435\u0440\u0430\u043f\u0438\u0438 \u043b\u0438\u0446\u0430. \u041f\u043e\u043b\u0443\u0447\u0438\u0442\u0435 \u0440\u0435\u0437\u0443\u043b\u044c\u0442\u0430\u0442\u044b \u043f\u0440\u043e\u0444\u0435\u0441\u0441\u0438\u043e\u043d\u0430\u043b\u044c\u043d\u044b\u0445 \u043f\u0440\u043e\u0446\u0435\u0434\u0443\u0440 \u043f\u043e \u0443\u0445\u043e\u0434\u0443 \u0437\u0430 \u043a\u043e\u0436\u0435\u0439 \u0441 \u043b\u0435\u0433\u043a\u043e\u0441\u0442\u044c\u044e \u0438 \u0443\u0434\u043e\u0431\u0441\u0442\u0432\u043e\u043c NuFACE Trinity.","og_url":"https:\/\/shops-usa.com\/az\/product\/massazher-gel-nuface-krem-i-applikator-dlya-mikrotokovoj-terapii-licza-ssha-nabor-nuface-trinity\/?wmc-currency=AZN","og_site_name":"ShopsUSA","article_modified_time":"2025-12-28T11:34:31+00:00","og_image":[{"width":1263,"height":1141,"url":"https:\/\/shops-usa.com\/wp-content\/uploads\/2024\/12\/71.jpg","type":"image\/jpeg"}],"twitter_card":"summary_large_image","schema":{"@context":"https:\/\/schema.org","@graph":[{"@type":"WebPage","@id":"https:\/\/shops-usa.com\/product\/massazher-gel-nuface-krem-i-applikator-dlya-mikrotokovoj-terapii-licza-ssha-nabor-nuface-trinity\/","url":"https:\/\/shops-usa.com\/product\/massazher-gel-nuface-krem-i-applikator-dlya-mikrotokovoj-terapii-licza-ssha-nabor-nuface-trinity\/","name":"\u041d\u0430\u0431\u043e\u0440 NuFACE Trinity (\u0421\u0428\u0410) \u041c\u0430\u0441\u0441\u0430\u0436\u0435\u0440 \u043d\u0430\u0441\u0430\u0434\u043a\u0430 ELLE, \u043d\u0430\u0441\u0430\u0434\u043a\u0430 LED, \u043a\u043e\u0441\u043c\u0435\u0442\u0438\u0447\u043a\u0430, \u0433\u0435\u043b\u044c, \u043a\u0440\u0435\u043c, \u0441\u044b\u0432\u043e\u0440\u043e\u0442\u043a\u0430, \u0430\u043f\u043f\u043b\u0438\u043a\u0430\u0442\u043e\u0440 \u0434\u043b\u044f \u043c\u0438\u043a\u0440\u043e\u0442\u043e\u043a\u043e\u0432\u043e\u0439 \u0442\u0435\u0440\u0430\u043f\u0438\u0438 \u043b\u0438\u0446\u0430 - ShopsUSA","isPartOf":{"@id":"https:\/\/shops-usa.com\/#website"},"primaryImageOfPage":{"@id":"https:\/\/shops-usa.com\/product\/massazher-gel-nuface-krem-i-applikator-dlya-mikrotokovoj-terapii-licza-ssha-nabor-nuface-trinity\/#primaryimage"},"image":{"@id":"https:\/\/shops-usa.com\/product\/massazher-gel-nuface-krem-i-applikator-dlya-mikrotokovoj-terapii-licza-ssha-nabor-nuface-trinity\/#primaryimage"},"thumbnailUrl":"https:\/\/shops-usa.com\/wp-content\/uploads\/2024\/12\/71.jpg","datePublished":"2024-12-18T14:34:19+00:00","dateModified":"2025-12-28T11:34:31+00:00","breadcrumb":{"@id":"https:\/\/shops-usa.com\/product\/massazher-gel-nuface-krem-i-applikator-dlya-mikrotokovoj-terapii-licza-ssha-nabor-nuface-trinity\/#breadcrumb"},"inLanguage":"az","potentialAction":[{"@type":"ReadAction","target":["https:\/\/shops-usa.com\/product\/massazher-gel-nuface-krem-i-applikator-dlya-mikrotokovoj-terapii-licza-ssha-nabor-nuface-trinity\/"]}]},{"@type":"ImageObject","inLanguage":"az","@id":"https:\/\/shops-usa.com\/product\/massazher-gel-nuface-krem-i-applikator-dlya-mikrotokovoj-terapii-licza-ssha-nabor-nuface-trinity\/#primaryimage","url":"https:\/\/shops-usa.com\/wp-content\/uploads\/2024\/12\/71.jpg","contentUrl":"https:\/\/shops-usa.com\/wp-content\/uploads\/2024\/12\/71.jpg","width":1263,"height":1141},{"@type":"BreadcrumbList","@id":"https:\/\/shops-usa.com\/product\/massazher-gel-nuface-krem-i-applikator-dlya-mikrotokovoj-terapii-licza-ssha-nabor-nuface-trinity\/#breadcrumb","itemListElement":[{"@type":"ListItem","position":1,"name":"Home","item":"https:\/\/shops-usa.com\/"},{"@type":"ListItem","position":2,"name":"\u041a\u0430\u0442\u0430\u043b\u043e\u0433","item":"https:\/\/shops-usa.com\/catalogue\/"},{"@type":"ListItem","position":3,"name":"\u041d\u0430\u0431\u043e\u0440 NuFACE Trinity (\u0421\u0428\u0410) \u041c\u0430\u0441\u0441\u0430\u0436\u0435\u0440 \u043d\u0430\u0441\u0430\u0434\u043a\u0430 ELLE, \u043d\u0430\u0441\u0430\u0434\u043a\u0430 LED, \u043a\u043e\u0441\u043c\u0435\u0442\u0438\u0447\u043a\u0430, \u0433\u0435\u043b\u044c, \u043a\u0440\u0435\u043c, \u0441\u044b\u0432\u043e\u0440\u043e\u0442\u043a\u0430, \u0430\u043f\u043f\u043b\u0438\u043a\u0430\u0442\u043e\u0440 \u0434\u043b\u044f \u043c\u0438\u043a\u0440\u043e\u0442\u043e\u043a\u043e\u0432\u043e\u0439 \u0442\u0435\u0440\u0430\u043f\u0438\u0438 \u043b\u0438\u0446\u0430"}]},{"@type":"WebSite","@id":"https:\/\/shops-usa.com\/#website","url":"https:\/\/shops-usa.com\/","name":"ShopsUSA","description":"Quality products from USA","publisher":{"@id":"https:\/\/shops-usa.com\/#organization"},"potentialAction":[{"@type":"SearchAction","target":{"@type":"EntryPoint","urlTemplate":"https:\/\/shops-usa.com\/?s={search_term_string}"},"query-input":{"@type":"PropertyValueSpecification","valueRequired":true,"valueName":"search_term_string"}}],"inLanguage":"az"},{"@type":"Organization","@id":"https:\/\/shops-usa.com\/#organization","name":"SHOPS USA","alternateName":"SHOPS","url":"https:\/\/shops-usa.com\/","logo":{"@type":"ImageObject","inLanguage":"az","@id":"https:\/\/shops-usa.com\/#\/schema\/logo\/image\/","url":"https:\/\/shops-usa.com\/wp-content\/uploads\/2025\/12\/letter_final_white-1.png","contentUrl":"https:\/\/shops-usa.com\/wp-content\/uploads\/2025\/12\/letter_final_white-1.png","width":1711,"height":1949,"caption":"SHOPS USA"},"image":{"@id":"https:\/\/shops-usa.com\/#\/schema\/logo\/image\/"}}]}},"_links":{"self":[{"href":"https:\/\/shops-usa.com\/az\/wp-json\/wp\/v2\/product\/64","targetHints":{"allow":["GET"]}}],"collection":[{"href":"https:\/\/shops-usa.com\/az\/wp-json\/wp\/v2\/product"}],"about":[{"href":"https:\/\/shops-usa.com\/az\/wp-json\/wp\/v2\/types\/product"}],"replies":[{"embeddable":true,"href":"https:\/\/shops-usa.com\/az\/wp-json\/wp\/v2\/comments?post=64"}],"wp:featuredmedia":[{"embeddable":true,"href":"https:\/\/shops-usa.com\/az\/wp-json\/wp\/v2\/media\/779"}],"wp:attachment":[{"href":"https:\/\/shops-usa.com\/az\/wp-json\/wp\/v2\/media?parent=64"}],"wp:term":[{"taxonomy":"product_brand","embeddable":true,"href":"https:\/\/shops-usa.com\/az\/wp-json\/wp\/v2\/product_brand?post=64"},{"taxonomy":"product_cat","embeddable":true,"href":"https:\/\/shops-usa.com\/az\/wp-json\/wp\/v2\/product_cat?post=64"},{"taxonomy":"product_tag","embeddable":true,"href":"https:\/\/shops-usa.com\/az\/wp-json\/wp\/v2\/product_tag?post=64"}],"curies":[{"name":"wp","href":"https:\/\/api.w.org\/{rel}","templated":true}]}}