{"id":59,"date":"2024-12-18T14:34:18","date_gmt":"2024-12-18T14:34:18","guid":{"rendered":"https:\/\/shops-usa.com\/?post_type=product&#038;p=59"},"modified":"2025-10-12T21:58:01","modified_gmt":"2025-10-12T21:58:01","slug":"sredstvo-dlya-rosta-volos-ssha-hairmax-nabor-acceler8","status":"publish","type":"product","link":"https:\/\/shops-usa.com\/az\/product\/sredstvo-dlya-rosta-volos-ssha-hairmax-nabor-acceler8\/","title":{"rendered":"HairMax (AB\u015e) Sa\u00e7lar\u0131n b\u00f6y\u00fcm\u0259si d\u0259sti"},"content":{"rendered":"<p>HairMax \u0574\u0561\u0566\u0565\u0580\u056b \u0561\u0573\u056b \u0561\u0580\u0561\u0563\u0561\u0581\u0578\u0582\u0581\u056b\u0579\u0568 \u0561\u0576\u0574\u056b\u057b\u0561\u057a\u0565\u057d \u056d\u057f\u0561\u0581\u0576\u0578\u0582\u0574 \u0567 \u0574\u0561\u0566\u0565\u0580\u0568\u055d \u0564\u0580\u0561\u0576\u0584 \u0562\u0561\u0580\u0571\u0580\u0561\u0581\u0576\u0565\u056c\u0578\u0582 \u0570\u0561\u0574\u0561\u0580: \u054a\u0561\u0580\u0578\u0582\u0576\u0561\u056f\u0578\u0582\u0574 \u0567 \u0565\u057c\u0561\u056f\u056b DHT \u057a\u0561\u0577\u0561\u0580\u056b\u0579\u0576\u0565\u0580\u055d \u0574\u0561\u0566\u0565\u0580\u056b \u0576\u0578\u057d\u0580\u0561\u0581\u0574\u0561\u0576 \u0564\u0565\u0574 \u057a\u0561\u0575\u0584\u0561\u0580\u0565\u056c\u0578\u0582 \u0587 \u0561\u0580\u0575\u0561\u0576 \u0577\u0580\u057b\u0561\u0576\u0561\u057c\u0578\u0582\u0569\u0575\u0561\u0576 \u0562\u0561\u0580\u0565\u056c\u0561\u057e\u0574\u0561\u0576 \u0570\u0561\u0574\u0561\u0580, \u0574\u0561\u0566\u056b \u0586\u0578\u056c\u056b\u056f\u0578\u0582\u056c\u0576\u0565\u0580\u056b\u0576 \u0574\u0561\u057f\u0561\u056f\u0561\u0580\u0561\u0580\u0565\u056c\u0578\u057e \u057d\u0576\u0576\u0564\u0561\u0576\u0575\u0578\u0582\u0569\u0565\u0580 \u0587 \u0569\u0569\u057e\u0561\u056e\u056b\u0576\u055d \u056f\u0561\u0576\u056d\u0565\u056c\u0578\u057e \u0574\u0561\u0566\u0561\u0569\u0561\u0583\u0578\u0582\u0569\u0575\u0578\u0582\u0576\u0568: \u053c\u0578\u0582\u0575\u057d\u0578\u057e \u0561\u056f\u057f\u056b\u057e\u0561\u0581\u0578\u0572 \u0562\u0561\u0572\u0561\u0564\u0580\u056b\u0579\u0576\u0565\u0580\u0568 \u056c\u0580\u0561\u0581\u0576\u0578\u0582\u0574 \u0565\u0576 \u056c\u0561\u0566\u0565\u0580\u0561\u0575\u056b\u0576 \u057d\u0561\u0576\u0580\u0574\u0561\u0576 \u0562\u0578\u0582\u056a\u0578\u0582\u0574\u0568: \u0551\u0561\u056e\u0580 pH\u055d \u0576\u0578\u0582\u0580\u0562 \u0577\u0565\u0580\u057f\u0561\u0566\u0561\u057f\u0574\u0561\u0576 \u0587 \u0563\u056c\u056d\u0561\u0574\u0561\u0577\u056f\u056b \u057a\u0561\u0577\u057f\u057a\u0561\u0576\u056b\u0579 \u057a\u0561\u057f\u0576\u0565\u0577\u056b \u0561\u0574\u0580\u0561\u057a\u0576\u0564\u0574\u0561\u0576 \u0570\u0561\u0574\u0561\u0580: ACCELER8 \u0561\u0580\u0561\u0563\u0561\u0581\u0578\u0582\u0581\u056b\u0579. \u0555\u0563\u0576\u0578\u0582\u0574 \u0567 \u0576\u057e\u0561\u0566\u0565\u0581\u0576\u0565\u056c \u0574\u0561\u0566\u0561\u0569\u0561\u0583\u0578\u0582\u0569\u0575\u0578\u0582\u0576\u0568: \u0555\u0563\u0576\u0578\u0582\u0574 \u0567 \u0562\u0561\u0580\u0565\u056c\u0561\u057e\u0565\u056c \u0574\u0561\u0566\u0565\u0580\u056b \u057f\u0565\u057d\u0584\u0568: \u0555\u0563\u0576\u0578\u0582\u0574 \u0567 \u057a\u0561\u0575\u0584\u0561\u0580\u0565\u056c \u0576\u0578\u057d\u0580\u0561\u0581\u0578\u0572 \u0574\u0561\u0566\u0565\u0580\u056b \u0564\u0565\u0574\u055d \u0565\u057c\u0561\u056f\u056b \u0563\u0578\u0580\u056e\u0578\u0572\u0578\u0582\u0569\u0575\u0561\u0576 DHT \u057a\u0561\u0577\u0561\u0580\u056b\u0579\u0576\u0565\u0580\u056b \u0577\u0576\u0578\u0580\u0570\u056b\u057e: \u0547\u0561\u0574\u057a\u0578\u0582\u0576. \u0544\u0561\u0584\u0580\u0578\u0582\u0574 \u0587 \u0576\u057e\u0561\u0566\u0565\u0581\u0576\u0578\u0582\u0574 \u0567 \u0574\u0561\u0566\u0565\u0580\u056b \u056f\u0578\u0582\u057f\u0561\u056f\u0578\u0582\u0574\u0568: \u0546\u0580\u0562\u0578\u0580\u0565\u0576 \u0574\u0561\u0584\u0580\u0578\u0582\u0574 \u0567\u055d \u0561\u057c\u0561\u0576\u0581 \u0565\u0569\u0565\u0580\u0561\u0575\u056b\u0576 \u0575\u0578\u0582\u0572\u0565\u0580\u0568 \u0570\u0565\u057c\u0561\u0581\u0576\u0565\u056c\u0578\u0582: \u0531\u0574\u0580\u0561\u0581\u0576\u0578\u0582\u0574 \u0567 \u0574\u0561\u0566\u0565\u0580\u056b \u056f\u0578\u0582\u057f\u056b\u056f\u0578\u0582\u056c\u0576\u0565\u0580\u0568: \u054a\u0561\u0575\u0584\u0561\u0580\u0578\u0582\u0574 \u0567 \u0585\u0584\u057d\u056b\u0564\u0561\u057f\u056b\u057e \u057d\u0569\u0580\u0565\u057d\u056b \u0564\u0565\u0574 \u0587 \u0564\u0561\u0576\u0564\u0561\u0572\u0565\u0581\u0576\u0578\u0582\u0574 \u056e\u0565\u0580\u0561\u0581\u0578\u0582\u0574\u0568: \u053f\u0578\u0576\u0564\u056b\u0581\u056b\u0578\u0576\u0565\u0580. \u0544\u0561\u0566\u0565\u0580\u056b\u0576 \u0570\u0561\u0572\u0578\u0580\u0564\u0578\u0582\u0574 \u0567 \u057f\u0565\u057d\u0561\u0576\u0565\u056c\u056b \u0571\u0587 \u0587 \u056e\u0561\u057e\u0561\u056c: \u054a\u0561\u0570\u057a\u0561\u0576\u0578\u0582\u0574 \u0567 \u0574\u0561\u0566\u0565\u0580\u056b \u0561\u0574\u0580\u0578\u0582\u0569\u0575\u0578\u0582\u0576\u0568 \u0587 \u057a\u0561\u0577\u057f\u057a\u0561\u0576\u0578\u0582\u0574 \u0567 \u056f\u0578\u057f\u0580\u057e\u0565\u056c\u0578\u0582\u0581: \u0532\u0561\u0580\u0565\u056c\u0561\u057e\u0578\u0582\u0574 \u0567 \u056f\u0561\u057c\u0561\u057e\u0561\u0580\u0565\u056c\u056b\u0578\u0582\u0569\u0575\u0578\u0582\u0576\u0568, \u057d\u0561\u0576\u0580\u057e\u0565\u056c\u056b\u0578\u0582\u0569\u0575\u0578\u0582\u0576\u0568 \u0587 \u056d\u0573\u0573\u057e\u0561\u056e\u0584\u056b \u0570\u0565\u057c\u0561\u0581\u0578\u0582\u0574\u0568:<\/p>","protected":false},"excerpt":{"rendered":"<p>Hairmax sa\u00e7 uzatma kosmetika d\u0259sti. HairMax sa\u00e7 art\u0131m s\u00fcr\u0259tl\u0259ndiricisi sa\u00e7lar\u0131 d\u0259rhal qal\u0131nla\u015fd\u0131r\u0131r v\u0259 liftinqi t\u0259min edir.<\/p>","protected":false},"featured_media":130,"comment_status":"open","ping_status":"closed","template":"","meta":[],"product_brand":[],"product_cat":[28],"product_tag":[],"class_list":{"0":"post-59","1":"product","2":"type-product","3":"status-publish","4":"has-post-thumbnail","6":"product_cat-hairmax","8":"first","9":"instock","10":"sale","11":"shipping-taxable","12":"purchasable","13":"product-type-simple"},"yoast_head":"<!-- This site is optimized with the Yoast SEO plugin v26.6 - https:\/\/yoast.com\/wordpress\/plugins\/seo\/ -->\n<title>\u041d\u0430\u0431\u043e\u0440 HairMax (\u0421\u0428\u0410) \u0421\u0440\u0435\u0434\u0441\u0442\u0432\u043e \u0434\u043b\u044f \u0440\u043e\u0441\u0442\u0430 \u0432\u043e\u043b\u043e\u0441 - ShopsUSA<\/title>\n<meta name=\"robots\" content=\"index, follow, max-snippet:-1, max-image-preview:large, max-video-preview:-1\" \/>\n<link rel=\"canonical\" href=\"https:\/\/shops-usa.com\/az\/product\/sredstvo-dlya-rosta-volos-ssha-hairmax-nabor-acceler8\/?wmc-currency=AZN\" \/>\n<meta property=\"og:locale\" content=\"az_AZ\" \/>\n<meta property=\"og:type\" content=\"article\" \/>\n<meta property=\"og:title\" content=\"\u041d\u0430\u0431\u043e\u0440 HairMax (\u0421\u0428\u0410) \u0421\u0440\u0435\u0434\u0441\u0442\u0432\u043e \u0434\u043b\u044f \u0440\u043e\u0441\u0442\u0430 \u0432\u043e\u043b\u043e\u0441 - ShopsUSA\" \/>\n<meta property=\"og:description\" content=\"\u0421\u0440\u0435\u0434\u0441\u0442\u0432\u043e \u0434\u043b\u044f \u0440\u043e\u0441\u0442\u0430 \u0432\u043e\u043b\u043e\u0441 Hairmax. \u0410\u043a\u0441\u0435\u043b\u0435\u0440\u0430\u0442\u043e\u0440 \u0440\u043e\u0441\u0442\u0430 \u0432\u043e\u043b\u043e\u0441 HairMax \u043c\u0433\u043d\u043e\u0432\u0435\u043d\u043d\u043e \u0443\u0442\u043e\u043b\u0449\u0430\u0435\u0442 \u0432\u043e\u043b\u043e\u0441\u044b, \u043e\u0431\u0435\u0441\u043f\u0435\u0447\u0438\u0432\u0430\u044f \u043f\u043e\u0434\u044a\u0435\u043c.\" \/>\n<meta property=\"og:url\" content=\"https:\/\/shops-usa.com\/az\/product\/sredstvo-dlya-rosta-volos-ssha-hairmax-nabor-acceler8\/?wmc-currency=AZN\" \/>\n<meta property=\"og:site_name\" content=\"ShopsUSA\" \/>\n<meta property=\"article:modified_time\" content=\"2025-10-12T21:58:01+00:00\" \/>\n<meta property=\"og:image\" content=\"https:\/\/shops-usa.com\/wp-content\/uploads\/2024\/12\/31-2.jpg\" \/>\n\t<meta property=\"og:image:width\" content=\"778\" \/>\n\t<meta property=\"og:image:height\" content=\"713\" \/>\n\t<meta property=\"og:image:type\" content=\"image\/jpeg\" \/>\n<meta name=\"twitter:card\" content=\"summary_large_image\" \/>\n<script type=\"application\/ld+json\" class=\"yoast-schema-graph\">{\"@context\":\"https:\/\/schema.org\",\"@graph\":[{\"@type\":\"WebPage\",\"@id\":\"https:\/\/shops-usa.com\/product\/sredstvo-dlya-rosta-volos-ssha-hairmax-nabor-acceler8\/\",\"url\":\"https:\/\/shops-usa.com\/product\/sredstvo-dlya-rosta-volos-ssha-hairmax-nabor-acceler8\/\",\"name\":\"\u041d\u0430\u0431\u043e\u0440 HairMax (\u0421\u0428\u0410) \u0421\u0440\u0435\u0434\u0441\u0442\u0432\u043e \u0434\u043b\u044f \u0440\u043e\u0441\u0442\u0430 \u0432\u043e\u043b\u043e\u0441 - ShopsUSA\",\"isPartOf\":{\"@id\":\"https:\/\/shops-usa.com\/#website\"},\"primaryImageOfPage\":{\"@id\":\"https:\/\/shops-usa.com\/product\/sredstvo-dlya-rosta-volos-ssha-hairmax-nabor-acceler8\/#primaryimage\"},\"image\":{\"@id\":\"https:\/\/shops-usa.com\/product\/sredstvo-dlya-rosta-volos-ssha-hairmax-nabor-acceler8\/#primaryimage\"},\"thumbnailUrl\":\"https:\/\/shops-usa.com\/wp-content\/uploads\/2024\/12\/31-2.jpg\",\"datePublished\":\"2024-12-18T14:34:18+00:00\",\"dateModified\":\"2025-10-12T21:58:01+00:00\",\"breadcrumb\":{\"@id\":\"https:\/\/shops-usa.com\/product\/sredstvo-dlya-rosta-volos-ssha-hairmax-nabor-acceler8\/#breadcrumb\"},\"inLanguage\":\"az\",\"potentialAction\":[{\"@type\":\"ReadAction\",\"target\":[\"https:\/\/shops-usa.com\/product\/sredstvo-dlya-rosta-volos-ssha-hairmax-nabor-acceler8\/\"]}]},{\"@type\":\"ImageObject\",\"inLanguage\":\"az\",\"@id\":\"https:\/\/shops-usa.com\/product\/sredstvo-dlya-rosta-volos-ssha-hairmax-nabor-acceler8\/#primaryimage\",\"url\":\"https:\/\/shops-usa.com\/wp-content\/uploads\/2024\/12\/31-2.jpg\",\"contentUrl\":\"https:\/\/shops-usa.com\/wp-content\/uploads\/2024\/12\/31-2.jpg\",\"width\":778,\"height\":713},{\"@type\":\"BreadcrumbList\",\"@id\":\"https:\/\/shops-usa.com\/product\/sredstvo-dlya-rosta-volos-ssha-hairmax-nabor-acceler8\/#breadcrumb\",\"itemListElement\":[{\"@type\":\"ListItem\",\"position\":1,\"name\":\"Home\",\"item\":\"https:\/\/shops-usa.com\/\"},{\"@type\":\"ListItem\",\"position\":2,\"name\":\"\u041a\u0430\u0442\u0430\u043b\u043e\u0433\",\"item\":\"https:\/\/shops-usa.com\/catalogue\/\"},{\"@type\":\"ListItem\",\"position\":3,\"name\":\"\u041d\u0430\u0431\u043e\u0440 HairMax (\u0421\u0428\u0410) \u0421\u0440\u0435\u0434\u0441\u0442\u0432\u043e \u0434\u043b\u044f \u0440\u043e\u0441\u0442\u0430 \u0432\u043e\u043b\u043e\u0441\"}]},{\"@type\":\"WebSite\",\"@id\":\"https:\/\/shops-usa.com\/#website\",\"url\":\"https:\/\/shops-usa.com\/\",\"name\":\"ShopsUSA\",\"description\":\"Quality products from USA\",\"publisher\":{\"@id\":\"https:\/\/shops-usa.com\/#organization\"},\"potentialAction\":[{\"@type\":\"SearchAction\",\"target\":{\"@type\":\"EntryPoint\",\"urlTemplate\":\"https:\/\/shops-usa.com\/?s={search_term_string}\"},\"query-input\":{\"@type\":\"PropertyValueSpecification\",\"valueRequired\":true,\"valueName\":\"search_term_string\"}}],\"inLanguage\":\"az\"},{\"@type\":\"Organization\",\"@id\":\"https:\/\/shops-usa.com\/#organization\",\"name\":\"SHOPS USA\",\"alternateName\":\"SHOPS\",\"url\":\"https:\/\/shops-usa.com\/\",\"logo\":{\"@type\":\"ImageObject\",\"inLanguage\":\"az\",\"@id\":\"https:\/\/shops-usa.com\/#\/schema\/logo\/image\/\",\"url\":\"https:\/\/shops-usa.com\/wp-content\/uploads\/2025\/12\/letter_final_white-1.png\",\"contentUrl\":\"https:\/\/shops-usa.com\/wp-content\/uploads\/2025\/12\/letter_final_white-1.png\",\"width\":1711,\"height\":1949,\"caption\":\"SHOPS USA\"},\"image\":{\"@id\":\"https:\/\/shops-usa.com\/#\/schema\/logo\/image\/\"}}]}<\/script>\n<!-- \/ Yoast SEO plugin. -->","yoast_head_json":{"title":"\u041d\u0430\u0431\u043e\u0440 HairMax (\u0421\u0428\u0410) \u0421\u0440\u0435\u0434\u0441\u0442\u0432\u043e \u0434\u043b\u044f \u0440\u043e\u0441\u0442\u0430 \u0432\u043e\u043b\u043e\u0441 - ShopsUSA","robots":{"index":"index","follow":"follow","max-snippet":"max-snippet:-1","max-image-preview":"max-image-preview:large","max-video-preview":"max-video-preview:-1"},"canonical":"https:\/\/shops-usa.com\/az\/product\/sredstvo-dlya-rosta-volos-ssha-hairmax-nabor-acceler8\/?wmc-currency=AZN","og_locale":"az_AZ","og_type":"article","og_title":"\u041d\u0430\u0431\u043e\u0440 HairMax (\u0421\u0428\u0410) \u0421\u0440\u0435\u0434\u0441\u0442\u0432\u043e \u0434\u043b\u044f \u0440\u043e\u0441\u0442\u0430 \u0432\u043e\u043b\u043e\u0441 - ShopsUSA","og_description":"\u0421\u0440\u0435\u0434\u0441\u0442\u0432\u043e \u0434\u043b\u044f \u0440\u043e\u0441\u0442\u0430 \u0432\u043e\u043b\u043e\u0441 Hairmax. \u0410\u043a\u0441\u0435\u043b\u0435\u0440\u0430\u0442\u043e\u0440 \u0440\u043e\u0441\u0442\u0430 \u0432\u043e\u043b\u043e\u0441 HairMax \u043c\u0433\u043d\u043e\u0432\u0435\u043d\u043d\u043e \u0443\u0442\u043e\u043b\u0449\u0430\u0435\u0442 \u0432\u043e\u043b\u043e\u0441\u044b, \u043e\u0431\u0435\u0441\u043f\u0435\u0447\u0438\u0432\u0430\u044f \u043f\u043e\u0434\u044a\u0435\u043c.","og_url":"https:\/\/shops-usa.com\/az\/product\/sredstvo-dlya-rosta-volos-ssha-hairmax-nabor-acceler8\/?wmc-currency=AZN","og_site_name":"ShopsUSA","article_modified_time":"2025-10-12T21:58:01+00:00","og_image":[{"width":778,"height":713,"url":"https:\/\/shops-usa.com\/wp-content\/uploads\/2024\/12\/31-2.jpg","type":"image\/jpeg"}],"twitter_card":"summary_large_image","schema":{"@context":"https:\/\/schema.org","@graph":[{"@type":"WebPage","@id":"https:\/\/shops-usa.com\/product\/sredstvo-dlya-rosta-volos-ssha-hairmax-nabor-acceler8\/","url":"https:\/\/shops-usa.com\/product\/sredstvo-dlya-rosta-volos-ssha-hairmax-nabor-acceler8\/","name":"\u041d\u0430\u0431\u043e\u0440 HairMax (\u0421\u0428\u0410) \u0421\u0440\u0435\u0434\u0441\u0442\u0432\u043e \u0434\u043b\u044f \u0440\u043e\u0441\u0442\u0430 \u0432\u043e\u043b\u043e\u0441 - ShopsUSA","isPartOf":{"@id":"https:\/\/shops-usa.com\/#website"},"primaryImageOfPage":{"@id":"https:\/\/shops-usa.com\/product\/sredstvo-dlya-rosta-volos-ssha-hairmax-nabor-acceler8\/#primaryimage"},"image":{"@id":"https:\/\/shops-usa.com\/product\/sredstvo-dlya-rosta-volos-ssha-hairmax-nabor-acceler8\/#primaryimage"},"thumbnailUrl":"https:\/\/shops-usa.com\/wp-content\/uploads\/2024\/12\/31-2.jpg","datePublished":"2024-12-18T14:34:18+00:00","dateModified":"2025-10-12T21:58:01+00:00","breadcrumb":{"@id":"https:\/\/shops-usa.com\/product\/sredstvo-dlya-rosta-volos-ssha-hairmax-nabor-acceler8\/#breadcrumb"},"inLanguage":"az","potentialAction":[{"@type":"ReadAction","target":["https:\/\/shops-usa.com\/product\/sredstvo-dlya-rosta-volos-ssha-hairmax-nabor-acceler8\/"]}]},{"@type":"ImageObject","inLanguage":"az","@id":"https:\/\/shops-usa.com\/product\/sredstvo-dlya-rosta-volos-ssha-hairmax-nabor-acceler8\/#primaryimage","url":"https:\/\/shops-usa.com\/wp-content\/uploads\/2024\/12\/31-2.jpg","contentUrl":"https:\/\/shops-usa.com\/wp-content\/uploads\/2024\/12\/31-2.jpg","width":778,"height":713},{"@type":"BreadcrumbList","@id":"https:\/\/shops-usa.com\/product\/sredstvo-dlya-rosta-volos-ssha-hairmax-nabor-acceler8\/#breadcrumb","itemListElement":[{"@type":"ListItem","position":1,"name":"Home","item":"https:\/\/shops-usa.com\/"},{"@type":"ListItem","position":2,"name":"\u041a\u0430\u0442\u0430\u043b\u043e\u0433","item":"https:\/\/shops-usa.com\/catalogue\/"},{"@type":"ListItem","position":3,"name":"\u041d\u0430\u0431\u043e\u0440 HairMax (\u0421\u0428\u0410) \u0421\u0440\u0435\u0434\u0441\u0442\u0432\u043e \u0434\u043b\u044f \u0440\u043e\u0441\u0442\u0430 \u0432\u043e\u043b\u043e\u0441"}]},{"@type":"WebSite","@id":"https:\/\/shops-usa.com\/#website","url":"https:\/\/shops-usa.com\/","name":"ShopsUSA","description":"Quality products from USA","publisher":{"@id":"https:\/\/shops-usa.com\/#organization"},"potentialAction":[{"@type":"SearchAction","target":{"@type":"EntryPoint","urlTemplate":"https:\/\/shops-usa.com\/?s={search_term_string}"},"query-input":{"@type":"PropertyValueSpecification","valueRequired":true,"valueName":"search_term_string"}}],"inLanguage":"az"},{"@type":"Organization","@id":"https:\/\/shops-usa.com\/#organization","name":"SHOPS USA","alternateName":"SHOPS","url":"https:\/\/shops-usa.com\/","logo":{"@type":"ImageObject","inLanguage":"az","@id":"https:\/\/shops-usa.com\/#\/schema\/logo\/image\/","url":"https:\/\/shops-usa.com\/wp-content\/uploads\/2025\/12\/letter_final_white-1.png","contentUrl":"https:\/\/shops-usa.com\/wp-content\/uploads\/2025\/12\/letter_final_white-1.png","width":1711,"height":1949,"caption":"SHOPS USA"},"image":{"@id":"https:\/\/shops-usa.com\/#\/schema\/logo\/image\/"}}]}},"_links":{"self":[{"href":"https:\/\/shops-usa.com\/az\/wp-json\/wp\/v2\/product\/59","targetHints":{"allow":["GET"]}}],"collection":[{"href":"https:\/\/shops-usa.com\/az\/wp-json\/wp\/v2\/product"}],"about":[{"href":"https:\/\/shops-usa.com\/az\/wp-json\/wp\/v2\/types\/product"}],"replies":[{"embeddable":true,"href":"https:\/\/shops-usa.com\/az\/wp-json\/wp\/v2\/comments?post=59"}],"wp:featuredmedia":[{"embeddable":true,"href":"https:\/\/shops-usa.com\/az\/wp-json\/wp\/v2\/media\/130"}],"wp:attachment":[{"href":"https:\/\/shops-usa.com\/az\/wp-json\/wp\/v2\/media?parent=59"}],"wp:term":[{"taxonomy":"product_brand","embeddable":true,"href":"https:\/\/shops-usa.com\/az\/wp-json\/wp\/v2\/product_brand?post=59"},{"taxonomy":"product_cat","embeddable":true,"href":"https:\/\/shops-usa.com\/az\/wp-json\/wp\/v2\/product_cat?post=59"},{"taxonomy":"product_tag","embeddable":true,"href":"https:\/\/shops-usa.com\/az\/wp-json\/wp\/v2\/product_tag?post=59"}],"curies":[{"name":"wp","href":"https:\/\/api.w.org\/{rel}","templated":true}]}}