{"id":56,"date":"2024-12-18T14:34:18","date_gmt":"2024-12-18T14:34:18","guid":{"rendered":"https:\/\/shops-usa.com\/?post_type=product&#038;p=56"},"modified":"2025-09-23T11:43:59","modified_gmt":"2025-09-23T11:43:59","slug":"lazernaya-kepka-dlya-rosta-volos-ssha-hairmax-regrowmd-272","status":"publish","type":"product","link":"https:\/\/shops-usa.com\/az\/product\/lazernaya-kepka-dlya-rosta-volos-ssha-hairmax-regrowmd-272\/","title":{"rendered":"HairMax Regrow 272 (AB\u015e) Lazer Sa\u00e7 Uzatma Qapa\u011f\u0131"},"content":{"rendered":"<p>Ki\u015fil\u0259r v\u0259 qad\u0131nlar \u00fc\u00e7\u00fcn klinik c\u0259h\u0259td\u0259n s\u00fcbut edilmi\u015f texnologiya. RegrowMD-nin lazer fototerapiyas\u0131 irsi sa\u00e7 t\u00f6k\u00fclm\u0259l\u0259ri, alopesiya, ke\u00e7\u0259llik, seyr\u0259k sa\u00e7lar v\u0259 \u00e7\u0259kil\u0259n sa\u00e7 x\u0259tl\u0259ri \u00fc\u00e7\u00fcn d\u0259rmans\u0131z yegan\u0259 m\u00fcalic\u0259 \u00fcsuludur. HairMax lazer cihazlar\u0131n\u0131n sa\u00e7lar\u0131 b\u0259rpa etdiyi, sa\u00e7 art\u0131m\u0131n\u0131 h\u0259r kvadrat d\u00fcym \u00fc\u00e7\u00fcn orta hesabla 129 \u0259lav\u0259 t\u00fck art\u0131rd\u0131\u011f\u0131 s\u00fcbut edilmi\u015fdir. T\u00f6vsiy\u0259 olunan m\u00fcalic\u0259 m\u00fcdd\u0259ti h\u0259ft\u0259d\u0259 3 d\u0259f\u0259 (h\u0259r g\u00fcn) c\u0259mi 30 d\u0259qiq\u0259dir. Qeyd: Batareyada h\u0259ddind\u0259n art\u0131q doldurulmamas\u0131 \u00fc\u00e7\u00fcn batareya s\u0259viyy\u0259l\u0259rin\u0259 n\u0259zar\u0259t etm\u0259k \u00fc\u00e7\u00fcn innovativ texnologiya var. O, temperatur t\u0259hl\u00fck\u0259sizliyi qaydalar\u0131 \u00fc\u00e7\u00fcn beyn\u0259lxalq standart olan ISO5536-1:2006-ya uy\u011fundur. Ekskl\u00fcziv Bio-Light Comfort dizayn\u0131 sa\u00e7 folik\u00fcll\u0259rin\u0259 \u00e7atmaq \u00fc\u00e7\u00fcn i\u015f\u0131q enerjisinin mane\u0259siz ax\u0131n\u0131 t\u0259min etm\u0259k \u00fc\u00e7\u00fcn kalibrl\u0259nmi\u015f a\u00e7\u0131l\u0131\u015flar vasit\u0259sil\u0259 lazer i\u015f\u0131\u011f\u0131n\u0131 fokuslay\u0131r. RegrowMD qapa\u011f\u0131 \u0259ks\u0259r ba\u015f \u00f6l\u00e7\u00fcl\u0259rin\u0259 rahatl\u0131qla uy\u011fun g\u0259lir. 57,15 sm-d\u0259n \u00e7ox ba\u015f d\u0259risi \u00fc\u00e7\u00fcn t\u00f6vsiy\u0259 edilmir. G\u00f6r\u00fcn\u0259n n\u0259tic\u0259l\u0259r 3-6 ayda g\u00f6r\u00fcn\u00fcr. Hairmax 24 illik f\u0259aliyy\u0259ti \u0259rzind\u0259 bu texnologiyan\u0131n he\u00e7 bir m\u0259nfi yan t\u0259sirini ya\u015famay\u0131b. D\u00fcnyada 1,8 milyondan \u00e7ox cihaz sat\u0131lan Hairmax sa\u00e7lar\u0131n lazerl\u0259 m\u00fcalic\u0259sind\u0259 qlobal lider v\u0259 qabaqc\u0131ld\u0131r. Hairmax cihazlar\u0131 sa\u00e7 follikullar\u0131n\u0131n m\u00fcalic\u0259si \u00fc\u00e7\u00fcn FDA klinik s\u0131naqlar\u0131ndan ke\u00e7mi\u015f yegan\u0259 lazer cihazlar\u0131d\u0131r. H\u0259kiml\u0259r irsi sa\u00e7 t\u00f6k\u00fclm\u0259si, ki\u015fi v\u0259 qad\u0131n tipli sa\u00e7 t\u00f6k\u00fclm\u0259l\u0259ri, menopozla ba\u011fl\u0131 sa\u00e7 t\u00f6k\u00fclm\u0259si, ya\u015fa ba\u011fl\u0131 sa\u00e7 t\u00f6k\u00fclm\u0259si v\u0259 seyr\u0259lm\u0259si olan androgenetik alopesiyan\u0131n m\u00fcalic\u0259si \u00fc\u00e7\u00fcn Hairmax lazer cihazlar\u0131n\u0131 t\u00f6vsiy\u0259 edirl\u0259r.<\/p>","protected":false},"excerpt":{"rendered":"<p>Lazer sa\u00e7 uzatma qapa\u011f\u0131 irsi sa\u00e7 t\u00f6k\u00fclm\u0259si, alopesiya, ke\u00e7\u0259llik, seyr\u0259k sa\u00e7lar v\u0259 geri \u00e7\u0259kil\u0259n sa\u00e7 x\u0259tl\u0259rinin m\u00fcalic\u0259si \u00fc\u00e7\u00fcn m\u00f6vcud olan yegan\u0259 d\u0259rmans\u0131z m\u00fcalic\u0259 variant\u0131d\u0131r. <\/p>","protected":false},"featured_media":783,"comment_status":"open","ping_status":"closed","template":"","meta":[],"product_brand":[],"product_cat":[28],"product_tag":[],"class_list":{"0":"post-56","1":"product","2":"type-product","3":"status-publish","4":"has-post-thumbnail","6":"product_cat-hairmax","8":"first","9":"instock","10":"sale","11":"shipping-taxable","12":"purchasable","13":"product-type-simple"},"yoast_head":"<!-- This site is optimized with the Yoast SEO plugin v26.6 - https:\/\/yoast.com\/wordpress\/plugins\/seo\/ -->\n<title>\u041b\u0430\u0437\u0435\u0440\u043d\u0430\u044f \u043a\u0435\u043f\u043a\u0430 \u0434\u043b\u044f \u0440\u043e\u0441\u0442\u0430 \u0432\u043e\u043b\u043e\u0441 (\u0421\u0428\u0410) HairMax RegrowMD 272 - ShopsUSA<\/title>\n<meta name=\"robots\" content=\"index, follow, max-snippet:-1, max-image-preview:large, max-video-preview:-1\" \/>\n<link rel=\"canonical\" href=\"https:\/\/shops-usa.com\/az\/product\/lazernaya-kepka-dlya-rosta-volos-ssha-hairmax-regrowmd-272\/?wmc-currency=AZN\" \/>\n<meta property=\"og:locale\" content=\"az_AZ\" \/>\n<meta property=\"og:type\" content=\"article\" \/>\n<meta property=\"og:title\" content=\"\u041b\u0430\u0437\u0435\u0440\u043d\u0430\u044f \u043a\u0435\u043f\u043a\u0430 \u0434\u043b\u044f \u0440\u043e\u0441\u0442\u0430 \u0432\u043e\u043b\u043e\u0441 (\u0421\u0428\u0410) HairMax RegrowMD 272 - ShopsUSA\" \/>\n<meta property=\"og:description\" content=\"\u041b\u0430\u0437\u0435\u0440\u043d\u0430\u044f \u043a\u0435\u043f\u043a\u0430 \u0434\u043b\u044f \u0440\u043e\u0441\u0442\u0430 \u0432\u043e\u043b\u043e\u0441\u044f\u0432\u043b\u044f\u0435\u0442\u0441\u044f \u0435\u0434\u0438\u043d\u0441\u0442\u0432\u0435\u043d\u043d\u044b\u043c \u043d\u0435\u043c\u0435\u0434\u0438\u043a\u0430\u043c\u0435\u043d\u0442\u043e\u0437\u043d\u044b\u043c \u0432\u0430\u0440\u0438\u0430\u043d\u0442\u043e\u043c \u043b\u0435\u0447\u0435\u043d\u0438\u044f, \u0434\u043b\u044f \u043b\u0435\u0447\u0435\u043d\u0438\u044f \u043d\u0430\u0441\u043b\u0435\u0434\u0441\u0442\u0432\u0435\u043d\u043d\u043e\u0433\u043e \u0432\u044b\u043f\u0430\u0434\u0435\u043d\u0438\u044f \u0432\u043e\u043b\u043e\u0441, \u0430\u043b\u043e\u043f\u0435\u0446\u0438\u0438, \u043e\u0431\u043b\u044b\u0441\u0435\u043d\u0438\u044f, \u0438\u0441\u0442\u043e\u043d\u0447\u0435\u043d\u0438\u044f \u0432\u043e\u043b\u043e\u0441 \u0438 \u0437\u0430\u043b\u044b\u0441\u0438\u043d.\" \/>\n<meta property=\"og:url\" content=\"https:\/\/shops-usa.com\/az\/product\/lazernaya-kepka-dlya-rosta-volos-ssha-hairmax-regrowmd-272\/?wmc-currency=AZN\" \/>\n<meta property=\"og:site_name\" content=\"ShopsUSA\" \/>\n<meta property=\"article:modified_time\" content=\"2025-09-23T11:43:59+00:00\" \/>\n<meta property=\"og:image\" content=\"https:\/\/shops-usa.com\/wp-content\/uploads\/2024\/12\/23-2.jpg\" \/>\n\t<meta property=\"og:image:width\" content=\"1500\" \/>\n\t<meta property=\"og:image:height\" content=\"1500\" \/>\n\t<meta property=\"og:image:type\" content=\"image\/jpeg\" \/>\n<meta name=\"twitter:card\" content=\"summary_large_image\" \/>\n<script type=\"application\/ld+json\" class=\"yoast-schema-graph\">{\"@context\":\"https:\/\/schema.org\",\"@graph\":[{\"@type\":\"WebPage\",\"@id\":\"https:\/\/shops-usa.com\/product\/lazernaya-kepka-dlya-rosta-volos-ssha-hairmax-regrowmd-272\/\",\"url\":\"https:\/\/shops-usa.com\/product\/lazernaya-kepka-dlya-rosta-volos-ssha-hairmax-regrowmd-272\/\",\"name\":\"\u041b\u0430\u0437\u0435\u0440\u043d\u0430\u044f \u043a\u0435\u043f\u043a\u0430 \u0434\u043b\u044f \u0440\u043e\u0441\u0442\u0430 \u0432\u043e\u043b\u043e\u0441 (\u0421\u0428\u0410) HairMax RegrowMD 272 - ShopsUSA\",\"isPartOf\":{\"@id\":\"https:\/\/shops-usa.com\/#website\"},\"primaryImageOfPage\":{\"@id\":\"https:\/\/shops-usa.com\/product\/lazernaya-kepka-dlya-rosta-volos-ssha-hairmax-regrowmd-272\/#primaryimage\"},\"image\":{\"@id\":\"https:\/\/shops-usa.com\/product\/lazernaya-kepka-dlya-rosta-volos-ssha-hairmax-regrowmd-272\/#primaryimage\"},\"thumbnailUrl\":\"https:\/\/shops-usa.com\/wp-content\/uploads\/2024\/12\/23-2.jpg\",\"datePublished\":\"2024-12-18T14:34:18+00:00\",\"dateModified\":\"2025-09-23T11:43:59+00:00\",\"breadcrumb\":{\"@id\":\"https:\/\/shops-usa.com\/product\/lazernaya-kepka-dlya-rosta-volos-ssha-hairmax-regrowmd-272\/#breadcrumb\"},\"inLanguage\":\"az\",\"potentialAction\":[{\"@type\":\"ReadAction\",\"target\":[\"https:\/\/shops-usa.com\/product\/lazernaya-kepka-dlya-rosta-volos-ssha-hairmax-regrowmd-272\/\"]}]},{\"@type\":\"ImageObject\",\"inLanguage\":\"az\",\"@id\":\"https:\/\/shops-usa.com\/product\/lazernaya-kepka-dlya-rosta-volos-ssha-hairmax-regrowmd-272\/#primaryimage\",\"url\":\"https:\/\/shops-usa.com\/wp-content\/uploads\/2024\/12\/23-2.jpg\",\"contentUrl\":\"https:\/\/shops-usa.com\/wp-content\/uploads\/2024\/12\/23-2.jpg\",\"width\":1500,\"height\":1500},{\"@type\":\"BreadcrumbList\",\"@id\":\"https:\/\/shops-usa.com\/product\/lazernaya-kepka-dlya-rosta-volos-ssha-hairmax-regrowmd-272\/#breadcrumb\",\"itemListElement\":[{\"@type\":\"ListItem\",\"position\":1,\"name\":\"Home\",\"item\":\"https:\/\/shops-usa.com\/\"},{\"@type\":\"ListItem\",\"position\":2,\"name\":\"\u041a\u0430\u0442\u0430\u043b\u043e\u0433\",\"item\":\"https:\/\/shops-usa.com\/catalogue\/\"},{\"@type\":\"ListItem\",\"position\":3,\"name\":\"\u041b\u0430\u0437\u0435\u0440\u043d\u0430\u044f \u043a\u0435\u043f\u043a\u0430 \u0434\u043b\u044f \u0440\u043e\u0441\u0442\u0430 \u0432\u043e\u043b\u043e\u0441 (\u0421\u0428\u0410) HairMax RegrowMD 272\"}]},{\"@type\":\"WebSite\",\"@id\":\"https:\/\/shops-usa.com\/#website\",\"url\":\"https:\/\/shops-usa.com\/\",\"name\":\"ShopsUSA\",\"description\":\"Quality products from USA\",\"publisher\":{\"@id\":\"https:\/\/shops-usa.com\/#organization\"},\"potentialAction\":[{\"@type\":\"SearchAction\",\"target\":{\"@type\":\"EntryPoint\",\"urlTemplate\":\"https:\/\/shops-usa.com\/?s={search_term_string}\"},\"query-input\":{\"@type\":\"PropertyValueSpecification\",\"valueRequired\":true,\"valueName\":\"search_term_string\"}}],\"inLanguage\":\"az\"},{\"@type\":\"Organization\",\"@id\":\"https:\/\/shops-usa.com\/#organization\",\"name\":\"SHOPS USA\",\"alternateName\":\"SHOPS\",\"url\":\"https:\/\/shops-usa.com\/\",\"logo\":{\"@type\":\"ImageObject\",\"inLanguage\":\"az\",\"@id\":\"https:\/\/shops-usa.com\/#\/schema\/logo\/image\/\",\"url\":\"https:\/\/shops-usa.com\/wp-content\/uploads\/2025\/12\/letter_final_white-1.png\",\"contentUrl\":\"https:\/\/shops-usa.com\/wp-content\/uploads\/2025\/12\/letter_final_white-1.png\",\"width\":1711,\"height\":1949,\"caption\":\"SHOPS USA\"},\"image\":{\"@id\":\"https:\/\/shops-usa.com\/#\/schema\/logo\/image\/\"}}]}<\/script>\n<!-- \/ Yoast SEO plugin. -->","yoast_head_json":{"title":"\u041b\u0430\u0437\u0435\u0440\u043d\u0430\u044f \u043a\u0435\u043f\u043a\u0430 \u0434\u043b\u044f \u0440\u043e\u0441\u0442\u0430 \u0432\u043e\u043b\u043e\u0441 (\u0421\u0428\u0410) HairMax RegrowMD 272 - ShopsUSA","robots":{"index":"index","follow":"follow","max-snippet":"max-snippet:-1","max-image-preview":"max-image-preview:large","max-video-preview":"max-video-preview:-1"},"canonical":"https:\/\/shops-usa.com\/az\/product\/lazernaya-kepka-dlya-rosta-volos-ssha-hairmax-regrowmd-272\/?wmc-currency=AZN","og_locale":"az_AZ","og_type":"article","og_title":"\u041b\u0430\u0437\u0435\u0440\u043d\u0430\u044f \u043a\u0435\u043f\u043a\u0430 \u0434\u043b\u044f \u0440\u043e\u0441\u0442\u0430 \u0432\u043e\u043b\u043e\u0441 (\u0421\u0428\u0410) HairMax RegrowMD 272 - ShopsUSA","og_description":"\u041b\u0430\u0437\u0435\u0440\u043d\u0430\u044f \u043a\u0435\u043f\u043a\u0430 \u0434\u043b\u044f \u0440\u043e\u0441\u0442\u0430 \u0432\u043e\u043b\u043e\u0441\u044f\u0432\u043b\u044f\u0435\u0442\u0441\u044f \u0435\u0434\u0438\u043d\u0441\u0442\u0432\u0435\u043d\u043d\u044b\u043c \u043d\u0435\u043c\u0435\u0434\u0438\u043a\u0430\u043c\u0435\u043d\u0442\u043e\u0437\u043d\u044b\u043c \u0432\u0430\u0440\u0438\u0430\u043d\u0442\u043e\u043c \u043b\u0435\u0447\u0435\u043d\u0438\u044f, \u0434\u043b\u044f \u043b\u0435\u0447\u0435\u043d\u0438\u044f \u043d\u0430\u0441\u043b\u0435\u0434\u0441\u0442\u0432\u0435\u043d\u043d\u043e\u0433\u043e \u0432\u044b\u043f\u0430\u0434\u0435\u043d\u0438\u044f \u0432\u043e\u043b\u043e\u0441, \u0430\u043b\u043e\u043f\u0435\u0446\u0438\u0438, \u043e\u0431\u043b\u044b\u0441\u0435\u043d\u0438\u044f, \u0438\u0441\u0442\u043e\u043d\u0447\u0435\u043d\u0438\u044f \u0432\u043e\u043b\u043e\u0441 \u0438 \u0437\u0430\u043b\u044b\u0441\u0438\u043d.","og_url":"https:\/\/shops-usa.com\/az\/product\/lazernaya-kepka-dlya-rosta-volos-ssha-hairmax-regrowmd-272\/?wmc-currency=AZN","og_site_name":"ShopsUSA","article_modified_time":"2025-09-23T11:43:59+00:00","og_image":[{"width":1500,"height":1500,"url":"https:\/\/shops-usa.com\/wp-content\/uploads\/2024\/12\/23-2.jpg","type":"image\/jpeg"}],"twitter_card":"summary_large_image","schema":{"@context":"https:\/\/schema.org","@graph":[{"@type":"WebPage","@id":"https:\/\/shops-usa.com\/product\/lazernaya-kepka-dlya-rosta-volos-ssha-hairmax-regrowmd-272\/","url":"https:\/\/shops-usa.com\/product\/lazernaya-kepka-dlya-rosta-volos-ssha-hairmax-regrowmd-272\/","name":"\u041b\u0430\u0437\u0435\u0440\u043d\u0430\u044f \u043a\u0435\u043f\u043a\u0430 \u0434\u043b\u044f \u0440\u043e\u0441\u0442\u0430 \u0432\u043e\u043b\u043e\u0441 (\u0421\u0428\u0410) HairMax RegrowMD 272 - ShopsUSA","isPartOf":{"@id":"https:\/\/shops-usa.com\/#website"},"primaryImageOfPage":{"@id":"https:\/\/shops-usa.com\/product\/lazernaya-kepka-dlya-rosta-volos-ssha-hairmax-regrowmd-272\/#primaryimage"},"image":{"@id":"https:\/\/shops-usa.com\/product\/lazernaya-kepka-dlya-rosta-volos-ssha-hairmax-regrowmd-272\/#primaryimage"},"thumbnailUrl":"https:\/\/shops-usa.com\/wp-content\/uploads\/2024\/12\/23-2.jpg","datePublished":"2024-12-18T14:34:18+00:00","dateModified":"2025-09-23T11:43:59+00:00","breadcrumb":{"@id":"https:\/\/shops-usa.com\/product\/lazernaya-kepka-dlya-rosta-volos-ssha-hairmax-regrowmd-272\/#breadcrumb"},"inLanguage":"az","potentialAction":[{"@type":"ReadAction","target":["https:\/\/shops-usa.com\/product\/lazernaya-kepka-dlya-rosta-volos-ssha-hairmax-regrowmd-272\/"]}]},{"@type":"ImageObject","inLanguage":"az","@id":"https:\/\/shops-usa.com\/product\/lazernaya-kepka-dlya-rosta-volos-ssha-hairmax-regrowmd-272\/#primaryimage","url":"https:\/\/shops-usa.com\/wp-content\/uploads\/2024\/12\/23-2.jpg","contentUrl":"https:\/\/shops-usa.com\/wp-content\/uploads\/2024\/12\/23-2.jpg","width":1500,"height":1500},{"@type":"BreadcrumbList","@id":"https:\/\/shops-usa.com\/product\/lazernaya-kepka-dlya-rosta-volos-ssha-hairmax-regrowmd-272\/#breadcrumb","itemListElement":[{"@type":"ListItem","position":1,"name":"Home","item":"https:\/\/shops-usa.com\/"},{"@type":"ListItem","position":2,"name":"\u041a\u0430\u0442\u0430\u043b\u043e\u0433","item":"https:\/\/shops-usa.com\/catalogue\/"},{"@type":"ListItem","position":3,"name":"\u041b\u0430\u0437\u0435\u0440\u043d\u0430\u044f \u043a\u0435\u043f\u043a\u0430 \u0434\u043b\u044f \u0440\u043e\u0441\u0442\u0430 \u0432\u043e\u043b\u043e\u0441 (\u0421\u0428\u0410) HairMax RegrowMD 272"}]},{"@type":"WebSite","@id":"https:\/\/shops-usa.com\/#website","url":"https:\/\/shops-usa.com\/","name":"ShopsUSA","description":"Quality products from USA","publisher":{"@id":"https:\/\/shops-usa.com\/#organization"},"potentialAction":[{"@type":"SearchAction","target":{"@type":"EntryPoint","urlTemplate":"https:\/\/shops-usa.com\/?s={search_term_string}"},"query-input":{"@type":"PropertyValueSpecification","valueRequired":true,"valueName":"search_term_string"}}],"inLanguage":"az"},{"@type":"Organization","@id":"https:\/\/shops-usa.com\/#organization","name":"SHOPS USA","alternateName":"SHOPS","url":"https:\/\/shops-usa.com\/","logo":{"@type":"ImageObject","inLanguage":"az","@id":"https:\/\/shops-usa.com\/#\/schema\/logo\/image\/","url":"https:\/\/shops-usa.com\/wp-content\/uploads\/2025\/12\/letter_final_white-1.png","contentUrl":"https:\/\/shops-usa.com\/wp-content\/uploads\/2025\/12\/letter_final_white-1.png","width":1711,"height":1949,"caption":"SHOPS USA"},"image":{"@id":"https:\/\/shops-usa.com\/#\/schema\/logo\/image\/"}}]}},"_links":{"self":[{"href":"https:\/\/shops-usa.com\/az\/wp-json\/wp\/v2\/product\/56","targetHints":{"allow":["GET"]}}],"collection":[{"href":"https:\/\/shops-usa.com\/az\/wp-json\/wp\/v2\/product"}],"about":[{"href":"https:\/\/shops-usa.com\/az\/wp-json\/wp\/v2\/types\/product"}],"replies":[{"embeddable":true,"href":"https:\/\/shops-usa.com\/az\/wp-json\/wp\/v2\/comments?post=56"}],"wp:featuredmedia":[{"embeddable":true,"href":"https:\/\/shops-usa.com\/az\/wp-json\/wp\/v2\/media\/783"}],"wp:attachment":[{"href":"https:\/\/shops-usa.com\/az\/wp-json\/wp\/v2\/media?parent=56"}],"wp:term":[{"taxonomy":"product_brand","embeddable":true,"href":"https:\/\/shops-usa.com\/az\/wp-json\/wp\/v2\/product_brand?post=56"},{"taxonomy":"product_cat","embeddable":true,"href":"https:\/\/shops-usa.com\/az\/wp-json\/wp\/v2\/product_cat?post=56"},{"taxonomy":"product_tag","embeddable":true,"href":"https:\/\/shops-usa.com\/az\/wp-json\/wp\/v2\/product_tag?post=56"}],"curies":[{"name":"wp","href":"https:\/\/api.w.org\/{rel}","templated":true}]}}